{"id":10894,"date":"2020-12-18T08:58:43","date_gmt":"2020-12-18T07:58:43","guid":{"rendered":"http:\/\/onlinelotto365.net\/?page_id=10894"},"modified":"2021-03-07T11:42:53","modified_gmt":"2021-03-07T10:42:53","slug":"euromillions","status":"publish","type":"page","link":"https:\/\/onlinelotto365.com\/sk\/kupit-listky\/euromillions\/","title":{"rendered":"EuroMillions je jedna z najv\u00e4\u010d\u0161\u00edch lot\u00e9ri\u00ed"},"content":{"rendered":"<p>EuroMillions lot\u00e9ria za\u010dala v roku 2004 ako spolo\u010dn\u00e1 lot\u00e9ria pre \u0161t\u00e1ty Franc\u00fazsko, \u0160panielsko, a Ve\u013ek\u00e1 Brit\u00e1nia. A za 10 rokov sa dopracovala k dohode medzi krajinami, tak\u017ee ke\u010f za\u010dala, bola ve\u013emi dobre zorganizovan\u00e1, tak ako aj na\u010falej zost\u00e1va.<\/p>\n<p>Pl\u00e1nom hr\u00e1\u010dom lot\u00e9rii t\u00fdchto troch kraj\u00edn bolo pon\u00faknu\u0165 mo\u017enos\u0165 hra\u0165 o omnoho vy\u0161\u0161ie jackpoty, ak\u00e9 boli dovtedy dostupn\u00e9. S obrovsk\u00fdmi jackpotmi prich\u00e1dzalo v\u00e4\u010d\u0161ie vzru\u0161enie a o\u010dak\u00e1vania enormn\u00e9ho jackpotu sa nap\u013a\u0148ali t\u00fd\u017ede\u0148 \u010do t\u00fd\u017ede\u0148. A to je to, \u010do sa naozaj udialo.<br \/>\n<a href=\"https:\/\/redfoxlotto.com\/play\/euromillions\/?ref=a8564250a2&amp;medium=ol365\" target=\"_blank\" rel=\"noopener noreferrer\"><img decoding=\"async\" class=\"aligncenter\" src=\"https:\/\/redfoxlotto.com\/image?size=8&amp;lottery=euromillions\" alt=\"euromillions\" \/><\/a><br \/>\nAko r\u00e1stol \u00faspech tejto lot\u00e9rie, za\u010dali sa prip\u00e1ja\u0165 \u010fal\u0161ie krajiny a dnes je u\u017e s\u00fa\u010das\u0165ou tejto lot\u00e9rie a\u017e dev\u00e4\u0165 r\u00f4znych kraj\u00edn sveta. Jackpoty s\u00fa v\u017edy jedny z najv\u00e4\u010d\u0161\u00edch, ktor\u00e9 s\u00fa pon\u00fakan\u00e9 na svete, za\u010d\u00ednaj\u00fac na 15 mili\u00f3nov Eur a st\u00e1le s rast\u00facou tendenciou.<\/p>\n<h2>Viac inform\u00e1ci\u00ed o EuroMillions<\/h2>\n<ul>\n<li>Krajina: r\u00f4zne Eur\u00f3pa<\/li>\n<li>Rozsah hlavn\u00fdch \u010d\u00edsel: 50<\/li>\n<li>Vyberiete: 5<\/li>\n<li>Rozsah \u010fal\u0161\u00edch \u010d\u00edsel: 12<\/li>\n<li>Vyberiete: 2<\/li>\n<li>Rem\u00edzy, hodiny: utorok, piatok, 19:30 GMT, 20:30 SE\u010c<\/li>\n<li>Minim\u00e1lny jackpot: 17 mili\u00f3nov EUR<\/li>\n<li>Maxim\u00e1lny jackpot: 190 mili\u00f3nov EUR<\/li>\n<li>Pravdepodobnos\u0165 v\u00fdhry jackpotu: 1 v roku 186450880<\/li>\n<li>Pravdepodobnos\u0165 v\u00fdhry 2. \u00farovne: 1 v 2118760<\/li>\n<li>Pravdepodobnos\u0165 v\u00fdhry v ktorejko\u013evek vrstve: 1 z 12,98<\/li>\n<li>Po\u010det \u00farovn\u00ed cien: 13<\/li>\n<\/ul>\n<p>Ak dosiahne jackpot v\u00fd\u0161ku 190 mili\u00f3nov Eur, n\u00e1sledne je obmedzen\u00fd a za\u010dn\u00fa sa navy\u0161ova\u0165 \u010fal\u0161ie ceny. Organiz\u00e1tori lot\u00e9rie pova\u017euj\u00fa max. v\u00fd\u0161ku jackpotu za dostato\u010dn\u00fa a vyzer\u00e1 to tak, \u017ee je to viac ako dostatok pe\u0148az\u00ed na uspokojenie kohoko\u013evek z n\u00e1s. Mysleli to tak, \u017ee u\u017e pri takej obrovskej v\u00fd\u0161ke jackpotu vytvorili dostato\u010dn\u00e9 vzru\u0161enie a teraz m\u00f4\u017eu urobi\u0165 to ist\u00e9 aj pre \u010fal\u0161ie ceny.<\/p>\n<h2>U\u017e nemus\u00edte \u017ei\u0165 v krajin\u00e1ch, kde s\u00fa najv\u00e4\u010d\u0161ie lot\u00e9rie, aby ste mohli hra\u0165<\/h2>\n<p>Odkedy lot\u00e9ria EuroMillions bola pon\u00fakan\u00e1 vo vybran\u00fdch deviatich krajin\u00e1ch Eur\u00f3py, mnoh\u00ed z n\u00e1s boli vynechan\u00ed z mo\u017enosti hra\u0165. V skuto\u010dnosti hranie tejto lot\u00e9rie sa v\u00f4bec nebralo do \u00favahy pre n\u00e1s ostatn\u00fdch, a\u017e doteraz.<\/p>\n<p>Dnes u\u017e d\u00f4vtip hr\u00e1\u010dov lot\u00e9ri\u00ed umo\u017enil, \u017ee fyzick\u00e9 bari\u00e9ry vo svete lot\u00e9ri\u00ed neexistuj\u00fa. V ur\u010ditom zmysle st\u00e1le v\u0161ak e\u0161te nejak\u00e9 pretrv\u00e1vaj\u00fa, \u017ereb pre lot\u00e9riu EuroMillions alebo in\u00e9 \u010fal\u0161ie svetov\u00e9 lot\u00e9rie si mus\u00edte fyzicky zak\u00fapi\u0165. Samozrejme nemus\u00edte chodi\u0165 dva-kr\u00e1t do t\u00fd\u017ed\u0148a nakupova\u0165 \u017ereby, \u010do ur\u010dite by st\u00e1lo nemal\u00fa \u010diastku \u010dasu a finan\u010dn\u00fdch prostriedkov.<\/p>\n<p>M\u00f4\u017eete si niekoho naja\u0165 v danej krajine, kde si chcete kupova\u0165 \u017ereby, ale to vy\u017eaduje \u010fal\u0161ie znalosti a \u00fasilie, \u010do v\u00e4\u010d\u0161inu \u013eud\u00ed odrad\u00ed. Tak\u017ee, ako si m\u00f4\u017eete k\u00fapi\u0165 \u017ereby do lot\u00e9rie EuroMillions?<\/p>\n<p>Odpove\u010f je jednoduch\u00e1, m\u00f4\u017eete si ich zak\u00fapi\u0165 online priamo z domu cez d\u00f4veryhodn\u00fa slu\u017ebu, ktor\u00e1 sa postar\u00e1 o v\u0161etko, \u010do potrebujete, vr\u00e1tane n\u00e1kupu \u017erebov na va\u0161e meno, zaslania k\u00f3pie \u017erebu na v\u00e1\u0161 email, uchovania \u017erebov pre va\u0161u bezpe\u010dnos\u0165, kontroly va\u0161ich \u010d\u00edsel a notifikovania v pr\u00edpade v\u00fdhry a samozrejme aj pomoci pri vyplaten\u00ed va\u0161ej ceny.<\/p>\n<p>T\u00e1to nov\u00e1 slu\u017eba sa vol\u00e1 RedFoxLotto a sen \u013eud\u00ed o nakupovan\u00ed \u017erebov do ich lot\u00e9ri\u00ed so v\u0161etk\u00fdmi vymo\u017eenos\u0165ami sa st\u00e1va realitou. Nem\u00e1te mo\u017enos\u0165 nakupova\u0165 pohodlne \u017ereby len z lot\u00e9rie EuroMillions, ale z\u00e1rove\u0148 si m\u00f4\u017eete zak\u00fapi\u0165 \u017ereby aj z \u010fal\u0161\u00edch svetovo popul\u00e1rnych \u017erebovac\u00edch lot\u00e9ri\u00ed.<\/p>\n<p><a href=\"https:\/\/redfoxlotto.com\/sk\/?ref=A8564250A2&amp;campaign=ol\" target=\"_blank\" rel=\"noopener\"><strong>Pre nav\u0161t\u00edvenie ich webstr\u00e1nky a zak\u00fapenie v\u00e1\u0161ho \u017erebu pre EuroMillions kliknite sem!<\/strong><\/a><\/p>\n<h2>Hern\u00fd pl\u00e1n pre EuroMillions Loto<\/h2>\n<p><img loading=\"lazy\" decoding=\"async\" class=\"alignright size-medium wp-image-3672\" src=\"https:\/\/onlinelotto365.com\/wp-content\/uploads\/2020\/11\/online_lottery-161-300x207.jpg\" alt=\"k\u00fapi\u0165 euromillions zo Slovenska\" width=\"300\" height=\"207\" srcset=\"https:\/\/onlinelotto365.com\/wp-content\/uploads\/2020\/11\/online_lottery-161-300x207.jpg 300w, https:\/\/onlinelotto365.com\/wp-content\/uploads\/2020\/11\/online_lottery-161.jpg 320w\" sizes=\"auto, (max-width: 300px) 100vw, 300px\" \/><\/p>\n<p>V ponuke tohto lota je 13 r\u00f4znych cien za\u010d\u00ednaj\u00fac pri uh\u00e1dnut\u00ed len 2 \u010d\u00edsel z hlavn\u00fdch 5 a\u017e po uh\u00e1dnutie 5 plus dvoch \u0161\u0165astn\u00fdch hviezdnych \u010d\u00edsel a vyhratie jackpotu. Navy\u0161e okrem obrovsk\u00e9ho jackpotu, EuroMillions takisto pon\u00faka jeho hr\u00e1\u010dom \u00fa\u017easn\u00fa \u0161ancu vyu\u017ei\u0165 r\u00f4zne formy vyplatenia v\u00fdhry, tak\u00e9 ak\u00e9 s\u00fa zn\u00e1me v in\u00fdch obrovsk\u00fdch lot\u00e9ri\u00e1ch.<\/p>\n<p>\u017drebuje sa dva-kr\u00e1t do t\u00fd\u017ed\u0148a, v utorok a piatok o 21:00 \u010dasov\u00e9ho p\u00e1sma Ve\u013ekej Brit\u00e1nie. RedFoxLotto zobrazuje na svojej webstr\u00e1nke odpo\u010d\u00edtavanie \u017erebovania pre t\u00fato lot\u00e9riu, ale aj pre in\u00e9 svetov\u00e9 lot\u00e9rie, tak\u017ee hr\u00e1\u010di v\u017edy vedia, ko\u013eko \u010dasu zost\u00e1va do \u010fal\u0161ieho \u017erebovania. Hr\u00e1\u010di vyber\u00fa 5 \u010d\u00edsel od 1 do 50 a 2 \u0161\u0165astn\u00e9 hviezdne \u010d\u00edsla od 1 do 11. Podobne ako pri lote, RedFoxLotto pon\u00faka hr\u00e1\u010dom navolenie \u010d\u00edsel samostatne alebo ponechania vo\u013eby \u010d\u00edsel n\u00e1hodne na po\u010d\u00edta\u010d.<\/p>\n<p>M\u00f4\u017eete si zak\u00fapi\u0165 \u013eubovo\u013en\u00e9 mno\u017estvo \u017erebov pre ak\u00e9ko\u013evek \u017erebovanie. N\u00e1sledne pre kontrolu va\u0161ich \u017erebov m\u00f4\u017eete nav\u0161t\u00edvi\u0165 webstr\u00e1nku RedFoxLotto alebo ak preferujete in\u00fd sp\u00f4sob, m\u00f4\u017eete si po\u010dka\u0165 na notifik\u00e1ciu o v\u00fdhre emailom od RedFoxLotto. V z\u00e1vislosti ko\u013eko vyhr\u00e1te, poradia a pom\u00f4\u017eu v\u00e1m pri vydvihnut\u00ed va\u0161ej v\u00fdhry.<\/p>\n<h2>Teraz, ke\u010f u\u017e o tom viete, tak m\u00e1te silu<\/h2>\n<p>U\u017e nie sme vyraden\u00ed z ve\u013ek\u00fdch lot\u00e9ri\u00ed ako s\u00fa EuroMillions len na z\u00e1klade toho, kde \u017eijeme. Teraz si m\u00f4\u017eeme zak\u00fapi\u0165 \u017ereb z akejko\u013evek svetovej lot\u00e9rie a nikto n\u00e1s nezastav\u00ed. Internet otvoril svet a v kone\u010dnom d\u00f4sledku roz\u0161\u00edril mo\u017enosti lot\u00e9ri\u00ed. Na\u0161e \u010dakanie je teraz na konci.<\/p>\n<p>Tak\u017ee s v\u00e4\u010d\u0161\u00edm vzru\u0161en\u00edm z lot\u00e9ri\u00ed, ktor\u00e9 je teraz jednoducho dostupn\u00e9, nie je \u017eiadny d\u00f4vod si zakazova\u0165 z\u00e1bavu, ktor\u00e1 je tu pre n\u00e1s.<\/p>\n","protected":false},"excerpt":{"rendered":"<p>EuroMillions lot\u00e9ria za\u010dala v roku 2004 ako spolo\u010dn\u00e1 lot\u00e9ria pre \u0161t\u00e1ty Franc\u00fazsko, \u0160panielsko, a Ve\u013ek\u00e1 Brit\u00e1nia. A za 10 rokov sa dopracovala k dohode medzi krajinami, tak\u017ee ke\u010f za\u010dala, bola ve\u013emi dobre zorganizovan\u00e1, tak ako aj na\u010falej zost\u00e1va. Pl\u00e1nom hr\u00e1\u010dom lot\u00e9rii t\u00fdchto troch kraj\u00edn bolo pon\u00faknu\u0165 mo\u017enos\u0165 hra\u0165 o omnoho vy\u0161\u0161ie jackpoty, ak\u00e9 boli dovtedy [&hellip;]<\/p>\n","protected":false},"author":1,"featured_media":0,"parent":5698,"menu_order":3,"comment_status":"closed","ping_status":"closed","template":"euromillions-info.php","meta":{"_et_pb_use_builder":"","_et_pb_old_content":"","_et_gb_content_width":"","exclude_from_search":false,"footnotes":""},"class_list":["post-10894","page","type-page","status-publish","hentry"],"yoast_head":"<!-- This site is optimized with the Yoast SEO plugin v23.4 - https:\/\/yoast.com\/wordpress\/plugins\/seo\/ -->\n<title>EuroMillions Loto Online | \u017dreby pre EuroMillions cez medzin\u00e1rodn\u00fa online slu\u017ebu<\/title>\n<meta name=\"description\" content=\"Fan\u00fa\u0161ikovia lot\u00e9rie z ktorejko\u013evek krajiny vr\u00e1tane Slovenska si teraz m\u00f4\u017eu k\u00fapi\u0165 l\u00edstky Euromillions tu\" \/>\n<meta name=\"robots\" content=\"index, follow, max-snippet:-1, max-image-preview:large, max-video-preview:-1\" \/>\n<link rel=\"canonical\" href=\"https:\/\/onlinelotto365.com\/sk\/kupit-listky\/euromillions\/\" \/>\n<meta property=\"og:locale\" content=\"sk_SK\" \/>\n<meta property=\"og:type\" content=\"article\" \/>\n<meta property=\"og:title\" content=\"EuroMillions Loto Online | \u017dreby pre EuroMillions cez medzin\u00e1rodn\u00fa online slu\u017ebu\" \/>\n<meta property=\"og:description\" content=\"Fan\u00fa\u0161ikovia lot\u00e9rie z ktorejko\u013evek krajiny vr\u00e1tane Slovenska si teraz m\u00f4\u017eu k\u00fapi\u0165 l\u00edstky Euromillions tu\" \/>\n<meta property=\"og:url\" content=\"https:\/\/onlinelotto365.com\/sk\/kupit-listky\/euromillions\/\" \/>\n<meta property=\"og:site_name\" content=\"OnlineLotto365\" \/>\n<meta property=\"article:modified_time\" content=\"2021-03-07T10:42:53+00:00\" \/>\n<meta property=\"og:image\" content=\"https:\/\/redfoxlotto.com\/image?size=8&amp;lottery=euromillions\" \/>\n<meta name=\"twitter:card\" content=\"summary_large_image\" \/>\n<meta name=\"twitter:label1\" content=\"Predpokladan\u00fd \u010das \u010d\u00edtania\" \/>\n\t<meta name=\"twitter:data1\" content=\"4 min\u00faty\" \/>\n<script type=\"application\/ld+json\" class=\"yoast-schema-graph\">{\"@context\":\"https:\/\/schema.org\",\"@graph\":[{\"@type\":\"WebPage\",\"@id\":\"https:\/\/onlinelotto365.com\/sk\/kupit-listky\/euromillions\/\",\"url\":\"https:\/\/onlinelotto365.com\/sk\/kupit-listky\/euromillions\/\",\"name\":\"EuroMillions Loto Online | \u017dreby pre EuroMillions cez medzin\u00e1rodn\u00fa online slu\u017ebu\",\"isPartOf\":{\"@id\":\"https:\/\/onlinelotto365.com\/sk\/#website\"},\"primaryImageOfPage\":{\"@id\":\"https:\/\/onlinelotto365.com\/sk\/kupit-listky\/euromillions\/#primaryimage\"},\"image\":{\"@id\":\"https:\/\/onlinelotto365.com\/sk\/kupit-listky\/euromillions\/#primaryimage\"},\"thumbnailUrl\":\"https:\/\/redfoxlotto.com\/image?size=8&amp;lottery=euromillions\",\"datePublished\":\"2020-12-18T07:58:43+00:00\",\"dateModified\":\"2021-03-07T10:42:53+00:00\",\"description\":\"Fan\u00fa\u0161ikovia lot\u00e9rie z ktorejko\u013evek krajiny vr\u00e1tane Slovenska si teraz m\u00f4\u017eu k\u00fapi\u0165 l\u00edstky Euromillions tu\",\"breadcrumb\":{\"@id\":\"https:\/\/onlinelotto365.com\/sk\/kupit-listky\/euromillions\/#breadcrumb\"},\"inLanguage\":\"sk-SK\",\"potentialAction\":[{\"@type\":\"ReadAction\",\"target\":[\"https:\/\/onlinelotto365.com\/sk\/kupit-listky\/euromillions\/\"]}]},{\"@type\":\"ImageObject\",\"inLanguage\":\"sk-SK\",\"@id\":\"https:\/\/onlinelotto365.com\/sk\/kupit-listky\/euromillions\/#primaryimage\",\"url\":\"https:\/\/redfoxlotto.com\/image?size=8&amp;lottery=euromillions\",\"contentUrl\":\"https:\/\/redfoxlotto.com\/image?size=8&amp;lottery=euromillions\"},{\"@type\":\"BreadcrumbList\",\"@id\":\"https:\/\/onlinelotto365.com\/sk\/kupit-listky\/euromillions\/#breadcrumb\",\"itemListElement\":[{\"@type\":\"ListItem\",\"position\":1,\"name\":\"Home\",\"item\":\"https:\/\/onlinelotto365.com\/sk\/\"},{\"@type\":\"ListItem\",\"position\":2,\"name\":\"Hranie svetov\u00e9ho lota\",\"item\":\"https:\/\/onlinelotto365.com\/sk\/kupit-listky\/\"},{\"@type\":\"ListItem\",\"position\":3,\"name\":\"EuroMillions je jedna z najv\u00e4\u010d\u0161\u00edch lot\u00e9ri\u00ed\"}]},{\"@type\":\"WebSite\",\"@id\":\"https:\/\/onlinelotto365.com\/sk\/#website\",\"url\":\"https:\/\/onlinelotto365.com\/sk\/\",\"name\":\"OnlineLotto365\",\"description\":\"\",\"potentialAction\":[{\"@type\":\"SearchAction\",\"target\":{\"@type\":\"EntryPoint\",\"urlTemplate\":\"https:\/\/onlinelotto365.com\/sk\/?s={search_term_string}\"},\"query-input\":{\"@type\":\"PropertyValueSpecification\",\"valueRequired\":true,\"valueName\":\"search_term_string\"}}],\"inLanguage\":\"sk-SK\"}]}<\/script>\n<!-- \/ Yoast SEO plugin. -->","yoast_head_json":{"title":"EuroMillions Loto Online | \u017dreby pre EuroMillions cez medzin\u00e1rodn\u00fa online slu\u017ebu","description":"Fan\u00fa\u0161ikovia lot\u00e9rie z ktorejko\u013evek krajiny vr\u00e1tane Slovenska si teraz m\u00f4\u017eu k\u00fapi\u0165 l\u00edstky Euromillions tu","robots":{"index":"index","follow":"follow","max-snippet":"max-snippet:-1","max-image-preview":"max-image-preview:large","max-video-preview":"max-video-preview:-1"},"canonical":"https:\/\/onlinelotto365.com\/sk\/kupit-listky\/euromillions\/","og_locale":"sk_SK","og_type":"article","og_title":"EuroMillions Loto Online | \u017dreby pre EuroMillions cez medzin\u00e1rodn\u00fa online slu\u017ebu","og_description":"Fan\u00fa\u0161ikovia lot\u00e9rie z ktorejko\u013evek krajiny vr\u00e1tane Slovenska si teraz m\u00f4\u017eu k\u00fapi\u0165 l\u00edstky Euromillions tu","og_url":"https:\/\/onlinelotto365.com\/sk\/kupit-listky\/euromillions\/","og_site_name":"OnlineLotto365","article_modified_time":"2021-03-07T10:42:53+00:00","og_image":[{"url":"https:\/\/redfoxlotto.com\/image?size=8&amp;lottery=euromillions"}],"twitter_card":"summary_large_image","twitter_misc":{"Predpokladan\u00fd \u010das \u010d\u00edtania":"4 min\u00faty"},"schema":{"@context":"https:\/\/schema.org","@graph":[{"@type":"WebPage","@id":"https:\/\/onlinelotto365.com\/sk\/kupit-listky\/euromillions\/","url":"https:\/\/onlinelotto365.com\/sk\/kupit-listky\/euromillions\/","name":"EuroMillions Loto Online | \u017dreby pre EuroMillions cez medzin\u00e1rodn\u00fa online slu\u017ebu","isPartOf":{"@id":"https:\/\/onlinelotto365.com\/sk\/#website"},"primaryImageOfPage":{"@id":"https:\/\/onlinelotto365.com\/sk\/kupit-listky\/euromillions\/#primaryimage"},"image":{"@id":"https:\/\/onlinelotto365.com\/sk\/kupit-listky\/euromillions\/#primaryimage"},"thumbnailUrl":"https:\/\/redfoxlotto.com\/image?size=8&amp;lottery=euromillions","datePublished":"2020-12-18T07:58:43+00:00","dateModified":"2021-03-07T10:42:53+00:00","description":"Fan\u00fa\u0161ikovia lot\u00e9rie z ktorejko\u013evek krajiny vr\u00e1tane Slovenska si teraz m\u00f4\u017eu k\u00fapi\u0165 l\u00edstky Euromillions tu","breadcrumb":{"@id":"https:\/\/onlinelotto365.com\/sk\/kupit-listky\/euromillions\/#breadcrumb"},"inLanguage":"sk-SK","potentialAction":[{"@type":"ReadAction","target":["https:\/\/onlinelotto365.com\/sk\/kupit-listky\/euromillions\/"]}]},{"@type":"ImageObject","inLanguage":"sk-SK","@id":"https:\/\/onlinelotto365.com\/sk\/kupit-listky\/euromillions\/#primaryimage","url":"https:\/\/redfoxlotto.com\/image?size=8&amp;lottery=euromillions","contentUrl":"https:\/\/redfoxlotto.com\/image?size=8&amp;lottery=euromillions"},{"@type":"BreadcrumbList","@id":"https:\/\/onlinelotto365.com\/sk\/kupit-listky\/euromillions\/#breadcrumb","itemListElement":[{"@type":"ListItem","position":1,"name":"Home","item":"https:\/\/onlinelotto365.com\/sk\/"},{"@type":"ListItem","position":2,"name":"Hranie svetov\u00e9ho lota","item":"https:\/\/onlinelotto365.com\/sk\/kupit-listky\/"},{"@type":"ListItem","position":3,"name":"EuroMillions je jedna z najv\u00e4\u010d\u0161\u00edch lot\u00e9ri\u00ed"}]},{"@type":"WebSite","@id":"https:\/\/onlinelotto365.com\/sk\/#website","url":"https:\/\/onlinelotto365.com\/sk\/","name":"OnlineLotto365","description":"","potentialAction":[{"@type":"SearchAction","target":{"@type":"EntryPoint","urlTemplate":"https:\/\/onlinelotto365.com\/sk\/?s={search_term_string}"},"query-input":{"@type":"PropertyValueSpecification","valueRequired":true,"valueName":"search_term_string"}}],"inLanguage":"sk-SK"}]}},"_links":{"self":[{"href":"https:\/\/onlinelotto365.com\/sk\/wp-json\/wp\/v2\/pages\/10894","targetHints":{"allow":["GET"]}}],"collection":[{"href":"https:\/\/onlinelotto365.com\/sk\/wp-json\/wp\/v2\/pages"}],"about":[{"href":"https:\/\/onlinelotto365.com\/sk\/wp-json\/wp\/v2\/types\/page"}],"author":[{"embeddable":true,"href":"https:\/\/onlinelotto365.com\/sk\/wp-json\/wp\/v2\/users\/1"}],"replies":[{"embeddable":true,"href":"https:\/\/onlinelotto365.com\/sk\/wp-json\/wp\/v2\/comments?post=10894"}],"version-history":[{"count":0,"href":"https:\/\/onlinelotto365.com\/sk\/wp-json\/wp\/v2\/pages\/10894\/revisions"}],"up":[{"embeddable":true,"href":"https:\/\/onlinelotto365.com\/sk\/wp-json\/wp\/v2\/pages\/5698"}],"wp:attachment":[{"href":"https:\/\/onlinelotto365.com\/sk\/wp-json\/wp\/v2\/media?parent=10894"}],"curies":[{"name":"wp","href":"https:\/\/api.w.org\/{rel}","templated":true}]}}