{"id":4502,"date":"2020-11-30T12:01:11","date_gmt":"2020-11-30T11:01:11","guid":{"rendered":"http:\/\/onlinelotto365.net\/vitajte-na-onlinelotto365"},"modified":"2023-10-04T09:19:18","modified_gmt":"2023-10-04T08:19:18","slug":"home","status":"publish","type":"page","link":"https:\/\/onlinelotto365.com\/sk\/","title":{"rendered":"Vitajte v OnlineLotto365!"},"content":{"rendered":"<p>A\u017e doned\u00e1vna sme sa my, fan\u00fa\u0161ikovia lot\u00e9rie, obmedzovali na hranie lot\u00e9rie len v na\u0161ej krajine alebo oblasti. Po\u010duli sme o t\u00fdchto ve\u013ek\u00fdch vzru\u0161uj\u00facich jackpotoch, v ponuke boli desiatky alebo dokonca stovky mili\u00f3nov dol\u00e1rov alebo eur alebo ich ekvivalent, a priali sme si, aby sme \u017eili v oblasti, kde by sme si mohli k\u00fapi\u0165 tikety do t\u00fdchto lot\u00e9ri\u00ed.<\/p>\n<p>Viem, \u017ee ste si priali, aby ste sa do tejto skvelej akcie mohli pusti\u0165 tie\u017e. Ani ste nemohli hra\u0165, nie \u017ee e\u0161te nie\u010do vyhra\u0165.<br \/>\n<a href=\"https:\/\/redfoxlotto.com\/?ref=a8564250a2&amp;medium=ol365\" target=\"_blank\" rel=\"noopener noreferrer\"><img loading=\"lazy\" decoding=\"async\" class=\"aligncenter\" src=\"https:\/\/redfoxlotto.com\/image?size=8&amp;lottery=mega-millions\" alt=\"Mega Millions\" width=\"728\" height=\"90\" \/><\/a><br \/>\nTo sa teraz v\u0161etko men\u00ed. Teraz, prostredn\u00edctvom na\u0161ej novej online lot\u00e9riovej slu\u017eby, nie je absol\u00fatne \u017eiadny rozdiel, \u010di \u017eijete v krajine, kde sa dan\u00e1 lot\u00e9ria kon\u00e1.<\/p>\n<h2>Teraz si m\u00f4\u017eete k\u00fapi\u0165 tikety online<\/h2>\n<p>U\u017e to nie s\u00fa tie star\u00e9 \u010dasy&#8230; ako vieme, internet otvoril cel\u00fd svet, kde je teraz \u010doko\u013evek dispoz\u00edcii online. Pre\u010do teda nem\u00e1me pr\u00edstup ku ka\u017edej lot\u00e9rii a jackpotu? Je to my\u0161lienka, ktorej \u010das u\u017e rozhodne pri\u0161iel, a \u010dakanie je teraz u konca.<\/p>\n<p>K tomuto v\u0161etk\u00e9mu sme u\u013eah\u010dili online pr\u00edstup, ako to len \u0161lo. Jedin\u00e9, \u010do mus\u00edte urobi\u0165, je klikn\u00fa\u0165 na niektor\u00fa z lot\u00e9ri\u00ed, aby ste z\u00edskali okam\u017eit\u00fd pr\u00edstup k mnoh\u00fdm ve\u013ek\u00fdm jackpotom. Potom u\u017e len mus\u00edte postupova\u0165 pod\u013ea jednoduch\u00fdch pokynov, vybra\u0165 si \u010d\u00edsla a zak\u00fapi\u0165 si tiket.<\/p>\n<h2>Bezpe\u010dn\u00e9 platby za online lot\u00e9riu<\/h2>\n<p>T\u00e1to skvel\u00e1 nov\u00e1 slu\u017eba poskytuje viacero pohodln\u00fdch mo\u017enost\u00ed online platieb prostredn\u00edctvom najmodernej\u0161ieho a 100% zabezpe\u010den\u00e9ho platobn\u00e9ho procesu. Akon\u00e1hle si zak\u00fapite svoje tikety, bude v\u00e1m e-mailom zaslan\u00e9 potvrdenie a svoj tiket uvid\u00edte vo svojom z\u00e1kazn\u00edckom \u00fa\u010dte. Poskytneme v\u00e1m tie\u017e bezplatn\u00fa pomoc pri vyzdvihovan\u00ed va\u0161ich v\u00fdhier \u2013 \u010do budete potrebova\u0165, preto\u017ee ne\u017eijete v krajine, kde sa lot\u00e9ria kon\u00e1. Nie je potrebn\u00e9, aby ste sa o \u010doko\u013evek starali, preto\u017ee my pre na\u0161ich klientov zariadime v\u0161etko.<\/p>\n<h2>\u010c\u00edm vy\u0161\u0161\u00ed je jackpot, t\u00fdm v\u00e4\u010d\u0161ia je va\u0161a \u0161anca<\/h2>\n<p><img loading=\"lazy\" decoding=\"async\" class=\" wp-image-1840 alignright\" src=\"https:\/\/onlinelotto365.com\/wp-content\/uploads\/2023\/10\/online_lottery-164-300x250-1.jpg\" alt=\"online lot\u00e9riov\u00e1 slu\u017eba\" width=\"250\" height=\"200\" \/><br \/>\nNie je \u017eiadnym tajomstvom, \u017ee hodnota hrania lot\u00e9rie st\u00fapa, ke\u010f rast\u00fa jackpoty. Tak\u017ee, ak \u010dak\u00e1te, a\u017e sa lot\u00e9rie vo va\u0161ej krajine rozh\u00fape, budete v\u00e4\u010d\u0161inou \u010daka\u0165 dlho. Iste, hra\u0165 o mal\u00e9 jackpoty je st\u00e1le ve\u013ea z\u00e1bavy, ale nie je ni\u010d ako hra\u0165 tie ve\u013ek\u00e9 online lot\u00e9rie. Nie je len ove\u013ea z\u00e1bavnej\u0161ie predstavova\u0165 si, \u017ee sme vyhrali jednu z t\u00fdch obrovsk\u00fdch cien, o ktor\u00fdch vieme, \u017ee sa s nimi ostatn\u00ed tr\u00e1pia, ale aj \u0161ance s\u00fa ove\u013ea viac v n\u00e1\u0161 prospech.<\/p>\n<p>Teraz budete ma\u0165 pr\u00edstup ku v\u0161etk\u00fdm t\u00fdm ve\u013ek\u00fdm, vr\u00e1tane americk\u00fdch Powerball a Mega Millions, \u0161panielskeho El Gordo, talianskeho Superenalotto, EuroMillions, Eurojackpot, britskej lot\u00e9rie, r\u00f4znych austr\u00e1lskych lot\u00e9ri\u00ed a ove\u013ea viac.<\/p>\n<p>Aj ke\u010f ste len pr\u00edle\u017eitostn\u00fdm fan\u00fa\u0161ikom lot\u00e9rie, pre\u010do by ste sa obmedzovali iba na tie, na ktor\u00e9 si m\u00f4\u017eete k\u00fapi\u0165 tiket v st\u00e1nku, ke\u010f si m\u00f4\u017eete prostredn\u00edctvom tejto skvelej online slu\u017eby roz\u0161\u00edri\u0165 svoje obzory tak, aby zah\u0155\u0148ali cel\u00fd svet? To v\u0161etko n\u00e1m poskytuj\u00fa za poplatok, ale z va\u0161ej v\u00fdhry nebud\u00fa ni\u010d od\u010d\u00edta\u0165.<\/p>\n<h2>Najv\u00e4\u010d\u0161ie v\u00fdhry v hist\u00f3rii<\/h2>\n<p>Tu je zoznam najv\u00e4\u010d\u0161\u00edch jackpotov vyhrat\u00fdch za posledn\u00fdch nieko\u013eko rokov. Nie je \u017eiadnym prekvapen\u00edm, \u017ee sa v\u0161etky odohrali v USA. Ve\u013ek\u00e9 americk\u00e9 lot\u00e9rie ako Powerball a Mega Millions pravidelne generuj\u00fa obrovsk\u00e9 v\u00fdhry. Nie je teda \u017eiadnym prekvapen\u00edm, \u017ee v\u00e4\u010d\u0161ina online n\u00e1kupov sa t\u00fdka tiketov do Powerball a Mega Millions.<\/p>\n<ul>\n<li>1568 mili\u00f3nov dol\u00e1rov \u2013 jackpot Powerball zo 13. janu\u00e1ra 2016. Tento jackpot bol rozdelen\u00fd medzi 3 v\u00fdhercov.<\/li>\n<li>1537 mili\u00f3nov dol\u00e1rov \u2013 jackpot lot\u00e9rie Mega Millions z 23. okt\u00f3bra 2018. Vyhral ho jedin\u00fd v\u00fdherca.<\/li>\n<li>1 000 mili\u00f3nov dol\u00e1rov \u2013 jackpot lot\u00e9rie Mega Millions z 22. janu\u00e1ra 2021. Vyhral ho jedin\u00fd v\u00fdherca.<\/li>\n<li>768 mili\u00f3nov dol\u00e1rov \u2013 vyhran\u00e9 v lot\u00e9rii Powerball 27. marca 2019.<\/li>\n<li>758 mili\u00f3nov dol\u00e1rov \u2013 vyhral v lot\u00e9rii Powerball jedin\u00fd v\u00fdherca v auguste 2017.<\/li>\n<li>730 mili\u00f3nov dol\u00e1rov \u2013 vyhral v lot\u00e9rii Powerball jedin\u00fd v\u00fdherca 20. janu\u00e1ra 2021.<\/li>\n<li>687 mili\u00f3nov dol\u00e1rov \u2013 boli zdie\u013ean\u00e9 dvoma v\u00fdhercami z lot\u00e9rie Powerball 27. okt\u00f3bra 2018.<\/li>\n<li>656 mili\u00f3nov dol\u00e1rov \u2013 jackpot z lot\u00e9rie Mega Millions rozdelen\u00fd medzi troch v\u00fdhercov v marci 2016.<\/li>\n<\/ul>\n<p>Teraz m\u00e1te v jednej z t\u00fdchto lot\u00e9ri\u00ed \u0161ancu vyhra\u0165 ve\u013ek\u00fa sumu. Pripravte sa na to, \u017ee budete vystaven\u00ed tomu najlep\u0161iemu, \u010do svet pon\u00faka \u2013 a \u010do je e\u0161te d\u00f4le\u017eitej\u0161ie, v\u00fdrazne zv\u00fd\u0161ite svoje \u0161ance na zbohatnutie online!<\/p>\n<h2>V\u00fdvoj lot\u00e9ri\u00ed<\/h2>\n<p><img loading=\"lazy\" decoding=\"async\" class=\" wp-image-1840 alignright\" src=\"https:\/\/onlinelotto365.com\/wp-content\/uploads\/2021\/02\/international-lottery.jpg\" alt=\"medzin\u00e1rodn\u00e9 lot\u00e9rie\" width=\"250\" height=\"200\" \/><br \/>\nHistoricky prv\u00e1 lot\u00e9ria sa konala zrejme v \u010c\u00edne. U\u017e vtedy tieto lot\u00e9rie v\u00e4\u010d\u0161inou sl\u00fa\u017eili na financovanie verejn\u00fdch projektov. Dokonca jedn\u00fdm z t\u00fdchto projektov mohol by\u0165 aj Ve\u013ek\u00fd \u010d\u00ednsky m\u00far. V priebehu storo\u010d\u00ed boli lot\u00e9rie v\u00e4\u010d\u0161inou prev\u00e1dzkovan\u00e9 \u0161t\u00e1tmi a vl\u00e1dami za \u00fa\u010delom z\u00edskavania pe\u0148az\u00ed.<\/p>\n<h2>Lot\u00e9rie v modernej dobe<\/h2>\n<p>Vzh\u013eadom k tomu, \u017ee internet ve\u013ea vec\u00ed u\u013eah\u010dil, v\u00e4\u010d\u0161ina n\u00e1rodn\u00fdch lot\u00e9ri\u00ed za\u010dala pon\u00faka\u0165 mo\u017enos\u0165 k\u00fapi\u0165 si tikety online. N\u00e1kup online tiketov do lot\u00e9ri\u00ed prostredn\u00edctvom webov\u00fdch str\u00e1nok n\u00e1rodn\u00fdch lot\u00e9ri\u00ed bol ale obmedzen\u00fd na hr\u00e1\u010da z danej krajiny. Toto obmedzenie bolo teraz odstr\u00e1nen\u00e9 \u010fal\u0161\u00edm krokom vo v\u00fdvoji lot\u00e9ri\u00ed.<\/p>\n<h2>Viac mo\u017enost\u00ed v\u00e1m poskytn\u00fa lep\u0161ie \u0161ance<\/h2>\n<p>My\u0161lienka online slu\u017eby, ako je t\u00e1 na\u0161a, ktor\u00e1 umo\u017e\u0148uje fan\u00fa\u0161ikom lot\u00e9ri\u00ed z\u00fa\u010dastni\u0165 sa lot\u00e9ri\u00ed z in\u00fdch jurisdikci\u00ed, bola \u010fal\u0161\u00edm logick\u00fdm krokom vo v\u00fdvoji. Hr\u00e1\u010di si teraz m\u00f4\u017eu vybera\u0165 z ve\u013ek\u00e9ho radu lot\u00e9ri\u00ed. Zameran\u00edm na aktu\u00e1lne najvy\u0161\u0161\u00ed jackpot m\u00f4\u017eu v\u00fdrazne zlep\u0161i\u0165 svoje v\u00fdhern\u00e9 o\u010dak\u00e1vania. U lot\u00e9ri\u00ed, ako s\u00fa Mega Millions, Powerball a EuroMillions, neust\u00e1le rastie percento n\u00e1kupov online tiketov hr\u00e1\u010dmi z cel\u00e9ho sveta.<\/p>\n","protected":false},"excerpt":{"rendered":"<p>A\u017e doned\u00e1vna sme sa my, fan\u00fa\u0161ikovia lot\u00e9rie, obmedzovali na hranie lot\u00e9rie len v na\u0161ej krajine alebo oblasti. Po\u010duli sme o t\u00fdchto ve\u013ek\u00fdch vzru\u0161uj\u00facich jackpotoch, v ponuke boli desiatky alebo dokonca stovky mili\u00f3nov dol\u00e1rov alebo eur alebo ich ekvivalent, a priali sme si, aby sme \u017eili v oblasti, kde by sme si mohli k\u00fapi\u0165 tikety do [&hellip;]<\/p>\n","protected":false},"author":1,"featured_media":0,"parent":0,"menu_order":1,"comment_status":"closed","ping_status":"closed","template":"lotto.php","meta":{"_et_pb_use_builder":"","_et_pb_old_content":"","_et_gb_content_width":"","exclude_from_search":false,"footnotes":""},"class_list":["post-4502","page","type-page","status-publish","hentry"],"yoast_head":"<!-- This site is optimized with the Yoast SEO plugin v23.4 - https:\/\/yoast.com\/wordpress\/plugins\/seo\/ -->\n<title>Online lot\u00e9ria | V\u0161etky lot\u00e9riov\u00e9 jackpoty sveta dostupn\u00e9 online<\/title>\n<meta name=\"description\" content=\"Online loterijn\u00e1 slu\u017eba Lotto o ak\u00fdko\u013evek medzin\u00e1rodn\u00fd jackpot. Z\u00edskajte l\u00edstky do ktorejko\u013evek lot\u00e9rie sveta bez oh\u013eadu na to, kde \u017eijete\" \/>\n<meta name=\"robots\" content=\"index, follow, max-snippet:-1, max-image-preview:large, max-video-preview:-1\" \/>\n<link rel=\"canonical\" href=\"https:\/\/onlinelotto365.com\/sk\/\" \/>\n<meta property=\"og:locale\" content=\"sk_SK\" \/>\n<meta property=\"og:type\" content=\"article\" \/>\n<meta property=\"og:title\" content=\"Online lot\u00e9ria | V\u0161etky lot\u00e9riov\u00e9 jackpoty sveta dostupn\u00e9 online\" \/>\n<meta property=\"og:description\" content=\"Online loterijn\u00e1 slu\u017eba Lotto o ak\u00fdko\u013evek medzin\u00e1rodn\u00fd jackpot. Z\u00edskajte l\u00edstky do ktorejko\u013evek lot\u00e9rie sveta bez oh\u013eadu na to, kde \u017eijete\" \/>\n<meta property=\"og:url\" content=\"https:\/\/onlinelotto365.com\/sk\/\" \/>\n<meta property=\"og:site_name\" content=\"OnlineLotto365\" \/>\n<meta property=\"article:modified_time\" content=\"2023-10-04T08:19:18+00:00\" \/>\n<meta property=\"og:image\" content=\"https:\/\/redfoxlotto.com\/image?size=8&amp;lottery=mega-millions\" \/>\n<meta name=\"twitter:card\" content=\"summary_large_image\" \/>\n<meta name=\"twitter:label1\" content=\"Predpokladan\u00fd \u010das \u010d\u00edtania\" \/>\n\t<meta name=\"twitter:data1\" content=\"5 min\u00fat\" \/>\n<script type=\"application\/ld+json\" class=\"yoast-schema-graph\">{\"@context\":\"https:\/\/schema.org\",\"@graph\":[{\"@type\":\"WebPage\",\"@id\":\"https:\/\/onlinelotto365.com\/sk\/\",\"url\":\"https:\/\/onlinelotto365.com\/sk\/\",\"name\":\"Online lot\u00e9ria | V\u0161etky lot\u00e9riov\u00e9 jackpoty sveta dostupn\u00e9 online\",\"isPartOf\":{\"@id\":\"https:\/\/onlinelotto365.com\/sk\/#website\"},\"primaryImageOfPage\":{\"@id\":\"https:\/\/onlinelotto365.com\/sk\/#primaryimage\"},\"image\":{\"@id\":\"https:\/\/onlinelotto365.com\/sk\/#primaryimage\"},\"thumbnailUrl\":\"https:\/\/redfoxlotto.com\/image?size=8&amp;lottery=mega-millions\",\"datePublished\":\"2020-11-30T11:01:11+00:00\",\"dateModified\":\"2023-10-04T08:19:18+00:00\",\"description\":\"Online loterijn\u00e1 slu\u017eba Lotto o ak\u00fdko\u013evek medzin\u00e1rodn\u00fd jackpot. Z\u00edskajte l\u00edstky do ktorejko\u013evek lot\u00e9rie sveta bez oh\u013eadu na to, kde \u017eijete\",\"breadcrumb\":{\"@id\":\"https:\/\/onlinelotto365.com\/sk\/#breadcrumb\"},\"inLanguage\":\"sk-SK\",\"potentialAction\":[{\"@type\":\"ReadAction\",\"target\":[\"https:\/\/onlinelotto365.com\/sk\/\"]}]},{\"@type\":\"ImageObject\",\"inLanguage\":\"sk-SK\",\"@id\":\"https:\/\/onlinelotto365.com\/sk\/#primaryimage\",\"url\":\"https:\/\/redfoxlotto.com\/image?size=8&amp;lottery=mega-millions\",\"contentUrl\":\"https:\/\/redfoxlotto.com\/image?size=8&amp;lottery=mega-millions\"},{\"@type\":\"BreadcrumbList\",\"@id\":\"https:\/\/onlinelotto365.com\/sk\/#breadcrumb\",\"itemListElement\":[{\"@type\":\"ListItem\",\"position\":1,\"name\":\"Home\",\"item\":\"https:\/\/onlinelotto365.com\/sk\/\"},{\"@type\":\"ListItem\",\"position\":2,\"name\":\"Vitajte v OnlineLotto365!\"}]},{\"@type\":\"WebSite\",\"@id\":\"https:\/\/onlinelotto365.com\/sk\/#website\",\"url\":\"https:\/\/onlinelotto365.com\/sk\/\",\"name\":\"OnlineLotto365\",\"description\":\"\",\"potentialAction\":[{\"@type\":\"SearchAction\",\"target\":{\"@type\":\"EntryPoint\",\"urlTemplate\":\"https:\/\/onlinelotto365.com\/sk\/?s={search_term_string}\"},\"query-input\":{\"@type\":\"PropertyValueSpecification\",\"valueRequired\":true,\"valueName\":\"search_term_string\"}}],\"inLanguage\":\"sk-SK\"}]}<\/script>\n<!-- \/ Yoast SEO plugin. -->","yoast_head_json":{"title":"Online lot\u00e9ria | V\u0161etky lot\u00e9riov\u00e9 jackpoty sveta dostupn\u00e9 online","description":"Online loterijn\u00e1 slu\u017eba Lotto o ak\u00fdko\u013evek medzin\u00e1rodn\u00fd jackpot. Z\u00edskajte l\u00edstky do ktorejko\u013evek lot\u00e9rie sveta bez oh\u013eadu na to, kde \u017eijete","robots":{"index":"index","follow":"follow","max-snippet":"max-snippet:-1","max-image-preview":"max-image-preview:large","max-video-preview":"max-video-preview:-1"},"canonical":"https:\/\/onlinelotto365.com\/sk\/","og_locale":"sk_SK","og_type":"article","og_title":"Online lot\u00e9ria | V\u0161etky lot\u00e9riov\u00e9 jackpoty sveta dostupn\u00e9 online","og_description":"Online loterijn\u00e1 slu\u017eba Lotto o ak\u00fdko\u013evek medzin\u00e1rodn\u00fd jackpot. Z\u00edskajte l\u00edstky do ktorejko\u013evek lot\u00e9rie sveta bez oh\u013eadu na to, kde \u017eijete","og_url":"https:\/\/onlinelotto365.com\/sk\/","og_site_name":"OnlineLotto365","article_modified_time":"2023-10-04T08:19:18+00:00","og_image":[{"url":"https:\/\/redfoxlotto.com\/image?size=8&amp;lottery=mega-millions"}],"twitter_card":"summary_large_image","twitter_misc":{"Predpokladan\u00fd \u010das \u010d\u00edtania":"5 min\u00fat"},"schema":{"@context":"https:\/\/schema.org","@graph":[{"@type":"WebPage","@id":"https:\/\/onlinelotto365.com\/sk\/","url":"https:\/\/onlinelotto365.com\/sk\/","name":"Online lot\u00e9ria | V\u0161etky lot\u00e9riov\u00e9 jackpoty sveta dostupn\u00e9 online","isPartOf":{"@id":"https:\/\/onlinelotto365.com\/sk\/#website"},"primaryImageOfPage":{"@id":"https:\/\/onlinelotto365.com\/sk\/#primaryimage"},"image":{"@id":"https:\/\/onlinelotto365.com\/sk\/#primaryimage"},"thumbnailUrl":"https:\/\/redfoxlotto.com\/image?size=8&amp;lottery=mega-millions","datePublished":"2020-11-30T11:01:11+00:00","dateModified":"2023-10-04T08:19:18+00:00","description":"Online loterijn\u00e1 slu\u017eba Lotto o ak\u00fdko\u013evek medzin\u00e1rodn\u00fd jackpot. Z\u00edskajte l\u00edstky do ktorejko\u013evek lot\u00e9rie sveta bez oh\u013eadu na to, kde \u017eijete","breadcrumb":{"@id":"https:\/\/onlinelotto365.com\/sk\/#breadcrumb"},"inLanguage":"sk-SK","potentialAction":[{"@type":"ReadAction","target":["https:\/\/onlinelotto365.com\/sk\/"]}]},{"@type":"ImageObject","inLanguage":"sk-SK","@id":"https:\/\/onlinelotto365.com\/sk\/#primaryimage","url":"https:\/\/redfoxlotto.com\/image?size=8&amp;lottery=mega-millions","contentUrl":"https:\/\/redfoxlotto.com\/image?size=8&amp;lottery=mega-millions"},{"@type":"BreadcrumbList","@id":"https:\/\/onlinelotto365.com\/sk\/#breadcrumb","itemListElement":[{"@type":"ListItem","position":1,"name":"Home","item":"https:\/\/onlinelotto365.com\/sk\/"},{"@type":"ListItem","position":2,"name":"Vitajte v OnlineLotto365!"}]},{"@type":"WebSite","@id":"https:\/\/onlinelotto365.com\/sk\/#website","url":"https:\/\/onlinelotto365.com\/sk\/","name":"OnlineLotto365","description":"","potentialAction":[{"@type":"SearchAction","target":{"@type":"EntryPoint","urlTemplate":"https:\/\/onlinelotto365.com\/sk\/?s={search_term_string}"},"query-input":{"@type":"PropertyValueSpecification","valueRequired":true,"valueName":"search_term_string"}}],"inLanguage":"sk-SK"}]}},"_links":{"self":[{"href":"https:\/\/onlinelotto365.com\/sk\/wp-json\/wp\/v2\/pages\/4502","targetHints":{"allow":["GET"]}}],"collection":[{"href":"https:\/\/onlinelotto365.com\/sk\/wp-json\/wp\/v2\/pages"}],"about":[{"href":"https:\/\/onlinelotto365.com\/sk\/wp-json\/wp\/v2\/types\/page"}],"author":[{"embeddable":true,"href":"https:\/\/onlinelotto365.com\/sk\/wp-json\/wp\/v2\/users\/1"}],"replies":[{"embeddable":true,"href":"https:\/\/onlinelotto365.com\/sk\/wp-json\/wp\/v2\/comments?post=4502"}],"version-history":[{"count":0,"href":"https:\/\/onlinelotto365.com\/sk\/wp-json\/wp\/v2\/pages\/4502\/revisions"}],"wp:attachment":[{"href":"https:\/\/onlinelotto365.com\/sk\/wp-json\/wp\/v2\/media?parent=4502"}],"curies":[{"name":"wp","href":"https:\/\/api.w.org\/{rel}","templated":true}]}}