{"id":5034,"date":"2020-12-03T09:54:06","date_gmt":"2020-12-03T08:54:06","guid":{"rendered":"http:\/\/onlinelotto365.net\/?page_id=5034"},"modified":"2022-11-08T12:01:18","modified_gmt":"2022-11-08T11:01:18","slug":"hrat","status":"publish","type":"page","link":"https:\/\/onlinelotto365.com\/sk\/hrat\/","title":{"rendered":"V\u0161etko, \u010do mus\u00edte vedie\u0165 o svojich mo\u017enostiach hra\u0165 najlep\u0161ie lot\u00e9rie online"},"content":{"rendered":"<p>Chcete za\u010da\u0165 hra\u0165 lot\u00e9riu? Ak \u00e1no, ur\u010dite si budete chcie\u0165 pozrie\u0165 mo\u017enosti online. V\u0161etky ve\u013ek\u00e9 lotto hry, takmer z cel\u00e9ho sveta, si m\u00f4\u017eete zahra\u0165 online. Mus\u00edte len vedie\u0165, kde h\u013eada\u0165 a ako za\u010da\u0165. Na\u0161\u0165astie pre v\u00e1s je to v skuto\u010dnosti ve\u013emi jednoduch\u00e9. Sta\u010d\u00ed, ak si na\u0161u webov\u00fa str\u00e1nku zalo\u017e\u00edte a budete sa vraca\u0165 k aktualizovan\u00fdm inform\u00e1ci\u00e1m. N\u00e1jdete tu ve\u013ea mo\u017enost\u00ed, ako hra\u0165 ka\u017ed\u00fa z lot\u00e9riov\u00fdch hier, ktor\u00e9 vid\u00edte, z ktorejko\u013evek z uveden\u00fdch kraj\u00edn.<\/p>\n<p>Na online mo\u017enostiach je skvel\u00e9 to, \u017ee v\u00e1m umo\u017e\u0148uj\u00fa hra\u0165 hry, ktor\u00e9 sa nach\u00e1dzaj\u00fa po celom svete. U\u017e nebudete obmedzen\u00ed len na hry, ktor\u00e9 si m\u00f4\u017eete zahra\u0165 v miestnom obchode. Namiesto toho si budete m\u00f4c\u0165 pozrie\u0165, ako sa hry hraj\u00fa v r\u00f4znych krajin\u00e1ch, a m\u00f4\u017eete v nich vysk\u00fa\u0161a\u0165 svoje \u0161\u0165astie.<\/p>\n<p><a href=\"https:\/\/redfoxlotto.com\/play\/mega-millions\/?ref=a8564250a2&amp;medium=ol365\" target=\"_blank\" rel=\"noopener noreferrer\"><img loading=\"lazy\" decoding=\"async\" class=\"aligncenter\" src=\"https:\/\/redfoxlotto.com\/image?size=7&amp;lottery=mega-millions\" alt=\"play mega millions\" width=\"841\" height=\"108\" \/><\/a><\/p>\n<h2>Hranie lot\u00e9rie online v\u00e1m d\u00e1va viac mo\u017enost\u00ed<\/h2>\n<p>Najlep\u0161ou s\u00fa\u010das\u0165ou hrania lot\u00e9rie online je skuto\u010dnos\u0165, \u017ee v ka\u017edom okamihu bude k dispoz\u00edcii ve\u013ek\u00fd jackpot, ktor\u00fd m\u00f4\u017eete vyhra\u0165. Ak sa obmedz\u00edte na hranie miestnej lot\u00e9rie, mo\u017eno budete musie\u0165 dlho \u010daka\u0165, k\u00fdm jackpot narastie do takej v\u00fd\u0161ky, aby malo zmysel investova\u0165 peniaze do tiketov.<\/p>\n<p>Je jasn\u00e9, \u017ee pre va\u0161e rozhodnutie je d\u00f4le\u017eit\u00e1 v\u00fd\u0161ka jackpotu. V\u00e4\u010d\u0161ia v\u00fdhra znamen\u00e1, \u017ee va\u0161a matematick\u00e1 o\u010dak\u00e1van\u00e1 v\u00fdhra je vy\u0161\u0161ia. Preto v\u00e4\u010d\u0161ina na\u0161ich z\u00e1kazn\u00edkov vynaklad\u00e1 svoje peniaze na lotto na jackpot, ktor\u00fd je aktu\u00e1lne najvy\u0161\u0161\u00ed.<\/p>\n<h2>Ako funguje slu\u017eba online loto?<\/h2>\n<p>Najr\u00fdchlej\u0161\u00ed sp\u00f4sob, ako za\u010da\u0165 hra\u0165 lot\u00e9riu online, je klikn\u00fa\u0165 na jedno z lot\u00e9riov\u00fdch tla\u010didiel alebo bannerov a vybra\u0165 si \u010d\u00edsla na vytvorenie tiketu. Ak chcete, m\u00f4\u017eete hra\u0165 viac ako jednu lot\u00e9riu. Sta\u010d\u00ed si do ko\u0161\u00edka prida\u0165 to\u013eko tiketov, ko\u013eko chcete. Potom kliknite na mo\u017enos\u0165 odhl\u00e1si\u0165 sa a zaplati\u0165. Mus\u00edte si u n\u00e1s vytvori\u0165 \u00fa\u010det. Nezabudnite si overi\u0165 svoje konto &#8211; overovac\u00ed e-mail h\u013eadajte v doru\u010denej po\u0161te. Ak tam e-mail nie je, n\u00e1jdete ho v prie\u010dinku s nezn\u00e1mymi odosielate\u013emi alebo mo\u017eno v schr\u00e1nke so spamom.<\/p>\n<h2>M\u00f4\u017eem hra\u0165 z krajiny svojho bydliska?<\/h2>\n<p>Naozaj nez\u00e1le\u017e\u00ed na tom, kde \u017eijete. Hranie lotta online funguje z (takmer) ka\u017ed\u00e9ho miesta. Jedinou v\u00fdnimkou je, \u017ee nem\u00f4\u017eeme prij\u00edma\u0165 z\u00e1kazn\u00edkov z USA a z Holandska.<\/p>\n<h2>Ako dostanem svoje v\u00fdhry?<\/h2>\n<p>Na\u0161e slu\u017eby v oblasti lot\u00e9rie zah\u0155\u0148aj\u00fa na\u0161u pomoc, pokia\u013e ide o vyplatenie v\u00fdhry. Existuj\u00fa na to dva r\u00f4zne postupy:<\/p>\n<ul>\n<li>V\u00fdhry ni\u017e\u0161ie ako 2500 EUR: V\u00fdhru v\u00e1m prip\u00ed\u0161eme na v\u00e1\u0161 pou\u017e\u00edvate\u013esk\u00fd \u00fa\u010det na na\u0161ej webovej str\u00e1nke. V\u00fdhru si odtia\u013e m\u00f4\u017eete vybra\u0165 napr\u00edklad na svoju kreditn\u00fa kartu alebo bankov\u00fd \u00fa\u010det.<\/li>\n<li>V\u00fdhry vy\u0161\u0161ie ako 2500 \u20ac: Vypl\u00e1canie vy\u0161\u0161\u00edch s\u00fam bude realizovan\u00e9 priamo samotnou lot\u00e9riou. Poskytneme v\u00e1m formul\u00e1r, ktor\u00fd mus\u00edte vyplni\u0165 a zasla\u0165 n\u00e1m ho sp\u00e4\u0165. Formul\u00e1r obsahuje va\u0161e pokyny pre v\u00fdplatu, ktorou m\u00f4\u017ee by\u0165 bu\u010f bankov\u00fd prevod, alebo \u0161ek. To v\u0161etko sa uskuto\u010dn\u00ed online. Formul\u00e1r po\u0161leme lot\u00e9rii a t\u00e1 v\u00e1m peniaze prevedie na v\u00e1\u0161 bankov\u00fd \u00fa\u010det alebo po\u0161le \u0161ek &#8211; pod\u013ea va\u0161ich preferenci\u00ed.<\/li>\n<\/ul>\n","protected":false},"excerpt":{"rendered":"<p>Chcete za\u010da\u0165 hra\u0165 lot\u00e9riu? Ak \u00e1no, ur\u010dite si budete chcie\u0165 pozrie\u0165 mo\u017enosti online. V\u0161etky ve\u013ek\u00e9 lotto hry, takmer z cel\u00e9ho sveta, si m\u00f4\u017eete zahra\u0165 online. Mus\u00edte len vedie\u0165, kde h\u013eada\u0165 a ako za\u010da\u0165. Na\u0161\u0165astie pre v\u00e1s je to v skuto\u010dnosti ve\u013emi jednoduch\u00e9. Sta\u010d\u00ed, ak si na\u0161u webov\u00fa str\u00e1nku zalo\u017e\u00edte a budete sa vraca\u0165 k aktualizovan\u00fdm [&hellip;]<\/p>\n","protected":false},"author":1,"featured_media":0,"parent":0,"menu_order":2,"comment_status":"closed","ping_status":"closed","template":"Play-all.php","meta":{"_et_pb_use_builder":"","_et_pb_old_content":"","_et_gb_content_width":"","exclude_from_search":false,"footnotes":""},"class_list":["post-5034","page","type-page","status-publish","hentry"],"yoast_head":"<!-- This site is optimized with the Yoast SEO plugin v23.4 - https:\/\/yoast.com\/wordpress\/plugins\/seo\/ -->\n<title>Hra\u0165 Lotto Online - viac jackpotov pre fan\u00fa\u0161ikov lot\u00e9rie z cel\u00e9ho sveta<\/title>\n<meta name=\"description\" content=\"U\u013eah\u010dujeme v\u00e1m hranie zahrani\u010dn\u00fdch lot\u00e9ri\u00ed online - v\u0161etky ve\u013ek\u00e9 jackpoty s\u00fa tu\" \/>\n<meta name=\"robots\" content=\"index, follow, max-snippet:-1, max-image-preview:large, max-video-preview:-1\" \/>\n<link rel=\"canonical\" href=\"https:\/\/onlinelotto365.com\/sk\/hrat\/\" \/>\n<meta property=\"og:locale\" content=\"sk_SK\" \/>\n<meta property=\"og:type\" content=\"article\" \/>\n<meta property=\"og:title\" content=\"Hra\u0165 Lotto Online - viac jackpotov pre fan\u00fa\u0161ikov lot\u00e9rie z cel\u00e9ho sveta\" \/>\n<meta property=\"og:description\" content=\"U\u013eah\u010dujeme v\u00e1m hranie zahrani\u010dn\u00fdch lot\u00e9ri\u00ed online - v\u0161etky ve\u013ek\u00e9 jackpoty s\u00fa tu\" \/>\n<meta property=\"og:url\" content=\"https:\/\/onlinelotto365.com\/sk\/hrat\/\" \/>\n<meta property=\"og:site_name\" content=\"OnlineLotto365\" \/>\n<meta property=\"article:modified_time\" content=\"2022-11-08T11:01:18+00:00\" \/>\n<meta property=\"og:image\" content=\"https:\/\/redfoxlotto.com\/image?size=7&amp;lottery=mega-millions\" \/>\n<meta name=\"twitter:card\" content=\"summary_large_image\" \/>\n<meta name=\"twitter:label1\" content=\"Predpokladan\u00fd \u010das \u010d\u00edtania\" \/>\n\t<meta name=\"twitter:data1\" content=\"3 min\u00faty\" \/>\n<script type=\"application\/ld+json\" class=\"yoast-schema-graph\">{\"@context\":\"https:\/\/schema.org\",\"@graph\":[{\"@type\":\"WebPage\",\"@id\":\"https:\/\/onlinelotto365.com\/sk\/hrat\/\",\"url\":\"https:\/\/onlinelotto365.com\/sk\/hrat\/\",\"name\":\"Hra\u0165 Lotto Online - viac jackpotov pre fan\u00fa\u0161ikov lot\u00e9rie z cel\u00e9ho sveta\",\"isPartOf\":{\"@id\":\"https:\/\/onlinelotto365.com\/sk\/#website\"},\"primaryImageOfPage\":{\"@id\":\"https:\/\/onlinelotto365.com\/sk\/hrat\/#primaryimage\"},\"image\":{\"@id\":\"https:\/\/onlinelotto365.com\/sk\/hrat\/#primaryimage\"},\"thumbnailUrl\":\"https:\/\/redfoxlotto.com\/image?size=7&amp;lottery=mega-millions\",\"datePublished\":\"2020-12-03T08:54:06+00:00\",\"dateModified\":\"2022-11-08T11:01:18+00:00\",\"description\":\"U\u013eah\u010dujeme v\u00e1m hranie zahrani\u010dn\u00fdch lot\u00e9ri\u00ed online - v\u0161etky ve\u013ek\u00e9 jackpoty s\u00fa tu\",\"breadcrumb\":{\"@id\":\"https:\/\/onlinelotto365.com\/sk\/hrat\/#breadcrumb\"},\"inLanguage\":\"sk-SK\",\"potentialAction\":[{\"@type\":\"ReadAction\",\"target\":[\"https:\/\/onlinelotto365.com\/sk\/hrat\/\"]}]},{\"@type\":\"ImageObject\",\"inLanguage\":\"sk-SK\",\"@id\":\"https:\/\/onlinelotto365.com\/sk\/hrat\/#primaryimage\",\"url\":\"https:\/\/redfoxlotto.com\/image?size=7&amp;lottery=mega-millions\",\"contentUrl\":\"https:\/\/redfoxlotto.com\/image?size=7&amp;lottery=mega-millions\"},{\"@type\":\"BreadcrumbList\",\"@id\":\"https:\/\/onlinelotto365.com\/sk\/hrat\/#breadcrumb\",\"itemListElement\":[{\"@type\":\"ListItem\",\"position\":1,\"name\":\"Home\",\"item\":\"https:\/\/onlinelotto365.com\/sk\/\"},{\"@type\":\"ListItem\",\"position\":2,\"name\":\"V\u0161etko, \u010do mus\u00edte vedie\u0165 o svojich mo\u017enostiach hra\u0165 najlep\u0161ie lot\u00e9rie online\"}]},{\"@type\":\"WebSite\",\"@id\":\"https:\/\/onlinelotto365.com\/sk\/#website\",\"url\":\"https:\/\/onlinelotto365.com\/sk\/\",\"name\":\"OnlineLotto365\",\"description\":\"\",\"potentialAction\":[{\"@type\":\"SearchAction\",\"target\":{\"@type\":\"EntryPoint\",\"urlTemplate\":\"https:\/\/onlinelotto365.com\/sk\/?s={search_term_string}\"},\"query-input\":{\"@type\":\"PropertyValueSpecification\",\"valueRequired\":true,\"valueName\":\"search_term_string\"}}],\"inLanguage\":\"sk-SK\"}]}<\/script>\n<!-- \/ Yoast SEO plugin. -->","yoast_head_json":{"title":"Hra\u0165 Lotto Online - viac jackpotov pre fan\u00fa\u0161ikov lot\u00e9rie z cel\u00e9ho sveta","description":"U\u013eah\u010dujeme v\u00e1m hranie zahrani\u010dn\u00fdch lot\u00e9ri\u00ed online - v\u0161etky ve\u013ek\u00e9 jackpoty s\u00fa tu","robots":{"index":"index","follow":"follow","max-snippet":"max-snippet:-1","max-image-preview":"max-image-preview:large","max-video-preview":"max-video-preview:-1"},"canonical":"https:\/\/onlinelotto365.com\/sk\/hrat\/","og_locale":"sk_SK","og_type":"article","og_title":"Hra\u0165 Lotto Online - viac jackpotov pre fan\u00fa\u0161ikov lot\u00e9rie z cel\u00e9ho sveta","og_description":"U\u013eah\u010dujeme v\u00e1m hranie zahrani\u010dn\u00fdch lot\u00e9ri\u00ed online - v\u0161etky ve\u013ek\u00e9 jackpoty s\u00fa tu","og_url":"https:\/\/onlinelotto365.com\/sk\/hrat\/","og_site_name":"OnlineLotto365","article_modified_time":"2022-11-08T11:01:18+00:00","og_image":[{"url":"https:\/\/redfoxlotto.com\/image?size=7&amp;lottery=mega-millions"}],"twitter_card":"summary_large_image","twitter_misc":{"Predpokladan\u00fd \u010das \u010d\u00edtania":"3 min\u00faty"},"schema":{"@context":"https:\/\/schema.org","@graph":[{"@type":"WebPage","@id":"https:\/\/onlinelotto365.com\/sk\/hrat\/","url":"https:\/\/onlinelotto365.com\/sk\/hrat\/","name":"Hra\u0165 Lotto Online - viac jackpotov pre fan\u00fa\u0161ikov lot\u00e9rie z cel\u00e9ho sveta","isPartOf":{"@id":"https:\/\/onlinelotto365.com\/sk\/#website"},"primaryImageOfPage":{"@id":"https:\/\/onlinelotto365.com\/sk\/hrat\/#primaryimage"},"image":{"@id":"https:\/\/onlinelotto365.com\/sk\/hrat\/#primaryimage"},"thumbnailUrl":"https:\/\/redfoxlotto.com\/image?size=7&amp;lottery=mega-millions","datePublished":"2020-12-03T08:54:06+00:00","dateModified":"2022-11-08T11:01:18+00:00","description":"U\u013eah\u010dujeme v\u00e1m hranie zahrani\u010dn\u00fdch lot\u00e9ri\u00ed online - v\u0161etky ve\u013ek\u00e9 jackpoty s\u00fa tu","breadcrumb":{"@id":"https:\/\/onlinelotto365.com\/sk\/hrat\/#breadcrumb"},"inLanguage":"sk-SK","potentialAction":[{"@type":"ReadAction","target":["https:\/\/onlinelotto365.com\/sk\/hrat\/"]}]},{"@type":"ImageObject","inLanguage":"sk-SK","@id":"https:\/\/onlinelotto365.com\/sk\/hrat\/#primaryimage","url":"https:\/\/redfoxlotto.com\/image?size=7&amp;lottery=mega-millions","contentUrl":"https:\/\/redfoxlotto.com\/image?size=7&amp;lottery=mega-millions"},{"@type":"BreadcrumbList","@id":"https:\/\/onlinelotto365.com\/sk\/hrat\/#breadcrumb","itemListElement":[{"@type":"ListItem","position":1,"name":"Home","item":"https:\/\/onlinelotto365.com\/sk\/"},{"@type":"ListItem","position":2,"name":"V\u0161etko, \u010do mus\u00edte vedie\u0165 o svojich mo\u017enostiach hra\u0165 najlep\u0161ie lot\u00e9rie online"}]},{"@type":"WebSite","@id":"https:\/\/onlinelotto365.com\/sk\/#website","url":"https:\/\/onlinelotto365.com\/sk\/","name":"OnlineLotto365","description":"","potentialAction":[{"@type":"SearchAction","target":{"@type":"EntryPoint","urlTemplate":"https:\/\/onlinelotto365.com\/sk\/?s={search_term_string}"},"query-input":{"@type":"PropertyValueSpecification","valueRequired":true,"valueName":"search_term_string"}}],"inLanguage":"sk-SK"}]}},"_links":{"self":[{"href":"https:\/\/onlinelotto365.com\/sk\/wp-json\/wp\/v2\/pages\/5034","targetHints":{"allow":["GET"]}}],"collection":[{"href":"https:\/\/onlinelotto365.com\/sk\/wp-json\/wp\/v2\/pages"}],"about":[{"href":"https:\/\/onlinelotto365.com\/sk\/wp-json\/wp\/v2\/types\/page"}],"author":[{"embeddable":true,"href":"https:\/\/onlinelotto365.com\/sk\/wp-json\/wp\/v2\/users\/1"}],"replies":[{"embeddable":true,"href":"https:\/\/onlinelotto365.com\/sk\/wp-json\/wp\/v2\/comments?post=5034"}],"version-history":[{"count":0,"href":"https:\/\/onlinelotto365.com\/sk\/wp-json\/wp\/v2\/pages\/5034\/revisions"}],"wp:attachment":[{"href":"https:\/\/onlinelotto365.com\/sk\/wp-json\/wp\/v2\/media?parent=5034"}],"curies":[{"name":"wp","href":"https:\/\/api.w.org\/{rel}","templated":true}]}}