{"id":5698,"date":"2020-12-04T20:09:23","date_gmt":"2020-12-04T19:09:23","guid":{"rendered":"http:\/\/onlinelotto365.net\/?page_id=5698"},"modified":"2021-03-07T11:48:57","modified_gmt":"2021-03-07T10:48:57","slug":"kupit-listky","status":"publish","type":"page","link":"https:\/\/onlinelotto365.com\/sk\/kupit-listky\/","title":{"rendered":"Hranie svetov\u00e9ho lota"},"content":{"rendered":"<p>Hranie lota je ob\u013e\u00faben\u00e1 z\u00e1bava na celom svete. Prakticky ka\u017ed\u00fd \u0161t\u00e1t m\u00e1 vlastn\u00e9 loto a \u010dasto organizovan\u00e9 n\u00e1rodnou vl\u00e1dou. Niektor\u00e9 lot\u00e9rie vyu\u017e\u00edvaj\u00fa zisk na charity a niektor\u00e9 jednoducho prin\u00e1\u0161aj\u00fa da\u0148 zo zisku ako pr\u00ednos do krajiny.<br \/>Popularita lota samozrejme z\u00e1vis\u00ed na sume pe\u0148az\u00ed, ktor\u00e1 sa d\u00e1 vyhra\u0165. V d\u00f4sledku toho, v\u00e4\u010d\u0161ina lot\u00e9ri\u00ed pri\u0161la so sp\u00f4sobmi, ako z\u00faro\u010di\u0165 prov\u00edzie. Najpopul\u00e1rnej\u0161\u00ed sp\u00f4sob je ponuka jackpotu, zaka\u017ed\u00fdm, ke\u010f nikto nevyhr\u00e1 hlavn\u00fa cenu, nevyplaten\u00e1 \u010diastka sa st\u00e1le navy\u0161uje a je prid\u00e1van\u00e1 do nasleduj\u00faceho \u017erebovania.<\/p>\n<p><a href=\"https:\/\/redfoxlotto.com\/?ref=a8564250a2&amp;medium=ol365\" target=\"_blank\" rel=\"noopener noreferrer\"><img loading=\"lazy\" decoding=\"async\" class=\"aligncenter\" src=\"https:\/\/redfoxlotto.com\/image?size=8&amp;lottery=euromillions\" alt=\"Euromillions\" width=\"720\" height=\"90\" \/><\/a><\/p>\n<h2>Klasick\u00e1 sch\u00e9ma jackpotu<\/h2>\n<p>Typick\u00e9 nastavenie jackpotu lot\u00e9rie je ma\u0165 5 alebo 6 \u010d\u00edsel \u017erebovan\u00fdch z 39, 49 alebo 59 \u010d\u00edsel. Uh\u00e1dnutie t\u00fdchto 5 alebo 6 \u010d\u00edsel v\u00e1s ur\u010dite spravia celkom bohat\u00fdm, ale t\u00e1to \u010d\u00edseln\u00e1 kombin\u00e1cia je trafen\u00e1 ka\u017ed\u00fd t\u00fd\u017ede\u0148. Tak\u017ee dosiahnutie najvy\u0161\u0161ieho jackpotu je podmienen\u00e9 uh\u00e1dnut\u00edm \u010fal\u0161\u00edm extra \u010d\u00edslom (naj\u010dastej\u0161ie medzi 0 a\u017e 9), a tak\u017ee ak chcete vyhra\u0165 jackpot, mus\u00edte uh\u00e1dnu\u0165 5 alebo 6 hlavn\u00fdch \u010d\u00edsel plus \u0161peci\u00e1lne jackpot \u010d\u00edslo.<\/p>\n<h2>Ktor\u00e9 lot\u00e9rie s jackpotom s\u00fa svetovo najv\u00e4\u010d\u0161ie?<\/h2>\n<p><img loading=\"lazy\" decoding=\"async\" class=\" wp-image-729 alignright\" src=\"https:\/\/onlinelotto365.com\/wp-content\/uploads\/2020\/11\/online_lottery-52-300x169.jpg\" alt=\"Z\u00edskajte online \u017ereby\" width=\"210\" height=\"119\" \/><\/p>\n<p>Existuje nieko\u013eko lot\u00e9ri\u00ed, ktor\u00e9 s\u00fa zn\u00e1me pre svoje naozaj ohromn\u00e9 jackpoty. A nie je prekvapuj\u00face, \u017ee US loto jackpoty s\u00fa na vrchu rebr\u00ed\u010dka najv\u00e4\u010d\u0161\u00edch loto jackpotov sveta. Mega Millions a Powerball s\u00fa dve najv\u00e4\u010d\u0161ie lot\u00e9rie Spojen\u00fdch \u0161t\u00e1tov Ameriky, a ich jackpoty dosiahli astronomick\u00e9 v\u00fd\u0161ky viac ako 500 milli\u00f3nov dol\u00e1rov, nieko\u013ekokr\u00e1t v minulosti.<\/p>\n<p>Talianska Superena, \u0160panielske El Gordo Loto s\u00fa tie\u017e celkom popul\u00e1rne. Tieto lot\u00e9rie maj\u00fa jackpoty, ktor\u00e9 nie s\u00fa rozbit\u00e9 dlh\u0161iu dobu. D\u00f4vodom je to, \u017ee po\u010det mo\u017en\u00fdch kombin\u00e1cii vy\u017erebovan\u00fdch \u010d\u00edsel je ve\u013emi vysok\u00fd.<\/p>\n<p>A je tu e\u0161te pomerne celkom nov\u00e1 lot\u00e9ria, ktor\u00e1 si zasl\u00fa\u017ei pozornos\u0165 loto fan\u00fa\u0161ikov z cel\u00e9ho sveta a vol\u00e1 sa EuroMillions lotto. Kv\u00f4li tomu, \u017ee t\u00e1to lot\u00e9ria je dostupn\u00e1 v nieko\u013ek\u00fdch krajin\u00e1ch Eur\u00f3py a teda tieto krajiny maj\u00fa dokopy viac loto fan\u00fa\u0161ikov na m\u00ed\u0148an\u00ed pe\u0148az\u00ed, v\u00fd\u0161ka jackpotu tejto lot\u00e9rie je v\u017edy bl\u00edzko k 100 mili\u00f3nom Eur.<\/p>\n<p>Ak chcete vedie\u0165, ktor\u00e9 loto m\u00e1 moment\u00e1lne najv\u00e4\u010d\u0161\u00ed jackpot, sta\u010d\u00ed ak sa pozriete na prav\u00fd st\u013apec na\u0161ej webstr\u00e1nky. V tomto st\u013apci m\u00f4\u017eete n\u00e1js\u0165 aktu\u00e1lne svetov\u00e9 jackpoty zoraden\u00e9 pod\u013ea ve\u013ekosti. Vyberte si jeden jednoduch\u00fdm kliknut\u00edm, vyberte si svoje \u010d\u00edsla a zapla\u0165te online!<\/p>\n<h2>Ako hra\u0165 tieto svetov\u00e9 lot\u00e1?<\/h2>\n<p>Tieto lot\u00e1 boli zo za\u010diatku ur\u010den\u00e9 obyvate\u013eom danej krajiny, ale dnes je tu dostupn\u00e1 slu\u017eba, ktor\u00e1 umo\u017e\u0148uje ka\u017ed\u00e9mu hra\u0165 svetov\u00e9 loto pr\u00e1ve teraz. Nie je d\u00f4le\u017eit\u00e9, kde \u017eijete, m\u00f4\u017eete si vybra\u0165 svoje \u0161\u0165astn\u00e9 \u010d\u00edsla, <a href=\"https:\/\/redfoxlotto.com\/sk\/?ref=A8564250A2&#038;campaign=ol\" target=\"_blank\" rel=\"noopener\"><strong>objedna\u0165 \u017ereb online prostredn\u00edctvom RedFoxLotto &#8211; kliknite sem, aby ste mohli za\u010da\u0165 hra\u0165.<\/strong><\/a><\/p>\n<p>Toto je svetov\u00e1 kuri\u00e9rska slu\u017eba, ktor\u00e1 fyzicky zak\u00fapi \u017ereb pre v\u00e1s, emailom v\u00e1m za\u0161le k\u00f3piu a z\u00e1rove\u0148 v\u00e1m pom\u00f4\u017ee z\u00edska\u0165 va\u0161e peniaze, ak vyhr\u00e1te. Nie je to \u017eiadny druh podvodnej slu\u017eby, je to uzn\u00e1van\u00e1 spolo\u010dnos\u0165, ktor\u00e1 poskytuje spo\u013eahliv\u00fa slu\u017ebu pre loto fan\u00fa\u0161ikov z cel\u00e9ho sveta u\u017e nieko\u013eko rokov.<\/p>\n<p>Naviac popri v\u00fdbere \u013eubovo\u013enej lot\u00e9rie si m\u00f4\u017eete v\u00fdzna\u010dne zv\u00fd\u0161i\u0165 \u0161ance na v\u00fdhru. Je to celkom jednoduch\u00e9: Namiesto hrania va\u0161ich dom\u00e1cich lot\u00e9ri\u00ed, ke\u010f je jackpot pr\u00edli\u0161 mal\u00fd, m\u00f4\u017eete investova\u0165 tu ist\u00fa \u010diastku na z\u00edskanie \u017erebu s 10 a\u017e 50 kr\u00e1t vy\u0161\u0161\u00edm loto jackpotom v inej krajine z cel\u00e9ho sveta!<\/p>\n","protected":false},"excerpt":{"rendered":"<p>Hranie lota je ob\u013e\u00faben\u00e1 z\u00e1bava na celom svete. Prakticky ka\u017ed\u00fd \u0161t\u00e1t m\u00e1 vlastn\u00e9 loto a \u010dasto organizovan\u00e9 n\u00e1rodnou vl\u00e1dou. Niektor\u00e9 lot\u00e9rie vyu\u017e\u00edvaj\u00fa zisk na charity a niektor\u00e9 jednoducho prin\u00e1\u0161aj\u00fa da\u0148 zo zisku ako pr\u00ednos do krajiny.Popularita lota samozrejme z\u00e1vis\u00ed na sume pe\u0148az\u00ed, ktor\u00e1 sa d\u00e1 vyhra\u0165. V d\u00f4sledku toho, v\u00e4\u010d\u0161ina lot\u00e9ri\u00ed pri\u0161la so sp\u00f4sobmi, ako [&hellip;]<\/p>\n","protected":false},"author":1,"featured_media":0,"parent":0,"menu_order":3,"comment_status":"closed","ping_status":"closed","template":"Information.php","meta":{"_et_pb_use_builder":"","_et_pb_old_content":"","_et_gb_content_width":"","exclude_from_search":false,"footnotes":""},"class_list":["post-5698","page","type-page","status-publish","hentry"],"yoast_head":"<!-- This site is optimized with the Yoast SEO plugin v23.4 - https:\/\/yoast.com\/wordpress\/plugins\/seo\/ -->\n<title>Hrajte svetov\u00e9 loto | Z\u00edskajte online \u017ereby do najlep\u0161\u00edch lot\u00e9ri\u00ed sveta<\/title>\n<meta name=\"description\" content=\"St\u00e1le kupujete losy? Existuj\u00fa ove\u013ea lep\u0161ie jackpoty loto - sta\u010d\u00ed si k\u00fapi\u0165 vstupenky online!\" \/>\n<meta name=\"robots\" content=\"index, follow, max-snippet:-1, max-image-preview:large, max-video-preview:-1\" \/>\n<link rel=\"canonical\" href=\"https:\/\/onlinelotto365.com\/sk\/kupit-listky\/\" \/>\n<meta property=\"og:locale\" content=\"sk_SK\" \/>\n<meta property=\"og:type\" content=\"article\" \/>\n<meta property=\"og:title\" content=\"Hrajte svetov\u00e9 loto | Z\u00edskajte online \u017ereby do najlep\u0161\u00edch lot\u00e9ri\u00ed sveta\" \/>\n<meta property=\"og:description\" content=\"St\u00e1le kupujete losy? Existuj\u00fa ove\u013ea lep\u0161ie jackpoty loto - sta\u010d\u00ed si k\u00fapi\u0165 vstupenky online!\" \/>\n<meta property=\"og:url\" content=\"https:\/\/onlinelotto365.com\/sk\/kupit-listky\/\" \/>\n<meta property=\"og:site_name\" content=\"OnlineLotto365\" \/>\n<meta property=\"article:modified_time\" content=\"2021-03-07T10:48:57+00:00\" \/>\n<meta property=\"og:image\" content=\"https:\/\/redfoxlotto.com\/image?size=8&amp;lottery=euromillions\" \/>\n<meta name=\"twitter:card\" content=\"summary_large_image\" \/>\n<script type=\"application\/ld+json\" class=\"yoast-schema-graph\">{\"@context\":\"https:\/\/schema.org\",\"@graph\":[{\"@type\":\"WebPage\",\"@id\":\"https:\/\/onlinelotto365.com\/sk\/kupit-listky\/\",\"url\":\"https:\/\/onlinelotto365.com\/sk\/kupit-listky\/\",\"name\":\"Hrajte svetov\u00e9 loto | Z\u00edskajte online \u017ereby do najlep\u0161\u00edch lot\u00e9ri\u00ed sveta\",\"isPartOf\":{\"@id\":\"https:\/\/onlinelotto365.com\/sk\/#website\"},\"primaryImageOfPage\":{\"@id\":\"https:\/\/onlinelotto365.com\/sk\/kupit-listky\/#primaryimage\"},\"image\":{\"@id\":\"https:\/\/onlinelotto365.com\/sk\/kupit-listky\/#primaryimage\"},\"thumbnailUrl\":\"https:\/\/redfoxlotto.com\/image?size=8&amp;lottery=euromillions\",\"datePublished\":\"2020-12-04T19:09:23+00:00\",\"dateModified\":\"2021-03-07T10:48:57+00:00\",\"description\":\"St\u00e1le kupujete losy? Existuj\u00fa ove\u013ea lep\u0161ie jackpoty loto - sta\u010d\u00ed si k\u00fapi\u0165 vstupenky online!\",\"breadcrumb\":{\"@id\":\"https:\/\/onlinelotto365.com\/sk\/kupit-listky\/#breadcrumb\"},\"inLanguage\":\"sk-SK\",\"potentialAction\":[{\"@type\":\"ReadAction\",\"target\":[\"https:\/\/onlinelotto365.com\/sk\/kupit-listky\/\"]}]},{\"@type\":\"ImageObject\",\"inLanguage\":\"sk-SK\",\"@id\":\"https:\/\/onlinelotto365.com\/sk\/kupit-listky\/#primaryimage\",\"url\":\"https:\/\/redfoxlotto.com\/image?size=8&amp;lottery=euromillions\",\"contentUrl\":\"https:\/\/redfoxlotto.com\/image?size=8&amp;lottery=euromillions\"},{\"@type\":\"BreadcrumbList\",\"@id\":\"https:\/\/onlinelotto365.com\/sk\/kupit-listky\/#breadcrumb\",\"itemListElement\":[{\"@type\":\"ListItem\",\"position\":1,\"name\":\"Home\",\"item\":\"https:\/\/onlinelotto365.com\/sk\/\"},{\"@type\":\"ListItem\",\"position\":2,\"name\":\"Hranie svetov\u00e9ho lota\"}]},{\"@type\":\"WebSite\",\"@id\":\"https:\/\/onlinelotto365.com\/sk\/#website\",\"url\":\"https:\/\/onlinelotto365.com\/sk\/\",\"name\":\"OnlineLotto365\",\"description\":\"\",\"potentialAction\":[{\"@type\":\"SearchAction\",\"target\":{\"@type\":\"EntryPoint\",\"urlTemplate\":\"https:\/\/onlinelotto365.com\/sk\/?s={search_term_string}\"},\"query-input\":{\"@type\":\"PropertyValueSpecification\",\"valueRequired\":true,\"valueName\":\"search_term_string\"}}],\"inLanguage\":\"sk-SK\"}]}<\/script>\n<!-- \/ Yoast SEO plugin. -->","yoast_head_json":{"title":"Hrajte svetov\u00e9 loto | Z\u00edskajte online \u017ereby do najlep\u0161\u00edch lot\u00e9ri\u00ed sveta","description":"St\u00e1le kupujete losy? Existuj\u00fa ove\u013ea lep\u0161ie jackpoty loto - sta\u010d\u00ed si k\u00fapi\u0165 vstupenky online!","robots":{"index":"index","follow":"follow","max-snippet":"max-snippet:-1","max-image-preview":"max-image-preview:large","max-video-preview":"max-video-preview:-1"},"canonical":"https:\/\/onlinelotto365.com\/sk\/kupit-listky\/","og_locale":"sk_SK","og_type":"article","og_title":"Hrajte svetov\u00e9 loto | Z\u00edskajte online \u017ereby do najlep\u0161\u00edch lot\u00e9ri\u00ed sveta","og_description":"St\u00e1le kupujete losy? Existuj\u00fa ove\u013ea lep\u0161ie jackpoty loto - sta\u010d\u00ed si k\u00fapi\u0165 vstupenky online!","og_url":"https:\/\/onlinelotto365.com\/sk\/kupit-listky\/","og_site_name":"OnlineLotto365","article_modified_time":"2021-03-07T10:48:57+00:00","og_image":[{"url":"https:\/\/redfoxlotto.com\/image?size=8&amp;lottery=euromillions"}],"twitter_card":"summary_large_image","schema":{"@context":"https:\/\/schema.org","@graph":[{"@type":"WebPage","@id":"https:\/\/onlinelotto365.com\/sk\/kupit-listky\/","url":"https:\/\/onlinelotto365.com\/sk\/kupit-listky\/","name":"Hrajte svetov\u00e9 loto | Z\u00edskajte online \u017ereby do najlep\u0161\u00edch lot\u00e9ri\u00ed sveta","isPartOf":{"@id":"https:\/\/onlinelotto365.com\/sk\/#website"},"primaryImageOfPage":{"@id":"https:\/\/onlinelotto365.com\/sk\/kupit-listky\/#primaryimage"},"image":{"@id":"https:\/\/onlinelotto365.com\/sk\/kupit-listky\/#primaryimage"},"thumbnailUrl":"https:\/\/redfoxlotto.com\/image?size=8&amp;lottery=euromillions","datePublished":"2020-12-04T19:09:23+00:00","dateModified":"2021-03-07T10:48:57+00:00","description":"St\u00e1le kupujete losy? Existuj\u00fa ove\u013ea lep\u0161ie jackpoty loto - sta\u010d\u00ed si k\u00fapi\u0165 vstupenky online!","breadcrumb":{"@id":"https:\/\/onlinelotto365.com\/sk\/kupit-listky\/#breadcrumb"},"inLanguage":"sk-SK","potentialAction":[{"@type":"ReadAction","target":["https:\/\/onlinelotto365.com\/sk\/kupit-listky\/"]}]},{"@type":"ImageObject","inLanguage":"sk-SK","@id":"https:\/\/onlinelotto365.com\/sk\/kupit-listky\/#primaryimage","url":"https:\/\/redfoxlotto.com\/image?size=8&amp;lottery=euromillions","contentUrl":"https:\/\/redfoxlotto.com\/image?size=8&amp;lottery=euromillions"},{"@type":"BreadcrumbList","@id":"https:\/\/onlinelotto365.com\/sk\/kupit-listky\/#breadcrumb","itemListElement":[{"@type":"ListItem","position":1,"name":"Home","item":"https:\/\/onlinelotto365.com\/sk\/"},{"@type":"ListItem","position":2,"name":"Hranie svetov\u00e9ho lota"}]},{"@type":"WebSite","@id":"https:\/\/onlinelotto365.com\/sk\/#website","url":"https:\/\/onlinelotto365.com\/sk\/","name":"OnlineLotto365","description":"","potentialAction":[{"@type":"SearchAction","target":{"@type":"EntryPoint","urlTemplate":"https:\/\/onlinelotto365.com\/sk\/?s={search_term_string}"},"query-input":{"@type":"PropertyValueSpecification","valueRequired":true,"valueName":"search_term_string"}}],"inLanguage":"sk-SK"}]}},"_links":{"self":[{"href":"https:\/\/onlinelotto365.com\/sk\/wp-json\/wp\/v2\/pages\/5698","targetHints":{"allow":["GET"]}}],"collection":[{"href":"https:\/\/onlinelotto365.com\/sk\/wp-json\/wp\/v2\/pages"}],"about":[{"href":"https:\/\/onlinelotto365.com\/sk\/wp-json\/wp\/v2\/types\/page"}],"author":[{"embeddable":true,"href":"https:\/\/onlinelotto365.com\/sk\/wp-json\/wp\/v2\/users\/1"}],"replies":[{"embeddable":true,"href":"https:\/\/onlinelotto365.com\/sk\/wp-json\/wp\/v2\/comments?post=5698"}],"version-history":[{"count":0,"href":"https:\/\/onlinelotto365.com\/sk\/wp-json\/wp\/v2\/pages\/5698\/revisions"}],"wp:attachment":[{"href":"https:\/\/onlinelotto365.com\/sk\/wp-json\/wp\/v2\/media?parent=5698"}],"curies":[{"name":"wp","href":"https:\/\/api.w.org\/{rel}","templated":true}]}}