{"id":5864,"date":"2020-12-05T10:08:39","date_gmt":"2020-12-05T09:08:39","guid":{"rendered":"http:\/\/onlinelotto365.net\/?page_id=5864"},"modified":"2021-03-07T11:50:41","modified_gmt":"2021-03-07T10:50:41","slug":"vyherne-cisla","status":"publish","type":"page","link":"https:\/\/onlinelotto365.com\/sk\/vyherne-cisla\/","title":{"rendered":"V\u00fdsledky lot\u00e9ri\u00ed"},"content":{"rendered":"<h2>V\u00fdhern\u00e9 kombin\u00e1cie svetov\u00fdch lot\u00e9ri\u00ed<\/h2>\n<p>Zauj\u00edmaj\u00fa v\u00e1s v\u00fdsledky medzin\u00e1rodn\u00fdch lot\u00e9ri\u00ed? Zistite si v\u00fdhern\u00e1 \u010d\u00edsla t\u00fdch najv\u00e4\u010d\u0161\u00edch medzin\u00e1rodn\u00fdch lot\u00e9ri\u00ed sveta. Na\u0161e str\u00e1nky s\u00fa neust\u00e1le aktualizovan\u00e9, pon\u00fakaj\u00fa aktualizovan\u00e9 info kedyko\u013evek je potreba. Ak ste sa akejko\u013evek z pon\u00fakan\u00fdch medzin\u00e1rodn\u00fdch lot\u00e9ri\u00ed z\u00fa\u010dastnili, d\u00fafame, \u017ee je va\u0161a \u010d\u00edseln\u00e1 kombin\u00e1cia tou v\u00ed\u0165aznou!<\/p>\n<p><a href=\"https:\/\/redfoxlotto.com\/?ref=a8564250a2&amp;medium=ol365\" target=\"_blank\" rel=\"noopener noreferrer\"><img loading=\"lazy\" decoding=\"async\" class=\"aligncenter\" src=\"https:\/\/redfoxlotto.com\/image?size=8&amp;lottery=eurojackpot\" alt=\"eurojackpot\" width=\"720\" height=\"90\" \/><\/a>Najd\u00f4le\u017eitej\u0161ie je v\u0161ak to, aby v\u00e1m bolo jasn\u00e9, \u017ee m\u00e1te v dne\u0161nej dobe mo\u017enos\u0165 z\u00fa\u010dastni\u0165 sa akejko\u013evek lot\u00e9rie na plan\u00e9te. \u00c1no, \u010d\u00edtate spr\u00e1vne, teraz sa m\u00f4\u017eete z\u00fa\u010dastni\u0165 aj lot\u00e9ri\u00ed mimo va\u0161u domovinu. \u010ci u\u017e v\u00e1s zauj\u00edma Powerball, Mega Millions, EuroMillions \u010di ak\u00e1ko\u013evek in\u00fa lot\u00e9ria, m\u00f4\u017eete si v r\u00fdchlosti zak\u00fapi\u0165 ticket! Preto, aby ste sa z\u00fa\u010dastnili, sta\u010d\u00ed klikn\u00fa\u0165 na tla\u010didlo &#8222;play&#8220; u vami vybranej lot\u00e9rie a po\u010dka\u0165 nieko\u013eko chv\u00ed\u013e, k\u00fdm v\u00e1m v\u00e1\u0161 l\u00f3s nezabezpe\u010d\u00edme. Odpor\u00fa\u010dame v\u00e1m, aby ste si lot\u00e9rie vyberali pod\u013ea toho, ak\u00fd je pon\u00fakan\u00fd jackpot!<\/p>\n","protected":false},"excerpt":{"rendered":"<p>V\u00fdhern\u00e9 kombin\u00e1cie svetov\u00fdch lot\u00e9ri\u00ed Zauj\u00edmaj\u00fa v\u00e1s v\u00fdsledky medzin\u00e1rodn\u00fdch lot\u00e9ri\u00ed? Zistite si v\u00fdhern\u00e1 \u010d\u00edsla t\u00fdch najv\u00e4\u010d\u0161\u00edch medzin\u00e1rodn\u00fdch lot\u00e9ri\u00ed sveta. Na\u0161e str\u00e1nky s\u00fa neust\u00e1le aktualizovan\u00e9, pon\u00fakaj\u00fa aktualizovan\u00e9 info kedyko\u013evek je potreba. Ak ste sa akejko\u013evek z pon\u00fakan\u00fdch medzin\u00e1rodn\u00fdch lot\u00e9ri\u00ed z\u00fa\u010dastnili, d\u00fafame, \u017ee je va\u0161a \u010d\u00edseln\u00e1 kombin\u00e1cia tou v\u00ed\u0165aznou! Najd\u00f4le\u017eitej\u0161ie je v\u0161ak to, aby v\u00e1m bolo jasn\u00e9, \u017ee [&hellip;]<\/p>\n","protected":false},"author":1,"featured_media":0,"parent":0,"menu_order":4,"comment_status":"closed","ping_status":"closed","template":"Results.php","meta":{"_et_pb_use_builder":"","_et_pb_old_content":"","_et_gb_content_width":"","exclude_from_search":false,"footnotes":""},"class_list":["post-5864","page","type-page","status-publish","hentry"],"yoast_head":"<!-- This site is optimized with the Yoast SEO plugin v23.4 - https:\/\/yoast.com\/wordpress\/plugins\/seo\/ -->\n<title>V\u0161etky v\u00fdsledky celosvetov\u00fdch lot\u00e9ri\u00ed | V\u00fdhern\u00e9 kombin\u00e1cie svetov\u00fdch lot\u00e9ri\u00ed<\/title>\n<meta name=\"description\" content=\"Tu n\u00e1jdete v\u00fdsledky tohtoro\u010dn\u00fdch lot\u00e9ri\u00ed a v\u00fdhern\u00e9 \u010d\u00edsla pre najv\u00e4\u010d\u0161ie lot\u00e9rie\" \/>\n<meta name=\"robots\" content=\"index, follow, max-snippet:-1, max-image-preview:large, max-video-preview:-1\" \/>\n<link rel=\"canonical\" href=\"https:\/\/onlinelotto365.com\/sk\/vyherne-cisla\/\" \/>\n<meta property=\"og:locale\" content=\"sk_SK\" \/>\n<meta property=\"og:type\" content=\"article\" \/>\n<meta property=\"og:title\" content=\"V\u0161etky v\u00fdsledky celosvetov\u00fdch lot\u00e9ri\u00ed | V\u00fdhern\u00e9 kombin\u00e1cie svetov\u00fdch lot\u00e9ri\u00ed\" \/>\n<meta property=\"og:description\" content=\"Tu n\u00e1jdete v\u00fdsledky tohtoro\u010dn\u00fdch lot\u00e9ri\u00ed a v\u00fdhern\u00e9 \u010d\u00edsla pre najv\u00e4\u010d\u0161ie lot\u00e9rie\" \/>\n<meta property=\"og:url\" content=\"https:\/\/onlinelotto365.com\/sk\/vyherne-cisla\/\" \/>\n<meta property=\"og:site_name\" content=\"OnlineLotto365\" \/>\n<meta property=\"article:modified_time\" content=\"2021-03-07T10:50:41+00:00\" \/>\n<meta property=\"og:image\" content=\"https:\/\/redfoxlotto.com\/image?size=8&amp;lottery=eurojackpot\" \/>\n<meta name=\"twitter:card\" content=\"summary_large_image\" \/>\n<meta name=\"twitter:label1\" content=\"Predpokladan\u00fd \u010das \u010d\u00edtania\" \/>\n\t<meta name=\"twitter:data1\" content=\"1 min\u00fata\" \/>\n<script type=\"application\/ld+json\" class=\"yoast-schema-graph\">{\"@context\":\"https:\/\/schema.org\",\"@graph\":[{\"@type\":\"WebPage\",\"@id\":\"https:\/\/onlinelotto365.com\/sk\/vyherne-cisla\/\",\"url\":\"https:\/\/onlinelotto365.com\/sk\/vyherne-cisla\/\",\"name\":\"V\u0161etky v\u00fdsledky celosvetov\u00fdch lot\u00e9ri\u00ed | V\u00fdhern\u00e9 kombin\u00e1cie svetov\u00fdch lot\u00e9ri\u00ed\",\"isPartOf\":{\"@id\":\"https:\/\/onlinelotto365.com\/sk\/#website\"},\"primaryImageOfPage\":{\"@id\":\"https:\/\/onlinelotto365.com\/sk\/vyherne-cisla\/#primaryimage\"},\"image\":{\"@id\":\"https:\/\/onlinelotto365.com\/sk\/vyherne-cisla\/#primaryimage\"},\"thumbnailUrl\":\"https:\/\/redfoxlotto.com\/image?size=8&amp;lottery=eurojackpot\",\"datePublished\":\"2020-12-05T09:08:39+00:00\",\"dateModified\":\"2021-03-07T10:50:41+00:00\",\"description\":\"Tu n\u00e1jdete v\u00fdsledky tohtoro\u010dn\u00fdch lot\u00e9ri\u00ed a v\u00fdhern\u00e9 \u010d\u00edsla pre najv\u00e4\u010d\u0161ie lot\u00e9rie\",\"breadcrumb\":{\"@id\":\"https:\/\/onlinelotto365.com\/sk\/vyherne-cisla\/#breadcrumb\"},\"inLanguage\":\"sk-SK\",\"potentialAction\":[{\"@type\":\"ReadAction\",\"target\":[\"https:\/\/onlinelotto365.com\/sk\/vyherne-cisla\/\"]}]},{\"@type\":\"ImageObject\",\"inLanguage\":\"sk-SK\",\"@id\":\"https:\/\/onlinelotto365.com\/sk\/vyherne-cisla\/#primaryimage\",\"url\":\"https:\/\/redfoxlotto.com\/image?size=8&amp;lottery=eurojackpot\",\"contentUrl\":\"https:\/\/redfoxlotto.com\/image?size=8&amp;lottery=eurojackpot\"},{\"@type\":\"BreadcrumbList\",\"@id\":\"https:\/\/onlinelotto365.com\/sk\/vyherne-cisla\/#breadcrumb\",\"itemListElement\":[{\"@type\":\"ListItem\",\"position\":1,\"name\":\"Home\",\"item\":\"https:\/\/onlinelotto365.com\/sk\/\"},{\"@type\":\"ListItem\",\"position\":2,\"name\":\"V\u00fdsledky lot\u00e9ri\u00ed\"}]},{\"@type\":\"WebSite\",\"@id\":\"https:\/\/onlinelotto365.com\/sk\/#website\",\"url\":\"https:\/\/onlinelotto365.com\/sk\/\",\"name\":\"OnlineLotto365\",\"description\":\"\",\"potentialAction\":[{\"@type\":\"SearchAction\",\"target\":{\"@type\":\"EntryPoint\",\"urlTemplate\":\"https:\/\/onlinelotto365.com\/sk\/?s={search_term_string}\"},\"query-input\":{\"@type\":\"PropertyValueSpecification\",\"valueRequired\":true,\"valueName\":\"search_term_string\"}}],\"inLanguage\":\"sk-SK\"}]}<\/script>\n<!-- \/ Yoast SEO plugin. -->","yoast_head_json":{"title":"V\u0161etky v\u00fdsledky celosvetov\u00fdch lot\u00e9ri\u00ed | V\u00fdhern\u00e9 kombin\u00e1cie svetov\u00fdch lot\u00e9ri\u00ed","description":"Tu n\u00e1jdete v\u00fdsledky tohtoro\u010dn\u00fdch lot\u00e9ri\u00ed a v\u00fdhern\u00e9 \u010d\u00edsla pre najv\u00e4\u010d\u0161ie lot\u00e9rie","robots":{"index":"index","follow":"follow","max-snippet":"max-snippet:-1","max-image-preview":"max-image-preview:large","max-video-preview":"max-video-preview:-1"},"canonical":"https:\/\/onlinelotto365.com\/sk\/vyherne-cisla\/","og_locale":"sk_SK","og_type":"article","og_title":"V\u0161etky v\u00fdsledky celosvetov\u00fdch lot\u00e9ri\u00ed | V\u00fdhern\u00e9 kombin\u00e1cie svetov\u00fdch lot\u00e9ri\u00ed","og_description":"Tu n\u00e1jdete v\u00fdsledky tohtoro\u010dn\u00fdch lot\u00e9ri\u00ed a v\u00fdhern\u00e9 \u010d\u00edsla pre najv\u00e4\u010d\u0161ie lot\u00e9rie","og_url":"https:\/\/onlinelotto365.com\/sk\/vyherne-cisla\/","og_site_name":"OnlineLotto365","article_modified_time":"2021-03-07T10:50:41+00:00","og_image":[{"url":"https:\/\/redfoxlotto.com\/image?size=8&amp;lottery=eurojackpot"}],"twitter_card":"summary_large_image","twitter_misc":{"Predpokladan\u00fd \u010das \u010d\u00edtania":"1 min\u00fata"},"schema":{"@context":"https:\/\/schema.org","@graph":[{"@type":"WebPage","@id":"https:\/\/onlinelotto365.com\/sk\/vyherne-cisla\/","url":"https:\/\/onlinelotto365.com\/sk\/vyherne-cisla\/","name":"V\u0161etky v\u00fdsledky celosvetov\u00fdch lot\u00e9ri\u00ed | V\u00fdhern\u00e9 kombin\u00e1cie svetov\u00fdch lot\u00e9ri\u00ed","isPartOf":{"@id":"https:\/\/onlinelotto365.com\/sk\/#website"},"primaryImageOfPage":{"@id":"https:\/\/onlinelotto365.com\/sk\/vyherne-cisla\/#primaryimage"},"image":{"@id":"https:\/\/onlinelotto365.com\/sk\/vyherne-cisla\/#primaryimage"},"thumbnailUrl":"https:\/\/redfoxlotto.com\/image?size=8&amp;lottery=eurojackpot","datePublished":"2020-12-05T09:08:39+00:00","dateModified":"2021-03-07T10:50:41+00:00","description":"Tu n\u00e1jdete v\u00fdsledky tohtoro\u010dn\u00fdch lot\u00e9ri\u00ed a v\u00fdhern\u00e9 \u010d\u00edsla pre najv\u00e4\u010d\u0161ie lot\u00e9rie","breadcrumb":{"@id":"https:\/\/onlinelotto365.com\/sk\/vyherne-cisla\/#breadcrumb"},"inLanguage":"sk-SK","potentialAction":[{"@type":"ReadAction","target":["https:\/\/onlinelotto365.com\/sk\/vyherne-cisla\/"]}]},{"@type":"ImageObject","inLanguage":"sk-SK","@id":"https:\/\/onlinelotto365.com\/sk\/vyherne-cisla\/#primaryimage","url":"https:\/\/redfoxlotto.com\/image?size=8&amp;lottery=eurojackpot","contentUrl":"https:\/\/redfoxlotto.com\/image?size=8&amp;lottery=eurojackpot"},{"@type":"BreadcrumbList","@id":"https:\/\/onlinelotto365.com\/sk\/vyherne-cisla\/#breadcrumb","itemListElement":[{"@type":"ListItem","position":1,"name":"Home","item":"https:\/\/onlinelotto365.com\/sk\/"},{"@type":"ListItem","position":2,"name":"V\u00fdsledky lot\u00e9ri\u00ed"}]},{"@type":"WebSite","@id":"https:\/\/onlinelotto365.com\/sk\/#website","url":"https:\/\/onlinelotto365.com\/sk\/","name":"OnlineLotto365","description":"","potentialAction":[{"@type":"SearchAction","target":{"@type":"EntryPoint","urlTemplate":"https:\/\/onlinelotto365.com\/sk\/?s={search_term_string}"},"query-input":{"@type":"PropertyValueSpecification","valueRequired":true,"valueName":"search_term_string"}}],"inLanguage":"sk-SK"}]}},"_links":{"self":[{"href":"https:\/\/onlinelotto365.com\/sk\/wp-json\/wp\/v2\/pages\/5864","targetHints":{"allow":["GET"]}}],"collection":[{"href":"https:\/\/onlinelotto365.com\/sk\/wp-json\/wp\/v2\/pages"}],"about":[{"href":"https:\/\/onlinelotto365.com\/sk\/wp-json\/wp\/v2\/types\/page"}],"author":[{"embeddable":true,"href":"https:\/\/onlinelotto365.com\/sk\/wp-json\/wp\/v2\/users\/1"}],"replies":[{"embeddable":true,"href":"https:\/\/onlinelotto365.com\/sk\/wp-json\/wp\/v2\/comments?post=5864"}],"version-history":[{"count":0,"href":"https:\/\/onlinelotto365.com\/sk\/wp-json\/wp\/v2\/pages\/5864\/revisions"}],"wp:attachment":[{"href":"https:\/\/onlinelotto365.com\/sk\/wp-json\/wp\/v2\/media?parent=5864"}],"curies":[{"name":"wp","href":"https:\/\/api.w.org\/{rel}","templated":true}]}}