{"id":79129,"date":"2022-11-01T12:32:09","date_gmt":"2022-11-01T11:32:09","guid":{"rendered":"https:\/\/onlinelotto365.com\/?page_id=79129"},"modified":"2022-11-30T11:01:43","modified_gmt":"2022-11-30T10:01:43","slug":"mon-wed-lotto","status":"publish","type":"page","link":"https:\/\/onlinelotto365.com\/sk\/hrat\/mon-wed-lotto\/","title":{"rendered":"Hranie Mon &#038; Wed Lotto Australia je len jednou z mo\u017enost\u00ed pre fan\u00fa\u0161ikov lot\u00e9rie zo Slovenska"},"content":{"rendered":"<h2>Ako hra\u0165 Mon &amp; Wed Lotto Australia online<\/h2>\n<p>Ak sa nach\u00e1dzate na Slovensku, nemus\u00ed by\u0165 \u0165a\u017ek\u00e9 hra\u0165 Mon &amp; Wed Lotto Australia online. Sta\u010d\u00ed si len rozmyslie\u0165, ak\u00fdm sp\u00f4sobom to urob\u00edte a ako z\u00edskate \u017ereby, ktor\u00e9 chcete na \u010fal\u0161ie \u017erebovanie. V tom v\u00e1m m\u00f4\u017eeme pom\u00f4c\u0165.<\/p>\n<p>N\u00e1\u0161 syst\u00e9m sa postar\u00e1 o to, aby ste boli po cel\u00fd \u010das na spr\u00e1vnej ceste. Sta\u010d\u00ed si vytvori\u0165 \u00fa\u010det, vybra\u0165 si tikety a \u010d\u00edsla, ktor\u00e9 chcete, a potom za ne zaplati\u0165 preferovan\u00fdm sp\u00f4sobom platby. Len tak budete pripraven\u00ed a budete \u010daka\u0165 na \u010fal\u0161ie \u017erebovanie, aby ste si mohli skontrolova\u0165 svoje tikety.<\/p>\n<p>Ak ste pripraven\u00ed vybra\u0165 si tie prv\u00e9 tikety, sta\u010d\u00ed si vybra\u0165 t\u00fa spr\u00e1vnu hru. V tomto pr\u00edpade hovor\u00edme o hre Mon &amp; Wed Lotto Australia. Vyberte si teda spr\u00e1vnu hru a za\u010dnite vybera\u0165 \u010d\u00edsla.<br \/>\nAlebo si vyberte r\u00fdchly v\u00fdber, pri ktorom po\u010d\u00edta\u010d vyberie n\u00e1hodn\u00e9 \u010d\u00edsla za v\u00e1s. Dokonca m\u00f4\u017eete tieto \u010d\u00edsla e\u0161te upravi\u0165, ak si to rozmysl\u00edte, tak\u017ee pri ka\u017edom \u017erebovan\u00ed dostanete \u010d\u00edsla, ktor\u00e9 chcete.<\/p>\n<p>Ke\u010f si vyberiete \u010d\u00edsla pre Mon &amp; Wed Lotto Australia, m\u00f4\u017eete si vybra\u0165 tikety pre v\u0161etky ostatn\u00e9 hry, ktor\u00e9 chcete hra\u0165, a skontrolova\u0165 ich. Proces odhl\u00e1senia je bezpe\u010dn\u00fd a zabezpe\u010den\u00fd a tie\u017e zaru\u010duje, \u017ee si tikety kupujete pr\u00e1ve vy. Budete musie\u0165 overi\u0165 svoje konto (a vytvori\u0165 si ho) a potom m\u00f4\u017eete za\u010da\u0165 kupova\u0165 ak\u00e9ko\u013evek tikety.<\/p>\n<p>Sta\u010d\u00ed si vytvori\u0165 \u00fa\u010det s osobn\u00fdmi \u00fadajmi a klikn\u00fa\u0165 na odkaz v overovacom e-maile, ktor\u00fd v\u00e1m za\u0161leme. Ak ste si n\u00e1s e\u0161te nepridali do adres\u00e1ra, m\u00f4\u017ee sa nach\u00e1dza\u0165 v prie\u010dinku s nevy\u017eiadanou po\u0161tou, tak\u017ee si na\u0148 d\u00e1vajte pozor. Odtia\u013e bude va\u0161e konto pripraven\u00e9 a m\u00f4\u017eete za\u010da\u0165 kupova\u0165 v\u0161etky vstupenky, ktor\u00e9 chcete.<\/p>\n<p><a href=\"https:\/\/redfoxlotto.com\/play\/monday-wednesday-lotto-au\/?ref=a8564250a2&amp;medium=ol365\" target=\"_blank\" rel=\"noopener noreferrer\"><img decoding=\"async\" class=\"aligncenter\" src=\"https:\/\/redfoxlotto.com\/image?size=8&amp;lottery=monday-wednesday-lotto-au\" alt=\"Mon &amp;amp; Wed Lotto Australia\" \/><\/a><\/p>\n<h2>O programe Mon &amp; Wed Lotto Australia<\/h2>\n<ul>\n<li>Krajina: Austr\u00e1lia<\/li>\n<li>Rozsah hlavn\u00fdch \u010d\u00edsel: 45<\/li>\n<li>Mus\u00edte si vybra\u0165: 6<\/li>\n<li>Dni, hodiny \u017erebovania: Pondelok, streda, 21:30 GMT+11 &#8211; 10:30 CET<\/li>\n<li>Jackpot za\u010d\u00edna o: AU$ 2,5 mili\u00f3na<\/li>\n<li>Jackpot je obmedzen\u00fd na: fixn\u00fd jackpot<\/li>\n<li>\u0160anca na v\u00fdhru jackpotu: 1 k 8145060<\/li>\n<li>\u0160anca na v\u00fdhru druhej ceny: 1 ku 678755<\/li>\n<li>\u0160anca na v\u00fdhru akejko\u013evek ceny: 1 ku 85,44<\/li>\n<li>Po\u010det v\u00fdhern\u00fdch kateg\u00f3ri\u00ed: 6<\/li>\n<\/ul>\n<h2>Najlep\u0161ie vlastnosti programu Mon &amp; Wed Lotto Australia<\/h2>\n<p>V hre Mon &amp; Wed Lotto Australia, ktor\u00e1 sa \u010derp\u00e1 dvakr\u00e1t t\u00fd\u017edenne, m\u00e1te \u0161ancu z\u00edska\u0165 podiel na mili\u00f3nov\u00fdch cen\u00e1ch. A sta\u010d\u00ed, ak mu d\u00e1te \u0161ancu a dostanete sa do v\u00fdhern\u00e9ho fondu Div\u00edzie 1. Nikdy neviete, s \u010d\u00edm m\u00f4\u017eete od\u00eds\u0165.<\/p>\n<h2>Ako skontrolova\u0165 v\u00fdsledky Mon &amp; Wed Lotto Australia<\/h2>\n<p>Pokia\u013e ide o kontrolu v\u00fdsledkov, mo\u017eno budete prekvapen\u00ed, na ak\u00e9 v\u0161etky miesta sa m\u00f4\u017eete dosta\u0165. M\u00f4\u017eete sa pozrie\u0165 na webov\u00fa str\u00e1nku lot\u00e9rie a zisti\u0165 \u010d\u00edsla hne\u010f po \u017erebovan\u00ed. Po \u017erebovan\u00ed m\u00f4\u017eete skontrolova\u0165 aj miestne noviny a telev\u00edzne stanice.<br \/>\nAk v\u0161ak chcete v\u00fdsledky z\u00edska\u0165 r\u00fdchlo a jednoducho, mali by ste sa pozrie\u0165 na na\u0161u webov\u00fa str\u00e1nku, kde ste si zak\u00fapili tikety. N\u00e1jdete tam nielen v\u00fdhern\u00e9 \u010d\u00edsla, ale aj porovnanie s va\u0161imi \u010d\u00edslami.<\/p>\n<h2>Hrali ste Mon &amp; Wed Lotto Australia online a vyhrali ste &#8211; \u010do bude \u010falej?<\/h2>\n<p>Pozrite si v\u00fdhern\u00e9 \u010d\u00edsla, svoje \u010d\u00edsla a ko\u013eko ste v hre vyhrali. Ak ste vyhrali menej ako 2500 eur, nemus\u00edte robi\u0165 ni\u010d. Peniaze u\u017e bud\u00fa na va\u0161om \u00fa\u010dte.<br \/>\nA ke\u010f ich u\u017e budete ma\u0165 na \u00fa\u010dte, sta\u010d\u00ed si ich vybra\u0165 (ak s\u00fa vy\u0161\u0161ie ako 10 \u20ac) alebo ich min\u00fa\u0165 na \u010fal\u0161ie \u017ereby lotto. Na \u00fa\u010dte si ich m\u00f4\u017eete necha\u0165 na m\u00ed\u0148anie tak dlho, ako budete chcie\u0165, tak\u017ee ich tam budete ma\u0165 v\u017edy.<br \/>\nAk v\u0161ak budete ma\u0165 \u0161\u0165astie a vyhr\u00e1te viac ako 2500 \u20ac, dostanete spr\u00e1vu od n\u00e1\u0161ho t\u00edmu podpory. Pom\u00f4\u017eu v\u00e1m vymyslie\u0165 \u010fal\u0161ie kroky vr\u00e1tane vyplnenia formul\u00e1ra \u017eiadosti o v\u00fdhru, aby ste ju z\u00edskali. A potom v\u00e1m bud\u00fa peniaze pouk\u00e1zan\u00e9 priamo na v\u00e1\u0161 bankov\u00fd \u00fa\u010det alebo zaslan\u00e9 \u0161ekom.<\/p>\n","protected":false},"excerpt":{"rendered":"<p>Ako hra\u0165 Mon &amp; Wed Lotto Australia online Ak sa nach\u00e1dzate na Slovensku, nemus\u00ed by\u0165 \u0165a\u017ek\u00e9 hra\u0165 Mon &amp; Wed Lotto Australia online. Sta\u010d\u00ed si len rozmyslie\u0165, ak\u00fdm sp\u00f4sobom to urob\u00edte a ako z\u00edskate \u017ereby, ktor\u00e9 chcete na \u010fal\u0161ie \u017erebovanie. V tom v\u00e1m m\u00f4\u017eeme pom\u00f4c\u0165. N\u00e1\u0161 syst\u00e9m sa postar\u00e1 o to, aby ste boli po [&hellip;]<\/p>\n","protected":false},"author":1,"featured_media":0,"parent":5034,"menu_order":16,"comment_status":"closed","ping_status":"closed","template":"template-rightsidebar.php","meta":{"_et_pb_use_builder":"","_et_pb_old_content":"","_et_gb_content_width":"","exclude_from_search":false,"footnotes":""},"class_list":["post-79129","page","type-page","status-publish","hentry"],"yoast_head":"<!-- This site is optimized with the Yoast SEO plugin v23.4 - https:\/\/yoast.com\/wordpress\/plugins\/seo\/ -->\n<title>Z\u00fa\u010dastnite sa Mon &amp; Wed Lotto Australia aj zo Slovenska<\/title>\n<meta name=\"description\" content=\"Chcete hra\u0165 austr\u00e1lske lotto Won &amp; Wed? Z\u00edskajte tikety tu!\" \/>\n<meta name=\"robots\" content=\"index, follow, max-snippet:-1, max-image-preview:large, max-video-preview:-1\" \/>\n<link rel=\"canonical\" href=\"https:\/\/onlinelotto365.com\/sk\/hrat\/mon-wed-lotto\/\" \/>\n<meta property=\"og:locale\" content=\"sk_SK\" \/>\n<meta property=\"og:type\" content=\"article\" \/>\n<meta property=\"og:title\" content=\"Z\u00fa\u010dastnite sa Mon &amp; Wed Lotto Australia aj zo Slovenska\" \/>\n<meta property=\"og:description\" content=\"Chcete hra\u0165 austr\u00e1lske lotto Won &amp; Wed? Z\u00edskajte tikety tu!\" \/>\n<meta property=\"og:url\" content=\"https:\/\/onlinelotto365.com\/sk\/hrat\/mon-wed-lotto\/\" \/>\n<meta property=\"og:site_name\" content=\"OnlineLotto365\" \/>\n<meta property=\"article:modified_time\" content=\"2022-11-30T10:01:43+00:00\" \/>\n<meta property=\"og:image\" content=\"https:\/\/redfoxlotto.com\/image?size=8&amp;lottery=monday-wednesday-lotto-au\" \/>\n<meta name=\"twitter:card\" content=\"summary_large_image\" \/>\n<meta name=\"twitter:label1\" content=\"Predpokladan\u00fd \u010das \u010d\u00edtania\" \/>\n\t<meta name=\"twitter:data1\" content=\"3 min\u00faty\" \/>\n<script type=\"application\/ld+json\" class=\"yoast-schema-graph\">{\"@context\":\"https:\/\/schema.org\",\"@graph\":[{\"@type\":\"WebPage\",\"@id\":\"https:\/\/onlinelotto365.com\/sk\/hrat\/mon-wed-lotto\/\",\"url\":\"https:\/\/onlinelotto365.com\/sk\/hrat\/mon-wed-lotto\/\",\"name\":\"Z\u00fa\u010dastnite sa Mon & Wed Lotto Australia aj zo Slovenska\",\"isPartOf\":{\"@id\":\"https:\/\/onlinelotto365.com\/sk\/#website\"},\"primaryImageOfPage\":{\"@id\":\"https:\/\/onlinelotto365.com\/sk\/hrat\/mon-wed-lotto\/#primaryimage\"},\"image\":{\"@id\":\"https:\/\/onlinelotto365.com\/sk\/hrat\/mon-wed-lotto\/#primaryimage\"},\"thumbnailUrl\":\"https:\/\/redfoxlotto.com\/image?size=8&amp;lottery=monday-wednesday-lotto-au\",\"datePublished\":\"2022-11-01T11:32:09+00:00\",\"dateModified\":\"2022-11-30T10:01:43+00:00\",\"description\":\"Chcete hra\u0165 austr\u00e1lske lotto Won & Wed? Z\u00edskajte tikety tu!\",\"breadcrumb\":{\"@id\":\"https:\/\/onlinelotto365.com\/sk\/hrat\/mon-wed-lotto\/#breadcrumb\"},\"inLanguage\":\"sk-SK\",\"potentialAction\":[{\"@type\":\"ReadAction\",\"target\":[\"https:\/\/onlinelotto365.com\/sk\/hrat\/mon-wed-lotto\/\"]}]},{\"@type\":\"ImageObject\",\"inLanguage\":\"sk-SK\",\"@id\":\"https:\/\/onlinelotto365.com\/sk\/hrat\/mon-wed-lotto\/#primaryimage\",\"url\":\"https:\/\/redfoxlotto.com\/image?size=8&amp;lottery=monday-wednesday-lotto-au\",\"contentUrl\":\"https:\/\/redfoxlotto.com\/image?size=8&amp;lottery=monday-wednesday-lotto-au\"},{\"@type\":\"BreadcrumbList\",\"@id\":\"https:\/\/onlinelotto365.com\/sk\/hrat\/mon-wed-lotto\/#breadcrumb\",\"itemListElement\":[{\"@type\":\"ListItem\",\"position\":1,\"name\":\"Home\",\"item\":\"https:\/\/onlinelotto365.com\/sk\/\"},{\"@type\":\"ListItem\",\"position\":2,\"name\":\"V\u0161etko, \u010do mus\u00edte vedie\u0165 o svojich mo\u017enostiach hra\u0165 najlep\u0161ie lot\u00e9rie online\",\"item\":\"https:\/\/onlinelotto365.com\/sk\/hrat\/\"},{\"@type\":\"ListItem\",\"position\":3,\"name\":\"Hranie Mon &#038; Wed Lotto Australia je len jednou z mo\u017enost\u00ed pre fan\u00fa\u0161ikov lot\u00e9rie zo Slovenska\"}]},{\"@type\":\"WebSite\",\"@id\":\"https:\/\/onlinelotto365.com\/sk\/#website\",\"url\":\"https:\/\/onlinelotto365.com\/sk\/\",\"name\":\"OnlineLotto365\",\"description\":\"\",\"potentialAction\":[{\"@type\":\"SearchAction\",\"target\":{\"@type\":\"EntryPoint\",\"urlTemplate\":\"https:\/\/onlinelotto365.com\/sk\/?s={search_term_string}\"},\"query-input\":{\"@type\":\"PropertyValueSpecification\",\"valueRequired\":true,\"valueName\":\"search_term_string\"}}],\"inLanguage\":\"sk-SK\"}]}<\/script>\n<!-- \/ Yoast SEO plugin. -->","yoast_head_json":{"title":"Z\u00fa\u010dastnite sa Mon & Wed Lotto Australia aj zo Slovenska","description":"Chcete hra\u0165 austr\u00e1lske lotto Won & Wed? Z\u00edskajte tikety tu!","robots":{"index":"index","follow":"follow","max-snippet":"max-snippet:-1","max-image-preview":"max-image-preview:large","max-video-preview":"max-video-preview:-1"},"canonical":"https:\/\/onlinelotto365.com\/sk\/hrat\/mon-wed-lotto\/","og_locale":"sk_SK","og_type":"article","og_title":"Z\u00fa\u010dastnite sa Mon & Wed Lotto Australia aj zo Slovenska","og_description":"Chcete hra\u0165 austr\u00e1lske lotto Won & Wed? Z\u00edskajte tikety tu!","og_url":"https:\/\/onlinelotto365.com\/sk\/hrat\/mon-wed-lotto\/","og_site_name":"OnlineLotto365","article_modified_time":"2022-11-30T10:01:43+00:00","og_image":[{"url":"https:\/\/redfoxlotto.com\/image?size=8&amp;lottery=monday-wednesday-lotto-au"}],"twitter_card":"summary_large_image","twitter_misc":{"Predpokladan\u00fd \u010das \u010d\u00edtania":"3 min\u00faty"},"schema":{"@context":"https:\/\/schema.org","@graph":[{"@type":"WebPage","@id":"https:\/\/onlinelotto365.com\/sk\/hrat\/mon-wed-lotto\/","url":"https:\/\/onlinelotto365.com\/sk\/hrat\/mon-wed-lotto\/","name":"Z\u00fa\u010dastnite sa Mon & Wed Lotto Australia aj zo Slovenska","isPartOf":{"@id":"https:\/\/onlinelotto365.com\/sk\/#website"},"primaryImageOfPage":{"@id":"https:\/\/onlinelotto365.com\/sk\/hrat\/mon-wed-lotto\/#primaryimage"},"image":{"@id":"https:\/\/onlinelotto365.com\/sk\/hrat\/mon-wed-lotto\/#primaryimage"},"thumbnailUrl":"https:\/\/redfoxlotto.com\/image?size=8&amp;lottery=monday-wednesday-lotto-au","datePublished":"2022-11-01T11:32:09+00:00","dateModified":"2022-11-30T10:01:43+00:00","description":"Chcete hra\u0165 austr\u00e1lske lotto Won & Wed? Z\u00edskajte tikety tu!","breadcrumb":{"@id":"https:\/\/onlinelotto365.com\/sk\/hrat\/mon-wed-lotto\/#breadcrumb"},"inLanguage":"sk-SK","potentialAction":[{"@type":"ReadAction","target":["https:\/\/onlinelotto365.com\/sk\/hrat\/mon-wed-lotto\/"]}]},{"@type":"ImageObject","inLanguage":"sk-SK","@id":"https:\/\/onlinelotto365.com\/sk\/hrat\/mon-wed-lotto\/#primaryimage","url":"https:\/\/redfoxlotto.com\/image?size=8&amp;lottery=monday-wednesday-lotto-au","contentUrl":"https:\/\/redfoxlotto.com\/image?size=8&amp;lottery=monday-wednesday-lotto-au"},{"@type":"BreadcrumbList","@id":"https:\/\/onlinelotto365.com\/sk\/hrat\/mon-wed-lotto\/#breadcrumb","itemListElement":[{"@type":"ListItem","position":1,"name":"Home","item":"https:\/\/onlinelotto365.com\/sk\/"},{"@type":"ListItem","position":2,"name":"V\u0161etko, \u010do mus\u00edte vedie\u0165 o svojich mo\u017enostiach hra\u0165 najlep\u0161ie lot\u00e9rie online","item":"https:\/\/onlinelotto365.com\/sk\/hrat\/"},{"@type":"ListItem","position":3,"name":"Hranie Mon &#038; Wed Lotto Australia je len jednou z mo\u017enost\u00ed pre fan\u00fa\u0161ikov lot\u00e9rie zo Slovenska"}]},{"@type":"WebSite","@id":"https:\/\/onlinelotto365.com\/sk\/#website","url":"https:\/\/onlinelotto365.com\/sk\/","name":"OnlineLotto365","description":"","potentialAction":[{"@type":"SearchAction","target":{"@type":"EntryPoint","urlTemplate":"https:\/\/onlinelotto365.com\/sk\/?s={search_term_string}"},"query-input":{"@type":"PropertyValueSpecification","valueRequired":true,"valueName":"search_term_string"}}],"inLanguage":"sk-SK"}]}},"_links":{"self":[{"href":"https:\/\/onlinelotto365.com\/sk\/wp-json\/wp\/v2\/pages\/79129","targetHints":{"allow":["GET"]}}],"collection":[{"href":"https:\/\/onlinelotto365.com\/sk\/wp-json\/wp\/v2\/pages"}],"about":[{"href":"https:\/\/onlinelotto365.com\/sk\/wp-json\/wp\/v2\/types\/page"}],"author":[{"embeddable":true,"href":"https:\/\/onlinelotto365.com\/sk\/wp-json\/wp\/v2\/users\/1"}],"replies":[{"embeddable":true,"href":"https:\/\/onlinelotto365.com\/sk\/wp-json\/wp\/v2\/comments?post=79129"}],"version-history":[{"count":0,"href":"https:\/\/onlinelotto365.com\/sk\/wp-json\/wp\/v2\/pages\/79129\/revisions"}],"up":[{"embeddable":true,"href":"https:\/\/onlinelotto365.com\/sk\/wp-json\/wp\/v2\/pages\/5034"}],"wp:attachment":[{"href":"https:\/\/onlinelotto365.com\/sk\/wp-json\/wp\/v2\/media?parent=79129"}],"curies":[{"name":"wp","href":"https:\/\/api.w.org\/{rel}","templated":true}]}}