{"id":79181,"date":"2022-11-02T08:50:41","date_gmt":"2022-11-02T07:50:41","guid":{"rendered":"https:\/\/onlinelotto365.com\/?page_id=79181"},"modified":"2022-11-02T08:50:41","modified_gmt":"2022-11-02T07:50:41","slug":"bonoloto","status":"publish","type":"page","link":"https:\/\/onlinelotto365.com\/sk\/hrat\/bonoloto\/","title":{"rendered":"Bonoloto je teraz dostupn\u00e9 v\u0161ade"},"content":{"rendered":"<h2>Ako hra\u0165 BonoLoto online<\/h2>\n<p>Hra\u0165 BonoLoto je jednoduch\u0161ie, ako si mysl\u00edte. Sta\u010d\u00ed vedie\u0165, kde za\u010da\u0165 a kde si k\u00fapi\u0165 vstupenky. A najlep\u0161ie miesto, kde m\u00f4\u017eete urobi\u0165 presne to, je u n\u00e1s, a to v nieko\u013ek\u00fdch jednoduch\u00fdch krokoch.<\/p>\n<p>N\u00e1\u0161 syst\u00e9m sa postar\u00e1 o to, aby o v\u00e1s bolo postaran\u00e9 od za\u010diatku a\u017e do konca. V\u0161etko, \u010do mus\u00edte urobi\u0165, je vytvori\u0165 si \u00faplne bezplatn\u00e9 konto a ste na ceste. Budete si m\u00f4c\u0165 vybra\u0165 zo v\u0161etk\u00fdch r\u00f4znych lotto hier, ktor\u00e9 m\u00e1me k dispoz\u00edcii, a vybra\u0165 si tikety a konkr\u00e9tne \u010d\u00edsla, ktor\u00e9 chcete. Potom m\u00f4\u017eete zaplati\u0165 preferovanou platobnou met\u00f3dou a m\u00e1te hotovo.<\/p>\n<p>Sta\u010d\u00ed, ak si pozriete r\u00f4zne lotto hry, ktor\u00e9 m\u00e1me k dispoz\u00edcii, a vyberiete si t\u00fa spr\u00e1vnu (BonoLoto). Odtia\u013e si vyberiete \u010d\u00edsla, ktor\u00e9 chcete hra\u0165. Ak ich vyberiete pr\u00edli\u0161 ve\u013ea alebo pr\u00edli\u0161 m\u00e1lo, nevad\u00ed, n\u00e1\u0161 syst\u00e9m v\u00e1s upozorn\u00ed pr\u00e1ve na to, \u010do mus\u00edte urobi\u0165, aby ste mohli svoj tiket opravi\u0165. Alebo sa m\u00f4\u017eete rozhodn\u00fa\u0165, \u017ee nech\u00e1te po\u010d\u00edta\u010d, aby v\u00e1m \u010d\u00edsla pride\u013eoval n\u00e1hodne.<\/p>\n<p>Po z\u00edskan\u00ed po\u017eadovan\u00fdch tiketov pre BonoLoto sa m\u00f4\u017eete rozhodn\u00fa\u0165 prida\u0165 aj tikety z in\u00fdch hier. Bude to ve\u013emi jednoduch\u00e9 a zaberie to len nieko\u013eko min\u00fat. Po\u010dk\u00e1te, k\u00fdm v\u00e1m pr\u00edde overovac\u00ed e-mail na e-mail, ktor\u00fd ste n\u00e1m poskytli, a kliknete na odkaz. To je v\u0161etko, \u010do je potrebn\u00e9, a va\u0161e konto bude nastaven\u00e9. Takto m\u00f4\u017eete pokra\u010dova\u0165 v n\u00e1kupe vstupeniek.<\/p>\n<p><a href=\"https:\/\/redfoxlotto.com\/play\/bonoloto\/?ref=a8564250a2&amp;medium=ol365\" target=\"_blank\" rel=\"noopener noreferrer\"><img decoding=\"async\" class=\"aligncenter\" src=\"https:\/\/redfoxlotto.com\/image?size=8&amp;lottery=bonoloto\" alt=\"Bono Lotto\" \/><\/a><\/p>\n<p>Nezabudnite si pre istotu pozrie\u0165 overovac\u00ed odkaz vo svojej be\u017enej e-mailovej schr\u00e1nke, ako aj v prie\u010dinku so spamom. Ak nie sme vo va\u0161om adres\u00e1ri, je mo\u017en\u00e9, \u017ee e-mail v prie\u010dinku be\u017en\u00e9ho \u00fa\u010dtu neuvid\u00edte.<\/p>\n<h2>O BonoLoto<\/h2>\n<ul>\n<li>Krajina: \u0160panielsko<\/li>\n<li>Hlavn\u00fd \u010d\u00edseln\u00fd rad: Bono Bono: 49<\/li>\n<li>Mus\u00edte si vybra\u0165: 6<\/li>\n<li>Dni, hodiny \u017erebovania: denne okrem nedele, 21:30 &#8211; 21:30 SE\u010c<\/li>\n<li>Jackpot za\u010d\u00edna na: \u20ac400.000<\/li>\n<li>Jackpot je obmedzen\u00fd na: \u017eiadny<\/li>\n<li>\u0160anca na v\u00fdhru: 1 k 13983816<\/li>\n<li>\u0160anca na v\u00fdhru druhej ceny: 1 ku 2330636<\/li>\n<li>\u0160anca na v\u00fdhru akejko\u013evek ceny: 1 ku 8,43<\/li>\n<li>Po\u010det v\u00fdhern\u00fdch kateg\u00f3ri\u00ed: 6<\/li>\n<\/ul>\n<h2>\nNajlep\u0161ie vlastnosti hry BonoLoto<\/h2>\n<p>BonoLoto je tu u\u017e pomerne dlho a za ten \u010das rozdalo mno\u017estvo cien. E\u0161te lep\u0161ie je, \u017ee ka\u017ed\u00fd t\u00fd\u017ede\u0148 m\u00e1 \u0161tyri r\u00f4zne \u017erebovania a p\u00f4vodne bola vytvoren\u00e1 ako cenovo dostupn\u00e1 mo\u017enos\u0165. St\u00e1le \u0148ou je a vy m\u00f4\u017eete vyhra\u0165 podiel 55 % z celkov\u00e9ho pr\u00edjmu na cen\u00e1ch.<\/p>\n<h2>Ako skontrolova\u0165 v\u00fdsledky BonoLoto<\/h2>\n<p>Ste pripraven\u00ed zisti\u0165, ak\u00e9 s\u00fa v\u00fdhern\u00e9 \u010d\u00edsla hry BonoLoto? Nu\u017e, je to vlastne celkom jednoduch\u00e9, preto\u017ee v\u0161etko, \u010do mus\u00edte urobi\u0165, je nav\u0161t\u00edvi\u0165 ofici\u00e1lnu webov\u00fa str\u00e1nku BonoLoto. Alebo sa m\u00f4\u017eete rozhodn\u00fa\u0165 skontrolova\u0165 miestne noviny a telev\u00edzne stanice. V\u0161etky tieto miesta informuj\u00fa o v\u00fdhern\u00fdch \u010d\u00edslach.<br \/>\nAle najlep\u0161ie je ur\u010dite \u00eds\u0165 na miesto, kde ste si k\u00fapili svoj tiket, teda pr\u00e1ve sem. Budete si m\u00f4c\u0165 pozrie\u0165 v\u00fdhern\u00e9 \u010d\u00edsla, ako aj svoje vlastn\u00e9 \u010d\u00edsla a ich porovnanie. Takto m\u00f4\u017eete okam\u017eite vidie\u0165 aj svoju v\u00fdhru. <img loading=\"lazy\" decoding=\"async\" class=\"alignright wp-image-3656\" src=\"https:\/\/onlinelotto365.com\/wp-content\/uploads\/2020\/11\/online_lottery-16-300x200.jpg\" alt=\"hra\u0165 bonoloto online\" width=\"215\" height=\"143\" srcset=\"https:\/\/onlinelotto365.com\/wp-content\/uploads\/2020\/11\/online_lottery-16-300x200.jpg 300w, https:\/\/onlinelotto365.com\/wp-content\/uploads\/2020\/11\/online_lottery-16.jpg 320w\" sizes=\"auto, (max-width: 215px) 100vw, 215px\" \/><\/p>\n<h2>Hrali ste BonoLoto online a vyhrali ste &#8211; \u010do bude nasledova\u0165?<\/h2>\n<p>Ak ste vyhrali menej ako 2500 eur, nemus\u00edte robi\u0165 ni\u010d. To preto, \u017ee si peniaze vyzdvihneme za v\u00e1s a ulo\u017e\u00edme ich priamo na v\u00e1\u0161 \u00fa\u010det. Budete ich tam ma\u0165 k dispoz\u00edcii, akoko\u013evek a kedyko\u013evek budete chcie\u0165. Alebo si ich m\u00f4\u017eete vybra\u0165 na svoj be\u017en\u00fd bankov\u00fd \u00fa\u010det, ak m\u00e1te aspo\u0148 10 \u20ac.<br \/>\nAk ste vyhrali viac ako 2500 \u20ac, budete si musie\u0165 po\u010dka\u0165 na spr\u00e1vu od n\u00e1\u0161ho t\u00edmu podpory, preto\u017ee s vyplaten\u00edm v\u00fdhry je spojen\u00fdch trochu viac \u00fakonov. Na\u0161\u0165astie v\u00e1m s t\u00fdmto procesom pom\u00f4\u017eeme a za\u010dneme ihne\u010f, tak\u017ee si m\u00f4\u017eete necha\u0165 posla\u0165 peniaze \u0161ekom alebo priamo na \u00fa\u010det.<\/p>\n","protected":false},"excerpt":{"rendered":"<p>Ako hra\u0165 BonoLoto online Hra\u0165 BonoLoto je jednoduch\u0161ie, ako si mysl\u00edte. Sta\u010d\u00ed vedie\u0165, kde za\u010da\u0165 a kde si k\u00fapi\u0165 vstupenky. A najlep\u0161ie miesto, kde m\u00f4\u017eete urobi\u0165 presne to, je u n\u00e1s, a to v nieko\u013ek\u00fdch jednoduch\u00fdch krokoch. N\u00e1\u0161 syst\u00e9m sa postar\u00e1 o to, aby o v\u00e1s bolo postaran\u00e9 od za\u010diatku a\u017e do konca. V\u0161etko, \u010do [&hellip;]<\/p>\n","protected":false},"author":1,"featured_media":0,"parent":5034,"menu_order":8,"comment_status":"closed","ping_status":"closed","template":"","meta":{"_et_pb_use_builder":"","_et_pb_old_content":"","_et_gb_content_width":"","exclude_from_search":false,"footnotes":""},"class_list":["post-79181","page","type-page","status-publish","hentry"],"yoast_head":"<!-- This site is optimized with the Yoast SEO plugin v23.4 - https:\/\/yoast.com\/wordpress\/plugins\/seo\/ -->\n<title>Ako hra\u0165 BonoLoto, ak \u017eijete na Slovensku<\/title>\n<meta name=\"description\" content=\"Leg\u00e1lne si objednajte vstupenky na hranie Bonoloto tu na na\u0161ej webovej str\u00e1nke\" \/>\n<meta name=\"robots\" content=\"index, follow, max-snippet:-1, max-image-preview:large, max-video-preview:-1\" \/>\n<link rel=\"canonical\" href=\"https:\/\/onlinelotto365.com\/sk\/hrat\/bonoloto\/\" \/>\n<meta property=\"og:locale\" content=\"sk_SK\" \/>\n<meta property=\"og:type\" content=\"article\" \/>\n<meta property=\"og:title\" content=\"Ako hra\u0165 BonoLoto, ak \u017eijete na Slovensku\" \/>\n<meta property=\"og:description\" content=\"Leg\u00e1lne si objednajte vstupenky na hranie Bonoloto tu na na\u0161ej webovej str\u00e1nke\" \/>\n<meta property=\"og:url\" content=\"https:\/\/onlinelotto365.com\/sk\/hrat\/bonoloto\/\" \/>\n<meta property=\"og:site_name\" content=\"OnlineLotto365\" \/>\n<meta property=\"og:image\" content=\"https:\/\/redfoxlotto.com\/image?size=8&amp;lottery=bonoloto\" \/>\n<meta name=\"twitter:card\" content=\"summary_large_image\" \/>\n<meta name=\"twitter:label1\" content=\"Predpokladan\u00fd \u010das \u010d\u00edtania\" \/>\n\t<meta name=\"twitter:data1\" content=\"3 min\u00faty\" \/>\n<script type=\"application\/ld+json\" class=\"yoast-schema-graph\">{\"@context\":\"https:\/\/schema.org\",\"@graph\":[{\"@type\":\"WebPage\",\"@id\":\"https:\/\/onlinelotto365.com\/sk\/hrat\/bonoloto\/\",\"url\":\"https:\/\/onlinelotto365.com\/sk\/hrat\/bonoloto\/\",\"name\":\"Ako hra\u0165 BonoLoto, ak \u017eijete na Slovensku\",\"isPartOf\":{\"@id\":\"https:\/\/onlinelotto365.com\/sk\/#website\"},\"primaryImageOfPage\":{\"@id\":\"https:\/\/onlinelotto365.com\/sk\/hrat\/bonoloto\/#primaryimage\"},\"image\":{\"@id\":\"https:\/\/onlinelotto365.com\/sk\/hrat\/bonoloto\/#primaryimage\"},\"thumbnailUrl\":\"https:\/\/redfoxlotto.com\/image?size=8&amp;lottery=bonoloto\",\"datePublished\":\"2022-11-02T07:50:41+00:00\",\"dateModified\":\"2022-11-02T07:50:41+00:00\",\"description\":\"Leg\u00e1lne si objednajte vstupenky na hranie Bonoloto tu na na\u0161ej webovej str\u00e1nke\",\"breadcrumb\":{\"@id\":\"https:\/\/onlinelotto365.com\/sk\/hrat\/bonoloto\/#breadcrumb\"},\"inLanguage\":\"sk-SK\",\"potentialAction\":[{\"@type\":\"ReadAction\",\"target\":[\"https:\/\/onlinelotto365.com\/sk\/hrat\/bonoloto\/\"]}]},{\"@type\":\"ImageObject\",\"inLanguage\":\"sk-SK\",\"@id\":\"https:\/\/onlinelotto365.com\/sk\/hrat\/bonoloto\/#primaryimage\",\"url\":\"https:\/\/redfoxlotto.com\/image?size=8&amp;lottery=bonoloto\",\"contentUrl\":\"https:\/\/redfoxlotto.com\/image?size=8&amp;lottery=bonoloto\"},{\"@type\":\"BreadcrumbList\",\"@id\":\"https:\/\/onlinelotto365.com\/sk\/hrat\/bonoloto\/#breadcrumb\",\"itemListElement\":[{\"@type\":\"ListItem\",\"position\":1,\"name\":\"Home\",\"item\":\"https:\/\/onlinelotto365.com\/sk\/\"},{\"@type\":\"ListItem\",\"position\":2,\"name\":\"V\u0161etko, \u010do mus\u00edte vedie\u0165 o svojich mo\u017enostiach hra\u0165 najlep\u0161ie lot\u00e9rie online\",\"item\":\"https:\/\/onlinelotto365.com\/sk\/hrat\/\"},{\"@type\":\"ListItem\",\"position\":3,\"name\":\"Bonoloto je teraz dostupn\u00e9 v\u0161ade\"}]},{\"@type\":\"WebSite\",\"@id\":\"https:\/\/onlinelotto365.com\/sk\/#website\",\"url\":\"https:\/\/onlinelotto365.com\/sk\/\",\"name\":\"OnlineLotto365\",\"description\":\"\",\"potentialAction\":[{\"@type\":\"SearchAction\",\"target\":{\"@type\":\"EntryPoint\",\"urlTemplate\":\"https:\/\/onlinelotto365.com\/sk\/?s={search_term_string}\"},\"query-input\":{\"@type\":\"PropertyValueSpecification\",\"valueRequired\":true,\"valueName\":\"search_term_string\"}}],\"inLanguage\":\"sk-SK\"}]}<\/script>\n<!-- \/ Yoast SEO plugin. -->","yoast_head_json":{"title":"Ako hra\u0165 BonoLoto, ak \u017eijete na Slovensku","description":"Leg\u00e1lne si objednajte vstupenky na hranie Bonoloto tu na na\u0161ej webovej str\u00e1nke","robots":{"index":"index","follow":"follow","max-snippet":"max-snippet:-1","max-image-preview":"max-image-preview:large","max-video-preview":"max-video-preview:-1"},"canonical":"https:\/\/onlinelotto365.com\/sk\/hrat\/bonoloto\/","og_locale":"sk_SK","og_type":"article","og_title":"Ako hra\u0165 BonoLoto, ak \u017eijete na Slovensku","og_description":"Leg\u00e1lne si objednajte vstupenky na hranie Bonoloto tu na na\u0161ej webovej str\u00e1nke","og_url":"https:\/\/onlinelotto365.com\/sk\/hrat\/bonoloto\/","og_site_name":"OnlineLotto365","og_image":[{"url":"https:\/\/redfoxlotto.com\/image?size=8&amp;lottery=bonoloto"}],"twitter_card":"summary_large_image","twitter_misc":{"Predpokladan\u00fd \u010das \u010d\u00edtania":"3 min\u00faty"},"schema":{"@context":"https:\/\/schema.org","@graph":[{"@type":"WebPage","@id":"https:\/\/onlinelotto365.com\/sk\/hrat\/bonoloto\/","url":"https:\/\/onlinelotto365.com\/sk\/hrat\/bonoloto\/","name":"Ako hra\u0165 BonoLoto, ak \u017eijete na Slovensku","isPartOf":{"@id":"https:\/\/onlinelotto365.com\/sk\/#website"},"primaryImageOfPage":{"@id":"https:\/\/onlinelotto365.com\/sk\/hrat\/bonoloto\/#primaryimage"},"image":{"@id":"https:\/\/onlinelotto365.com\/sk\/hrat\/bonoloto\/#primaryimage"},"thumbnailUrl":"https:\/\/redfoxlotto.com\/image?size=8&amp;lottery=bonoloto","datePublished":"2022-11-02T07:50:41+00:00","dateModified":"2022-11-02T07:50:41+00:00","description":"Leg\u00e1lne si objednajte vstupenky na hranie Bonoloto tu na na\u0161ej webovej str\u00e1nke","breadcrumb":{"@id":"https:\/\/onlinelotto365.com\/sk\/hrat\/bonoloto\/#breadcrumb"},"inLanguage":"sk-SK","potentialAction":[{"@type":"ReadAction","target":["https:\/\/onlinelotto365.com\/sk\/hrat\/bonoloto\/"]}]},{"@type":"ImageObject","inLanguage":"sk-SK","@id":"https:\/\/onlinelotto365.com\/sk\/hrat\/bonoloto\/#primaryimage","url":"https:\/\/redfoxlotto.com\/image?size=8&amp;lottery=bonoloto","contentUrl":"https:\/\/redfoxlotto.com\/image?size=8&amp;lottery=bonoloto"},{"@type":"BreadcrumbList","@id":"https:\/\/onlinelotto365.com\/sk\/hrat\/bonoloto\/#breadcrumb","itemListElement":[{"@type":"ListItem","position":1,"name":"Home","item":"https:\/\/onlinelotto365.com\/sk\/"},{"@type":"ListItem","position":2,"name":"V\u0161etko, \u010do mus\u00edte vedie\u0165 o svojich mo\u017enostiach hra\u0165 najlep\u0161ie lot\u00e9rie online","item":"https:\/\/onlinelotto365.com\/sk\/hrat\/"},{"@type":"ListItem","position":3,"name":"Bonoloto je teraz dostupn\u00e9 v\u0161ade"}]},{"@type":"WebSite","@id":"https:\/\/onlinelotto365.com\/sk\/#website","url":"https:\/\/onlinelotto365.com\/sk\/","name":"OnlineLotto365","description":"","potentialAction":[{"@type":"SearchAction","target":{"@type":"EntryPoint","urlTemplate":"https:\/\/onlinelotto365.com\/sk\/?s={search_term_string}"},"query-input":{"@type":"PropertyValueSpecification","valueRequired":true,"valueName":"search_term_string"}}],"inLanguage":"sk-SK"}]}},"_links":{"self":[{"href":"https:\/\/onlinelotto365.com\/sk\/wp-json\/wp\/v2\/pages\/79181","targetHints":{"allow":["GET"]}}],"collection":[{"href":"https:\/\/onlinelotto365.com\/sk\/wp-json\/wp\/v2\/pages"}],"about":[{"href":"https:\/\/onlinelotto365.com\/sk\/wp-json\/wp\/v2\/types\/page"}],"author":[{"embeddable":true,"href":"https:\/\/onlinelotto365.com\/sk\/wp-json\/wp\/v2\/users\/1"}],"replies":[{"embeddable":true,"href":"https:\/\/onlinelotto365.com\/sk\/wp-json\/wp\/v2\/comments?post=79181"}],"version-history":[{"count":0,"href":"https:\/\/onlinelotto365.com\/sk\/wp-json\/wp\/v2\/pages\/79181\/revisions"}],"up":[{"embeddable":true,"href":"https:\/\/onlinelotto365.com\/sk\/wp-json\/wp\/v2\/pages\/5034"}],"wp:attachment":[{"href":"https:\/\/onlinelotto365.com\/sk\/wp-json\/wp\/v2\/media?parent=79181"}],"curies":[{"name":"wp","href":"https:\/\/api.w.org\/{rel}","templated":true}]}}