{"id":79219,"date":"2022-11-02T11:46:47","date_gmt":"2022-11-02T10:46:47","guid":{"rendered":"https:\/\/onlinelotto365.com\/?page_id=79219"},"modified":"2022-11-02T11:46:57","modified_gmt":"2022-11-02T10:46:57","slug":"german-lotto","status":"publish","type":"page","link":"https:\/\/onlinelotto365.com\/sk\/hrat\/german-lotto\/","title":{"rendered":"Z\u00fa\u010dastni\u0165 sa nemeckej Lotto z in\u00fdch kraj\u00edn"},"content":{"rendered":"<p>Nemeck\u00e9 Lotto je jednou z najdlh\u0161ie funguj\u00facich lot\u00e9ri\u00ed na svete, ktor\u00e1 sa kon\u00e1 u\u017e viac ako 50 rokov. M\u00f4\u017eete sa stavi\u0165, \u017ee v\u0161etky tieto sk\u00fasenosti im ve\u013emi dobre sl\u00fa\u017eia a \u017ee s\u00fa jednou z v\u00e4\u010d\u0161\u00edch eur\u00f3pskych kraj\u00edn, ktor\u00e9 si ponechali vlastn\u00fa n\u00e1rodn\u00fa lot\u00e9riu namiesto spojenia s lot\u00e9riou EuroMillions. Nemci s\u00fa teda na svoje nemeck\u00e9 Lotto hrd\u00ed, ako sa patr\u00ed.<\/p>\n<p>Ak v\u0161ak \u017eijete na Slovensku a aj tak chcete hra\u0165 nemeck\u00e9 Lotto alebo ak\u00fako\u013evek in\u00fa ve\u013ek\u00fa lot\u00e9riu z cel\u00e9ho sveta, potom v\u00e1m u\u017e ni\u010d nebr\u00e1ni, aby ste tak urobili. V\u0161etko, \u010do mus\u00edte v s\u00fa\u010dasnosti urobi\u0165, je k\u00fapi\u0165 si tikety online. Ak ste zo Slovenska, st\u00e1le si m\u00f4\u017eete k\u00fapi\u0165 tikety do Nemeck\u00e9ho lota aj online.<\/p>\n<p>Samozrejme, mus\u00edte vedie\u0165, kde si takto m\u00f4\u017eete k\u00fapi\u0165 svoje losy, a pr\u00e1ve tu prich\u00e1dzame na rad my. T\u00fato slu\u017ebu online predaja \u017erebov lot\u00e9rie prev\u00e1dzkujeme u\u017e dlh\u0161\u00ed \u010das. Ako si iste viete predstavi\u0165, ide o najv\u00e4\u010d\u0161iu vec, ak\u00e1 sa kedy stala v oblasti lot\u00e9riov\u00e9ho hrania od vyn\u00e1jdenia lot\u00e9ri\u00ed.<\/p>\n<p><a href=\"https:\/\/redfoxlotto.com\/play\/lotto-6aus49\/?ref=a8564250a2&amp;medium=ol365\" target=\"_blank\" rel=\"noopener noreferrer\"><img decoding=\"async\" class=\"aligncenter\" src=\"https:\/\/redfoxlotto.com\/image?size=8&amp;lottery=lotto-6aus49\" alt=\"Nemeck\u00e9 6aus49\" \/><\/a><\/p>\n<h2>U\u017e nie ste obmedzen\u00ed len na lot\u00e9rie vo va\u0161ej oblasti<\/h2>\n<p>Ak ste ako v\u00e4\u010d\u0161ina hr\u00e1\u010dov lot\u00e9ri\u00ed, chcete hra\u0165 ve\u013ek\u00e9 lot\u00e9rie a ak m\u00e1te na v\u00fdber, chcete hra\u0165 viac ako len jednu. A\u017e doned\u00e1vna to v\u0161ak nebolo mo\u017en\u00e9. \u013dudia sa v\u0161ak \u010dudovali, pre\u010do to nejde, napr\u00edklad, pre\u010do si m\u00f4\u017eete k\u00fapi\u0165 takmer \u010doko\u013evek online okrem \u017erebov lot\u00e9rie?<\/p>\n<p>Vy\u017eadovalo si to sie\u0165 \u013eud\u00ed, ktor\u00ed by boli nasaden\u00ed, aby robili ponuky pre na\u0161ich z\u00e1kazn\u00edkov, \u010do znamenalo chodi\u0165 a kupova\u0165 tikety pre ka\u017ed\u00e9ho, v mnoh\u00fdch r\u00f4znych krajin\u00e1ch. Zah\u0155\u0148alo to aj riadenie sk\u00fasenost\u00ed z\u00e1kazn\u00edkov od miesta predaja a poskytovanie skvel\u00fdch slu\u017eieb, ktor\u00e9 \u013eudia o\u010dak\u00e1vaj\u00fa. <img loading=\"lazy\" decoding=\"async\" class=\" wp-image-1543 alignright\" src=\"https:\/\/onlinelotto365.com\/wp-content\/uploads\/2020\/11\/online_lottery-135.jpg\" alt=\"Hra\u0165 nemeck\u00e9 loto online\" width=\"305\" height=\"204\" \/><\/p>\n<h2>O nemeckej lot\u00e9rii<\/h2>\n<ul>\n<li>Krajina: Nemecko<\/li>\n<li>Hlavn\u00fd \u010d\u00edseln\u00fd rad: 49<\/li>\n<li>V\u00e1\u0161 tip: 6<\/li>\n<li>Rozsah dodato\u010dn\u00fdch \u010d\u00edsel: \u017eiadne<\/li>\n<li>Vyber\u00e1te: \u017eiadne<\/li>\n<li>Dni, hodiny \u017erebovania: Sobota, 20:25 CET, 20:25 CET<\/li>\n<li>Minim\u00e1lny jackpot: 1 mili\u00f3n EUR<\/li>\n<li>Maxim\u00e1lna v\u00fd\u0161ka jackpotu: bez obmedzenia<\/li>\n<li>Pravdepodobnos\u0165 v\u00fdhry jackpotu: 1 ku 125 854 344<\/li>\n<li>Pravdepodobnos\u0165 v\u00fdhry \u00farovne 2: 1 ku 13 983 816<\/li>\n<li>Pravdepodobnos\u0165 v\u00fdhry v ktorejko\u013evek \u00farovni: 1 ku 31<\/li>\n<li>Po\u010det v\u00fdhern\u00fdch \u00farovn\u00ed: 9<\/li>\n<\/ul>\n<p>V\u0161etky lot\u00e9rie, ktor\u00e9 v\u00e1m spr\u00edstup\u0148ujeme, s\u00fa prvotriedne hlavn\u00e9 lot\u00e9rie vr\u00e1tane nemeck\u00e9ho Lotta. Ak chcete hra\u0165 nemeck\u00e9 Lotto, vyberte si 6 \u010d\u00edsel z mo\u017en\u00fdch 49 spolu s bonusov\u00fdm \u010d\u00edslom od 1 do 9.\u00a0Ak \u00faspe\u0161ne traf\u00edte v\u0161etk\u00fdch 6 \u010d\u00edsel plus bonusov\u00e9 \u010d\u00edslo, \u010doskoro sa vyd\u00e1te na cestu do Nemecka, aby ste si vybrali nieko\u013eko mili\u00f3nov eur alebo viac.<\/p>\n<p>Vzh\u013eadom na men\u0161\u00ed po\u010det lopti\u010diek v bubne v porovnan\u00ed s mnoh\u00fdmi in\u00fdmi ve\u013ek\u00fdmi lot\u00e9riami je va\u0161a \u0161anca na v\u00fdhru jackpotu v nemeckom lote rozhodne vy\u0161\u0161ia. Nemeck\u00e9 Lotto, samozrejme, pon\u00faka okrem jackpotu aj \u010fal\u0161ie v\u00fdhry, tak ako v\u0161etky lot\u00e9rie, a okrem jackpotu je k dispoz\u00edcii celkom 7 ved\u013eaj\u0161\u00edch v\u00fdhier. Ak sa v\u00e1m podar\u00ed trafi\u0165 u\u017e 3 \u010d\u00edsla, dostanete v\u00fdplatu.<\/p>\n<h2>Dovo\u013ete n\u00e1m, aby sme boli va\u0161\u00edm sprievodcom nemeck\u00fdm lottom a \u010fal\u0161\u00edmi hrami<\/h2>\n<p>Vzh\u013eadom na to, ak\u00e9 popul\u00e1rne s\u00fa lot\u00e9rie na celom svete, ma\u0165 pr\u00edstup ku v\u0161etk\u00fdm dobr\u00fdm lot\u00e9ri\u00e1m je snom lot\u00e9riov\u00e9ho hr\u00e1\u010da. Pre\u010do hra\u0165 len jednu, ke\u010f namiesto toho m\u00f4\u017eete hra\u0165 to\u013eko, ko\u013eko chcete? Pre\u010do sa uspokoji\u0165 s jedn\u00fdm alebo dvoma \u017erebovaniami t\u00fd\u017edenne, ke\u010f ich m\u00f4\u017eete ma\u0165 desiatky, ak si to \u017eel\u00e1te? Pre\u010do sa tr\u00e1pi\u0165 s choden\u00edm do obchodu, ke\u010f si m\u00f4\u017eete k\u00fapi\u0165 v\u0161etky \u017ereby online?<\/p>\n<h2>Hrali ste nemeck\u00e9 Lotto online a vyhrali ste &#8211; \u010do bude \u010falej?<\/h2>\n<p>Pom\u00e1hame v\u00e1m na ka\u017edom kroku, od zaslania e-mailov\u00e9ho potvrdenia o n\u00e1kupe, cez e-mailov\u00e9 upozornenie v\u017edy, ke\u010f vyhr\u00e1te, a\u017e po pomoc s vyplaten\u00edm vyhran\u00fdch pe\u0148az\u00ed. V\u0161etko je to neuverite\u013ene jednoduch\u00e9.<\/p>\n","protected":false},"excerpt":{"rendered":"<p>Nemeck\u00e9 Lotto je jednou z najdlh\u0161ie funguj\u00facich lot\u00e9ri\u00ed na svete, ktor\u00e1 sa kon\u00e1 u\u017e viac ako 50 rokov. M\u00f4\u017eete sa stavi\u0165, \u017ee v\u0161etky tieto sk\u00fasenosti im ve\u013emi dobre sl\u00fa\u017eia a \u017ee s\u00fa jednou z v\u00e4\u010d\u0161\u00edch eur\u00f3pskych kraj\u00edn, ktor\u00e9 si ponechali vlastn\u00fa n\u00e1rodn\u00fa lot\u00e9riu namiesto spojenia s lot\u00e9riou EuroMillions. Nemci s\u00fa teda na svoje nemeck\u00e9 Lotto [&hellip;]<\/p>\n","protected":false},"author":1,"featured_media":0,"parent":5034,"menu_order":11,"comment_status":"closed","ping_status":"closed","template":"lotto-german.php","meta":{"_et_pb_use_builder":"","_et_pb_old_content":"","_et_gb_content_width":"","exclude_from_search":false,"footnotes":""},"class_list":["post-79219","page","type-page","status-publish","hentry"],"yoast_head":"<!-- This site is optimized with the Yoast SEO plugin v23.4 - https:\/\/yoast.com\/wordpress\/plugins\/seo\/ -->\n<title>Hra\u0165 nemeck\u00e9 Lotto online zo Slovenska | M\u00f4\u017eem sa z\u00fa\u010dastni\u0165 nemeck\u00e9ho Lotta, ak \u017eijem na Slovensku<\/title>\n<meta name=\"description\" content=\"Zahrajte si nemeck\u00e9 Lotto Lotto tu - na\u0161a slu\u017eba online tiketov to umo\u017e\u0148uje zo Slovenska\" \/>\n<meta name=\"robots\" content=\"index, follow, max-snippet:-1, max-image-preview:large, max-video-preview:-1\" \/>\n<link rel=\"canonical\" href=\"https:\/\/onlinelotto365.com\/sk\/hrat\/german-lotto\/\" \/>\n<meta property=\"og:locale\" content=\"sk_SK\" \/>\n<meta property=\"og:type\" content=\"article\" \/>\n<meta property=\"og:title\" content=\"Hra\u0165 nemeck\u00e9 Lotto online zo Slovenska | M\u00f4\u017eem sa z\u00fa\u010dastni\u0165 nemeck\u00e9ho Lotta, ak \u017eijem na Slovensku\" \/>\n<meta property=\"og:description\" content=\"Zahrajte si nemeck\u00e9 Lotto Lotto tu - na\u0161a slu\u017eba online tiketov to umo\u017e\u0148uje zo Slovenska\" \/>\n<meta property=\"og:url\" content=\"https:\/\/onlinelotto365.com\/sk\/hrat\/german-lotto\/\" \/>\n<meta property=\"og:site_name\" content=\"OnlineLotto365\" \/>\n<meta property=\"article:modified_time\" content=\"2022-11-02T10:46:57+00:00\" \/>\n<meta property=\"og:image\" content=\"https:\/\/redfoxlotto.com\/image?size=8&amp;lottery=lotto-6aus49\" \/>\n<meta name=\"twitter:card\" content=\"summary_large_image\" \/>\n<meta name=\"twitter:label1\" content=\"Predpokladan\u00fd \u010das \u010d\u00edtania\" \/>\n\t<meta name=\"twitter:data1\" content=\"3 min\u00faty\" \/>\n<script type=\"application\/ld+json\" class=\"yoast-schema-graph\">{\"@context\":\"https:\/\/schema.org\",\"@graph\":[{\"@type\":\"WebPage\",\"@id\":\"https:\/\/onlinelotto365.com\/sk\/hrat\/german-lotto\/\",\"url\":\"https:\/\/onlinelotto365.com\/sk\/hrat\/german-lotto\/\",\"name\":\"Hra\u0165 nemeck\u00e9 Lotto online zo Slovenska | M\u00f4\u017eem sa z\u00fa\u010dastni\u0165 nemeck\u00e9ho Lotta, ak \u017eijem na Slovensku\",\"isPartOf\":{\"@id\":\"https:\/\/onlinelotto365.com\/sk\/#website\"},\"primaryImageOfPage\":{\"@id\":\"https:\/\/onlinelotto365.com\/sk\/hrat\/german-lotto\/#primaryimage\"},\"image\":{\"@id\":\"https:\/\/onlinelotto365.com\/sk\/hrat\/german-lotto\/#primaryimage\"},\"thumbnailUrl\":\"https:\/\/redfoxlotto.com\/image?size=8&amp;lottery=lotto-6aus49\",\"datePublished\":\"2022-11-02T10:46:47+00:00\",\"dateModified\":\"2022-11-02T10:46:57+00:00\",\"description\":\"Zahrajte si nemeck\u00e9 Lotto Lotto tu - na\u0161a slu\u017eba online tiketov to umo\u017e\u0148uje zo Slovenska\",\"breadcrumb\":{\"@id\":\"https:\/\/onlinelotto365.com\/sk\/hrat\/german-lotto\/#breadcrumb\"},\"inLanguage\":\"sk-SK\",\"potentialAction\":[{\"@type\":\"ReadAction\",\"target\":[\"https:\/\/onlinelotto365.com\/sk\/hrat\/german-lotto\/\"]}]},{\"@type\":\"ImageObject\",\"inLanguage\":\"sk-SK\",\"@id\":\"https:\/\/onlinelotto365.com\/sk\/hrat\/german-lotto\/#primaryimage\",\"url\":\"https:\/\/redfoxlotto.com\/image?size=8&amp;lottery=lotto-6aus49\",\"contentUrl\":\"https:\/\/redfoxlotto.com\/image?size=8&amp;lottery=lotto-6aus49\"},{\"@type\":\"BreadcrumbList\",\"@id\":\"https:\/\/onlinelotto365.com\/sk\/hrat\/german-lotto\/#breadcrumb\",\"itemListElement\":[{\"@type\":\"ListItem\",\"position\":1,\"name\":\"Home\",\"item\":\"https:\/\/onlinelotto365.com\/sk\/\"},{\"@type\":\"ListItem\",\"position\":2,\"name\":\"V\u0161etko, \u010do mus\u00edte vedie\u0165 o svojich mo\u017enostiach hra\u0165 najlep\u0161ie lot\u00e9rie online\",\"item\":\"https:\/\/onlinelotto365.com\/sk\/hrat\/\"},{\"@type\":\"ListItem\",\"position\":3,\"name\":\"Z\u00fa\u010dastni\u0165 sa nemeckej Lotto z in\u00fdch kraj\u00edn\"}]},{\"@type\":\"WebSite\",\"@id\":\"https:\/\/onlinelotto365.com\/sk\/#website\",\"url\":\"https:\/\/onlinelotto365.com\/sk\/\",\"name\":\"OnlineLotto365\",\"description\":\"\",\"potentialAction\":[{\"@type\":\"SearchAction\",\"target\":{\"@type\":\"EntryPoint\",\"urlTemplate\":\"https:\/\/onlinelotto365.com\/sk\/?s={search_term_string}\"},\"query-input\":{\"@type\":\"PropertyValueSpecification\",\"valueRequired\":true,\"valueName\":\"search_term_string\"}}],\"inLanguage\":\"sk-SK\"}]}<\/script>\n<!-- \/ Yoast SEO plugin. -->","yoast_head_json":{"title":"Hra\u0165 nemeck\u00e9 Lotto online zo Slovenska | M\u00f4\u017eem sa z\u00fa\u010dastni\u0165 nemeck\u00e9ho Lotta, ak \u017eijem na Slovensku","description":"Zahrajte si nemeck\u00e9 Lotto Lotto tu - na\u0161a slu\u017eba online tiketov to umo\u017e\u0148uje zo Slovenska","robots":{"index":"index","follow":"follow","max-snippet":"max-snippet:-1","max-image-preview":"max-image-preview:large","max-video-preview":"max-video-preview:-1"},"canonical":"https:\/\/onlinelotto365.com\/sk\/hrat\/german-lotto\/","og_locale":"sk_SK","og_type":"article","og_title":"Hra\u0165 nemeck\u00e9 Lotto online zo Slovenska | M\u00f4\u017eem sa z\u00fa\u010dastni\u0165 nemeck\u00e9ho Lotta, ak \u017eijem na Slovensku","og_description":"Zahrajte si nemeck\u00e9 Lotto Lotto tu - na\u0161a slu\u017eba online tiketov to umo\u017e\u0148uje zo Slovenska","og_url":"https:\/\/onlinelotto365.com\/sk\/hrat\/german-lotto\/","og_site_name":"OnlineLotto365","article_modified_time":"2022-11-02T10:46:57+00:00","og_image":[{"url":"https:\/\/redfoxlotto.com\/image?size=8&amp;lottery=lotto-6aus49"}],"twitter_card":"summary_large_image","twitter_misc":{"Predpokladan\u00fd \u010das \u010d\u00edtania":"3 min\u00faty"},"schema":{"@context":"https:\/\/schema.org","@graph":[{"@type":"WebPage","@id":"https:\/\/onlinelotto365.com\/sk\/hrat\/german-lotto\/","url":"https:\/\/onlinelotto365.com\/sk\/hrat\/german-lotto\/","name":"Hra\u0165 nemeck\u00e9 Lotto online zo Slovenska | M\u00f4\u017eem sa z\u00fa\u010dastni\u0165 nemeck\u00e9ho Lotta, ak \u017eijem na Slovensku","isPartOf":{"@id":"https:\/\/onlinelotto365.com\/sk\/#website"},"primaryImageOfPage":{"@id":"https:\/\/onlinelotto365.com\/sk\/hrat\/german-lotto\/#primaryimage"},"image":{"@id":"https:\/\/onlinelotto365.com\/sk\/hrat\/german-lotto\/#primaryimage"},"thumbnailUrl":"https:\/\/redfoxlotto.com\/image?size=8&amp;lottery=lotto-6aus49","datePublished":"2022-11-02T10:46:47+00:00","dateModified":"2022-11-02T10:46:57+00:00","description":"Zahrajte si nemeck\u00e9 Lotto Lotto tu - na\u0161a slu\u017eba online tiketov to umo\u017e\u0148uje zo Slovenska","breadcrumb":{"@id":"https:\/\/onlinelotto365.com\/sk\/hrat\/german-lotto\/#breadcrumb"},"inLanguage":"sk-SK","potentialAction":[{"@type":"ReadAction","target":["https:\/\/onlinelotto365.com\/sk\/hrat\/german-lotto\/"]}]},{"@type":"ImageObject","inLanguage":"sk-SK","@id":"https:\/\/onlinelotto365.com\/sk\/hrat\/german-lotto\/#primaryimage","url":"https:\/\/redfoxlotto.com\/image?size=8&amp;lottery=lotto-6aus49","contentUrl":"https:\/\/redfoxlotto.com\/image?size=8&amp;lottery=lotto-6aus49"},{"@type":"BreadcrumbList","@id":"https:\/\/onlinelotto365.com\/sk\/hrat\/german-lotto\/#breadcrumb","itemListElement":[{"@type":"ListItem","position":1,"name":"Home","item":"https:\/\/onlinelotto365.com\/sk\/"},{"@type":"ListItem","position":2,"name":"V\u0161etko, \u010do mus\u00edte vedie\u0165 o svojich mo\u017enostiach hra\u0165 najlep\u0161ie lot\u00e9rie online","item":"https:\/\/onlinelotto365.com\/sk\/hrat\/"},{"@type":"ListItem","position":3,"name":"Z\u00fa\u010dastni\u0165 sa nemeckej Lotto z in\u00fdch kraj\u00edn"}]},{"@type":"WebSite","@id":"https:\/\/onlinelotto365.com\/sk\/#website","url":"https:\/\/onlinelotto365.com\/sk\/","name":"OnlineLotto365","description":"","potentialAction":[{"@type":"SearchAction","target":{"@type":"EntryPoint","urlTemplate":"https:\/\/onlinelotto365.com\/sk\/?s={search_term_string}"},"query-input":{"@type":"PropertyValueSpecification","valueRequired":true,"valueName":"search_term_string"}}],"inLanguage":"sk-SK"}]}},"_links":{"self":[{"href":"https:\/\/onlinelotto365.com\/sk\/wp-json\/wp\/v2\/pages\/79219","targetHints":{"allow":["GET"]}}],"collection":[{"href":"https:\/\/onlinelotto365.com\/sk\/wp-json\/wp\/v2\/pages"}],"about":[{"href":"https:\/\/onlinelotto365.com\/sk\/wp-json\/wp\/v2\/types\/page"}],"author":[{"embeddable":true,"href":"https:\/\/onlinelotto365.com\/sk\/wp-json\/wp\/v2\/users\/1"}],"replies":[{"embeddable":true,"href":"https:\/\/onlinelotto365.com\/sk\/wp-json\/wp\/v2\/comments?post=79219"}],"version-history":[{"count":0,"href":"https:\/\/onlinelotto365.com\/sk\/wp-json\/wp\/v2\/pages\/79219\/revisions"}],"up":[{"embeddable":true,"href":"https:\/\/onlinelotto365.com\/sk\/wp-json\/wp\/v2\/pages\/5034"}],"wp:attachment":[{"href":"https:\/\/onlinelotto365.com\/sk\/wp-json\/wp\/v2\/media?parent=79219"}],"curies":[{"name":"wp","href":"https:\/\/api.w.org\/{rel}","templated":true}]}}