{"id":79262,"date":"2022-11-03T08:41:54","date_gmt":"2022-11-03T07:41:54","guid":{"rendered":"https:\/\/onlinelotto365.com\/?page_id=79262"},"modified":"2022-11-03T08:50:14","modified_gmt":"2022-11-03T07:50:14","slug":"la-primitiva","status":"publish","type":"page","link":"https:\/\/onlinelotto365.com\/sk\/hrat\/la-primitiva\/","title":{"rendered":"Ako hra\u0165 \u0161panielsku lot\u00e9riu La Primitiva"},"content":{"rendered":"<h2>O spolo\u010dnosti La Primitiva<\/h2>\n<p>T\u00e1to lot\u00e9ria zo \u0160panielska je zn\u00e1ma aj pod n\u00e1zvom El Gordo, \u010do je v\u0161ak zav\u00e1dzaj\u00face. V skuto\u010dnosti je El Gordo prez\u00fdvka viano\u010dn\u00e9ho vydania lot\u00e9rie La Primitiva. Zatia\u013e \u010do La Primitiva m\u00f4\u017eete hra\u0165 po cel\u00fd rok, El Gordo sa pon\u00faka len na Vianoce. La Primitivu m\u00f4\u017eu obyvatelia Slovenska hra\u0165 online prostredn\u00edctvom na\u0161ej webovej str\u00e1nky.<\/p>\n<p>La Primitiva sa \u017erebuje dvakr\u00e1t t\u00fd\u017edenne. \u0160ance na v\u00fdhru jackpotu s\u00fa pomerne vysok\u00e9, preto\u017ee v hre nie s\u00fa \u017eiadne \u010d\u00edsla navy\u0161e.<\/p>\n<p><a href=\"https:\/\/redfoxlotto.com\/play\/la-primitiva\/?ref=a8564250a2&amp;medium=ol365\" target=\"_blank\" rel=\"noopener noreferrer\"><img decoding=\"async\" class=\"aligncenter\" src=\"https:\/\/redfoxlotto.com\/image?size=8&amp;lottery=la-primitiva\" alt=\"La Primitiva\" \/><\/a><\/p>\n<p>&nbsp;<\/p>\n<ul>\n<li>Krajina: \u0160panielsko<\/li>\n<li>Rozsah hlavn\u00fdch \u010d\u00edsel: 49<\/li>\n<li>Mus\u00edte si vybra\u0165: 6<\/li>\n<li>Extra \u010d\u00edsla:<\/li>\n<li>Mus\u00edte vybra\u0165: 1<\/li>\n<li>Dni, hodiny \u017erebovania: Stredoeur\u00f3psky \u010das: \u0161tvrtok, sobota, 21:30 SE\u010c &#8211; 21:30 SE\u010c<\/li>\n<li>Jackpot za\u010d\u00edna o: \u20ac.<\/li>\n<li>Jackpot je obmedzen\u00fd na: \u017eiadny<\/li>\n<li>\u0160anca na v\u00fdhru: 1 ku 15537573<\/li>\n<li>\u0160anca na v\u00fdhru druhej ceny: 1 k 542008<\/li>\n<li>\u0160anca na v\u00fdhru akejko\u013evek ceny: 1 ku 8,43<\/li>\n<li>Po\u010det v\u00fdhern\u00fdch kateg\u00f3ri\u00ed: 9<\/li>\n<\/ul>\n<h2>Najlep\u0161ie vlastnosti hry La Primitiva<\/h2>\n<p>Ako sme u\u017e spomenuli, skuto\u010dnos\u0165, \u017ee mus\u00edte zahra\u0165 len 6 \u010d\u00edsel zo 49 a \u017eiadne \u010fal\u0161ie \u010d\u00edsla, znamen\u00e1, \u017ee va\u0161e \u0161ance na v\u00fdhru jackpotu s\u00fa v skuto\u010dnosti celkom dobr\u00e9.<\/p>\n<h2>Ako skontrolova\u0165 v\u00fdsledky hry La Primitiva<\/h2>\n<p>Ak ste si tiket zak\u00fapili online zo Slovenska alebo z inej krajiny mimo \u0160panielska, n\u00e1js\u0165 v\u00fdhern\u00e9 \u010d\u00edsla a v\u00fd\u0161ku v\u00fdhry m\u00f4\u017ee by\u0165 zlo\u017eit\u00e9. Ale tu na na\u0161ej webovej str\u00e1nke uverej\u0148ujeme v\u00fdsledky hne\u010f po vy\u017erebovan\u00ed \u010d\u00edsel lot\u00e9rie La Primitiva. Svoj tiket si dokonca m\u00f4\u017eete pozrie\u0165 vo svojom hr\u00e1\u010dskom \u00fa\u010dte, kde okam\u017eite uvid\u00edte, ktor\u00e9 \u010d\u00edsla z v\u00e1\u0161ho tiketu sa zhoduj\u00fa s v\u00fdsledkami \u017erebovania.<\/p>\n<p><img loading=\"lazy\" decoding=\"async\" class=\"alignright size-full wp-image-905\" src=\"https:\/\/onlinelotto365.com\/wp-content\/uploads\/2020\/11\/online_lottery-71.jpg\" alt=\"hra\u0165 la primitiva\" width=\"302\" height=\"100\" \/><\/p>\n<h2>Hrali ste online La Primitiva a vyhrali ste &#8211; \u010do bude \u010falej?<\/h2>\n<p>Ak v\u00e1\u0161 tiket vyhral cenu ni\u017e\u0161iu ako 2500 eur, t\u00e1to v\u00fdhern\u00e1 suma bude na va\u0161om hr\u00e1\u010dskom \u00fa\u010dte hne\u010f po \u017erebovan\u00ed. Ak ste vyhrali vy\u0161\u0161iu cenu, kontaktujte n\u00e1\u0161 servisn\u00fd t\u00edm. Pom\u00f4\u017eu v\u00e1m nastavi\u0165 v\u00fdplatu, a to bu\u010f priamo na v\u00e1\u0161 bankov\u00fd \u00fa\u010det, alebo \u0161ekom.<\/p>\n","protected":false},"excerpt":{"rendered":"<p>O spolo\u010dnosti La Primitiva T\u00e1to lot\u00e9ria zo \u0160panielska je zn\u00e1ma aj pod n\u00e1zvom El Gordo, \u010do je v\u0161ak zav\u00e1dzaj\u00face. V skuto\u010dnosti je El Gordo prez\u00fdvka viano\u010dn\u00e9ho vydania lot\u00e9rie La Primitiva. Zatia\u013e \u010do La Primitiva m\u00f4\u017eete hra\u0165 po cel\u00fd rok, El Gordo sa pon\u00faka len na Vianoce. La Primitivu m\u00f4\u017eu obyvatelia Slovenska hra\u0165 online prostredn\u00edctvom na\u0161ej [&hellip;]<\/p>\n","protected":false},"author":1,"featured_media":0,"parent":5034,"menu_order":7,"comment_status":"closed","ping_status":"closed","template":"la-primitiva.php","meta":{"_et_pb_use_builder":"","_et_pb_old_content":"","_et_gb_content_width":"","exclude_from_search":false,"footnotes":""},"class_list":["post-79262","page","type-page","status-publish","hentry"],"yoast_head":"<!-- This site is optimized with the Yoast SEO plugin v23.4 - https:\/\/yoast.com\/wordpress\/plugins\/seo\/ -->\n<title>Hrajte La Primitiva \u0160panielsko online | La Primitiva zo Slovenska<\/title>\n<meta name=\"description\" content=\"\u0160panielsku lot\u00e9riu La Primitiva si teraz m\u00f4\u017eete zahra\u0165 online zo Slovenska\" \/>\n<meta name=\"robots\" content=\"index, follow, max-snippet:-1, max-image-preview:large, max-video-preview:-1\" \/>\n<link rel=\"canonical\" href=\"https:\/\/onlinelotto365.com\/sk\/hrat\/la-primitiva\/\" \/>\n<meta property=\"og:locale\" content=\"sk_SK\" \/>\n<meta property=\"og:type\" content=\"article\" \/>\n<meta property=\"og:title\" content=\"Hrajte La Primitiva \u0160panielsko online | La Primitiva zo Slovenska\" \/>\n<meta property=\"og:description\" content=\"\u0160panielsku lot\u00e9riu La Primitiva si teraz m\u00f4\u017eete zahra\u0165 online zo Slovenska\" \/>\n<meta property=\"og:url\" content=\"https:\/\/onlinelotto365.com\/sk\/hrat\/la-primitiva\/\" \/>\n<meta property=\"og:site_name\" content=\"OnlineLotto365\" \/>\n<meta property=\"article:modified_time\" content=\"2022-11-03T07:50:14+00:00\" \/>\n<meta property=\"og:image\" content=\"https:\/\/redfoxlotto.com\/image?size=8&amp;lottery=la-primitiva\" \/>\n<meta name=\"twitter:card\" content=\"summary_large_image\" \/>\n<meta name=\"twitter:label1\" content=\"Predpokladan\u00fd \u010das \u010d\u00edtania\" \/>\n\t<meta name=\"twitter:data1\" content=\"2 min\u00faty\" \/>\n<script type=\"application\/ld+json\" class=\"yoast-schema-graph\">{\"@context\":\"https:\/\/schema.org\",\"@graph\":[{\"@type\":\"WebPage\",\"@id\":\"https:\/\/onlinelotto365.com\/sk\/hrat\/la-primitiva\/\",\"url\":\"https:\/\/onlinelotto365.com\/sk\/hrat\/la-primitiva\/\",\"name\":\"Hrajte La Primitiva \u0160panielsko online | La Primitiva zo Slovenska\",\"isPartOf\":{\"@id\":\"https:\/\/onlinelotto365.com\/sk\/#website\"},\"primaryImageOfPage\":{\"@id\":\"https:\/\/onlinelotto365.com\/sk\/hrat\/la-primitiva\/#primaryimage\"},\"image\":{\"@id\":\"https:\/\/onlinelotto365.com\/sk\/hrat\/la-primitiva\/#primaryimage\"},\"thumbnailUrl\":\"https:\/\/redfoxlotto.com\/image?size=8&amp;lottery=la-primitiva\",\"datePublished\":\"2022-11-03T07:41:54+00:00\",\"dateModified\":\"2022-11-03T07:50:14+00:00\",\"description\":\"\u0160panielsku lot\u00e9riu La Primitiva si teraz m\u00f4\u017eete zahra\u0165 online zo Slovenska\",\"breadcrumb\":{\"@id\":\"https:\/\/onlinelotto365.com\/sk\/hrat\/la-primitiva\/#breadcrumb\"},\"inLanguage\":\"sk-SK\",\"potentialAction\":[{\"@type\":\"ReadAction\",\"target\":[\"https:\/\/onlinelotto365.com\/sk\/hrat\/la-primitiva\/\"]}]},{\"@type\":\"ImageObject\",\"inLanguage\":\"sk-SK\",\"@id\":\"https:\/\/onlinelotto365.com\/sk\/hrat\/la-primitiva\/#primaryimage\",\"url\":\"https:\/\/redfoxlotto.com\/image?size=8&amp;lottery=la-primitiva\",\"contentUrl\":\"https:\/\/redfoxlotto.com\/image?size=8&amp;lottery=la-primitiva\"},{\"@type\":\"BreadcrumbList\",\"@id\":\"https:\/\/onlinelotto365.com\/sk\/hrat\/la-primitiva\/#breadcrumb\",\"itemListElement\":[{\"@type\":\"ListItem\",\"position\":1,\"name\":\"Home\",\"item\":\"https:\/\/onlinelotto365.com\/sk\/\"},{\"@type\":\"ListItem\",\"position\":2,\"name\":\"V\u0161etko, \u010do mus\u00edte vedie\u0165 o svojich mo\u017enostiach hra\u0165 najlep\u0161ie lot\u00e9rie online\",\"item\":\"https:\/\/onlinelotto365.com\/sk\/hrat\/\"},{\"@type\":\"ListItem\",\"position\":3,\"name\":\"Ako hra\u0165 \u0161panielsku lot\u00e9riu La Primitiva\"}]},{\"@type\":\"WebSite\",\"@id\":\"https:\/\/onlinelotto365.com\/sk\/#website\",\"url\":\"https:\/\/onlinelotto365.com\/sk\/\",\"name\":\"OnlineLotto365\",\"description\":\"\",\"potentialAction\":[{\"@type\":\"SearchAction\",\"target\":{\"@type\":\"EntryPoint\",\"urlTemplate\":\"https:\/\/onlinelotto365.com\/sk\/?s={search_term_string}\"},\"query-input\":{\"@type\":\"PropertyValueSpecification\",\"valueRequired\":true,\"valueName\":\"search_term_string\"}}],\"inLanguage\":\"sk-SK\"}]}<\/script>\n<!-- \/ Yoast SEO plugin. -->","yoast_head_json":{"title":"Hrajte La Primitiva \u0160panielsko online | La Primitiva zo Slovenska","description":"\u0160panielsku lot\u00e9riu La Primitiva si teraz m\u00f4\u017eete zahra\u0165 online zo Slovenska","robots":{"index":"index","follow":"follow","max-snippet":"max-snippet:-1","max-image-preview":"max-image-preview:large","max-video-preview":"max-video-preview:-1"},"canonical":"https:\/\/onlinelotto365.com\/sk\/hrat\/la-primitiva\/","og_locale":"sk_SK","og_type":"article","og_title":"Hrajte La Primitiva \u0160panielsko online | La Primitiva zo Slovenska","og_description":"\u0160panielsku lot\u00e9riu La Primitiva si teraz m\u00f4\u017eete zahra\u0165 online zo Slovenska","og_url":"https:\/\/onlinelotto365.com\/sk\/hrat\/la-primitiva\/","og_site_name":"OnlineLotto365","article_modified_time":"2022-11-03T07:50:14+00:00","og_image":[{"url":"https:\/\/redfoxlotto.com\/image?size=8&amp;lottery=la-primitiva"}],"twitter_card":"summary_large_image","twitter_misc":{"Predpokladan\u00fd \u010das \u010d\u00edtania":"2 min\u00faty"},"schema":{"@context":"https:\/\/schema.org","@graph":[{"@type":"WebPage","@id":"https:\/\/onlinelotto365.com\/sk\/hrat\/la-primitiva\/","url":"https:\/\/onlinelotto365.com\/sk\/hrat\/la-primitiva\/","name":"Hrajte La Primitiva \u0160panielsko online | La Primitiva zo Slovenska","isPartOf":{"@id":"https:\/\/onlinelotto365.com\/sk\/#website"},"primaryImageOfPage":{"@id":"https:\/\/onlinelotto365.com\/sk\/hrat\/la-primitiva\/#primaryimage"},"image":{"@id":"https:\/\/onlinelotto365.com\/sk\/hrat\/la-primitiva\/#primaryimage"},"thumbnailUrl":"https:\/\/redfoxlotto.com\/image?size=8&amp;lottery=la-primitiva","datePublished":"2022-11-03T07:41:54+00:00","dateModified":"2022-11-03T07:50:14+00:00","description":"\u0160panielsku lot\u00e9riu La Primitiva si teraz m\u00f4\u017eete zahra\u0165 online zo Slovenska","breadcrumb":{"@id":"https:\/\/onlinelotto365.com\/sk\/hrat\/la-primitiva\/#breadcrumb"},"inLanguage":"sk-SK","potentialAction":[{"@type":"ReadAction","target":["https:\/\/onlinelotto365.com\/sk\/hrat\/la-primitiva\/"]}]},{"@type":"ImageObject","inLanguage":"sk-SK","@id":"https:\/\/onlinelotto365.com\/sk\/hrat\/la-primitiva\/#primaryimage","url":"https:\/\/redfoxlotto.com\/image?size=8&amp;lottery=la-primitiva","contentUrl":"https:\/\/redfoxlotto.com\/image?size=8&amp;lottery=la-primitiva"},{"@type":"BreadcrumbList","@id":"https:\/\/onlinelotto365.com\/sk\/hrat\/la-primitiva\/#breadcrumb","itemListElement":[{"@type":"ListItem","position":1,"name":"Home","item":"https:\/\/onlinelotto365.com\/sk\/"},{"@type":"ListItem","position":2,"name":"V\u0161etko, \u010do mus\u00edte vedie\u0165 o svojich mo\u017enostiach hra\u0165 najlep\u0161ie lot\u00e9rie online","item":"https:\/\/onlinelotto365.com\/sk\/hrat\/"},{"@type":"ListItem","position":3,"name":"Ako hra\u0165 \u0161panielsku lot\u00e9riu La Primitiva"}]},{"@type":"WebSite","@id":"https:\/\/onlinelotto365.com\/sk\/#website","url":"https:\/\/onlinelotto365.com\/sk\/","name":"OnlineLotto365","description":"","potentialAction":[{"@type":"SearchAction","target":{"@type":"EntryPoint","urlTemplate":"https:\/\/onlinelotto365.com\/sk\/?s={search_term_string}"},"query-input":{"@type":"PropertyValueSpecification","valueRequired":true,"valueName":"search_term_string"}}],"inLanguage":"sk-SK"}]}},"_links":{"self":[{"href":"https:\/\/onlinelotto365.com\/sk\/wp-json\/wp\/v2\/pages\/79262","targetHints":{"allow":["GET"]}}],"collection":[{"href":"https:\/\/onlinelotto365.com\/sk\/wp-json\/wp\/v2\/pages"}],"about":[{"href":"https:\/\/onlinelotto365.com\/sk\/wp-json\/wp\/v2\/types\/page"}],"author":[{"embeddable":true,"href":"https:\/\/onlinelotto365.com\/sk\/wp-json\/wp\/v2\/users\/1"}],"replies":[{"embeddable":true,"href":"https:\/\/onlinelotto365.com\/sk\/wp-json\/wp\/v2\/comments?post=79262"}],"version-history":[{"count":0,"href":"https:\/\/onlinelotto365.com\/sk\/wp-json\/wp\/v2\/pages\/79262\/revisions"}],"up":[{"embeddable":true,"href":"https:\/\/onlinelotto365.com\/sk\/wp-json\/wp\/v2\/pages\/5034"}],"wp:attachment":[{"href":"https:\/\/onlinelotto365.com\/sk\/wp-json\/wp\/v2\/media?parent=79262"}],"curies":[{"name":"wp","href":"https:\/\/api.w.org\/{rel}","templated":true}]}}