{"id":79300,"date":"2022-11-03T10:31:36","date_gmt":"2022-11-03T09:31:36","guid":{"rendered":"https:\/\/onlinelotto365.com\/?page_id=79300"},"modified":"2022-11-03T10:31:47","modified_gmt":"2022-11-03T09:31:47","slug":"saturday-lotto-australia","status":"publish","type":"page","link":"https:\/\/onlinelotto365.com\/sk\/hrat\/saturday-lotto-australia\/","title":{"rendered":"Hra\u0165 v sobotu Lotto Austr\u00e1lia je len jednou z mo\u017enost\u00ed pre fan\u00fa\u0161ikov lot\u00e9rie zo Slovenska"},"content":{"rendered":"<h2>Ako hra\u0165 Saturday Lotto Australia online<\/h2>\n<p>Ak \u017eijete na Slovensku alebo inde, zist\u00edte, \u017ee hra\u0165 Saturday Lotto Australia nie je tak\u00e9 \u0165a\u017ek\u00e9, ako by ste si mohli myslie\u0165. Navy\u0161e budete ma\u0165 mo\u017enosti z\u00edska\u0165 tikety, ktor\u00e9 chcete, bez toho, aby ste pri tom museli str\u00e1vi\u0165 ve\u013ea \u010dasu, \u010do m\u00f4\u017ee by\u0165 lep\u0161ie ako toto?<\/p>\n<p>No a ve\u013ekou v\u00fdhodou bude ur\u010dite aj to, \u017ee v\u00e1m na tejto ceste pom\u00f4\u017eeme. M\u00f4\u017eete si vybra\u0165 v\u0161etky mo\u017enosti, ktor\u00e9 chcete, vytvori\u0165 si \u00fa\u010det, zak\u00fapi\u0165 si vstupenky a v\u0161etko ostatn\u00e9, \u010do potrebujete, s preferovanou platobnou met\u00f3dou v priebehu chv\u00ed\u013eky. A my sa postar\u00e1me o to, aby boli tieto vstupenky pre v\u00e1s pripraven\u00e9, ke\u010f pr\u00edde na rad \u017erebovanie.<\/p>\n<p>Sta\u010d\u00ed, ak si pozriete r\u00f4zne mo\u017enosti lota a vyberiete si Saturday Lotto Australia. Ke\u010f tak urob\u00edte, dostanete mo\u017enos\u0165 vybra\u0165 si \u010d\u00edsla pre ka\u017ed\u00fd tiket, ktor\u00fd chcete.<br \/>\nNemus\u00edte sa v\u0161ak ob\u00e1va\u0165, \u017ee si vyberiete nespr\u00e1vne mno\u017estvo \u010d\u00edsel, preto\u017ee syst\u00e9m v\u00e1s navedie, aby ste z\u00edskali pr\u00e1ve to spr\u00e1vne mno\u017estvo. A ak si nie ste ist\u00ed, ak\u00e9 \u010d\u00edsla chcete, m\u00f4\u017eete jednoducho zvoli\u0165 r\u00fdchly v\u00fdber a necha\u0165 po\u010d\u00edta\u010d, aby vybral \u010d\u00edsla za v\u00e1s.<\/p>\n<p>Po z\u00edskan\u00ed vstupeniek si m\u00f4\u017eete vybra\u0165 \u010fal\u0161ie, vybra\u0165 si vstupenky na in\u00fa hru alebo len prida\u0165 do objedn\u00e1vky a pripravi\u0165 sa na n\u00e1kup. Pokladni\u010dn\u00fd proces je navrhnut\u00fd tak, aby bol \u010do najjednoduch\u0161\u00ed, tak\u017ee m\u00f4\u017eete zaplati\u0165 za svoje vstupenky a v okamihu pokra\u010dova\u0165 v ceste. Jedin\u00e9, \u010do mus\u00edte urobi\u0165, je vytvori\u0165 si \u00fa\u010det.<\/p>\n<p>Vytvorenie \u00fa\u010dtu je hra\u010dka, preto\u017ee nepotrebujeme ve\u013ea inform\u00e1ci\u00ed. A potom v\u00e1m po\u0161leme overovac\u00ed e-mail, aby ste mohli dokon\u010di\u0165 vytvorenie \u00fa\u010dtu. Majte na pam\u00e4ti, \u017ee m\u00f4\u017ee skon\u010di\u0165 v prie\u010dinku s nevy\u017eiadanou po\u0161tou (\u010do znamen\u00e1, \u017ee si n\u00e1s mus\u00edte prida\u0165 do adres\u00e1ra), a t\u00fdm z\u00edskate \u00fa\u010det a mo\u017enos\u0165 zak\u00fapi\u0165 si \u010fal\u0161ie vstupenky, kedyko\u013evek budete chcie\u0165.<\/p>\n<p><a href=\"https:\/\/redfoxlotto.com\/play\/saturday-lotto-au\/?ref=a8564250a2&amp;medium=ol365\" target=\"_blank\" rel=\"noopener noreferrer\"><img decoding=\"async\" class=\"aligncenter\" src=\"https:\/\/redfoxlotto.com\/image?size=8&amp;lottery=saturday-lotto-au\" alt=\"Saturday Lotto Austr\u00e1lia\" \/><\/a><\/p>\n<h2>O slu\u017ebe Saturday Lotto Australia<\/h2>\n<ul>\n<li>Krajina: Austr\u00e1lia<\/li>\n<li>Rozsah hlavn\u00fdch \u010d\u00edsel: 45<\/li>\n<li>Mus\u00edte si vybra\u0165: 6<\/li>\n<li>Dni, hodiny \u017erebovania: Sobota, 21:30 GMT+11 &#8211; 10:30 CET<\/li>\n<li>Jackpot za\u010d\u00edna o: AU$.<\/li>\n<li>Jackpot je obmedzen\u00fd na: AU$.<\/li>\n<li>\u0160anca na v\u00fdhru jackpotu: 1 k 8145060<\/li>\n<li>\u0160anca na v\u00fdhru druhej ceny: 1 ku 678755<\/li>\n<li>\u0160anca na v\u00fdhru akejko\u013evek ceny: 1 ku 85,44<\/li>\n<li>Po\u010det v\u00fdhern\u00fdch kateg\u00f3ri\u00ed: 6<\/li>\n<\/ul>\n<h2>Najlep\u0161ie vlastnosti Saturday Lotto Australia<\/h2>\n<p>Saturday Lotto Australia poskytuje mno\u017estvo \u0161anc\u00ed na v\u00fdhru a jackpot vo v\u00fd\u0161ke nieko\u013ek\u00fdch mili\u00f3nov. E\u0161te lep\u0161ie je, \u017ee v ka\u017edom \u017erebovan\u00ed s\u00fa st\u00e1tis\u00edce v\u00fdhercov. M\u00f4\u017eete vyhra\u0165 mal\u00fa cenu ni\u017e\u0161iu ako 10 dol\u00e1rov alebo m\u00f4\u017eete vyhra\u0165 ve\u013ek\u00e9 ceny, ktor\u00e9 predstavuj\u00fa st\u00e1tis\u00edce dol\u00e1rov. Sta\u010d\u00ed si len vybra\u0165 spr\u00e1vne \u010d\u00edsla.<\/p>\n<h2>Ako skontrolova\u0165 v\u00fdsledky sobot\u0148aj\u0161ieho Lotto Australia<\/h2>\n<p>Ke\u010f pr\u00edde \u010das skontrolova\u0165 v\u00fdsledky Saturday Lotto Australia, m\u00e1te nieko\u013eko r\u00f4znych mo\u017enost\u00ed. Prvou je pozrie\u0165 sa na ofici\u00e1lnu webov\u00fa str\u00e1nku lot\u00e9rie. T\u00e1 v\u017edy zverej\u0148uje v\u00fdhern\u00e9 \u010d\u00edsla po ich vy\u017erebovan\u00ed.<br \/>\nAk v\u0161ak \u017eijete v danej lokalite, m\u00f4\u017eete si pozrie\u0165 aj miestne noviny a telev\u00edzne kan\u00e1ly. Samozrejme, najjednoduch\u0161\u00ed a najlep\u0161\u00ed sp\u00f4sob kontroly je vr\u00e1ti\u0165 sa na na\u0161u webov\u00fa str\u00e1nku a prihl\u00e1si\u0165 sa do svojho \u00fa\u010dtu. Odtia\u013e si budete m\u00f4c\u0165 pozrie\u0165 najnov\u0161ie v\u00fdhern\u00e9 \u010d\u00edsla a tie\u017e ich porovna\u0165 so svojimi vlastn\u00fdmi.<\/p>\n<h2>Hrali ste Saturday Lotto Australia online a vyhrali ste &#8211; \u010do bude \u010falej?<\/h2>\n<p>Vyhrali ste nie\u010do pri poslednom \u017erebovan\u00ed? Ak \u00e1no, budete chcie\u0165 vedie\u0165, ko\u013eko, a to ovplyvn\u00ed sp\u00f4sob, ak\u00fdm dostanete svoje peniaze. Ka\u017ed\u00e1 suma ni\u017e\u0161ia ako 2500 \u20ac m\u00f4\u017ee by\u0165 pouk\u00e1zan\u00e1 priamo na v\u00e1\u0161 \u00fa\u010det, a to. To znamen\u00e1, \u017ee s \u0148ou m\u00f4\u017eete robi\u0165, \u010do sa v\u00e1m zachce, od jej v\u00fdberu (ak je vy\u0161\u0161ia ako 10 \u20ac) a\u017e po n\u00e1kup nieko\u013ek\u00fdch \u010fal\u0161\u00edch tiketov do tejto alebo inej hry, ktor\u00fa chcete.<br \/>\nNa druhej strane, ak ste mali to \u0161\u0165astie a vyhrali ste viac ako 2500 \u20ac, pom\u00f4\u017eeme v\u00e1m s procesom uplatnenia n\u00e1roku na v\u00fdhru, \u010do si vy\u017eaduje trochu viac \u00fasilia. V r\u00e1mci tohto procesu budete musie\u0165 vyplni\u0165 formul\u00e1r \u017eiadosti pre lot\u00e9riov\u00fa komisiu a rozhodn\u00fa\u0165 sa, \u010di chcete, aby v\u00e1m boli peniaze zaslan\u00e9 bankov\u00fdm prevodom alebo \u0161ekom. Je to len na v\u00e1s.<\/p>\n","protected":false},"excerpt":{"rendered":"<p>Ako hra\u0165 Saturday Lotto Australia online Ak \u017eijete na Slovensku alebo inde, zist\u00edte, \u017ee hra\u0165 Saturday Lotto Australia nie je tak\u00e9 \u0165a\u017ek\u00e9, ako by ste si mohli myslie\u0165. Navy\u0161e budete ma\u0165 mo\u017enosti z\u00edska\u0165 tikety, ktor\u00e9 chcete, bez toho, aby ste pri tom museli str\u00e1vi\u0165 ve\u013ea \u010dasu, \u010do m\u00f4\u017ee by\u0165 lep\u0161ie ako toto? No a ve\u013ekou [&hellip;]<\/p>\n","protected":false},"author":1,"featured_media":0,"parent":5034,"menu_order":15,"comment_status":"closed","ping_status":"closed","template":"saturday-lotto.php","meta":{"_et_pb_use_builder":"","_et_pb_old_content":"","_et_gb_content_width":"","exclude_from_search":false,"footnotes":""},"class_list":["post-79300","page","type-page","status-publish","hentry"],"yoast_head":"<!-- This site is optimized with the Yoast SEO plugin v23.4 - https:\/\/yoast.com\/wordpress\/plugins\/seo\/ -->\n<title>Na\u0161a slu\u017eba v\u00e1m umo\u017e\u0148uje hra\u0165 Saturday Lotto Australia online zo Slovenska<\/title>\n<meta name=\"description\" content=\"Aj v Austr\u00e1lii sa hr\u00e1 Saturday Lotto - zahrajte si ho teraz online\" \/>\n<meta name=\"robots\" content=\"index, follow, max-snippet:-1, max-image-preview:large, max-video-preview:-1\" \/>\n<link rel=\"canonical\" href=\"https:\/\/onlinelotto365.com\/sk\/hrat\/saturday-lotto-australia\/\" \/>\n<meta property=\"og:locale\" content=\"sk_SK\" \/>\n<meta property=\"og:type\" content=\"article\" \/>\n<meta property=\"og:title\" content=\"Na\u0161a slu\u017eba v\u00e1m umo\u017e\u0148uje hra\u0165 Saturday Lotto Australia online zo Slovenska\" \/>\n<meta property=\"og:description\" content=\"Aj v Austr\u00e1lii sa hr\u00e1 Saturday Lotto - zahrajte si ho teraz online\" \/>\n<meta property=\"og:url\" content=\"https:\/\/onlinelotto365.com\/sk\/hrat\/saturday-lotto-australia\/\" \/>\n<meta property=\"og:site_name\" content=\"OnlineLotto365\" \/>\n<meta property=\"article:modified_time\" content=\"2022-11-03T09:31:47+00:00\" \/>\n<meta property=\"og:image\" content=\"https:\/\/redfoxlotto.com\/image?size=8&amp;lottery=saturday-lotto-au\" \/>\n<meta name=\"twitter:card\" content=\"summary_large_image\" \/>\n<meta name=\"twitter:label1\" content=\"Predpokladan\u00fd \u010das \u010d\u00edtania\" \/>\n\t<meta name=\"twitter:data1\" content=\"3 min\u00faty\" \/>\n<script type=\"application\/ld+json\" class=\"yoast-schema-graph\">{\"@context\":\"https:\/\/schema.org\",\"@graph\":[{\"@type\":\"WebPage\",\"@id\":\"https:\/\/onlinelotto365.com\/sk\/hrat\/saturday-lotto-australia\/\",\"url\":\"https:\/\/onlinelotto365.com\/sk\/hrat\/saturday-lotto-australia\/\",\"name\":\"Na\u0161a slu\u017eba v\u00e1m umo\u017e\u0148uje hra\u0165 Saturday Lotto Australia online zo Slovenska\",\"isPartOf\":{\"@id\":\"https:\/\/onlinelotto365.com\/sk\/#website\"},\"primaryImageOfPage\":{\"@id\":\"https:\/\/onlinelotto365.com\/sk\/hrat\/saturday-lotto-australia\/#primaryimage\"},\"image\":{\"@id\":\"https:\/\/onlinelotto365.com\/sk\/hrat\/saturday-lotto-australia\/#primaryimage\"},\"thumbnailUrl\":\"https:\/\/redfoxlotto.com\/image?size=8&amp;lottery=saturday-lotto-au\",\"datePublished\":\"2022-11-03T09:31:36+00:00\",\"dateModified\":\"2022-11-03T09:31:47+00:00\",\"description\":\"Aj v Austr\u00e1lii sa hr\u00e1 Saturday Lotto - zahrajte si ho teraz online\",\"breadcrumb\":{\"@id\":\"https:\/\/onlinelotto365.com\/sk\/hrat\/saturday-lotto-australia\/#breadcrumb\"},\"inLanguage\":\"sk-SK\",\"potentialAction\":[{\"@type\":\"ReadAction\",\"target\":[\"https:\/\/onlinelotto365.com\/sk\/hrat\/saturday-lotto-australia\/\"]}]},{\"@type\":\"ImageObject\",\"inLanguage\":\"sk-SK\",\"@id\":\"https:\/\/onlinelotto365.com\/sk\/hrat\/saturday-lotto-australia\/#primaryimage\",\"url\":\"https:\/\/redfoxlotto.com\/image?size=8&amp;lottery=saturday-lotto-au\",\"contentUrl\":\"https:\/\/redfoxlotto.com\/image?size=8&amp;lottery=saturday-lotto-au\"},{\"@type\":\"BreadcrumbList\",\"@id\":\"https:\/\/onlinelotto365.com\/sk\/hrat\/saturday-lotto-australia\/#breadcrumb\",\"itemListElement\":[{\"@type\":\"ListItem\",\"position\":1,\"name\":\"Home\",\"item\":\"https:\/\/onlinelotto365.com\/sk\/\"},{\"@type\":\"ListItem\",\"position\":2,\"name\":\"V\u0161etko, \u010do mus\u00edte vedie\u0165 o svojich mo\u017enostiach hra\u0165 najlep\u0161ie lot\u00e9rie online\",\"item\":\"https:\/\/onlinelotto365.com\/sk\/hrat\/\"},{\"@type\":\"ListItem\",\"position\":3,\"name\":\"Hra\u0165 v sobotu Lotto Austr\u00e1lia je len jednou z mo\u017enost\u00ed pre fan\u00fa\u0161ikov lot\u00e9rie zo Slovenska\"}]},{\"@type\":\"WebSite\",\"@id\":\"https:\/\/onlinelotto365.com\/sk\/#website\",\"url\":\"https:\/\/onlinelotto365.com\/sk\/\",\"name\":\"OnlineLotto365\",\"description\":\"\",\"potentialAction\":[{\"@type\":\"SearchAction\",\"target\":{\"@type\":\"EntryPoint\",\"urlTemplate\":\"https:\/\/onlinelotto365.com\/sk\/?s={search_term_string}\"},\"query-input\":{\"@type\":\"PropertyValueSpecification\",\"valueRequired\":true,\"valueName\":\"search_term_string\"}}],\"inLanguage\":\"sk-SK\"}]}<\/script>\n<!-- \/ Yoast SEO plugin. -->","yoast_head_json":{"title":"Na\u0161a slu\u017eba v\u00e1m umo\u017e\u0148uje hra\u0165 Saturday Lotto Australia online zo Slovenska","description":"Aj v Austr\u00e1lii sa hr\u00e1 Saturday Lotto - zahrajte si ho teraz online","robots":{"index":"index","follow":"follow","max-snippet":"max-snippet:-1","max-image-preview":"max-image-preview:large","max-video-preview":"max-video-preview:-1"},"canonical":"https:\/\/onlinelotto365.com\/sk\/hrat\/saturday-lotto-australia\/","og_locale":"sk_SK","og_type":"article","og_title":"Na\u0161a slu\u017eba v\u00e1m umo\u017e\u0148uje hra\u0165 Saturday Lotto Australia online zo Slovenska","og_description":"Aj v Austr\u00e1lii sa hr\u00e1 Saturday Lotto - zahrajte si ho teraz online","og_url":"https:\/\/onlinelotto365.com\/sk\/hrat\/saturday-lotto-australia\/","og_site_name":"OnlineLotto365","article_modified_time":"2022-11-03T09:31:47+00:00","og_image":[{"url":"https:\/\/redfoxlotto.com\/image?size=8&amp;lottery=saturday-lotto-au"}],"twitter_card":"summary_large_image","twitter_misc":{"Predpokladan\u00fd \u010das \u010d\u00edtania":"3 min\u00faty"},"schema":{"@context":"https:\/\/schema.org","@graph":[{"@type":"WebPage","@id":"https:\/\/onlinelotto365.com\/sk\/hrat\/saturday-lotto-australia\/","url":"https:\/\/onlinelotto365.com\/sk\/hrat\/saturday-lotto-australia\/","name":"Na\u0161a slu\u017eba v\u00e1m umo\u017e\u0148uje hra\u0165 Saturday Lotto Australia online zo Slovenska","isPartOf":{"@id":"https:\/\/onlinelotto365.com\/sk\/#website"},"primaryImageOfPage":{"@id":"https:\/\/onlinelotto365.com\/sk\/hrat\/saturday-lotto-australia\/#primaryimage"},"image":{"@id":"https:\/\/onlinelotto365.com\/sk\/hrat\/saturday-lotto-australia\/#primaryimage"},"thumbnailUrl":"https:\/\/redfoxlotto.com\/image?size=8&amp;lottery=saturday-lotto-au","datePublished":"2022-11-03T09:31:36+00:00","dateModified":"2022-11-03T09:31:47+00:00","description":"Aj v Austr\u00e1lii sa hr\u00e1 Saturday Lotto - zahrajte si ho teraz online","breadcrumb":{"@id":"https:\/\/onlinelotto365.com\/sk\/hrat\/saturday-lotto-australia\/#breadcrumb"},"inLanguage":"sk-SK","potentialAction":[{"@type":"ReadAction","target":["https:\/\/onlinelotto365.com\/sk\/hrat\/saturday-lotto-australia\/"]}]},{"@type":"ImageObject","inLanguage":"sk-SK","@id":"https:\/\/onlinelotto365.com\/sk\/hrat\/saturday-lotto-australia\/#primaryimage","url":"https:\/\/redfoxlotto.com\/image?size=8&amp;lottery=saturday-lotto-au","contentUrl":"https:\/\/redfoxlotto.com\/image?size=8&amp;lottery=saturday-lotto-au"},{"@type":"BreadcrumbList","@id":"https:\/\/onlinelotto365.com\/sk\/hrat\/saturday-lotto-australia\/#breadcrumb","itemListElement":[{"@type":"ListItem","position":1,"name":"Home","item":"https:\/\/onlinelotto365.com\/sk\/"},{"@type":"ListItem","position":2,"name":"V\u0161etko, \u010do mus\u00edte vedie\u0165 o svojich mo\u017enostiach hra\u0165 najlep\u0161ie lot\u00e9rie online","item":"https:\/\/onlinelotto365.com\/sk\/hrat\/"},{"@type":"ListItem","position":3,"name":"Hra\u0165 v sobotu Lotto Austr\u00e1lia je len jednou z mo\u017enost\u00ed pre fan\u00fa\u0161ikov lot\u00e9rie zo Slovenska"}]},{"@type":"WebSite","@id":"https:\/\/onlinelotto365.com\/sk\/#website","url":"https:\/\/onlinelotto365.com\/sk\/","name":"OnlineLotto365","description":"","potentialAction":[{"@type":"SearchAction","target":{"@type":"EntryPoint","urlTemplate":"https:\/\/onlinelotto365.com\/sk\/?s={search_term_string}"},"query-input":{"@type":"PropertyValueSpecification","valueRequired":true,"valueName":"search_term_string"}}],"inLanguage":"sk-SK"}]}},"_links":{"self":[{"href":"https:\/\/onlinelotto365.com\/sk\/wp-json\/wp\/v2\/pages\/79300","targetHints":{"allow":["GET"]}}],"collection":[{"href":"https:\/\/onlinelotto365.com\/sk\/wp-json\/wp\/v2\/pages"}],"about":[{"href":"https:\/\/onlinelotto365.com\/sk\/wp-json\/wp\/v2\/types\/page"}],"author":[{"embeddable":true,"href":"https:\/\/onlinelotto365.com\/sk\/wp-json\/wp\/v2\/users\/1"}],"replies":[{"embeddable":true,"href":"https:\/\/onlinelotto365.com\/sk\/wp-json\/wp\/v2\/comments?post=79300"}],"version-history":[{"count":0,"href":"https:\/\/onlinelotto365.com\/sk\/wp-json\/wp\/v2\/pages\/79300\/revisions"}],"up":[{"embeddable":true,"href":"https:\/\/onlinelotto365.com\/sk\/wp-json\/wp\/v2\/pages\/5034"}],"wp:attachment":[{"href":"https:\/\/onlinelotto365.com\/sk\/wp-json\/wp\/v2\/media?parent=79300"}],"curies":[{"name":"wp","href":"https:\/\/api.w.org\/{rel}","templated":true}]}}