{"id":79341,"date":"2022-11-03T12:24:51","date_gmt":"2022-11-03T11:24:51","guid":{"rendered":"https:\/\/onlinelotto365.com\/?page_id=79341"},"modified":"2022-11-03T12:25:13","modified_gmt":"2022-11-03T11:25:13","slug":"oz-lotto","status":"publish","type":"page","link":"https:\/\/onlinelotto365.com\/sk\/hrat\/oz-lotto\/","title":{"rendered":"Hranie Oz Lotto je len jednou z mo\u017enost\u00ed pre fan\u00fa\u0161ikov lot\u00e9rie zo Slovenska"},"content":{"rendered":"<h2>Ako hra\u0165 Oz Lotto online<\/h2>\n<p>\u010ci u\u017e \u017eijete na Slovensku, alebo nie, m\u00f4\u017eete hra\u0165 Oz Lotto online bez probl\u00e9mov. Sta\u010d\u00ed toti\u017e n\u00e1js\u0165 spr\u00e1vnu str\u00e1nku na na\u0161ej webovej str\u00e1nke, klikn\u00fa\u0165 na nieko\u013eko tla\u010didiel a sk\u00f4r, ako sa nazd\u00e1te, budete ma\u0165 k dispoz\u00edcii po\u017eadovan\u00e9 tikety.<\/p>\n<p>A \u010do je e\u0161te lep\u0161ie, sta\u010d\u00ed si zriadi\u0165 \u00faplne bezplatn\u00fd \u00fa\u010det, vybra\u0165 si tikety a \u010d\u00edsla, ktor\u00e9 chcete, zvoli\u0165 si sp\u00f4sob platby, ktor\u00fd v\u00e1m najviac vyhovuje, a je to. Je to naozaj tak\u00e9 jednoduch\u00e9.<\/p>\n<p>Ak ste pripraven\u00ed za\u010da\u0165, prv\u00e1 vec, ktor\u00fa mus\u00edte urobi\u0165, je vybra\u0165 si lotto, ktor\u00e9 chcete. V tomto pr\u00edpade si vyberiete Oz Lotto. Po vstupe si u\u017e len vyberiete \u010d\u00edsla, ktor\u00e9 chcete hra\u0165. Nemus\u00edte sa ani ob\u00e1va\u0165, \u017ee by ste si \u010d\u00edsla vybrali nespr\u00e1vne, preto\u017ee syst\u00e9m v\u00e1m d\u00e1 vedie\u0165, \u010do potrebujete.<\/p>\n<p>To znamen\u00e1 aj mno\u017estvo \u010d\u00edsel. Navy\u0161e si m\u00f4\u017eete vybra\u0165 r\u00fdchly v\u00fdber, aby v\u00e1m po\u010d\u00edta\u010d n\u00e1hodne vybral \u010d\u00edsla, a potom tieto \u010d\u00edsla aj upravi\u0165.<br \/>\nKe\u010f u\u017e m\u00e1te po\u017eadovan\u00e9 tikety pre Oz Lotto, m\u00f4\u017eete si vybra\u0165, \u010di chcete prida\u0165 e\u0161te viac tiketov, vybra\u0165 si in\u00fa hru a prida\u0165 tieto tikety, alebo len prida\u0165 svoje tikety do objedn\u00e1vky na n\u00e1kup. Poklad\u0148a a platba pomocou preferovan\u00e9ho sp\u00f4sobu platby a budete ma\u0165 v\u0161etko pripraven\u00e9. Aj ke\u010f si, samozrejme, budete musie\u0165 vytvori\u0165 \u00fa\u010det, aby ste sa dostali cez cel\u00fd proces objedn\u00e1vky.<\/p>\n<p>Vytvorenie \u00fa\u010dtu je jednoduch\u00e9 a okam\u017eite v\u00e1m za\u0161leme overovac\u00ed e-mail a odkaz. Takto sa m\u00f4\u017eete hne\u010f vrhn\u00fa\u0165 na n\u00e1kup t\u00fdchto vstupeniek bez toho, aby ste museli \u010daka\u0165. Len sa uistite, \u017ee kontrolujete svoju doru\u010den\u00fa po\u0161tu a prie\u010dinok so spamom, preto\u017ee bez potvrdenia nebudete m\u00f4c\u0165 z\u00edska\u0165 vstupenky. V okamihu budete pripraven\u00ed vyrazi\u0165.<br \/>\n<a href=\"https:\/\/redfoxlotto.com\/play\/oz-lotto\/?ref=a8564250a2&amp;medium=ol365\" target=\"_blank\" rel=\"noopener noreferrer\"><img decoding=\"async\" class=\"aligncenter\" src=\"https:\/\/redfoxlotto.com\/image?size=8&amp;lottery=oz-lotto\" alt=\"Oz Lotto\" \/><\/a><\/p>\n<h2>O Oz Lotto<\/h2>\n<ul>\n<li>Krajina: .<\/li>\n<li>Rozsah hlavn\u00fdch \u010d\u00edsel: 45<\/li>\n<li>Mus\u00edte si vybra\u0165: 7<\/li>\n<li>Dni, hodiny \u017erebovania: Utorok, 21:30 GMT+11 &#8211; 10:30 CET<\/li>\n<li>Jackpot za\u010d\u00edna o: AU$.<\/li>\n<li>Jackpot je obmedzen\u00fd na: \u017eiadny<\/li>\n<li>\u0160anca na v\u00fdhru: 1 ku 45379620<\/li>\n<li>\u0160anca na v\u00fdhru druhej ceny: 1 ku 3241401<\/li>\n<li>\u0160anca na v\u00fdhru akejko\u013evek ceny: 1 ku 54,59<\/li>\n<li>Po\u010det v\u00fdhern\u00fdch kateg\u00f3ri\u00ed: 7<\/li>\n<\/ul>\n<h2>Najlep\u0161ie vlastnosti Oz Lotto<\/h2>\n<p>Oz Lotto v\u00e1m d\u00e1va mo\u017enos\u0165 vyhra\u0165 v siedmich r\u00f4znych div\u00edzi\u00e1ch, \u010d\u00edm sa zvy\u0161uje va\u0161a \u0161anca vyhra\u0165 skvel\u00fa cenu. A nielen to, ak vyhr\u00e1te v div\u00edzii 1, m\u00e1te istotu, \u017ee si rozdel\u00edte v\u00fdhru 2 mili\u00f3ny dol\u00e1rov a \u010dasto aj ove\u013ea vy\u0161\u0161iu. To znamen\u00e1, \u017ee nebudete ma\u0165 probl\u00e9m vyhra\u0165 nie\u010do ve\u013ek\u00e9 alebo aspo\u0148 z\u00edska\u0165 podiel na jednej zo skvel\u00fdch mo\u017enost\u00ed v\u00fdhry.<\/p>\n<h2>Ako skontrolova\u0165 v\u00fdsledky hry Oz Lotto<\/h2>\n<p>Existuje ve\u013ea sp\u00f4sobov, ako skontrolova\u0165 v\u00fdhern\u00e9 \u010d\u00edsla programu Oz Lotto. Prv\u00fdm z nich je n\u00e1v\u0161teva ofici\u00e1lnej webovej str\u00e1nky alebo kontrola miestnych lot\u00e9ri\u00ed prostredn\u00edctvom vlastn\u00fdch nov\u00edn alebo ob\u013e\u00faben\u00e9ho spravodajsk\u00e9ho kan\u00e1lu. To v\u0161ak funguje len vtedy, ak je hra miestna. A najlep\u0161\u00ed sp\u00f4sob, ako m\u00f4\u017eete z\u00edska\u0165 \u010d\u00edsla lotta, je vr\u00e1ti\u0165 sa priamo na na\u0161u str\u00e1nku.<br \/>\nKoniec koncov, svoje tikety ste si k\u00fapili tu, tak pre\u010do nie? Budete sa m\u00f4c\u0165 prihl\u00e1si\u0165 priamo do svojho \u00fa\u010dtu a porovna\u0165 svoje \u010d\u00edsla s v\u00fdhern\u00fdmi \u010d\u00edslami, aby ste zistili, ko\u013eko ste vyhrali.<\/p>\n<h2>Ste v\u00ed\u0165azom programu Oz Lotto! &#8211; \u010co teraz?<\/h2>\n<p>Prv\u00e1 vec, ktor\u00fa budete chcie\u0165 vedie\u0165, je, ko\u013eko z\u00edskate. Koniec koncov, ka\u017ed\u00fd chce vedie\u0165 o svojej v\u00fdhre, v\u0161ak? Ak ste vyhrali menej ako 2500 EUR, nebudete musie\u0165 robi\u0165 ni\u010d. O vyzdvihnutie v\u00fdhry sa postar\u00e1me my a pouk\u00e1\u017eeme ju priamo na v\u00e1\u0161 online \u00fa\u010det. Odtia\u013e si m\u00f4\u017eete vybra\u0165, \u010di si ju vyberiete, k\u00fapite si nov\u00e9 tikety alebo \u010doko\u013evek in\u00e9, \u010do chcete, teda pokia\u013e m\u00e1te viac ako 10 \u20ac.<br \/>\n<img loading=\"lazy\" decoding=\"async\" class=\"alignright wp-image-3635\" src=\"https:\/\/onlinelotto365.com\/wp-content\/uploads\/2020\/11\/online_lottery-123-300x300.jpg\" alt=\"Hra\u0165 oz lotto online\" width=\"228\" height=\"228\" srcset=\"https:\/\/onlinelotto365.com\/wp-content\/uploads\/2020\/11\/online_lottery-123-300x300.jpg 300w, https:\/\/onlinelotto365.com\/wp-content\/uploads\/2020\/11\/online_lottery-123-100x100.jpg 100w, https:\/\/onlinelotto365.com\/wp-content\/uploads\/2020\/11\/online_lottery-123-150x150.jpg 150w, https:\/\/onlinelotto365.com\/wp-content\/uploads\/2020\/11\/online_lottery-123.jpg 320w\" sizes=\"auto, (max-width: 228px) 100vw, 228px\" \/><\/p>\n<p>Ak ste vyhrali viac ako 2500 \u20ac, je s t\u00fdmto procesom spojen\u00fdch trochu viac vec\u00ed, ale nebojte sa, preto\u017ee v\u00e1m so v\u0161etk\u00fdm pom\u00f4\u017eeme. Skontaktujeme sa s vami a poskytneme v\u00e1m k\u00f3piu formul\u00e1ra \u017eiadosti, ktor\u00fd je potrebn\u00e9 zasla\u0165 lot\u00e9riovej komisii. Po jeho vyplnen\u00ed budete m\u00f4c\u0165 z\u00edska\u0165 svoju v\u00fdhru pod\u013ea toho, \u010do ste na papieri predlo\u017eili. M\u00f4\u017eete dosta\u0165 \u0161ek alebo bankov\u00fd prevod.<\/p>\n","protected":false},"excerpt":{"rendered":"<p>Ako hra\u0165 Oz Lotto online \u010ci u\u017e \u017eijete na Slovensku, alebo nie, m\u00f4\u017eete hra\u0165 Oz Lotto online bez probl\u00e9mov. Sta\u010d\u00ed toti\u017e n\u00e1js\u0165 spr\u00e1vnu str\u00e1nku na na\u0161ej webovej str\u00e1nke, klikn\u00fa\u0165 na nieko\u013eko tla\u010didiel a sk\u00f4r, ako sa nazd\u00e1te, budete ma\u0165 k dispoz\u00edcii po\u017eadovan\u00e9 tikety. A \u010do je e\u0161te lep\u0161ie, sta\u010d\u00ed si zriadi\u0165 \u00faplne bezplatn\u00fd \u00fa\u010det, vybra\u0165 [&hellip;]<\/p>\n","protected":false},"author":1,"featured_media":0,"parent":5034,"menu_order":14,"comment_status":"closed","ping_status":"closed","template":"template-rightsidebar.php","meta":{"_et_pb_use_builder":"","_et_pb_old_content":"","_et_gb_content_width":"","exclude_from_search":false,"footnotes":""},"class_list":["post-79341","page","type-page","status-publish","hentry"],"yoast_head":"<!-- This site is optimized with the Yoast SEO plugin v23.4 - https:\/\/yoast.com\/wordpress\/plugins\/seo\/ -->\n<title>Zahrajte si Oz Lotto priamo tu - najv\u00e4\u010d\u0161ie lot\u00e9rie plan\u00e9ty, dostupn\u00e9 online zo Slovenska<\/title>\n<meta name=\"description\" content=\"Hrajte mnoh\u00e9 medzin\u00e1rodn\u00e9 lot\u00e9rie online, vr\u00e1tane OzLotto\" \/>\n<meta name=\"robots\" content=\"index, follow, max-snippet:-1, max-image-preview:large, max-video-preview:-1\" \/>\n<link rel=\"canonical\" href=\"https:\/\/onlinelotto365.com\/sk\/hrat\/oz-lotto\/\" \/>\n<meta property=\"og:locale\" content=\"sk_SK\" \/>\n<meta property=\"og:type\" content=\"article\" \/>\n<meta property=\"og:title\" content=\"Zahrajte si Oz Lotto priamo tu - najv\u00e4\u010d\u0161ie lot\u00e9rie plan\u00e9ty, dostupn\u00e9 online zo Slovenska\" \/>\n<meta property=\"og:description\" content=\"Hrajte mnoh\u00e9 medzin\u00e1rodn\u00e9 lot\u00e9rie online, vr\u00e1tane OzLotto\" \/>\n<meta property=\"og:url\" content=\"https:\/\/onlinelotto365.com\/sk\/hrat\/oz-lotto\/\" \/>\n<meta property=\"og:site_name\" content=\"OnlineLotto365\" \/>\n<meta property=\"article:modified_time\" content=\"2022-11-03T11:25:13+00:00\" \/>\n<meta property=\"og:image\" content=\"https:\/\/redfoxlotto.com\/image?size=8&amp;lottery=oz-lotto\" \/>\n<meta name=\"twitter:card\" content=\"summary_large_image\" \/>\n<meta name=\"twitter:label1\" content=\"Predpokladan\u00fd \u010das \u010d\u00edtania\" \/>\n\t<meta name=\"twitter:data1\" content=\"4 min\u00faty\" \/>\n<script type=\"application\/ld+json\" class=\"yoast-schema-graph\">{\"@context\":\"https:\/\/schema.org\",\"@graph\":[{\"@type\":\"WebPage\",\"@id\":\"https:\/\/onlinelotto365.com\/sk\/hrat\/oz-lotto\/\",\"url\":\"https:\/\/onlinelotto365.com\/sk\/hrat\/oz-lotto\/\",\"name\":\"Zahrajte si Oz Lotto priamo tu - najv\u00e4\u010d\u0161ie lot\u00e9rie plan\u00e9ty, dostupn\u00e9 online zo Slovenska\",\"isPartOf\":{\"@id\":\"https:\/\/onlinelotto365.com\/sk\/#website\"},\"primaryImageOfPage\":{\"@id\":\"https:\/\/onlinelotto365.com\/sk\/hrat\/oz-lotto\/#primaryimage\"},\"image\":{\"@id\":\"https:\/\/onlinelotto365.com\/sk\/hrat\/oz-lotto\/#primaryimage\"},\"thumbnailUrl\":\"https:\/\/redfoxlotto.com\/image?size=8&amp;lottery=oz-lotto\",\"datePublished\":\"2022-11-03T11:24:51+00:00\",\"dateModified\":\"2022-11-03T11:25:13+00:00\",\"description\":\"Hrajte mnoh\u00e9 medzin\u00e1rodn\u00e9 lot\u00e9rie online, vr\u00e1tane OzLotto\",\"breadcrumb\":{\"@id\":\"https:\/\/onlinelotto365.com\/sk\/hrat\/oz-lotto\/#breadcrumb\"},\"inLanguage\":\"sk-SK\",\"potentialAction\":[{\"@type\":\"ReadAction\",\"target\":[\"https:\/\/onlinelotto365.com\/sk\/hrat\/oz-lotto\/\"]}]},{\"@type\":\"ImageObject\",\"inLanguage\":\"sk-SK\",\"@id\":\"https:\/\/onlinelotto365.com\/sk\/hrat\/oz-lotto\/#primaryimage\",\"url\":\"https:\/\/redfoxlotto.com\/image?size=8&amp;lottery=oz-lotto\",\"contentUrl\":\"https:\/\/redfoxlotto.com\/image?size=8&amp;lottery=oz-lotto\"},{\"@type\":\"BreadcrumbList\",\"@id\":\"https:\/\/onlinelotto365.com\/sk\/hrat\/oz-lotto\/#breadcrumb\",\"itemListElement\":[{\"@type\":\"ListItem\",\"position\":1,\"name\":\"Home\",\"item\":\"https:\/\/onlinelotto365.com\/sk\/\"},{\"@type\":\"ListItem\",\"position\":2,\"name\":\"V\u0161etko, \u010do mus\u00edte vedie\u0165 o svojich mo\u017enostiach hra\u0165 najlep\u0161ie lot\u00e9rie online\",\"item\":\"https:\/\/onlinelotto365.com\/sk\/hrat\/\"},{\"@type\":\"ListItem\",\"position\":3,\"name\":\"Hranie Oz Lotto je len jednou z mo\u017enost\u00ed pre fan\u00fa\u0161ikov lot\u00e9rie zo Slovenska\"}]},{\"@type\":\"WebSite\",\"@id\":\"https:\/\/onlinelotto365.com\/sk\/#website\",\"url\":\"https:\/\/onlinelotto365.com\/sk\/\",\"name\":\"OnlineLotto365\",\"description\":\"\",\"potentialAction\":[{\"@type\":\"SearchAction\",\"target\":{\"@type\":\"EntryPoint\",\"urlTemplate\":\"https:\/\/onlinelotto365.com\/sk\/?s={search_term_string}\"},\"query-input\":{\"@type\":\"PropertyValueSpecification\",\"valueRequired\":true,\"valueName\":\"search_term_string\"}}],\"inLanguage\":\"sk-SK\"}]}<\/script>\n<!-- \/ Yoast SEO plugin. -->","yoast_head_json":{"title":"Zahrajte si Oz Lotto priamo tu - najv\u00e4\u010d\u0161ie lot\u00e9rie plan\u00e9ty, dostupn\u00e9 online zo Slovenska","description":"Hrajte mnoh\u00e9 medzin\u00e1rodn\u00e9 lot\u00e9rie online, vr\u00e1tane OzLotto","robots":{"index":"index","follow":"follow","max-snippet":"max-snippet:-1","max-image-preview":"max-image-preview:large","max-video-preview":"max-video-preview:-1"},"canonical":"https:\/\/onlinelotto365.com\/sk\/hrat\/oz-lotto\/","og_locale":"sk_SK","og_type":"article","og_title":"Zahrajte si Oz Lotto priamo tu - najv\u00e4\u010d\u0161ie lot\u00e9rie plan\u00e9ty, dostupn\u00e9 online zo Slovenska","og_description":"Hrajte mnoh\u00e9 medzin\u00e1rodn\u00e9 lot\u00e9rie online, vr\u00e1tane OzLotto","og_url":"https:\/\/onlinelotto365.com\/sk\/hrat\/oz-lotto\/","og_site_name":"OnlineLotto365","article_modified_time":"2022-11-03T11:25:13+00:00","og_image":[{"url":"https:\/\/redfoxlotto.com\/image?size=8&amp;lottery=oz-lotto"}],"twitter_card":"summary_large_image","twitter_misc":{"Predpokladan\u00fd \u010das \u010d\u00edtania":"4 min\u00faty"},"schema":{"@context":"https:\/\/schema.org","@graph":[{"@type":"WebPage","@id":"https:\/\/onlinelotto365.com\/sk\/hrat\/oz-lotto\/","url":"https:\/\/onlinelotto365.com\/sk\/hrat\/oz-lotto\/","name":"Zahrajte si Oz Lotto priamo tu - najv\u00e4\u010d\u0161ie lot\u00e9rie plan\u00e9ty, dostupn\u00e9 online zo Slovenska","isPartOf":{"@id":"https:\/\/onlinelotto365.com\/sk\/#website"},"primaryImageOfPage":{"@id":"https:\/\/onlinelotto365.com\/sk\/hrat\/oz-lotto\/#primaryimage"},"image":{"@id":"https:\/\/onlinelotto365.com\/sk\/hrat\/oz-lotto\/#primaryimage"},"thumbnailUrl":"https:\/\/redfoxlotto.com\/image?size=8&amp;lottery=oz-lotto","datePublished":"2022-11-03T11:24:51+00:00","dateModified":"2022-11-03T11:25:13+00:00","description":"Hrajte mnoh\u00e9 medzin\u00e1rodn\u00e9 lot\u00e9rie online, vr\u00e1tane OzLotto","breadcrumb":{"@id":"https:\/\/onlinelotto365.com\/sk\/hrat\/oz-lotto\/#breadcrumb"},"inLanguage":"sk-SK","potentialAction":[{"@type":"ReadAction","target":["https:\/\/onlinelotto365.com\/sk\/hrat\/oz-lotto\/"]}]},{"@type":"ImageObject","inLanguage":"sk-SK","@id":"https:\/\/onlinelotto365.com\/sk\/hrat\/oz-lotto\/#primaryimage","url":"https:\/\/redfoxlotto.com\/image?size=8&amp;lottery=oz-lotto","contentUrl":"https:\/\/redfoxlotto.com\/image?size=8&amp;lottery=oz-lotto"},{"@type":"BreadcrumbList","@id":"https:\/\/onlinelotto365.com\/sk\/hrat\/oz-lotto\/#breadcrumb","itemListElement":[{"@type":"ListItem","position":1,"name":"Home","item":"https:\/\/onlinelotto365.com\/sk\/"},{"@type":"ListItem","position":2,"name":"V\u0161etko, \u010do mus\u00edte vedie\u0165 o svojich mo\u017enostiach hra\u0165 najlep\u0161ie lot\u00e9rie online","item":"https:\/\/onlinelotto365.com\/sk\/hrat\/"},{"@type":"ListItem","position":3,"name":"Hranie Oz Lotto je len jednou z mo\u017enost\u00ed pre fan\u00fa\u0161ikov lot\u00e9rie zo Slovenska"}]},{"@type":"WebSite","@id":"https:\/\/onlinelotto365.com\/sk\/#website","url":"https:\/\/onlinelotto365.com\/sk\/","name":"OnlineLotto365","description":"","potentialAction":[{"@type":"SearchAction","target":{"@type":"EntryPoint","urlTemplate":"https:\/\/onlinelotto365.com\/sk\/?s={search_term_string}"},"query-input":{"@type":"PropertyValueSpecification","valueRequired":true,"valueName":"search_term_string"}}],"inLanguage":"sk-SK"}]}},"_links":{"self":[{"href":"https:\/\/onlinelotto365.com\/sk\/wp-json\/wp\/v2\/pages\/79341","targetHints":{"allow":["GET"]}}],"collection":[{"href":"https:\/\/onlinelotto365.com\/sk\/wp-json\/wp\/v2\/pages"}],"about":[{"href":"https:\/\/onlinelotto365.com\/sk\/wp-json\/wp\/v2\/types\/page"}],"author":[{"embeddable":true,"href":"https:\/\/onlinelotto365.com\/sk\/wp-json\/wp\/v2\/users\/1"}],"replies":[{"embeddable":true,"href":"https:\/\/onlinelotto365.com\/sk\/wp-json\/wp\/v2\/comments?post=79341"}],"version-history":[{"count":0,"href":"https:\/\/onlinelotto365.com\/sk\/wp-json\/wp\/v2\/pages\/79341\/revisions"}],"up":[{"embeddable":true,"href":"https:\/\/onlinelotto365.com\/sk\/wp-json\/wp\/v2\/pages\/5034"}],"wp:attachment":[{"href":"https:\/\/onlinelotto365.com\/sk\/wp-json\/wp\/v2\/media?parent=79341"}],"curies":[{"name":"wp","href":"https:\/\/api.w.org\/{rel}","templated":true}]}}