{"id":79386,"date":"2022-11-04T07:09:28","date_gmt":"2022-11-04T06:09:28","guid":{"rendered":"https:\/\/onlinelotto365.com\/?page_id=79386"},"modified":"2022-11-04T07:09:28","modified_gmt":"2022-11-04T06:09:28","slug":"powerball-australia","status":"publish","type":"page","link":"https:\/\/onlinelotto365.com\/sk\/hrat\/powerball-australia\/","title":{"rendered":"Powerball Austr\u00e1lia &#8211; u\u017e nie ste obmedzen\u00ed na svoje Slovensko lot\u00e9rie"},"content":{"rendered":"<h2>Ako hra\u0165 Powerball Australia online<\/h2>\n<p>Hra\u0165 Powerball Australia online je celkom jednoduch\u00e9, aj ke\u010f ste na Slovensku. A je to aj celkom pohodln\u00e9, preto\u017ee u\u017e ste tu, kde m\u00f4\u017eete z\u00edska\u0165 svoje tikety nieko\u013ek\u00fdmi kliknutiami my\u0161ou.<\/p>\n<p>Postar\u00e1me sa o v\u00e1s na ka\u017edom kroku, kde si sta\u010d\u00ed zalo\u017ei\u0165 bezplatn\u00fd \u00fa\u010det, urobi\u0165 v\u00fdber, vybra\u0165 si jednu z mnoh\u00fdch pohodln\u00fdch mo\u017enost\u00ed platby a o v\u0161etko ostatn\u00e9 sa postar\u00e1me my.<\/p>\n<p>Uistite sa, \u017ee ste klikli na spr\u00e1vnu lot\u00e9riu, konkr\u00e9tne na Powerball Australia. Potom si vyberte \u010d\u00edsla. Ak sa pok\u00fasite vybra\u0165 pr\u00edli\u0161 ve\u013ea \u010d\u00edsel alebo ste nevybrali dostato\u010dn\u00fd po\u010det \u010d\u00edsel, syst\u00e9m v\u00e1s vyzve, aby ste vybrali menej alebo viac \u010d\u00edsel. M\u00f4\u017eete tie\u017e klikn\u00fa\u0165 na tla\u010didlo r\u00fdchleho v\u00fdberu a str\u00e1nka za v\u00e1s n\u00e1hodne vyberie nieko\u013eko \u010d\u00edsel. Ak sa v\u00e1m tieto \u010d\u00edsla nep\u00e1\u010dia, m\u00f4\u017eete ich e\u0161te ru\u010dne upravi\u0165.<\/p>\n<p>Existuje aj met\u00f3da, ktor\u00fa mnoh\u00ed hr\u00e1\u010di radi pou\u017e\u00edvaj\u00fa &#8211; funkcia r\u00fdchleho v\u00fdberu. Alebo m\u00f4\u017eete ru\u010dne pou\u017ei\u0165 niektor\u00e9 zo svojich ob\u013e\u00faben\u00fdch \u010d\u00edsel a zvy\u0161ok necha\u0165 vybra\u0165 gener\u00e1tor n\u00e1hodn\u00fdch \u010d\u00edsel za v\u00e1s.<\/p>\n<p>Potom si m\u00f4\u017eete vybra\u0165 in\u00fa lot\u00e9riu, zahra\u0165 si \u010fal\u0161ie \u017ereby a prida\u0165 ich do svojej objedn\u00e1vky. Potom kliknite na mo\u017enos\u0165 odhl\u00e1senia a bezpe\u010dne zapla\u0165te za svoje tikety. V tomto okamihu si u n\u00e1s budete musie\u0165 vytvori\u0165 \u00fa\u010det. Samozrejme, m\u00f4\u017eete si tie\u017e najprv vytvori\u0165 \u00fa\u010det a potom za\u010da\u0165 proces objedn\u00e1vania tiketov.<\/p>\n<p>Po vytvoren\u00ed \u00fa\u010dtu v\u00e1m za\u0161leme overovac\u00ed e-mail s odkazom, na ktor\u00fd mus\u00edte klikn\u00fa\u0165. Nezabudnite si skontrolova\u0165 prie\u010dinok so spamom, \u010di sa v\u00e1m tento e-mail nezobraz\u00ed. Bolo by rozumn\u00e9 ozna\u010di\u0165 na\u0161u e-mailov\u00fa adresu ako d\u00f4veryhodn\u00e9ho odosielate\u013ea. T\u00fdm zabezpe\u010d\u00edte, \u017ee d\u00f4le\u017eit\u00e9 spr\u00e1vy, ako napr\u00edklad ozn\u00e1menia o v\u00fdhre, sa k v\u00e1m skuto\u010dne dostan\u00fa.<br \/>\n<a href=\"https:\/\/redfoxlotto.com\/play\/powerball-au\/?ref=a8564250a2&amp;medium=ol365\" target=\"_blank\" rel=\"noopener noreferrer\"><img decoding=\"async\" class=\"aligncenter\" src=\"https:\/\/redfoxlotto.com\/image?size=8&amp;lottery=powerball-au\" alt=\"Powerball Australia\" \/><\/a><\/p>\n<h2>O spolo\u010dnosti Powerball Australia<\/h2>\n<ul>\n<li>Austr\u00e1lia<\/li>\n<li>Rozsah hlavn\u00fdch \u010d\u00edsel: 35<\/li>\n<li>Mus\u00edte si vybra\u0165: 7<\/li>\n<li>Rozsah doplnkov\u00fdch \u010d\u00edsel: 20<\/li>\n<li>Mus\u00edte vybra\u0165: 1<\/li>\n<li>Dni, hodiny \u017erebovania: \u0160tvrtok, 21:30 GMT+11, 10:30 CET<\/li>\n<li>Jackpot za\u010d\u00edna o: AU$.<\/li>\n<li>Jackpot je obmedzen\u00fd na: AU$.<\/li>\n<li>\u0160anca na v\u00fdhru: 1 ku 134 490 400<\/li>\n<li>\u0160anca na druh\u00fa v\u00fdhru: 1 k 7 078 443<\/li>\n<li>\u0160anca na v\u00fdhru akejko\u013evek ceny: 1 ku 24,87<\/li>\n<li>Po\u010det v\u00fdhern\u00fdch kateg\u00f3ri\u00ed: 7<\/li>\n<\/ul>\n<h2>Ako skontrolova\u0165 v\u00fdsledky Powerball Australia<\/h2>\n<p>Na kontrolu v\u00fdsledkov m\u00f4\u017eete pou\u017ei\u0165 nieko\u013eko met\u00f3d. N\u00e1jdete ich na ofici\u00e1lnej webovej str\u00e1nke lot\u00e9rie. V pr\u00edpade niektor\u00fdch lot\u00e9ri\u00ed m\u00f4\u017eete n\u00e1js\u0165 v\u00fdhern\u00e9 \u010d\u00edsla v miestnych novin\u00e1ch alebo ich m\u00f4\u017ee vysiela\u0165 niektor\u00fd telev\u00edzny kan\u00e1l. Najjednoduch\u0161\u00edm sp\u00f4sobom je v\u0161ak vr\u00e1ti\u0165 sa na na\u0161u str\u00e1nku a skontrolova\u0165 najnov\u0161ie v\u00fdhern\u00e9 \u010d\u00edsla tu. Po prihl\u00e1sen\u00ed do svojho \u00fa\u010dtu m\u00f4\u017eete porovna\u0165 \u010d\u00edsla, ktor\u00e9 ste zahrali, s \u010d\u00edslami z \u017erebovania. A hne\u010f uvid\u00edte, ko\u013eko ste vyhrali.<\/p>\n<h2>Hrali ste Powerball Australia online a vyhrali ste &#8211; \u010do bude \u010falej?<\/h2>\n<p>Najprv by ste si mali skontrolova\u0165, ko\u013eko ste vyhrali. Ak je v\u00fdhra ni\u017e\u0161ia ako 2500 eur, n\u00e1jdete sumu prip\u00edsan\u00fa na v\u00e1\u0161 hr\u00e1\u010dsky \u00fa\u010det. Je na v\u00e1s, \u010di ju pou\u017eijete na n\u00e1kup \u010fal\u0161\u00edch tiketov, alebo, ak to uprednost\u0148ujete, si ju m\u00f4\u017eete vybra\u0165. Upozor\u0148ujeme, \u017ee mo\u017enos\u0165 v\u00fdberu je vidite\u013en\u00e1 len vtedy, ak je zostatok na va\u0161om \u00fa\u010dte aspo\u0148 10 \u20ac.<br \/>\n<img loading=\"lazy\" decoding=\"async\" class=\"alignright wp-image-1653\" src=\"https:\/\/onlinelotto365.com\/wp-content\/uploads\/2020\/11\/online_lottery-145-300x143.jpg\" alt=\"hra\u0165 powerball australia online\" width=\"413\" height=\"197\" \/><br \/>\nV pr\u00edpade v\u00fdhier nad 2500 \u20ac v\u00e1s bude kontaktova\u0165 na\u0161a podpora. Budete musie\u0165 vyplni\u0165 formul\u00e1r \u017eiadosti, ktor\u00fd n\u00e1sledne za\u0161leme lot\u00e9riovej komisii. Potom dostanete svoju v\u00fdhru bu\u010f bankov\u00fdm prevodom, alebo \u0161ekom, v z\u00e1vislosti od v\u00e1\u0161ho \u017eelania.<\/p>\n","protected":false},"excerpt":{"rendered":"<p>Ako hra\u0165 Powerball Australia online Hra\u0165 Powerball Australia online je celkom jednoduch\u00e9, aj ke\u010f ste na Slovensku. A je to aj celkom pohodln\u00e9, preto\u017ee u\u017e ste tu, kde m\u00f4\u017eete z\u00edska\u0165 svoje tikety nieko\u013ek\u00fdmi kliknutiami my\u0161ou. Postar\u00e1me sa o v\u00e1s na ka\u017edom kroku, kde si sta\u010d\u00ed zalo\u017ei\u0165 bezplatn\u00fd \u00fa\u010det, urobi\u0165 v\u00fdber, vybra\u0165 si jednu z mnoh\u00fdch [&hellip;]<\/p>\n","protected":false},"author":1,"featured_media":0,"parent":5034,"menu_order":13,"comment_status":"closed","ping_status":"closed","template":"powerball-au.php","meta":{"_et_pb_use_builder":"","_et_pb_old_content":"","_et_gb_content_width":"","exclude_from_search":false,"footnotes":""},"class_list":["post-79386","page","type-page","status-publish","hentry"],"yoast_head":"<!-- This site is optimized with the Yoast SEO plugin v23.4 - https:\/\/yoast.com\/wordpress\/plugins\/seo\/ -->\n<title>Hrajte Powerball Australia online zo Slovenska | M\u00f4\u017eem sa z\u00fa\u010dastni\u0165 Powerball Australia, ak \u017eijem na Slovensku<\/title>\n<meta name=\"description\" content=\"Zahrajte si Powerball Australia priamo tu - najv\u00e4\u010d\u0161ie lot\u00e9rie plan\u00e9ty, dostupn\u00e9 online zo Slovenska\" \/>\n<meta name=\"robots\" content=\"index, follow, max-snippet:-1, max-image-preview:large, max-video-preview:-1\" \/>\n<link rel=\"canonical\" href=\"https:\/\/onlinelotto365.com\/sk\/hrat\/powerball-australia\/\" \/>\n<meta property=\"og:locale\" content=\"sk_SK\" \/>\n<meta property=\"og:type\" content=\"article\" \/>\n<meta property=\"og:title\" content=\"Hrajte Powerball Australia online zo Slovenska | M\u00f4\u017eem sa z\u00fa\u010dastni\u0165 Powerball Australia, ak \u017eijem na Slovensku\" \/>\n<meta property=\"og:description\" content=\"Zahrajte si Powerball Australia priamo tu - najv\u00e4\u010d\u0161ie lot\u00e9rie plan\u00e9ty, dostupn\u00e9 online zo Slovenska\" \/>\n<meta property=\"og:url\" content=\"https:\/\/onlinelotto365.com\/sk\/hrat\/powerball-australia\/\" \/>\n<meta property=\"og:site_name\" content=\"OnlineLotto365\" \/>\n<meta property=\"og:image\" content=\"https:\/\/redfoxlotto.com\/image?size=8&amp;lottery=powerball-au\" \/>\n<meta name=\"twitter:card\" content=\"summary_large_image\" \/>\n<meta name=\"twitter:label1\" content=\"Predpokladan\u00fd \u010das \u010d\u00edtania\" \/>\n\t<meta name=\"twitter:data1\" content=\"3 min\u00faty\" \/>\n<script type=\"application\/ld+json\" class=\"yoast-schema-graph\">{\"@context\":\"https:\/\/schema.org\",\"@graph\":[{\"@type\":\"WebPage\",\"@id\":\"https:\/\/onlinelotto365.com\/sk\/hrat\/powerball-australia\/\",\"url\":\"https:\/\/onlinelotto365.com\/sk\/hrat\/powerball-australia\/\",\"name\":\"Hrajte Powerball Australia online zo Slovenska | M\u00f4\u017eem sa z\u00fa\u010dastni\u0165 Powerball Australia, ak \u017eijem na Slovensku\",\"isPartOf\":{\"@id\":\"https:\/\/onlinelotto365.com\/sk\/#website\"},\"primaryImageOfPage\":{\"@id\":\"https:\/\/onlinelotto365.com\/sk\/hrat\/powerball-australia\/#primaryimage\"},\"image\":{\"@id\":\"https:\/\/onlinelotto365.com\/sk\/hrat\/powerball-australia\/#primaryimage\"},\"thumbnailUrl\":\"https:\/\/redfoxlotto.com\/image?size=8&amp;lottery=powerball-au\",\"datePublished\":\"2022-11-04T06:09:28+00:00\",\"dateModified\":\"2022-11-04T06:09:28+00:00\",\"description\":\"Zahrajte si Powerball Australia priamo tu - najv\u00e4\u010d\u0161ie lot\u00e9rie plan\u00e9ty, dostupn\u00e9 online zo Slovenska\",\"breadcrumb\":{\"@id\":\"https:\/\/onlinelotto365.com\/sk\/hrat\/powerball-australia\/#breadcrumb\"},\"inLanguage\":\"sk-SK\",\"potentialAction\":[{\"@type\":\"ReadAction\",\"target\":[\"https:\/\/onlinelotto365.com\/sk\/hrat\/powerball-australia\/\"]}]},{\"@type\":\"ImageObject\",\"inLanguage\":\"sk-SK\",\"@id\":\"https:\/\/onlinelotto365.com\/sk\/hrat\/powerball-australia\/#primaryimage\",\"url\":\"https:\/\/redfoxlotto.com\/image?size=8&amp;lottery=powerball-au\",\"contentUrl\":\"https:\/\/redfoxlotto.com\/image?size=8&amp;lottery=powerball-au\"},{\"@type\":\"BreadcrumbList\",\"@id\":\"https:\/\/onlinelotto365.com\/sk\/hrat\/powerball-australia\/#breadcrumb\",\"itemListElement\":[{\"@type\":\"ListItem\",\"position\":1,\"name\":\"Home\",\"item\":\"https:\/\/onlinelotto365.com\/sk\/\"},{\"@type\":\"ListItem\",\"position\":2,\"name\":\"V\u0161etko, \u010do mus\u00edte vedie\u0165 o svojich mo\u017enostiach hra\u0165 najlep\u0161ie lot\u00e9rie online\",\"item\":\"https:\/\/onlinelotto365.com\/sk\/hrat\/\"},{\"@type\":\"ListItem\",\"position\":3,\"name\":\"Powerball Austr\u00e1lia &#8211; u\u017e nie ste obmedzen\u00ed na svoje Slovensko lot\u00e9rie\"}]},{\"@type\":\"WebSite\",\"@id\":\"https:\/\/onlinelotto365.com\/sk\/#website\",\"url\":\"https:\/\/onlinelotto365.com\/sk\/\",\"name\":\"OnlineLotto365\",\"description\":\"\",\"potentialAction\":[{\"@type\":\"SearchAction\",\"target\":{\"@type\":\"EntryPoint\",\"urlTemplate\":\"https:\/\/onlinelotto365.com\/sk\/?s={search_term_string}\"},\"query-input\":{\"@type\":\"PropertyValueSpecification\",\"valueRequired\":true,\"valueName\":\"search_term_string\"}}],\"inLanguage\":\"sk-SK\"}]}<\/script>\n<!-- \/ Yoast SEO plugin. -->","yoast_head_json":{"title":"Hrajte Powerball Australia online zo Slovenska | M\u00f4\u017eem sa z\u00fa\u010dastni\u0165 Powerball Australia, ak \u017eijem na Slovensku","description":"Zahrajte si Powerball Australia priamo tu - najv\u00e4\u010d\u0161ie lot\u00e9rie plan\u00e9ty, dostupn\u00e9 online zo Slovenska","robots":{"index":"index","follow":"follow","max-snippet":"max-snippet:-1","max-image-preview":"max-image-preview:large","max-video-preview":"max-video-preview:-1"},"canonical":"https:\/\/onlinelotto365.com\/sk\/hrat\/powerball-australia\/","og_locale":"sk_SK","og_type":"article","og_title":"Hrajte Powerball Australia online zo Slovenska | M\u00f4\u017eem sa z\u00fa\u010dastni\u0165 Powerball Australia, ak \u017eijem na Slovensku","og_description":"Zahrajte si Powerball Australia priamo tu - najv\u00e4\u010d\u0161ie lot\u00e9rie plan\u00e9ty, dostupn\u00e9 online zo Slovenska","og_url":"https:\/\/onlinelotto365.com\/sk\/hrat\/powerball-australia\/","og_site_name":"OnlineLotto365","og_image":[{"url":"https:\/\/redfoxlotto.com\/image?size=8&amp;lottery=powerball-au"}],"twitter_card":"summary_large_image","twitter_misc":{"Predpokladan\u00fd \u010das \u010d\u00edtania":"3 min\u00faty"},"schema":{"@context":"https:\/\/schema.org","@graph":[{"@type":"WebPage","@id":"https:\/\/onlinelotto365.com\/sk\/hrat\/powerball-australia\/","url":"https:\/\/onlinelotto365.com\/sk\/hrat\/powerball-australia\/","name":"Hrajte Powerball Australia online zo Slovenska | M\u00f4\u017eem sa z\u00fa\u010dastni\u0165 Powerball Australia, ak \u017eijem na Slovensku","isPartOf":{"@id":"https:\/\/onlinelotto365.com\/sk\/#website"},"primaryImageOfPage":{"@id":"https:\/\/onlinelotto365.com\/sk\/hrat\/powerball-australia\/#primaryimage"},"image":{"@id":"https:\/\/onlinelotto365.com\/sk\/hrat\/powerball-australia\/#primaryimage"},"thumbnailUrl":"https:\/\/redfoxlotto.com\/image?size=8&amp;lottery=powerball-au","datePublished":"2022-11-04T06:09:28+00:00","dateModified":"2022-11-04T06:09:28+00:00","description":"Zahrajte si Powerball Australia priamo tu - najv\u00e4\u010d\u0161ie lot\u00e9rie plan\u00e9ty, dostupn\u00e9 online zo Slovenska","breadcrumb":{"@id":"https:\/\/onlinelotto365.com\/sk\/hrat\/powerball-australia\/#breadcrumb"},"inLanguage":"sk-SK","potentialAction":[{"@type":"ReadAction","target":["https:\/\/onlinelotto365.com\/sk\/hrat\/powerball-australia\/"]}]},{"@type":"ImageObject","inLanguage":"sk-SK","@id":"https:\/\/onlinelotto365.com\/sk\/hrat\/powerball-australia\/#primaryimage","url":"https:\/\/redfoxlotto.com\/image?size=8&amp;lottery=powerball-au","contentUrl":"https:\/\/redfoxlotto.com\/image?size=8&amp;lottery=powerball-au"},{"@type":"BreadcrumbList","@id":"https:\/\/onlinelotto365.com\/sk\/hrat\/powerball-australia\/#breadcrumb","itemListElement":[{"@type":"ListItem","position":1,"name":"Home","item":"https:\/\/onlinelotto365.com\/sk\/"},{"@type":"ListItem","position":2,"name":"V\u0161etko, \u010do mus\u00edte vedie\u0165 o svojich mo\u017enostiach hra\u0165 najlep\u0161ie lot\u00e9rie online","item":"https:\/\/onlinelotto365.com\/sk\/hrat\/"},{"@type":"ListItem","position":3,"name":"Powerball Austr\u00e1lia &#8211; u\u017e nie ste obmedzen\u00ed na svoje Slovensko lot\u00e9rie"}]},{"@type":"WebSite","@id":"https:\/\/onlinelotto365.com\/sk\/#website","url":"https:\/\/onlinelotto365.com\/sk\/","name":"OnlineLotto365","description":"","potentialAction":[{"@type":"SearchAction","target":{"@type":"EntryPoint","urlTemplate":"https:\/\/onlinelotto365.com\/sk\/?s={search_term_string}"},"query-input":{"@type":"PropertyValueSpecification","valueRequired":true,"valueName":"search_term_string"}}],"inLanguage":"sk-SK"}]}},"_links":{"self":[{"href":"https:\/\/onlinelotto365.com\/sk\/wp-json\/wp\/v2\/pages\/79386","targetHints":{"allow":["GET"]}}],"collection":[{"href":"https:\/\/onlinelotto365.com\/sk\/wp-json\/wp\/v2\/pages"}],"about":[{"href":"https:\/\/onlinelotto365.com\/sk\/wp-json\/wp\/v2\/types\/page"}],"author":[{"embeddable":true,"href":"https:\/\/onlinelotto365.com\/sk\/wp-json\/wp\/v2\/users\/1"}],"replies":[{"embeddable":true,"href":"https:\/\/onlinelotto365.com\/sk\/wp-json\/wp\/v2\/comments?post=79386"}],"version-history":[{"count":0,"href":"https:\/\/onlinelotto365.com\/sk\/wp-json\/wp\/v2\/pages\/79386\/revisions"}],"up":[{"embeddable":true,"href":"https:\/\/onlinelotto365.com\/sk\/wp-json\/wp\/v2\/pages\/5034"}],"wp:attachment":[{"href":"https:\/\/onlinelotto365.com\/sk\/wp-json\/wp\/v2\/media?parent=79386"}],"curies":[{"name":"wp","href":"https:\/\/api.w.org\/{rel}","templated":true}]}}