{"id":79424,"date":"2022-11-04T09:27:12","date_gmt":"2022-11-04T08:27:12","guid":{"rendered":"https:\/\/onlinelotto365.com\/?page_id=79424"},"modified":"2022-11-04T09:27:25","modified_gmt":"2022-11-04T08:27:25","slug":"mega-sena","status":"publish","type":"page","link":"https:\/\/onlinelotto365.com\/sk\/hrat\/mega-sena\/","title":{"rendered":"Ako m\u00f4\u017eu obyvatelia Slovenska hra\u0165 Mega-Senu online?"},"content":{"rendered":"<p>Na\u0161a slu\u017eba v\u00e1m v s\u00fa\u010dasnosti umo\u017e\u0148uje k\u00fapi\u0165 si \u017ereby do 15 r\u00f4znych ve\u013ek\u00fdch lot\u00e9ri\u00ed z cel\u00e9ho sveta. Sme hrd\u00ed na to, \u017ee m\u00f4\u017eeme na\u0161im hr\u00e1\u010dom pon\u00faknu\u0165 mo\u017enos\u0165 hra\u0165 braz\u00edlsku lot\u00e9riu Mega Sena online. Ako pri v\u0161etk\u00fdch ve\u013ek\u00fdch lot\u00e9ri\u00e1ch, aj tu ste predt\u00fdm museli \u017ei\u0165 v krajine alebo oblasti, v ktorej sa dan\u00e1 lot\u00e9ria prev\u00e1dzkovala, a cestova\u0165 do tamoj\u0161ej predajne lot\u00e9ri\u00ed, aby ste si mohli k\u00fapi\u0165 tikety.<\/p>\n<p>To v\u0161ak u\u017e neplat\u00ed, preto\u017ee teraz ich m\u00f4\u017eete hra\u0165 aj zo Slovenska a priamo online si k\u00fapi\u0165 \u013eubovo\u013en\u00e9 \u017ereby, a to do to\u013ek\u00fdch lot\u00e9ri\u00ed, ko\u013eko chcete, a do to\u013ek\u00fdch r\u00f4znych lot\u00e9ri\u00ed, ko\u013eko chcete, priamo z vlastn\u00e9ho po\u010d\u00edta\u010da.<\/p>\n<p>Tak\u017ee teraz, ke\u010f svetu hrania lot\u00e9ri\u00ed svitol nov\u00fd de\u0148, hr\u00e1\u010di prehovorili a \u017eiadali si ve\u013ek\u00fd v\u00fdber r\u00f4znych lot\u00e9ri\u00ed. Preto v\u00e1m prin\u00e1\u0161ame to najlep\u0161ie a\u017e k v\u00e1m domov. Medzi nimi je aj Mega-Sena Lotto, najv\u00e4\u010d\u0161ia braz\u00edlska lot\u00e9ria.<\/p>\n<p><a href=\"https:\/\/redfoxlotto.com\/play\/mega-sena\/?ref=a8564250a2&amp;medium=ol365\" target=\"_blank\" rel=\"noopener noreferrer\"><img decoding=\"async\" class=\"aligncenter\" src=\"https:\/\/redfoxlotto.com\/image?size=8&amp;lottery=mega-sena\" alt=\"mega-sena\" \/><\/a><\/p>\n<p>&nbsp;<\/p>\n<h2>O hre Mega-Sena<\/h2>\n<ul>\n<li>Krajina: .<\/li>\n<li>Hlavn\u00fd \u010d\u00edseln\u00fd rozsah: 1: 60<\/li>\n<li>Vyberiete si: 6<\/li>\n<li>Rozsah dodato\u010dn\u00fdch \u010d\u00edsel: \u017eiadne<\/li>\n<li>Vyber\u00e1te: \u017eiadne<\/li>\n<li>Dni, hodiny \u017erebovania: Streda, sobota, 20:00 GMT -3, 24:00 CET<\/li>\n<li>Minim\u00e1lny jackpot: R$ 2 mili\u00f3ny<\/li>\n<li>Maxim\u00e1lna v\u00fd\u0161ka jackpotu: bez obmedzenia<\/li>\n<li>Pravdepodobnos\u0165 v\u00fdhry jackpotu: 1 k 50 063 860<\/li>\n<li>Pravdepodobnos\u0165 v\u00fdhry \u00farovne 2: 1 k 15 451 809<\/li>\n<li>Pravdepodobnos\u0165 v\u00fdhry v ktorejko\u013evek \u00farovni: 1 ku 2297,56<\/li>\n<li>Po\u010det v\u00fdhern\u00fdch \u00farovn\u00ed: 3<\/li>\n<\/ul>\n<p>\u017drebovania Mega-Seny sa konaj\u00fa v stredu a v sobotu, \u010do prid\u00e1va \u010fal\u0161ie dve \u0161ance na v\u00fdhru medzi v\u0161etky ostatn\u00e9 lot\u00e9rie, ktor\u00e9 teraz hr\u00e1te. Pon\u00fakame v\u00e1m ve\u013ek\u00fd v\u00fdber, z ktor\u00e9ho si m\u00f4\u017eete vybra\u0165, a v\u0161etky sa oplat\u00ed hra\u0165, vr\u00e1tane Mega Seny.<\/p>\n<p>Ak chcete hra\u0165 Mega Sena Lotto, hr\u00e1\u010di si vyber\u00fa 6 \u010d\u00edsel od 1 do 60. Pri zhode v\u0161etk\u00fdch 6 \u010d\u00edsel vyhr\u00e1vate jackpot, ktor\u00fd je v\u017edy minim\u00e1lne nieko\u013eko mili\u00f3nov dol\u00e1rov a \u010dasto b\u00fdva ove\u013ea vy\u0161\u0161\u00ed.<br \/>\nMega-Sena je v\u0161ak od v\u0161etk\u00fdch ostatn\u00fdch lot\u00e9ri\u00ed na svete jedine\u010dn\u00e1, preto\u017ee nem\u00e1&#8216; len 60 lopti\u010diek s r\u00f4znymi \u010d\u00edslami. S\u00fa tu dva r\u00f4zne bubny, jeden s \u010d\u00edslami od 0 do 5 a druh\u00fd od 0 do 9. Potom sa \u0165ahaj\u00fa \u010d\u00edslice jedna po druhej.<\/p>\n<p>Ak napr\u00edklad z prv\u00e9ho bubna vytiahnu dvojku a z druh\u00e9ho 9, potom je vy\u017erebovan\u00e9 \u010d\u00edslo 29. Ke\u010f je raz vylosovan\u00e9 jednocifern\u00e9 \u010d\u00edslo, potom sa u\u017e do bubna nevracia. Teraz teda vieme, \u017ee v bubne bude presne jedno jednocifern\u00e9 \u010d\u00edslo, pokia\u013e sa nevytiahne 00, ktor\u00e9 sa pova\u017euje za 60, jedno za\u010d\u00ednaj\u00face 1, jedno za\u010d\u00ednaj\u00face 2 at\u010f. Toto je teda zauj\u00edmav\u00fd zvrat a v skuto\u010dnosti u\u013eah\u010duje v\u00fdhru za predpokladu, \u017ee sa budete riadi\u0165 touto strat\u00e9giou.<\/p>\n<p>Ak padne v\u0161etk\u00fdch 6 \u010d\u00edsel, vyhr\u00e1te jackpot, pri\u010dom ak padne 4 alebo 5 \u010d\u00edsel, z\u00edskate ved\u013eaj\u0161iu v\u00fdhru. Ako to \u010dasto b\u00fdva v pr\u00edpade n\u00e1rodn\u00fdch lot\u00e9ri\u00ed, zisky z\u00edskan\u00e9 z Mega-Sena Lotto id\u00fa na podporu soci\u00e1lnych programov a Braz\u00edl\u010dania sa v skuto\u010dnosti na tieto dary ve\u013emi spoliehaj\u00fa. Tak\u017ee aj ke\u010f mo\u017eno nie sme z Braz\u00edlie, a teda z toho nem\u00e1me priamy prospech, je skvel\u00e9 vedie\u0165, \u017ee hran\u00edm Mega Seny okrem v\u0161etkej z\u00e1bavy, ktor\u00fa pri tom za\u017e\u00edvame, ur\u010dite rob\u00edme aj nie\u010do dobr\u00e9.<\/p>\n<h2>Lot\u00e9rie s\u00fa najob\u013e\u00fabenej\u0161ou formou hazardn\u00fdch hier na svete<\/h2>\n<p>Nie je ve\u013emi \u0165a\u017ek\u00e9 zisti\u0165, pre\u010do s\u00fa lot\u00e9rie najob\u013e\u00fabenej\u0161ou formou hazardn\u00fdch hier na svete. Nie je to ani t\u00fdm, \u017ee je tak \u013eahko dostupn\u00e1, hoci to ur\u010dite pom\u00e1ha. Skuto\u010dn\u00fdm d\u00f4vodom je vzru\u0161enie, ktor\u00e9 poskytuje mo\u017enos\u0165 vyhra\u0165 mon\u0161tru\u00f3zne sumy pe\u0148az\u00ed.<\/p>\n<p>Zd\u00e1 sa tie\u017e, \u017ee n\u00e1\u0161 apet\u00edt po t\u00fdchto obrovsk\u00fdch jackpotoch je skuto\u010dne zna\u010dn\u00fd. Ak ste niekedy boli svedkami toho, ak\u00fd rozruch vznik\u00e1, ke\u010f jackpoty narast\u00fa na obrovsk\u00e9 sumy, a o ko\u013eko viac tiketov sa na ne pred\u00e1 a s nimi spojen\u00e9 ove\u013ea dlh\u0161ie rady, potom viete, \u017ee to v\u0161etko je pravda.<br \/>\n<img loading=\"lazy\" decoding=\"async\" class=\"size-medium wp-image-1136 alignright\" src=\"https:\/\/onlinelotto365.com\/wp-content\/uploads\/2020\/11\/online_lottery-96-300x212.jpg\" alt=\"Hrajte mega-senu online\" width=\"300\" height=\"212\" \/><\/p>\n<p>Pre\u010do by sa v\u0161ak \u013eudia nemohli te\u0161i\u0165 z toho, \u017ee maj\u00fa \u0161ancu vyhra\u0165 to\u013eko pe\u0148az\u00ed, \u017ee v\u00e1m zabezpe\u010dia celo\u017eivotn\u00fd luxus a bohatstvo? Pre drviv\u00fa v\u00e4\u010d\u0161inu z n\u00e1s je to jedin\u00e1 \u0161anca, ktor\u00fa kedy budeme ma\u0165 na tak\u00fdto \u017eivotn\u00fd \u0161t\u00fdl. Oby\u010dajn\u00ed \u013eudia, ako sme my, v\u0161ak tieto gigantick\u00e9 sumy vyhr\u00e1vaj\u00fa a nikdy neviete, \u010di a kedy na v\u00e1s pr\u00edde rad.<\/p>\n<p>U\u017e len samotn\u00fd akt hrania v\u0161ak \u013eu\u010fom prin\u00e1\u0161a ve\u013ea pote\u0161enia, pri\u010dom aj ke\u010f je va\u0161a \u0161anca vyhra\u0165 t\u00fdmto sp\u00f4sobom ve\u013ea pe\u0148az\u00ed ve\u013emi mal\u00e1, \u0161anca tu st\u00e1le je. Ak nehr\u00e1te, no nem\u00e1te mo\u017enos\u0165 sn\u00edva\u0165 a neu\u017e\u00edvate si my\u0161lienky na to, \u017ee sa v\u00e1m to v\u0161etko m\u00f4\u017ee sta\u0165.<\/p>\n<p>Samozrejme, nemus\u00edte vyhra\u0165 jackpot, aby ste v lot\u00e9ri\u00e1ch vyhrali peniaze, a hr\u00e1\u010di neust\u00e1le vyhr\u00e1vaj\u00fa men\u0161ie ceny. Niektor\u00e9 z t\u00fdchto men\u0161\u00edch v\u00fdhier v skuto\u010dnosti v\u00f4bec nie s\u00fa tak\u00e9 mal\u00e9. Existuje mnoho r\u00f4znych sp\u00f4sobov, ako vyhra\u0165 peniaze hran\u00edm lot\u00e9ri\u00ed, a ka\u017ed\u00e9 vyplatenie pe\u0148az\u00ed je v\u017edy ve\u013emi pr\u00edjemn\u00e9.<\/p>\n","protected":false},"excerpt":{"rendered":"<p>Na\u0161a slu\u017eba v\u00e1m v s\u00fa\u010dasnosti umo\u017e\u0148uje k\u00fapi\u0165 si \u017ereby do 15 r\u00f4znych ve\u013ek\u00fdch lot\u00e9ri\u00ed z cel\u00e9ho sveta. Sme hrd\u00ed na to, \u017ee m\u00f4\u017eeme na\u0161im hr\u00e1\u010dom pon\u00faknu\u0165 mo\u017enos\u0165 hra\u0165 braz\u00edlsku lot\u00e9riu Mega Sena online. Ako pri v\u0161etk\u00fdch ve\u013ek\u00fdch lot\u00e9ri\u00e1ch, aj tu ste predt\u00fdm museli \u017ei\u0165 v krajine alebo oblasti, v ktorej sa dan\u00e1 lot\u00e9ria prev\u00e1dzkovala, a [&hellip;]<\/p>\n","protected":false},"author":1,"featured_media":0,"parent":5034,"menu_order":12,"comment_status":"closed","ping_status":"closed","template":"megasena.php","meta":{"_et_pb_use_builder":"","_et_pb_old_content":"","_et_gb_content_width":"","exclude_from_search":false,"footnotes":""},"class_list":["post-79424","page","type-page","status-publish","hentry"],"yoast_head":"<!-- This site is optimized with the Yoast SEO plugin v23.4 - https:\/\/yoast.com\/wordpress\/plugins\/seo\/ -->\n<title>Hrajte Mega-Senu online zo Slovenska | M\u00f4\u017eem sa z\u00fa\u010dastni\u0165 Mega-Seny, ak \u017eijem na Slovensku<\/title>\n<meta name=\"description\" content=\"Na\u0161a slu\u017eba online tiketov v\u00e1m u\u013eah\u010d\u00ed hranie Mega-Seny online\" \/>\n<meta name=\"robots\" content=\"index, follow, max-snippet:-1, max-image-preview:large, max-video-preview:-1\" \/>\n<link rel=\"canonical\" href=\"https:\/\/onlinelotto365.com\/sk\/hrat\/mega-sena\/\" \/>\n<meta property=\"og:locale\" content=\"sk_SK\" \/>\n<meta property=\"og:type\" content=\"article\" \/>\n<meta property=\"og:title\" content=\"Hrajte Mega-Senu online zo Slovenska | M\u00f4\u017eem sa z\u00fa\u010dastni\u0165 Mega-Seny, ak \u017eijem na Slovensku\" \/>\n<meta property=\"og:description\" content=\"Na\u0161a slu\u017eba online tiketov v\u00e1m u\u013eah\u010d\u00ed hranie Mega-Seny online\" \/>\n<meta property=\"og:url\" content=\"https:\/\/onlinelotto365.com\/sk\/hrat\/mega-sena\/\" \/>\n<meta property=\"og:site_name\" content=\"OnlineLotto365\" \/>\n<meta property=\"article:modified_time\" content=\"2022-11-04T08:27:25+00:00\" \/>\n<meta property=\"og:image\" content=\"https:\/\/redfoxlotto.com\/image?size=8&amp;lottery=mega-sena\" \/>\n<meta name=\"twitter:card\" content=\"summary_large_image\" \/>\n<meta name=\"twitter:label1\" content=\"Predpokladan\u00fd \u010das \u010d\u00edtania\" \/>\n\t<meta name=\"twitter:data1\" content=\"4 min\u00faty\" \/>\n<script type=\"application\/ld+json\" class=\"yoast-schema-graph\">{\"@context\":\"https:\/\/schema.org\",\"@graph\":[{\"@type\":\"WebPage\",\"@id\":\"https:\/\/onlinelotto365.com\/sk\/hrat\/mega-sena\/\",\"url\":\"https:\/\/onlinelotto365.com\/sk\/hrat\/mega-sena\/\",\"name\":\"Hrajte Mega-Senu online zo Slovenska | M\u00f4\u017eem sa z\u00fa\u010dastni\u0165 Mega-Seny, ak \u017eijem na Slovensku\",\"isPartOf\":{\"@id\":\"https:\/\/onlinelotto365.com\/sk\/#website\"},\"primaryImageOfPage\":{\"@id\":\"https:\/\/onlinelotto365.com\/sk\/hrat\/mega-sena\/#primaryimage\"},\"image\":{\"@id\":\"https:\/\/onlinelotto365.com\/sk\/hrat\/mega-sena\/#primaryimage\"},\"thumbnailUrl\":\"https:\/\/redfoxlotto.com\/image?size=8&amp;lottery=mega-sena\",\"datePublished\":\"2022-11-04T08:27:12+00:00\",\"dateModified\":\"2022-11-04T08:27:25+00:00\",\"description\":\"Na\u0161a slu\u017eba online tiketov v\u00e1m u\u013eah\u010d\u00ed hranie Mega-Seny online\",\"breadcrumb\":{\"@id\":\"https:\/\/onlinelotto365.com\/sk\/hrat\/mega-sena\/#breadcrumb\"},\"inLanguage\":\"sk-SK\",\"potentialAction\":[{\"@type\":\"ReadAction\",\"target\":[\"https:\/\/onlinelotto365.com\/sk\/hrat\/mega-sena\/\"]}]},{\"@type\":\"ImageObject\",\"inLanguage\":\"sk-SK\",\"@id\":\"https:\/\/onlinelotto365.com\/sk\/hrat\/mega-sena\/#primaryimage\",\"url\":\"https:\/\/redfoxlotto.com\/image?size=8&amp;lottery=mega-sena\",\"contentUrl\":\"https:\/\/redfoxlotto.com\/image?size=8&amp;lottery=mega-sena\"},{\"@type\":\"BreadcrumbList\",\"@id\":\"https:\/\/onlinelotto365.com\/sk\/hrat\/mega-sena\/#breadcrumb\",\"itemListElement\":[{\"@type\":\"ListItem\",\"position\":1,\"name\":\"Home\",\"item\":\"https:\/\/onlinelotto365.com\/sk\/\"},{\"@type\":\"ListItem\",\"position\":2,\"name\":\"V\u0161etko, \u010do mus\u00edte vedie\u0165 o svojich mo\u017enostiach hra\u0165 najlep\u0161ie lot\u00e9rie online\",\"item\":\"https:\/\/onlinelotto365.com\/sk\/hrat\/\"},{\"@type\":\"ListItem\",\"position\":3,\"name\":\"Ako m\u00f4\u017eu obyvatelia Slovenska hra\u0165 Mega-Senu online?\"}]},{\"@type\":\"WebSite\",\"@id\":\"https:\/\/onlinelotto365.com\/sk\/#website\",\"url\":\"https:\/\/onlinelotto365.com\/sk\/\",\"name\":\"OnlineLotto365\",\"description\":\"\",\"potentialAction\":[{\"@type\":\"SearchAction\",\"target\":{\"@type\":\"EntryPoint\",\"urlTemplate\":\"https:\/\/onlinelotto365.com\/sk\/?s={search_term_string}\"},\"query-input\":{\"@type\":\"PropertyValueSpecification\",\"valueRequired\":true,\"valueName\":\"search_term_string\"}}],\"inLanguage\":\"sk-SK\"}]}<\/script>\n<!-- \/ Yoast SEO plugin. -->","yoast_head_json":{"title":"Hrajte Mega-Senu online zo Slovenska | M\u00f4\u017eem sa z\u00fa\u010dastni\u0165 Mega-Seny, ak \u017eijem na Slovensku","description":"Na\u0161a slu\u017eba online tiketov v\u00e1m u\u013eah\u010d\u00ed hranie Mega-Seny online","robots":{"index":"index","follow":"follow","max-snippet":"max-snippet:-1","max-image-preview":"max-image-preview:large","max-video-preview":"max-video-preview:-1"},"canonical":"https:\/\/onlinelotto365.com\/sk\/hrat\/mega-sena\/","og_locale":"sk_SK","og_type":"article","og_title":"Hrajte Mega-Senu online zo Slovenska | M\u00f4\u017eem sa z\u00fa\u010dastni\u0165 Mega-Seny, ak \u017eijem na Slovensku","og_description":"Na\u0161a slu\u017eba online tiketov v\u00e1m u\u013eah\u010d\u00ed hranie Mega-Seny online","og_url":"https:\/\/onlinelotto365.com\/sk\/hrat\/mega-sena\/","og_site_name":"OnlineLotto365","article_modified_time":"2022-11-04T08:27:25+00:00","og_image":[{"url":"https:\/\/redfoxlotto.com\/image?size=8&amp;lottery=mega-sena"}],"twitter_card":"summary_large_image","twitter_misc":{"Predpokladan\u00fd \u010das \u010d\u00edtania":"4 min\u00faty"},"schema":{"@context":"https:\/\/schema.org","@graph":[{"@type":"WebPage","@id":"https:\/\/onlinelotto365.com\/sk\/hrat\/mega-sena\/","url":"https:\/\/onlinelotto365.com\/sk\/hrat\/mega-sena\/","name":"Hrajte Mega-Senu online zo Slovenska | M\u00f4\u017eem sa z\u00fa\u010dastni\u0165 Mega-Seny, ak \u017eijem na Slovensku","isPartOf":{"@id":"https:\/\/onlinelotto365.com\/sk\/#website"},"primaryImageOfPage":{"@id":"https:\/\/onlinelotto365.com\/sk\/hrat\/mega-sena\/#primaryimage"},"image":{"@id":"https:\/\/onlinelotto365.com\/sk\/hrat\/mega-sena\/#primaryimage"},"thumbnailUrl":"https:\/\/redfoxlotto.com\/image?size=8&amp;lottery=mega-sena","datePublished":"2022-11-04T08:27:12+00:00","dateModified":"2022-11-04T08:27:25+00:00","description":"Na\u0161a slu\u017eba online tiketov v\u00e1m u\u013eah\u010d\u00ed hranie Mega-Seny online","breadcrumb":{"@id":"https:\/\/onlinelotto365.com\/sk\/hrat\/mega-sena\/#breadcrumb"},"inLanguage":"sk-SK","potentialAction":[{"@type":"ReadAction","target":["https:\/\/onlinelotto365.com\/sk\/hrat\/mega-sena\/"]}]},{"@type":"ImageObject","inLanguage":"sk-SK","@id":"https:\/\/onlinelotto365.com\/sk\/hrat\/mega-sena\/#primaryimage","url":"https:\/\/redfoxlotto.com\/image?size=8&amp;lottery=mega-sena","contentUrl":"https:\/\/redfoxlotto.com\/image?size=8&amp;lottery=mega-sena"},{"@type":"BreadcrumbList","@id":"https:\/\/onlinelotto365.com\/sk\/hrat\/mega-sena\/#breadcrumb","itemListElement":[{"@type":"ListItem","position":1,"name":"Home","item":"https:\/\/onlinelotto365.com\/sk\/"},{"@type":"ListItem","position":2,"name":"V\u0161etko, \u010do mus\u00edte vedie\u0165 o svojich mo\u017enostiach hra\u0165 najlep\u0161ie lot\u00e9rie online","item":"https:\/\/onlinelotto365.com\/sk\/hrat\/"},{"@type":"ListItem","position":3,"name":"Ako m\u00f4\u017eu obyvatelia Slovenska hra\u0165 Mega-Senu online?"}]},{"@type":"WebSite","@id":"https:\/\/onlinelotto365.com\/sk\/#website","url":"https:\/\/onlinelotto365.com\/sk\/","name":"OnlineLotto365","description":"","potentialAction":[{"@type":"SearchAction","target":{"@type":"EntryPoint","urlTemplate":"https:\/\/onlinelotto365.com\/sk\/?s={search_term_string}"},"query-input":{"@type":"PropertyValueSpecification","valueRequired":true,"valueName":"search_term_string"}}],"inLanguage":"sk-SK"}]}},"_links":{"self":[{"href":"https:\/\/onlinelotto365.com\/sk\/wp-json\/wp\/v2\/pages\/79424","targetHints":{"allow":["GET"]}}],"collection":[{"href":"https:\/\/onlinelotto365.com\/sk\/wp-json\/wp\/v2\/pages"}],"about":[{"href":"https:\/\/onlinelotto365.com\/sk\/wp-json\/wp\/v2\/types\/page"}],"author":[{"embeddable":true,"href":"https:\/\/onlinelotto365.com\/sk\/wp-json\/wp\/v2\/users\/1"}],"replies":[{"embeddable":true,"href":"https:\/\/onlinelotto365.com\/sk\/wp-json\/wp\/v2\/comments?post=79424"}],"version-history":[{"count":0,"href":"https:\/\/onlinelotto365.com\/sk\/wp-json\/wp\/v2\/pages\/79424\/revisions"}],"up":[{"embeddable":true,"href":"https:\/\/onlinelotto365.com\/sk\/wp-json\/wp\/v2\/pages\/5034"}],"wp:attachment":[{"href":"https:\/\/onlinelotto365.com\/sk\/wp-json\/wp\/v2\/media?parent=79424"}],"curies":[{"name":"wp","href":"https:\/\/api.w.org\/{rel}","templated":true}]}}