{"id":79456,"date":"2022-11-04T11:09:53","date_gmt":"2022-11-04T10:09:53","guid":{"rendered":"https:\/\/onlinelotto365.com\/?page_id=79456"},"modified":"2022-11-04T11:09:53","modified_gmt":"2022-11-04T10:09:53","slug":"set-for-life","status":"publish","type":"page","link":"https:\/\/onlinelotto365.com\/sk\/hrat\/set-for-life\/","title":{"rendered":"Je mo\u017en\u00e9 hra\u0165 Set for life lotto online?"},"content":{"rendered":"<p>Vedeli ste, \u017ee v lot\u00e9rii Set for Life m\u00f4\u017eete ka\u017ed\u00fd mesiac vyhra\u0165 10 000 libier? Ak m\u00e1te z\u00e1ujem sk\u00fasi\u0165 \u0161\u0165astie v lot\u00e9rii, Set pre \u017eivot je fantastick\u00fd sp\u00f4sob, ako za\u010da\u0165. Lot\u00e9ria Set for Life je zn\u00e1ma predov\u0161etk\u00fdm t\u00fdm, \u017ee je jedinou hrou, ktor\u00e1 v\u00e1m umo\u017e\u0148uje hra\u0165 \u010d\u00edsla v siedmich po sebe nasleduj\u00facich denn\u00fdch \u017erebovaniach. To jednoducho znamen\u00e1, \u017ee ka\u017ed\u00fd de\u0148 v t\u00fd\u017edni m\u00e1te dostatok \u0161anc\u00ed vyhra\u0165 jackpot.<\/p>\n<p>Tu v\u00e1m umo\u017en\u00edme dozvedie\u0165 sa viac o lot\u00e9rii Set for Life a pochopi\u0165, pre\u010do ve\u013ea \u013eud\u00ed pokra\u010duje v hran\u00ed tejto lot\u00e9rie.<\/p>\n<p>Hra Set for Life bola organizovan\u00e1 N\u00e1rodnou lot\u00e9riou a vysl\u00fa\u017eila si titul prvej anuitnej lot\u00e9rie v Spojenom kr\u00e1\u013eovstve. T\u00e1to lot\u00e9ria d\u00e1va hr\u00e1\u010dom \u0161ancu vyhra\u0165 mesa\u010dn\u00fa platbu vo v\u00fd\u0161ke 10 000 GBP po\u010das 30 rokov.<\/p>\n<p>A hoci ide o britsk\u00fa lot\u00e9riu, Set for life si m\u00f4\u017eete zahra\u0165 online zo sloven\u010diny. Na\u0161a slu\u017eba online tiketov pre svetov\u00e9 lot\u00e9rie umo\u017e\u0148uje hr\u00e1\u010dom z cel\u00e9ho sveta z\u00fa\u010dastni\u0165 sa najlep\u0161\u00edch lot\u00e9ri\u00ed s najv\u00e4\u010d\u0161\u00edmi jackpotmi.<\/p>\n<p><a href=\"https:\/\/redfoxlotto.com\/play\/set-for-life-uk\/?ref=a8564250a2&amp;medium=ol365\" target=\"_blank\" rel=\"noopener noreferrer\"><img decoding=\"async\" class=\"aligncenter\" src=\"https:\/\/redfoxlotto.com\/image?size=8&amp;lottery=set-for-life-uk\" alt=\"&quot;Set\" \/><\/a><\/p>\n<p>&nbsp;<\/p>\n<h2>O lot\u00e9rii Set for life<\/h2>\n<ul>\n<li>Spojen\u00e9 kr\u00e1\u013eovstvo<\/li>\n<li>Hlavn\u00fd \u010d\u00edseln\u00fd rad: 45<\/li>\n<li>Vyberiete si: 5<\/li>\n<li>Rozsah dodato\u010dn\u00fdch \u010d\u00edsel: 10<\/li>\n<li>Vyber\u00e1te: 1<\/li>\n<li>Dni, hodiny \u017erebovania: Pondelok, \u0161tvrtok, 20:00 GMT, 21:00 CET<\/li>\n<li>Minim\u00e1lny jackpot: \u017eiadny<\/li>\n<li>Maxim\u00e1lny jackpot: \u017eiadny<\/li>\n<li>Pravdepodobnos\u0165 v\u00fdhry jackpotu: 1 ku 15 339 390<\/li>\n<li>Pravdepodobnos\u0165 v\u00fdhry na \u00farovni 2: 1 k 1 704 377<\/li>\n<li>Pravdepodobnos\u0165 v\u00fdhry v ktorejko\u013evek \u00farovni: 1 ku 12,4<\/li>\n<li>Po\u010det v\u00fdhern\u00fdch \u00farovn\u00ed: 8<\/li>\n<\/ul>\n<p>Podobne ako in\u00e9 lot\u00e9rie v Spojenom kr\u00e1\u013eovstve je aj Set for Life \u017erebovacia hra. Ak hr\u00e1te t\u00fato lot\u00e9riu, mus\u00edte si vybra\u0165 p\u00e4\u0165 \u010d\u00edsel z tipov od 1 do 47, vr\u00e1tane \u010d\u00edsla &#8222;lopti\u010dky \u017eivota&#8220; od 1 &#8211; 10. Po v\u00fdbere piatich \u010d\u00edsel a \u010d\u00edsla &#8222;life ball&#8220; m\u00e1te ka\u017ed\u00fd mesiac \u0161ancu vyhra\u0165 celkov\u00fd jackpot vo v\u00fd\u0161ke 10 000 GBP.<\/p>\n<h2>\u017drebovanie Set for Life<\/h2>\n<p>Lot\u00e9ria Set for Life prebieha ka\u017ed\u00fd pondelok a \u0161tvrtok a v Spojenom kr\u00e1\u013eovstve si hr\u00e1\u010di m\u00f4\u017eu k\u00fapi\u0165 \u017ereby v miestnom obchode s lottom. \u017drebovanie sa ka\u017ed\u00fd ve\u010der kon\u010d\u00ed o 21.00 h v\u00fdchodn\u00e9ho \u010dasu. Najnov\u0161ie v\u00fdsledky Set for Life s\u00fa zvy\u010dajne k dispoz\u00edcii v de\u0148 \u017erebovania, teda o 21:45 SE\u010c. Vezmite pros\u00edm na vedomie, \u017ee dividendy pre ka\u017ed\u00fa hru sa aktualizuj\u00fa kr\u00e1tko po \u017erebovan\u00ed. Aj aktualiz\u00e1cie dividend s\u00fa zvy\u010dajne k dispoz\u00edcii verejnosti r\u00e1no po \u017erebovan\u00ed.<\/p>\n<h2>Ako vyhra\u0165 lot\u00e9riu Set for Life<\/h2>\n<p>Prv\u00e1 cena lot\u00e9rie Set for Life pon\u00faka mesa\u010dn\u00fa v\u00fdplatu 10 000 GBP a \u0161ancu vyhra\u0165 ju maj\u00fa v ka\u017edom \u017erebovan\u00ed \u0161tyria hr\u00e1\u010di. Aby ste mohli vyhra\u0165 hlavn\u00fa v\u00fdhru, musia sa va\u0161e \u010d\u00edsla zhodova\u0165 s \u00f4smimi v\u00fdhern\u00fdmi \u010d\u00edslami po\u010das jednej sady. To znamen\u00e1, \u017ee v lot\u00e9rii Set for Life je celkom osem v\u00fdhern\u00fdch kateg\u00f3ri\u00ed. \u0160ancu vyhra\u0165 cenu m\u00e1te so \u0161tyrmi v\u00fdhern\u00fdmi \u010d\u00edslami vr\u00e1tane jedn\u00e9ho bonusov\u00e9ho \u010d\u00edsla v ka\u017edej sade.<br \/>\n<img loading=\"lazy\" decoding=\"async\" class=\"size-full wp-image-1477 alignright\" src=\"https:\/\/onlinelotto365.com\/wp-content\/uploads\/2020\/11\/online_lottery-128.jpg\" alt=\"hra\u0165 set for life lotto\" width=\"212\" height=\"142\" \/><\/p>\n<p>Sada pre \u017eivot pon\u00faka priazniv\u00e9 \u0161ance na v\u00fdhru jackpotu. Napr\u00edklad in\u00e9 ceny, ktor\u00e9 vy\u017eaduj\u00fa zhodu jedn\u00e9ho alebo viacer\u00fdch \u010d\u00edsel, v\u00e1m d\u00e1vaj\u00fa \u0161ancu na v\u00fdhru 1 ku 12, aj to by bolo len 5 libier.<\/p>\n<p>Ak teda c\u00edtite svoje \u0161\u0165astie, oplat\u00ed sa v\u00e1m siahnu\u0165 po tikete Set for Life! Pon\u00fakame v\u00e1m \u0161irok\u00fa \u0161k\u00e1lu medzin\u00e1rodn\u00fdch lot\u00e9ri\u00ed, ktor\u00e9 m\u00f4\u017eete hra\u0165 zo sloven\u010diny, o jackpoty so stovkami mili\u00f3nov\u00fdch v\u00fdhier.<\/p>\n","protected":false},"excerpt":{"rendered":"<p>Vedeli ste, \u017ee v lot\u00e9rii Set for Life m\u00f4\u017eete ka\u017ed\u00fd mesiac vyhra\u0165 10 000 libier? Ak m\u00e1te z\u00e1ujem sk\u00fasi\u0165 \u0161\u0165astie v lot\u00e9rii, Set pre \u017eivot je fantastick\u00fd sp\u00f4sob, ako za\u010da\u0165. Lot\u00e9ria Set for Life je zn\u00e1ma predov\u0161etk\u00fdm t\u00fdm, \u017ee je jedinou hrou, ktor\u00e1 v\u00e1m umo\u017e\u0148uje hra\u0165 \u010d\u00edsla v siedmich po sebe nasleduj\u00facich denn\u00fdch \u017erebovaniach. To [&hellip;]<\/p>\n","protected":false},"author":1,"featured_media":0,"parent":5034,"menu_order":10,"comment_status":"closed","ping_status":"closed","template":"set-for-life.php","meta":{"_et_pb_use_builder":"","_et_pb_old_content":"","_et_gb_content_width":"","exclude_from_search":false,"footnotes":""},"class_list":["post-79456","page","type-page","status-publish","hentry"],"yoast_head":"<!-- This site is optimized with the Yoast SEO plugin v23.4 - https:\/\/yoast.com\/wordpress\/plugins\/seo\/ -->\n<title>Ako hra\u0165 Set for life lotto online zo sloven\u010diny<\/title>\n<meta name=\"description\" content=\"Zak\u00fapte si online tikety pre Set for life lotto, ak m\u00e1te s\u00eddlo na Slovensku\" \/>\n<meta name=\"robots\" content=\"index, follow, max-snippet:-1, max-image-preview:large, max-video-preview:-1\" \/>\n<link rel=\"canonical\" href=\"https:\/\/onlinelotto365.com\/sk\/hrat\/set-for-life\/\" \/>\n<meta property=\"og:locale\" content=\"sk_SK\" \/>\n<meta property=\"og:type\" content=\"article\" \/>\n<meta property=\"og:title\" content=\"Ako hra\u0165 Set for life lotto online zo sloven\u010diny\" \/>\n<meta property=\"og:description\" content=\"Zak\u00fapte si online tikety pre Set for life lotto, ak m\u00e1te s\u00eddlo na Slovensku\" \/>\n<meta property=\"og:url\" content=\"https:\/\/onlinelotto365.com\/sk\/hrat\/set-for-life\/\" \/>\n<meta property=\"og:site_name\" content=\"OnlineLotto365\" \/>\n<meta property=\"og:image\" content=\"https:\/\/redfoxlotto.com\/image?size=8&amp;lottery=set-for-life-uk\" \/>\n<meta name=\"twitter:card\" content=\"summary_large_image\" \/>\n<meta name=\"twitter:label1\" content=\"Predpokladan\u00fd \u010das \u010d\u00edtania\" \/>\n\t<meta name=\"twitter:data1\" content=\"3 min\u00faty\" \/>\n<script type=\"application\/ld+json\" class=\"yoast-schema-graph\">{\"@context\":\"https:\/\/schema.org\",\"@graph\":[{\"@type\":\"WebPage\",\"@id\":\"https:\/\/onlinelotto365.com\/sk\/hrat\/set-for-life\/\",\"url\":\"https:\/\/onlinelotto365.com\/sk\/hrat\/set-for-life\/\",\"name\":\"Ako hra\u0165 Set for life lotto online zo sloven\u010diny\",\"isPartOf\":{\"@id\":\"https:\/\/onlinelotto365.com\/sk\/#website\"},\"primaryImageOfPage\":{\"@id\":\"https:\/\/onlinelotto365.com\/sk\/hrat\/set-for-life\/#primaryimage\"},\"image\":{\"@id\":\"https:\/\/onlinelotto365.com\/sk\/hrat\/set-for-life\/#primaryimage\"},\"thumbnailUrl\":\"https:\/\/redfoxlotto.com\/image?size=8&amp;lottery=set-for-life-uk\",\"datePublished\":\"2022-11-04T10:09:53+00:00\",\"dateModified\":\"2022-11-04T10:09:53+00:00\",\"description\":\"Zak\u00fapte si online tikety pre Set for life lotto, ak m\u00e1te s\u00eddlo na Slovensku\",\"breadcrumb\":{\"@id\":\"https:\/\/onlinelotto365.com\/sk\/hrat\/set-for-life\/#breadcrumb\"},\"inLanguage\":\"sk-SK\",\"potentialAction\":[{\"@type\":\"ReadAction\",\"target\":[\"https:\/\/onlinelotto365.com\/sk\/hrat\/set-for-life\/\"]}]},{\"@type\":\"ImageObject\",\"inLanguage\":\"sk-SK\",\"@id\":\"https:\/\/onlinelotto365.com\/sk\/hrat\/set-for-life\/#primaryimage\",\"url\":\"https:\/\/redfoxlotto.com\/image?size=8&amp;lottery=set-for-life-uk\",\"contentUrl\":\"https:\/\/redfoxlotto.com\/image?size=8&amp;lottery=set-for-life-uk\"},{\"@type\":\"BreadcrumbList\",\"@id\":\"https:\/\/onlinelotto365.com\/sk\/hrat\/set-for-life\/#breadcrumb\",\"itemListElement\":[{\"@type\":\"ListItem\",\"position\":1,\"name\":\"Home\",\"item\":\"https:\/\/onlinelotto365.com\/sk\/\"},{\"@type\":\"ListItem\",\"position\":2,\"name\":\"V\u0161etko, \u010do mus\u00edte vedie\u0165 o svojich mo\u017enostiach hra\u0165 najlep\u0161ie lot\u00e9rie online\",\"item\":\"https:\/\/onlinelotto365.com\/sk\/hrat\/\"},{\"@type\":\"ListItem\",\"position\":3,\"name\":\"Je mo\u017en\u00e9 hra\u0165 Set for life lotto online?\"}]},{\"@type\":\"WebSite\",\"@id\":\"https:\/\/onlinelotto365.com\/sk\/#website\",\"url\":\"https:\/\/onlinelotto365.com\/sk\/\",\"name\":\"OnlineLotto365\",\"description\":\"\",\"potentialAction\":[{\"@type\":\"SearchAction\",\"target\":{\"@type\":\"EntryPoint\",\"urlTemplate\":\"https:\/\/onlinelotto365.com\/sk\/?s={search_term_string}\"},\"query-input\":{\"@type\":\"PropertyValueSpecification\",\"valueRequired\":true,\"valueName\":\"search_term_string\"}}],\"inLanguage\":\"sk-SK\"}]}<\/script>\n<!-- \/ Yoast SEO plugin. -->","yoast_head_json":{"title":"Ako hra\u0165 Set for life lotto online zo sloven\u010diny","description":"Zak\u00fapte si online tikety pre Set for life lotto, ak m\u00e1te s\u00eddlo na Slovensku","robots":{"index":"index","follow":"follow","max-snippet":"max-snippet:-1","max-image-preview":"max-image-preview:large","max-video-preview":"max-video-preview:-1"},"canonical":"https:\/\/onlinelotto365.com\/sk\/hrat\/set-for-life\/","og_locale":"sk_SK","og_type":"article","og_title":"Ako hra\u0165 Set for life lotto online zo sloven\u010diny","og_description":"Zak\u00fapte si online tikety pre Set for life lotto, ak m\u00e1te s\u00eddlo na Slovensku","og_url":"https:\/\/onlinelotto365.com\/sk\/hrat\/set-for-life\/","og_site_name":"OnlineLotto365","og_image":[{"url":"https:\/\/redfoxlotto.com\/image?size=8&amp;lottery=set-for-life-uk"}],"twitter_card":"summary_large_image","twitter_misc":{"Predpokladan\u00fd \u010das \u010d\u00edtania":"3 min\u00faty"},"schema":{"@context":"https:\/\/schema.org","@graph":[{"@type":"WebPage","@id":"https:\/\/onlinelotto365.com\/sk\/hrat\/set-for-life\/","url":"https:\/\/onlinelotto365.com\/sk\/hrat\/set-for-life\/","name":"Ako hra\u0165 Set for life lotto online zo sloven\u010diny","isPartOf":{"@id":"https:\/\/onlinelotto365.com\/sk\/#website"},"primaryImageOfPage":{"@id":"https:\/\/onlinelotto365.com\/sk\/hrat\/set-for-life\/#primaryimage"},"image":{"@id":"https:\/\/onlinelotto365.com\/sk\/hrat\/set-for-life\/#primaryimage"},"thumbnailUrl":"https:\/\/redfoxlotto.com\/image?size=8&amp;lottery=set-for-life-uk","datePublished":"2022-11-04T10:09:53+00:00","dateModified":"2022-11-04T10:09:53+00:00","description":"Zak\u00fapte si online tikety pre Set for life lotto, ak m\u00e1te s\u00eddlo na Slovensku","breadcrumb":{"@id":"https:\/\/onlinelotto365.com\/sk\/hrat\/set-for-life\/#breadcrumb"},"inLanguage":"sk-SK","potentialAction":[{"@type":"ReadAction","target":["https:\/\/onlinelotto365.com\/sk\/hrat\/set-for-life\/"]}]},{"@type":"ImageObject","inLanguage":"sk-SK","@id":"https:\/\/onlinelotto365.com\/sk\/hrat\/set-for-life\/#primaryimage","url":"https:\/\/redfoxlotto.com\/image?size=8&amp;lottery=set-for-life-uk","contentUrl":"https:\/\/redfoxlotto.com\/image?size=8&amp;lottery=set-for-life-uk"},{"@type":"BreadcrumbList","@id":"https:\/\/onlinelotto365.com\/sk\/hrat\/set-for-life\/#breadcrumb","itemListElement":[{"@type":"ListItem","position":1,"name":"Home","item":"https:\/\/onlinelotto365.com\/sk\/"},{"@type":"ListItem","position":2,"name":"V\u0161etko, \u010do mus\u00edte vedie\u0165 o svojich mo\u017enostiach hra\u0165 najlep\u0161ie lot\u00e9rie online","item":"https:\/\/onlinelotto365.com\/sk\/hrat\/"},{"@type":"ListItem","position":3,"name":"Je mo\u017en\u00e9 hra\u0165 Set for life lotto online?"}]},{"@type":"WebSite","@id":"https:\/\/onlinelotto365.com\/sk\/#website","url":"https:\/\/onlinelotto365.com\/sk\/","name":"OnlineLotto365","description":"","potentialAction":[{"@type":"SearchAction","target":{"@type":"EntryPoint","urlTemplate":"https:\/\/onlinelotto365.com\/sk\/?s={search_term_string}"},"query-input":{"@type":"PropertyValueSpecification","valueRequired":true,"valueName":"search_term_string"}}],"inLanguage":"sk-SK"}]}},"_links":{"self":[{"href":"https:\/\/onlinelotto365.com\/sk\/wp-json\/wp\/v2\/pages\/79456","targetHints":{"allow":["GET"]}}],"collection":[{"href":"https:\/\/onlinelotto365.com\/sk\/wp-json\/wp\/v2\/pages"}],"about":[{"href":"https:\/\/onlinelotto365.com\/sk\/wp-json\/wp\/v2\/types\/page"}],"author":[{"embeddable":true,"href":"https:\/\/onlinelotto365.com\/sk\/wp-json\/wp\/v2\/users\/1"}],"replies":[{"embeddable":true,"href":"https:\/\/onlinelotto365.com\/sk\/wp-json\/wp\/v2\/comments?post=79456"}],"version-history":[{"count":0,"href":"https:\/\/onlinelotto365.com\/sk\/wp-json\/wp\/v2\/pages\/79456\/revisions"}],"up":[{"embeddable":true,"href":"https:\/\/onlinelotto365.com\/sk\/wp-json\/wp\/v2\/pages\/5034"}],"wp:attachment":[{"href":"https:\/\/onlinelotto365.com\/sk\/wp-json\/wp\/v2\/media?parent=79456"}],"curies":[{"name":"wp","href":"https:\/\/api.w.org\/{rel}","templated":true}]}}