{"id":79489,"date":"2022-11-04T13:13:00","date_gmt":"2022-11-04T12:13:00","guid":{"rendered":"https:\/\/onlinelotto365.com\/?page_id=79489"},"modified":"2022-11-04T13:13:55","modified_gmt":"2022-11-04T12:13:55","slug":"uk-lottery","status":"publish","type":"page","link":"https:\/\/onlinelotto365.com\/sk\/hrat\/uk-lottery\/","title":{"rendered":"Ako m\u00f4\u017eu obyvatelia Slovenska hra\u0165 UK Lottery online?"},"content":{"rendered":"<h2>O lot\u00e9rii UK<\/h2>\n<p>So \u0161iestimi \u010d\u00edslami z 59 a bez \u010fal\u0161\u00edch \u010d\u00edsel s\u00fa \u0161ance na v\u00fdhru v porovnan\u00ed s Powerballom alebo Mega Millions v poriadku. Ak spr\u00e1vne uh\u00e1dnete 5 zo 6 \u010d\u00edsel, m\u00e1te zaru\u010den\u00fa v\u00fdhru 2,5 mili\u00f3na britsk\u00fdch libier a pri v\u0161etk\u00fdch \u0161iestich \u010d\u00edslach ste v\u00fdhercom jackpotu. Pokia\u013e ne\u017eijete v Spojenom kr\u00e1\u013eovstve, je hranie online prostredn\u00edctvom na\u0161ej slu\u017eby va\u0161ou jedinou mo\u017enos\u0165ou \u00fa\u010dasti.<\/p>\n<ul>\n<li>Krajina: VE\u013dK\u00c1 BRIT\u00c1NIA<\/li>\n<li>Rozsah hlavn\u00fdch \u010d\u00edsel: 59<\/li>\n<li>Vyberiete si: 6<\/li>\n<li>Rozsah dodato\u010dn\u00fdch \u010d\u00edsel: \u017eiadne<\/li>\n<li>Vyber\u00e1te: \u017eiadne<\/li>\n<li>Dni, hodiny \u017erebovania: Streda, sobota 19:30 UTC, 19:30 CET<\/li>\n<li>Minim\u00e1lny jackpot: GBP.<\/li>\n<li>Maxim\u00e1lny jackpot: GBP.<\/li>\n<li>Pravdepodobnos\u0165 v\u00fdhry jackpotu: 1 ku 45 057 474<\/li>\n<li>Pravdepodobnos\u0165 v\u00fdhry \u00farovne 2: 1 k 7 509 579<\/li>\n<li>Pravdepodobnos\u0165 v\u00fdhry v ktorejko\u013evek \u00farovni: 1 ku 9,27<\/li>\n<li>Po\u010det v\u00fdhern\u00fdch \u00farovn\u00ed: 6<\/li>\n<\/ul>\n<p>&nbsp;<\/p>\n<h2>Pre\u010do s\u00fa jackpoty britsk\u00fdch lot\u00e9ri\u00ed zvy\u010dajne pomerne n\u00edzke?<br \/>\n<a href=\"https:\/\/redfoxlotto.com\/play\/lotto-uk\/?ref=a8564250a2&amp;medium=ol365\" target=\"_blank\" rel=\"noopener noreferrer\"><img loading=\"lazy\" decoding=\"async\" class=\"aligncenter\" src=\"https:\/\/redfoxlotto.com\/image?size=8&amp;lottery=lotto-uk\" alt=\"UK lot\u00e9rie\" width=\"720\" height=\"90\" \/><\/a><\/h2>\n<p>Nu\u017e, kv\u00f4li jednoduchej skuto\u010dnosti, \u017ee jackpot britskej lot\u00e9rie sa m\u00f4\u017ee prevr\u00e1ti\u0165 len 5-kr\u00e1t. Potom je mo\u017en\u00e9 jackpot vyhra\u0165, ak m\u00e1te len 5 z<br \/>\nzo \u0161iestich \u010d\u00edsel na va\u0161om tikete. Vzh\u013eadom na toto pravidlo by malo zmysel hra\u0165 t\u00fato lot\u00e9riu zaka\u017ed\u00fdm, ke\u010f sa jackpot nevyhral p\u00e4\u0165kr\u00e1t po sebe. Vtedy z\u00edskate ove\u013ea v\u00e4\u010d\u0161ie \u0161ance na v\u00fdhru hlavnej ceny. T\u00e1to hlavn\u00e1 v\u00fdhra by mala by\u0165 dostato\u010dne vysok\u00e1 na to, aby ste sa dostali do situ\u00e1cie, ke\u010f sa nebudete musie\u0165 do konca \u017eivota stara\u0165 o peniaze.<\/p>\n<p>Existuje v\u0161ak ve\u013ek\u00e1 \u0161anca, \u017ee po piatich hodoch sa jackpot bude musie\u0165 rozdeli\u0165 medzi viacer\u00fdch v\u00fdhercov. V\u010faka ni\u017e\u0161\u00edm kurzom a v\u00e4\u010d\u0161iemu po\u010dtu hraj\u00facich \u013eud\u00ed sa m\u00f4\u017ee sta\u0165, \u017ee v druhej v\u00fdhernej \u00farovni bude viac ako jeden v\u00fdherca.<\/p>\n<h2>Nechcete si rozdeli\u0165 jackpot?<\/h2>\n<p>Existuje jedna lot\u00e9riov\u00e1 strat\u00e9gia, ako sa vyhn\u00fa\u0165 rozdeleniu hlavnej v\u00fdhry: vyberte si kombin\u00e1ciu \u010d\u00edsel, ktor\u00e1 sa zd\u00e1 by\u0165 menej pravdepodobn\u00e1, \u017ee ju vyber\u00fa aj ostatn\u00ed hr\u00e1\u010di. Napr\u00edklad pou\u017eite menej \u010d\u00edsel medzi 1 a 31 (pr\u00edli\u0161 ve\u013ea hr\u00e1\u010dov pou\u017e\u00edva d\u00e1tumy narodenia ako svoje \u0161\u0165astn\u00e9 \u010d\u00edsla) alebo pou\u017eite 3 \u010d\u00edsla medzi 30 a 40 a 3 \u010d\u00edsla medzi 50 a 56. Pou\u017eite svoju fant\u00e1ziu a vymyslite viac &#8222;nep\u00e1rnych&#8220; \u010d\u00edsel.<\/p>\n","protected":false},"excerpt":{"rendered":"<p>O lot\u00e9rii UK So \u0161iestimi \u010d\u00edslami z 59 a bez \u010fal\u0161\u00edch \u010d\u00edsel s\u00fa \u0161ance na v\u00fdhru v porovnan\u00ed s Powerballom alebo Mega Millions v poriadku. Ak spr\u00e1vne uh\u00e1dnete 5 zo 6 \u010d\u00edsel, m\u00e1te zaru\u010den\u00fa v\u00fdhru 2,5 mili\u00f3na britsk\u00fdch libier a pri v\u0161etk\u00fdch \u0161iestich \u010d\u00edslach ste v\u00fdhercom jackpotu. Pokia\u013e ne\u017eijete v Spojenom kr\u00e1\u013eovstve, je hranie online [&hellip;]<\/p>\n","protected":false},"author":1,"featured_media":0,"parent":5034,"menu_order":9,"comment_status":"closed","ping_status":"closed","template":"lotto-uk.php","meta":{"_et_pb_use_builder":"","_et_pb_old_content":"","_et_gb_content_width":"","exclude_from_search":false,"footnotes":""},"class_list":["post-79489","page","type-page","status-publish","hentry"],"yoast_head":"<!-- This site is optimized with the Yoast SEO plugin v23.4 - https:\/\/yoast.com\/wordpress\/plugins\/seo\/ -->\n<title>Hra\u0165 UK Lottery online zo Slovenska | M\u00f4\u017eem sa z\u00fa\u010dastni\u0165 UK Lotto, ak \u017eijem na Slovensku<\/title>\n<meta name=\"description\" content=\"\u00da\u010das\u0165 v UK Lottery z in\u00fdch kraj\u00edn, ako je Slovensko, je teraz jednoduch\u00e1 v\u010faka na\u0161ej online slu\u017ebe\" \/>\n<meta name=\"robots\" content=\"index, follow, max-snippet:-1, max-image-preview:large, max-video-preview:-1\" \/>\n<link rel=\"canonical\" href=\"https:\/\/onlinelotto365.com\/sk\/hrat\/uk-lottery\/\" \/>\n<meta property=\"og:locale\" content=\"sk_SK\" \/>\n<meta property=\"og:type\" content=\"article\" \/>\n<meta property=\"og:title\" content=\"Hra\u0165 UK Lottery online zo Slovenska | M\u00f4\u017eem sa z\u00fa\u010dastni\u0165 UK Lotto, ak \u017eijem na Slovensku\" \/>\n<meta property=\"og:description\" content=\"\u00da\u010das\u0165 v UK Lottery z in\u00fdch kraj\u00edn, ako je Slovensko, je teraz jednoduch\u00e1 v\u010faka na\u0161ej online slu\u017ebe\" \/>\n<meta property=\"og:url\" content=\"https:\/\/onlinelotto365.com\/sk\/hrat\/uk-lottery\/\" \/>\n<meta property=\"og:site_name\" content=\"OnlineLotto365\" \/>\n<meta property=\"article:modified_time\" content=\"2022-11-04T12:13:55+00:00\" \/>\n<meta property=\"og:image\" content=\"https:\/\/redfoxlotto.com\/image?size=8&amp;lottery=lotto-uk\" \/>\n<meta name=\"twitter:card\" content=\"summary_large_image\" \/>\n<meta name=\"twitter:label1\" content=\"Predpokladan\u00fd \u010das \u010d\u00edtania\" \/>\n\t<meta name=\"twitter:data1\" content=\"2 min\u00faty\" \/>\n<script type=\"application\/ld+json\" class=\"yoast-schema-graph\">{\"@context\":\"https:\/\/schema.org\",\"@graph\":[{\"@type\":\"WebPage\",\"@id\":\"https:\/\/onlinelotto365.com\/sk\/hrat\/uk-lottery\/\",\"url\":\"https:\/\/onlinelotto365.com\/sk\/hrat\/uk-lottery\/\",\"name\":\"Hra\u0165 UK Lottery online zo Slovenska | M\u00f4\u017eem sa z\u00fa\u010dastni\u0165 UK Lotto, ak \u017eijem na Slovensku\",\"isPartOf\":{\"@id\":\"https:\/\/onlinelotto365.com\/sk\/#website\"},\"primaryImageOfPage\":{\"@id\":\"https:\/\/onlinelotto365.com\/sk\/hrat\/uk-lottery\/#primaryimage\"},\"image\":{\"@id\":\"https:\/\/onlinelotto365.com\/sk\/hrat\/uk-lottery\/#primaryimage\"},\"thumbnailUrl\":\"https:\/\/redfoxlotto.com\/image?size=8&amp;lottery=lotto-uk\",\"datePublished\":\"2022-11-04T12:13:00+00:00\",\"dateModified\":\"2022-11-04T12:13:55+00:00\",\"description\":\"\u00da\u010das\u0165 v UK Lottery z in\u00fdch kraj\u00edn, ako je Slovensko, je teraz jednoduch\u00e1 v\u010faka na\u0161ej online slu\u017ebe\",\"breadcrumb\":{\"@id\":\"https:\/\/onlinelotto365.com\/sk\/hrat\/uk-lottery\/#breadcrumb\"},\"inLanguage\":\"sk-SK\",\"potentialAction\":[{\"@type\":\"ReadAction\",\"target\":[\"https:\/\/onlinelotto365.com\/sk\/hrat\/uk-lottery\/\"]}]},{\"@type\":\"ImageObject\",\"inLanguage\":\"sk-SK\",\"@id\":\"https:\/\/onlinelotto365.com\/sk\/hrat\/uk-lottery\/#primaryimage\",\"url\":\"https:\/\/redfoxlotto.com\/image?size=8&amp;lottery=lotto-uk\",\"contentUrl\":\"https:\/\/redfoxlotto.com\/image?size=8&amp;lottery=lotto-uk\"},{\"@type\":\"BreadcrumbList\",\"@id\":\"https:\/\/onlinelotto365.com\/sk\/hrat\/uk-lottery\/#breadcrumb\",\"itemListElement\":[{\"@type\":\"ListItem\",\"position\":1,\"name\":\"Home\",\"item\":\"https:\/\/onlinelotto365.com\/sk\/\"},{\"@type\":\"ListItem\",\"position\":2,\"name\":\"V\u0161etko, \u010do mus\u00edte vedie\u0165 o svojich mo\u017enostiach hra\u0165 najlep\u0161ie lot\u00e9rie online\",\"item\":\"https:\/\/onlinelotto365.com\/sk\/hrat\/\"},{\"@type\":\"ListItem\",\"position\":3,\"name\":\"Ako m\u00f4\u017eu obyvatelia Slovenska hra\u0165 UK Lottery online?\"}]},{\"@type\":\"WebSite\",\"@id\":\"https:\/\/onlinelotto365.com\/sk\/#website\",\"url\":\"https:\/\/onlinelotto365.com\/sk\/\",\"name\":\"OnlineLotto365\",\"description\":\"\",\"potentialAction\":[{\"@type\":\"SearchAction\",\"target\":{\"@type\":\"EntryPoint\",\"urlTemplate\":\"https:\/\/onlinelotto365.com\/sk\/?s={search_term_string}\"},\"query-input\":{\"@type\":\"PropertyValueSpecification\",\"valueRequired\":true,\"valueName\":\"search_term_string\"}}],\"inLanguage\":\"sk-SK\"}]}<\/script>\n<!-- \/ Yoast SEO plugin. -->","yoast_head_json":{"title":"Hra\u0165 UK Lottery online zo Slovenska | M\u00f4\u017eem sa z\u00fa\u010dastni\u0165 UK Lotto, ak \u017eijem na Slovensku","description":"\u00da\u010das\u0165 v UK Lottery z in\u00fdch kraj\u00edn, ako je Slovensko, je teraz jednoduch\u00e1 v\u010faka na\u0161ej online slu\u017ebe","robots":{"index":"index","follow":"follow","max-snippet":"max-snippet:-1","max-image-preview":"max-image-preview:large","max-video-preview":"max-video-preview:-1"},"canonical":"https:\/\/onlinelotto365.com\/sk\/hrat\/uk-lottery\/","og_locale":"sk_SK","og_type":"article","og_title":"Hra\u0165 UK Lottery online zo Slovenska | M\u00f4\u017eem sa z\u00fa\u010dastni\u0165 UK Lotto, ak \u017eijem na Slovensku","og_description":"\u00da\u010das\u0165 v UK Lottery z in\u00fdch kraj\u00edn, ako je Slovensko, je teraz jednoduch\u00e1 v\u010faka na\u0161ej online slu\u017ebe","og_url":"https:\/\/onlinelotto365.com\/sk\/hrat\/uk-lottery\/","og_site_name":"OnlineLotto365","article_modified_time":"2022-11-04T12:13:55+00:00","og_image":[{"url":"https:\/\/redfoxlotto.com\/image?size=8&amp;lottery=lotto-uk"}],"twitter_card":"summary_large_image","twitter_misc":{"Predpokladan\u00fd \u010das \u010d\u00edtania":"2 min\u00faty"},"schema":{"@context":"https:\/\/schema.org","@graph":[{"@type":"WebPage","@id":"https:\/\/onlinelotto365.com\/sk\/hrat\/uk-lottery\/","url":"https:\/\/onlinelotto365.com\/sk\/hrat\/uk-lottery\/","name":"Hra\u0165 UK Lottery online zo Slovenska | M\u00f4\u017eem sa z\u00fa\u010dastni\u0165 UK Lotto, ak \u017eijem na Slovensku","isPartOf":{"@id":"https:\/\/onlinelotto365.com\/sk\/#website"},"primaryImageOfPage":{"@id":"https:\/\/onlinelotto365.com\/sk\/hrat\/uk-lottery\/#primaryimage"},"image":{"@id":"https:\/\/onlinelotto365.com\/sk\/hrat\/uk-lottery\/#primaryimage"},"thumbnailUrl":"https:\/\/redfoxlotto.com\/image?size=8&amp;lottery=lotto-uk","datePublished":"2022-11-04T12:13:00+00:00","dateModified":"2022-11-04T12:13:55+00:00","description":"\u00da\u010das\u0165 v UK Lottery z in\u00fdch kraj\u00edn, ako je Slovensko, je teraz jednoduch\u00e1 v\u010faka na\u0161ej online slu\u017ebe","breadcrumb":{"@id":"https:\/\/onlinelotto365.com\/sk\/hrat\/uk-lottery\/#breadcrumb"},"inLanguage":"sk-SK","potentialAction":[{"@type":"ReadAction","target":["https:\/\/onlinelotto365.com\/sk\/hrat\/uk-lottery\/"]}]},{"@type":"ImageObject","inLanguage":"sk-SK","@id":"https:\/\/onlinelotto365.com\/sk\/hrat\/uk-lottery\/#primaryimage","url":"https:\/\/redfoxlotto.com\/image?size=8&amp;lottery=lotto-uk","contentUrl":"https:\/\/redfoxlotto.com\/image?size=8&amp;lottery=lotto-uk"},{"@type":"BreadcrumbList","@id":"https:\/\/onlinelotto365.com\/sk\/hrat\/uk-lottery\/#breadcrumb","itemListElement":[{"@type":"ListItem","position":1,"name":"Home","item":"https:\/\/onlinelotto365.com\/sk\/"},{"@type":"ListItem","position":2,"name":"V\u0161etko, \u010do mus\u00edte vedie\u0165 o svojich mo\u017enostiach hra\u0165 najlep\u0161ie lot\u00e9rie online","item":"https:\/\/onlinelotto365.com\/sk\/hrat\/"},{"@type":"ListItem","position":3,"name":"Ako m\u00f4\u017eu obyvatelia Slovenska hra\u0165 UK Lottery online?"}]},{"@type":"WebSite","@id":"https:\/\/onlinelotto365.com\/sk\/#website","url":"https:\/\/onlinelotto365.com\/sk\/","name":"OnlineLotto365","description":"","potentialAction":[{"@type":"SearchAction","target":{"@type":"EntryPoint","urlTemplate":"https:\/\/onlinelotto365.com\/sk\/?s={search_term_string}"},"query-input":{"@type":"PropertyValueSpecification","valueRequired":true,"valueName":"search_term_string"}}],"inLanguage":"sk-SK"}]}},"_links":{"self":[{"href":"https:\/\/onlinelotto365.com\/sk\/wp-json\/wp\/v2\/pages\/79489","targetHints":{"allow":["GET"]}}],"collection":[{"href":"https:\/\/onlinelotto365.com\/sk\/wp-json\/wp\/v2\/pages"}],"about":[{"href":"https:\/\/onlinelotto365.com\/sk\/wp-json\/wp\/v2\/types\/page"}],"author":[{"embeddable":true,"href":"https:\/\/onlinelotto365.com\/sk\/wp-json\/wp\/v2\/users\/1"}],"replies":[{"embeddable":true,"href":"https:\/\/onlinelotto365.com\/sk\/wp-json\/wp\/v2\/comments?post=79489"}],"version-history":[{"count":0,"href":"https:\/\/onlinelotto365.com\/sk\/wp-json\/wp\/v2\/pages\/79489\/revisions"}],"up":[{"embeddable":true,"href":"https:\/\/onlinelotto365.com\/sk\/wp-json\/wp\/v2\/pages\/5034"}],"wp:attachment":[{"href":"https:\/\/onlinelotto365.com\/sk\/wp-json\/wp\/v2\/media?parent=79489"}],"curies":[{"name":"wp","href":"https:\/\/api.w.org\/{rel}","templated":true}]}}