{"id":79527,"date":"2022-11-07T08:48:23","date_gmt":"2022-11-07T07:48:23","guid":{"rendered":"https:\/\/onlinelotto365.com\/?page_id=79527"},"modified":"2022-11-07T08:48:36","modified_gmt":"2022-11-07T07:48:36","slug":"superenalotto","status":"publish","type":"page","link":"https:\/\/onlinelotto365.com\/sk\/hrat\/superenalotto\/","title":{"rendered":"Z\u00edskajte vstupenky Superenalotto odkia\u013eko\u013evek"},"content":{"rendered":"<p>\u013dudia u\u017e roky t\u00fa\u017eia hra\u0165 lot\u00e9rie v in\u00fdch \u010dastiach sveta. Probl\u00e9mom tu v\u0161ak v skuto\u010dnosti nebola neochota r\u00f4znych lot\u00e9ri\u00ed prij\u00edma\u0165 medzin\u00e1rodn\u00fdch hr\u00e1\u010dov. Bolo to t\u00fdm, \u017ee aby ste mohli riadne hra\u0165, mus\u00edte sa fyzicky nach\u00e1dza\u0165 v krajine alebo regi\u00f3ne, v ktorom sa lot\u00e9ria kon\u00e1.<\/p>\n<p>Na za\u010diatok mus\u00edte nav\u0161t\u00edvi\u0165 predajcu lot\u00e9rie, ktor\u00fd pred\u00e1va lot\u00e9riu, do ktorej si chcete k\u00fapi\u0165 \u017ereby. To teda znamen\u00e1, \u017ee v danej krajine mus\u00edte by\u0165 nielen raz, ale zaka\u017ed\u00fdm, ke\u010f si chcete k\u00fapi\u0165 \u017ereby. Znamen\u00e1 to teda absolvova\u0165 cestu zo Slovenska do Talianska, aby ste si k\u00fapili losy na tri \u017erebovania, ktor\u00e9 Superenalotto ka\u017ed\u00fd t\u00fd\u017ede\u0148 prebieha.<\/p>\n<p>Mus\u00edte sa tam teda bu\u010f pres\u0165ahova\u0165, alebo si v Taliansku naja\u0165 niekoho, kto to urob\u00ed za v\u00e1s. To jednoducho nie je nie\u010do, \u010do by sme boli schopn\u00ed urobi\u0165. Ke\u010f u\u017e ste v tom, museli by ste si naja\u0165 \u013eud\u00ed vo v\u0161etk\u00fdch ostatn\u00fdch krajin\u00e1ch, v ktor\u00fdch sa konaj\u00fa ve\u013ek\u00e9 lot\u00e9rie, aby to robili za v\u00e1s. To by st\u00e1lo cel\u00fd majetok.<\/p>\n<p><a href=\"https:\/\/redfoxlotto.com\/play\/superenalotto\/?ref=a8564250a2&amp;medium=ol365\" target=\"_blank\" rel=\"noopener noreferrer\"><img decoding=\"async\" class=\"aligncenter\" src=\"https:\/\/redfoxlotto.com\/image?size=8&amp;lottery=superenalotto\" alt=\"superenalotto\" \/><\/a><\/p>\n<p>Teraz v\u0161ak existuje skvel\u00e1 alternat\u00edva &#8211; sta\u010d\u00ed hra\u0165 online tu na na\u0161ej str\u00e1nke!<\/p>\n<h2>M\u00e1me pokryt\u00e9 v\u0161etky va\u0161e lotto potreby<\/h2>\n<p>M\u00e1me v\u0161etko premyslen\u00e9, pokia\u013e ide o to, ako v\u00e1s dosta\u0165 do hry so Superenaltom okrem v\u0161etk\u00fdch ostatn\u00fdch ve\u013ek\u00fdch lot\u00e9ri\u00ed na svete. Jednoducho si u n\u00e1s zak\u00fapite \u013eubovo\u013en\u00e9 \u017ereby online a zo Slovenska a my urob\u00edme v\u0161etko ostatn\u00e9 za v\u00e1s.<\/p>\n<p>\u017dreby kupujeme vo va\u0161om mene a na rozdiel od be\u017en\u00fdch \u017erebov, ktor\u00e9 si m\u00f4\u017ee spe\u0148a\u017ei\u0165 ten, kto ich m\u00e1, my ich dr\u017e\u00edme pre v\u00e1s. Potom za v\u00e1s sledujeme \u017erebovania, aby ste ich nemuseli sledova\u0165, ak nechcete, a pri ka\u017edej v\u00fdhre v\u00e1s o tom informujeme.<\/p>\n<h2>Viac inform\u00e1ci\u00ed o Superenalotto<\/h2>\n<ul>\n<li>Lot\u00e9ria sa kon\u00e1 kde: Taliansko<\/li>\n<li>Z ko\u013ek\u00fdch hlavn\u00fdch \u010d\u00edsel si m\u00f4\u017eete vybra\u0165: 90<\/li>\n<li>Mus\u00edte si vybra\u0165: 6<\/li>\n<li>Ko\u013eko \u010fal\u0161\u00edch \u010d\u00edsel si m\u00f4\u017eete vybra\u0165: \u017eiadne<\/li>\n<li>Mus\u00edte vybra\u0165: \u017eiadne<\/li>\n<li>Dni, hodiny \u017erebovania: Utorok, \u0161tvrtok, sobota, 19:00 GMT, 21:00 CET<\/li>\n<li>Minim\u00e1lny jackpot: 2 mili\u00f3ny EUR<\/li>\n<li>Maxim\u00e1lna v\u00fd\u0161ka jackpotu: \u017eiadna<\/li>\n<li>Mo\u017en\u00e1 kombin\u00e1cia \u010d\u00edsel pre v\u00fdhru jackpotu: Mo\u017enos\u0165 v\u00fdhry jackpotu: 1 z 622 614 630<\/li>\n<li>Mo\u017en\u00e1 kombin\u00e1cia \u010d\u00edsel pre v\u00fdhru v 2. \u00farovni: 1: 1 k 103 769 105<\/li>\n<li>Pravdepodobnos\u0165 v\u00fdhry v ktorejko\u013evek \u00farovni: 1 ku 20,58<\/li>\n<li>Ko\u013eko v\u00fdhern\u00fdch \u00farovn\u00ed: v<\/li>\n<\/ul>\n<p>Pri hre Superenalotto si vyberiete 6 \u010d\u00edsel z celkov\u00e9ho po\u010dtu 90 mo\u017en\u00fdch \u010d\u00edsel. Okrem toho si mus\u00edte vybra\u0165 aj tzv. vesel\u00e9 \u010d\u00edslo spomedzi 90 \u010d\u00edsel.<\/p>\n<p>Ak chcete vyhra\u0165 jackpot, mus\u00edte zhodova\u0165 v\u0161etk\u00fdch 6 be\u017en\u00fdch \u010d\u00edsel. Ak sa v\u00e1m podar\u00ed zhodn\u00fa\u0165 5 \u010d\u00edsel plus \u010d\u00edslo Jolly, vyhr\u00e1te druh\u00fa cenu. Za 5 \u010d\u00edsel bez \u010d\u00edsla Jolly z\u00edskate v\u00fdhru za tretie miesto, za 4 spr\u00e1vne \u010d\u00edsla z\u00edskate \u0161tvrt\u00e9 miesto a len za 3 \u010d\u00edsla z\u00edskate tie\u017e v\u00fdhru.<\/p>\n<p>\u017drebovania sa konaj\u00fa 3-kr\u00e1t t\u00fd\u017edenne, v utorok, \u0161tvrtok a sobotu o 20:00 talianskeho \u010dasu. Okrem v\u0161etk\u00fdch ostatn\u00fdch ve\u013ek\u00fdch lot\u00e9ri\u00ed, ktor\u00e9 pon\u00fakaj\u00fa tikety online, v\u00e1m poskytujeme priebe\u017en\u00e9 odpo\u010d\u00edtavanie do \u010fal\u0161ieho \u017erebovania Superenalotto, tak\u017ee v\u017edy viete, ko\u013eko \u010dasu v\u00e1m zost\u00e1va.<\/p>\n<p><img loading=\"lazy\" decoding=\"async\" class=\" wp-image-1334 alignright\" src=\"https:\/\/onlinelotto365.com\/wp-content\/uploads\/2020\/11\/online_lottery-115.jpg\" alt=\"k\u00fapi\u0165 tikety superenalotto online\" width=\"452\" height=\"172\" \/><\/p>\n<h2>V\u00fdhody hrania Superenalotto online<\/h2>\n<p>Mnoh\u00ed hr\u00e1\u010di svetov\u00fdch lot\u00e9ri\u00ed si radi vyberaj\u00fa nieko\u013eko lot\u00e9ri\u00ed, ktor\u00e9 chc\u00fa hra\u0165, najm\u00e4 preto, \u017ee ka\u017ed\u00e1 z nich pravidelne pon\u00faka ve\u013ek\u00e9 jackpoty. V skuto\u010dnosti plat\u00ed, \u017ee \u010d\u00edm viac \u017erebovan\u00ed sa z\u00fa\u010dastn\u00edte, t\u00fdm lep\u0161ie.<\/p>\n<p>Tak\u017ee aj ke\u010f sa jackpoty pri Superenalotto nedaj\u00fa porovna\u0165 s niektor\u00fdmi v\u00e4\u010d\u0161\u00edmi lot\u00e9riami, napr\u00edklad EuroMillions, Powerball alebo Mega Millions, aj tak budete chcie\u0165 hra\u0165 aj tie. Superenalotto v\u0161ak nie je \u017eiadna mali\u010dkos\u0165, typick\u00e9 jackpoty sa \u010dasto pohybuj\u00fa v desiatkach mili\u00f3nov eur. Tak\u017ee s tromi \u017erebovaniami t\u00fd\u017edenne navy\u0161e, ktor\u00e9 Superenalotto pon\u00faka, je to o tri \u017erebovania t\u00fd\u017edenne viac z\u00e1bavy, ako keby ste nehrali.<\/p>\n<p>Tak\u017ee s 3 dodato\u010dn\u00fdmi \u0161ancami na v\u00fdhru obrovskej ceny nie je \u0165a\u017ek\u00e9 pochopi\u0165, pre\u010do si t\u00fato lot\u00e9riu ob\u013e\u00fabilo to\u013eko \u013eud\u00ed na Slovensku. Vzh\u013eadom na to, \u017ee tikety si teraz m\u00f4\u017eete pohodlne k\u00fapi\u0165 online, v skuto\u010dnosti neexistuje \u017eiadny dobr\u00fd d\u00f4vod, pre\u010do nehra\u0165. Rozlo\u017eenie va\u0161ich pe\u0148az\u00ed do viacer\u00fdch lot\u00e9ri\u00ed je to, o \u010do ide, \u010do v\u00fdrazne prispieva k mno\u017estvu vzru\u0161enia, ktor\u00e9 teraz pri hran\u00ed lot\u00e9ri\u00ed z\u00edskate.<\/p>\n<p>Ak teda m\u00e1te chu\u0165 na viac z\u00e1bavy pri hran\u00ed lot\u00e9rie, a ja viem, \u017ee m\u00e1te, m\u00f4\u017eete za\u010da\u0165 hne\u010f teraz.<\/p>\n<h2>Ako dostanem v\u00fdplatu, ak vyhr\u00e1m Superenalotto online?<\/h2>\n<p>Poskytujeme v\u00e1m v\u0161etku pomoc, ktor\u00fa potrebujete na vyplatenie svojich tiketov, od vyzdvihnutia men\u0161\u00edch v\u00fdhier a ich okam\u017eit\u00e9ho prip\u00edsania na v\u00e1\u0161 \u00fa\u010det u n\u00e1s a\u017e po vyzdvihnutie a zaslanie ak\u00fdchko\u013evek formul\u00e1rov potrebn\u00fdch na vyplatenie v\u00e4\u010d\u0161\u00edch v\u00fdhier alebo dokonca jackpotov. Tak\u017ee tu sa nemus\u00edte ob\u00e1va\u0165, preto\u017ee ide o kompletn\u00fd servis s prvotriednymi slu\u017ebami a pr\u00edstupom k na\u0161im z\u00e1kazn\u00edkom zo Slovenska a in\u00fdch kraj\u00edn.<\/p>\n","protected":false},"excerpt":{"rendered":"<p>\u013dudia u\u017e roky t\u00fa\u017eia hra\u0165 lot\u00e9rie v in\u00fdch \u010dastiach sveta. Probl\u00e9mom tu v\u0161ak v skuto\u010dnosti nebola neochota r\u00f4znych lot\u00e9ri\u00ed prij\u00edma\u0165 medzin\u00e1rodn\u00fdch hr\u00e1\u010dov. Bolo to t\u00fdm, \u017ee aby ste mohli riadne hra\u0165, mus\u00edte sa fyzicky nach\u00e1dza\u0165 v krajine alebo regi\u00f3ne, v ktorom sa lot\u00e9ria kon\u00e1. Na za\u010diatok mus\u00edte nav\u0161t\u00edvi\u0165 predajcu lot\u00e9rie, ktor\u00fd pred\u00e1va lot\u00e9riu, do ktorej [&hellip;]<\/p>\n","protected":false},"author":1,"featured_media":0,"parent":5034,"menu_order":5,"comment_status":"closed","ping_status":"closed","template":"superenalotto.php","meta":{"_et_pb_use_builder":"","_et_pb_old_content":"","_et_gb_content_width":"","exclude_from_search":false,"footnotes":""},"class_list":["post-79527","page","type-page","status-publish","hentry"],"yoast_head":"<!-- This site is optimized with the Yoast SEO plugin v23.4 - https:\/\/yoast.com\/wordpress\/plugins\/seo\/ -->\n<title>Zahrajte si Superenalotto Taliansko online zo Slovenska | Ako k\u00fapi\u0165 vstupenky na Superenalotto online<\/title>\n<meta name=\"description\" content=\"Tento taliansky jackpot v lotto teraz m\u00f4\u017ee vyhra\u0165 ktoko\u013evek a odkia\u013eko\u013evek - zahrajte si teraz online tiket Superenalotto\" \/>\n<meta name=\"robots\" content=\"index, follow, max-snippet:-1, max-image-preview:large, max-video-preview:-1\" \/>\n<link rel=\"canonical\" href=\"https:\/\/onlinelotto365.com\/sk\/hrat\/superenalotto\/\" \/>\n<meta property=\"og:locale\" content=\"sk_SK\" \/>\n<meta property=\"og:type\" content=\"article\" \/>\n<meta property=\"og:title\" content=\"Zahrajte si Superenalotto Taliansko online zo Slovenska | Ako k\u00fapi\u0165 vstupenky na Superenalotto online\" \/>\n<meta property=\"og:description\" content=\"Tento taliansky jackpot v lotto teraz m\u00f4\u017ee vyhra\u0165 ktoko\u013evek a odkia\u013eko\u013evek - zahrajte si teraz online tiket Superenalotto\" \/>\n<meta property=\"og:url\" content=\"https:\/\/onlinelotto365.com\/sk\/hrat\/superenalotto\/\" \/>\n<meta property=\"og:site_name\" content=\"OnlineLotto365\" \/>\n<meta property=\"article:modified_time\" content=\"2022-11-07T07:48:36+00:00\" \/>\n<meta property=\"og:image\" content=\"https:\/\/redfoxlotto.com\/image?size=8&amp;lottery=superenalotto\" \/>\n<meta name=\"twitter:card\" content=\"summary_large_image\" \/>\n<meta name=\"twitter:label1\" content=\"Predpokladan\u00fd \u010das \u010d\u00edtania\" \/>\n\t<meta name=\"twitter:data1\" content=\"4 min\u00faty\" \/>\n<script type=\"application\/ld+json\" class=\"yoast-schema-graph\">{\"@context\":\"https:\/\/schema.org\",\"@graph\":[{\"@type\":\"WebPage\",\"@id\":\"https:\/\/onlinelotto365.com\/sk\/hrat\/superenalotto\/\",\"url\":\"https:\/\/onlinelotto365.com\/sk\/hrat\/superenalotto\/\",\"name\":\"Zahrajte si Superenalotto Taliansko online zo Slovenska | Ako k\u00fapi\u0165 vstupenky na Superenalotto online\",\"isPartOf\":{\"@id\":\"https:\/\/onlinelotto365.com\/sk\/#website\"},\"primaryImageOfPage\":{\"@id\":\"https:\/\/onlinelotto365.com\/sk\/hrat\/superenalotto\/#primaryimage\"},\"image\":{\"@id\":\"https:\/\/onlinelotto365.com\/sk\/hrat\/superenalotto\/#primaryimage\"},\"thumbnailUrl\":\"https:\/\/redfoxlotto.com\/image?size=8&amp;lottery=superenalotto\",\"datePublished\":\"2022-11-07T07:48:23+00:00\",\"dateModified\":\"2022-11-07T07:48:36+00:00\",\"description\":\"Tento taliansky jackpot v lotto teraz m\u00f4\u017ee vyhra\u0165 ktoko\u013evek a odkia\u013eko\u013evek - zahrajte si teraz online tiket Superenalotto\",\"breadcrumb\":{\"@id\":\"https:\/\/onlinelotto365.com\/sk\/hrat\/superenalotto\/#breadcrumb\"},\"inLanguage\":\"sk-SK\",\"potentialAction\":[{\"@type\":\"ReadAction\",\"target\":[\"https:\/\/onlinelotto365.com\/sk\/hrat\/superenalotto\/\"]}]},{\"@type\":\"ImageObject\",\"inLanguage\":\"sk-SK\",\"@id\":\"https:\/\/onlinelotto365.com\/sk\/hrat\/superenalotto\/#primaryimage\",\"url\":\"https:\/\/redfoxlotto.com\/image?size=8&amp;lottery=superenalotto\",\"contentUrl\":\"https:\/\/redfoxlotto.com\/image?size=8&amp;lottery=superenalotto\"},{\"@type\":\"BreadcrumbList\",\"@id\":\"https:\/\/onlinelotto365.com\/sk\/hrat\/superenalotto\/#breadcrumb\",\"itemListElement\":[{\"@type\":\"ListItem\",\"position\":1,\"name\":\"Home\",\"item\":\"https:\/\/onlinelotto365.com\/sk\/\"},{\"@type\":\"ListItem\",\"position\":2,\"name\":\"V\u0161etko, \u010do mus\u00edte vedie\u0165 o svojich mo\u017enostiach hra\u0165 najlep\u0161ie lot\u00e9rie online\",\"item\":\"https:\/\/onlinelotto365.com\/sk\/hrat\/\"},{\"@type\":\"ListItem\",\"position\":3,\"name\":\"Z\u00edskajte vstupenky Superenalotto odkia\u013eko\u013evek\"}]},{\"@type\":\"WebSite\",\"@id\":\"https:\/\/onlinelotto365.com\/sk\/#website\",\"url\":\"https:\/\/onlinelotto365.com\/sk\/\",\"name\":\"OnlineLotto365\",\"description\":\"\",\"potentialAction\":[{\"@type\":\"SearchAction\",\"target\":{\"@type\":\"EntryPoint\",\"urlTemplate\":\"https:\/\/onlinelotto365.com\/sk\/?s={search_term_string}\"},\"query-input\":{\"@type\":\"PropertyValueSpecification\",\"valueRequired\":true,\"valueName\":\"search_term_string\"}}],\"inLanguage\":\"sk-SK\"}]}<\/script>\n<!-- \/ Yoast SEO plugin. -->","yoast_head_json":{"title":"Zahrajte si Superenalotto Taliansko online zo Slovenska | Ako k\u00fapi\u0165 vstupenky na Superenalotto online","description":"Tento taliansky jackpot v lotto teraz m\u00f4\u017ee vyhra\u0165 ktoko\u013evek a odkia\u013eko\u013evek - zahrajte si teraz online tiket Superenalotto","robots":{"index":"index","follow":"follow","max-snippet":"max-snippet:-1","max-image-preview":"max-image-preview:large","max-video-preview":"max-video-preview:-1"},"canonical":"https:\/\/onlinelotto365.com\/sk\/hrat\/superenalotto\/","og_locale":"sk_SK","og_type":"article","og_title":"Zahrajte si Superenalotto Taliansko online zo Slovenska | Ako k\u00fapi\u0165 vstupenky na Superenalotto online","og_description":"Tento taliansky jackpot v lotto teraz m\u00f4\u017ee vyhra\u0165 ktoko\u013evek a odkia\u013eko\u013evek - zahrajte si teraz online tiket Superenalotto","og_url":"https:\/\/onlinelotto365.com\/sk\/hrat\/superenalotto\/","og_site_name":"OnlineLotto365","article_modified_time":"2022-11-07T07:48:36+00:00","og_image":[{"url":"https:\/\/redfoxlotto.com\/image?size=8&amp;lottery=superenalotto"}],"twitter_card":"summary_large_image","twitter_misc":{"Predpokladan\u00fd \u010das \u010d\u00edtania":"4 min\u00faty"},"schema":{"@context":"https:\/\/schema.org","@graph":[{"@type":"WebPage","@id":"https:\/\/onlinelotto365.com\/sk\/hrat\/superenalotto\/","url":"https:\/\/onlinelotto365.com\/sk\/hrat\/superenalotto\/","name":"Zahrajte si Superenalotto Taliansko online zo Slovenska | Ako k\u00fapi\u0165 vstupenky na Superenalotto online","isPartOf":{"@id":"https:\/\/onlinelotto365.com\/sk\/#website"},"primaryImageOfPage":{"@id":"https:\/\/onlinelotto365.com\/sk\/hrat\/superenalotto\/#primaryimage"},"image":{"@id":"https:\/\/onlinelotto365.com\/sk\/hrat\/superenalotto\/#primaryimage"},"thumbnailUrl":"https:\/\/redfoxlotto.com\/image?size=8&amp;lottery=superenalotto","datePublished":"2022-11-07T07:48:23+00:00","dateModified":"2022-11-07T07:48:36+00:00","description":"Tento taliansky jackpot v lotto teraz m\u00f4\u017ee vyhra\u0165 ktoko\u013evek a odkia\u013eko\u013evek - zahrajte si teraz online tiket Superenalotto","breadcrumb":{"@id":"https:\/\/onlinelotto365.com\/sk\/hrat\/superenalotto\/#breadcrumb"},"inLanguage":"sk-SK","potentialAction":[{"@type":"ReadAction","target":["https:\/\/onlinelotto365.com\/sk\/hrat\/superenalotto\/"]}]},{"@type":"ImageObject","inLanguage":"sk-SK","@id":"https:\/\/onlinelotto365.com\/sk\/hrat\/superenalotto\/#primaryimage","url":"https:\/\/redfoxlotto.com\/image?size=8&amp;lottery=superenalotto","contentUrl":"https:\/\/redfoxlotto.com\/image?size=8&amp;lottery=superenalotto"},{"@type":"BreadcrumbList","@id":"https:\/\/onlinelotto365.com\/sk\/hrat\/superenalotto\/#breadcrumb","itemListElement":[{"@type":"ListItem","position":1,"name":"Home","item":"https:\/\/onlinelotto365.com\/sk\/"},{"@type":"ListItem","position":2,"name":"V\u0161etko, \u010do mus\u00edte vedie\u0165 o svojich mo\u017enostiach hra\u0165 najlep\u0161ie lot\u00e9rie online","item":"https:\/\/onlinelotto365.com\/sk\/hrat\/"},{"@type":"ListItem","position":3,"name":"Z\u00edskajte vstupenky Superenalotto odkia\u013eko\u013evek"}]},{"@type":"WebSite","@id":"https:\/\/onlinelotto365.com\/sk\/#website","url":"https:\/\/onlinelotto365.com\/sk\/","name":"OnlineLotto365","description":"","potentialAction":[{"@type":"SearchAction","target":{"@type":"EntryPoint","urlTemplate":"https:\/\/onlinelotto365.com\/sk\/?s={search_term_string}"},"query-input":{"@type":"PropertyValueSpecification","valueRequired":true,"valueName":"search_term_string"}}],"inLanguage":"sk-SK"}]}},"_links":{"self":[{"href":"https:\/\/onlinelotto365.com\/sk\/wp-json\/wp\/v2\/pages\/79527","targetHints":{"allow":["GET"]}}],"collection":[{"href":"https:\/\/onlinelotto365.com\/sk\/wp-json\/wp\/v2\/pages"}],"about":[{"href":"https:\/\/onlinelotto365.com\/sk\/wp-json\/wp\/v2\/types\/page"}],"author":[{"embeddable":true,"href":"https:\/\/onlinelotto365.com\/sk\/wp-json\/wp\/v2\/users\/1"}],"replies":[{"embeddable":true,"href":"https:\/\/onlinelotto365.com\/sk\/wp-json\/wp\/v2\/comments?post=79527"}],"version-history":[{"count":0,"href":"https:\/\/onlinelotto365.com\/sk\/wp-json\/wp\/v2\/pages\/79527\/revisions"}],"up":[{"embeddable":true,"href":"https:\/\/onlinelotto365.com\/sk\/wp-json\/wp\/v2\/pages\/5034"}],"wp:attachment":[{"href":"https:\/\/onlinelotto365.com\/sk\/wp-json\/wp\/v2\/media?parent=79527"}],"curies":[{"name":"wp","href":"https:\/\/api.w.org\/{rel}","templated":true}]}}