{"id":79545,"date":"2022-11-07T09:43:50","date_gmt":"2022-11-07T08:43:50","guid":{"rendered":"https:\/\/onlinelotto365.com\/?page_id=79545"},"modified":"2022-11-07T13:31:45","modified_gmt":"2022-11-07T12:31:45","slug":"eurojackpot","status":"publish","type":"page","link":"https:\/\/onlinelotto365.com\/sk\/hrat\/eurojackpot\/","title":{"rendered":"Hrajte Eurojackpot s online tiketom"},"content":{"rendered":"<h2>O hre Eurojackpot<\/h2>\n<p>T\u00e1to eur\u00f3pska lot\u00e9ria vznikla v\u010faka spolupr\u00e1ci viacer\u00fdch eur\u00f3pskych lot\u00e9riov\u00fdch \u00faradov. V s\u00fa\u010dasnosti m\u00f4\u017eete hra\u0165 Eurojackpot s tiketmi dostupn\u00fdmi v miestnej predajni lot\u00e9ri\u00ed, ak \u017eijete v niektorej zo z\u00fa\u010dastnen\u00fdch kraj\u00edn. T\u00fdmito krajinami s\u00fa Chorv\u00e1tsko, \u010cesk\u00e1 republika, D\u00e1nsko, Est\u00f3nsko, F\u00ednsko, Nemecko, Slovensko, Island, Taliansko, Loty\u0161sko, Litva, N\u00f3rsko, Po\u013esko, Slovensko, Slovinsko, \u0160panielsko, \u0160v\u00e9dsko a Holandsko.<\/p>\n<p><a href=\"https:\/\/redfoxlotto.com\/play\/eurojackpot\/?ref=a8564250a2&amp;medium=ol365\" target=\"_blank\" rel=\"noopener noreferrer\"><img decoding=\"async\" class=\"aligncenter\" src=\"https:\/\/redfoxlotto.com\/image?size=8&amp;lottery=eurojackpot\" alt=\"Eurojackpot\" \/><\/a><\/p>\n<p>Ak \u017eijete v krajine, ktor\u00e1 nie je na zozname, va\u0161ou jedinou mo\u017enos\u0165ou je hra\u0165 Eurojackpot online. Ke\u010f objav\u00edte t\u00fato mo\u017enos\u0165, uvid\u00edte, \u017ee mo\u017enost\u00ed je ove\u013ea viac. Na\u0161a webov\u00e1 str\u00e1nka v\u00e1m u\u013eah\u010duje nielen hranie Eurojackpotu online zo Slovenska. Poskytujeme v\u00e1m pr\u00edstup aj k \u010fal\u0161\u00edm lot\u00e9ri\u00e1m svetovej \u00farovne s obrovsk\u00fdmi jackpotmi.<\/p>\n<ul>\n<li>Krajina: r\u00f4zne eur\u00f3pske krajiny, pozri vy\u0161\u0161ie<\/li>\n<li>Rozsah hlavn\u00fdch \u010d\u00edsel: 50<\/li>\n<li>Mus\u00edte si vybra\u0165: 5<\/li>\n<li>Rozsah dodato\u010dn\u00fdch \u010d\u00edsel: 10<\/li>\n<li>Mus\u00edte vybra\u0165: 2<\/li>\n<li>Dni, hodiny \u017erebovania: Piatok, , , 21:00 CET &#8211; 21:00 CET<\/li>\n<li>Jackpot za\u010d\u00edna o: \u20ac 10 mili\u00f3nov<\/li>\n<li>Jackpot je obmedzen\u00fd na: \u20ac.<\/li>\n<li>\u0160anca na v\u00fdhru: 1 k 135600640<\/li>\n<li>\u0160anca na v\u00fdhru druhej ceny: 1 ku 2118760<\/li>\n<li>\u0160anca na v\u00fdhru akejko\u013evek ceny: 1 ku 26,39<\/li>\n<li>Po\u010det v\u00fdhern\u00fdch kateg\u00f3ri\u00ed: 12<\/li>\n<\/ul>\n<p>&nbsp;<\/p>\n<h2>Najlep\u0161ie vlastnosti Eurojackpotu<\/h2>\n<p>Na za\u010diatku si v\u0161imnete, \u017ee jackpot v\u017edy za\u010d\u00edna sumou minim\u00e1lne 10 mili\u00f3nov eur. Mali by ste si v\u0161ak v\u0161imn\u00fa\u0165 aj to, \u017ee druh\u00e1 v\u00fdhern\u00e1 \u00farove\u0148 je tie\u017e pomerne atrakt\u00edvna a m\u00e1 ove\u013ea lep\u0161ie kurzy. Ak chcete vyhra\u0165 druh\u00fa v\u00fdhru, mus\u00edte ma\u0165 spr\u00e1vne v\u0161etk\u00fdch 5 hlavn\u00fdch \u010d\u00edsel a jedno z dvoch dodato\u010dn\u00fdch \u010d\u00edsel. \u0160anca, \u017ee sa tak stane, je pribli\u017ene 1 ku 2 mili\u00f3nom a v\u00fdhra tejto ceny v\u00e1m zvy\u010dajne zabezpe\u010d\u00ed v\u00fdhru od 100 000 do 500 000 EUR. To je ur\u010dite dos\u0165 dobr\u00fd d\u00f4vod, pre\u010do hra\u0165 Eurojackpot online zo Slovenska.<\/p>\n<p>Hlavn\u00fdm d\u00f4vodom, pre\u010do by ste mali Eurojackpot v\u017edy sledova\u0165, je v\u0161ak to, \u010do sa stane, ak jackpot dosiahne 90 mili\u00f3nov eur, \u010do sa zvy\u010dajne st\u00e1va nieko\u013ekokr\u00e1t do roka. Akon\u00e1hle jackpot prekro\u010d\u00ed hranicu 40 mili\u00f3nov eur, m\u00e1 tendenciu pomerne r\u00fdchlo r\u00e1s\u0165, preto\u017ee Eurojackpot hr\u00e1 viac \u013eud\u00ed a pred\u00e1va sa viac tiketov. \u010co sa teda stane, ke\u010f dosiahne hranicu 90 mili\u00f3nov eur?<\/p>\n<p>Vtedy u\u017e v\u0161etky \u010fal\u0161ie peniaze, ktor\u00e9 hr\u00e1\u010di min\u00fa, jackpot nezv\u00fd\u0161ia. Namiesto toho sa tieto prostriedky presun\u00fa do druhej v\u00fdhernej kateg\u00f3rie. Tak\u017ee pri \u010fal\u0161om \u017erebovan\u00ed m\u00f4\u017eete hra\u0165 Eurojackpot online nielen o jackpot 90 mili\u00f3nov eur, ale v pr\u00edpade v\u00fdhry v druhej kateg\u00f3rii m\u00f4\u017eete o\u010dak\u00e1va\u0165 aj ove\u013ea vy\u0161\u0161iu v\u00fdhru. A k\u00fdm jackpot 90 mili\u00f3nov eur nepadne, m\u00f4\u017eete vyhra\u0165 aj druh\u00fa \u00farove\u0148, ale pri ka\u017edom \u017erebovan\u00ed pribudn\u00fa \u010derstv\u00e9 peniaze.<\/p>\n<h2>Ako skontrolova\u0165 v\u00fdsledky Eurojackpotu<\/h2>\n<p>V\u00fdsledky si m\u00f4\u017eete overi\u0165 bu\u010f na niektorej z ofici\u00e1lnych webov\u00fdch str\u00e1nok lot\u00e9rie z\u00fa\u010dastnenej krajiny, alebo pohodlnej\u0161ie na na\u0161ej webovej str\u00e1nke, kde n\u00e1jdete najnov\u0161ie v\u00fdsledky najpozoruhodnej\u0161\u00edch lot\u00e9ri\u00ed sveta. A samozrejme, okrem toho, \u017ee m\u00f4\u017eete hra\u0165 Eurojackpot online zo Slovenska, m\u00e1te tie\u017e mo\u017enos\u0165 jednoducho si vybra\u0165 lot\u00e9riu, ktor\u00e1 m\u00e1 aktu\u00e1lne najvy\u0161\u0161\u00ed jackpot, a hra\u0165 t\u00fato lot\u00e9riu online.<\/p>\n<h2>Hrali ste Eurojackpot online a vyhrali ste &#8211; \u010do bude \u010falej?<\/h2>\n<p>Po tom, ako zist\u00edte, \u017ee ste v Eurojackpote nie\u010do vyhrali, dostanete od n\u00e1s aj e-mailov\u00e9 upozornenie. Na\u0161ich v\u00fdhercov v\u017edy upozorn\u00edme, tak\u017ee neexistuje \u017eiadna mo\u017enos\u0165, \u017ee by ste o v\u00fdhru pri\u0161li. A pri v\u0161etk\u00fdch men\u0161\u00edch v\u00fdhrach (men\u0161\u00edch alebo rovnaj\u00facich sa 2500 \u20ac) n\u00e1jdete vyhran\u00e9 peniaze u\u017e na svojom hr\u00e1\u010dskom \u00fa\u010dte. Finan\u010dn\u00e9 prostriedky budete ma\u0165 k dispoz\u00edcii na v\u00fdber kr\u00e1tko po \u017erebovan\u00ed. Samozrejme, m\u00f4\u017eete sa rozhodn\u00fa\u0165 aj pre nevyplatenie alebo po\u017eiada\u0165 o vyplatenie \u010dasti zostatku. Ak\u00fdko\u013evek v\u00e1\u0161 zostatok potom m\u00f4\u017eete pou\u017ei\u0165 na hranie online lota a n\u00e1kup nov\u00fdch tiketov.<\/p>\n","protected":false},"excerpt":{"rendered":"<p>O hre Eurojackpot T\u00e1to eur\u00f3pska lot\u00e9ria vznikla v\u010faka spolupr\u00e1ci viacer\u00fdch eur\u00f3pskych lot\u00e9riov\u00fdch \u00faradov. V s\u00fa\u010dasnosti m\u00f4\u017eete hra\u0165 Eurojackpot s tiketmi dostupn\u00fdmi v miestnej predajni lot\u00e9ri\u00ed, ak \u017eijete v niektorej zo z\u00fa\u010dastnen\u00fdch kraj\u00edn. T\u00fdmito krajinami s\u00fa Chorv\u00e1tsko, \u010cesk\u00e1 republika, D\u00e1nsko, Est\u00f3nsko, F\u00ednsko, Nemecko, Slovensko, Island, Taliansko, Loty\u0161sko, Litva, N\u00f3rsko, Po\u013esko, Slovensko, Slovinsko, \u0160panielsko, \u0160v\u00e9dsko a Holandsko. [&hellip;]<\/p>\n","protected":false},"author":1,"featured_media":0,"parent":5034,"menu_order":4,"comment_status":"closed","ping_status":"closed","template":"eurojackpot.php","meta":{"_et_pb_use_builder":"","_et_pb_old_content":"","_et_gb_content_width":"","exclude_from_search":false,"footnotes":""},"class_list":["post-79545","page","type-page","status-publish","hentry"],"yoast_head":"<!-- This site is optimized with the Yoast SEO plugin v23.4 - https:\/\/yoast.com\/wordpress\/plugins\/seo\/ -->\n<title>Eurojackpot pre obyvate\u013eov Slovenska | Hrajte Eurojackpot online tu<\/title>\n<meta name=\"description\" content=\"Leg\u00e1lny a jednoduch\u00fd sp\u00f4sob, ako hra\u0165 Eurojackpot online a zo Slovenska\" \/>\n<meta name=\"robots\" content=\"index, follow, max-snippet:-1, max-image-preview:large, max-video-preview:-1\" \/>\n<link rel=\"canonical\" href=\"https:\/\/onlinelotto365.com\/sk\/hrat\/eurojackpot\/\" \/>\n<meta property=\"og:locale\" content=\"sk_SK\" \/>\n<meta property=\"og:type\" content=\"article\" \/>\n<meta property=\"og:title\" content=\"Eurojackpot pre obyvate\u013eov Slovenska | Hrajte Eurojackpot online tu\" \/>\n<meta property=\"og:description\" content=\"Leg\u00e1lny a jednoduch\u00fd sp\u00f4sob, ako hra\u0165 Eurojackpot online a zo Slovenska\" \/>\n<meta property=\"og:url\" content=\"https:\/\/onlinelotto365.com\/sk\/hrat\/eurojackpot\/\" \/>\n<meta property=\"og:site_name\" content=\"OnlineLotto365\" \/>\n<meta property=\"article:modified_time\" content=\"2022-11-07T12:31:45+00:00\" \/>\n<meta property=\"og:image\" content=\"https:\/\/redfoxlotto.com\/image?size=8&amp;lottery=eurojackpot\" \/>\n<meta name=\"twitter:card\" content=\"summary_large_image\" \/>\n<meta name=\"twitter:label1\" content=\"Predpokladan\u00fd \u010das \u010d\u00edtania\" \/>\n\t<meta name=\"twitter:data1\" content=\"3 min\u00faty\" \/>\n<script type=\"application\/ld+json\" class=\"yoast-schema-graph\">{\"@context\":\"https:\/\/schema.org\",\"@graph\":[{\"@type\":\"WebPage\",\"@id\":\"https:\/\/onlinelotto365.com\/sk\/hrat\/eurojackpot\/\",\"url\":\"https:\/\/onlinelotto365.com\/sk\/hrat\/eurojackpot\/\",\"name\":\"Eurojackpot pre obyvate\u013eov Slovenska | Hrajte Eurojackpot online tu\",\"isPartOf\":{\"@id\":\"https:\/\/onlinelotto365.com\/sk\/#website\"},\"primaryImageOfPage\":{\"@id\":\"https:\/\/onlinelotto365.com\/sk\/hrat\/eurojackpot\/#primaryimage\"},\"image\":{\"@id\":\"https:\/\/onlinelotto365.com\/sk\/hrat\/eurojackpot\/#primaryimage\"},\"thumbnailUrl\":\"https:\/\/redfoxlotto.com\/image?size=8&amp;lottery=eurojackpot\",\"datePublished\":\"2022-11-07T08:43:50+00:00\",\"dateModified\":\"2022-11-07T12:31:45+00:00\",\"description\":\"Leg\u00e1lny a jednoduch\u00fd sp\u00f4sob, ako hra\u0165 Eurojackpot online a zo Slovenska\",\"breadcrumb\":{\"@id\":\"https:\/\/onlinelotto365.com\/sk\/hrat\/eurojackpot\/#breadcrumb\"},\"inLanguage\":\"sk-SK\",\"potentialAction\":[{\"@type\":\"ReadAction\",\"target\":[\"https:\/\/onlinelotto365.com\/sk\/hrat\/eurojackpot\/\"]}]},{\"@type\":\"ImageObject\",\"inLanguage\":\"sk-SK\",\"@id\":\"https:\/\/onlinelotto365.com\/sk\/hrat\/eurojackpot\/#primaryimage\",\"url\":\"https:\/\/redfoxlotto.com\/image?size=8&amp;lottery=eurojackpot\",\"contentUrl\":\"https:\/\/redfoxlotto.com\/image?size=8&amp;lottery=eurojackpot\"},{\"@type\":\"BreadcrumbList\",\"@id\":\"https:\/\/onlinelotto365.com\/sk\/hrat\/eurojackpot\/#breadcrumb\",\"itemListElement\":[{\"@type\":\"ListItem\",\"position\":1,\"name\":\"Home\",\"item\":\"https:\/\/onlinelotto365.com\/sk\/\"},{\"@type\":\"ListItem\",\"position\":2,\"name\":\"V\u0161etko, \u010do mus\u00edte vedie\u0165 o svojich mo\u017enostiach hra\u0165 najlep\u0161ie lot\u00e9rie online\",\"item\":\"https:\/\/onlinelotto365.com\/sk\/hrat\/\"},{\"@type\":\"ListItem\",\"position\":3,\"name\":\"Hrajte Eurojackpot s online tiketom\"}]},{\"@type\":\"WebSite\",\"@id\":\"https:\/\/onlinelotto365.com\/sk\/#website\",\"url\":\"https:\/\/onlinelotto365.com\/sk\/\",\"name\":\"OnlineLotto365\",\"description\":\"\",\"potentialAction\":[{\"@type\":\"SearchAction\",\"target\":{\"@type\":\"EntryPoint\",\"urlTemplate\":\"https:\/\/onlinelotto365.com\/sk\/?s={search_term_string}\"},\"query-input\":{\"@type\":\"PropertyValueSpecification\",\"valueRequired\":true,\"valueName\":\"search_term_string\"}}],\"inLanguage\":\"sk-SK\"}]}<\/script>\n<!-- \/ Yoast SEO plugin. -->","yoast_head_json":{"title":"Eurojackpot pre obyvate\u013eov Slovenska | Hrajte Eurojackpot online tu","description":"Leg\u00e1lny a jednoduch\u00fd sp\u00f4sob, ako hra\u0165 Eurojackpot online a zo Slovenska","robots":{"index":"index","follow":"follow","max-snippet":"max-snippet:-1","max-image-preview":"max-image-preview:large","max-video-preview":"max-video-preview:-1"},"canonical":"https:\/\/onlinelotto365.com\/sk\/hrat\/eurojackpot\/","og_locale":"sk_SK","og_type":"article","og_title":"Eurojackpot pre obyvate\u013eov Slovenska | Hrajte Eurojackpot online tu","og_description":"Leg\u00e1lny a jednoduch\u00fd sp\u00f4sob, ako hra\u0165 Eurojackpot online a zo Slovenska","og_url":"https:\/\/onlinelotto365.com\/sk\/hrat\/eurojackpot\/","og_site_name":"OnlineLotto365","article_modified_time":"2022-11-07T12:31:45+00:00","og_image":[{"url":"https:\/\/redfoxlotto.com\/image?size=8&amp;lottery=eurojackpot"}],"twitter_card":"summary_large_image","twitter_misc":{"Predpokladan\u00fd \u010das \u010d\u00edtania":"3 min\u00faty"},"schema":{"@context":"https:\/\/schema.org","@graph":[{"@type":"WebPage","@id":"https:\/\/onlinelotto365.com\/sk\/hrat\/eurojackpot\/","url":"https:\/\/onlinelotto365.com\/sk\/hrat\/eurojackpot\/","name":"Eurojackpot pre obyvate\u013eov Slovenska | Hrajte Eurojackpot online tu","isPartOf":{"@id":"https:\/\/onlinelotto365.com\/sk\/#website"},"primaryImageOfPage":{"@id":"https:\/\/onlinelotto365.com\/sk\/hrat\/eurojackpot\/#primaryimage"},"image":{"@id":"https:\/\/onlinelotto365.com\/sk\/hrat\/eurojackpot\/#primaryimage"},"thumbnailUrl":"https:\/\/redfoxlotto.com\/image?size=8&amp;lottery=eurojackpot","datePublished":"2022-11-07T08:43:50+00:00","dateModified":"2022-11-07T12:31:45+00:00","description":"Leg\u00e1lny a jednoduch\u00fd sp\u00f4sob, ako hra\u0165 Eurojackpot online a zo Slovenska","breadcrumb":{"@id":"https:\/\/onlinelotto365.com\/sk\/hrat\/eurojackpot\/#breadcrumb"},"inLanguage":"sk-SK","potentialAction":[{"@type":"ReadAction","target":["https:\/\/onlinelotto365.com\/sk\/hrat\/eurojackpot\/"]}]},{"@type":"ImageObject","inLanguage":"sk-SK","@id":"https:\/\/onlinelotto365.com\/sk\/hrat\/eurojackpot\/#primaryimage","url":"https:\/\/redfoxlotto.com\/image?size=8&amp;lottery=eurojackpot","contentUrl":"https:\/\/redfoxlotto.com\/image?size=8&amp;lottery=eurojackpot"},{"@type":"BreadcrumbList","@id":"https:\/\/onlinelotto365.com\/sk\/hrat\/eurojackpot\/#breadcrumb","itemListElement":[{"@type":"ListItem","position":1,"name":"Home","item":"https:\/\/onlinelotto365.com\/sk\/"},{"@type":"ListItem","position":2,"name":"V\u0161etko, \u010do mus\u00edte vedie\u0165 o svojich mo\u017enostiach hra\u0165 najlep\u0161ie lot\u00e9rie online","item":"https:\/\/onlinelotto365.com\/sk\/hrat\/"},{"@type":"ListItem","position":3,"name":"Hrajte Eurojackpot s online tiketom"}]},{"@type":"WebSite","@id":"https:\/\/onlinelotto365.com\/sk\/#website","url":"https:\/\/onlinelotto365.com\/sk\/","name":"OnlineLotto365","description":"","potentialAction":[{"@type":"SearchAction","target":{"@type":"EntryPoint","urlTemplate":"https:\/\/onlinelotto365.com\/sk\/?s={search_term_string}"},"query-input":{"@type":"PropertyValueSpecification","valueRequired":true,"valueName":"search_term_string"}}],"inLanguage":"sk-SK"}]}},"_links":{"self":[{"href":"https:\/\/onlinelotto365.com\/sk\/wp-json\/wp\/v2\/pages\/79545","targetHints":{"allow":["GET"]}}],"collection":[{"href":"https:\/\/onlinelotto365.com\/sk\/wp-json\/wp\/v2\/pages"}],"about":[{"href":"https:\/\/onlinelotto365.com\/sk\/wp-json\/wp\/v2\/types\/page"}],"author":[{"embeddable":true,"href":"https:\/\/onlinelotto365.com\/sk\/wp-json\/wp\/v2\/users\/1"}],"replies":[{"embeddable":true,"href":"https:\/\/onlinelotto365.com\/sk\/wp-json\/wp\/v2\/comments?post=79545"}],"version-history":[{"count":0,"href":"https:\/\/onlinelotto365.com\/sk\/wp-json\/wp\/v2\/pages\/79545\/revisions"}],"up":[{"embeddable":true,"href":"https:\/\/onlinelotto365.com\/sk\/wp-json\/wp\/v2\/pages\/5034"}],"wp:attachment":[{"href":"https:\/\/onlinelotto365.com\/sk\/wp-json\/wp\/v2\/media?parent=79545"}],"curies":[{"name":"wp","href":"https:\/\/api.w.org\/{rel}","templated":true}]}}