{"id":80081,"date":"2022-11-14T14:07:22","date_gmt":"2022-11-14T13:07:22","guid":{"rendered":"https:\/\/onlinelotto365.com\/?page_id=80081"},"modified":"2022-11-14T14:07:22","modified_gmt":"2022-11-14T13:07:22","slug":"superenalotto","status":"publish","type":"page","link":"https:\/\/onlinelotto365.com\/sk\/vyherne-cisla\/superenalotto\/","title":{"rendered":"Skontrolujte Superenalotto v\u00ed\u0165azn\u00e9 \u010d\u00edsla tu"},"content":{"rendered":"<p>Na na\u0161ej webovej str\u00e1nke pon\u00fakame mno\u017estvo r\u00f4znych medzin\u00e1rodn\u00fdch lot\u00e9riov\u00fdch hier, ale chceme sa uisti\u0165, \u017ee n\u00e1js\u0165 v\u00fdsledky nebude probl\u00e9m. Iste, v\u00fdsledky si m\u00f4\u017eete pozrie\u0165 v telev\u00edzii, ak m\u00e1te \u0161\u0165astie a v\u00fdsledky \u017erebovania n\u00e1jdete v spr\u00e1vach. Alebo by ste ich mohli n\u00e1js\u0165 v novin\u00e1ch, ak \u017eijete v oblasti, kde s\u00fa hry miestne. Ale aj to m\u00f4\u017ee by\u0165 \u0165a\u017ek\u00e9.<br \/>\n<a href=\"https:\/\/redfoxlotto.com\/play\/superenalotto\/?ref=a8564250a2&amp;medium=ol365\" target=\"_blank\" rel=\"noopener noreferrer\"><img decoding=\"async\" class=\"aligncenter\" src=\"https:\/\/redfoxlotto.com\/image?size=8&amp;lottery=superenalotto\" alt=\"superenalotto\" \/><\/a><br \/>\nM\u00f4\u017eete sa tie\u017e pozrie\u0165 na webov\u00fa str\u00e1nku Superenalotto a n\u00e1js\u0165 priamy prenos priebehu \u017erebovania, ak je pon\u00fakan\u00fd. V pr\u00edpade hier, ktor\u00e9 ho poskytuj\u00fa, to m\u00f4\u017ee by\u0165 z\u00e1bavn\u00e9 a m\u00f4\u017ee v\u00e1m to poskytn\u00fa\u0165 vzru\u0161uj\u00faci moment sledovania, \u010di pr\u00e1ve va\u0161e \u010d\u00edsla vyhrali, ale nie ka\u017ed\u00e1 lot\u00e9riov\u00e1 hra t\u00fato mo\u017enos\u0165 skuto\u010dne pon\u00faka.<\/p>\n<p>Po \u017erebovan\u00ed m\u00f4\u017eete niekedy n\u00e1js\u0165 v\u00fdhern\u00e9 \u010d\u00edsla a \u017erebovania hry Superenalotto na YouTube, ak viete, ako postupova\u0165 a kde h\u013eada\u0165. To v\u0161ak m\u00f4\u017ee trva\u0165 dlh\u0161ie.<\/p>\n<p>Najlep\u0161\u00ed sp\u00f4sob, ako na to \u00eds\u0165, je jednoducho prejs\u0165 na na\u0161u str\u00e1nku s v\u00fdsledkami lot\u00e9rie a pozrie\u0165 si v\u0161etky \u010d\u00edsla pre jednotliv\u00e9 lotto hry. To zah\u0155\u0148a aj Superenalotto a mnoho \u010fal\u0161\u00edch.<\/p>\n<h2>Ako zisti\u0165, \u010di v\u00e1\u0161 online tiket vyhral<\/h2>\n<p>T\u00ed, ktor\u00ed si zak\u00fapili tiket Superenalotto na na\u0161ej str\u00e1nke, si m\u00f4\u017eu jednoducho skontrolova\u0165 svoje konto a zisti\u0165 v\u00fdhern\u00e9 \u010d\u00edsla. Bude to ove\u013ea jednoduch\u0161ie, ako by ste si mohli myslie\u0165, a \u010do je e\u0161te lep\u0161ie, nemus\u00edte ani porovn\u00e1va\u0165 \u010d\u00edsla.<\/p>\n<p>O t\u00fato \u010das\u0165 sa postar\u00e1me za v\u00e1s. V skuto\u010dnosti v\u00e1m zobraz\u00edme, ktor\u00e9 \u010d\u00edsla sa zhoduj\u00fa s v\u00fdhern\u00fdmi \u010d\u00edslami, a to tak, \u017ee ich zv\u00fdrazn\u00edme. Potom v\u00e1m v\u0161etky peniaze, ktor\u00e9 vyhr\u00e1te a\u017e do v\u00fd\u0161ky 2500 \u20ac, pouk\u00e1\u017eeme priamo na v\u00e1\u0161 \u00fa\u010det. Nemus\u00edte sa stara\u0165 o to, aby ste si ich n\u00e1rokovali alebo sa uistili, \u017ee ste si nie\u010do overili. V\u0161etko urob\u00edme my, aby ste si mohli u\u017ei\u0165 svoju v\u00fdhru.<\/p>\n<h2>Arch\u00edv v\u00fdsledkov Superenalotto<\/h2>\n<p>Na ka\u017edej str\u00e1nke n\u00e1\u0161ho webu, kde sa zobrazuj\u00fa v\u00fdhern\u00e9 \u010d\u00edsla Superenalotto, sa dozviete aj to, ako sa m\u00f4\u017eete vr\u00e1ti\u0165 k predch\u00e1dzaj\u00facim v\u00fdsledkom a skontrolova\u0165 si predch\u00e1dzaj\u00face \u017erebovania. To v\u00e1m m\u00f4\u017ee pom\u00f4c\u0165 vybra\u0165 si tie spr\u00e1vne \u010d\u00edsla, ktor\u00e9 chcete hra\u0165, ke\u010f pr\u00edde \u010das na \u010fal\u0161ie \u017erebovanie. Je to jeden z najob\u013e\u00fabenej\u0161\u00edch sp\u00f4sobov v\u00fdberu \u010d\u00edsel.<\/p>\n<h2>M\u00f4j tiket vyhral, \u010do sa stane \u010falej?<\/h2>\n<p><img loading=\"lazy\" decoding=\"async\" class=\"alignright size-full wp-image-3634\" src=\"https:\/\/onlinelotto365.com\/wp-content\/uploads\/2020\/11\/online_lottery-136.jpg\" alt=\"V\u00ed\u0165azn\u00e9 \u010d\u00edsla superenalotto\" width=\"297\" height=\"101\" \/><br \/>\nKa\u017ed\u00e1 v\u00fdhra, ktor\u00e1 je ni\u017e\u0161ia ako 2500 EUR, bude okam\u017eite prip\u00edsan\u00e1 na v\u00e1\u0161 hr\u00e1\u010dsky \u00fa\u010det. Takto si ju m\u00f4\u017eete vybra\u0165 (ak\u00fako\u013evek sumu nad 10 \u20ac) alebo ju m\u00f4\u017eete pou\u017ei\u0165 na n\u00e1kup \u010fal\u0161\u00edch tiketov. Len majte na pam\u00e4ti, \u017ee prostriedky si m\u00f4\u017eete vybra\u0165 na kreditn\u00fa alebo debetn\u00fa kartu alebo si ich m\u00f4\u017eete vybra\u0165 na bankov\u00fd \u00fa\u010det. Bez oh\u013eadu na to, na ak\u00fd \u00fa\u010det chcete peniaze vybra\u0165, budete ich u\u017e musie\u0165 pou\u017ei\u0165 aj na vlo\u017eenie pe\u0148az\u00ed. Takto v\u00e1s pom\u00e1hame chr\u00e1ni\u0165 a z\u00e1rove\u0148 dodr\u017eiavame predpisy proti praniu \u0161pinav\u00fdch pe\u0148az\u00ed a \u010fal\u0161ie.<\/p>\n","protected":false},"excerpt":{"rendered":"<p>Na na\u0161ej webovej str\u00e1nke pon\u00fakame mno\u017estvo r\u00f4znych medzin\u00e1rodn\u00fdch lot\u00e9riov\u00fdch hier, ale chceme sa uisti\u0165, \u017ee n\u00e1js\u0165 v\u00fdsledky nebude probl\u00e9m. Iste, v\u00fdsledky si m\u00f4\u017eete pozrie\u0165 v telev\u00edzii, ak m\u00e1te \u0161\u0165astie a v\u00fdsledky \u017erebovania n\u00e1jdete v spr\u00e1vach. Alebo by ste ich mohli n\u00e1js\u0165 v novin\u00e1ch, ak \u017eijete v oblasti, kde s\u00fa hry miestne. Ale aj to m\u00f4\u017ee [&hellip;]<\/p>\n","protected":false},"author":1,"featured_media":0,"parent":5864,"menu_order":5,"comment_status":"closed","ping_status":"closed","template":"superenalotto-results.php","meta":{"_et_pb_use_builder":"","_et_pb_old_content":"","_et_gb_content_width":"","exclude_from_search":false,"footnotes":""},"class_list":["post-80081","page","type-page","status-publish","hentry"],"yoast_head":"<!-- This site is optimized with the Yoast SEO plugin v23.4 - https:\/\/yoast.com\/wordpress\/plugins\/seo\/ -->\n<title>Najnov\u0161ie v\u00fdhern\u00e9 \u010d\u00edsla pre Superenalotto<\/title>\n<meta name=\"description\" content=\"Chcete pozna\u0165 v\u00fdhern\u00e9 \u010d\u00edsla pre Superenalotto? V\u00fdsledky a \u010fal\u0161ie inform\u00e1cie n\u00e1jdete tu!\" \/>\n<meta name=\"robots\" content=\"index, follow, max-snippet:-1, max-image-preview:large, max-video-preview:-1\" \/>\n<link rel=\"canonical\" href=\"https:\/\/onlinelotto365.com\/sk\/vyherne-cisla\/superenalotto\/\" \/>\n<meta property=\"og:locale\" content=\"sk_SK\" \/>\n<meta property=\"og:type\" content=\"article\" \/>\n<meta property=\"og:title\" content=\"Najnov\u0161ie v\u00fdhern\u00e9 \u010d\u00edsla pre Superenalotto\" \/>\n<meta property=\"og:description\" content=\"Chcete pozna\u0165 v\u00fdhern\u00e9 \u010d\u00edsla pre Superenalotto? V\u00fdsledky a \u010fal\u0161ie inform\u00e1cie n\u00e1jdete tu!\" \/>\n<meta property=\"og:url\" content=\"https:\/\/onlinelotto365.com\/sk\/vyherne-cisla\/superenalotto\/\" \/>\n<meta property=\"og:site_name\" content=\"OnlineLotto365\" \/>\n<meta property=\"og:image\" content=\"https:\/\/redfoxlotto.com\/image?size=8&amp;lottery=superenalotto\" \/>\n<meta name=\"twitter:card\" content=\"summary_large_image\" \/>\n<meta name=\"twitter:label1\" content=\"Predpokladan\u00fd \u010das \u010d\u00edtania\" \/>\n\t<meta name=\"twitter:data1\" content=\"3 min\u00faty\" \/>\n<script type=\"application\/ld+json\" class=\"yoast-schema-graph\">{\"@context\":\"https:\/\/schema.org\",\"@graph\":[{\"@type\":\"WebPage\",\"@id\":\"https:\/\/onlinelotto365.com\/sk\/vyherne-cisla\/superenalotto\/\",\"url\":\"https:\/\/onlinelotto365.com\/sk\/vyherne-cisla\/superenalotto\/\",\"name\":\"Najnov\u0161ie v\u00fdhern\u00e9 \u010d\u00edsla pre Superenalotto\",\"isPartOf\":{\"@id\":\"https:\/\/onlinelotto365.com\/sk\/#website\"},\"primaryImageOfPage\":{\"@id\":\"https:\/\/onlinelotto365.com\/sk\/vyherne-cisla\/superenalotto\/#primaryimage\"},\"image\":{\"@id\":\"https:\/\/onlinelotto365.com\/sk\/vyherne-cisla\/superenalotto\/#primaryimage\"},\"thumbnailUrl\":\"https:\/\/redfoxlotto.com\/image?size=8&amp;lottery=superenalotto\",\"datePublished\":\"2022-11-14T13:07:22+00:00\",\"dateModified\":\"2022-11-14T13:07:22+00:00\",\"description\":\"Chcete pozna\u0165 v\u00fdhern\u00e9 \u010d\u00edsla pre Superenalotto? V\u00fdsledky a \u010fal\u0161ie inform\u00e1cie n\u00e1jdete tu!\",\"breadcrumb\":{\"@id\":\"https:\/\/onlinelotto365.com\/sk\/vyherne-cisla\/superenalotto\/#breadcrumb\"},\"inLanguage\":\"sk-SK\",\"potentialAction\":[{\"@type\":\"ReadAction\",\"target\":[\"https:\/\/onlinelotto365.com\/sk\/vyherne-cisla\/superenalotto\/\"]}]},{\"@type\":\"ImageObject\",\"inLanguage\":\"sk-SK\",\"@id\":\"https:\/\/onlinelotto365.com\/sk\/vyherne-cisla\/superenalotto\/#primaryimage\",\"url\":\"https:\/\/redfoxlotto.com\/image?size=8&amp;lottery=superenalotto\",\"contentUrl\":\"https:\/\/redfoxlotto.com\/image?size=8&amp;lottery=superenalotto\"},{\"@type\":\"BreadcrumbList\",\"@id\":\"https:\/\/onlinelotto365.com\/sk\/vyherne-cisla\/superenalotto\/#breadcrumb\",\"itemListElement\":[{\"@type\":\"ListItem\",\"position\":1,\"name\":\"Home\",\"item\":\"https:\/\/onlinelotto365.com\/sk\/\"},{\"@type\":\"ListItem\",\"position\":2,\"name\":\"V\u00fdsledky lot\u00e9ri\u00ed\",\"item\":\"https:\/\/onlinelotto365.com\/sk\/vyherne-cisla\/\"},{\"@type\":\"ListItem\",\"position\":3,\"name\":\"Skontrolujte Superenalotto v\u00ed\u0165azn\u00e9 \u010d\u00edsla tu\"}]},{\"@type\":\"WebSite\",\"@id\":\"https:\/\/onlinelotto365.com\/sk\/#website\",\"url\":\"https:\/\/onlinelotto365.com\/sk\/\",\"name\":\"OnlineLotto365\",\"description\":\"\",\"potentialAction\":[{\"@type\":\"SearchAction\",\"target\":{\"@type\":\"EntryPoint\",\"urlTemplate\":\"https:\/\/onlinelotto365.com\/sk\/?s={search_term_string}\"},\"query-input\":{\"@type\":\"PropertyValueSpecification\",\"valueRequired\":true,\"valueName\":\"search_term_string\"}}],\"inLanguage\":\"sk-SK\"}]}<\/script>\n<!-- \/ Yoast SEO plugin. -->","yoast_head_json":{"title":"Najnov\u0161ie v\u00fdhern\u00e9 \u010d\u00edsla pre Superenalotto","description":"Chcete pozna\u0165 v\u00fdhern\u00e9 \u010d\u00edsla pre Superenalotto? V\u00fdsledky a \u010fal\u0161ie inform\u00e1cie n\u00e1jdete tu!","robots":{"index":"index","follow":"follow","max-snippet":"max-snippet:-1","max-image-preview":"max-image-preview:large","max-video-preview":"max-video-preview:-1"},"canonical":"https:\/\/onlinelotto365.com\/sk\/vyherne-cisla\/superenalotto\/","og_locale":"sk_SK","og_type":"article","og_title":"Najnov\u0161ie v\u00fdhern\u00e9 \u010d\u00edsla pre Superenalotto","og_description":"Chcete pozna\u0165 v\u00fdhern\u00e9 \u010d\u00edsla pre Superenalotto? V\u00fdsledky a \u010fal\u0161ie inform\u00e1cie n\u00e1jdete tu!","og_url":"https:\/\/onlinelotto365.com\/sk\/vyherne-cisla\/superenalotto\/","og_site_name":"OnlineLotto365","og_image":[{"url":"https:\/\/redfoxlotto.com\/image?size=8&amp;lottery=superenalotto"}],"twitter_card":"summary_large_image","twitter_misc":{"Predpokladan\u00fd \u010das \u010d\u00edtania":"3 min\u00faty"},"schema":{"@context":"https:\/\/schema.org","@graph":[{"@type":"WebPage","@id":"https:\/\/onlinelotto365.com\/sk\/vyherne-cisla\/superenalotto\/","url":"https:\/\/onlinelotto365.com\/sk\/vyherne-cisla\/superenalotto\/","name":"Najnov\u0161ie v\u00fdhern\u00e9 \u010d\u00edsla pre Superenalotto","isPartOf":{"@id":"https:\/\/onlinelotto365.com\/sk\/#website"},"primaryImageOfPage":{"@id":"https:\/\/onlinelotto365.com\/sk\/vyherne-cisla\/superenalotto\/#primaryimage"},"image":{"@id":"https:\/\/onlinelotto365.com\/sk\/vyherne-cisla\/superenalotto\/#primaryimage"},"thumbnailUrl":"https:\/\/redfoxlotto.com\/image?size=8&amp;lottery=superenalotto","datePublished":"2022-11-14T13:07:22+00:00","dateModified":"2022-11-14T13:07:22+00:00","description":"Chcete pozna\u0165 v\u00fdhern\u00e9 \u010d\u00edsla pre Superenalotto? V\u00fdsledky a \u010fal\u0161ie inform\u00e1cie n\u00e1jdete tu!","breadcrumb":{"@id":"https:\/\/onlinelotto365.com\/sk\/vyherne-cisla\/superenalotto\/#breadcrumb"},"inLanguage":"sk-SK","potentialAction":[{"@type":"ReadAction","target":["https:\/\/onlinelotto365.com\/sk\/vyherne-cisla\/superenalotto\/"]}]},{"@type":"ImageObject","inLanguage":"sk-SK","@id":"https:\/\/onlinelotto365.com\/sk\/vyherne-cisla\/superenalotto\/#primaryimage","url":"https:\/\/redfoxlotto.com\/image?size=8&amp;lottery=superenalotto","contentUrl":"https:\/\/redfoxlotto.com\/image?size=8&amp;lottery=superenalotto"},{"@type":"BreadcrumbList","@id":"https:\/\/onlinelotto365.com\/sk\/vyherne-cisla\/superenalotto\/#breadcrumb","itemListElement":[{"@type":"ListItem","position":1,"name":"Home","item":"https:\/\/onlinelotto365.com\/sk\/"},{"@type":"ListItem","position":2,"name":"V\u00fdsledky lot\u00e9ri\u00ed","item":"https:\/\/onlinelotto365.com\/sk\/vyherne-cisla\/"},{"@type":"ListItem","position":3,"name":"Skontrolujte Superenalotto v\u00ed\u0165azn\u00e9 \u010d\u00edsla tu"}]},{"@type":"WebSite","@id":"https:\/\/onlinelotto365.com\/sk\/#website","url":"https:\/\/onlinelotto365.com\/sk\/","name":"OnlineLotto365","description":"","potentialAction":[{"@type":"SearchAction","target":{"@type":"EntryPoint","urlTemplate":"https:\/\/onlinelotto365.com\/sk\/?s={search_term_string}"},"query-input":{"@type":"PropertyValueSpecification","valueRequired":true,"valueName":"search_term_string"}}],"inLanguage":"sk-SK"}]}},"_links":{"self":[{"href":"https:\/\/onlinelotto365.com\/sk\/wp-json\/wp\/v2\/pages\/80081","targetHints":{"allow":["GET"]}}],"collection":[{"href":"https:\/\/onlinelotto365.com\/sk\/wp-json\/wp\/v2\/pages"}],"about":[{"href":"https:\/\/onlinelotto365.com\/sk\/wp-json\/wp\/v2\/types\/page"}],"author":[{"embeddable":true,"href":"https:\/\/onlinelotto365.com\/sk\/wp-json\/wp\/v2\/users\/1"}],"replies":[{"embeddable":true,"href":"https:\/\/onlinelotto365.com\/sk\/wp-json\/wp\/v2\/comments?post=80081"}],"version-history":[{"count":0,"href":"https:\/\/onlinelotto365.com\/sk\/wp-json\/wp\/v2\/pages\/80081\/revisions"}],"up":[{"embeddable":true,"href":"https:\/\/onlinelotto365.com\/sk\/wp-json\/wp\/v2\/pages\/5864"}],"wp:attachment":[{"href":"https:\/\/onlinelotto365.com\/sk\/wp-json\/wp\/v2\/media?parent=80081"}],"curies":[{"name":"wp","href":"https:\/\/api.w.org\/{rel}","templated":true}]}}