{"id":80113,"date":"2022-11-14T18:22:08","date_gmt":"2022-11-14T17:22:08","guid":{"rendered":"https:\/\/onlinelotto365.com\/?page_id=80113"},"modified":"2022-11-14T18:22:08","modified_gmt":"2022-11-14T17:22:08","slug":"euromillions","status":"publish","type":"page","link":"https:\/\/onlinelotto365.com\/sk\/vyherne-cisla\/euromillions\/","title":{"rendered":"Pozrite si v\u00fdhern\u00e9 \u010d\u00edsla Euromili\u00f3nov"},"content":{"rendered":"<p>Vieme, \u017ee na na\u0161ej webovej str\u00e1nke je k dispoz\u00edcii ve\u013ea medzin\u00e1rodn\u00fdch lot\u00e9riov\u00fdch hier, \u010do v\u00e1s m\u00f4\u017ee trochu zmias\u0165. Ale nemus\u00ed to by\u0165 tak\u00e9 m\u00e4t\u00face, ako si mysl\u00edte. A tie\u017e pre v\u00e1s nemus\u00ed by\u0165 tak\u00e9 \u0165a\u017ek\u00e9 n\u00e1js\u0165 v\u00fdhern\u00e9 \u010d\u00edsla pre hru, ktor\u00fa chcete. Mo\u017eno ste v\u0161ak uva\u017eovali o tom, \u017ee sa pozriete inde. Noviny a telev\u00edzia s\u00fa nieko\u013ek\u00fdmi mo\u017enos\u0165ami, ale ak nie ste miestni, m\u00f4\u017ee by\u0165 \u0165a\u017ek\u00e9 n\u00e1js\u0165 v\u00fdsledky na niektorom z t\u00fdchto miest.<br \/>\n<a href=\"https:\/\/redfoxlotto.com\/play\/euromillions\/?ref=a8564250a2&amp;medium=ol365\" target=\"_blank\" rel=\"noopener noreferrer\"><img decoding=\"async\" class=\"aligncenter\" src=\"https:\/\/redfoxlotto.com\/image?size=8&amp;lottery=euromillions\" alt=\"euromillions\" \/><\/a><\/p>\n<p>M\u00f4\u017eete sa tie\u017e rozhodn\u00fa\u0165 \u00eds\u0165 na ofici\u00e1lnu webov\u00fa str\u00e1nku lot\u00e9rie EuroMillions. Je to jedno z najlep\u0161\u00edch miest na z\u00edskanie v\u00fdsledkov, preto\u017ee s\u00fa k dispoz\u00edcii fakty a mo\u017eno budete m\u00f4c\u0165 sledova\u0165 aj priamy prenos \u017erebovania. Sledova\u0165 toto \u017erebovanie na\u017eivo m\u00f4\u017ee by\u0165 z\u00e1bavn\u00e9 a vzru\u0161uj\u00face, najm\u00e4 ak ste to vy, kto vyhr\u00e1, a m\u00f4\u017eete sledova\u0165, ako sa va\u0161e \u010d\u00edsla objavuj\u00fa. M\u00f4\u017ee to v\u0161ak zabra\u0165 ve\u013ea \u010dasu a nie v\u0161etky lot\u00e9riov\u00e9 hry s\u00fa skuto\u010dne streamovan\u00e9.<\/p>\n<p>Po vy\u017erebovan\u00ed lot\u00e9rie je \u010fal\u0161ou mo\u017enos\u0165ou pozrie\u0165 sa na YouTube, \u010di sa v\u00e1m nepodar\u00ed z\u00edska\u0165 video z \u017erebovania alebo niekoho in\u00e9ho, kto odhal\u00ed \u010d\u00edsla a\u017e po jeho skon\u010den\u00ed.<\/p>\n<p>Najlep\u0161\u00edm sp\u00f4sobom, ako z\u00edska\u0165 v\u00fdhern\u00e9 \u010d\u00edsla, je v\u0161ak pozrie\u0165 si na\u0161u webov\u00fa str\u00e1nku a overi\u0165 si v\u00fdsledky. V\u0161etko je k dispoz\u00edcii na na\u0161ej str\u00e1nke s v\u00fdsledkami lot\u00e9rie, ktor\u00e1 v\u00e1m uk\u00e1\u017ee v\u00fdhern\u00e9 \u010d\u00edsla pre ka\u017ed\u00fa lotto hru, ktor\u00fa si m\u00f4\u017eete k\u00fapi\u0165 na na\u0161ej webovej str\u00e1nke.<\/p>\n<h2>Ako zisti\u0165, \u010di v\u00e1\u0161 online tiket vyhral<\/h2>\n<p>E\u0161te lep\u0161ie je, \u017ee ak ste si skuto\u010dne zak\u00fapili tiket do tejto hry, nemus\u00edte sa ani ob\u00e1va\u0165 prejs\u0165 na str\u00e1nku s v\u00fdsledkami. Sta\u010d\u00ed, ak prejdete priamo na svoje konto a str\u00e1nku s va\u0161imi l\u00edstkami.<\/p>\n<p>Odtia\u013e si m\u00f4\u017eete pozrie\u0165 v\u00fdhern\u00e9 \u010d\u00edsla a porovna\u0165 svoje \u010d\u00edsla. A my zv\u00fdrazn\u00edme \u010d\u00edsla, ktor\u00e9 sa zhoduj\u00fa, aby ste ich neprehliadli. Navy\u0161e sa postar\u00e1me o to, aby ste dostali v\u00fdhry z va\u0161ich \u010d\u00edsel, ak ste z\u00edskali nie\u010do pod 2500 \u20ac. Ak je to viac, sta\u010d\u00ed vyplni\u0165 formul\u00e1r a my v\u00e1m e\u0161te pom\u00f4\u017eeme v\u0161etko vybavi\u0165.<\/p>\n<h2>Arch\u00edv v\u00fdsledkov hry EuroMillions<\/h2>\n<p>M\u00e1me nieko\u013eko oblast\u00ed, kde si m\u00f4\u017eete pozrie\u0165 najnov\u0161ie v\u00fdhern\u00e9 \u010d\u00edsla EuroMillions a v\u00fdsledky in\u00fdch hier, ale m\u00e1me aj mo\u017enosti, ako si pozrie\u0165 aj star\u00e9 v\u00fdhern\u00e9 \u010d\u00edsla. Ak sa chcete uisti\u0165, \u017ee si vyber\u00e1te spr\u00e1vne \u010d\u00edsla pre \u010dist\u00fa hru, poh\u013ead na star\u0161ie hry m\u00f4\u017ee by\u0165 pr\u00e1ve dobr\u00fdm sp\u00f4sobom, ako sa rozhodn\u00fa\u0165.<\/p>\n<h2>M\u00f4j tiket vyhral, \u010do sa stane \u010falej?<\/h2>\n<p><img loading=\"lazy\" decoding=\"async\" class=\"alignright wp-image-3645\" src=\"https:\/\/onlinelotto365.com\/wp-content\/uploads\/2020\/11\/online_lottery-129-300x300.jpg\" alt=\"V\u00ed\u0165azn\u00e9 \u010d\u00edsla Euromillions\" width=\"210\" height=\"210\" srcset=\"https:\/\/onlinelotto365.com\/wp-content\/uploads\/2020\/11\/online_lottery-129-300x300.jpg 300w, https:\/\/onlinelotto365.com\/wp-content\/uploads\/2020\/11\/online_lottery-129-100x100.jpg 100w, https:\/\/onlinelotto365.com\/wp-content\/uploads\/2020\/11\/online_lottery-129-150x150.jpg 150w, https:\/\/onlinelotto365.com\/wp-content\/uploads\/2020\/11\/online_lottery-129.jpg 320w\" sizes=\"auto, (max-width: 210px) 100vw, 210px\" \/><br \/>\nU\u017e sme spomenuli, \u017ee ak\u00fako\u013evek v\u00fdhru, ktor\u00e1 je ni\u017e\u0161ia ako 2500 \u20ac, v\u00e1m n\u00e1\u0161 t\u00edm slu\u017eieb z\u00e1kazn\u00edkom prip\u00ed\u0161e na v\u00e1\u0161 \u00fa\u010det. Ke\u010f bud\u00fa peniaze na va\u0161om \u00fa\u010dte, budete si ich m\u00f4c\u0165 vybra\u0165, pou\u017ei\u0165 alebo \u010doko\u013evek in\u00e9, \u010do budete chcie\u0165. To v\u00e1m u\u013eah\u010d\u00ed \u010fal\u0161ie hranie alebo pou\u017eitie pe\u0148az\u00ed na \u010doko\u013evek budete chcie\u0165.<br \/>\nA nielen to, peniaze si m\u00f4\u017eete vybra\u0165 z ak\u00e9hoko\u013evek \u00fa\u010dtu, ktor\u00fd ste u\u017e pou\u017eili na n\u00e1kup, alebo si na\u0148 vlo\u017ei\u0165 \u010fal\u0161ie peniaze. To zah\u0155\u0148a bankov\u00e9 \u00fa\u010dty, kreditn\u00e9 karty a \u010fal\u0161ie.<\/p>\n","protected":false},"excerpt":{"rendered":"<p>Vieme, \u017ee na na\u0161ej webovej str\u00e1nke je k dispoz\u00edcii ve\u013ea medzin\u00e1rodn\u00fdch lot\u00e9riov\u00fdch hier, \u010do v\u00e1s m\u00f4\u017ee trochu zmias\u0165. Ale nemus\u00ed to by\u0165 tak\u00e9 m\u00e4t\u00face, ako si mysl\u00edte. A tie\u017e pre v\u00e1s nemus\u00ed by\u0165 tak\u00e9 \u0165a\u017ek\u00e9 n\u00e1js\u0165 v\u00fdhern\u00e9 \u010d\u00edsla pre hru, ktor\u00fa chcete. Mo\u017eno ste v\u0161ak uva\u017eovali o tom, \u017ee sa pozriete inde. Noviny a telev\u00edzia [&hellip;]<\/p>\n","protected":false},"author":1,"featured_media":0,"parent":5864,"menu_order":3,"comment_status":"closed","ping_status":"closed","template":"euromillions-results.php","meta":{"_et_pb_use_builder":"","_et_pb_old_content":"","_et_gb_content_width":"","exclude_from_search":false,"footnotes":""},"class_list":["post-80113","page","type-page","status-publish","hentry"],"yoast_head":"<!-- This site is optimized with the Yoast SEO plugin v23.4 - https:\/\/yoast.com\/wordpress\/plugins\/seo\/ -->\n<title>V\u00fdhern\u00e9 \u010d\u00edsla Euromillions | Pozrite si najnov\u0161ie v\u00fdhry a v\u00fdsledky hry Euromillions<\/title>\n<meta name=\"description\" content=\"Porovnajte svoj tiket Euromillions s v\u00fdhern\u00fdmi \u010d\u00edslami - pozrite si v\u0161etky v\u00fdsledky lot\u00e9rie tu\" \/>\n<meta name=\"robots\" content=\"index, follow, max-snippet:-1, max-image-preview:large, max-video-preview:-1\" \/>\n<link rel=\"canonical\" href=\"https:\/\/onlinelotto365.com\/sk\/vyherne-cisla\/euromillions\/\" \/>\n<meta property=\"og:locale\" content=\"sk_SK\" \/>\n<meta property=\"og:type\" content=\"article\" \/>\n<meta property=\"og:title\" content=\"V\u00fdhern\u00e9 \u010d\u00edsla Euromillions | Pozrite si najnov\u0161ie v\u00fdhry a v\u00fdsledky hry Euromillions\" \/>\n<meta property=\"og:description\" content=\"Porovnajte svoj tiket Euromillions s v\u00fdhern\u00fdmi \u010d\u00edslami - pozrite si v\u0161etky v\u00fdsledky lot\u00e9rie tu\" \/>\n<meta property=\"og:url\" content=\"https:\/\/onlinelotto365.com\/sk\/vyherne-cisla\/euromillions\/\" \/>\n<meta property=\"og:site_name\" content=\"OnlineLotto365\" \/>\n<meta property=\"og:image\" content=\"https:\/\/redfoxlotto.com\/image?size=8&amp;lottery=euromillions\" \/>\n<meta name=\"twitter:card\" content=\"summary_large_image\" \/>\n<meta name=\"twitter:label1\" content=\"Predpokladan\u00fd \u010das \u010d\u00edtania\" \/>\n\t<meta name=\"twitter:data1\" content=\"3 min\u00faty\" \/>\n<script type=\"application\/ld+json\" class=\"yoast-schema-graph\">{\"@context\":\"https:\/\/schema.org\",\"@graph\":[{\"@type\":\"WebPage\",\"@id\":\"https:\/\/onlinelotto365.com\/sk\/vyherne-cisla\/euromillions\/\",\"url\":\"https:\/\/onlinelotto365.com\/sk\/vyherne-cisla\/euromillions\/\",\"name\":\"V\u00fdhern\u00e9 \u010d\u00edsla Euromillions | Pozrite si najnov\u0161ie v\u00fdhry a v\u00fdsledky hry Euromillions\",\"isPartOf\":{\"@id\":\"https:\/\/onlinelotto365.com\/sk\/#website\"},\"primaryImageOfPage\":{\"@id\":\"https:\/\/onlinelotto365.com\/sk\/vyherne-cisla\/euromillions\/#primaryimage\"},\"image\":{\"@id\":\"https:\/\/onlinelotto365.com\/sk\/vyherne-cisla\/euromillions\/#primaryimage\"},\"thumbnailUrl\":\"https:\/\/redfoxlotto.com\/image?size=8&amp;lottery=euromillions\",\"datePublished\":\"2022-11-14T17:22:08+00:00\",\"dateModified\":\"2022-11-14T17:22:08+00:00\",\"description\":\"Porovnajte svoj tiket Euromillions s v\u00fdhern\u00fdmi \u010d\u00edslami - pozrite si v\u0161etky v\u00fdsledky lot\u00e9rie tu\",\"breadcrumb\":{\"@id\":\"https:\/\/onlinelotto365.com\/sk\/vyherne-cisla\/euromillions\/#breadcrumb\"},\"inLanguage\":\"sk-SK\",\"potentialAction\":[{\"@type\":\"ReadAction\",\"target\":[\"https:\/\/onlinelotto365.com\/sk\/vyherne-cisla\/euromillions\/\"]}]},{\"@type\":\"ImageObject\",\"inLanguage\":\"sk-SK\",\"@id\":\"https:\/\/onlinelotto365.com\/sk\/vyherne-cisla\/euromillions\/#primaryimage\",\"url\":\"https:\/\/redfoxlotto.com\/image?size=8&amp;lottery=euromillions\",\"contentUrl\":\"https:\/\/redfoxlotto.com\/image?size=8&amp;lottery=euromillions\"},{\"@type\":\"BreadcrumbList\",\"@id\":\"https:\/\/onlinelotto365.com\/sk\/vyherne-cisla\/euromillions\/#breadcrumb\",\"itemListElement\":[{\"@type\":\"ListItem\",\"position\":1,\"name\":\"Home\",\"item\":\"https:\/\/onlinelotto365.com\/sk\/\"},{\"@type\":\"ListItem\",\"position\":2,\"name\":\"V\u00fdsledky lot\u00e9ri\u00ed\",\"item\":\"https:\/\/onlinelotto365.com\/sk\/vyherne-cisla\/\"},{\"@type\":\"ListItem\",\"position\":3,\"name\":\"Pozrite si v\u00fdhern\u00e9 \u010d\u00edsla Euromili\u00f3nov\"}]},{\"@type\":\"WebSite\",\"@id\":\"https:\/\/onlinelotto365.com\/sk\/#website\",\"url\":\"https:\/\/onlinelotto365.com\/sk\/\",\"name\":\"OnlineLotto365\",\"description\":\"\",\"potentialAction\":[{\"@type\":\"SearchAction\",\"target\":{\"@type\":\"EntryPoint\",\"urlTemplate\":\"https:\/\/onlinelotto365.com\/sk\/?s={search_term_string}\"},\"query-input\":{\"@type\":\"PropertyValueSpecification\",\"valueRequired\":true,\"valueName\":\"search_term_string\"}}],\"inLanguage\":\"sk-SK\"}]}<\/script>\n<!-- \/ Yoast SEO plugin. -->","yoast_head_json":{"title":"V\u00fdhern\u00e9 \u010d\u00edsla Euromillions | Pozrite si najnov\u0161ie v\u00fdhry a v\u00fdsledky hry Euromillions","description":"Porovnajte svoj tiket Euromillions s v\u00fdhern\u00fdmi \u010d\u00edslami - pozrite si v\u0161etky v\u00fdsledky lot\u00e9rie tu","robots":{"index":"index","follow":"follow","max-snippet":"max-snippet:-1","max-image-preview":"max-image-preview:large","max-video-preview":"max-video-preview:-1"},"canonical":"https:\/\/onlinelotto365.com\/sk\/vyherne-cisla\/euromillions\/","og_locale":"sk_SK","og_type":"article","og_title":"V\u00fdhern\u00e9 \u010d\u00edsla Euromillions | Pozrite si najnov\u0161ie v\u00fdhry a v\u00fdsledky hry Euromillions","og_description":"Porovnajte svoj tiket Euromillions s v\u00fdhern\u00fdmi \u010d\u00edslami - pozrite si v\u0161etky v\u00fdsledky lot\u00e9rie tu","og_url":"https:\/\/onlinelotto365.com\/sk\/vyherne-cisla\/euromillions\/","og_site_name":"OnlineLotto365","og_image":[{"url":"https:\/\/redfoxlotto.com\/image?size=8&amp;lottery=euromillions"}],"twitter_card":"summary_large_image","twitter_misc":{"Predpokladan\u00fd \u010das \u010d\u00edtania":"3 min\u00faty"},"schema":{"@context":"https:\/\/schema.org","@graph":[{"@type":"WebPage","@id":"https:\/\/onlinelotto365.com\/sk\/vyherne-cisla\/euromillions\/","url":"https:\/\/onlinelotto365.com\/sk\/vyherne-cisla\/euromillions\/","name":"V\u00fdhern\u00e9 \u010d\u00edsla Euromillions | Pozrite si najnov\u0161ie v\u00fdhry a v\u00fdsledky hry Euromillions","isPartOf":{"@id":"https:\/\/onlinelotto365.com\/sk\/#website"},"primaryImageOfPage":{"@id":"https:\/\/onlinelotto365.com\/sk\/vyherne-cisla\/euromillions\/#primaryimage"},"image":{"@id":"https:\/\/onlinelotto365.com\/sk\/vyherne-cisla\/euromillions\/#primaryimage"},"thumbnailUrl":"https:\/\/redfoxlotto.com\/image?size=8&amp;lottery=euromillions","datePublished":"2022-11-14T17:22:08+00:00","dateModified":"2022-11-14T17:22:08+00:00","description":"Porovnajte svoj tiket Euromillions s v\u00fdhern\u00fdmi \u010d\u00edslami - pozrite si v\u0161etky v\u00fdsledky lot\u00e9rie tu","breadcrumb":{"@id":"https:\/\/onlinelotto365.com\/sk\/vyherne-cisla\/euromillions\/#breadcrumb"},"inLanguage":"sk-SK","potentialAction":[{"@type":"ReadAction","target":["https:\/\/onlinelotto365.com\/sk\/vyherne-cisla\/euromillions\/"]}]},{"@type":"ImageObject","inLanguage":"sk-SK","@id":"https:\/\/onlinelotto365.com\/sk\/vyherne-cisla\/euromillions\/#primaryimage","url":"https:\/\/redfoxlotto.com\/image?size=8&amp;lottery=euromillions","contentUrl":"https:\/\/redfoxlotto.com\/image?size=8&amp;lottery=euromillions"},{"@type":"BreadcrumbList","@id":"https:\/\/onlinelotto365.com\/sk\/vyherne-cisla\/euromillions\/#breadcrumb","itemListElement":[{"@type":"ListItem","position":1,"name":"Home","item":"https:\/\/onlinelotto365.com\/sk\/"},{"@type":"ListItem","position":2,"name":"V\u00fdsledky lot\u00e9ri\u00ed","item":"https:\/\/onlinelotto365.com\/sk\/vyherne-cisla\/"},{"@type":"ListItem","position":3,"name":"Pozrite si v\u00fdhern\u00e9 \u010d\u00edsla Euromili\u00f3nov"}]},{"@type":"WebSite","@id":"https:\/\/onlinelotto365.com\/sk\/#website","url":"https:\/\/onlinelotto365.com\/sk\/","name":"OnlineLotto365","description":"","potentialAction":[{"@type":"SearchAction","target":{"@type":"EntryPoint","urlTemplate":"https:\/\/onlinelotto365.com\/sk\/?s={search_term_string}"},"query-input":{"@type":"PropertyValueSpecification","valueRequired":true,"valueName":"search_term_string"}}],"inLanguage":"sk-SK"}]}},"_links":{"self":[{"href":"https:\/\/onlinelotto365.com\/sk\/wp-json\/wp\/v2\/pages\/80113","targetHints":{"allow":["GET"]}}],"collection":[{"href":"https:\/\/onlinelotto365.com\/sk\/wp-json\/wp\/v2\/pages"}],"about":[{"href":"https:\/\/onlinelotto365.com\/sk\/wp-json\/wp\/v2\/types\/page"}],"author":[{"embeddable":true,"href":"https:\/\/onlinelotto365.com\/sk\/wp-json\/wp\/v2\/users\/1"}],"replies":[{"embeddable":true,"href":"https:\/\/onlinelotto365.com\/sk\/wp-json\/wp\/v2\/comments?post=80113"}],"version-history":[{"count":0,"href":"https:\/\/onlinelotto365.com\/sk\/wp-json\/wp\/v2\/pages\/80113\/revisions"}],"up":[{"embeddable":true,"href":"https:\/\/onlinelotto365.com\/sk\/wp-json\/wp\/v2\/pages\/5864"}],"wp:attachment":[{"href":"https:\/\/onlinelotto365.com\/sk\/wp-json\/wp\/v2\/media?parent=80113"}],"curies":[{"name":"wp","href":"https:\/\/api.w.org\/{rel}","templated":true}]}}