{"id":80145,"date":"2022-11-15T07:39:06","date_gmt":"2022-11-15T06:39:06","guid":{"rendered":"https:\/\/onlinelotto365.com\/?page_id=80145"},"modified":"2022-11-15T07:39:06","modified_gmt":"2022-11-15T06:39:06","slug":"mega-millions","status":"publish","type":"page","link":"https:\/\/onlinelotto365.com\/sk\/vyherne-cisla\/mega-millions\/","title":{"rendered":"Pozrite si v\u00fdhern\u00e9 \u010d\u00edsla Mega Millions tu"},"content":{"rendered":"<p>So v\u0161etk\u00fdmi medzin\u00e1rodn\u00fdmi lot\u00e9riami, ktor\u00e9 m\u00f4\u017eete hra\u0165 na na\u0161ich webov\u00fdch str\u00e1nkach, m\u00f4\u017ee by\u0165 probl\u00e9m z\u00edska\u0165 v\u00fdhern\u00e9 \u010d\u00edsla a v\u00fdsledky. V novin\u00e1ch pravdepodobne nen\u00e1jdete v\u00fdhern\u00e9 \u010d\u00edsla pre Mega Millions. Mohli by ste h\u013eada\u0165 dostupn\u00fd telev\u00edzny kan\u00e1l, ktor\u00fd v\u00fdsledky \u017erebovania zara\u010fuje do svojich spr\u00e1v, ale to by si vy\u017eadovalo ur\u010dit\u00fd prieskum.<br \/>\n<a href=\"https:\/\/redfoxlotto.com\/play\/mega-millions\/?ref=a8564250a2&amp;medium=ol365\" target=\"_blank\" rel=\"noopener noreferrer\"><img decoding=\"async\" class=\"aligncenter\" src=\"https:\/\/redfoxlotto.com\/image?size=8&amp;lottery=mega-millions\" alt=\"Mega Millions\" \/><\/a><br \/>\nJednou z mo\u017enost\u00ed by bolo zisti\u0165, \u010di ofici\u00e1lna webov\u00e1 str\u00e1nka lot\u00e9rie Mega Millions nevysiela priamy prenos z priebehu \u017erebovania. Vidie\u0165 \u017erebovanie \u010d\u00edsel na\u017eivo je, samozrejme, ve\u013emi vzru\u0161uj\u00face. Bol by to tie\u017e najr\u00fdchlej\u0161\u00ed sp\u00f4sob, ako zisti\u0165, \u010di va\u0161e \u010d\u00edsla vyhrali. V\u00e4\u010d\u0161ina lot\u00e9ri\u00ed v\u0161ak nepon\u00faka priamy prenos \u017erebovania v re\u00e1lnom \u010dase.<\/p>\n<p>Ak sa \u017erebovanie v \u010dase, ke\u010f chcete skontrolova\u0165 v\u00fdhern\u00e9 \u010d\u00edsla, u\u017e uskuto\u010dnilo, m\u00f4\u017eete zamieri\u0165 na str\u00e1nku Youtube a spusti\u0165 vyh\u013ead\u00e1vanie videa, ktor\u00e9 zobrazuje posledn\u00e9 \u017erebovanie Mega Millions.<\/p>\n<p>Ve\u013emi pohodlnou met\u00f3dou na overenie v\u00fdhern\u00fdch \u010d\u00edsel, ako aj v\u00fdsledkov a v\u00fdhier Mega Millions je v\u0161ak na\u0161a vlastn\u00e1 str\u00e1nka s v\u00fdsledkami lot\u00e9rie. Na jednej str\u00e1nke n\u00e1jdete v\u00fdhern\u00e9 \u010d\u00edsla v\u0161etk\u00fdch lot\u00e9ri\u00ed, ktor\u00e9 pon\u00fakame.<\/p>\n<h2>Ako zisti\u0165, \u010di v\u00e1\u0161 online tiket vyhral<\/h2>\n<p>A je to e\u0161te lep\u0161ie! Ak ste si na na\u0161ej str\u00e1nke zak\u00fapili tiket Mega Millions, m\u00f4\u017eete sa pozrie\u0165 na svoje konto (samozrejme, najprv sa mus\u00edte prihl\u00e1si\u0165) a do sekcie, kde s\u00fa va\u0161e tikety ulo\u017een\u00e9. Pri ka\u017edej lot\u00e9rii, ktor\u00fa ste hrali, s\u00fa v\u00fdhern\u00e9 \u010d\u00edsla zobrazen\u00e9 hne\u010f ved\u013ea \u010d\u00edsel, ktor\u00e9 ste vybrali. V\u0161etky \u010d\u00edsla z v\u00e1\u0161ho tiketu, ktor\u00e9 sa zhoduj\u00fa s v\u00fdsledkami \u017erebovania, bud\u00fa tie\u017e farebne ozna\u010den\u00e9. Ke\u010f sa dozviete, ko\u013eko \u010d\u00edsel ste vy\u017erebovali spr\u00e1vne, m\u00f4\u017eete skontrolova\u0165, ko\u013eko ste vyhrali. Nezabudnite tie\u017e, \u017ee v\u0161etky v\u00fdhry ni\u017e\u0161ie ako 2500 \u20ac bud\u00fa prip\u00edsan\u00e9 na v\u00e1\u0161 hr\u00e1\u010dsky \u00fa\u010det hne\u010f, ako lot\u00e9ria potvrd\u00ed ofici\u00e1lne v\u00fdsledky.<\/p>\n<h2>Arch\u00edv v\u00fdsledkov Mega Millions<\/h2>\n<p>Str\u00e1nky na na\u0161ej webovej lokalite, na ktor\u00fdch s\u00fa uveden\u00e9 najnov\u0161ie v\u00fdsledky Mega Millions, v\u00e1m pon\u00fakaj\u00fa aj mo\u017enos\u0165 skontrolova\u0165 si v\u00fdsledky predch\u00e1dzaj\u00facich \u017erebovan\u00ed. T\u00fato mo\u017enos\u0165 vyu\u017e\u00edva mnoho hr\u00e1\u010dov, aby si overili, ktor\u00e9 \u010d\u00edsla boli vy\u017erebovan\u00e9 v poslednom \u010dase alebo ktor\u00e9 \u010d\u00edsla neboli vy\u017erebovan\u00e9 v minulosti. Je to ve\u013emi ob\u013e\u00faben\u00e1 lot\u00e9riov\u00e1 strat\u00e9gia, ktor\u00e1 tieto inform\u00e1cie vyu\u017e\u00edva pri v\u00fdbere \u010d\u00edsel pre v\u00e1\u0161 \u010fal\u0161\u00ed tiket.<\/p>\n<h2>M\u00f4j tiket vyhral, \u010do sa stane \u010falej?<\/h2>\n<p>Ako sme u\u017e spomenuli, v\u00fdhry ni\u017e\u0161ie ako 2500 EUR bud\u00fa prip\u00edsan\u00e9 priamo na v\u00e1\u0161 z\u00e1kazn\u00edcky \u00fa\u010det na na\u0161ej webovej str\u00e1nke. Odtia\u013e si ju m\u00f4\u017eete vybra\u0165 cel\u00fa alebo jej \u010das\u0165, pokia\u013e m\u00e1te na \u00fa\u010dte zostatok aspo\u0148 10 \u20ac. Alebo m\u00f4\u017eete \u010das\u0165 z nich pou\u017ei\u0165 na n\u00e1kup nov\u00fdch tiketov. Ak sa rozhodnete vybra\u0165 si prostriedky na kreditn\u00fa kartu alebo bankov\u00fd \u00fa\u010det, budete n\u00e1m musie\u0165 poskytn\u00fa\u0165 niektor\u00e9 doklady na identifik\u00e1ciu. Je to po\u017eiadavka na\u0161ich spracovate\u013eov platieb kv\u00f4li z\u00e1konom proti praniu \u0161pinav\u00fdch pe\u0148az\u00ed. Taktie\u017e nem\u00f4\u017eete pou\u017ei\u0165 sp\u00f4sob v\u00fdberu, ktor\u00fd nebol predt\u00fdm pou\u017eit\u00fd na n\u00e1kup alebo vklad.<\/p>\n","protected":false},"excerpt":{"rendered":"<p>So v\u0161etk\u00fdmi medzin\u00e1rodn\u00fdmi lot\u00e9riami, ktor\u00e9 m\u00f4\u017eete hra\u0165 na na\u0161ich webov\u00fdch str\u00e1nkach, m\u00f4\u017ee by\u0165 probl\u00e9m z\u00edska\u0165 v\u00fdhern\u00e9 \u010d\u00edsla a v\u00fdsledky. V novin\u00e1ch pravdepodobne nen\u00e1jdete v\u00fdhern\u00e9 \u010d\u00edsla pre Mega Millions. Mohli by ste h\u013eada\u0165 dostupn\u00fd telev\u00edzny kan\u00e1l, ktor\u00fd v\u00fdsledky \u017erebovania zara\u010fuje do svojich spr\u00e1v, ale to by si vy\u017eadovalo ur\u010dit\u00fd prieskum. Jednou z mo\u017enost\u00ed by bolo zisti\u0165, [&hellip;]<\/p>\n","protected":false},"author":1,"featured_media":0,"parent":5864,"menu_order":2,"comment_status":"closed","ping_status":"closed","template":"megamillion-results.php","meta":{"_et_pb_use_builder":"","_et_pb_old_content":"","_et_gb_content_width":"","exclude_from_search":false,"footnotes":""},"class_list":["post-80145","page","type-page","status-publish","hentry"],"yoast_head":"<!-- This site is optimized with the Yoast SEO plugin v23.4 - https:\/\/yoast.com\/wordpress\/plugins\/seo\/ -->\n<title>V\u00fdhern\u00e9 \u010d\u00edsla Mega Millions | Najnov\u0161ie v\u00fdsledky \u017erebovania a v\u00fdhry v Mega Millions<\/title>\n<meta name=\"description\" content=\"Ako pou\u017e\u00edva\u0165 na\u0161u webov\u00fa str\u00e1nku na jednoduch\u00e9 vyh\u013ead\u00e1vanie v\u00fdhern\u00fdch \u010d\u00edsel a v\u00fdsledkov hry Mega Millions\" \/>\n<meta name=\"robots\" content=\"index, follow, max-snippet:-1, max-image-preview:large, max-video-preview:-1\" \/>\n<link rel=\"canonical\" href=\"https:\/\/onlinelotto365.com\/sk\/vyherne-cisla\/mega-millions\/\" \/>\n<meta property=\"og:locale\" content=\"sk_SK\" \/>\n<meta property=\"og:type\" content=\"article\" \/>\n<meta property=\"og:title\" content=\"V\u00fdhern\u00e9 \u010d\u00edsla Mega Millions | Najnov\u0161ie v\u00fdsledky \u017erebovania a v\u00fdhry v Mega Millions\" \/>\n<meta property=\"og:description\" content=\"Ako pou\u017e\u00edva\u0165 na\u0161u webov\u00fa str\u00e1nku na jednoduch\u00e9 vyh\u013ead\u00e1vanie v\u00fdhern\u00fdch \u010d\u00edsel a v\u00fdsledkov hry Mega Millions\" \/>\n<meta property=\"og:url\" content=\"https:\/\/onlinelotto365.com\/sk\/vyherne-cisla\/mega-millions\/\" \/>\n<meta property=\"og:site_name\" content=\"OnlineLotto365\" \/>\n<meta property=\"og:image\" content=\"https:\/\/redfoxlotto.com\/image?size=8&amp;lottery=mega-millions\" \/>\n<meta name=\"twitter:card\" content=\"summary_large_image\" \/>\n<meta name=\"twitter:label1\" content=\"Predpokladan\u00fd \u010das \u010d\u00edtania\" \/>\n\t<meta name=\"twitter:data1\" content=\"3 min\u00faty\" \/>\n<script type=\"application\/ld+json\" class=\"yoast-schema-graph\">{\"@context\":\"https:\/\/schema.org\",\"@graph\":[{\"@type\":\"WebPage\",\"@id\":\"https:\/\/onlinelotto365.com\/sk\/vyherne-cisla\/mega-millions\/\",\"url\":\"https:\/\/onlinelotto365.com\/sk\/vyherne-cisla\/mega-millions\/\",\"name\":\"V\u00fdhern\u00e9 \u010d\u00edsla Mega Millions | Najnov\u0161ie v\u00fdsledky \u017erebovania a v\u00fdhry v Mega Millions\",\"isPartOf\":{\"@id\":\"https:\/\/onlinelotto365.com\/sk\/#website\"},\"primaryImageOfPage\":{\"@id\":\"https:\/\/onlinelotto365.com\/sk\/vyherne-cisla\/mega-millions\/#primaryimage\"},\"image\":{\"@id\":\"https:\/\/onlinelotto365.com\/sk\/vyherne-cisla\/mega-millions\/#primaryimage\"},\"thumbnailUrl\":\"https:\/\/redfoxlotto.com\/image?size=8&amp;lottery=mega-millions\",\"datePublished\":\"2022-11-15T06:39:06+00:00\",\"dateModified\":\"2022-11-15T06:39:06+00:00\",\"description\":\"Ako pou\u017e\u00edva\u0165 na\u0161u webov\u00fa str\u00e1nku na jednoduch\u00e9 vyh\u013ead\u00e1vanie v\u00fdhern\u00fdch \u010d\u00edsel a v\u00fdsledkov hry Mega Millions\",\"breadcrumb\":{\"@id\":\"https:\/\/onlinelotto365.com\/sk\/vyherne-cisla\/mega-millions\/#breadcrumb\"},\"inLanguage\":\"sk-SK\",\"potentialAction\":[{\"@type\":\"ReadAction\",\"target\":[\"https:\/\/onlinelotto365.com\/sk\/vyherne-cisla\/mega-millions\/\"]}]},{\"@type\":\"ImageObject\",\"inLanguage\":\"sk-SK\",\"@id\":\"https:\/\/onlinelotto365.com\/sk\/vyherne-cisla\/mega-millions\/#primaryimage\",\"url\":\"https:\/\/redfoxlotto.com\/image?size=8&amp;lottery=mega-millions\",\"contentUrl\":\"https:\/\/redfoxlotto.com\/image?size=8&amp;lottery=mega-millions\"},{\"@type\":\"BreadcrumbList\",\"@id\":\"https:\/\/onlinelotto365.com\/sk\/vyherne-cisla\/mega-millions\/#breadcrumb\",\"itemListElement\":[{\"@type\":\"ListItem\",\"position\":1,\"name\":\"Home\",\"item\":\"https:\/\/onlinelotto365.com\/sk\/\"},{\"@type\":\"ListItem\",\"position\":2,\"name\":\"V\u00fdsledky lot\u00e9ri\u00ed\",\"item\":\"https:\/\/onlinelotto365.com\/sk\/vyherne-cisla\/\"},{\"@type\":\"ListItem\",\"position\":3,\"name\":\"Pozrite si v\u00fdhern\u00e9 \u010d\u00edsla Mega Millions tu\"}]},{\"@type\":\"WebSite\",\"@id\":\"https:\/\/onlinelotto365.com\/sk\/#website\",\"url\":\"https:\/\/onlinelotto365.com\/sk\/\",\"name\":\"OnlineLotto365\",\"description\":\"\",\"potentialAction\":[{\"@type\":\"SearchAction\",\"target\":{\"@type\":\"EntryPoint\",\"urlTemplate\":\"https:\/\/onlinelotto365.com\/sk\/?s={search_term_string}\"},\"query-input\":{\"@type\":\"PropertyValueSpecification\",\"valueRequired\":true,\"valueName\":\"search_term_string\"}}],\"inLanguage\":\"sk-SK\"}]}<\/script>\n<!-- \/ Yoast SEO plugin. -->","yoast_head_json":{"title":"V\u00fdhern\u00e9 \u010d\u00edsla Mega Millions | Najnov\u0161ie v\u00fdsledky \u017erebovania a v\u00fdhry v Mega Millions","description":"Ako pou\u017e\u00edva\u0165 na\u0161u webov\u00fa str\u00e1nku na jednoduch\u00e9 vyh\u013ead\u00e1vanie v\u00fdhern\u00fdch \u010d\u00edsel a v\u00fdsledkov hry Mega Millions","robots":{"index":"index","follow":"follow","max-snippet":"max-snippet:-1","max-image-preview":"max-image-preview:large","max-video-preview":"max-video-preview:-1"},"canonical":"https:\/\/onlinelotto365.com\/sk\/vyherne-cisla\/mega-millions\/","og_locale":"sk_SK","og_type":"article","og_title":"V\u00fdhern\u00e9 \u010d\u00edsla Mega Millions | Najnov\u0161ie v\u00fdsledky \u017erebovania a v\u00fdhry v Mega Millions","og_description":"Ako pou\u017e\u00edva\u0165 na\u0161u webov\u00fa str\u00e1nku na jednoduch\u00e9 vyh\u013ead\u00e1vanie v\u00fdhern\u00fdch \u010d\u00edsel a v\u00fdsledkov hry Mega Millions","og_url":"https:\/\/onlinelotto365.com\/sk\/vyherne-cisla\/mega-millions\/","og_site_name":"OnlineLotto365","og_image":[{"url":"https:\/\/redfoxlotto.com\/image?size=8&amp;lottery=mega-millions"}],"twitter_card":"summary_large_image","twitter_misc":{"Predpokladan\u00fd \u010das \u010d\u00edtania":"3 min\u00faty"},"schema":{"@context":"https:\/\/schema.org","@graph":[{"@type":"WebPage","@id":"https:\/\/onlinelotto365.com\/sk\/vyherne-cisla\/mega-millions\/","url":"https:\/\/onlinelotto365.com\/sk\/vyherne-cisla\/mega-millions\/","name":"V\u00fdhern\u00e9 \u010d\u00edsla Mega Millions | Najnov\u0161ie v\u00fdsledky \u017erebovania a v\u00fdhry v Mega Millions","isPartOf":{"@id":"https:\/\/onlinelotto365.com\/sk\/#website"},"primaryImageOfPage":{"@id":"https:\/\/onlinelotto365.com\/sk\/vyherne-cisla\/mega-millions\/#primaryimage"},"image":{"@id":"https:\/\/onlinelotto365.com\/sk\/vyherne-cisla\/mega-millions\/#primaryimage"},"thumbnailUrl":"https:\/\/redfoxlotto.com\/image?size=8&amp;lottery=mega-millions","datePublished":"2022-11-15T06:39:06+00:00","dateModified":"2022-11-15T06:39:06+00:00","description":"Ako pou\u017e\u00edva\u0165 na\u0161u webov\u00fa str\u00e1nku na jednoduch\u00e9 vyh\u013ead\u00e1vanie v\u00fdhern\u00fdch \u010d\u00edsel a v\u00fdsledkov hry Mega Millions","breadcrumb":{"@id":"https:\/\/onlinelotto365.com\/sk\/vyherne-cisla\/mega-millions\/#breadcrumb"},"inLanguage":"sk-SK","potentialAction":[{"@type":"ReadAction","target":["https:\/\/onlinelotto365.com\/sk\/vyherne-cisla\/mega-millions\/"]}]},{"@type":"ImageObject","inLanguage":"sk-SK","@id":"https:\/\/onlinelotto365.com\/sk\/vyherne-cisla\/mega-millions\/#primaryimage","url":"https:\/\/redfoxlotto.com\/image?size=8&amp;lottery=mega-millions","contentUrl":"https:\/\/redfoxlotto.com\/image?size=8&amp;lottery=mega-millions"},{"@type":"BreadcrumbList","@id":"https:\/\/onlinelotto365.com\/sk\/vyherne-cisla\/mega-millions\/#breadcrumb","itemListElement":[{"@type":"ListItem","position":1,"name":"Home","item":"https:\/\/onlinelotto365.com\/sk\/"},{"@type":"ListItem","position":2,"name":"V\u00fdsledky lot\u00e9ri\u00ed","item":"https:\/\/onlinelotto365.com\/sk\/vyherne-cisla\/"},{"@type":"ListItem","position":3,"name":"Pozrite si v\u00fdhern\u00e9 \u010d\u00edsla Mega Millions tu"}]},{"@type":"WebSite","@id":"https:\/\/onlinelotto365.com\/sk\/#website","url":"https:\/\/onlinelotto365.com\/sk\/","name":"OnlineLotto365","description":"","potentialAction":[{"@type":"SearchAction","target":{"@type":"EntryPoint","urlTemplate":"https:\/\/onlinelotto365.com\/sk\/?s={search_term_string}"},"query-input":{"@type":"PropertyValueSpecification","valueRequired":true,"valueName":"search_term_string"}}],"inLanguage":"sk-SK"}]}},"_links":{"self":[{"href":"https:\/\/onlinelotto365.com\/sk\/wp-json\/wp\/v2\/pages\/80145","targetHints":{"allow":["GET"]}}],"collection":[{"href":"https:\/\/onlinelotto365.com\/sk\/wp-json\/wp\/v2\/pages"}],"about":[{"href":"https:\/\/onlinelotto365.com\/sk\/wp-json\/wp\/v2\/types\/page"}],"author":[{"embeddable":true,"href":"https:\/\/onlinelotto365.com\/sk\/wp-json\/wp\/v2\/users\/1"}],"replies":[{"embeddable":true,"href":"https:\/\/onlinelotto365.com\/sk\/wp-json\/wp\/v2\/comments?post=80145"}],"version-history":[{"count":0,"href":"https:\/\/onlinelotto365.com\/sk\/wp-json\/wp\/v2\/pages\/80145\/revisions"}],"up":[{"embeddable":true,"href":"https:\/\/onlinelotto365.com\/sk\/wp-json\/wp\/v2\/pages\/5864"}],"wp:attachment":[{"href":"https:\/\/onlinelotto365.com\/sk\/wp-json\/wp\/v2\/media?parent=80145"}],"curies":[{"name":"wp","href":"https:\/\/api.w.org\/{rel}","templated":true}]}}