{"id":80177,"date":"2022-11-15T08:49:22","date_gmt":"2022-11-15T07:49:22","guid":{"rendered":"https:\/\/onlinelotto365.com\/?page_id=80177"},"modified":"2022-11-15T08:49:22","modified_gmt":"2022-11-15T07:49:22","slug":"powerball","status":"publish","type":"page","link":"https:\/\/onlinelotto365.com\/sk\/vyherne-cisla\/powerball\/","title":{"rendered":"V\u00fdsledky \u017erebovania Powerball"},"content":{"rendered":"<h2>Pozrite si v\u00ed\u0165azn\u00e9 \u010d\u00edsla Powerball tu<\/h2>\n<p>Zisti\u0165 v\u00fdhern\u00e9 \u010d\u00edsla Powerball je jednoduch\u00e9, ak \u017eijete v USA. Najm\u00e4 v pr\u00edpadoch, ke\u010f je jackpot ve\u013emi vysok\u00fd, v\u00fdsledky sa odvysielaj\u00fa v spr\u00e1vach a uverejnia v ka\u017ed\u00fdch novin\u00e1ch.<br \/>\n<a href=\"https:\/\/redfoxlotto.com\/play\/powerball\/?ref=a8564250a2&amp;medium=ol365\" target=\"_blank\" rel=\"noopener noreferrer\"><img decoding=\"async\" class=\"aligncenter\" src=\"https:\/\/redfoxlotto.com\/image?size=8&amp;lottery=powerball\" alt=\"Powerball\" \/><\/a><br \/>\nAle \u010do ak ne\u017eijete v USA, kde z\u00edskate v\u00fdhern\u00e9 \u010d\u00edsla Powerball? Ako n\u00e1jdete v\u00fdsledky a zist\u00edte, ko\u013eko ste vyhrali?<\/p>\n<h2>Ako zisti\u0165, \u010di v\u00e1\u0161 online tiket vyhral<\/h2>\n<p>Nu\u017e, ak ste si zak\u00fapili online tiket, je to vlastne celkom jednoduch\u00e9. Vr\u00e1\u0165te sa na na\u0161u str\u00e1nku, prihl\u00e1ste sa pomocou svojho pou\u017e\u00edvate\u013esk\u00e9ho mena a hesla a potom prejdite do sekcie, kde je digit\u00e1lne ulo\u017een\u00fd v\u00e1\u0161 zak\u00fapen\u00fd tiket. \u010c\u00edsla, ktor\u00e9 ste zahrali, bud\u00fa zv\u00fdraznen\u00e9 inou farbou, ak sa zhoduj\u00fa s vy\u017erebovan\u00fdmi \u010d\u00edslami d\u0148a \u017erebovania, na ktor\u00fd ste si zak\u00fapili tiket.<\/p>\n<p>Samozrejme, m\u00f4\u017eete si otvori\u0165 aj na\u0161u str\u00e1nku s preh\u013eadom v\u00fdsledkov a porovna\u0165 v\u00fdsledky \u017erebovania s va\u0161\u00edm tiketom t\u00fdmto sp\u00f4sobom. Niektor\u00ed na\u0161i z\u00e1kazn\u00edci si radi vytla\u010dia svoje online tikety a potom na v\u00fdtla\u010dku ozna\u010dia vy\u017erebovan\u00e9 \u010d\u00edsla, aby zistili, \u010di vyhrali.<\/p>\n<h2>Arch\u00edv v\u00fdsledkov hry Powerball<\/h2>\n<p>Na na\u0161ej str\u00e1nke s preh\u013eadom v\u00fdsledkov lot\u00e9rie si m\u00f4\u017eete pozrie\u0165 aj v\u00fdhern\u00e9 \u010d\u00edsla z minul\u00fdch t\u00fd\u017ed\u0148ov. To v\u00e1m m\u00f4\u017ee pom\u00f4c\u0165 pri strat\u00e9gii v\u00fdberu va\u0161ich \u0161\u0165astn\u00fdch \u010d\u00edsel. M\u00f4\u017eete sa napr\u00edklad pok\u00fasi\u0165 n\u00e1js\u0165 \u010d\u00edsla, ktor\u00e9 s\u00fa u\u017e d\u00e1vno vy\u017erebovan\u00e9, a potom vytvori\u0165 \u017ereb len s pou\u017eit\u00edm t\u00fdchto \u010d\u00edsel.<\/p>\n<p>Alebo si m\u00f4\u017eete vybra\u0165 v\u00fdhern\u00e9 \u010d\u00edsla Powerball tak, \u017ee zist\u00edte, ktor\u00e9 \u010d\u00edsla sa objavuj\u00fa \u010dastej\u0161ie ako in\u00e9 \u010d\u00edsla. Mnoh\u00ed hr\u00e1\u010di pou\u017e\u00edvaj\u00fa na v\u00fdber svojich osobn\u00fdch lot\u00e9riov\u00fdch \u010d\u00edsel kombin\u00e1ciu t\u00fdchto dvoch met\u00f3d.<\/p>\n<p>Ak sa neviete rozhodn\u00fa\u0165, ktor\u00e9 \u010d\u00edsla vybra\u0165 na v\u00fdhern\u00fd tiket, \u010do tak pou\u017ei\u0165 t\u00fato met\u00f3du: Pozrite sa na minul\u00e9 v\u00fdhern\u00e9 \u010d\u00edsla inej lot\u00e9rie s podobn\u00fdm rozsahom \u010d\u00edsel ako lot\u00e9ria, ktor\u00fa pl\u00e1nujete hra\u0165. N\u00e1jdite v t\u00fdchto minul\u00fdch v\u00fdsledkoch v\u00fdhern\u00fa kombin\u00e1ciu, ktor\u00e1 sa v\u00e1m p\u00e1\u010di, a potom pou\u017eite tieto star\u0161ie v\u00fdhern\u00e9 \u010d\u00edsla na nov\u00fd tiket Powerball.<\/p>\n<h2>M\u00f4j tiket vyhral, \u010do bude nasledova\u0165?<\/h2>\n<p><img loading=\"lazy\" decoding=\"async\" class=\"size-full wp-image-50704 alignright\" src=\"https:\/\/onlinelotto365.com\/wp-content\/uploads\/2021\/01\/online_lottery-136.jpg\" alt=\"V\u00fdsledky lot\u00e9rie\" width=\"297\" height=\"101\" \/><br \/>\nNo, gratulujeme, dobre pre v\u00e1s! Samozrejme, v\u017edy n\u00e1s pote\u0161\u00ed, ak m\u00e1 niektor\u00fd z na\u0161ich z\u00e1kazn\u00edkov tiket s v\u00fdhern\u00fdm tiketom Powerball. \u010ci u\u017e ide o men\u0161iu alebo v\u00e4\u010d\u0161iu v\u00fdhru, postar\u00e1me sa o v\u00fdplatu za v\u00e1s, samozrejme, bezplatne!<\/p>\n<p>V\u00fdhra 2500 \u20ac alebo menej &#8211; v\u00fdhern\u00e1 suma bude prip\u00edsan\u00e1 na v\u00e1\u0161 \u00fa\u010det na na\u0161ej str\u00e1nke. Odtia\u013e si ju m\u00f4\u017eete vyplati\u0165 alebo zostatok vyu\u017ei\u0165 na n\u00e1kup \u010fal\u0161\u00edch tiketov.<\/p>\n<p>V\u00fdhra vy\u0161\u0161ia ako 2500 eur &#8211; s vyplaten\u00edm v\u00e1m pom\u00f4\u017ee n\u00e1\u0161 t\u00edm podpory. Po zadan\u00ed niektor\u00fdch \u00fadajov o va\u0161ej toto\u017enosti a preferovanej platobnej met\u00f3de (bankov\u00fd prevod alebo \u0161ek) dostanete platbu priamo sp\u00f4sobom, ktor\u00fd ste si vybrali.<\/p>\n","protected":false},"excerpt":{"rendered":"<p>Pozrite si v\u00ed\u0165azn\u00e9 \u010d\u00edsla Powerball tu Zisti\u0165 v\u00fdhern\u00e9 \u010d\u00edsla Powerball je jednoduch\u00e9, ak \u017eijete v USA. Najm\u00e4 v pr\u00edpadoch, ke\u010f je jackpot ve\u013emi vysok\u00fd, v\u00fdsledky sa odvysielaj\u00fa v spr\u00e1vach a uverejnia v ka\u017ed\u00fdch novin\u00e1ch. Ale \u010do ak ne\u017eijete v USA, kde z\u00edskate v\u00fdhern\u00e9 \u010d\u00edsla Powerball? Ako n\u00e1jdete v\u00fdsledky a zist\u00edte, ko\u013eko ste vyhrali? Ako zisti\u0165, [&hellip;]<\/p>\n","protected":false},"author":1,"featured_media":0,"parent":5864,"menu_order":1,"comment_status":"closed","ping_status":"closed","template":"powerball-usa-info.php","meta":{"_et_pb_use_builder":"","_et_pb_old_content":"","_et_gb_content_width":"","exclude_from_search":false,"footnotes":""},"class_list":["post-80177","page","type-page","status-publish","hentry"],"yoast_head":"<!-- This site is optimized with the Yoast SEO plugin v23.4 - https:\/\/yoast.com\/wordpress\/plugins\/seo\/ -->\n<title>V\u00ed\u0165azn\u00e9 \u010d\u00edsla Powerball | Skontrolujte v\u00fdsledky a v\u00fdhry pre Powerball USA<\/title>\n<meta name=\"description\" content=\"Chcete zisti\u0165, \u010di je v\u00e1\u0161 tiket Powerball v\u00fdhern\u00fd? Skontrolujte v\u00fdhern\u00e9 \u010d\u00edsla na na\u0161ej webovej str\u00e1nke!\" \/>\n<meta name=\"robots\" content=\"index, follow, max-snippet:-1, max-image-preview:large, max-video-preview:-1\" \/>\n<link rel=\"canonical\" href=\"https:\/\/onlinelotto365.com\/sk\/vyherne-cisla\/powerball\/\" \/>\n<meta property=\"og:locale\" content=\"sk_SK\" \/>\n<meta property=\"og:type\" content=\"article\" \/>\n<meta property=\"og:title\" content=\"V\u00ed\u0165azn\u00e9 \u010d\u00edsla Powerball | Skontrolujte v\u00fdsledky a v\u00fdhry pre Powerball USA\" \/>\n<meta property=\"og:description\" content=\"Chcete zisti\u0165, \u010di je v\u00e1\u0161 tiket Powerball v\u00fdhern\u00fd? Skontrolujte v\u00fdhern\u00e9 \u010d\u00edsla na na\u0161ej webovej str\u00e1nke!\" \/>\n<meta property=\"og:url\" content=\"https:\/\/onlinelotto365.com\/sk\/vyherne-cisla\/powerball\/\" \/>\n<meta property=\"og:site_name\" content=\"OnlineLotto365\" \/>\n<meta property=\"og:image\" content=\"https:\/\/redfoxlotto.com\/image?size=8&amp;lottery=powerball\" \/>\n<meta name=\"twitter:card\" content=\"summary_large_image\" \/>\n<meta name=\"twitter:label1\" content=\"Predpokladan\u00fd \u010das \u010d\u00edtania\" \/>\n\t<meta name=\"twitter:data1\" content=\"3 min\u00faty\" \/>\n<script type=\"application\/ld+json\" class=\"yoast-schema-graph\">{\"@context\":\"https:\/\/schema.org\",\"@graph\":[{\"@type\":\"WebPage\",\"@id\":\"https:\/\/onlinelotto365.com\/sk\/vyherne-cisla\/powerball\/\",\"url\":\"https:\/\/onlinelotto365.com\/sk\/vyherne-cisla\/powerball\/\",\"name\":\"V\u00ed\u0165azn\u00e9 \u010d\u00edsla Powerball | Skontrolujte v\u00fdsledky a v\u00fdhry pre Powerball USA\",\"isPartOf\":{\"@id\":\"https:\/\/onlinelotto365.com\/sk\/#website\"},\"primaryImageOfPage\":{\"@id\":\"https:\/\/onlinelotto365.com\/sk\/vyherne-cisla\/powerball\/#primaryimage\"},\"image\":{\"@id\":\"https:\/\/onlinelotto365.com\/sk\/vyherne-cisla\/powerball\/#primaryimage\"},\"thumbnailUrl\":\"https:\/\/redfoxlotto.com\/image?size=8&amp;lottery=powerball\",\"datePublished\":\"2022-11-15T07:49:22+00:00\",\"dateModified\":\"2022-11-15T07:49:22+00:00\",\"description\":\"Chcete zisti\u0165, \u010di je v\u00e1\u0161 tiket Powerball v\u00fdhern\u00fd? Skontrolujte v\u00fdhern\u00e9 \u010d\u00edsla na na\u0161ej webovej str\u00e1nke!\",\"breadcrumb\":{\"@id\":\"https:\/\/onlinelotto365.com\/sk\/vyherne-cisla\/powerball\/#breadcrumb\"},\"inLanguage\":\"sk-SK\",\"potentialAction\":[{\"@type\":\"ReadAction\",\"target\":[\"https:\/\/onlinelotto365.com\/sk\/vyherne-cisla\/powerball\/\"]}]},{\"@type\":\"ImageObject\",\"inLanguage\":\"sk-SK\",\"@id\":\"https:\/\/onlinelotto365.com\/sk\/vyherne-cisla\/powerball\/#primaryimage\",\"url\":\"https:\/\/redfoxlotto.com\/image?size=8&amp;lottery=powerball\",\"contentUrl\":\"https:\/\/redfoxlotto.com\/image?size=8&amp;lottery=powerball\"},{\"@type\":\"BreadcrumbList\",\"@id\":\"https:\/\/onlinelotto365.com\/sk\/vyherne-cisla\/powerball\/#breadcrumb\",\"itemListElement\":[{\"@type\":\"ListItem\",\"position\":1,\"name\":\"Home\",\"item\":\"https:\/\/onlinelotto365.com\/sk\/\"},{\"@type\":\"ListItem\",\"position\":2,\"name\":\"V\u00fdsledky lot\u00e9ri\u00ed\",\"item\":\"https:\/\/onlinelotto365.com\/sk\/vyherne-cisla\/\"},{\"@type\":\"ListItem\",\"position\":3,\"name\":\"V\u00fdsledky \u017erebovania Powerball\"}]},{\"@type\":\"WebSite\",\"@id\":\"https:\/\/onlinelotto365.com\/sk\/#website\",\"url\":\"https:\/\/onlinelotto365.com\/sk\/\",\"name\":\"OnlineLotto365\",\"description\":\"\",\"potentialAction\":[{\"@type\":\"SearchAction\",\"target\":{\"@type\":\"EntryPoint\",\"urlTemplate\":\"https:\/\/onlinelotto365.com\/sk\/?s={search_term_string}\"},\"query-input\":{\"@type\":\"PropertyValueSpecification\",\"valueRequired\":true,\"valueName\":\"search_term_string\"}}],\"inLanguage\":\"sk-SK\"}]}<\/script>\n<!-- \/ Yoast SEO plugin. -->","yoast_head_json":{"title":"V\u00ed\u0165azn\u00e9 \u010d\u00edsla Powerball | Skontrolujte v\u00fdsledky a v\u00fdhry pre Powerball USA","description":"Chcete zisti\u0165, \u010di je v\u00e1\u0161 tiket Powerball v\u00fdhern\u00fd? Skontrolujte v\u00fdhern\u00e9 \u010d\u00edsla na na\u0161ej webovej str\u00e1nke!","robots":{"index":"index","follow":"follow","max-snippet":"max-snippet:-1","max-image-preview":"max-image-preview:large","max-video-preview":"max-video-preview:-1"},"canonical":"https:\/\/onlinelotto365.com\/sk\/vyherne-cisla\/powerball\/","og_locale":"sk_SK","og_type":"article","og_title":"V\u00ed\u0165azn\u00e9 \u010d\u00edsla Powerball | Skontrolujte v\u00fdsledky a v\u00fdhry pre Powerball USA","og_description":"Chcete zisti\u0165, \u010di je v\u00e1\u0161 tiket Powerball v\u00fdhern\u00fd? Skontrolujte v\u00fdhern\u00e9 \u010d\u00edsla na na\u0161ej webovej str\u00e1nke!","og_url":"https:\/\/onlinelotto365.com\/sk\/vyherne-cisla\/powerball\/","og_site_name":"OnlineLotto365","og_image":[{"url":"https:\/\/redfoxlotto.com\/image?size=8&amp;lottery=powerball"}],"twitter_card":"summary_large_image","twitter_misc":{"Predpokladan\u00fd \u010das \u010d\u00edtania":"3 min\u00faty"},"schema":{"@context":"https:\/\/schema.org","@graph":[{"@type":"WebPage","@id":"https:\/\/onlinelotto365.com\/sk\/vyherne-cisla\/powerball\/","url":"https:\/\/onlinelotto365.com\/sk\/vyherne-cisla\/powerball\/","name":"V\u00ed\u0165azn\u00e9 \u010d\u00edsla Powerball | Skontrolujte v\u00fdsledky a v\u00fdhry pre Powerball USA","isPartOf":{"@id":"https:\/\/onlinelotto365.com\/sk\/#website"},"primaryImageOfPage":{"@id":"https:\/\/onlinelotto365.com\/sk\/vyherne-cisla\/powerball\/#primaryimage"},"image":{"@id":"https:\/\/onlinelotto365.com\/sk\/vyherne-cisla\/powerball\/#primaryimage"},"thumbnailUrl":"https:\/\/redfoxlotto.com\/image?size=8&amp;lottery=powerball","datePublished":"2022-11-15T07:49:22+00:00","dateModified":"2022-11-15T07:49:22+00:00","description":"Chcete zisti\u0165, \u010di je v\u00e1\u0161 tiket Powerball v\u00fdhern\u00fd? Skontrolujte v\u00fdhern\u00e9 \u010d\u00edsla na na\u0161ej webovej str\u00e1nke!","breadcrumb":{"@id":"https:\/\/onlinelotto365.com\/sk\/vyherne-cisla\/powerball\/#breadcrumb"},"inLanguage":"sk-SK","potentialAction":[{"@type":"ReadAction","target":["https:\/\/onlinelotto365.com\/sk\/vyherne-cisla\/powerball\/"]}]},{"@type":"ImageObject","inLanguage":"sk-SK","@id":"https:\/\/onlinelotto365.com\/sk\/vyherne-cisla\/powerball\/#primaryimage","url":"https:\/\/redfoxlotto.com\/image?size=8&amp;lottery=powerball","contentUrl":"https:\/\/redfoxlotto.com\/image?size=8&amp;lottery=powerball"},{"@type":"BreadcrumbList","@id":"https:\/\/onlinelotto365.com\/sk\/vyherne-cisla\/powerball\/#breadcrumb","itemListElement":[{"@type":"ListItem","position":1,"name":"Home","item":"https:\/\/onlinelotto365.com\/sk\/"},{"@type":"ListItem","position":2,"name":"V\u00fdsledky lot\u00e9ri\u00ed","item":"https:\/\/onlinelotto365.com\/sk\/vyherne-cisla\/"},{"@type":"ListItem","position":3,"name":"V\u00fdsledky \u017erebovania Powerball"}]},{"@type":"WebSite","@id":"https:\/\/onlinelotto365.com\/sk\/#website","url":"https:\/\/onlinelotto365.com\/sk\/","name":"OnlineLotto365","description":"","potentialAction":[{"@type":"SearchAction","target":{"@type":"EntryPoint","urlTemplate":"https:\/\/onlinelotto365.com\/sk\/?s={search_term_string}"},"query-input":{"@type":"PropertyValueSpecification","valueRequired":true,"valueName":"search_term_string"}}],"inLanguage":"sk-SK"}]}},"_links":{"self":[{"href":"https:\/\/onlinelotto365.com\/sk\/wp-json\/wp\/v2\/pages\/80177","targetHints":{"allow":["GET"]}}],"collection":[{"href":"https:\/\/onlinelotto365.com\/sk\/wp-json\/wp\/v2\/pages"}],"about":[{"href":"https:\/\/onlinelotto365.com\/sk\/wp-json\/wp\/v2\/types\/page"}],"author":[{"embeddable":true,"href":"https:\/\/onlinelotto365.com\/sk\/wp-json\/wp\/v2\/users\/1"}],"replies":[{"embeddable":true,"href":"https:\/\/onlinelotto365.com\/sk\/wp-json\/wp\/v2\/comments?post=80177"}],"version-history":[{"count":0,"href":"https:\/\/onlinelotto365.com\/sk\/wp-json\/wp\/v2\/pages\/80177\/revisions"}],"up":[{"embeddable":true,"href":"https:\/\/onlinelotto365.com\/sk\/wp-json\/wp\/v2\/pages\/5864"}],"wp:attachment":[{"href":"https:\/\/onlinelotto365.com\/sk\/wp-json\/wp\/v2\/media?parent=80177"}],"curies":[{"name":"wp","href":"https:\/\/api.w.org\/{rel}","templated":true}]}}