{"id":80198,"date":"2022-11-15T10:03:49","date_gmt":"2022-11-15T09:03:49","guid":{"rendered":"https:\/\/onlinelotto365.com\/?page_id=80198"},"modified":"2022-11-15T10:03:49","modified_gmt":"2022-11-15T09:03:49","slug":"eurojackpot","status":"publish","type":"page","link":"https:\/\/onlinelotto365.com\/sk\/kupit-listky\/eurojackpot\/","title":{"rendered":"Ako k\u00fapi\u0165 tikety Eurojackpot online"},"content":{"rendered":"<p>Ak v\u00e1s zauj\u00edma, ako si k\u00fapi\u0165 tikety Eurojackpotu online, op\u00edsali sme v\u00e1m tento postup v jednoduch\u00fdch krokoch. V skuto\u010dnosti v\u00e1s v\u0161ak cel\u00fdm procesom prevedie na\u0161a webov\u00e1 str\u00e1nka. Sna\u017eili sme sa, aby bol \u010do najjednoduch\u0161\u00ed.<br \/>\n<a href=\"https:\/\/redfoxlotto.com\/play\/eurojackpot\/?ref=a8564250a2&amp;medium=ol365\" target=\"_blank\" rel=\"noopener noreferrer\"><img decoding=\"async\" class=\"aligncenter\" src=\"https:\/\/redfoxlotto.com\/image?size=8&amp;lottery=eurojackpot\" alt=\"eurojackpot\" \/><\/a><\/p>\n<ul>\n<li>Ke\u010f ste na str\u00e1nke Eurojackpotu, vyberte si \u010d\u00edsla alebo nechajte po\u010d\u00edta\u010d, aby vybral \u010d\u00edsla za v\u00e1s.<\/li>\n<li>Ak chcete, m\u00f4\u017eete do svojej objedn\u00e1vky prida\u0165 \u010fal\u0161ie lot\u00e9rie a viac tiketov<\/li>\n<li>Kliknite na Zaplati\u0165 teraz<\/li>\n<li>Zaregistrujte si \u00fa\u010det na na\u0161ej webovej str\u00e1nke (ak ste to u\u017e urobili, m\u00f4\u017eete tento krok presko\u010di\u0165 a jednoducho sa prihl\u00e1si\u0165 do svojho existuj\u00faceho \u00fa\u010dtu<\/li>\n<li>Ak registrujete nov\u00fd \u00fa\u010det, skontrolujte si, \u010di v\u00e1m do e-mailovej schr\u00e1nky nepri\u0161la spr\u00e1va s overovac\u00edm odkazom<\/li>\n<li>V pr\u00edpade, \u017ee e-mailov\u00fa spr\u00e1vu nen\u00e1jdete, pozrite sa do svojej schr\u00e1nky na nevy\u017eiadan\u00fa po\u0161tu, mo\u017eno sa ocitla pr\u00e1ve tam<\/li>\n<li>Kliknite na symbol n\u00e1kupn\u00e9ho ko\u0161\u00edka<\/li>\n<li>Vyberte sp\u00f4sob platby, kliknite na mo\u017enos\u0165 zaplati\u0165 a postupujte pod\u013ea platobn\u00fdch pokynov.<\/li>\n<\/ul>\n<h2>Ako zaplati\u0165 za tiket Eurojackpotu online<\/h2>\n<p>Existuje mno\u017estvo bezpe\u010dn\u00fdch platobn\u00fdch met\u00f3d, ktor\u00e9 s\u00fa k dispoz\u00edcii na\u0161im z\u00e1kazn\u00edkom. Vyberte si sp\u00f4sob, ktor\u00fd v\u00e1m vyhovuje.<\/p>\n<p>Vstupenky si m\u00f4\u017eete k\u00fapi\u0165 online a zaplati\u0165 za ne dvoma sp\u00f4sobmi:<\/p>\n<ul>\n<li>Zapla\u0165te za svoju objedn\u00e1vku priamo<\/li>\n<li>Vlo\u017ei\u0165 peniaze na svoj hr\u00e1\u010dsky \u00fa\u010det a potom pou\u017ei\u0165 zostatok na n\u00e1kup \u017erebov<\/li>\n<\/ul>\n<p>Ak pou\u017eijete druh\u00fd sp\u00f4sob, uistite sa, \u017ee suma v\u00e1\u0161ho zostatku je vy\u0161\u0161ia ako suma objedn\u00e1vky tiketov.<\/p>\n<h2>Viac inform\u00e1ci\u00ed o Eurojackpote<\/h2>\n<ul>\n<li>Krajina: r\u00f4zne eur\u00f3pske krajiny<\/li>\n<li>Rozsah hlavn\u00fdch \u010d\u00edsel: 50<\/li>\n<li>Po\u010det tipov, ktor\u00e9 si vyberiete: 5<\/li>\n<li>Rozsah dodato\u010dn\u00fdch \u010d\u00edsel: 10<\/li>\n<li>Vyber\u00e1te: 2<\/li>\n<li>Dni, hodiny \u017erebovania: Piatok, 21:00 CET, 21:00 CET<\/li>\n<li>Minim\u00e1lny jackpot: 10 mili\u00f3nov eur<\/li>\n<li>Maxim\u00e1lny jackpot: 90 mili\u00f3nov \u20ac<\/li>\n<li>Pravdepodobnos\u0165 v\u00fdhry jackpotu: 1 ku 135 600 640<\/li>\n<li>Pravdepodobnos\u0165 v\u00fdhry na \u00farovni 2: 1 ku 2 118 760<\/li>\n<li>Pravdepodobnos\u0165 v\u00fdhry v ktorejko\u013evek \u00farovni: 1 ku 26,39<\/li>\n<li>Po\u010det v\u00fdhern\u00fdch \u00farovn\u00ed: 12<\/li>\n<\/ul>\n<h2>V\u00fdhody n\u00e1kupu tiketov Eurojackpot online<\/h2>\n<ul>\n<li>k\u00fapi\u0165 si tikety z pohodlia domova<\/li>\n<li>v\u00e4\u010d\u0161\u00ed v\u00fdber lot\u00e9ri\u00ed<\/li>\n<li>zv\u00fd\u0161i\u0165 svoje \u0161ance na v\u00fdhru v\u00fdberom lot\u00e9rie s najvy\u0161\u0161\u00edmi jackpotmi<\/li>\n<li>mo\u017enos\u0165 najprv vlo\u017ei\u0165 peniaze a potom zaplati\u0165 zostatkom<\/li>\n<li>u\u017e nikdy nestrati\u0165 tiket<\/li>\n<li>dost\u00e1va\u0165 upozornenia, ke\u010f vyhr\u00e1te<\/li>\n<li>mo\u017enos\u0165 r\u00fdchleho v\u00fdberu s gener\u00e1torom n\u00e1hodn\u00fdch \u010d\u00edsel<\/li>\n<\/ul>\n<h2>Je leg\u00e1lne kupova\u0165 tikety Eurojackpot online?<\/h2>\n<p><img loading=\"lazy\" decoding=\"async\" class=\"alignright wp-image-1246\" src=\"https:\/\/onlinelotto365.com\/wp-content\/uploads\/2020\/11\/online_lottery-106.jpg\" alt=\"k\u00fapi\u0165 eurojackpot online\" width=\"302\" height=\"181\" \/> Nemus\u00edte sa ob\u00e1va\u0165, \u010di je n\u00e1kup tiketov lotto online alebo tradi\u010dn\u00fdm sp\u00f4sobom v krajine v\u00e1\u0161ho bydliska leg\u00e1lny. Z\u00e1rove\u0148 si nemus\u00edte robi\u0165 starosti s ot\u00e1zkou, \u010di je leg\u00e1lne vyu\u017e\u00edva\u0165 na\u0161e slu\u017eby, pokia\u013e ide o predpisy v krajine, kde sa lot\u00e9ria kon\u00e1. Sp\u00f4sob, ak\u00fdm prev\u00e1dzkujeme na\u0161u slu\u017ebu, je navrhnut\u00fd tak, aby ste mali istotu, \u017ee dostanete v\u00fdplatu, aj ke\u010f vyhr\u00e1te jackpot.<\/p>\n<p>Na vyu\u017e\u00edvanie na\u0161ej slu\u017eby v\u0161ak mus\u00edte ma\u0165 minim\u00e1lne 18 rokov.<\/p>\n<h2>Ako dostanem v\u00fdplatu, ak vyhr\u00e1m Eurojackpot online?<\/h2>\n<p>Vypl\u00e1canie v\u00fdhier je d\u00f4le\u017eitou s\u00fa\u010das\u0165ou na\u0161ich slu\u017eieb z\u00e1kazn\u00edkom. Je d\u00f4le\u017eit\u00e9, aby ste vedeli, \u017ee z va\u0161ich v\u00fdhier v lot\u00e9rii neodv\u00e1dzame \u017eiadnu prov\u00edziu. Ve\u013emi mal\u00fd poplatok sa m\u00f4\u017ee vyskytn\u00fa\u0165 len v jednej situ\u00e1cii, a to ak sa rozhodnete pre v\u00fdplatu bankov\u00fdm prevodom. Ide o sumu, ktor\u00fa n\u00e1m \u00fa\u010dtuje banka, a tu hovor\u00edme mo\u017eno o 5 USD za prevod, ak ide o medzin\u00e1rodn\u00fd prevod.<\/p>\n<p>V pr\u00edpade v\u00fdplaty existuj\u00fa dve r\u00f4zne situ\u00e1cie:<\/p>\n<ul>\n<li>Vyhr\u00e1te sumu 2500 EUR alebo menej. V tomto pr\u00edpade bude v\u00fdhra prip\u00edsan\u00e1 na v\u00e1\u0161 hr\u00e1\u010dsky \u00fa\u010det u n\u00e1s.<\/li>\n<li>Vyhr\u00e1te sumu vy\u0161\u0161iu ako 2500 \u20ac. V tomto pr\u00edpade v\u00e1m za\u0161leme e-mailom formul\u00e1r, ktor\u00fd mus\u00edte vyplni\u0165. Vy sa rozhodnete, ak\u00fdm sp\u00f4sobom chcete dosta\u0165 v\u00fdplatu. V tomto pr\u00edpade s\u00fa jedin\u00fdmi mo\u017enos\u0165ami bankov\u00fd prevod a \u0161ek. \u017diados\u0165 spracujeme za v\u00e1s a o nieko\u013eko dn\u00ed budete ma\u0165 peniaze na bankovom \u00fa\u010dte alebo dostanete \u0161ek.<\/li>\n<\/ul>\n","protected":false},"excerpt":{"rendered":"<p>Ak v\u00e1s zauj\u00edma, ako si k\u00fapi\u0165 tikety Eurojackpotu online, op\u00edsali sme v\u00e1m tento postup v jednoduch\u00fdch krokoch. V skuto\u010dnosti v\u00e1s v\u0161ak cel\u00fdm procesom prevedie na\u0161a webov\u00e1 str\u00e1nka. Sna\u017eili sme sa, aby bol \u010do najjednoduch\u0161\u00ed. Ke\u010f ste na str\u00e1nke Eurojackpotu, vyberte si \u010d\u00edsla alebo nechajte po\u010d\u00edta\u010d, aby vybral \u010d\u00edsla za v\u00e1s. Ak chcete, m\u00f4\u017eete do svojej [&hellip;]<\/p>\n","protected":false},"author":1,"featured_media":0,"parent":5698,"menu_order":4,"comment_status":"closed","ping_status":"closed","template":"eurojackpot-info.php","meta":{"_et_pb_use_builder":"","_et_pb_old_content":"","_et_gb_content_width":"","exclude_from_search":false,"footnotes":""},"class_list":["post-80198","page","type-page","status-publish","hentry"],"yoast_head":"<!-- This site is optimized with the Yoast SEO plugin v23.4 - https:\/\/yoast.com\/wordpress\/plugins\/seo\/ -->\n<title>K\u00fapi\u0165 vstupenky na Eurojackpot online zo Slovenska| Eurojackpot info, ako nak\u00fapi\u0165 vstupenky<\/title>\n<meta name=\"description\" content=\"\u017dijete na Slovensku, ale chcete si k\u00fapi\u0165 vstupenky na Eurojackpot? K\u00fapte si ich online tu!\" \/>\n<meta name=\"robots\" content=\"index, follow, max-snippet:-1, max-image-preview:large, max-video-preview:-1\" \/>\n<link rel=\"canonical\" href=\"https:\/\/onlinelotto365.com\/sk\/kupit-listky\/eurojackpot\/\" \/>\n<meta property=\"og:locale\" content=\"sk_SK\" \/>\n<meta property=\"og:type\" content=\"article\" \/>\n<meta property=\"og:title\" content=\"K\u00fapi\u0165 vstupenky na Eurojackpot online zo Slovenska| Eurojackpot info, ako nak\u00fapi\u0165 vstupenky\" \/>\n<meta property=\"og:description\" content=\"\u017dijete na Slovensku, ale chcete si k\u00fapi\u0165 vstupenky na Eurojackpot? K\u00fapte si ich online tu!\" \/>\n<meta property=\"og:url\" content=\"https:\/\/onlinelotto365.com\/sk\/kupit-listky\/eurojackpot\/\" \/>\n<meta property=\"og:site_name\" content=\"OnlineLotto365\" \/>\n<meta property=\"og:image\" content=\"https:\/\/redfoxlotto.com\/image?size=8&amp;lottery=eurojackpot\" \/>\n<meta name=\"twitter:card\" content=\"summary_large_image\" \/>\n<meta name=\"twitter:label1\" content=\"Predpokladan\u00fd \u010das \u010d\u00edtania\" \/>\n\t<meta name=\"twitter:data1\" content=\"3 min\u00faty\" \/>\n<script type=\"application\/ld+json\" class=\"yoast-schema-graph\">{\"@context\":\"https:\/\/schema.org\",\"@graph\":[{\"@type\":\"WebPage\",\"@id\":\"https:\/\/onlinelotto365.com\/sk\/kupit-listky\/eurojackpot\/\",\"url\":\"https:\/\/onlinelotto365.com\/sk\/kupit-listky\/eurojackpot\/\",\"name\":\"K\u00fapi\u0165 vstupenky na Eurojackpot online zo Slovenska| Eurojackpot info, ako nak\u00fapi\u0165 vstupenky\",\"isPartOf\":{\"@id\":\"https:\/\/onlinelotto365.com\/sk\/#website\"},\"primaryImageOfPage\":{\"@id\":\"https:\/\/onlinelotto365.com\/sk\/kupit-listky\/eurojackpot\/#primaryimage\"},\"image\":{\"@id\":\"https:\/\/onlinelotto365.com\/sk\/kupit-listky\/eurojackpot\/#primaryimage\"},\"thumbnailUrl\":\"https:\/\/redfoxlotto.com\/image?size=8&amp;lottery=eurojackpot\",\"datePublished\":\"2022-11-15T09:03:49+00:00\",\"dateModified\":\"2022-11-15T09:03:49+00:00\",\"description\":\"\u017dijete na Slovensku, ale chcete si k\u00fapi\u0165 vstupenky na Eurojackpot? K\u00fapte si ich online tu!\",\"breadcrumb\":{\"@id\":\"https:\/\/onlinelotto365.com\/sk\/kupit-listky\/eurojackpot\/#breadcrumb\"},\"inLanguage\":\"sk-SK\",\"potentialAction\":[{\"@type\":\"ReadAction\",\"target\":[\"https:\/\/onlinelotto365.com\/sk\/kupit-listky\/eurojackpot\/\"]}]},{\"@type\":\"ImageObject\",\"inLanguage\":\"sk-SK\",\"@id\":\"https:\/\/onlinelotto365.com\/sk\/kupit-listky\/eurojackpot\/#primaryimage\",\"url\":\"https:\/\/redfoxlotto.com\/image?size=8&amp;lottery=eurojackpot\",\"contentUrl\":\"https:\/\/redfoxlotto.com\/image?size=8&amp;lottery=eurojackpot\"},{\"@type\":\"BreadcrumbList\",\"@id\":\"https:\/\/onlinelotto365.com\/sk\/kupit-listky\/eurojackpot\/#breadcrumb\",\"itemListElement\":[{\"@type\":\"ListItem\",\"position\":1,\"name\":\"Home\",\"item\":\"https:\/\/onlinelotto365.com\/sk\/\"},{\"@type\":\"ListItem\",\"position\":2,\"name\":\"Hranie svetov\u00e9ho lota\",\"item\":\"https:\/\/onlinelotto365.com\/sk\/kupit-listky\/\"},{\"@type\":\"ListItem\",\"position\":3,\"name\":\"Ako k\u00fapi\u0165 tikety Eurojackpot online\"}]},{\"@type\":\"WebSite\",\"@id\":\"https:\/\/onlinelotto365.com\/sk\/#website\",\"url\":\"https:\/\/onlinelotto365.com\/sk\/\",\"name\":\"OnlineLotto365\",\"description\":\"\",\"potentialAction\":[{\"@type\":\"SearchAction\",\"target\":{\"@type\":\"EntryPoint\",\"urlTemplate\":\"https:\/\/onlinelotto365.com\/sk\/?s={search_term_string}\"},\"query-input\":{\"@type\":\"PropertyValueSpecification\",\"valueRequired\":true,\"valueName\":\"search_term_string\"}}],\"inLanguage\":\"sk-SK\"}]}<\/script>\n<!-- \/ Yoast SEO plugin. -->","yoast_head_json":{"title":"K\u00fapi\u0165 vstupenky na Eurojackpot online zo Slovenska| Eurojackpot info, ako nak\u00fapi\u0165 vstupenky","description":"\u017dijete na Slovensku, ale chcete si k\u00fapi\u0165 vstupenky na Eurojackpot? K\u00fapte si ich online tu!","robots":{"index":"index","follow":"follow","max-snippet":"max-snippet:-1","max-image-preview":"max-image-preview:large","max-video-preview":"max-video-preview:-1"},"canonical":"https:\/\/onlinelotto365.com\/sk\/kupit-listky\/eurojackpot\/","og_locale":"sk_SK","og_type":"article","og_title":"K\u00fapi\u0165 vstupenky na Eurojackpot online zo Slovenska| Eurojackpot info, ako nak\u00fapi\u0165 vstupenky","og_description":"\u017dijete na Slovensku, ale chcete si k\u00fapi\u0165 vstupenky na Eurojackpot? K\u00fapte si ich online tu!","og_url":"https:\/\/onlinelotto365.com\/sk\/kupit-listky\/eurojackpot\/","og_site_name":"OnlineLotto365","og_image":[{"url":"https:\/\/redfoxlotto.com\/image?size=8&amp;lottery=eurojackpot"}],"twitter_card":"summary_large_image","twitter_misc":{"Predpokladan\u00fd \u010das \u010d\u00edtania":"3 min\u00faty"},"schema":{"@context":"https:\/\/schema.org","@graph":[{"@type":"WebPage","@id":"https:\/\/onlinelotto365.com\/sk\/kupit-listky\/eurojackpot\/","url":"https:\/\/onlinelotto365.com\/sk\/kupit-listky\/eurojackpot\/","name":"K\u00fapi\u0165 vstupenky na Eurojackpot online zo Slovenska| Eurojackpot info, ako nak\u00fapi\u0165 vstupenky","isPartOf":{"@id":"https:\/\/onlinelotto365.com\/sk\/#website"},"primaryImageOfPage":{"@id":"https:\/\/onlinelotto365.com\/sk\/kupit-listky\/eurojackpot\/#primaryimage"},"image":{"@id":"https:\/\/onlinelotto365.com\/sk\/kupit-listky\/eurojackpot\/#primaryimage"},"thumbnailUrl":"https:\/\/redfoxlotto.com\/image?size=8&amp;lottery=eurojackpot","datePublished":"2022-11-15T09:03:49+00:00","dateModified":"2022-11-15T09:03:49+00:00","description":"\u017dijete na Slovensku, ale chcete si k\u00fapi\u0165 vstupenky na Eurojackpot? K\u00fapte si ich online tu!","breadcrumb":{"@id":"https:\/\/onlinelotto365.com\/sk\/kupit-listky\/eurojackpot\/#breadcrumb"},"inLanguage":"sk-SK","potentialAction":[{"@type":"ReadAction","target":["https:\/\/onlinelotto365.com\/sk\/kupit-listky\/eurojackpot\/"]}]},{"@type":"ImageObject","inLanguage":"sk-SK","@id":"https:\/\/onlinelotto365.com\/sk\/kupit-listky\/eurojackpot\/#primaryimage","url":"https:\/\/redfoxlotto.com\/image?size=8&amp;lottery=eurojackpot","contentUrl":"https:\/\/redfoxlotto.com\/image?size=8&amp;lottery=eurojackpot"},{"@type":"BreadcrumbList","@id":"https:\/\/onlinelotto365.com\/sk\/kupit-listky\/eurojackpot\/#breadcrumb","itemListElement":[{"@type":"ListItem","position":1,"name":"Home","item":"https:\/\/onlinelotto365.com\/sk\/"},{"@type":"ListItem","position":2,"name":"Hranie svetov\u00e9ho lota","item":"https:\/\/onlinelotto365.com\/sk\/kupit-listky\/"},{"@type":"ListItem","position":3,"name":"Ako k\u00fapi\u0165 tikety Eurojackpot online"}]},{"@type":"WebSite","@id":"https:\/\/onlinelotto365.com\/sk\/#website","url":"https:\/\/onlinelotto365.com\/sk\/","name":"OnlineLotto365","description":"","potentialAction":[{"@type":"SearchAction","target":{"@type":"EntryPoint","urlTemplate":"https:\/\/onlinelotto365.com\/sk\/?s={search_term_string}"},"query-input":{"@type":"PropertyValueSpecification","valueRequired":true,"valueName":"search_term_string"}}],"inLanguage":"sk-SK"}]}},"_links":{"self":[{"href":"https:\/\/onlinelotto365.com\/sk\/wp-json\/wp\/v2\/pages\/80198","targetHints":{"allow":["GET"]}}],"collection":[{"href":"https:\/\/onlinelotto365.com\/sk\/wp-json\/wp\/v2\/pages"}],"about":[{"href":"https:\/\/onlinelotto365.com\/sk\/wp-json\/wp\/v2\/types\/page"}],"author":[{"embeddable":true,"href":"https:\/\/onlinelotto365.com\/sk\/wp-json\/wp\/v2\/users\/1"}],"replies":[{"embeddable":true,"href":"https:\/\/onlinelotto365.com\/sk\/wp-json\/wp\/v2\/comments?post=80198"}],"version-history":[{"count":0,"href":"https:\/\/onlinelotto365.com\/sk\/wp-json\/wp\/v2\/pages\/80198\/revisions"}],"up":[{"embeddable":true,"href":"https:\/\/onlinelotto365.com\/sk\/wp-json\/wp\/v2\/pages\/5698"}],"wp:attachment":[{"href":"https:\/\/onlinelotto365.com\/sk\/wp-json\/wp\/v2\/media?parent=80198"}],"curies":[{"name":"wp","href":"https:\/\/api.w.org\/{rel}","templated":true}]}}