{"id":80229,"date":"2022-11-15T12:14:07","date_gmt":"2022-11-15T11:14:07","guid":{"rendered":"https:\/\/onlinelotto365.com\/?page_id=80229"},"modified":"2022-11-15T12:14:07","modified_gmt":"2022-11-15T11:14:07","slug":"superenalotto","status":"publish","type":"page","link":"https:\/\/onlinelotto365.com\/sk\/kupit-listky\/superenalotto\/","title":{"rendered":"Ako k\u00fapi\u0165 vstupenky na Superenalotto online"},"content":{"rendered":"<p>M\u00e1te z\u00e1ujem o k\u00fapu vstupeniek Superenalotto online zo Slovenska<br \/>\nale nie ste si ist\u00ed, ako to urobi\u0165? V tom pr\u00edpade ste na spr\u00e1vnom mieste, preto\u017ee my sa o to postar\u00e1me za v\u00e1s. V\u0161etko, \u010do mus\u00edte urobi\u0165, je postupova\u0165 pod\u013ea jednoduch\u00fdch krokov, o ktor\u00fdch budeme hovori\u0165 ni\u017e\u0161ie, a vstupenky budete ma\u0165 r\u00fdchlo.<br \/>\n<a href=\"https:\/\/redfoxlotto.com\/play\/superenalotto\/?ref=a8564250a2&amp;medium=ol365\" target=\"_blank\" rel=\"noopener noreferrer\"><img decoding=\"async\" class=\"aligncenter\" src=\"https:\/\/redfoxlotto.com\/image?size=8&amp;lottery=superenalotto\" alt=\"superenalotto\" \/><\/a><\/p>\n<ul>\n<li>Vyberte si lot\u00e9riov\u00fa hru, pre ktor\u00fa chcete k\u00fapi\u0165 tikety, a vyberte \u010d\u00edsla, ktor\u00e9 chcete hra\u0165, alebo vyberte mo\u017enos\u0165 r\u00fdchleho v\u00fdberu, aby za v\u00e1s vybral po\u010d\u00edta\u010d.<\/li>\n<li>Pridajte \u010fal\u0161ie tikety alebo \u010fal\u0161ie lot\u00e9rie a vytvorte si objedn\u00e1vku<\/li>\n<li>Vyberte mo\u017enos\u0165 zaplati\u0165 teraz<\/li>\n<li>Vytvorte si u n\u00e1s \u00fa\u010det alebo sa prihl\u00e1ste do svojho \u00fa\u010dtu, aby ste si mohli k\u00fapi\u0165 tikety<\/li>\n<li>T\u00ed, ktor\u00ed si musia zaregistrova\u0165 \u00fa\u010det, bud\u00fa musie\u0165 vo svojom e-maile vyh\u013eada\u0165 overovac\u00ed odkaz, aby sa uistili, \u017ee ich \u00fa\u010det je kompletne nastaven\u00fd<\/li>\n<li>Nezabudnite, \u017ee odkaz sa m\u00f4\u017ee dosta\u0165 do prie\u010dinka s nevy\u017eiadanou po\u0161tou, ak na\u0161a e-mailov\u00e1 adresa nie je pridan\u00e1 do v\u00e1\u0161ho adres\u00e1ra, preto si to dvakr\u00e1t skontrolujte<\/li>\n<li>Vyberte ikonu platby v hornej \u010dasti obrazovky<\/li>\n<li>Vyberte si sp\u00f4sob platby a pod\u013ea pokynov dokon\u010dite proces platby<\/li>\n<\/ul>\n<h2>Ako zaplati\u0165 za vstupenku na Superenalotto online<\/h2>\n<p>Platbu za l\u00edstok na Superenalotto zo Slovenska v\u00e1m u\u013eah\u010d\u00edme<br \/>\n\u010do najjednoduch\u0161ie t\u00fdm, \u017ee pon\u00fakame \u0161irok\u00fa \u0161k\u00e1lu r\u00f4znych platobn\u00fdch met\u00f3d. Sta\u010d\u00ed si vybra\u0165 t\u00fa, ktor\u00fa preferujete, a v okamihu budete na ceste.<\/p>\n<p>Ke\u010f ste pripraven\u00ed k\u00fapi\u0165 si vstupenky online, sta\u010d\u00ed si vybra\u0165 medzi:<\/p>\n<ul>\n<li>Pou\u017ei\u0165 preferovan\u00fd sp\u00f4sob platby na priamu platbu za vstupenky<\/li>\n<li>Vlo\u017ei\u0165 peniaze na svoj \u00fa\u010det a pou\u017ei\u0165 ich na n\u00e1kup vstupeniek<\/li>\n<\/ul>\n<p>Len sa uistite, \u017ee ste na svoj \u00fa\u010det vlo\u017eili viac pe\u0148az\u00ed, ako je suma, ktor\u00fa potrebujete na vstupenky, ak sa rozhodnete pre tento sp\u00f4sob platby.<\/p>\n<h2>Viac inform\u00e1ci\u00ed o Superenalotto<\/h2>\n<ul>\n<li>Krajina: Taliansko<\/li>\n<li>Rozsah hlavn\u00fdch \u010d\u00edsel: 90<\/li>\n<li>Vyberiete si: 6<\/li>\n<li>Dni, hodiny \u017erebovania: Utorok, \u0161tvrtok, sobota, 19:00 GMT, 21:00 CET<\/li>\n<li>Minim\u00e1lny jackpot: 2 mili\u00f3ny EUR<\/li>\n<li>Maxim\u00e1lny jackpot: \u017eiadny<\/li>\n<li>Pravdepodobnos\u0165 v\u00fdhry jackpotu: 1 ku 622614630<\/li>\n<li>Pravdepodobnos\u0165 v\u00fdhry v 2. \u00farovni: V\u00fdhern\u00e1 \u0161anca: 1 k 103769105<\/li>\n<li>Pravdepodobnos\u0165 v\u00fdhry v ktorejko\u013evek \u00farovni: 1 ku 20,58<\/li>\n<li>Po\u010det v\u00fdhern\u00fdch \u00farovn\u00ed: 6<\/li>\n<\/ul>\n<h2>V\u00fdhody n\u00e1kupu tiketov Superenalotto online<\/h2>\n<ul>\n<li>N\u00e1kup tiketov je mo\u017en\u00fd odkia\u013eko\u013evek, kde v\u00e1m to najviac vyhovuje, vr\u00e1tane Slovenska<\/li>\n<li>Vyberte si z nieko\u013ek\u00fdch r\u00f4znych lot\u00e9ri\u00ed<\/li>\n<li>Z\u00edskajte najlep\u0161ie \u0161ance na v\u00fdhru v lot\u00e9ri\u00e1ch, ktor\u00e9 maj\u00fa najlep\u0161ie jackpoty<\/li>\n<li>Pridajte si na svoj \u00fa\u010det peniaze a zapla\u0165te priamo za tikety<\/li>\n<li>\u017diadne obavy zo straty tiketu<\/li>\n<li>Okam\u017eit\u00e9 upozornenia, ke\u010f vyhr\u00e1te<\/li>\n<li>Gener\u00e1tor n\u00e1hodn\u00fdch \u010d\u00edsel pre mo\u017enosti r\u00fdchleho v\u00fdberu tiketu<\/li>\n<\/ul>\n<h2>Je leg\u00e1lne kupova\u0165 tikety Superenalotto online?<\/h2>\n<p>\u010co ak m\u00e1te obavy o leg\u00e1lnos\u0165 n\u00e1kupu tiketov lotto online? Alebo dokonca tradi\u010dn\u00fdm sp\u00f4sobom? Ak v krajine v\u00e1\u0161ho bydliska platia niektor\u00e9 pr\u00edsne z\u00e1kony, m\u00f4\u017eete ma\u0165 obavy, ale nemus\u00edte. Na\u0161a slu\u017eba toti\u017e dodr\u017eiava predpisy a zaru\u010duje, \u017ee dostanete svoju v\u00fdhru bez oh\u013eadu na to, ko\u013eko ste vyhrali alebo kde \u017eijete. Sta\u010d\u00ed, ak m\u00e1te 18 rokov, aby ste mohli slu\u017ebu vyu\u017e\u00edva\u0165.<\/p>\n<h2>Ako dostanem v\u00fdplatu, ak vyhr\u00e1m Superenalotto online?<\/h2>\n<p><img loading=\"lazy\" decoding=\"async\" class=\"alignright size-medium wp-image-3615\" src=\"https:\/\/onlinelotto365.com\/wp-content\/uploads\/2020\/11\/online_lottery-52-300x169.jpg\" alt=\"hra\u0165 superenalotto online Slovensko\" width=\"300\" height=\"169\" srcset=\"https:\/\/onlinelotto365.com\/wp-content\/uploads\/2020\/11\/online_lottery-52-300x169.jpg 300w, https:\/\/onlinelotto365.com\/wp-content\/uploads\/2020\/11\/online_lottery-52.jpg 462w\" sizes=\"auto, (max-width: 300px) 100vw, 300px\" \/><br \/>\nAk vyhr\u00e1te, proces v\u00fdplaty je jednoduch\u00fd, preto\u017ee mus\u00edte urobi\u0165 len ve\u013emi m\u00e1lo. A nemus\u00edte sa ob\u00e1va\u0165 ani toho, \u017ee by ste o nejak\u00fa svoju v\u00fdhru pri\u0161li. Ke\u010f vyhr\u00e1te, neberieme si \u017eiadnu prov\u00edziu a ne\u00fa\u010dtujeme v\u00e1m \u017eiadne poplatky, pokia\u013e sa nerozhodnete pre realiz\u00e1ciu bankov\u00e9ho prevodu. V takom pr\u00edpade, ak n\u00e1m banka \u00fa\u010dtuje poplatky za prevod, potom tieto poplatky prenesieme na v\u00e1s a z va\u0161ej v\u00fdhry sa m\u00f4\u017ee strhn\u00fa\u0165 mal\u00e1 suma.<\/p>\n<p><strong>V opa\u010dnom pr\u00edpade by ste mali vedie\u0165 dve veci:<\/strong><\/p>\n<ul>\n<li>V\u00fdhry do 2500 EUR sa okam\u017eite preved\u00fa priamo na v\u00e1\u0161 hr\u00e1\u010dsky \u00fa\u010det, tak\u017ee ich m\u00f4\u017eete pou\u017ei\u0165, ako chcete.<\/li>\n<li>Sumy, ktor\u00e9 s\u00fa vy\u0161\u0161ie ako 2500 \u20ac, bud\u00fa potrebova\u0165 \u010fal\u0161\u00ed krok. Bude v\u00e1s kontaktova\u0165 n\u00e1\u0161 t\u00edm podpory s formul\u00e1rom, ktor\u00fd mus\u00edte vyplni\u0165 pre lot\u00e9riov\u00fa komisiu. Vo formul\u00e1ri bude podrobne uveden\u00e9, ako chcete, aby sa va\u0161e platby uskuto\u010dnili, a budete m\u00f4c\u0165 z\u00edska\u0165 bankov\u00fd prevod alebo \u0161ek na sumu, ktor\u00fa ste vyhrali.<\/li>\n<\/ul>\n","protected":false},"excerpt":{"rendered":"<p>M\u00e1te z\u00e1ujem o k\u00fapu vstupeniek Superenalotto online zo Slovenska ale nie ste si ist\u00ed, ako to urobi\u0165? V tom pr\u00edpade ste na spr\u00e1vnom mieste, preto\u017ee my sa o to postar\u00e1me za v\u00e1s. V\u0161etko, \u010do mus\u00edte urobi\u0165, je postupova\u0165 pod\u013ea jednoduch\u00fdch krokov, o ktor\u00fdch budeme hovori\u0165 ni\u017e\u0161ie, a vstupenky budete ma\u0165 r\u00fdchlo. Vyberte si lot\u00e9riov\u00fa hru, [&hellip;]<\/p>\n","protected":false},"author":1,"featured_media":0,"parent":5698,"menu_order":5,"comment_status":"closed","ping_status":"closed","template":"superenalotto-info.php","meta":{"_et_pb_use_builder":"","_et_pb_old_content":"","_et_gb_content_width":"","exclude_from_search":false,"footnotes":""},"class_list":["post-80229","page","type-page","status-publish","hentry"],"yoast_head":"<!-- This site is optimized with the Yoast SEO plugin v23.4 - https:\/\/yoast.com\/wordpress\/plugins\/seo\/ -->\n<title>O k\u00fape vstupeniek na Superenalotto online zo Slovenska<\/title>\n<meta name=\"description\" content=\"Zistite, ako k\u00fapi\u0165 vstupenky na Superenalotto odkia\u013eko\u013evek vr\u00e1tane Slovenska\" \/>\n<meta name=\"robots\" content=\"index, follow, max-snippet:-1, max-image-preview:large, max-video-preview:-1\" \/>\n<link rel=\"canonical\" href=\"https:\/\/onlinelotto365.com\/sk\/kupit-listky\/superenalotto\/\" \/>\n<meta property=\"og:locale\" content=\"sk_SK\" \/>\n<meta property=\"og:type\" content=\"article\" \/>\n<meta property=\"og:title\" content=\"O k\u00fape vstupeniek na Superenalotto online zo Slovenska\" \/>\n<meta property=\"og:description\" content=\"Zistite, ako k\u00fapi\u0165 vstupenky na Superenalotto odkia\u013eko\u013evek vr\u00e1tane Slovenska\" \/>\n<meta property=\"og:url\" content=\"https:\/\/onlinelotto365.com\/sk\/kupit-listky\/superenalotto\/\" \/>\n<meta property=\"og:site_name\" content=\"OnlineLotto365\" \/>\n<meta property=\"og:image\" content=\"https:\/\/redfoxlotto.com\/image?size=8&amp;lottery=superenalotto\" \/>\n<meta name=\"twitter:card\" content=\"summary_large_image\" \/>\n<meta name=\"twitter:label1\" content=\"Predpokladan\u00fd \u010das \u010d\u00edtania\" \/>\n\t<meta name=\"twitter:data1\" content=\"4 min\u00faty\" \/>\n<script type=\"application\/ld+json\" class=\"yoast-schema-graph\">{\"@context\":\"https:\/\/schema.org\",\"@graph\":[{\"@type\":\"WebPage\",\"@id\":\"https:\/\/onlinelotto365.com\/sk\/kupit-listky\/superenalotto\/\",\"url\":\"https:\/\/onlinelotto365.com\/sk\/kupit-listky\/superenalotto\/\",\"name\":\"O k\u00fape vstupeniek na Superenalotto online zo Slovenska\",\"isPartOf\":{\"@id\":\"https:\/\/onlinelotto365.com\/sk\/#website\"},\"primaryImageOfPage\":{\"@id\":\"https:\/\/onlinelotto365.com\/sk\/kupit-listky\/superenalotto\/#primaryimage\"},\"image\":{\"@id\":\"https:\/\/onlinelotto365.com\/sk\/kupit-listky\/superenalotto\/#primaryimage\"},\"thumbnailUrl\":\"https:\/\/redfoxlotto.com\/image?size=8&amp;lottery=superenalotto\",\"datePublished\":\"2022-11-15T11:14:07+00:00\",\"dateModified\":\"2022-11-15T11:14:07+00:00\",\"description\":\"Zistite, ako k\u00fapi\u0165 vstupenky na Superenalotto odkia\u013eko\u013evek vr\u00e1tane Slovenska\",\"breadcrumb\":{\"@id\":\"https:\/\/onlinelotto365.com\/sk\/kupit-listky\/superenalotto\/#breadcrumb\"},\"inLanguage\":\"sk-SK\",\"potentialAction\":[{\"@type\":\"ReadAction\",\"target\":[\"https:\/\/onlinelotto365.com\/sk\/kupit-listky\/superenalotto\/\"]}]},{\"@type\":\"ImageObject\",\"inLanguage\":\"sk-SK\",\"@id\":\"https:\/\/onlinelotto365.com\/sk\/kupit-listky\/superenalotto\/#primaryimage\",\"url\":\"https:\/\/redfoxlotto.com\/image?size=8&amp;lottery=superenalotto\",\"contentUrl\":\"https:\/\/redfoxlotto.com\/image?size=8&amp;lottery=superenalotto\"},{\"@type\":\"BreadcrumbList\",\"@id\":\"https:\/\/onlinelotto365.com\/sk\/kupit-listky\/superenalotto\/#breadcrumb\",\"itemListElement\":[{\"@type\":\"ListItem\",\"position\":1,\"name\":\"Home\",\"item\":\"https:\/\/onlinelotto365.com\/sk\/\"},{\"@type\":\"ListItem\",\"position\":2,\"name\":\"Hranie svetov\u00e9ho lota\",\"item\":\"https:\/\/onlinelotto365.com\/sk\/kupit-listky\/\"},{\"@type\":\"ListItem\",\"position\":3,\"name\":\"Ako k\u00fapi\u0165 vstupenky na Superenalotto online\"}]},{\"@type\":\"WebSite\",\"@id\":\"https:\/\/onlinelotto365.com\/sk\/#website\",\"url\":\"https:\/\/onlinelotto365.com\/sk\/\",\"name\":\"OnlineLotto365\",\"description\":\"\",\"potentialAction\":[{\"@type\":\"SearchAction\",\"target\":{\"@type\":\"EntryPoint\",\"urlTemplate\":\"https:\/\/onlinelotto365.com\/sk\/?s={search_term_string}\"},\"query-input\":{\"@type\":\"PropertyValueSpecification\",\"valueRequired\":true,\"valueName\":\"search_term_string\"}}],\"inLanguage\":\"sk-SK\"}]}<\/script>\n<!-- \/ Yoast SEO plugin. -->","yoast_head_json":{"title":"O k\u00fape vstupeniek na Superenalotto online zo Slovenska","description":"Zistite, ako k\u00fapi\u0165 vstupenky na Superenalotto odkia\u013eko\u013evek vr\u00e1tane Slovenska","robots":{"index":"index","follow":"follow","max-snippet":"max-snippet:-1","max-image-preview":"max-image-preview:large","max-video-preview":"max-video-preview:-1"},"canonical":"https:\/\/onlinelotto365.com\/sk\/kupit-listky\/superenalotto\/","og_locale":"sk_SK","og_type":"article","og_title":"O k\u00fape vstupeniek na Superenalotto online zo Slovenska","og_description":"Zistite, ako k\u00fapi\u0165 vstupenky na Superenalotto odkia\u013eko\u013evek vr\u00e1tane Slovenska","og_url":"https:\/\/onlinelotto365.com\/sk\/kupit-listky\/superenalotto\/","og_site_name":"OnlineLotto365","og_image":[{"url":"https:\/\/redfoxlotto.com\/image?size=8&amp;lottery=superenalotto"}],"twitter_card":"summary_large_image","twitter_misc":{"Predpokladan\u00fd \u010das \u010d\u00edtania":"4 min\u00faty"},"schema":{"@context":"https:\/\/schema.org","@graph":[{"@type":"WebPage","@id":"https:\/\/onlinelotto365.com\/sk\/kupit-listky\/superenalotto\/","url":"https:\/\/onlinelotto365.com\/sk\/kupit-listky\/superenalotto\/","name":"O k\u00fape vstupeniek na Superenalotto online zo Slovenska","isPartOf":{"@id":"https:\/\/onlinelotto365.com\/sk\/#website"},"primaryImageOfPage":{"@id":"https:\/\/onlinelotto365.com\/sk\/kupit-listky\/superenalotto\/#primaryimage"},"image":{"@id":"https:\/\/onlinelotto365.com\/sk\/kupit-listky\/superenalotto\/#primaryimage"},"thumbnailUrl":"https:\/\/redfoxlotto.com\/image?size=8&amp;lottery=superenalotto","datePublished":"2022-11-15T11:14:07+00:00","dateModified":"2022-11-15T11:14:07+00:00","description":"Zistite, ako k\u00fapi\u0165 vstupenky na Superenalotto odkia\u013eko\u013evek vr\u00e1tane Slovenska","breadcrumb":{"@id":"https:\/\/onlinelotto365.com\/sk\/kupit-listky\/superenalotto\/#breadcrumb"},"inLanguage":"sk-SK","potentialAction":[{"@type":"ReadAction","target":["https:\/\/onlinelotto365.com\/sk\/kupit-listky\/superenalotto\/"]}]},{"@type":"ImageObject","inLanguage":"sk-SK","@id":"https:\/\/onlinelotto365.com\/sk\/kupit-listky\/superenalotto\/#primaryimage","url":"https:\/\/redfoxlotto.com\/image?size=8&amp;lottery=superenalotto","contentUrl":"https:\/\/redfoxlotto.com\/image?size=8&amp;lottery=superenalotto"},{"@type":"BreadcrumbList","@id":"https:\/\/onlinelotto365.com\/sk\/kupit-listky\/superenalotto\/#breadcrumb","itemListElement":[{"@type":"ListItem","position":1,"name":"Home","item":"https:\/\/onlinelotto365.com\/sk\/"},{"@type":"ListItem","position":2,"name":"Hranie svetov\u00e9ho lota","item":"https:\/\/onlinelotto365.com\/sk\/kupit-listky\/"},{"@type":"ListItem","position":3,"name":"Ako k\u00fapi\u0165 vstupenky na Superenalotto online"}]},{"@type":"WebSite","@id":"https:\/\/onlinelotto365.com\/sk\/#website","url":"https:\/\/onlinelotto365.com\/sk\/","name":"OnlineLotto365","description":"","potentialAction":[{"@type":"SearchAction","target":{"@type":"EntryPoint","urlTemplate":"https:\/\/onlinelotto365.com\/sk\/?s={search_term_string}"},"query-input":{"@type":"PropertyValueSpecification","valueRequired":true,"valueName":"search_term_string"}}],"inLanguage":"sk-SK"}]}},"_links":{"self":[{"href":"https:\/\/onlinelotto365.com\/sk\/wp-json\/wp\/v2\/pages\/80229","targetHints":{"allow":["GET"]}}],"collection":[{"href":"https:\/\/onlinelotto365.com\/sk\/wp-json\/wp\/v2\/pages"}],"about":[{"href":"https:\/\/onlinelotto365.com\/sk\/wp-json\/wp\/v2\/types\/page"}],"author":[{"embeddable":true,"href":"https:\/\/onlinelotto365.com\/sk\/wp-json\/wp\/v2\/users\/1"}],"replies":[{"embeddable":true,"href":"https:\/\/onlinelotto365.com\/sk\/wp-json\/wp\/v2\/comments?post=80229"}],"version-history":[{"count":0,"href":"https:\/\/onlinelotto365.com\/sk\/wp-json\/wp\/v2\/pages\/80229\/revisions"}],"up":[{"embeddable":true,"href":"https:\/\/onlinelotto365.com\/sk\/wp-json\/wp\/v2\/pages\/5698"}],"wp:attachment":[{"href":"https:\/\/onlinelotto365.com\/sk\/wp-json\/wp\/v2\/media?parent=80229"}],"curies":[{"name":"wp","href":"https:\/\/api.w.org\/{rel}","templated":true}]}}