{"id":80259,"date":"2022-11-16T07:47:34","date_gmt":"2022-11-16T06:47:34","guid":{"rendered":"https:\/\/onlinelotto365.com\/?page_id=80259"},"modified":"2022-11-16T07:47:34","modified_gmt":"2022-11-16T06:47:34","slug":"el-gordo","status":"publish","type":"page","link":"https:\/\/onlinelotto365.com\/sk\/kupit-listky\/el-gordo\/","title":{"rendered":"Ako k\u00fapi\u0165 vstupenky na El Gordo online"},"content":{"rendered":"<p>Ste zvedav\u00ed na n\u00e1kup vstupeniek El Gordo online, pri\u010dom \u017eijete na Slovensku? V tom pr\u00edpade si tento \u010dl\u00e1nok ur\u010dite nenechajte ujs\u0165, preto\u017ee v\u00e1s prevedieme cel\u00fdm procesom, aby ste si mohli zaobstara\u0165 vstupenky bez probl\u00e9mov a bez toho, aby ste museli cestova\u0165 do krajiny, kde sa t\u00e1to hra be\u017ene hr\u00e1.<br \/>\n<a href=\"https:\/\/redfoxlotto.com\/play\/el-gordo-primitiva\/?ref=a8564250a2&amp;medium=ol365\" target=\"_blank\" rel=\"noopener noreferrer\"><img decoding=\"async\" class=\"aligncenter\" src=\"https:\/\/redfoxlotto.com\/image?size=8&amp;lottery=el-gordo-primitiva\" alt=\"el gordo\" \/><\/a><\/p>\n<ul>\n<li>Pozrite si hlavn\u00fa str\u00e1nku lot\u00e9rie, ktor\u00fa chcete hra\u0165, a vyberte si \u010d\u00edsla, ktor\u00e9 chcete ma\u0165 na svojich tiketoch.<\/li>\n<li>Pridajte si e\u0161te viac tiketov na t\u00fa ist\u00fa hru alebo na in\u00e9 hry, ktor\u00e9 chcete hra\u0165, aby ste mali kompletn\u00fa objedn\u00e1vku<\/li>\n<li>Vyberte mo\u017enos\u0165 zaplati\u0165 teraz<\/li>\n<li>Prejdite procesom registr\u00e1cie svojho \u00fa\u010dtu, ak ste u n\u00e1s e\u0161te nikdy nekupovali, alebo sa prihl\u00e1ste do svojho existuj\u00faceho \u00fa\u010dtu, ak ho u\u017e m\u00e1te.<\/li>\n<li>Skontrolujte, \u010di ste dostali e-mail s overovac\u00edm odkazom pre \u00fa\u010dty, ktor\u00e9 si vy\u017eaduj\u00fa overenie a registr\u00e1ciu<\/li>\n<li>Ak sa e-mail nezobraz\u00ed vo va\u0161ej doru\u010denej po\u0161te, uistite sa, \u017ee ste sa pozreli do prie\u010dinka so spamom, aby ste sa uistili, \u017ee sa tam nedostal<\/li>\n<li>Kliknut\u00edm na n\u00e1kupn\u00fd ko\u0161\u00edk zaplat\u00edte za svoju objedn\u00e1vku<\/li>\n<li>Vyberte si mo\u017enos\u0165 platby, ktor\u00fa chcete pou\u017ei\u0165, a postupujte pod\u013ea pokynov k platbe<\/li>\n<\/ul>\n<h2>Ako zaplati\u0165 za l\u00edstok na El Gordo online<\/h2>\n<p>Uskuto\u010dnenie platby za vstupenky je jednoduch\u00e9 a r\u00fdchle, preto\u017ee chceme, aby si na\u0161i klienti zo Slovenska mohli vybra\u0165 vstupenky vtedy, ke\u010f chc\u00fa.<br \/>\nM\u00f4\u017eete sa rozhodn\u00fa\u0165 zaplati\u0165 za svoje vstupenky niektor\u00fdm z nasleduj\u00facich sp\u00f4sobov:<\/p>\n<ul>\n<li>Vlo\u017ete platobn\u00fa met\u00f3du a vykonajte n\u00e1kup priamo<\/li>\n<li>Prida\u0165 peniaze na svoj \u00fa\u010det a vykona\u0165 platbu priamo odtia\u013e<\/li>\n<\/ul>\n<p>Uistite sa, \u017ee ste si na hr\u00e1\u010dsky \u00fa\u010det pridali viac ako dostatok pe\u0148az\u00ed, ak pl\u00e1nujete n\u00e1kup uskuto\u010dni\u0165 priamo odtia\u013eto.<\/p>\n<h2>Viac inform\u00e1ci\u00ed o El Gordo<\/h2>\n<ul>\n<li>Krajina: \u0160panielsko<\/li>\n<li>Rozsah hlavn\u00fdch \u010d\u00edsel: 54<\/li>\n<li>Vyberiete si: 5<\/li>\n<li>Rozsah dodato\u010dn\u00fdch \u010d\u00edsel: \u017eiadne<\/li>\n<li>Vyber\u00e1te: \u017eiadne<\/li>\n<li>Dni, hodiny \u017erebovania: nede\u013ea, 21:30 SE\u010c, 21:30 SE\u010c<\/li>\n<li>Minim\u00e1lny jackpot: 4 mili\u00f3ny EUR<\/li>\n<li>Maxim\u00e1lny jackpot: \u017eiadny<\/li>\n<li>Pravdepodobnos\u0165 v\u00fdhry jackpotu: 1 ku 31625100<\/li>\n<li>Pravdepodobnos\u0165 v\u00fdhry na \u00farovni 2: 1 k 3513900<\/li>\n<li>Pravdepodobnos\u0165 v\u00fdhry v ktorejko\u013evek \u00farovni: 1 ku 6,16<\/li>\n<li>Po\u010det v\u00fdhern\u00fdch \u00farovn\u00ed: 9<\/li>\n<\/ul>\n<h2>V\u00fdhody n\u00e1kupu tiketov El Gordo online<\/h2>\n<ul>\n<li>Z\u00edskanie po\u017eadovan\u00fdch vstupeniek bez toho, aby ste museli opusti\u0165 domov<\/li>\n<li>Vyberte si z e\u0161te v\u00e4\u010d\u0161ieho po\u010dtu lot\u00e9riov\u00fdch hier<\/li>\n<li>Z\u00edskajte e\u0161te lep\u0161ie \u0161ance na v\u00fdhru v\u00fdberom lot\u00e9riov\u00fdch hier s najlep\u0161\u00edmi jackpotmi<\/li>\n<li>Pridajte si peniaze na svoj \u00fa\u010det a zapla\u0165te za tikety pomocou svojho lot\u00e9riov\u00e9ho zostatku<\/li>\n<li>Jednoducho sledujte svoje tikety<\/li>\n<li>Z\u00edskajte okam\u017eit\u00e9 upozornenie na v\u00fdhern\u00e9 tikety<\/li>\n<li>Nechajte po\u010d\u00edta\u010d vybra\u0165 \u010d\u00edsla tiketov, ktor\u00e9 pou\u017eijete<\/li>\n<\/ul>\n<h2>Je leg\u00e1lne kupova\u0165 tikety El Gordo online?<\/h2>\n<p>Nemus\u00edte sa ob\u00e1va\u0165, \u010di je pre v\u00e1s n\u00e1kup tiketov a n\u00e1kup online alebo tradi\u010dn\u00fdm sp\u00f4sobom na Slovensku leg\u00e1lny. N\u00e1\u0161 syst\u00e9m rob\u00ed v\u0161etko leg\u00e1lne a pod\u013ea predpisov. Nehovoriac o tom, \u017ee dostanete svoju platbu a v\u00fdhru, nech sa deje \u010doko\u013evek. Postar\u00e1me sa o to, aby bola \u010do najr\u00fdchlej\u0161ie preveden\u00e1 na v\u00e1\u0161 \u00fa\u010det.<br \/>\nJedin\u00e9, \u010do mus\u00edte urobi\u0165, je ma\u0165 18 rokov, aby ste mohli pou\u017e\u00edva\u0165 na\u0161u webov\u00fa str\u00e1nku.<\/p>\n<h2>Ako dostanem v\u00fdplatu, ak vyhr\u00e1m v hre El Gordo online?<\/h2>\n<p><img loading=\"lazy\" decoding=\"async\" class=\"alignright wp-image-3585\" src=\"https:\/\/onlinelotto365.com\/wp-content\/uploads\/2020\/11\/online_lottery-106.jpg\" alt=\"hra\u0165 el gordo online Slovensko\" width=\"282\" height=\"169\" \/><br \/>\nVieme, \u017ee dosta\u0165 v\u00fdplatu je pre v\u00e1s nesmierne d\u00f4le\u017eit\u00e9, a preto sme tomuto procesu venovali ve\u013ea \u010dasu a \u00fasilia. Db\u00e1me na to, aby ste dostali v\u0161etky svoje v\u00fdhry bez ak\u00fdchko\u013evek poplatkov alebo prov\u00edzi\u00ed, ktor\u00e9 by sme si zobrali pre seba. Jedin\u00fd pr\u00edpad, ke\u010f n\u00e1m nie\u010do zaplat\u00edte, je, ak si ako sp\u00f4sob platby zvol\u00edte bankov\u00fd prevod. V niektor\u00fdch oblastiach to m\u00f4\u017ee vy\u017eadova\u0165 poplatok od banky za prevod na Slovensko a tento mal\u00fd poplatok prenesieme aj na v\u00e1s.<\/p>\n<h2>V opa\u010dnom pr\u00edpade platba prebieha jedn\u00fdm z dvoch sp\u00f4sobov:<\/h2>\n<p>Ak vyhr\u00e1te menej ako 2500 EUR, automaticky v\u00e1m ich pouk\u00e1\u017eeme priamo na v\u00e1\u0161 \u00fa\u010det, tak\u017ee nemus\u00edte robi\u0165 ni\u010d in\u00e9.<br \/>\nAk vyhr\u00e1te viac ako 2500 \u20ac, budete musie\u0165 po\u010dka\u0165 na e-mail od n\u00e1\u0161ho t\u00edmu podpory, aby ste mohli vyplni\u0165 formul\u00e1r \u017eiadosti. Ten v\u00e1m umo\u017en\u00ed, aby ste si svoju v\u00fdhru nechali previes\u0165 priamo bankov\u00fdm prevodom alebo \u0161ekom, ktor\u00fd v\u00e1m za\u0161leme.<\/p>\n","protected":false},"excerpt":{"rendered":"<p>Ste zvedav\u00ed na n\u00e1kup vstupeniek El Gordo online, pri\u010dom \u017eijete na Slovensku? V tom pr\u00edpade si tento \u010dl\u00e1nok ur\u010dite nenechajte ujs\u0165, preto\u017ee v\u00e1s prevedieme cel\u00fdm procesom, aby ste si mohli zaobstara\u0165 vstupenky bez probl\u00e9mov a bez toho, aby ste museli cestova\u0165 do krajiny, kde sa t\u00e1to hra be\u017ene hr\u00e1. Pozrite si hlavn\u00fa str\u00e1nku lot\u00e9rie, ktor\u00fa [&hellip;]<\/p>\n","protected":false},"author":1,"featured_media":0,"parent":5698,"menu_order":6,"comment_status":"closed","ping_status":"closed","template":"el-gordo-info.php","meta":{"_et_pb_use_builder":"","_et_pb_old_content":"","_et_gb_content_width":"","exclude_from_search":false,"footnotes":""},"class_list":["post-80259","page","type-page","status-publish","hentry"],"yoast_head":"<!-- This site is optimized with the Yoast SEO plugin v23.4 - https:\/\/yoast.com\/wordpress\/plugins\/seo\/ -->\n<title>El Gordo zo Slovenska - ako k\u00fapi\u0165 vstupenky online<\/title>\n<meta name=\"description\" content=\"T\u00e1to \u0161panielska lot\u00e9ria je teraz dostupn\u00e1 zo Slovenska - k\u00fapi\u0165 l\u00edstky online\" \/>\n<meta name=\"robots\" content=\"index, follow, max-snippet:-1, max-image-preview:large, max-video-preview:-1\" \/>\n<link rel=\"canonical\" href=\"https:\/\/onlinelotto365.com\/sk\/kupit-listky\/el-gordo\/\" \/>\n<meta property=\"og:locale\" content=\"sk_SK\" \/>\n<meta property=\"og:type\" content=\"article\" \/>\n<meta property=\"og:title\" content=\"El Gordo zo Slovenska - ako k\u00fapi\u0165 vstupenky online\" \/>\n<meta property=\"og:description\" content=\"T\u00e1to \u0161panielska lot\u00e9ria je teraz dostupn\u00e1 zo Slovenska - k\u00fapi\u0165 l\u00edstky online\" \/>\n<meta property=\"og:url\" content=\"https:\/\/onlinelotto365.com\/sk\/kupit-listky\/el-gordo\/\" \/>\n<meta property=\"og:site_name\" content=\"OnlineLotto365\" \/>\n<meta property=\"og:image\" content=\"https:\/\/redfoxlotto.com\/image?size=8&amp;lottery=el-gordo-primitiva\" \/>\n<meta name=\"twitter:card\" content=\"summary_large_image\" \/>\n<meta name=\"twitter:label1\" content=\"Predpokladan\u00fd \u010das \u010d\u00edtania\" \/>\n\t<meta name=\"twitter:data1\" content=\"4 min\u00faty\" \/>\n<script type=\"application\/ld+json\" class=\"yoast-schema-graph\">{\"@context\":\"https:\/\/schema.org\",\"@graph\":[{\"@type\":\"WebPage\",\"@id\":\"https:\/\/onlinelotto365.com\/sk\/kupit-listky\/el-gordo\/\",\"url\":\"https:\/\/onlinelotto365.com\/sk\/kupit-listky\/el-gordo\/\",\"name\":\"El Gordo zo Slovenska - ako k\u00fapi\u0165 vstupenky online\",\"isPartOf\":{\"@id\":\"https:\/\/onlinelotto365.com\/sk\/#website\"},\"primaryImageOfPage\":{\"@id\":\"https:\/\/onlinelotto365.com\/sk\/kupit-listky\/el-gordo\/#primaryimage\"},\"image\":{\"@id\":\"https:\/\/onlinelotto365.com\/sk\/kupit-listky\/el-gordo\/#primaryimage\"},\"thumbnailUrl\":\"https:\/\/redfoxlotto.com\/image?size=8&amp;lottery=el-gordo-primitiva\",\"datePublished\":\"2022-11-16T06:47:34+00:00\",\"dateModified\":\"2022-11-16T06:47:34+00:00\",\"description\":\"T\u00e1to \u0161panielska lot\u00e9ria je teraz dostupn\u00e1 zo Slovenska - k\u00fapi\u0165 l\u00edstky online\",\"breadcrumb\":{\"@id\":\"https:\/\/onlinelotto365.com\/sk\/kupit-listky\/el-gordo\/#breadcrumb\"},\"inLanguage\":\"sk-SK\",\"potentialAction\":[{\"@type\":\"ReadAction\",\"target\":[\"https:\/\/onlinelotto365.com\/sk\/kupit-listky\/el-gordo\/\"]}]},{\"@type\":\"ImageObject\",\"inLanguage\":\"sk-SK\",\"@id\":\"https:\/\/onlinelotto365.com\/sk\/kupit-listky\/el-gordo\/#primaryimage\",\"url\":\"https:\/\/redfoxlotto.com\/image?size=8&amp;lottery=el-gordo-primitiva\",\"contentUrl\":\"https:\/\/redfoxlotto.com\/image?size=8&amp;lottery=el-gordo-primitiva\"},{\"@type\":\"BreadcrumbList\",\"@id\":\"https:\/\/onlinelotto365.com\/sk\/kupit-listky\/el-gordo\/#breadcrumb\",\"itemListElement\":[{\"@type\":\"ListItem\",\"position\":1,\"name\":\"Home\",\"item\":\"https:\/\/onlinelotto365.com\/sk\/\"},{\"@type\":\"ListItem\",\"position\":2,\"name\":\"Hranie svetov\u00e9ho lota\",\"item\":\"https:\/\/onlinelotto365.com\/sk\/kupit-listky\/\"},{\"@type\":\"ListItem\",\"position\":3,\"name\":\"Ako k\u00fapi\u0165 vstupenky na El Gordo online\"}]},{\"@type\":\"WebSite\",\"@id\":\"https:\/\/onlinelotto365.com\/sk\/#website\",\"url\":\"https:\/\/onlinelotto365.com\/sk\/\",\"name\":\"OnlineLotto365\",\"description\":\"\",\"potentialAction\":[{\"@type\":\"SearchAction\",\"target\":{\"@type\":\"EntryPoint\",\"urlTemplate\":\"https:\/\/onlinelotto365.com\/sk\/?s={search_term_string}\"},\"query-input\":{\"@type\":\"PropertyValueSpecification\",\"valueRequired\":true,\"valueName\":\"search_term_string\"}}],\"inLanguage\":\"sk-SK\"}]}<\/script>\n<!-- \/ Yoast SEO plugin. -->","yoast_head_json":{"title":"El Gordo zo Slovenska - ako k\u00fapi\u0165 vstupenky online","description":"T\u00e1to \u0161panielska lot\u00e9ria je teraz dostupn\u00e1 zo Slovenska - k\u00fapi\u0165 l\u00edstky online","robots":{"index":"index","follow":"follow","max-snippet":"max-snippet:-1","max-image-preview":"max-image-preview:large","max-video-preview":"max-video-preview:-1"},"canonical":"https:\/\/onlinelotto365.com\/sk\/kupit-listky\/el-gordo\/","og_locale":"sk_SK","og_type":"article","og_title":"El Gordo zo Slovenska - ako k\u00fapi\u0165 vstupenky online","og_description":"T\u00e1to \u0161panielska lot\u00e9ria je teraz dostupn\u00e1 zo Slovenska - k\u00fapi\u0165 l\u00edstky online","og_url":"https:\/\/onlinelotto365.com\/sk\/kupit-listky\/el-gordo\/","og_site_name":"OnlineLotto365","og_image":[{"url":"https:\/\/redfoxlotto.com\/image?size=8&amp;lottery=el-gordo-primitiva"}],"twitter_card":"summary_large_image","twitter_misc":{"Predpokladan\u00fd \u010das \u010d\u00edtania":"4 min\u00faty"},"schema":{"@context":"https:\/\/schema.org","@graph":[{"@type":"WebPage","@id":"https:\/\/onlinelotto365.com\/sk\/kupit-listky\/el-gordo\/","url":"https:\/\/onlinelotto365.com\/sk\/kupit-listky\/el-gordo\/","name":"El Gordo zo Slovenska - ako k\u00fapi\u0165 vstupenky online","isPartOf":{"@id":"https:\/\/onlinelotto365.com\/sk\/#website"},"primaryImageOfPage":{"@id":"https:\/\/onlinelotto365.com\/sk\/kupit-listky\/el-gordo\/#primaryimage"},"image":{"@id":"https:\/\/onlinelotto365.com\/sk\/kupit-listky\/el-gordo\/#primaryimage"},"thumbnailUrl":"https:\/\/redfoxlotto.com\/image?size=8&amp;lottery=el-gordo-primitiva","datePublished":"2022-11-16T06:47:34+00:00","dateModified":"2022-11-16T06:47:34+00:00","description":"T\u00e1to \u0161panielska lot\u00e9ria je teraz dostupn\u00e1 zo Slovenska - k\u00fapi\u0165 l\u00edstky online","breadcrumb":{"@id":"https:\/\/onlinelotto365.com\/sk\/kupit-listky\/el-gordo\/#breadcrumb"},"inLanguage":"sk-SK","potentialAction":[{"@type":"ReadAction","target":["https:\/\/onlinelotto365.com\/sk\/kupit-listky\/el-gordo\/"]}]},{"@type":"ImageObject","inLanguage":"sk-SK","@id":"https:\/\/onlinelotto365.com\/sk\/kupit-listky\/el-gordo\/#primaryimage","url":"https:\/\/redfoxlotto.com\/image?size=8&amp;lottery=el-gordo-primitiva","contentUrl":"https:\/\/redfoxlotto.com\/image?size=8&amp;lottery=el-gordo-primitiva"},{"@type":"BreadcrumbList","@id":"https:\/\/onlinelotto365.com\/sk\/kupit-listky\/el-gordo\/#breadcrumb","itemListElement":[{"@type":"ListItem","position":1,"name":"Home","item":"https:\/\/onlinelotto365.com\/sk\/"},{"@type":"ListItem","position":2,"name":"Hranie svetov\u00e9ho lota","item":"https:\/\/onlinelotto365.com\/sk\/kupit-listky\/"},{"@type":"ListItem","position":3,"name":"Ako k\u00fapi\u0165 vstupenky na El Gordo online"}]},{"@type":"WebSite","@id":"https:\/\/onlinelotto365.com\/sk\/#website","url":"https:\/\/onlinelotto365.com\/sk\/","name":"OnlineLotto365","description":"","potentialAction":[{"@type":"SearchAction","target":{"@type":"EntryPoint","urlTemplate":"https:\/\/onlinelotto365.com\/sk\/?s={search_term_string}"},"query-input":{"@type":"PropertyValueSpecification","valueRequired":true,"valueName":"search_term_string"}}],"inLanguage":"sk-SK"}]}},"_links":{"self":[{"href":"https:\/\/onlinelotto365.com\/sk\/wp-json\/wp\/v2\/pages\/80259","targetHints":{"allow":["GET"]}}],"collection":[{"href":"https:\/\/onlinelotto365.com\/sk\/wp-json\/wp\/v2\/pages"}],"about":[{"href":"https:\/\/onlinelotto365.com\/sk\/wp-json\/wp\/v2\/types\/page"}],"author":[{"embeddable":true,"href":"https:\/\/onlinelotto365.com\/sk\/wp-json\/wp\/v2\/users\/1"}],"replies":[{"embeddable":true,"href":"https:\/\/onlinelotto365.com\/sk\/wp-json\/wp\/v2\/comments?post=80259"}],"version-history":[{"count":0,"href":"https:\/\/onlinelotto365.com\/sk\/wp-json\/wp\/v2\/pages\/80259\/revisions"}],"up":[{"embeddable":true,"href":"https:\/\/onlinelotto365.com\/sk\/wp-json\/wp\/v2\/pages\/5698"}],"wp:attachment":[{"href":"https:\/\/onlinelotto365.com\/sk\/wp-json\/wp\/v2\/media?parent=80259"}],"curies":[{"name":"wp","href":"https:\/\/api.w.org\/{rel}","templated":true}]}}