{"id":80291,"date":"2022-11-16T10:26:09","date_gmt":"2022-11-16T09:26:09","guid":{"rendered":"https:\/\/onlinelotto365.com\/?page_id=80291"},"modified":"2022-11-16T10:26:09","modified_gmt":"2022-11-16T09:26:09","slug":"la-primitiva","status":"publish","type":"page","link":"https:\/\/onlinelotto365.com\/sk\/kupit-listky\/la-primitiva\/","title":{"rendered":"Ako k\u00fapi\u0165 vstupenky na La Primitiva online"},"content":{"rendered":"<p>Ak si chcete k\u00fapi\u0165 vstupenky na La Primitiva online, ale st\u00e1le si nie ste \u00faplne ist\u00ed, ako to urobi\u0165, potom sa uistite, \u017ee sa pozer\u00e1te na tento postup. Je to ove\u013ea jednoduch\u0161ie, ako si mo\u017eno mysl\u00edte pre Slovensko<br \/>\nlotto fan\u00fa\u0161ikov a na \u017erebovanie m\u00f4\u017eete \u010daka\u0165 r\u00fdchlej\u0161ie, ako si mysl\u00edte.<br \/>\n<a href=\"https:\/\/redfoxlotto.com\/play\/la-primitiva\/?ref=a8564250a2&amp;medium=ol365\" target=\"_blank\" rel=\"noopener noreferrer\"><img decoding=\"async\" class=\"aligncenter\" src=\"https:\/\/redfoxlotto.com\/image?size=8&amp;lottery=la-primitiva\" alt=\" la primitiva\" \/><\/a><\/p>\n<ul>\n<li>Vyberte si lot\u00e9riov\u00fa hru, ktor\u00fa chcete hra\u0165, a vyberte si \u010d\u00edsla pre jednotliv\u00e9 tikety. Alebo nechajte po\u010d\u00edta\u010d, aby vybral \u010d\u00edsla va\u0161ich tiketov za v\u00e1s.<\/li>\n<li>Do objedn\u00e1vky si m\u00f4\u017eete prida\u0165 \u013eubovo\u013en\u00fd po\u010det r\u00f4znych tiketov a lot\u00e9riov\u00fdch hier, k\u00fdm sa priprav\u00edte na odbavenie<\/li>\n<li>Vyberte mo\u017enos\u0165 zaplati\u0165 teraz<\/li>\n<li>Zaregistrujte si nov\u00e9 konto, ak ste u n\u00e1s e\u0161te nikdy nenakupovali, alebo sa prihl\u00e1ste, ak ste u\u017e existuj\u00facim z\u00e1kazn\u00edkom<\/li>\n<li>Dokon\u010dite proces registr\u00e1cie kliknut\u00edm na overovac\u00ed odkaz, ktor\u00fd v\u00e1m bude zaslan\u00fd na va\u0161u e-mailov\u00fa adresu<\/li>\n<li>Skontrolujte, \u010di v prie\u010dinku doru\u010denej po\u0161ty aj v prie\u010dinku nevy\u017eiadanej po\u0161ty n\u00e1jdete potvrdzuj\u00faci e-mail<\/li>\n<li>Prejdite do n\u00e1kupn\u00e9ho ko\u0161\u00edka na webovej str\u00e1nke<\/li>\n<li>Pod\u013ea pokynov vyberte mo\u017enos\u0165 platby a zapla\u0165te za vstupenky<\/li>\n<\/ul>\n<h2>Ako zaplati\u0165 za vstupenku na festival La Primitiva online<\/h2>\n<p>M\u00f4\u017eete si vybra\u0165 z nieko\u013ek\u00fdch r\u00f4znych mo\u017enost\u00ed platby, ktor\u00e9 s\u00fa pre na\u0161ich pou\u017e\u00edvate\u013eov vysoko bezpe\u010dn\u00e9. Umo\u017en\u00edme v\u00e1m vybra\u0165 si mo\u017enos\u0165, ktor\u00e1 v\u00e1m najviac vyhovuje.<br \/>\nVyberte si jednu z dvoch mo\u017enost\u00ed a za\u010dnite:<\/p>\n<p>Uskuto\u010dnite platbu priamo kreditnou kartou, bankov\u00fdm \u00fa\u010dtom alebo in\u00fdm sp\u00f4sobom platby<br \/>\nPridajte si peniaze na svoj \u00fa\u010det a pou\u017eite ich na n\u00e1kup vstupeniek zo svojho hr\u00e1\u010dskeho \u00fa\u010dtu<\/p>\n<p>T\u00ed, ktor\u00ed si na hr\u00e1\u010dsky \u00fa\u010det pridaj\u00fa peniaze na n\u00e1kup, bud\u00fa musie\u0165 vlo\u017ei\u0165 viac pe\u0148az\u00ed, ne\u017e je potrebn\u00e9 na n\u00e1kup, ktor\u00fd sa rozhodn\u00fa uskuto\u010dni\u0165.<\/p>\n<h2>Viac inform\u00e1ci\u00ed o La Primitiva<\/h2>\n<ul>\n<li>\u0160panielsko<\/li>\n<li>Rozsah hlavn\u00fdch \u010d\u00edsel: 49<\/li>\n<li>Vyberiete si: 6<\/li>\n<li>Rozsah dodato\u010dn\u00fdch \u010d\u00edsel:<\/li>\n<li>Vyber\u00e1te: 1<\/li>\n<li>Dni, hodiny \u017erebovania: \u0160tvrtok, sobota, 21:30 CET, 21:30 CET<\/li>\n<li>Minim\u00e1lny jackpot: 2 mili\u00f3ny EUR<\/li>\n<li>Maxim\u00e1lny jackpot: \u017eiadny<\/li>\n<li>Pravdepodobnos\u0165 v\u00fdhry jackpotu: 1 ku 15537573<\/li>\n<li>Pravdepodobnos\u0165 v\u00fdhry na \u00farovni 2: 1 k 542008<\/li>\n<li>Pravdepodobnos\u0165 v\u00fdhry v ktorejko\u013evek \u00farovni: 1 ku 8,43<\/li>\n<li>Po\u010det v\u00fdhern\u00fdch \u00farovn\u00ed: 9<\/li>\n<\/ul>\n<h2>V\u00fdhody n\u00e1kupu tiketov La Primitiva online<\/h2>\n<ul>\n<li>Vyberte si svoje vstupenky bez toho, aby ste museli opusti\u0165 domov<\/li>\n<li>Vyberte si z e\u0161te v\u00e4\u010d\u0161ieho po\u010dtu mo\u017enost\u00ed lot\u00e9rie<\/li>\n<li>Pozrite sa na r\u00f4zne jackpoty a zistite, kde m\u00f4\u017eete vyhra\u0165 najviac<\/li>\n<li>Vlo\u017ete si peniaze na \u00fa\u010det a zapla\u0165te za tikety<\/li>\n<li>\u017diadne obavy zo straty tiketov<\/li>\n<li>Ak vyhr\u00e1te, dostanete ozn\u00e1menie<\/li>\n<li>M\u00f4\u017eete si vybra\u0165 n\u00e1hodne vygenerovan\u00fd tiket<\/li>\n<\/ul>\n<h2>Je leg\u00e1lne kupova\u0165 tikety La Primitiva online?<\/h2>\n<p>Niektor\u00ed \u013eudia sa ob\u00e1vaj\u00fa, \u010di je n\u00e1kup lot\u00e9riov\u00fdch tiketov online povolen\u00fd v krajine ich bydliska. Alebo dokonca, \u010di si m\u00f4\u017eu k\u00fapi\u0165 tikety tradi\u010dn\u00fdm sp\u00f4sobom. Nemus\u00edte sa v\u0161ak ob\u00e1va\u0165, \u010di je leg\u00e1lne pou\u017e\u00edva\u0165 n\u00e1\u0161 syst\u00e9m, preto\u017ee sa star\u00e1me o predpisy pre oblas\u0165, kde sa lot\u00e9ria kon\u00e1. Takto z\u00edskate svoju v\u00fdhru bez oh\u013eadu na to, \u010do sa deje a ko\u013eko ste vyhrali.<br \/>\nAby ste mohli vyu\u017e\u00edva\u0165 na\u0161e slu\u017eby, mus\u00edte ma\u0165 len minim\u00e1lne 18 rokov.<\/p>\n<h2>Ako dostanem v\u00fdplatu, ak vyhr\u00e1m La Primitiva online?<\/h2>\n<p><img loading=\"lazy\" decoding=\"async\" class=\"alignright wp-image-3535\" src=\"https:\/\/onlinelotto365.com\/wp-content\/uploads\/2020\/11\/online_lottery-141-296x300.jpg\" alt=\"la primitiva online\" width=\"164\" height=\"166\" srcset=\"https:\/\/onlinelotto365.com\/wp-content\/uploads\/2020\/11\/online_lottery-141-296x300.jpg 296w, https:\/\/onlinelotto365.com\/wp-content\/uploads\/2020\/11\/online_lottery-141-100x100.jpg 100w, https:\/\/onlinelotto365.com\/wp-content\/uploads\/2020\/11\/online_lottery-141.jpg 491w\" sizes=\"auto, (max-width: 164px) 100vw, 164px\" \/><br \/>\nKe\u010f ide o z\u00edskanie v\u00fdplaty, vieme, ak\u00e9 je to pre v\u00e1s d\u00f4le\u017eit\u00e9. Preto sme proces vypl\u00e1cania \u010do najviac zjednodu\u0161ili. A to v\u0161etko rob\u00edme bez toho, aby sme v\u00e1m \u00fa\u010dtovali ak\u00e9ko\u013evek poplatky alebo prov\u00edzie. Teda aspo\u0148 pokia\u013e si nezvol\u00edte, \u017ee si chcete necha\u0165 posla\u0165 platbu bankov\u00fdm prevodom. V takom pr\u00edpade n\u00e1m va\u0161a banka m\u00f4\u017ee \u00fa\u010dtova\u0165 poplatok. Ak sa tak stane, tento poplatok prenesieme na v\u00e1s.<br \/>\nV\u0161etko, \u010do mus\u00edte urobi\u0165, je vedie\u0165, \u010do sa stane, ke\u010f vyhr\u00e1te:<\/p>\n<ul>\n<li>Ak vyhr\u00e1te menej ako 2500 EUR, nemus\u00edte robi\u0165 ni\u010d, preto\u017ee sa o v\u0161etko postar\u00e1me za v\u00e1s. Postar\u00e1me sa o to, aby ste v\u0161etky svoje peniaze dostali priamo na svoj hr\u00e1\u010dsky \u00fa\u010det<\/li>\n<li>Ak vyhr\u00e1te viac ako 2500 \u20ac, svoje peniaze si budete m\u00f4c\u0165 necha\u0165 posla\u0165 \u0161ekom alebo bankov\u00fdm prevodom. V tomto pr\u00edpade mus\u00edte vyplni\u0165 formul\u00e1r \u017eiadosti, ktor\u00fd v\u00e1m za\u0161le n\u00e1\u0161 t\u00edm podpory, a potom v\u00e1m pom\u00f4\u017eeme s ostatn\u00fdmi z\u00e1le\u017eitos\u0165ami<\/li>\n<\/ul>\n","protected":false},"excerpt":{"rendered":"<p>Ak si chcete k\u00fapi\u0165 vstupenky na La Primitiva online, ale st\u00e1le si nie ste \u00faplne ist\u00ed, ako to urobi\u0165, potom sa uistite, \u017ee sa pozer\u00e1te na tento postup. Je to ove\u013ea jednoduch\u0161ie, ako si mo\u017eno mysl\u00edte pre Slovensko lotto fan\u00fa\u0161ikov a na \u017erebovanie m\u00f4\u017eete \u010daka\u0165 r\u00fdchlej\u0161ie, ako si mysl\u00edte. Vyberte si lot\u00e9riov\u00fa hru, ktor\u00fa chcete [&hellip;]<\/p>\n","protected":false},"author":1,"featured_media":0,"parent":5698,"menu_order":7,"comment_status":"closed","ping_status":"closed","template":"la-primitiva-info.php","meta":{"_et_pb_use_builder":"","_et_pb_old_content":"","_et_gb_content_width":"","exclude_from_search":false,"footnotes":""},"class_list":["post-80291","page","type-page","status-publish","hentry"],"yoast_head":"<!-- This site is optimized with the Yoast SEO plugin v23.4 - https:\/\/yoast.com\/wordpress\/plugins\/seo\/ -->\n<title>Online slu\u017eba pre vstupenky La Primitiva | La Primitiva zo Slovenska<\/title>\n<meta name=\"description\" content=\"Zistite, ako si m\u00f4\u017eete k\u00fapi\u0165 vstupenky na \u0161panielsku lot\u00e9riu La Primitiva zo Slovenska\" \/>\n<meta name=\"robots\" content=\"index, follow, max-snippet:-1, max-image-preview:large, max-video-preview:-1\" \/>\n<link rel=\"canonical\" href=\"https:\/\/onlinelotto365.com\/sk\/kupit-listky\/la-primitiva\/\" \/>\n<meta property=\"og:locale\" content=\"sk_SK\" \/>\n<meta property=\"og:type\" content=\"article\" \/>\n<meta property=\"og:title\" content=\"Online slu\u017eba pre vstupenky La Primitiva | La Primitiva zo Slovenska\" \/>\n<meta property=\"og:description\" content=\"Zistite, ako si m\u00f4\u017eete k\u00fapi\u0165 vstupenky na \u0161panielsku lot\u00e9riu La Primitiva zo Slovenska\" \/>\n<meta property=\"og:url\" content=\"https:\/\/onlinelotto365.com\/sk\/kupit-listky\/la-primitiva\/\" \/>\n<meta property=\"og:site_name\" content=\"OnlineLotto365\" \/>\n<meta property=\"og:image\" content=\"https:\/\/redfoxlotto.com\/image?size=8&amp;lottery=la-primitiva\" \/>\n<meta name=\"twitter:card\" content=\"summary_large_image\" \/>\n<meta name=\"twitter:label1\" content=\"Predpokladan\u00fd \u010das \u010d\u00edtania\" \/>\n\t<meta name=\"twitter:data1\" content=\"4 min\u00faty\" \/>\n<script type=\"application\/ld+json\" class=\"yoast-schema-graph\">{\"@context\":\"https:\/\/schema.org\",\"@graph\":[{\"@type\":\"WebPage\",\"@id\":\"https:\/\/onlinelotto365.com\/sk\/kupit-listky\/la-primitiva\/\",\"url\":\"https:\/\/onlinelotto365.com\/sk\/kupit-listky\/la-primitiva\/\",\"name\":\"Online slu\u017eba pre vstupenky La Primitiva | La Primitiva zo Slovenska\",\"isPartOf\":{\"@id\":\"https:\/\/onlinelotto365.com\/sk\/#website\"},\"primaryImageOfPage\":{\"@id\":\"https:\/\/onlinelotto365.com\/sk\/kupit-listky\/la-primitiva\/#primaryimage\"},\"image\":{\"@id\":\"https:\/\/onlinelotto365.com\/sk\/kupit-listky\/la-primitiva\/#primaryimage\"},\"thumbnailUrl\":\"https:\/\/redfoxlotto.com\/image?size=8&amp;lottery=la-primitiva\",\"datePublished\":\"2022-11-16T09:26:09+00:00\",\"dateModified\":\"2022-11-16T09:26:09+00:00\",\"description\":\"Zistite, ako si m\u00f4\u017eete k\u00fapi\u0165 vstupenky na \u0161panielsku lot\u00e9riu La Primitiva zo Slovenska\",\"breadcrumb\":{\"@id\":\"https:\/\/onlinelotto365.com\/sk\/kupit-listky\/la-primitiva\/#breadcrumb\"},\"inLanguage\":\"sk-SK\",\"potentialAction\":[{\"@type\":\"ReadAction\",\"target\":[\"https:\/\/onlinelotto365.com\/sk\/kupit-listky\/la-primitiva\/\"]}]},{\"@type\":\"ImageObject\",\"inLanguage\":\"sk-SK\",\"@id\":\"https:\/\/onlinelotto365.com\/sk\/kupit-listky\/la-primitiva\/#primaryimage\",\"url\":\"https:\/\/redfoxlotto.com\/image?size=8&amp;lottery=la-primitiva\",\"contentUrl\":\"https:\/\/redfoxlotto.com\/image?size=8&amp;lottery=la-primitiva\"},{\"@type\":\"BreadcrumbList\",\"@id\":\"https:\/\/onlinelotto365.com\/sk\/kupit-listky\/la-primitiva\/#breadcrumb\",\"itemListElement\":[{\"@type\":\"ListItem\",\"position\":1,\"name\":\"Home\",\"item\":\"https:\/\/onlinelotto365.com\/sk\/\"},{\"@type\":\"ListItem\",\"position\":2,\"name\":\"Hranie svetov\u00e9ho lota\",\"item\":\"https:\/\/onlinelotto365.com\/sk\/kupit-listky\/\"},{\"@type\":\"ListItem\",\"position\":3,\"name\":\"Ako k\u00fapi\u0165 vstupenky na La Primitiva online\"}]},{\"@type\":\"WebSite\",\"@id\":\"https:\/\/onlinelotto365.com\/sk\/#website\",\"url\":\"https:\/\/onlinelotto365.com\/sk\/\",\"name\":\"OnlineLotto365\",\"description\":\"\",\"potentialAction\":[{\"@type\":\"SearchAction\",\"target\":{\"@type\":\"EntryPoint\",\"urlTemplate\":\"https:\/\/onlinelotto365.com\/sk\/?s={search_term_string}\"},\"query-input\":{\"@type\":\"PropertyValueSpecification\",\"valueRequired\":true,\"valueName\":\"search_term_string\"}}],\"inLanguage\":\"sk-SK\"}]}<\/script>\n<!-- \/ Yoast SEO plugin. -->","yoast_head_json":{"title":"Online slu\u017eba pre vstupenky La Primitiva | La Primitiva zo Slovenska","description":"Zistite, ako si m\u00f4\u017eete k\u00fapi\u0165 vstupenky na \u0161panielsku lot\u00e9riu La Primitiva zo Slovenska","robots":{"index":"index","follow":"follow","max-snippet":"max-snippet:-1","max-image-preview":"max-image-preview:large","max-video-preview":"max-video-preview:-1"},"canonical":"https:\/\/onlinelotto365.com\/sk\/kupit-listky\/la-primitiva\/","og_locale":"sk_SK","og_type":"article","og_title":"Online slu\u017eba pre vstupenky La Primitiva | La Primitiva zo Slovenska","og_description":"Zistite, ako si m\u00f4\u017eete k\u00fapi\u0165 vstupenky na \u0161panielsku lot\u00e9riu La Primitiva zo Slovenska","og_url":"https:\/\/onlinelotto365.com\/sk\/kupit-listky\/la-primitiva\/","og_site_name":"OnlineLotto365","og_image":[{"url":"https:\/\/redfoxlotto.com\/image?size=8&amp;lottery=la-primitiva"}],"twitter_card":"summary_large_image","twitter_misc":{"Predpokladan\u00fd \u010das \u010d\u00edtania":"4 min\u00faty"},"schema":{"@context":"https:\/\/schema.org","@graph":[{"@type":"WebPage","@id":"https:\/\/onlinelotto365.com\/sk\/kupit-listky\/la-primitiva\/","url":"https:\/\/onlinelotto365.com\/sk\/kupit-listky\/la-primitiva\/","name":"Online slu\u017eba pre vstupenky La Primitiva | La Primitiva zo Slovenska","isPartOf":{"@id":"https:\/\/onlinelotto365.com\/sk\/#website"},"primaryImageOfPage":{"@id":"https:\/\/onlinelotto365.com\/sk\/kupit-listky\/la-primitiva\/#primaryimage"},"image":{"@id":"https:\/\/onlinelotto365.com\/sk\/kupit-listky\/la-primitiva\/#primaryimage"},"thumbnailUrl":"https:\/\/redfoxlotto.com\/image?size=8&amp;lottery=la-primitiva","datePublished":"2022-11-16T09:26:09+00:00","dateModified":"2022-11-16T09:26:09+00:00","description":"Zistite, ako si m\u00f4\u017eete k\u00fapi\u0165 vstupenky na \u0161panielsku lot\u00e9riu La Primitiva zo Slovenska","breadcrumb":{"@id":"https:\/\/onlinelotto365.com\/sk\/kupit-listky\/la-primitiva\/#breadcrumb"},"inLanguage":"sk-SK","potentialAction":[{"@type":"ReadAction","target":["https:\/\/onlinelotto365.com\/sk\/kupit-listky\/la-primitiva\/"]}]},{"@type":"ImageObject","inLanguage":"sk-SK","@id":"https:\/\/onlinelotto365.com\/sk\/kupit-listky\/la-primitiva\/#primaryimage","url":"https:\/\/redfoxlotto.com\/image?size=8&amp;lottery=la-primitiva","contentUrl":"https:\/\/redfoxlotto.com\/image?size=8&amp;lottery=la-primitiva"},{"@type":"BreadcrumbList","@id":"https:\/\/onlinelotto365.com\/sk\/kupit-listky\/la-primitiva\/#breadcrumb","itemListElement":[{"@type":"ListItem","position":1,"name":"Home","item":"https:\/\/onlinelotto365.com\/sk\/"},{"@type":"ListItem","position":2,"name":"Hranie svetov\u00e9ho lota","item":"https:\/\/onlinelotto365.com\/sk\/kupit-listky\/"},{"@type":"ListItem","position":3,"name":"Ako k\u00fapi\u0165 vstupenky na La Primitiva online"}]},{"@type":"WebSite","@id":"https:\/\/onlinelotto365.com\/sk\/#website","url":"https:\/\/onlinelotto365.com\/sk\/","name":"OnlineLotto365","description":"","potentialAction":[{"@type":"SearchAction","target":{"@type":"EntryPoint","urlTemplate":"https:\/\/onlinelotto365.com\/sk\/?s={search_term_string}"},"query-input":{"@type":"PropertyValueSpecification","valueRequired":true,"valueName":"search_term_string"}}],"inLanguage":"sk-SK"}]}},"_links":{"self":[{"href":"https:\/\/onlinelotto365.com\/sk\/wp-json\/wp\/v2\/pages\/80291","targetHints":{"allow":["GET"]}}],"collection":[{"href":"https:\/\/onlinelotto365.com\/sk\/wp-json\/wp\/v2\/pages"}],"about":[{"href":"https:\/\/onlinelotto365.com\/sk\/wp-json\/wp\/v2\/types\/page"}],"author":[{"embeddable":true,"href":"https:\/\/onlinelotto365.com\/sk\/wp-json\/wp\/v2\/users\/1"}],"replies":[{"embeddable":true,"href":"https:\/\/onlinelotto365.com\/sk\/wp-json\/wp\/v2\/comments?post=80291"}],"version-history":[{"count":0,"href":"https:\/\/onlinelotto365.com\/sk\/wp-json\/wp\/v2\/pages\/80291\/revisions"}],"up":[{"embeddable":true,"href":"https:\/\/onlinelotto365.com\/sk\/wp-json\/wp\/v2\/pages\/5698"}],"wp:attachment":[{"href":"https:\/\/onlinelotto365.com\/sk\/wp-json\/wp\/v2\/media?parent=80291"}],"curies":[{"name":"wp","href":"https:\/\/api.w.org\/{rel}","templated":true}]}}