{"id":80323,"date":"2022-11-16T12:53:07","date_gmt":"2022-11-16T11:53:07","guid":{"rendered":"https:\/\/onlinelotto365.com\/?page_id=80323"},"modified":"2022-11-16T12:53:07","modified_gmt":"2022-11-16T11:53:07","slug":"bonoloto","status":"publish","type":"page","link":"https:\/\/onlinelotto365.com\/sk\/kupit-listky\/bonoloto\/","title":{"rendered":"Ako k\u00fapi\u0165 vstupenky na BonoLoto online"},"content":{"rendered":"<p>Ak \u017eijete na Slovensku a chcete vedie\u0165, ako hra\u0165 BonoLoto online a ako z\u00edska\u0165 vstupenky, ste na spr\u00e1vnom mieste. S cel\u00fdm procesom v\u00e1m pom\u00f4\u017eeme a bude to ove\u013ea jednoduch\u0161ie, ako si mo\u017eno mysl\u00edte. V\u0161etko, \u010do mus\u00edte urobi\u0165, je postupova\u0165 pod\u013ea krokov, ktor\u00e9 sme uviedli ni\u017e\u0161ie.<br \/>\n<a href=\"https:\/\/redfoxlotto.com\/play\/bonoloto\/?ref=a8564250a2&amp;medium=ol365\" target=\"_blank\" rel=\"noopener noreferrer\"><img decoding=\"async\" class=\"aligncenter\" src=\"https:\/\/redfoxlotto.com\/image?size=8&amp;lottery=bonoloto\" alt=\"BonoLoto\" \/><\/a><\/p>\n<ul>\n<li>Prejdite na str\u00e1nku lotto hry, ktor\u00fa chcete hra\u0165, napr\u00edklad BonoLoto. Potom si vyberte v\u0161etky tikety, ktor\u00e9 chcete, vr\u00e1tane \u010d\u00edsel, ktor\u00e9 chcete hra\u0165.<\/li>\n<li>K objedn\u00e1vke prid\u00e1vajte \u010fal\u0161ie tikety pre hru BonoLoto alebo pre in\u00e9 hry, k\u00fdm nebudete pripraven\u00ed na poklad\u0148u.<\/li>\n<li>Vyberte tla\u010didlo a zapla\u0165te teraz<\/li>\n<li>Prihl\u00e1ste sa do svojho \u00fa\u010dtu alebo vyberte mo\u017enos\u0165 vytvori\u0165 \u00faplne nov\u00fd \u00fa\u010det a prejdite procesom registr\u00e1cie.<\/li>\n<li>Ak si vytv\u00e1rate nov\u00fd \u00fa\u010det, budete musie\u0165 \u00eds\u0165 do svojho e-mailu, aby ste z\u00edskali overovac\u00ed odkaz, ktor\u00fd v\u00e1m umo\u017en\u00ed dokon\u010di\u0165 proces.<\/li>\n<li>Ak odkaz nedostanete, uistite sa, \u017ee ste skontrolovali prie\u010dinok so spamom, \u010di sa nezobraz\u00ed v \u0148om namiesto v be\u017enej schr\u00e1nke.<\/li>\n<li>Prejdite na pokladni\u010dn\u00fa str\u00e1nku na webovej lokalite a spustite proces platby.<\/li>\n<li>Vyberte si sp\u00f4sob platby a dokon\u010dite platbu.<\/li>\n<\/ul>\n<h2>Ako zaplati\u0165 za vstupenku na BonoLoto online<\/h2>\n<p>K dispoz\u00edcii budete ma\u0165 mno\u017estvo r\u00f4znych platobn\u00fdch met\u00f3d, ktor\u00e9 m\u00f4\u017eete pou\u017ei\u0165 na n\u00e1kup vstupeniek BonoLoto a \u010fal\u0161\u00edch.<br \/>\nNa za\u010diatok si vyberte jednu z t\u00fdchto dvoch v\u0161eobecn\u00fdch mo\u017enost\u00ed, ako z\u00edska\u0165 vstupenky:<\/p>\n<ul>\n<li>Uskuto\u010dnite platbu za svoju objedn\u00e1vku priamo pomocou kreditnej karty alebo finan\u010dn\u00e9ho \u00fa\u010dtu<\/li>\n<li>Vlo\u017ete peniaze na svoj hr\u00e1\u010dsky \u00fa\u010det na na\u0161ej webovej str\u00e1nke a pou\u017eite svoj hr\u00e1\u010dsky \u00fa\u010det na n\u00e1kup<\/li>\n<\/ul>\n<p>T\u00ed, ktor\u00ed sa rozhodn\u00fa vlo\u017ei\u0165 peniaze na svoj hr\u00e1\u010dsky \u00fa\u010det, sa uistite, \u017ee ste na\u0148 pridali viac pe\u0148az\u00ed, ako potrebujete na aktu\u00e1lnu objedn\u00e1vku, aby sme ju mohli spracova\u0165.<\/p>\n<h2>Viac inform\u00e1ci\u00ed o BonoLoto<\/h2>\n<ul>\n<li>\u0160panielsko<\/li>\n<li>Rozsah hlavn\u00fdch \u010d\u00edsel: 49<\/li>\n<li>Vyberiete si: 6<\/li>\n<li>Dni a hodiny \u017erebovania: denne okrem nedele, 21:30 SE\u010c, 21:30 SE\u010c<\/li>\n<li>Minim\u00e1lny jackpot: 400 000<\/li>\n<li>Maxim\u00e1lny jackpot: \u017eiadny<\/li>\n<li>Pravdepodobnos\u0165 v\u00fdhry jackpotu: 1 ku 13983816<\/li>\n<li>Pravdepodobnos\u0165 v\u00fdhry na \u00farovni 2: 1 z 2330636<\/li>\n<li>Pravdepodobnos\u0165 v\u00fdhry v ktorejko\u013evek \u00farovni: 1 ku 8,43<\/li>\n<li>Po\u010det v\u00fdhern\u00fdch \u00farovn\u00ed: 6<\/li>\n<\/ul>\n<h2>V\u00fdhody n\u00e1kupu tiketov BonoLoto online<\/h2>\n<ul>\n<li>Zosta\u0148te doma a st\u00e1le z\u00edskajte po\u017eadovan\u00e9 vstupenky zo Slovenska alebo z ktorejko\u013evek krajiny<\/li>\n<li>Vyberte si zo \u0161irokej ponuky r\u00f4znych lot\u00e9riov\u00fdch hier z cel\u00e9ho sveta<\/li>\n<li>V\u00fdberom najlep\u0161\u00edch jackpotov z\u00edskate lep\u0161ie \u0161ance na v\u00fdhru ve\u013ek\u00fdch cien<\/li>\n<li>Vlo\u017ete si na \u00fa\u010det peniaze na zaplatenie tiketov<\/li>\n<li>U\u017e sa nemus\u00edte ob\u00e1va\u0165, \u017ee by ste niekedy stratili tiket<\/li>\n<li>Nikdy nezme\u0161kajte v\u00fdhru v\u010faka okam\u017eit\u00fdm upozorneniam<\/li>\n<li>Pou\u017eite gener\u00e1tor n\u00e1hodn\u00fdch \u010d\u00edsel, ktor\u00fd vyberie \u010d\u00edsla za v\u00e1s<\/li>\n<\/ul>\n<h2>Je leg\u00e1lne kupova\u0165 tikety BonoLoto online?<\/h2>\n<p>Ak neviete, ak\u00e9 s\u00fa z\u00e1kony t\u00fdkaj\u00face sa online lota v krajine v\u00e1\u0161ho bydliska, m\u00f4\u017eete ma\u0165 z hrania tohto typu hry trochu obavy. M\u00f4\u017eete v\u0161ak absol\u00fatne d\u00f4verova\u0165 na\u0161ej slu\u017ebe, ktor\u00e1 v\u00e1m pom\u00f4\u017ee. Db\u00e1me na to, aby boli dodr\u017ean\u00e9 v\u0161etky predpisy pre krajinu, z ktorej lotto poch\u00e1dza.<\/p>\n<p>V\u010faka tomu sa v pr\u00edpade v\u00fdhry akejko\u013evek ceny, vr\u00e1tane jackpotu, nemus\u00edte ob\u00e1va\u0165, \u017ee si ju budete m\u00f4c\u0165 n\u00e1rokova\u0165. M\u00e1te z\u00e1ruku, \u017ee z\u00edskate v\u00fdhru, ktor\u00fa ste si zasl\u00fa\u017eili.<br \/>\nJedin\u00fdm pravidlom je, \u017ee na to, aby ste mohli hra\u0165, mus\u00edte ma\u0165 minim\u00e1lne 18 rokov.<\/p>\n<h2>Ako dostanem v\u00fdplatu, ak vyhr\u00e1m v online hre BonoLoto?<\/h2>\n<p><img loading=\"lazy\" decoding=\"async\" class=\"alignright wp-image-3675\" src=\"https:\/\/onlinelotto365.com\/wp-content\/uploads\/2020\/11\/online_lottery-117-300x217.jpg\" alt=\"k\u00fapi\u0165 vstupenky na bonoloto online\" width=\"195\" height=\"141\" srcset=\"https:\/\/onlinelotto365.com\/wp-content\/uploads\/2020\/11\/online_lottery-117-300x217.jpg 300w, https:\/\/onlinelotto365.com\/wp-content\/uploads\/2020\/11\/online_lottery-117.jpg 320w\" sizes=\"auto, (max-width: 195px) 100vw, 195px\" \/><br \/>\nV\u00fdplaty s\u00fa d\u00f4le\u017eit\u00e9 a chcete ma\u0165 istotu, \u017ee dostanete v\u0161etky peniaze, na ktor\u00e9 m\u00e1te n\u00e1rok. U n\u00e1s to nie je probl\u00e9m, preto\u017ee v\u00e1m ne\u00fa\u010dtujeme prov\u00edziu zo \u017eiadnej z va\u0161ich v\u00fdhier. V\u0161etky ich dostanete priamo na svoj \u00fa\u010det.<\/p>\n<p>Jedin\u00fd pr\u00edpad, ke\u010f si dokonca \u00fa\u010dtujeme poplatky, je, ak sa rozhodnete necha\u0165 si peniaze previes\u0165 do svojej banky. Ak si va\u0161a banka za tento prevod \u00fa\u010dtuje poplatok, potom tento poplatok prenesieme na v\u00e1\u0161 \u00fa\u010det.<br \/>\nKe\u010f v\u0161ak m\u00e1te n\u00e1rok na platbu, stane sa jedna z dvoch vec\u00ed:<\/p>\n<ul>\n<li>Ak vyhr\u00e1te menej ako 2500 EUR, peniaze dostanete na svoj \u00fa\u010det prakticky okam\u017eite, tak\u017ee si s nimi m\u00f4\u017eete robi\u0165, \u010do chcete.<\/li>\n<li>Ak vyhr\u00e1te viac ako 2500 \u20ac, potom v\u00e1m bude vyhran\u00e1 suma zaslan\u00e1 bu\u010f bankov\u00fdm prevodom, alebo \u0161ekom. Pri vyp\u013a\u0148an\u00ed formul\u00e1ra \u017eiadosti, ktor\u00fd v\u00e1m po\u0161le n\u00e1\u0161 person\u00e1l, si m\u00f4\u017eete vybra\u0165, \u010domu d\u00e1te prednos\u0165. Takto dostanete svoje peniaze u\u017e do nieko\u013ek\u00fdch dn\u00ed.<\/li>\n<\/ul>\n","protected":false},"excerpt":{"rendered":"<p>Ak \u017eijete na Slovensku a chcete vedie\u0165, ako hra\u0165 BonoLoto online a ako z\u00edska\u0165 vstupenky, ste na spr\u00e1vnom mieste. S cel\u00fdm procesom v\u00e1m pom\u00f4\u017eeme a bude to ove\u013ea jednoduch\u0161ie, ako si mo\u017eno mysl\u00edte. V\u0161etko, \u010do mus\u00edte urobi\u0165, je postupova\u0165 pod\u013ea krokov, ktor\u00e9 sme uviedli ni\u017e\u0161ie. Prejdite na str\u00e1nku lotto hry, ktor\u00fa chcete hra\u0165, napr\u00edklad BonoLoto. [&hellip;]<\/p>\n","protected":false},"author":1,"featured_media":0,"parent":5698,"menu_order":8,"comment_status":"closed","ping_status":"closed","template":"template-rightsidebar.php","meta":{"_et_pb_use_builder":"","_et_pb_old_content":"","_et_gb_content_width":"","exclude_from_search":false,"footnotes":""},"class_list":["post-80323","page","type-page","status-publish","hentry"],"yoast_head":"<!-- This site is optimized with the Yoast SEO plugin v23.4 - https:\/\/yoast.com\/wordpress\/plugins\/seo\/ -->\n<title>Vstupenky BonoLoto online | Ako k\u00fapi\u0165 vstupenky zo Slovenska<\/title>\n<meta name=\"description\" content=\"Na\u0161a webov\u00e1 str\u00e1nka umo\u017e\u0148uje k\u00fapi\u0165 vstupenky na Bonoloto online a leg\u00e1lne\" \/>\n<meta name=\"robots\" content=\"index, follow, max-snippet:-1, max-image-preview:large, max-video-preview:-1\" \/>\n<link rel=\"canonical\" href=\"https:\/\/onlinelotto365.com\/sk\/kupit-listky\/bonoloto\/\" \/>\n<meta property=\"og:locale\" content=\"sk_SK\" \/>\n<meta property=\"og:type\" content=\"article\" \/>\n<meta property=\"og:title\" content=\"Vstupenky BonoLoto online | Ako k\u00fapi\u0165 vstupenky zo Slovenska\" \/>\n<meta property=\"og:description\" content=\"Na\u0161a webov\u00e1 str\u00e1nka umo\u017e\u0148uje k\u00fapi\u0165 vstupenky na Bonoloto online a leg\u00e1lne\" \/>\n<meta property=\"og:url\" content=\"https:\/\/onlinelotto365.com\/sk\/kupit-listky\/bonoloto\/\" \/>\n<meta property=\"og:site_name\" content=\"OnlineLotto365\" \/>\n<meta property=\"og:image\" content=\"https:\/\/redfoxlotto.com\/image?size=8&amp;lottery=bonoloto\" \/>\n<meta name=\"twitter:card\" content=\"summary_large_image\" \/>\n<meta name=\"twitter:label1\" content=\"Predpokladan\u00fd \u010das \u010d\u00edtania\" \/>\n\t<meta name=\"twitter:data1\" content=\"4 min\u00faty\" \/>\n<script type=\"application\/ld+json\" class=\"yoast-schema-graph\">{\"@context\":\"https:\/\/schema.org\",\"@graph\":[{\"@type\":\"WebPage\",\"@id\":\"https:\/\/onlinelotto365.com\/sk\/kupit-listky\/bonoloto\/\",\"url\":\"https:\/\/onlinelotto365.com\/sk\/kupit-listky\/bonoloto\/\",\"name\":\"Vstupenky BonoLoto online | Ako k\u00fapi\u0165 vstupenky zo Slovenska\",\"isPartOf\":{\"@id\":\"https:\/\/onlinelotto365.com\/sk\/#website\"},\"primaryImageOfPage\":{\"@id\":\"https:\/\/onlinelotto365.com\/sk\/kupit-listky\/bonoloto\/#primaryimage\"},\"image\":{\"@id\":\"https:\/\/onlinelotto365.com\/sk\/kupit-listky\/bonoloto\/#primaryimage\"},\"thumbnailUrl\":\"https:\/\/redfoxlotto.com\/image?size=8&amp;lottery=bonoloto\",\"datePublished\":\"2022-11-16T11:53:07+00:00\",\"dateModified\":\"2022-11-16T11:53:07+00:00\",\"description\":\"Na\u0161a webov\u00e1 str\u00e1nka umo\u017e\u0148uje k\u00fapi\u0165 vstupenky na Bonoloto online a leg\u00e1lne\",\"breadcrumb\":{\"@id\":\"https:\/\/onlinelotto365.com\/sk\/kupit-listky\/bonoloto\/#breadcrumb\"},\"inLanguage\":\"sk-SK\",\"potentialAction\":[{\"@type\":\"ReadAction\",\"target\":[\"https:\/\/onlinelotto365.com\/sk\/kupit-listky\/bonoloto\/\"]}]},{\"@type\":\"ImageObject\",\"inLanguage\":\"sk-SK\",\"@id\":\"https:\/\/onlinelotto365.com\/sk\/kupit-listky\/bonoloto\/#primaryimage\",\"url\":\"https:\/\/redfoxlotto.com\/image?size=8&amp;lottery=bonoloto\",\"contentUrl\":\"https:\/\/redfoxlotto.com\/image?size=8&amp;lottery=bonoloto\"},{\"@type\":\"BreadcrumbList\",\"@id\":\"https:\/\/onlinelotto365.com\/sk\/kupit-listky\/bonoloto\/#breadcrumb\",\"itemListElement\":[{\"@type\":\"ListItem\",\"position\":1,\"name\":\"Home\",\"item\":\"https:\/\/onlinelotto365.com\/sk\/\"},{\"@type\":\"ListItem\",\"position\":2,\"name\":\"Hranie svetov\u00e9ho lota\",\"item\":\"https:\/\/onlinelotto365.com\/sk\/kupit-listky\/\"},{\"@type\":\"ListItem\",\"position\":3,\"name\":\"Ako k\u00fapi\u0165 vstupenky na BonoLoto online\"}]},{\"@type\":\"WebSite\",\"@id\":\"https:\/\/onlinelotto365.com\/sk\/#website\",\"url\":\"https:\/\/onlinelotto365.com\/sk\/\",\"name\":\"OnlineLotto365\",\"description\":\"\",\"potentialAction\":[{\"@type\":\"SearchAction\",\"target\":{\"@type\":\"EntryPoint\",\"urlTemplate\":\"https:\/\/onlinelotto365.com\/sk\/?s={search_term_string}\"},\"query-input\":{\"@type\":\"PropertyValueSpecification\",\"valueRequired\":true,\"valueName\":\"search_term_string\"}}],\"inLanguage\":\"sk-SK\"}]}<\/script>\n<!-- \/ Yoast SEO plugin. -->","yoast_head_json":{"title":"Vstupenky BonoLoto online | Ako k\u00fapi\u0165 vstupenky zo Slovenska","description":"Na\u0161a webov\u00e1 str\u00e1nka umo\u017e\u0148uje k\u00fapi\u0165 vstupenky na Bonoloto online a leg\u00e1lne","robots":{"index":"index","follow":"follow","max-snippet":"max-snippet:-1","max-image-preview":"max-image-preview:large","max-video-preview":"max-video-preview:-1"},"canonical":"https:\/\/onlinelotto365.com\/sk\/kupit-listky\/bonoloto\/","og_locale":"sk_SK","og_type":"article","og_title":"Vstupenky BonoLoto online | Ako k\u00fapi\u0165 vstupenky zo Slovenska","og_description":"Na\u0161a webov\u00e1 str\u00e1nka umo\u017e\u0148uje k\u00fapi\u0165 vstupenky na Bonoloto online a leg\u00e1lne","og_url":"https:\/\/onlinelotto365.com\/sk\/kupit-listky\/bonoloto\/","og_site_name":"OnlineLotto365","og_image":[{"url":"https:\/\/redfoxlotto.com\/image?size=8&amp;lottery=bonoloto"}],"twitter_card":"summary_large_image","twitter_misc":{"Predpokladan\u00fd \u010das \u010d\u00edtania":"4 min\u00faty"},"schema":{"@context":"https:\/\/schema.org","@graph":[{"@type":"WebPage","@id":"https:\/\/onlinelotto365.com\/sk\/kupit-listky\/bonoloto\/","url":"https:\/\/onlinelotto365.com\/sk\/kupit-listky\/bonoloto\/","name":"Vstupenky BonoLoto online | Ako k\u00fapi\u0165 vstupenky zo Slovenska","isPartOf":{"@id":"https:\/\/onlinelotto365.com\/sk\/#website"},"primaryImageOfPage":{"@id":"https:\/\/onlinelotto365.com\/sk\/kupit-listky\/bonoloto\/#primaryimage"},"image":{"@id":"https:\/\/onlinelotto365.com\/sk\/kupit-listky\/bonoloto\/#primaryimage"},"thumbnailUrl":"https:\/\/redfoxlotto.com\/image?size=8&amp;lottery=bonoloto","datePublished":"2022-11-16T11:53:07+00:00","dateModified":"2022-11-16T11:53:07+00:00","description":"Na\u0161a webov\u00e1 str\u00e1nka umo\u017e\u0148uje k\u00fapi\u0165 vstupenky na Bonoloto online a leg\u00e1lne","breadcrumb":{"@id":"https:\/\/onlinelotto365.com\/sk\/kupit-listky\/bonoloto\/#breadcrumb"},"inLanguage":"sk-SK","potentialAction":[{"@type":"ReadAction","target":["https:\/\/onlinelotto365.com\/sk\/kupit-listky\/bonoloto\/"]}]},{"@type":"ImageObject","inLanguage":"sk-SK","@id":"https:\/\/onlinelotto365.com\/sk\/kupit-listky\/bonoloto\/#primaryimage","url":"https:\/\/redfoxlotto.com\/image?size=8&amp;lottery=bonoloto","contentUrl":"https:\/\/redfoxlotto.com\/image?size=8&amp;lottery=bonoloto"},{"@type":"BreadcrumbList","@id":"https:\/\/onlinelotto365.com\/sk\/kupit-listky\/bonoloto\/#breadcrumb","itemListElement":[{"@type":"ListItem","position":1,"name":"Home","item":"https:\/\/onlinelotto365.com\/sk\/"},{"@type":"ListItem","position":2,"name":"Hranie svetov\u00e9ho lota","item":"https:\/\/onlinelotto365.com\/sk\/kupit-listky\/"},{"@type":"ListItem","position":3,"name":"Ako k\u00fapi\u0165 vstupenky na BonoLoto online"}]},{"@type":"WebSite","@id":"https:\/\/onlinelotto365.com\/sk\/#website","url":"https:\/\/onlinelotto365.com\/sk\/","name":"OnlineLotto365","description":"","potentialAction":[{"@type":"SearchAction","target":{"@type":"EntryPoint","urlTemplate":"https:\/\/onlinelotto365.com\/sk\/?s={search_term_string}"},"query-input":{"@type":"PropertyValueSpecification","valueRequired":true,"valueName":"search_term_string"}}],"inLanguage":"sk-SK"}]}},"_links":{"self":[{"href":"https:\/\/onlinelotto365.com\/sk\/wp-json\/wp\/v2\/pages\/80323","targetHints":{"allow":["GET"]}}],"collection":[{"href":"https:\/\/onlinelotto365.com\/sk\/wp-json\/wp\/v2\/pages"}],"about":[{"href":"https:\/\/onlinelotto365.com\/sk\/wp-json\/wp\/v2\/types\/page"}],"author":[{"embeddable":true,"href":"https:\/\/onlinelotto365.com\/sk\/wp-json\/wp\/v2\/users\/1"}],"replies":[{"embeddable":true,"href":"https:\/\/onlinelotto365.com\/sk\/wp-json\/wp\/v2\/comments?post=80323"}],"version-history":[{"count":0,"href":"https:\/\/onlinelotto365.com\/sk\/wp-json\/wp\/v2\/pages\/80323\/revisions"}],"up":[{"embeddable":true,"href":"https:\/\/onlinelotto365.com\/sk\/wp-json\/wp\/v2\/pages\/5698"}],"wp:attachment":[{"href":"https:\/\/onlinelotto365.com\/sk\/wp-json\/wp\/v2\/media?parent=80323"}],"curies":[{"name":"wp","href":"https:\/\/api.w.org\/{rel}","templated":true}]}}