{"id":80361,"date":"2022-11-17T08:23:16","date_gmt":"2022-11-17T07:23:16","guid":{"rendered":"https:\/\/onlinelotto365.com\/?page_id=80361"},"modified":"2022-11-17T08:23:16","modified_gmt":"2022-11-17T07:23:16","slug":"uk-lottery","status":"publish","type":"page","link":"https:\/\/onlinelotto365.com\/sk\/kupit-listky\/uk-lottery\/","title":{"rendered":"Ako k\u00fapi\u0165 UK lot\u00e9rie vstupenky online"},"content":{"rendered":"<p>Ak si chcete k\u00fapi\u0165 \u017ereby UK Lottery na Slovensku, nemus\u00edte sa ob\u00e1va\u0165, preto\u017ee cel\u00fd proces sme pre v\u00e1s pripravili r\u00fdchlo a jednoducho. Sta\u010d\u00ed, ak sa pozriete na jednoduch\u00e9 kroky uveden\u00e9 ni\u017e\u0161ie, a budete pripraven\u00ed v priebehu chv\u00ed\u013eky.<br \/>\n<a href=\"https:\/\/redfoxlotto.com\/play\/lotto-uk\/?ref=a8564250a2&amp;medium=ol365\" target=\"_blank\" rel=\"noopener noreferrer\"><img decoding=\"async\" class=\"aligncenter\" src=\"https:\/\/redfoxlotto.com\/image?size=8&amp;lottery=lotto-uk\" alt=\"uk lot\u00e9rie\" \/><\/a><\/p>\n<ul>\n<li>Dosta\u0148te sa na spr\u00e1vnu str\u00e1nku lot\u00e9rie, ktor\u00fa chcete hra\u0165, ako napr\u00edklad Loteria UK. A potom si vyberte \u010d\u00edsla, ktor\u00e9 chcete pre svoj tiket.<\/li>\n<li>Vyberte si v\u0161etky \u010fal\u0161ie tikety, ktor\u00e9 chcete pre t\u00fato alebo in\u00e9 lot\u00e9riov\u00e9 hry, ktor\u00e9 sa chyst\u00e1te hra\u0165.<\/li>\n<li>Vyberte si mo\u017enos\u0165 platby za svoje tikety<\/li>\n<li>Prejdite procesom registr\u00e1cie \u00fa\u010dtu, ak ste nov\u00fd pou\u017e\u00edvate\u013e, alebo sa prihl\u00e1ste do svojho \u00fa\u010dtu, ak ste u\u017e existuj\u00facim pou\u017e\u00edvate\u013eom<\/li>\n<li>T\u00ed, ktor\u00ed sa e\u0161te musia zaregistrova\u0165, dostan\u00fa do nieko\u013ek\u00fdch min\u00fat overovac\u00ed e-mail do svojej doru\u010denej po\u0161ty alebo do prie\u010dinka so spamom<\/li>\n<li>Ak ste e-mail nedostali do nieko\u013ek\u00fdch min\u00fat, skontrolujte prie\u010dinok so spamom, aby ste s istotou zistili, \u010di ste ho dostali<\/li>\n<li>Vr\u00e1\u0165te sa na webov\u00fa str\u00e1nku a vyberte n\u00e1kupn\u00fd ko\u0161\u00edk, aby ste mohli zaplati\u0165 za vstupenky<\/li>\n<li>Vyberte si sp\u00f4sob platby a prejdite cez platobn\u00e9 pokyny<\/li>\n<\/ul>\n<h2>Ako zaplati\u0165 za svoj tiket UK Lottery online<\/h2>\n<p>Pre na\u0161ich z\u00e1kazn\u00edkov zo Slovenska a in\u00fdch kraj\u00edn pon\u00fakame nieko\u013eko r\u00f4znych \u00faplne bezpe\u010dn\u00fdch sp\u00f4sobov platby. M\u00f4\u017eete si tak vybra\u0165 sp\u00f4sob, ktor\u00fd v\u00e1m najviac vyhovuje.<br \/>\nVyberte si z dvoch r\u00f4znych mo\u017enost\u00ed celkovej platby:<\/p>\n<p>Zapla\u0165te za ka\u017ed\u00fa objedn\u00e1vku pomocou preferovanej platby pod\u013ea vlastn\u00e9ho v\u00fdberu<br \/>\nVlo\u017ete peniaze na svoj \u00fa\u010det a pou\u017eite ich na n\u00e1kup vstupeniek, ktor\u00e9 chcete<\/p>\n<p>Ak sa rozhodnete prida\u0165 peniaze priamo na svoj \u00fa\u010det, uistite sa, \u017ee ste vlo\u017eili viac, ako je suma, ktor\u00fa potrebujete na vstupenky.<\/p>\n<h2>Viac inform\u00e1ci\u00ed o UK Lottery<\/h2>\n<ul>\n<li>Krajina: UK Lottery<\/li>\n<li>Rozsah hlavn\u00fdch \u010d\u00edsel: 59<\/li>\n<li>Vyberiete si: 6<\/li>\n<li>Rozsah dodato\u010dn\u00fdch \u010d\u00edsel:<\/li>\n<li>Vyberiete si:<\/li>\n<li>\u0164ahajte dni, hodiny: Streda, sobota, , 19:30 UTC, 19:30 CET<\/li>\n<li>Minim\u00e1lny jackpot: GBP.<\/li>\n<li>Maxim\u00e1lny jackpot: GBP.<\/li>\n<li>Pravdepodobnos\u0165 v\u00fdhry jackpotu: 1 ku 45057474<\/li>\n<li>Pravdepodobnos\u0165 v\u00fdhry \u00farovne 2: 1 k 7509579<\/li>\n<li>Pravdepodobnos\u0165 v\u00fdhry v ktorejko\u013evek \u00farovni: 1 k 9,27<\/li>\n<li>Po\u010det v\u00fdhern\u00fdch \u00farovn\u00ed: 6<\/li>\n<\/ul>\n<h2>V\u00fdhody n\u00e1kupu britsk\u00fdch lot\u00e9riov\u00fdch tiketov online<\/h2>\n<ul>\n<li>Z\u00edskajte po\u017eadovan\u00e9 tikety bez toho, aby ste museli opusti\u0165 domov<\/li>\n<li>Vyberte si zo \u0161irokej ponuky r\u00f4znych lot\u00e9riov\u00fdch hier<\/li>\n<li>Z\u00edskajte najlep\u0161ie \u0161ance na ve\u013ek\u00fd jackpot v\u00fdberom z r\u00f4znych hier<\/li>\n<li>Pridajte peniaze priamo na svoj platobn\u00fd \u00fa\u010det a zapla\u0165te za tikety<\/li>\n<li>\u017diadne obavy zo straty tiketov<\/li>\n<li>Upozornenia na v\u00fdhry zasielan\u00e9 priamo v\u00e1m<\/li>\n<li>Jednoduch\u00e9 mo\u017enosti v\u00fdberu, ak si nechcete vybera\u0165 vlastn\u00e9 \u010d\u00edsla<\/li>\n<\/ul>\n<h2>Je leg\u00e1lne kupova\u0165 tikety UK Lottery online?<\/h2>\n<p>Neexistuj\u00fa \u017eiadne obavy o leg\u00e1lnos\u0165 n\u00e1kupu tiketov UK Lottery online zo Slovenska alebo tradi\u010dnej\u0161\u00edm sp\u00f4sobom. M\u00f4\u017eete si by\u0165 ist\u00ed, \u017ee bez oh\u013eadu na v\u0161etko z\u00edskate svoje tikety a nebudete sa musie\u0165 ob\u00e1va\u0165 ani o jackpot.<\/p>\n<p>Postar\u00e1me sa o to, aby ste peniaze dostali bez toho, aby ste sa museli stara\u0165 o to, \u010di je slu\u017eba leg\u00e1lna pod\u013ea krajiny v\u00e1\u0161ho bydliska. Len sa uistite, \u017ee ste star\u0161\u00ed ako 18 rokov, aby ste si u n\u00e1s mohli k\u00fapi\u0165 tikety<\/p>\n<h2>Ako dostanem peniaze, ak vyhr\u00e1m v lot\u00e9rii UK online?<\/h2>\n<p><img loading=\"lazy\" decoding=\"async\" class=\"alignright size-medium wp-image-3655\" src=\"https:\/\/onlinelotto365.com\/wp-content\/uploads\/2020\/11\/online_lottery-59-300x182.jpg\" alt=\"hra\u0165 UK lot\u00e9riu online\" width=\"300\" height=\"182\" srcset=\"https:\/\/onlinelotto365.com\/wp-content\/uploads\/2020\/11\/online_lottery-59-300x182.jpg 300w, https:\/\/onlinelotto365.com\/wp-content\/uploads\/2020\/11\/online_lottery-59.jpg 320w\" sizes=\"auto, (max-width: 300px) 100vw, 300px\" \/><br \/>\nVieme, \u017ee z\u00edskanie v\u00fdplaty je pre v\u00e1s jednou z najd\u00f4le\u017eitej\u0161\u00edch \u010dast\u00ed, a preto chceme zabezpe\u010di\u0165, aby bol proces platby \u010do najjednoduch\u0161\u00ed. Z va\u0161ich v\u00fdhier si tie\u017e neberieme \u017eiadnu prov\u00edziu, tak\u017ee dostanete ka\u017ed\u00fd k\u00fasok z toho, \u010do ste vyhrali. Jedin\u00fd pr\u00edpad, ke\u010f si \u00fa\u010dtujeme poplatky, je, ak po\u017eiadate o bankov\u00fd prevod a banka n\u00e1m na\u00fa\u010dtuje poplatok. T\u00e1to suma m\u00f4\u017ee by\u0165 prenesen\u00e1 na v\u00e1s.<br \/>\nV opa\u010dnom pr\u00edpade sa sta\u010d\u00ed pozrie\u0165 na to, \u010do sa deje v pr\u00edpade va\u0161ich platieb tu:<\/p>\n<ul>\n<li>Platby ni\u017e\u0161ie ako 2500 EUR bud\u00fa automaticky vyplaten\u00e9 na v\u00e1\u0161 \u00fa\u010det. Nemus\u00edte robi\u0165 ni\u010d<\/li>\n<li>Platby nad 2500 \u20ac si bud\u00fa vy\u017eadova\u0165 formul\u00e1r \u017eiadosti, ktor\u00fd m\u00f4\u017eete predlo\u017ei\u0165 lot\u00e9riovej komisii. Ten v\u00e1m za\u0161le n\u00e1\u0161 t\u00edm podpory a umo\u017en\u00ed v\u00e1m vybra\u0165 si, \u010di chcete peniaze posla\u0165 \u0161ekom alebo bankov\u00fdm prevodom<\/li>\n<\/ul>\n","protected":false},"excerpt":{"rendered":"<p>Ak si chcete k\u00fapi\u0165 \u017ereby UK Lottery na Slovensku, nemus\u00edte sa ob\u00e1va\u0165, preto\u017ee cel\u00fd proces sme pre v\u00e1s pripravili r\u00fdchlo a jednoducho. Sta\u010d\u00ed, ak sa pozriete na jednoduch\u00e9 kroky uveden\u00e9 ni\u017e\u0161ie, a budete pripraven\u00ed v priebehu chv\u00ed\u013eky. Dosta\u0148te sa na spr\u00e1vnu str\u00e1nku lot\u00e9rie, ktor\u00fa chcete hra\u0165, ako napr\u00edklad Loteria UK. A potom si vyberte \u010d\u00edsla, [&hellip;]<\/p>\n","protected":false},"author":1,"featured_media":0,"parent":5698,"menu_order":9,"comment_status":"closed","ping_status":"closed","template":"lotto-uk-info.php","meta":{"_et_pb_use_builder":"","_et_pb_old_content":"","_et_gb_content_width":"","exclude_from_search":false,"footnotes":""},"class_list":["post-80361","page","type-page","status-publish","hentry"],"yoast_head":"<!-- This site is optimized with the Yoast SEO plugin v23.4 - https:\/\/yoast.com\/wordpress\/plugins\/seo\/ -->\n<title>K\u00fapte si tikety UK Lottery online zo Slovenska | UK Lottery info, ako k\u00fapi\u0165 tikety<\/title>\n<meta name=\"description\" content=\"Umo\u017e\u0148ujeme hr\u00e1\u010dom lotto zo Slovenska k\u00fapi\u0165 si tikety pre UK Lottery\" \/>\n<meta name=\"robots\" content=\"index, follow, max-snippet:-1, max-image-preview:large, max-video-preview:-1\" \/>\n<link rel=\"canonical\" href=\"https:\/\/onlinelotto365.com\/sk\/kupit-listky\/uk-lottery\/\" \/>\n<meta property=\"og:locale\" content=\"sk_SK\" \/>\n<meta property=\"og:type\" content=\"article\" \/>\n<meta property=\"og:title\" content=\"K\u00fapte si tikety UK Lottery online zo Slovenska | UK Lottery info, ako k\u00fapi\u0165 tikety\" \/>\n<meta property=\"og:description\" content=\"Umo\u017e\u0148ujeme hr\u00e1\u010dom lotto zo Slovenska k\u00fapi\u0165 si tikety pre UK Lottery\" \/>\n<meta property=\"og:url\" content=\"https:\/\/onlinelotto365.com\/sk\/kupit-listky\/uk-lottery\/\" \/>\n<meta property=\"og:site_name\" content=\"OnlineLotto365\" \/>\n<meta property=\"og:image\" content=\"https:\/\/redfoxlotto.com\/image?size=8&amp;lottery=lotto-uk\" \/>\n<meta name=\"twitter:card\" content=\"summary_large_image\" \/>\n<meta name=\"twitter:label1\" content=\"Predpokladan\u00fd \u010das \u010d\u00edtania\" \/>\n\t<meta name=\"twitter:data1\" content=\"4 min\u00faty\" \/>\n<script type=\"application\/ld+json\" class=\"yoast-schema-graph\">{\"@context\":\"https:\/\/schema.org\",\"@graph\":[{\"@type\":\"WebPage\",\"@id\":\"https:\/\/onlinelotto365.com\/sk\/kupit-listky\/uk-lottery\/\",\"url\":\"https:\/\/onlinelotto365.com\/sk\/kupit-listky\/uk-lottery\/\",\"name\":\"K\u00fapte si tikety UK Lottery online zo Slovenska | UK Lottery info, ako k\u00fapi\u0165 tikety\",\"isPartOf\":{\"@id\":\"https:\/\/onlinelotto365.com\/sk\/#website\"},\"primaryImageOfPage\":{\"@id\":\"https:\/\/onlinelotto365.com\/sk\/kupit-listky\/uk-lottery\/#primaryimage\"},\"image\":{\"@id\":\"https:\/\/onlinelotto365.com\/sk\/kupit-listky\/uk-lottery\/#primaryimage\"},\"thumbnailUrl\":\"https:\/\/redfoxlotto.com\/image?size=8&amp;lottery=lotto-uk\",\"datePublished\":\"2022-11-17T07:23:16+00:00\",\"dateModified\":\"2022-11-17T07:23:16+00:00\",\"description\":\"Umo\u017e\u0148ujeme hr\u00e1\u010dom lotto zo Slovenska k\u00fapi\u0165 si tikety pre UK Lottery\",\"breadcrumb\":{\"@id\":\"https:\/\/onlinelotto365.com\/sk\/kupit-listky\/uk-lottery\/#breadcrumb\"},\"inLanguage\":\"sk-SK\",\"potentialAction\":[{\"@type\":\"ReadAction\",\"target\":[\"https:\/\/onlinelotto365.com\/sk\/kupit-listky\/uk-lottery\/\"]}]},{\"@type\":\"ImageObject\",\"inLanguage\":\"sk-SK\",\"@id\":\"https:\/\/onlinelotto365.com\/sk\/kupit-listky\/uk-lottery\/#primaryimage\",\"url\":\"https:\/\/redfoxlotto.com\/image?size=8&amp;lottery=lotto-uk\",\"contentUrl\":\"https:\/\/redfoxlotto.com\/image?size=8&amp;lottery=lotto-uk\"},{\"@type\":\"BreadcrumbList\",\"@id\":\"https:\/\/onlinelotto365.com\/sk\/kupit-listky\/uk-lottery\/#breadcrumb\",\"itemListElement\":[{\"@type\":\"ListItem\",\"position\":1,\"name\":\"Home\",\"item\":\"https:\/\/onlinelotto365.com\/sk\/\"},{\"@type\":\"ListItem\",\"position\":2,\"name\":\"Hranie svetov\u00e9ho lota\",\"item\":\"https:\/\/onlinelotto365.com\/sk\/kupit-listky\/\"},{\"@type\":\"ListItem\",\"position\":3,\"name\":\"Ako k\u00fapi\u0165 UK lot\u00e9rie vstupenky online\"}]},{\"@type\":\"WebSite\",\"@id\":\"https:\/\/onlinelotto365.com\/sk\/#website\",\"url\":\"https:\/\/onlinelotto365.com\/sk\/\",\"name\":\"OnlineLotto365\",\"description\":\"\",\"potentialAction\":[{\"@type\":\"SearchAction\",\"target\":{\"@type\":\"EntryPoint\",\"urlTemplate\":\"https:\/\/onlinelotto365.com\/sk\/?s={search_term_string}\"},\"query-input\":{\"@type\":\"PropertyValueSpecification\",\"valueRequired\":true,\"valueName\":\"search_term_string\"}}],\"inLanguage\":\"sk-SK\"}]}<\/script>\n<!-- \/ Yoast SEO plugin. -->","yoast_head_json":{"title":"K\u00fapte si tikety UK Lottery online zo Slovenska | UK Lottery info, ako k\u00fapi\u0165 tikety","description":"Umo\u017e\u0148ujeme hr\u00e1\u010dom lotto zo Slovenska k\u00fapi\u0165 si tikety pre UK Lottery","robots":{"index":"index","follow":"follow","max-snippet":"max-snippet:-1","max-image-preview":"max-image-preview:large","max-video-preview":"max-video-preview:-1"},"canonical":"https:\/\/onlinelotto365.com\/sk\/kupit-listky\/uk-lottery\/","og_locale":"sk_SK","og_type":"article","og_title":"K\u00fapte si tikety UK Lottery online zo Slovenska | UK Lottery info, ako k\u00fapi\u0165 tikety","og_description":"Umo\u017e\u0148ujeme hr\u00e1\u010dom lotto zo Slovenska k\u00fapi\u0165 si tikety pre UK Lottery","og_url":"https:\/\/onlinelotto365.com\/sk\/kupit-listky\/uk-lottery\/","og_site_name":"OnlineLotto365","og_image":[{"url":"https:\/\/redfoxlotto.com\/image?size=8&amp;lottery=lotto-uk"}],"twitter_card":"summary_large_image","twitter_misc":{"Predpokladan\u00fd \u010das \u010d\u00edtania":"4 min\u00faty"},"schema":{"@context":"https:\/\/schema.org","@graph":[{"@type":"WebPage","@id":"https:\/\/onlinelotto365.com\/sk\/kupit-listky\/uk-lottery\/","url":"https:\/\/onlinelotto365.com\/sk\/kupit-listky\/uk-lottery\/","name":"K\u00fapte si tikety UK Lottery online zo Slovenska | UK Lottery info, ako k\u00fapi\u0165 tikety","isPartOf":{"@id":"https:\/\/onlinelotto365.com\/sk\/#website"},"primaryImageOfPage":{"@id":"https:\/\/onlinelotto365.com\/sk\/kupit-listky\/uk-lottery\/#primaryimage"},"image":{"@id":"https:\/\/onlinelotto365.com\/sk\/kupit-listky\/uk-lottery\/#primaryimage"},"thumbnailUrl":"https:\/\/redfoxlotto.com\/image?size=8&amp;lottery=lotto-uk","datePublished":"2022-11-17T07:23:16+00:00","dateModified":"2022-11-17T07:23:16+00:00","description":"Umo\u017e\u0148ujeme hr\u00e1\u010dom lotto zo Slovenska k\u00fapi\u0165 si tikety pre UK Lottery","breadcrumb":{"@id":"https:\/\/onlinelotto365.com\/sk\/kupit-listky\/uk-lottery\/#breadcrumb"},"inLanguage":"sk-SK","potentialAction":[{"@type":"ReadAction","target":["https:\/\/onlinelotto365.com\/sk\/kupit-listky\/uk-lottery\/"]}]},{"@type":"ImageObject","inLanguage":"sk-SK","@id":"https:\/\/onlinelotto365.com\/sk\/kupit-listky\/uk-lottery\/#primaryimage","url":"https:\/\/redfoxlotto.com\/image?size=8&amp;lottery=lotto-uk","contentUrl":"https:\/\/redfoxlotto.com\/image?size=8&amp;lottery=lotto-uk"},{"@type":"BreadcrumbList","@id":"https:\/\/onlinelotto365.com\/sk\/kupit-listky\/uk-lottery\/#breadcrumb","itemListElement":[{"@type":"ListItem","position":1,"name":"Home","item":"https:\/\/onlinelotto365.com\/sk\/"},{"@type":"ListItem","position":2,"name":"Hranie svetov\u00e9ho lota","item":"https:\/\/onlinelotto365.com\/sk\/kupit-listky\/"},{"@type":"ListItem","position":3,"name":"Ako k\u00fapi\u0165 UK lot\u00e9rie vstupenky online"}]},{"@type":"WebSite","@id":"https:\/\/onlinelotto365.com\/sk\/#website","url":"https:\/\/onlinelotto365.com\/sk\/","name":"OnlineLotto365","description":"","potentialAction":[{"@type":"SearchAction","target":{"@type":"EntryPoint","urlTemplate":"https:\/\/onlinelotto365.com\/sk\/?s={search_term_string}"},"query-input":{"@type":"PropertyValueSpecification","valueRequired":true,"valueName":"search_term_string"}}],"inLanguage":"sk-SK"}]}},"_links":{"self":[{"href":"https:\/\/onlinelotto365.com\/sk\/wp-json\/wp\/v2\/pages\/80361","targetHints":{"allow":["GET"]}}],"collection":[{"href":"https:\/\/onlinelotto365.com\/sk\/wp-json\/wp\/v2\/pages"}],"about":[{"href":"https:\/\/onlinelotto365.com\/sk\/wp-json\/wp\/v2\/types\/page"}],"author":[{"embeddable":true,"href":"https:\/\/onlinelotto365.com\/sk\/wp-json\/wp\/v2\/users\/1"}],"replies":[{"embeddable":true,"href":"https:\/\/onlinelotto365.com\/sk\/wp-json\/wp\/v2\/comments?post=80361"}],"version-history":[{"count":0,"href":"https:\/\/onlinelotto365.com\/sk\/wp-json\/wp\/v2\/pages\/80361\/revisions"}],"up":[{"embeddable":true,"href":"https:\/\/onlinelotto365.com\/sk\/wp-json\/wp\/v2\/pages\/5698"}],"wp:attachment":[{"href":"https:\/\/onlinelotto365.com\/sk\/wp-json\/wp\/v2\/media?parent=80361"}],"curies":[{"name":"wp","href":"https:\/\/api.w.org\/{rel}","templated":true}]}}