{"id":80413,"date":"2022-11-17T12:39:28","date_gmt":"2022-11-17T11:39:28","guid":{"rendered":"https:\/\/onlinelotto365.com\/?page_id=80413"},"modified":"2022-11-17T12:39:28","modified_gmt":"2022-11-17T11:39:28","slug":"set-for-life","status":"publish","type":"page","link":"https:\/\/onlinelotto365.com\/sk\/kupit-listky\/set-for-life\/","title":{"rendered":"Ako si k\u00fapi\u0165 vstupenky Set for life online"},"content":{"rendered":"<p>Ak si chcete k\u00fapi\u0165 l\u00edstky na Set for Life, mus\u00edte vedie\u0165, ako to urobi\u0165. Ak \u017eijete na Slovensku, je to pre v\u00e1s jednoduch\u00e9 a pravdepodobne u\u017e budete vedie\u0165, ako si l\u00edstky zaobstara\u0165. Ale \u010do hr\u00e1\u010di lotto z in\u00fdch kraj\u00edn, napr\u00edklad z Austr\u00e1lie? Nu\u017e, je to ve\u013emi jednoduch\u00fd proces a my v\u00e1s s n\u00edm m\u00f4\u017eeme za\u010da\u0165 v priebehu chv\u00ed\u013eky. Sta\u010d\u00ed, ak budete postupova\u0165 pod\u013ea krokov, ktor\u00e9 sme uviedli ni\u017e\u0161ie. Odtia\u013eto m\u00f4\u017eete z\u00edska\u0165 tikety, ktor\u00e9 chcete na \u010fal\u0161ie \u017erebovanie.<br \/>\n<a href=\"https:\/\/redfoxlotto.com\/play\/set-for-life-uk\/?ref=a8564250a2&amp;medium=ol365\" target=\"_blank\" rel=\"noopener noreferrer\"><img decoding=\"async\" class=\"aligncenter\" src=\"https:\/\/redfoxlotto.com\/image?size=8&amp;lottery=set-for-life-uk\" alt=\"&quot;Set\" \/><\/a><\/p>\n<ul>\n<li>Prejdite na str\u00e1nku lot\u00e9rie Set pre \u017eivot a vyberte si po\u010det l\u00edstkov, ktor\u00e9 chcete, a vyberte \u010d\u00edsla, ktor\u00e9 chcete pre ka\u017ed\u00fd z t\u00fdchto l\u00edstkov.<\/li>\n<li>Vyberte si \u010fal\u0161ie tikety pre hru Set pre \u017eivot alebo in\u00e9 lotto hry, aby ste naplnili svoj ko\u0161\u00edk<\/li>\n<li>Vyberte mo\u017enos\u0165 zaplati\u0165 teraz<\/li>\n<li>Pod\u013ea pokynov sa prihl\u00e1ste do svojho \u00fa\u010dtu alebo prejdite procesom vytvorenia nov\u00e9ho \u00fa\u010dtu<\/li>\n<li>Dokon\u010dite proces overenia vstupom do svojho \u00fa\u010dtu a kliknut\u00edm na odkaz v e-maile<\/li>\n<li>Ak sa e-mail nezobraz\u00ed vo va\u0161ej schr\u00e1nke, skontrolujte prie\u010dinok so spamom, aby ste sa uistili, \u017ee ste ho dostali<\/li>\n<li>Po overen\u00ed \u00fa\u010dtu prejdite do n\u00e1kupn\u00e9ho ko\u0161\u00edka na webovej str\u00e1nke<\/li>\n<li>Vyberte si preferovan\u00fd sp\u00f4sob platby a prejdite cez proces platby<\/li>\n<\/ul>\n<h2>Ako zaplati\u0165 za vstupenku Set for life online<\/h2>\n<p>Pokia\u013e ide o platbu za vstupenky, zist\u00edte, \u017ee je nielen jednoduch\u00e1, ale aj \u00faplne bezpe\u010dn\u00e1 a pon\u00faka v\u00e1m ve\u013ea mo\u017enost\u00ed.<br \/>\nVyberte si mo\u017enos\u0165 platby za vstupenky prostredn\u00edctvom:<\/p>\n<p>priamym n\u00e1kupom pomocou vybran\u00e9ho sp\u00f4sobu platby<br \/>\nvlo\u017een\u00edm pe\u0148az\u00ed na svoj \u00fa\u010det a ich pou\u017eit\u00edm na n\u00e1kup<\/p>\n<p>Ak sa rozhodnete vlo\u017ei\u0165 peniaze na svoj \u00fa\u010det, uistite sa, \u017ee ste vlo\u017eili aj nie\u010do navy\u0161e, aby va\u0161a vo\u013eba platby pre\u0161la.<\/p>\n<h2>Viac inform\u00e1ci\u00ed o slu\u017ebe Set for life<\/h2>\n<ul>\n<li>Slovensko<\/li>\n<li>Rozsah hlavn\u00fdch \u010d\u00edsel: 45<\/li>\n<li>Vyberiete si: 5<\/li>\n<li>Extra \u010d\u00edsla: 10<\/li>\n<li>Vyber\u00e1te: 1<\/li>\n<li>Dni, hodiny \u017erebovania: Pondelok, \u0161tvrtok, 20:00 GMT, 21:00 CET<\/li>\n<li>Minim\u00e1lny jackpot:<\/li>\n<li>Maxim\u00e1lny jackpot:<\/li>\n<li>Pravdepodobnos\u0165 v\u00fdhry: 1 ku 15339390<\/li>\n<li>Pravdepodobnos\u0165 v\u00fdhry na \u00farovni 2: 1 ku 1704377<\/li>\n<li>Pravdepodobnos\u0165 v\u00fdhry v ktorejko\u013evek \u00farovni: 1 ku 12,4<\/li>\n<li>Po\u010det v\u00fdhern\u00fdch \u00farovn\u00ed: 8<\/li>\n<\/ul>\n<h2>V\u00fdhody n\u00e1kupu tiketov Set for life online<\/h2>\n<ul>\n<li>Nikdy neopust\u00edte svoj domov, aby ste si mohli k\u00fapi\u0165 tikety<\/li>\n<li>Nie ste obmedzen\u00ed na hranie lot\u00e9ri\u00ed z Austr\u00e1lie<\/li>\n<li>Vyberte si z ponuky r\u00f4znych lot\u00e9ri\u00ed z cel\u00e9ho sveta<\/li>\n<li>Vyberte si hry s najvy\u0161\u0161\u00edmi jackpotmi, aby ste zv\u00fd\u0161ili svoje \u0161ance<\/li>\n<li>Pou\u017eite zostatok na svojom \u00fa\u010dte na n\u00e1kup po\u017eadovan\u00fdch tiketov<\/li>\n<li>Majte v\u017edy preh\u013ead o svojich tiketoch<\/li>\n<li>Dosta\u0165 ozn\u00e1menie, ak je v\u00e1\u0161 tiket v\u00fdhern\u00fd<\/li>\n<li>Netr\u00e1pte sa s v\u00fdberom mo\u017enost\u00ed tiketov s r\u00fdchlymi v\u00fdbermi<\/li>\n<\/ul>\n<h2>Je leg\u00e1lne kupova\u0165 tikety Set for life online?<\/h2>\n<p>Nemus\u00edte sa ob\u00e1va\u0165 leg\u00e1lnosti n\u00e1kupu vstupeniek online alebo tradi\u010dn\u00fdm sp\u00f4sobom. M\u00f4\u017eete sa pohodlne usadi\u0165 a veri\u0165, \u017ee sa postar\u00e1me o dodr\u017eiavanie v\u0161etk\u00fdch predpisov krajiny, z ktorej tieto hry poch\u00e1dzaj\u00fa. Sta\u010d\u00ed si len k\u00fapi\u0165 tiket a my v\u00e1m zaru\u010d\u00edme, \u017ee ak m\u00e1te n\u00e1rok na v\u00fdhru vr\u00e1tane jackpotu, z\u00edskate ju.<br \/>\nAby ste mohli pou\u017e\u00edva\u0165 na\u0161u webov\u00fa str\u00e1nku, mus\u00edte ma\u0165 minim\u00e1lne 18 rokov.<\/p>\n<h2>Ako dostanem v\u00fdplatu, ak vyhr\u00e1m Set na cel\u00fd \u017eivot online?<\/h2>\n<p>Ke\u010f nie\u010do vyhr\u00e1te, chcete dosta\u0165 vyplaten\u00fd ka\u017ed\u00fd cent, ktor\u00fd v\u00e1m patr\u00ed, a presne to rob\u00edme. Postar\u00e1me sa o to, aby ste v\u017edy dostali v\u0161etky peniaze bez prov\u00edzie a bez poplatkov, ktor\u00e9 by sa \u00fa\u010dtovali k va\u0161ej v\u00fdhre.<br \/>\nJedin\u00fd pr\u00edpad, ke\u010f mus\u00edte nie\u010do zaplati\u0165, je, ak sa rozhodnete pre bankov\u00fd prevod. Ak n\u00e1m banka za\u00fa\u010dtuje peniaze, \u010do sa m\u00f4\u017ee sta\u0165 pri medzin\u00e1rodn\u00fdch prevodoch, potom v\u00e1m z \u00fa\u010dtu strhneme poplatok. To je jedin\u00fd d\u00f4vod, pre\u010do si z va\u0161ich v\u00fdhier nie\u010do strh\u00e1vame.<br \/>\nA ak vyhr\u00e1te, svoje peniaze dostanete len jedn\u00fdm z nieko\u013ek\u00fdch sp\u00f4sobov:<\/p>\n<ul>\n<li>Ak\u00e1ko\u013evek suma ni\u017e\u0161ia ako 2500 EUR je jednoduch\u00e1, preto\u017ee n\u00e1\u0161 t\u00edm podpory v\u00e1m peniaze pouk\u00e1\u017ee priamo na v\u00e1\u0161 \u00fa\u010det<\/li>\n<li>Ak\u00e1ko\u013evek suma nad 2500 \u20ac bude pre v\u00e1s st\u00e1le jednoduch\u00e1, preto\u017ee n\u00e1\u0161 t\u00edm podpory v\u00e1m s t\u00fdmto procesom pom\u00f4\u017ee. Dostanete od n\u00e1s formul\u00e1r \u017eiadosti, aby ste ho mohli vyplni\u0165 a ozn\u00e1mi\u0165 n\u00e1m, \u010di chcete peniaze previes\u0165 na \u00fa\u010det vo va\u0161ej banke alebo posla\u0165 ako \u0161ek.<\/li>\n<\/ul>\n","protected":false},"excerpt":{"rendered":"<p>Ak si chcete k\u00fapi\u0165 l\u00edstky na Set for Life, mus\u00edte vedie\u0165, ako to urobi\u0165. Ak \u017eijete na Slovensku, je to pre v\u00e1s jednoduch\u00e9 a pravdepodobne u\u017e budete vedie\u0165, ako si l\u00edstky zaobstara\u0165. Ale \u010do hr\u00e1\u010di lotto z in\u00fdch kraj\u00edn, napr\u00edklad z Austr\u00e1lie? Nu\u017e, je to ve\u013emi jednoduch\u00fd proces a my v\u00e1s s n\u00edm m\u00f4\u017eeme za\u010da\u0165 [&hellip;]<\/p>\n","protected":false},"author":1,"featured_media":0,"parent":5698,"menu_order":10,"comment_status":"closed","ping_status":"closed","template":"set-for-life-info.php","meta":{"_et_pb_use_builder":"","_et_pb_old_content":"","_et_gb_content_width":"","exclude_from_search":false,"footnotes":""},"class_list":["post-80413","page","type-page","status-publish","hentry"],"yoast_head":"<!-- This site is optimized with the Yoast SEO plugin v23.4 - https:\/\/yoast.com\/wordpress\/plugins\/seo\/ -->\n<title>K\u00fapi\u0165 vstupenky na Set for life online z Austr\u00e1lie | Inform\u00e1cie o lot\u00e9rii Set for life, ako k\u00fapi\u0165 vstupenky<\/title>\n<meta name=\"description\" content=\"V lot\u00e9rii Set pre \u017eivot mo\u017eno vyhra\u0165 z Austr\u00e1lie - k\u00fapi\u0165 tikety online tu\" \/>\n<meta name=\"robots\" content=\"index, follow, max-snippet:-1, max-image-preview:large, max-video-preview:-1\" \/>\n<link rel=\"canonical\" href=\"https:\/\/onlinelotto365.com\/sk\/kupit-listky\/set-for-life\/\" \/>\n<meta property=\"og:locale\" content=\"sk_SK\" \/>\n<meta property=\"og:type\" content=\"article\" \/>\n<meta property=\"og:title\" content=\"K\u00fapi\u0165 vstupenky na Set for life online z Austr\u00e1lie | Inform\u00e1cie o lot\u00e9rii Set for life, ako k\u00fapi\u0165 vstupenky\" \/>\n<meta property=\"og:description\" content=\"V lot\u00e9rii Set pre \u017eivot mo\u017eno vyhra\u0165 z Austr\u00e1lie - k\u00fapi\u0165 tikety online tu\" \/>\n<meta property=\"og:url\" content=\"https:\/\/onlinelotto365.com\/sk\/kupit-listky\/set-for-life\/\" \/>\n<meta property=\"og:site_name\" content=\"OnlineLotto365\" \/>\n<meta property=\"og:image\" content=\"https:\/\/redfoxlotto.com\/image?size=8&amp;lottery=set-for-life-uk\" \/>\n<meta name=\"twitter:card\" content=\"summary_large_image\" \/>\n<meta name=\"twitter:label1\" content=\"Predpokladan\u00fd \u010das \u010d\u00edtania\" \/>\n\t<meta name=\"twitter:data1\" content=\"3 min\u00faty\" \/>\n<script type=\"application\/ld+json\" class=\"yoast-schema-graph\">{\"@context\":\"https:\/\/schema.org\",\"@graph\":[{\"@type\":\"WebPage\",\"@id\":\"https:\/\/onlinelotto365.com\/sk\/kupit-listky\/set-for-life\/\",\"url\":\"https:\/\/onlinelotto365.com\/sk\/kupit-listky\/set-for-life\/\",\"name\":\"K\u00fapi\u0165 vstupenky na Set for life online z Austr\u00e1lie | Inform\u00e1cie o lot\u00e9rii Set for life, ako k\u00fapi\u0165 vstupenky\",\"isPartOf\":{\"@id\":\"https:\/\/onlinelotto365.com\/sk\/#website\"},\"primaryImageOfPage\":{\"@id\":\"https:\/\/onlinelotto365.com\/sk\/kupit-listky\/set-for-life\/#primaryimage\"},\"image\":{\"@id\":\"https:\/\/onlinelotto365.com\/sk\/kupit-listky\/set-for-life\/#primaryimage\"},\"thumbnailUrl\":\"https:\/\/redfoxlotto.com\/image?size=8&amp;lottery=set-for-life-uk\",\"datePublished\":\"2022-11-17T11:39:28+00:00\",\"dateModified\":\"2022-11-17T11:39:28+00:00\",\"description\":\"V lot\u00e9rii Set pre \u017eivot mo\u017eno vyhra\u0165 z Austr\u00e1lie - k\u00fapi\u0165 tikety online tu\",\"breadcrumb\":{\"@id\":\"https:\/\/onlinelotto365.com\/sk\/kupit-listky\/set-for-life\/#breadcrumb\"},\"inLanguage\":\"sk-SK\",\"potentialAction\":[{\"@type\":\"ReadAction\",\"target\":[\"https:\/\/onlinelotto365.com\/sk\/kupit-listky\/set-for-life\/\"]}]},{\"@type\":\"ImageObject\",\"inLanguage\":\"sk-SK\",\"@id\":\"https:\/\/onlinelotto365.com\/sk\/kupit-listky\/set-for-life\/#primaryimage\",\"url\":\"https:\/\/redfoxlotto.com\/image?size=8&amp;lottery=set-for-life-uk\",\"contentUrl\":\"https:\/\/redfoxlotto.com\/image?size=8&amp;lottery=set-for-life-uk\"},{\"@type\":\"BreadcrumbList\",\"@id\":\"https:\/\/onlinelotto365.com\/sk\/kupit-listky\/set-for-life\/#breadcrumb\",\"itemListElement\":[{\"@type\":\"ListItem\",\"position\":1,\"name\":\"Home\",\"item\":\"https:\/\/onlinelotto365.com\/sk\/\"},{\"@type\":\"ListItem\",\"position\":2,\"name\":\"Hranie svetov\u00e9ho lota\",\"item\":\"https:\/\/onlinelotto365.com\/sk\/kupit-listky\/\"},{\"@type\":\"ListItem\",\"position\":3,\"name\":\"Ako si k\u00fapi\u0165 vstupenky Set for life online\"}]},{\"@type\":\"WebSite\",\"@id\":\"https:\/\/onlinelotto365.com\/sk\/#website\",\"url\":\"https:\/\/onlinelotto365.com\/sk\/\",\"name\":\"OnlineLotto365\",\"description\":\"\",\"potentialAction\":[{\"@type\":\"SearchAction\",\"target\":{\"@type\":\"EntryPoint\",\"urlTemplate\":\"https:\/\/onlinelotto365.com\/sk\/?s={search_term_string}\"},\"query-input\":{\"@type\":\"PropertyValueSpecification\",\"valueRequired\":true,\"valueName\":\"search_term_string\"}}],\"inLanguage\":\"sk-SK\"}]}<\/script>\n<!-- \/ Yoast SEO plugin. -->","yoast_head_json":{"title":"K\u00fapi\u0165 vstupenky na Set for life online z Austr\u00e1lie | Inform\u00e1cie o lot\u00e9rii Set for life, ako k\u00fapi\u0165 vstupenky","description":"V lot\u00e9rii Set pre \u017eivot mo\u017eno vyhra\u0165 z Austr\u00e1lie - k\u00fapi\u0165 tikety online tu","robots":{"index":"index","follow":"follow","max-snippet":"max-snippet:-1","max-image-preview":"max-image-preview:large","max-video-preview":"max-video-preview:-1"},"canonical":"https:\/\/onlinelotto365.com\/sk\/kupit-listky\/set-for-life\/","og_locale":"sk_SK","og_type":"article","og_title":"K\u00fapi\u0165 vstupenky na Set for life online z Austr\u00e1lie | Inform\u00e1cie o lot\u00e9rii Set for life, ako k\u00fapi\u0165 vstupenky","og_description":"V lot\u00e9rii Set pre \u017eivot mo\u017eno vyhra\u0165 z Austr\u00e1lie - k\u00fapi\u0165 tikety online tu","og_url":"https:\/\/onlinelotto365.com\/sk\/kupit-listky\/set-for-life\/","og_site_name":"OnlineLotto365","og_image":[{"url":"https:\/\/redfoxlotto.com\/image?size=8&amp;lottery=set-for-life-uk"}],"twitter_card":"summary_large_image","twitter_misc":{"Predpokladan\u00fd \u010das \u010d\u00edtania":"3 min\u00faty"},"schema":{"@context":"https:\/\/schema.org","@graph":[{"@type":"WebPage","@id":"https:\/\/onlinelotto365.com\/sk\/kupit-listky\/set-for-life\/","url":"https:\/\/onlinelotto365.com\/sk\/kupit-listky\/set-for-life\/","name":"K\u00fapi\u0165 vstupenky na Set for life online z Austr\u00e1lie | Inform\u00e1cie o lot\u00e9rii Set for life, ako k\u00fapi\u0165 vstupenky","isPartOf":{"@id":"https:\/\/onlinelotto365.com\/sk\/#website"},"primaryImageOfPage":{"@id":"https:\/\/onlinelotto365.com\/sk\/kupit-listky\/set-for-life\/#primaryimage"},"image":{"@id":"https:\/\/onlinelotto365.com\/sk\/kupit-listky\/set-for-life\/#primaryimage"},"thumbnailUrl":"https:\/\/redfoxlotto.com\/image?size=8&amp;lottery=set-for-life-uk","datePublished":"2022-11-17T11:39:28+00:00","dateModified":"2022-11-17T11:39:28+00:00","description":"V lot\u00e9rii Set pre \u017eivot mo\u017eno vyhra\u0165 z Austr\u00e1lie - k\u00fapi\u0165 tikety online tu","breadcrumb":{"@id":"https:\/\/onlinelotto365.com\/sk\/kupit-listky\/set-for-life\/#breadcrumb"},"inLanguage":"sk-SK","potentialAction":[{"@type":"ReadAction","target":["https:\/\/onlinelotto365.com\/sk\/kupit-listky\/set-for-life\/"]}]},{"@type":"ImageObject","inLanguage":"sk-SK","@id":"https:\/\/onlinelotto365.com\/sk\/kupit-listky\/set-for-life\/#primaryimage","url":"https:\/\/redfoxlotto.com\/image?size=8&amp;lottery=set-for-life-uk","contentUrl":"https:\/\/redfoxlotto.com\/image?size=8&amp;lottery=set-for-life-uk"},{"@type":"BreadcrumbList","@id":"https:\/\/onlinelotto365.com\/sk\/kupit-listky\/set-for-life\/#breadcrumb","itemListElement":[{"@type":"ListItem","position":1,"name":"Home","item":"https:\/\/onlinelotto365.com\/sk\/"},{"@type":"ListItem","position":2,"name":"Hranie svetov\u00e9ho lota","item":"https:\/\/onlinelotto365.com\/sk\/kupit-listky\/"},{"@type":"ListItem","position":3,"name":"Ako si k\u00fapi\u0165 vstupenky Set for life online"}]},{"@type":"WebSite","@id":"https:\/\/onlinelotto365.com\/sk\/#website","url":"https:\/\/onlinelotto365.com\/sk\/","name":"OnlineLotto365","description":"","potentialAction":[{"@type":"SearchAction","target":{"@type":"EntryPoint","urlTemplate":"https:\/\/onlinelotto365.com\/sk\/?s={search_term_string}"},"query-input":{"@type":"PropertyValueSpecification","valueRequired":true,"valueName":"search_term_string"}}],"inLanguage":"sk-SK"}]}},"_links":{"self":[{"href":"https:\/\/onlinelotto365.com\/sk\/wp-json\/wp\/v2\/pages\/80413","targetHints":{"allow":["GET"]}}],"collection":[{"href":"https:\/\/onlinelotto365.com\/sk\/wp-json\/wp\/v2\/pages"}],"about":[{"href":"https:\/\/onlinelotto365.com\/sk\/wp-json\/wp\/v2\/types\/page"}],"author":[{"embeddable":true,"href":"https:\/\/onlinelotto365.com\/sk\/wp-json\/wp\/v2\/users\/1"}],"replies":[{"embeddable":true,"href":"https:\/\/onlinelotto365.com\/sk\/wp-json\/wp\/v2\/comments?post=80413"}],"version-history":[{"count":0,"href":"https:\/\/onlinelotto365.com\/sk\/wp-json\/wp\/v2\/pages\/80413\/revisions"}],"up":[{"embeddable":true,"href":"https:\/\/onlinelotto365.com\/sk\/wp-json\/wp\/v2\/pages\/5698"}],"wp:attachment":[{"href":"https:\/\/onlinelotto365.com\/sk\/wp-json\/wp\/v2\/media?parent=80413"}],"curies":[{"name":"wp","href":"https:\/\/api.w.org\/{rel}","templated":true}]}}