{"id":80447,"date":"2022-11-18T08:48:32","date_gmt":"2022-11-18T07:48:32","guid":{"rendered":"https:\/\/onlinelotto365.com\/?page_id=80447"},"modified":"2022-11-18T08:48:32","modified_gmt":"2022-11-18T07:48:32","slug":"german-lotto","status":"publish","type":"page","link":"https:\/\/onlinelotto365.com\/sk\/kupit-listky\/german-lotto\/","title":{"rendered":"Ako k\u00fapi\u0165 vstupenky online pre nemeck\u00e9 Lotto"},"content":{"rendered":"<p>Nie ste si celkom ist\u00ed, ako k\u00fapi\u0165 nemeck\u00e9 Lotto l\u00edstky online? V tom pr\u00edpade ste na spr\u00e1vnom mieste, preto\u017ee v\u00e1s prevedieme ve\u013emi jednoduch\u00fdm procesom, ako sa dosta\u0165 od t\u00fa\u017eby po t\u00fdchto tiketoch na Slovensku a\u017e po \u010dakanie na \u017erebovanie, aby ste zistili, \u010di ste vyhrali nie\u010do ve\u013ek\u00e9.<br \/>\n<a href=\"https:\/\/redfoxlotto.com\/play\/lotto-6aus49\/?ref=a8564250a2&amp;medium=ol365\" target=\"_blank\" rel=\"noopener noreferrer\"><img decoding=\"async\" class=\"aligncenter\" src=\"https:\/\/redfoxlotto.com\/image?size=8&amp;lottery=lotto-6aus49\" alt=\"Nemeck\u00e9 Lotto 6aus49\" \/><\/a><\/p>\n<ul>\n<li>Prejdite na webov\u00fa str\u00e1nku lotto hry, ktor\u00fa chcete hra\u0165, a vyberte si po\u010det \u017erebov, ktor\u00e9 chcete, a \u010d\u00edsla, ktor\u00e9 chcete hra\u0165.<\/li>\n<li>Z\u00edskajte to\u013eko tiketov, ko\u013eko chcete pre t\u00fato hru a v\u0161etky ostatn\u00e9<\/li>\n<li>Kliknut\u00edm na tla\u010didlo zaplat\u00edte teraz<\/li>\n<li>Prihl\u00e1ste sa do svojho aktu\u00e1lneho \u00fa\u010dtu a spracujte platbu alebo si vytvorte nov\u00fd \u00fa\u010det a dokon\u010dite proces registr\u00e1cie<\/li>\n<li>T\u00ed, ktor\u00ed si musia vytvori\u0165 \u00fa\u010det, ho bud\u00fa musie\u0165 overi\u0165 aj zo svojho e-mailov\u00e9ho konta<\/li>\n<li>Uistite sa, \u017ee ste sa pozreli do prie\u010dinka doru\u010denej po\u0161ty, ako aj do prie\u010dinka nevy\u017eiadanej po\u0161ty, aby ste zistili, \u010di je e-mail odoslan\u00fd tam, a kliknite na odkaz<\/li>\n<li>Prejdite procesom platby pod\u013ea pokynov, ktor\u00e9 s\u00fa uveden\u00e9<\/li>\n<\/ul>\n<h2>Ako zaplati\u0165 za v\u00e1\u0161 nemeck\u00fd Lotto l\u00edstok online<\/h2>\n<p>Ke\u010f pr\u00edde \u010das zaplati\u0165 za va\u0161e tikety, m\u00f4\u017eete si vybra\u0165 z nieko\u013ek\u00fdch r\u00f4znych \u00faplne bezpe\u010dn\u00fdch mo\u017enost\u00ed platby.<br \/>\nKa\u017ed\u00e1 z t\u00fdchto mo\u017enost\u00ed patr\u00ed do jednej z dvoch r\u00f4znych kateg\u00f3ri\u00ed:<\/p>\n<p>Zapla\u0165te za svoje tikety zadan\u00edm sp\u00f4sobu platby v \u010dase n\u00e1kupu<br \/>\nZaplati\u0165 za vstupenky pridan\u00edm pe\u0148az\u00ed na hr\u00e1\u010dsky \u00fa\u010det a ich pou\u017eit\u00edm pri n\u00e1kupe<\/p>\n<p>Ak prid\u00e1vate peniaze na svoj \u00fa\u010det, uistite sa, \u017ee ich prid\u00e1vate to\u013eko, aby viac ako pokryli n\u00e1klady na aktu\u00e1lnu transakciu, aby bola schv\u00e1len\u00e1.<\/p>\n<h2>Viac inform\u00e1ci\u00ed o nemeckom lote<\/h2>\n<ul>\n<li>Nemecko<\/li>\n<li>Rozsah hlavn\u00fdch \u010d\u00edsel: 49<\/li>\n<li>V\u00e1\u0161 tip: 6<\/li>\n<li>\u010eal\u0161ie \u010d\u00edslo sa vyberie automaticky za v\u00e1s<\/li>\n<li>Dni, hodiny \u017erebovania: Sobota, 20:25 CET, 20:25 CET<\/li>\n<li>Minim\u00e1lny jackpot: 1 mili\u00f3n EUR<\/li>\n<li>Maxim\u00e1lny jackpot: po 12 \u017erebovaniach<\/li>\n<li>Pravdepodobnos\u0165 v\u00fdhry jackpotu: 1 ku 125854344<\/li>\n<li>Pravdepodobnos\u0165 v\u00fdhry na \u00farovni 2: 1 z 13983816<\/li>\n<li>Pravdepodobnos\u0165 v\u00fdhry v ktoromko\u013evek stupni: 1 ku 31<\/li>\n<li>Po\u010det v\u00fdhern\u00fdch \u00farovn\u00ed: 9<\/li>\n<\/ul>\n<h2>V\u00fdhody n\u00e1kupu nemeck\u00fdch Lotto l\u00edstkov online<\/h2>\n<ul>\n<li>Z\u00edskajte tikety zo svojho pohodln\u00e9ho miesta doma<\/li>\n<li>Z\u00edskajte v\u0161etky typy lot\u00e9riov\u00fdch hier, ktor\u00e9 chcete<\/li>\n<li>Spr\u00e1vnym v\u00fdberom hier z\u00edskate lep\u0161ie \u0161ance na najlep\u0161ie jackpoty<\/li>\n<li>Z\u00edskajte jednoduch\u00e9 mo\u017enosti platby pridan\u00edm pe\u0148az\u00ed na n\u00e1kup priamo na v\u00e1\u0161 hr\u00e1\u010dsky \u00fa\u010det<\/li>\n<li>Z\u00edskajte jednoduch\u00e9 ukladanie v\u0161etk\u00fdch svojich lotto tiketov<\/li>\n<li>Z\u00edskajte okam\u017eit\u00e9 upozornenie na v\u00fdhry<\/li>\n<li>Z\u00edskajte jednoduch\u00e9 mo\u017enosti v\u00fdberu, aby ste nemuseli vybera\u0165 \u010d\u00edsla<\/li>\n<\/ul>\n<h2>Je leg\u00e1lne kupova\u0165 nemeck\u00e9 losy Lotto online?<\/h2>\n<p>Ak ste mali obavy z n\u00e1kupu tiketov online, preto\u017ee sa nach\u00e1dzate na Slovensku<br \/>\na nepozn\u00e1te pravidl\u00e1, nemus\u00edte sa ob\u00e1va\u0165. M\u00f4\u017eeme v\u00e1m pom\u00f4c\u0165 zbavi\u0165 sa niektor\u00fdch ob\u00e1v, preto\u017ee sa uist\u00edme, \u017ee s\u00fa dodr\u017ean\u00e9 v\u0161etky predpisy pre krajinu, z ktorej lot\u00e9ria poch\u00e1dza.<br \/>\nTo v\u00e1m pom\u00f4\u017ee c\u00edti\u0165 sa istej\u0161ie a zabezpe\u010d\u00ed, \u017ee v\u0161etky peniaze, ktor\u00e9 vyhr\u00e1te, zaru\u010dene poputuj\u00fa priamo k v\u00e1m.<br \/>\nJedin\u00fdm pravidlom je, \u017ee na to, aby ste mohli hra\u0165, mus\u00edte by\u0165 star\u0161\u00ed ako 18 rokov.<\/p>\n<h2>Ako dostanem peniaze, ak vyhr\u00e1m nemeck\u00e9 Lotto online?<\/h2>\n<p><img loading=\"lazy\" decoding=\"async\" class=\"alignright wp-image-3633\" src=\"https:\/\/onlinelotto365.com\/wp-content\/uploads\/2020\/11\/online_lottery-41-300x102.jpg\" alt=\"Nemeck\u00e9 loto online UK\" width=\"376\" height=\"128\" srcset=\"https:\/\/onlinelotto365.com\/wp-content\/uploads\/2020\/11\/online_lottery-41-300x102.jpg 300w, https:\/\/onlinelotto365.com\/wp-content\/uploads\/2020\/11\/online_lottery-41.jpg 593w\" sizes=\"auto, (max-width: 376px) 100vw, 376px\" \/><br \/>\nKe\u010f ide o z\u00edskanie v\u00fdhry, u\u017e vieme, \u017ee sa nechcete obetova\u0165. Chcete z\u00edska\u0165 v\u0161etky peniaze, na ktor\u00e9 m\u00e1te n\u00e1rok, a my v\u00e1m s t\u00fdm m\u00f4\u017eeme pom\u00f4c\u0165. V skuto\u010dnosti v\u00e1m m\u00f4\u017eeme za\u010da\u0165 hne\u010f, preto\u017ee si z va\u0161ej v\u00fdhry nebudeme bra\u0165 prov\u00edziu.<\/p>\n<p>Takisto v\u00e1m nebudeme \u00fa\u010dtova\u0165 \u017eiadne poplatky. Presne tak, pokia\u013e sa nerozhodnete pre prevod pe\u0148az\u00ed do va\u0161ej banky, nebudeme v\u00e1m \u00fa\u010dtova\u0165 \u017eiadne poplatky za ni\u010d, \u010do urob\u00edme. Ak sa rozhodnete pre bankov\u00fd prevod, \u00fa\u010dtujeme si poplatok, preto\u017ee va\u0161a banka si \u00fa\u010dtuje poplatok.<\/p>\n<p><strong>\u010co sa stane, ke\u010f vyhr\u00e1te:<\/strong><\/p>\n<ul>\n<li>Pre t\u00fdch, ktor\u00ed vyhraj\u00fa menej ako 2500 EUR, nemus\u00edte robi\u0165 ni\u010d. O v\u0161etko sa postar\u00e1me my, a to tak, \u017ee v\u00e1m peniaze prip\u00ed\u0161eme na \u00fa\u010det.<\/li>\n<li>T\u00ed, ktor\u00ed vyhraj\u00fa viac ako 2500 \u20ac, dostan\u00fa od n\u00e1\u0161ho t\u00edmu podpory formul\u00e1r na uplatnenie n\u00e1roku. Tento formul\u00e1r v\u00e1m umo\u017en\u00ed rozhodn\u00fa\u0165 sa, \u010di chcete, aby v\u00e1m bola v\u00fdhra vyplaten\u00e1 \u0161ekom alebo bankov\u00fdm prevodom. Potom sa u\u017e m\u00f4\u017eete len pohodlne usadi\u0165 a \u010daka\u0165, k\u00fdm v\u00e1m peniaze pr\u00eddu do nieko\u013ek\u00fdch dn\u00ed<\/li>\n<\/ul>\n","protected":false},"excerpt":{"rendered":"<p>Nie ste si celkom ist\u00ed, ako k\u00fapi\u0165 nemeck\u00e9 Lotto l\u00edstky online? V tom pr\u00edpade ste na spr\u00e1vnom mieste, preto\u017ee v\u00e1s prevedieme ve\u013emi jednoduch\u00fdm procesom, ako sa dosta\u0165 od t\u00fa\u017eby po t\u00fdchto tiketoch na Slovensku a\u017e po \u010dakanie na \u017erebovanie, aby ste zistili, \u010di ste vyhrali nie\u010do ve\u013ek\u00e9. Prejdite na webov\u00fa str\u00e1nku lotto hry, ktor\u00fa chcete [&hellip;]<\/p>\n","protected":false},"author":1,"featured_media":0,"parent":5698,"menu_order":11,"comment_status":"closed","ping_status":"closed","template":"lotto-german-info.php","meta":{"_et_pb_use_builder":"","_et_pb_old_content":"","_et_gb_content_width":"","exclude_from_search":false,"footnotes":""},"class_list":["post-80447","page","type-page","status-publish","hentry"],"yoast_head":"<!-- This site is optimized with the Yoast SEO plugin v23.4 - https:\/\/yoast.com\/wordpress\/plugins\/seo\/ -->\n<title>Teraz k\u00fapi\u0165 nemeck\u00e9 Lotto vstupenky online zo Slovenska<\/title>\n<meta name=\"description\" content=\"Ak \u017eijete na Slovensku, st\u00e1le si m\u00f4\u017eete k\u00fapi\u0165 tikety nemeck\u00e9ho lota online\" \/>\n<meta name=\"robots\" content=\"index, follow, max-snippet:-1, max-image-preview:large, max-video-preview:-1\" \/>\n<link rel=\"canonical\" href=\"https:\/\/onlinelotto365.com\/sk\/kupit-listky\/german-lotto\/\" \/>\n<meta property=\"og:locale\" content=\"sk_SK\" \/>\n<meta property=\"og:type\" content=\"article\" \/>\n<meta property=\"og:title\" content=\"Teraz k\u00fapi\u0165 nemeck\u00e9 Lotto vstupenky online zo Slovenska\" \/>\n<meta property=\"og:description\" content=\"Ak \u017eijete na Slovensku, st\u00e1le si m\u00f4\u017eete k\u00fapi\u0165 tikety nemeck\u00e9ho lota online\" \/>\n<meta property=\"og:url\" content=\"https:\/\/onlinelotto365.com\/sk\/kupit-listky\/german-lotto\/\" \/>\n<meta property=\"og:site_name\" content=\"OnlineLotto365\" \/>\n<meta property=\"og:image\" content=\"https:\/\/redfoxlotto.com\/image?size=8&amp;lottery=lotto-6aus49\" \/>\n<meta name=\"twitter:card\" content=\"summary_large_image\" \/>\n<meta name=\"twitter:label1\" content=\"Predpokladan\u00fd \u010das \u010d\u00edtania\" \/>\n\t<meta name=\"twitter:data1\" content=\"4 min\u00faty\" \/>\n<script type=\"application\/ld+json\" class=\"yoast-schema-graph\">{\"@context\":\"https:\/\/schema.org\",\"@graph\":[{\"@type\":\"WebPage\",\"@id\":\"https:\/\/onlinelotto365.com\/sk\/kupit-listky\/german-lotto\/\",\"url\":\"https:\/\/onlinelotto365.com\/sk\/kupit-listky\/german-lotto\/\",\"name\":\"Teraz k\u00fapi\u0165 nemeck\u00e9 Lotto vstupenky online zo Slovenska\",\"isPartOf\":{\"@id\":\"https:\/\/onlinelotto365.com\/sk\/#website\"},\"primaryImageOfPage\":{\"@id\":\"https:\/\/onlinelotto365.com\/sk\/kupit-listky\/german-lotto\/#primaryimage\"},\"image\":{\"@id\":\"https:\/\/onlinelotto365.com\/sk\/kupit-listky\/german-lotto\/#primaryimage\"},\"thumbnailUrl\":\"https:\/\/redfoxlotto.com\/image?size=8&amp;lottery=lotto-6aus49\",\"datePublished\":\"2022-11-18T07:48:32+00:00\",\"dateModified\":\"2022-11-18T07:48:32+00:00\",\"description\":\"Ak \u017eijete na Slovensku, st\u00e1le si m\u00f4\u017eete k\u00fapi\u0165 tikety nemeck\u00e9ho lota online\",\"breadcrumb\":{\"@id\":\"https:\/\/onlinelotto365.com\/sk\/kupit-listky\/german-lotto\/#breadcrumb\"},\"inLanguage\":\"sk-SK\",\"potentialAction\":[{\"@type\":\"ReadAction\",\"target\":[\"https:\/\/onlinelotto365.com\/sk\/kupit-listky\/german-lotto\/\"]}]},{\"@type\":\"ImageObject\",\"inLanguage\":\"sk-SK\",\"@id\":\"https:\/\/onlinelotto365.com\/sk\/kupit-listky\/german-lotto\/#primaryimage\",\"url\":\"https:\/\/redfoxlotto.com\/image?size=8&amp;lottery=lotto-6aus49\",\"contentUrl\":\"https:\/\/redfoxlotto.com\/image?size=8&amp;lottery=lotto-6aus49\"},{\"@type\":\"BreadcrumbList\",\"@id\":\"https:\/\/onlinelotto365.com\/sk\/kupit-listky\/german-lotto\/#breadcrumb\",\"itemListElement\":[{\"@type\":\"ListItem\",\"position\":1,\"name\":\"Home\",\"item\":\"https:\/\/onlinelotto365.com\/sk\/\"},{\"@type\":\"ListItem\",\"position\":2,\"name\":\"Hranie svetov\u00e9ho lota\",\"item\":\"https:\/\/onlinelotto365.com\/sk\/kupit-listky\/\"},{\"@type\":\"ListItem\",\"position\":3,\"name\":\"Ako k\u00fapi\u0165 vstupenky online pre nemeck\u00e9 Lotto\"}]},{\"@type\":\"WebSite\",\"@id\":\"https:\/\/onlinelotto365.com\/sk\/#website\",\"url\":\"https:\/\/onlinelotto365.com\/sk\/\",\"name\":\"OnlineLotto365\",\"description\":\"\",\"potentialAction\":[{\"@type\":\"SearchAction\",\"target\":{\"@type\":\"EntryPoint\",\"urlTemplate\":\"https:\/\/onlinelotto365.com\/sk\/?s={search_term_string}\"},\"query-input\":{\"@type\":\"PropertyValueSpecification\",\"valueRequired\":true,\"valueName\":\"search_term_string\"}}],\"inLanguage\":\"sk-SK\"}]}<\/script>\n<!-- \/ Yoast SEO plugin. -->","yoast_head_json":{"title":"Teraz k\u00fapi\u0165 nemeck\u00e9 Lotto vstupenky online zo Slovenska","description":"Ak \u017eijete na Slovensku, st\u00e1le si m\u00f4\u017eete k\u00fapi\u0165 tikety nemeck\u00e9ho lota online","robots":{"index":"index","follow":"follow","max-snippet":"max-snippet:-1","max-image-preview":"max-image-preview:large","max-video-preview":"max-video-preview:-1"},"canonical":"https:\/\/onlinelotto365.com\/sk\/kupit-listky\/german-lotto\/","og_locale":"sk_SK","og_type":"article","og_title":"Teraz k\u00fapi\u0165 nemeck\u00e9 Lotto vstupenky online zo Slovenska","og_description":"Ak \u017eijete na Slovensku, st\u00e1le si m\u00f4\u017eete k\u00fapi\u0165 tikety nemeck\u00e9ho lota online","og_url":"https:\/\/onlinelotto365.com\/sk\/kupit-listky\/german-lotto\/","og_site_name":"OnlineLotto365","og_image":[{"url":"https:\/\/redfoxlotto.com\/image?size=8&amp;lottery=lotto-6aus49"}],"twitter_card":"summary_large_image","twitter_misc":{"Predpokladan\u00fd \u010das \u010d\u00edtania":"4 min\u00faty"},"schema":{"@context":"https:\/\/schema.org","@graph":[{"@type":"WebPage","@id":"https:\/\/onlinelotto365.com\/sk\/kupit-listky\/german-lotto\/","url":"https:\/\/onlinelotto365.com\/sk\/kupit-listky\/german-lotto\/","name":"Teraz k\u00fapi\u0165 nemeck\u00e9 Lotto vstupenky online zo Slovenska","isPartOf":{"@id":"https:\/\/onlinelotto365.com\/sk\/#website"},"primaryImageOfPage":{"@id":"https:\/\/onlinelotto365.com\/sk\/kupit-listky\/german-lotto\/#primaryimage"},"image":{"@id":"https:\/\/onlinelotto365.com\/sk\/kupit-listky\/german-lotto\/#primaryimage"},"thumbnailUrl":"https:\/\/redfoxlotto.com\/image?size=8&amp;lottery=lotto-6aus49","datePublished":"2022-11-18T07:48:32+00:00","dateModified":"2022-11-18T07:48:32+00:00","description":"Ak \u017eijete na Slovensku, st\u00e1le si m\u00f4\u017eete k\u00fapi\u0165 tikety nemeck\u00e9ho lota online","breadcrumb":{"@id":"https:\/\/onlinelotto365.com\/sk\/kupit-listky\/german-lotto\/#breadcrumb"},"inLanguage":"sk-SK","potentialAction":[{"@type":"ReadAction","target":["https:\/\/onlinelotto365.com\/sk\/kupit-listky\/german-lotto\/"]}]},{"@type":"ImageObject","inLanguage":"sk-SK","@id":"https:\/\/onlinelotto365.com\/sk\/kupit-listky\/german-lotto\/#primaryimage","url":"https:\/\/redfoxlotto.com\/image?size=8&amp;lottery=lotto-6aus49","contentUrl":"https:\/\/redfoxlotto.com\/image?size=8&amp;lottery=lotto-6aus49"},{"@type":"BreadcrumbList","@id":"https:\/\/onlinelotto365.com\/sk\/kupit-listky\/german-lotto\/#breadcrumb","itemListElement":[{"@type":"ListItem","position":1,"name":"Home","item":"https:\/\/onlinelotto365.com\/sk\/"},{"@type":"ListItem","position":2,"name":"Hranie svetov\u00e9ho lota","item":"https:\/\/onlinelotto365.com\/sk\/kupit-listky\/"},{"@type":"ListItem","position":3,"name":"Ako k\u00fapi\u0165 vstupenky online pre nemeck\u00e9 Lotto"}]},{"@type":"WebSite","@id":"https:\/\/onlinelotto365.com\/sk\/#website","url":"https:\/\/onlinelotto365.com\/sk\/","name":"OnlineLotto365","description":"","potentialAction":[{"@type":"SearchAction","target":{"@type":"EntryPoint","urlTemplate":"https:\/\/onlinelotto365.com\/sk\/?s={search_term_string}"},"query-input":{"@type":"PropertyValueSpecification","valueRequired":true,"valueName":"search_term_string"}}],"inLanguage":"sk-SK"}]}},"_links":{"self":[{"href":"https:\/\/onlinelotto365.com\/sk\/wp-json\/wp\/v2\/pages\/80447","targetHints":{"allow":["GET"]}}],"collection":[{"href":"https:\/\/onlinelotto365.com\/sk\/wp-json\/wp\/v2\/pages"}],"about":[{"href":"https:\/\/onlinelotto365.com\/sk\/wp-json\/wp\/v2\/types\/page"}],"author":[{"embeddable":true,"href":"https:\/\/onlinelotto365.com\/sk\/wp-json\/wp\/v2\/users\/1"}],"replies":[{"embeddable":true,"href":"https:\/\/onlinelotto365.com\/sk\/wp-json\/wp\/v2\/comments?post=80447"}],"version-history":[{"count":0,"href":"https:\/\/onlinelotto365.com\/sk\/wp-json\/wp\/v2\/pages\/80447\/revisions"}],"up":[{"embeddable":true,"href":"https:\/\/onlinelotto365.com\/sk\/wp-json\/wp\/v2\/pages\/5698"}],"wp:attachment":[{"href":"https:\/\/onlinelotto365.com\/sk\/wp-json\/wp\/v2\/media?parent=80447"}],"curies":[{"name":"wp","href":"https:\/\/api.w.org\/{rel}","templated":true}]}}