{"id":80479,"date":"2022-11-18T11:29:11","date_gmt":"2022-11-18T10:29:11","guid":{"rendered":"https:\/\/onlinelotto365.com\/?page_id=80479"},"modified":"2022-11-18T11:29:11","modified_gmt":"2022-11-18T10:29:11","slug":"mega-sena","status":"publish","type":"page","link":"https:\/\/onlinelotto365.com\/sk\/kupit-listky\/mega-sena\/","title":{"rendered":"Ako k\u00fapi\u0165 vstupenky na Mega-Sena Brazil online"},"content":{"rendered":"<p>Chcete vedie\u0165, ako m\u00f4\u017eete z\u00edska\u0165 potrebn\u00e9 vstupenky na Mega-Senu, hoci \u017eijete na Slovensku alebo v inej krajine mimo Braz\u00edlie? V tom pr\u00edpade budete chcie\u0165 \u010d\u00edta\u0165 \u010falej, preto\u017ee v\u00e1m m\u00f4\u017eeme pom\u00f4c\u0165 s cel\u00fdm procesom a zabezpe\u010di\u0165, aby ste boli na dobrej ceste k z\u00edskaniu vstupeniek na v\u0161etky hry, ktor\u00e9 chcete hra\u0165.<br \/>\n<a href=\"https:\/\/redfoxlotto.com\/play\/mega-sena\/?ref=a8564250a2&amp;medium=ol365\" target=\"_blank\" rel=\"noopener noreferrer\"><img decoding=\"async\" class=\"aligncenter\" src=\"https:\/\/redfoxlotto.com\/image?size=8&amp;lottery=mega-sena\" alt=\"mega-sena\" \/><\/a><\/p>\n<ul>\n<li>V\u0161etko, \u010do mus\u00edte urobi\u0165, aby ste mohli za\u010da\u0165, je vybra\u0165 si hru, ktor\u00fa chcete hra\u0165, a vybra\u0165 si \u010d\u00edsla tiketov, ktor\u00e9 chcete pre t\u00fato hru.<\/li>\n<li>Pridajte si to\u013eko tiketov, ko\u013eko chcete pre t\u00fato hru alebo ak\u00fako\u013evek in\u00fa hru, ktor\u00fa chcete hra\u0165.<\/li>\n<li>Kliknut\u00edm na tla\u010didlo spust\u00edte proces objedn\u00e1vky.<\/li>\n<li>Prihl\u00e1ste sa do svojho aktu\u00e1lneho \u00fa\u010dtu alebo si vytvorte nov\u00fd \u00fa\u010det, aby ste si mohli k\u00fapi\u0165 vstupenky.<\/li>\n<li>Ak si mus\u00edte vytvori\u0165 nov\u00e9 konto, budete musie\u0165 prejs\u0165 procesom registr\u00e1cie. Overovac\u00ed odkaz v\u00e1m bude zaslan\u00fd na v\u00e1\u0161 e-mail.<\/li>\n<li>Ak sa e-mail nezobraz\u00ed vo va\u0161ej doru\u010denej po\u0161te, skontrolujte prie\u010dinok so spamom, aby ste sa uistili, \u017ee bol prijat\u00fd.<\/li>\n<li>Po overen\u00ed \u00fa\u010dtu prejdite do n\u00e1kupn\u00e9ho ko\u0161\u00edka na webovej str\u00e1nke.<\/li>\n<li>Pod\u013ea pokynov zapla\u0165te za vstupenky zvolen\u00fdm sp\u00f4sobom platby.<\/li>\n<\/ul>\n<h2>Ako zaplati\u0165 za vstupenku na Mega-Sena online<\/h2>\n<p>Bezpe\u010dn\u00e1 platba za vstupenky je pre v\u00e1s d\u00f4le\u017eit\u00e1 a my v\u00e1m ju \u010do najviac u\u013eah\u010dujeme t\u00fdm, \u017ee v\u00e1m poskytujeme mno\u017estvo r\u00f4znych mo\u017enost\u00ed priamej platby, ako aj sekund\u00e1rnu mo\u017enos\u0165 n\u00e1kupu vstupeniek. Sta\u010d\u00ed, ak za\u010dnete jednou z dvoch ni\u017e\u0161ie uveden\u00fdch mo\u017enost\u00ed.<\/p>\n<p>Priama platba pomocou va\u0161ej ob\u013e\u00fabenej platobnej met\u00f3dy<br \/>\nPridajte si peniaze na svoj hr\u00e1\u010dsky \u00fa\u010det, aby ste si mohli k\u00fapi\u0165 vstupenky priamo z \u00fa\u010dtu.<\/p>\n<p>Ak sa chyst\u00e1te zvoli\u0165 tento sp\u00f4sob, nezabudnite si na hr\u00e1\u010dsky \u00fa\u010det prida\u0165 nie\u010do navy\u0161e. Takto bude m\u00f4c\u0165 zostatok na va\u0161om \u00fa\u010dte zaplati\u0165 za n\u00e1kup.<\/p>\n<h2>Viac inform\u00e1ci\u00ed o hre Mega-Sena<\/h2>\n<ul>\n<li>Krajina: Viac inform\u00e1ci\u00ed n\u00e1jdete na str\u00e1nke .<\/li>\n<li>Rozsah hlavn\u00fdch \u010d\u00edsel: 60<\/li>\n<li>Vyberiete si: 6<\/li>\n<li>Dni, hodiny \u017erebovania: Streda, sobota, 20:00 GMT -3, 24:00 CET<\/li>\n<li>Minim\u00e1lny jackpot: R$ 2 mili\u00f3ny<\/li>\n<li>Maxim\u00e1lny jackpot: \u017eiadny<\/li>\n<li>Pravdepodobnos\u0165 v\u00fdhry: 1 k 50063860<\/li>\n<li>Pravdepodobnos\u0165 v\u00fdhry \u00farovne 2: 1 z 15451809<\/li>\n<li>Pravdepodobnos\u0165 v\u00fdhry v ktorejko\u013evek \u00farovni: 1 ku 2297,56<\/li>\n<li>Po\u010det v\u00fdhern\u00fdch \u00farovn\u00ed: 3<\/li>\n<\/ul>\n<h2>V\u00fdhody n\u00e1kupu tiketov Mega-Sena online<\/h2>\n<ul>\n<li>Nie je potrebn\u00e9 cestova\u0165 &#8211; sta\u010d\u00ed si k\u00fapi\u0165 tikety z domu<\/li>\n<li>Vyberte si z r\u00f4znych lot\u00e9riov\u00fdch hier<\/li>\n<li>Z\u00edskajte najlep\u0161ie \u0161ance na v\u00fdhru v hr\u00e1ch s vysok\u00fdmi jackpotmi<\/li>\n<li>Vlo\u017ete si peniaze priamo na svoj \u00fa\u010det, ktor\u00fd m\u00f4\u017eete pou\u017ei\u0165 na n\u00e1kup<\/li>\n<li>Jednoducho sledujte svoje tikety<\/li>\n<li>Dost\u00e1vajte ozn\u00e1menia v\u017edy, ke\u010f na svojich tiketoch vyhr\u00e1te<\/li>\n<li>Vyu\u017eite mo\u017enos\u0165 r\u00fdchleho v\u00fdberu, aby ste z\u00edskali tikety bez vyberania \u010d\u00edsel<\/li>\n<\/ul>\n<h2>Je n\u00e1kup tiketov Mega-Sena online leg\u00e1lny?<\/h2>\n<p>Mnoh\u00ed \u013eudia sa ob\u00e1vaj\u00fa, \u010di si m\u00f4\u017eu k\u00fapi\u0165 losy Mega Sena online, preto\u017ee Slovensko je krajinou ich bydliska. Alebo mo\u017eno \u017eij\u00fa v inej krajine, ale nie v Braz\u00edlii. Pom\u00e1hame v\u00e1m zbavi\u0165 sa niektor\u00fdch ob\u00e1v t\u00fdm, \u017ee v\u0161etko, \u010do rob\u00edme, vych\u00e1dza z predpisov krajiny, ktor\u00e1 lot\u00e9riu prev\u00e1dzkuje. To v\u00e1m u\u013eah\u010d\u00ed n\u00e1kup tiketov a umo\u017en\u00ed v\u00e1m c\u00edti\u0165 sa v tomto procese pohodlne. Navy\u0161e m\u00e1te z\u00e1ruku, \u017ee dostanete v\u0161etky peniaze, ktor\u00e9 vyhr\u00e1te, vr\u00e1tane jackpotu.<\/p>\n<h2>Ako dostanem peniaze, ak vyhr\u00e1m Mega-Senu online?<\/h2>\n<p><img loading=\"lazy\" decoding=\"async\" class=\"alignright wp-image-3660\" src=\"https:\/\/onlinelotto365.com\/wp-content\/uploads\/2020\/11\/online_lottery-133-300x212.jpg\" alt=\"mega-sena online Slovensko\" width=\"177\" height=\"125\" srcset=\"https:\/\/onlinelotto365.com\/wp-content\/uploads\/2020\/11\/online_lottery-133-300x212.jpg 300w, https:\/\/onlinelotto365.com\/wp-content\/uploads\/2020\/11\/online_lottery-133.jpg 320w\" sizes=\"auto, (max-width: 177px) 100vw, 177px\" \/><br \/>\nPokia\u013e ide o vypl\u00e1canie v\u00fdhier, rob\u00edme to t\u00fdm najlep\u0161\u00edm sp\u00f4sobom, a to tak, \u017ee v\u00e1m vyplat\u00edme ka\u017ed\u00fd cent. Nemus\u00edte n\u00e1m plati\u0165 prov\u00edziu za \u017eiadnu sumu, ktor\u00fa vyhr\u00e1te, \u010di u\u017e ide o mal\u00fa v\u00fdhru, alebo dokonca o jackpot. Takisto n\u00e1m nemus\u00edte plati\u0165 \u017eiadne poplatky, pokia\u013e si nezvol\u00edte bankov\u00fd prevod.<br \/>\nPri v\u0161etk\u00fdch ostatn\u00fdch sp\u00f4soboch platby dostanete v\u0161etky peniaze, ktor\u00e9 ste vyhrali. Pri bankov\u00fdch prevodoch niekedy dost\u00e1vame poplatky od banky a tento poplatok sa po\u010das procesu prevodu strh\u00e1va z va\u0161ej v\u00fdhry.<\/p>\n<p><strong>Ke\u010f v\u0161ak vyhr\u00e1te, mali by ste pozna\u0165 proces, ktor\u00fd sa uskuto\u010dn\u00ed, aby ste peniaze dostali:<\/strong><\/p>\n<ul>\n<li>Ka\u017ed\u00fd, kto vyhr\u00e1 menej ako 2500 EUR, dostane peniaze priamo na svoj \u00fa\u010det bez toho, aby musel \u010doko\u013evek robi\u0165.<\/li>\n<li>Ka\u017ed\u00e9ho, kto vyhr\u00e1 viac ako 2500 \u20ac, v\u0161ak n\u00e1\u0161 t\u00edm podpory po\u017eiada o vyplnenie formul\u00e1ra \u017eiadosti. To v\u00e1m umo\u017en\u00ed z\u00edska\u0165 peniaze jedn\u00fdm z dvoch sp\u00f4sobov. M\u00f4\u017eete si vybra\u0165, \u010di dostanete \u0161ek na cel\u00fa sumu, alebo si nech\u00e1te urobi\u0165 bankov\u00fd prevod. V oboch pr\u00edpadoch dostanete svoje peniaze preveden\u00e9 do ktorejko\u013evek krajiny vr\u00e1tane Slovenska v priebehu nieko\u013ek\u00fdch dn\u00ed.<\/li>\n<\/ul>\n","protected":false},"excerpt":{"rendered":"<p>Chcete vedie\u0165, ako m\u00f4\u017eete z\u00edska\u0165 potrebn\u00e9 vstupenky na Mega-Senu, hoci \u017eijete na Slovensku alebo v inej krajine mimo Braz\u00edlie? V tom pr\u00edpade budete chcie\u0165 \u010d\u00edta\u0165 \u010falej, preto\u017ee v\u00e1m m\u00f4\u017eeme pom\u00f4c\u0165 s cel\u00fdm procesom a zabezpe\u010di\u0165, aby ste boli na dobrej ceste k z\u00edskaniu vstupeniek na v\u0161etky hry, ktor\u00e9 chcete hra\u0165. V\u0161etko, \u010do mus\u00edte urobi\u0165, aby [&hellip;]<\/p>\n","protected":false},"author":1,"featured_media":0,"parent":5698,"menu_order":12,"comment_status":"closed","ping_status":"closed","template":"megasena-info.php","meta":{"_et_pb_use_builder":"","_et_pb_old_content":"","_et_gb_content_width":"","exclude_from_search":false,"footnotes":""},"class_list":["post-80479","page","type-page","status-publish","hentry"],"yoast_head":"<!-- This site is optimized with the Yoast SEO plugin v23.4 - https:\/\/yoast.com\/wordpress\/plugins\/seo\/ -->\n<title>K\u00fapi\u0165 vstupenky na Mega-Sena online zo Slovenska | O Mega-Sena a ako z\u00edska\u0165 vstupenky<\/title>\n<meta name=\"description\" content=\"Toto je skvel\u00e1 lot\u00e9ria z Braz\u00edlie - a teraz si m\u00f4\u017eete k\u00fapi\u0165 vstupenky online\" \/>\n<meta name=\"robots\" content=\"index, follow, max-snippet:-1, max-image-preview:large, max-video-preview:-1\" \/>\n<link rel=\"canonical\" href=\"https:\/\/onlinelotto365.com\/sk\/kupit-listky\/mega-sena\/\" \/>\n<meta property=\"og:locale\" content=\"sk_SK\" \/>\n<meta property=\"og:type\" content=\"article\" \/>\n<meta property=\"og:title\" content=\"K\u00fapi\u0165 vstupenky na Mega-Sena online zo Slovenska | O Mega-Sena a ako z\u00edska\u0165 vstupenky\" \/>\n<meta property=\"og:description\" content=\"Toto je skvel\u00e1 lot\u00e9ria z Braz\u00edlie - a teraz si m\u00f4\u017eete k\u00fapi\u0165 vstupenky online\" \/>\n<meta property=\"og:url\" content=\"https:\/\/onlinelotto365.com\/sk\/kupit-listky\/mega-sena\/\" \/>\n<meta property=\"og:site_name\" content=\"OnlineLotto365\" \/>\n<meta property=\"og:image\" content=\"https:\/\/redfoxlotto.com\/image?size=8&amp;lottery=mega-sena\" \/>\n<meta name=\"twitter:card\" content=\"summary_large_image\" \/>\n<meta name=\"twitter:label1\" content=\"Predpokladan\u00fd \u010das \u010d\u00edtania\" \/>\n\t<meta name=\"twitter:data1\" content=\"4 min\u00faty\" \/>\n<script type=\"application\/ld+json\" class=\"yoast-schema-graph\">{\"@context\":\"https:\/\/schema.org\",\"@graph\":[{\"@type\":\"WebPage\",\"@id\":\"https:\/\/onlinelotto365.com\/sk\/kupit-listky\/mega-sena\/\",\"url\":\"https:\/\/onlinelotto365.com\/sk\/kupit-listky\/mega-sena\/\",\"name\":\"K\u00fapi\u0165 vstupenky na Mega-Sena online zo Slovenska | O Mega-Sena a ako z\u00edska\u0165 vstupenky\",\"isPartOf\":{\"@id\":\"https:\/\/onlinelotto365.com\/sk\/#website\"},\"primaryImageOfPage\":{\"@id\":\"https:\/\/onlinelotto365.com\/sk\/kupit-listky\/mega-sena\/#primaryimage\"},\"image\":{\"@id\":\"https:\/\/onlinelotto365.com\/sk\/kupit-listky\/mega-sena\/#primaryimage\"},\"thumbnailUrl\":\"https:\/\/redfoxlotto.com\/image?size=8&amp;lottery=mega-sena\",\"datePublished\":\"2022-11-18T10:29:11+00:00\",\"dateModified\":\"2022-11-18T10:29:11+00:00\",\"description\":\"Toto je skvel\u00e1 lot\u00e9ria z Braz\u00edlie - a teraz si m\u00f4\u017eete k\u00fapi\u0165 vstupenky online\",\"breadcrumb\":{\"@id\":\"https:\/\/onlinelotto365.com\/sk\/kupit-listky\/mega-sena\/#breadcrumb\"},\"inLanguage\":\"sk-SK\",\"potentialAction\":[{\"@type\":\"ReadAction\",\"target\":[\"https:\/\/onlinelotto365.com\/sk\/kupit-listky\/mega-sena\/\"]}]},{\"@type\":\"ImageObject\",\"inLanguage\":\"sk-SK\",\"@id\":\"https:\/\/onlinelotto365.com\/sk\/kupit-listky\/mega-sena\/#primaryimage\",\"url\":\"https:\/\/redfoxlotto.com\/image?size=8&amp;lottery=mega-sena\",\"contentUrl\":\"https:\/\/redfoxlotto.com\/image?size=8&amp;lottery=mega-sena\"},{\"@type\":\"BreadcrumbList\",\"@id\":\"https:\/\/onlinelotto365.com\/sk\/kupit-listky\/mega-sena\/#breadcrumb\",\"itemListElement\":[{\"@type\":\"ListItem\",\"position\":1,\"name\":\"Home\",\"item\":\"https:\/\/onlinelotto365.com\/sk\/\"},{\"@type\":\"ListItem\",\"position\":2,\"name\":\"Hranie svetov\u00e9ho lota\",\"item\":\"https:\/\/onlinelotto365.com\/sk\/kupit-listky\/\"},{\"@type\":\"ListItem\",\"position\":3,\"name\":\"Ako k\u00fapi\u0165 vstupenky na Mega-Sena Brazil online\"}]},{\"@type\":\"WebSite\",\"@id\":\"https:\/\/onlinelotto365.com\/sk\/#website\",\"url\":\"https:\/\/onlinelotto365.com\/sk\/\",\"name\":\"OnlineLotto365\",\"description\":\"\",\"potentialAction\":[{\"@type\":\"SearchAction\",\"target\":{\"@type\":\"EntryPoint\",\"urlTemplate\":\"https:\/\/onlinelotto365.com\/sk\/?s={search_term_string}\"},\"query-input\":{\"@type\":\"PropertyValueSpecification\",\"valueRequired\":true,\"valueName\":\"search_term_string\"}}],\"inLanguage\":\"sk-SK\"}]}<\/script>\n<!-- \/ Yoast SEO plugin. -->","yoast_head_json":{"title":"K\u00fapi\u0165 vstupenky na Mega-Sena online zo Slovenska | O Mega-Sena a ako z\u00edska\u0165 vstupenky","description":"Toto je skvel\u00e1 lot\u00e9ria z Braz\u00edlie - a teraz si m\u00f4\u017eete k\u00fapi\u0165 vstupenky online","robots":{"index":"index","follow":"follow","max-snippet":"max-snippet:-1","max-image-preview":"max-image-preview:large","max-video-preview":"max-video-preview:-1"},"canonical":"https:\/\/onlinelotto365.com\/sk\/kupit-listky\/mega-sena\/","og_locale":"sk_SK","og_type":"article","og_title":"K\u00fapi\u0165 vstupenky na Mega-Sena online zo Slovenska | O Mega-Sena a ako z\u00edska\u0165 vstupenky","og_description":"Toto je skvel\u00e1 lot\u00e9ria z Braz\u00edlie - a teraz si m\u00f4\u017eete k\u00fapi\u0165 vstupenky online","og_url":"https:\/\/onlinelotto365.com\/sk\/kupit-listky\/mega-sena\/","og_site_name":"OnlineLotto365","og_image":[{"url":"https:\/\/redfoxlotto.com\/image?size=8&amp;lottery=mega-sena"}],"twitter_card":"summary_large_image","twitter_misc":{"Predpokladan\u00fd \u010das \u010d\u00edtania":"4 min\u00faty"},"schema":{"@context":"https:\/\/schema.org","@graph":[{"@type":"WebPage","@id":"https:\/\/onlinelotto365.com\/sk\/kupit-listky\/mega-sena\/","url":"https:\/\/onlinelotto365.com\/sk\/kupit-listky\/mega-sena\/","name":"K\u00fapi\u0165 vstupenky na Mega-Sena online zo Slovenska | O Mega-Sena a ako z\u00edska\u0165 vstupenky","isPartOf":{"@id":"https:\/\/onlinelotto365.com\/sk\/#website"},"primaryImageOfPage":{"@id":"https:\/\/onlinelotto365.com\/sk\/kupit-listky\/mega-sena\/#primaryimage"},"image":{"@id":"https:\/\/onlinelotto365.com\/sk\/kupit-listky\/mega-sena\/#primaryimage"},"thumbnailUrl":"https:\/\/redfoxlotto.com\/image?size=8&amp;lottery=mega-sena","datePublished":"2022-11-18T10:29:11+00:00","dateModified":"2022-11-18T10:29:11+00:00","description":"Toto je skvel\u00e1 lot\u00e9ria z Braz\u00edlie - a teraz si m\u00f4\u017eete k\u00fapi\u0165 vstupenky online","breadcrumb":{"@id":"https:\/\/onlinelotto365.com\/sk\/kupit-listky\/mega-sena\/#breadcrumb"},"inLanguage":"sk-SK","potentialAction":[{"@type":"ReadAction","target":["https:\/\/onlinelotto365.com\/sk\/kupit-listky\/mega-sena\/"]}]},{"@type":"ImageObject","inLanguage":"sk-SK","@id":"https:\/\/onlinelotto365.com\/sk\/kupit-listky\/mega-sena\/#primaryimage","url":"https:\/\/redfoxlotto.com\/image?size=8&amp;lottery=mega-sena","contentUrl":"https:\/\/redfoxlotto.com\/image?size=8&amp;lottery=mega-sena"},{"@type":"BreadcrumbList","@id":"https:\/\/onlinelotto365.com\/sk\/kupit-listky\/mega-sena\/#breadcrumb","itemListElement":[{"@type":"ListItem","position":1,"name":"Home","item":"https:\/\/onlinelotto365.com\/sk\/"},{"@type":"ListItem","position":2,"name":"Hranie svetov\u00e9ho lota","item":"https:\/\/onlinelotto365.com\/sk\/kupit-listky\/"},{"@type":"ListItem","position":3,"name":"Ako k\u00fapi\u0165 vstupenky na Mega-Sena Brazil online"}]},{"@type":"WebSite","@id":"https:\/\/onlinelotto365.com\/sk\/#website","url":"https:\/\/onlinelotto365.com\/sk\/","name":"OnlineLotto365","description":"","potentialAction":[{"@type":"SearchAction","target":{"@type":"EntryPoint","urlTemplate":"https:\/\/onlinelotto365.com\/sk\/?s={search_term_string}"},"query-input":{"@type":"PropertyValueSpecification","valueRequired":true,"valueName":"search_term_string"}}],"inLanguage":"sk-SK"}]}},"_links":{"self":[{"href":"https:\/\/onlinelotto365.com\/sk\/wp-json\/wp\/v2\/pages\/80479","targetHints":{"allow":["GET"]}}],"collection":[{"href":"https:\/\/onlinelotto365.com\/sk\/wp-json\/wp\/v2\/pages"}],"about":[{"href":"https:\/\/onlinelotto365.com\/sk\/wp-json\/wp\/v2\/types\/page"}],"author":[{"embeddable":true,"href":"https:\/\/onlinelotto365.com\/sk\/wp-json\/wp\/v2\/users\/1"}],"replies":[{"embeddable":true,"href":"https:\/\/onlinelotto365.com\/sk\/wp-json\/wp\/v2\/comments?post=80479"}],"version-history":[{"count":0,"href":"https:\/\/onlinelotto365.com\/sk\/wp-json\/wp\/v2\/pages\/80479\/revisions"}],"up":[{"embeddable":true,"href":"https:\/\/onlinelotto365.com\/sk\/wp-json\/wp\/v2\/pages\/5698"}],"wp:attachment":[{"href":"https:\/\/onlinelotto365.com\/sk\/wp-json\/wp\/v2\/media?parent=80479"}],"curies":[{"name":"wp","href":"https:\/\/api.w.org\/{rel}","templated":true}]}}