{"id":80500,"date":"2022-11-18T13:23:18","date_gmt":"2022-11-18T12:23:18","guid":{"rendered":"https:\/\/onlinelotto365.com\/?page_id=80500"},"modified":"2022-11-18T13:23:18","modified_gmt":"2022-11-18T12:23:18","slug":"powerball-australia","status":"publish","type":"page","link":"https:\/\/onlinelotto365.com\/sk\/kupit-listky\/powerball-australia\/","title":{"rendered":"Ako k\u00fapi\u0165 l\u00edstky Powerball Australia online"},"content":{"rendered":"<p>Chcete vedie\u0165, ako si m\u00f4\u017eete k\u00fapi\u0165 tikety Powerball Australia online? Rozdelili sme to do nieko\u013ek\u00fdch jednoduch\u00fdch krokov pre na\u0161ich klientov zo Slovenska a in\u00fdch kraj\u00edn, tak\u017ee m\u00f4\u017eete za\u010da\u0165 s procesom hne\u010f teraz. A m\u00f4\u017eete to urobi\u0165 ove\u013ea r\u00fdchlej\u0161ie a jednoduch\u0161ie, ako si mysl\u00edte.<br \/>\n<a href=\"https:\/\/redfoxlotto.com\/play\/powerball-au\/?ref=a8564250a2&amp;medium=ol365\" target=\"_blank\" rel=\"noopener noreferrer\"><img decoding=\"async\" class=\"aligncenter\" src=\"https:\/\/redfoxlotto.com\/image?size=8&amp;lottery=powerball-au\" alt=\"Powerball Austr\u00e1lia\" \/><\/a><\/p>\n<ul>\n<li>Prejdite na str\u00e1nku Powerball Austr\u00e1lia a vyberte si tikety, ktor\u00e9 chcete, a \u010d\u00edsla t\u00fdchto tiketov, alebo nechajte po\u010d\u00edta\u010d, aby vybral za v\u00e1s.<\/li>\n<li>K objedn\u00e1vke m\u00f4\u017eete prida\u0165 \u013eubovo\u013en\u00fd po\u010det tiketov a hier, k\u00fdm skon\u010d\u00edte.<\/li>\n<li>Kliknut\u00edm na tla\u010didlo zaplat\u00edte teraz<\/li>\n<li>Vytvorte si \u00fa\u010det na na\u0161ej webovej str\u00e1nke alebo sa prihl\u00e1ste do svojho s\u00fa\u010dasn\u00e9ho \u00fa\u010dtu, ak ho u\u017e m\u00e1te.<\/li>\n<li>Pre t\u00fdch, ktor\u00ed si musia vytvori\u0165 \u00fa\u010det, je potrebn\u00e9 zaregistrova\u0165 ho pomocou va\u0161ej e-mailovej adresy.<\/li>\n<li>Skontrolujte si prie\u010dinok so spamom, ako aj be\u017en\u00fa schr\u00e1nku, aby ste dostali overovac\u00ed e-mail<\/li>\n<li>Prejdite do ko\u0161\u00edka a dokon\u010dite n\u00e1kup<\/li>\n<li>Vyberte si sp\u00f4sob platby, ktor\u00fd chcete pou\u017ei\u0165, a prejdite cez proces platby<\/li>\n<\/ul>\n<h2>Ako zaplati\u0165 za tiket Powerball Australia online<\/h2>\n<p>M\u00f4\u017eete si vybra\u0165 z nieko\u013ek\u00fdch r\u00f4znych sp\u00f4sobov platby, ktor\u00e9 s\u00fa v\u0161etky rovnako bezpe\u010dn\u00e9, ako by ste o\u010dak\u00e1vali pri n\u00e1kupe online zo Slovenska.<br \/>\nSvoje tikety si m\u00f4\u017eete k\u00fapi\u0165 prostredn\u00edctvom:<\/p>\n<p>Zaplaten\u00edm objedn\u00e1vky priamo pomocou preferovanej mo\u017enosti platby<br \/>\nVlo\u017een\u00edm pe\u0148az\u00ed na hr\u00e1\u010dsky \u00fa\u010det a ich pou\u017eit\u00edm na n\u00e1kup tiketov<\/p>\n<p>Nezabudnite, \u017ee ak si vyberiete t\u00fato mo\u017enos\u0165, budete musie\u0165 na svoj hr\u00e1\u010dsky \u00fa\u010det vlo\u017ei\u0165 viac ako dostatok pe\u0148az\u00ed na n\u00e1kup vstupeniek, ktor\u00e9 chcete.<\/p>\n<h2>Viac inform\u00e1ci\u00ed o hre Powerball Australia<\/h2>\n<ul>\n<li>Austr\u00e1lia<\/li>\n<li>Rozsah hlavn\u00fdch \u010d\u00edsel: 35<\/li>\n<li>V\u00e1\u0161 tip: 7<\/li>\n<li>Rozsah dodato\u010dn\u00fdch \u010d\u00edsel: 20<\/li>\n<li>Vyber\u00e1te: 1<\/li>\n<li>Dni \u017erebovania, hodiny: \u0160tvrtok, 21:30 GMT+11, 10:30 CET<\/li>\n<li>Minim\u00e1lny jackpot: AU$ 3 mili\u00f3ny<\/li>\n<li>Maxim\u00e1lny jackpot: AU$ 150 mili\u00f3nov<\/li>\n<li>Pravdepodobnos\u0165 v\u00fdhry jackpotu: 1 ku 134490400<\/li>\n<li>Pravdepodobnos\u0165 v\u00fdhry \u00farovne 2: 1 k 7078443<\/li>\n<li>Pravdepodobnos\u0165 v\u00fdhry v ktorejko\u013evek \u00farovni: 1 ku 24,87<\/li>\n<li>Po\u010det v\u00fdhern\u00fdch \u00farovn\u00ed: 7<\/li>\n<\/ul>\n<h2>V\u00fdhody n\u00e1kupu tiketov Powerball Australia online<\/h2>\n<ul>\n<li>Z\u00edskate tikety, ktor\u00e9 chcete, bez toho, aby ste museli opusti\u0165 domov<\/li>\n<li>K\u00fapi\u0165 si tikety pre mnoho r\u00f4znych typov lot\u00e9ri\u00ed<\/li>\n<li>V\u00fdberom najlep\u0161\u00edch mo\u017enost\u00ed z\u00edskate v\u00e4\u010d\u0161iu \u0161ancu vyhra\u0165 ve\u013ek\u00fd jackpot<\/li>\n<li>Vlo\u017ei\u0165 peniaze na svoj \u00fa\u010det a pou\u017ei\u0165 ich na n\u00e1kup tiketov<\/li>\n<li>Nemus\u00edte sa ob\u00e1va\u0165 straty svojich tiketov<\/li>\n<li>Upozornenia, ak je v\u00e1\u0161 tiket v\u00fdhern\u00fd<\/li>\n<li>Vyberte si n\u00e1hodn\u00e9 tikety pomocou gener\u00e1tora \u010d\u00edsel<\/li>\n<\/ul>\n<h2>Je na Slovensku leg\u00e1lne kupova\u0165 tikety Powerball Australia online?<\/h2>\n<p>Nemus\u00edte sa ob\u00e1va\u0165 n\u00e1kupu tiketov online ani tradi\u010dn\u00fdm sp\u00f4sobom, pokia\u013e ide o predpisy z krajiny v\u00e1\u0161ho bydliska. Postar\u00e1me sa o dodr\u017eiavanie predpisov krajiny, v ktorej sa lot\u00e9ria kon\u00e1, aby ste mohli z\u00edska\u0165 svoju v\u00fdhru. Aj ke\u010f vyhr\u00e1te jackpot, nebudete ma\u0165 probl\u00e9m z\u00edska\u0165 peniaze.<br \/>\nKa\u017ed\u00fd, kto vyu\u017e\u00edva na\u0161u slu\u017ebu, mus\u00ed ma\u0165 minim\u00e1lne 18 rokov.<\/p>\n<h2>Ako dostanem peniaze, ak vyhr\u00e1m Powerball Australia online?<\/h2>\n<p><img loading=\"lazy\" decoding=\"async\" class=\"alignright wp-image-3631\" src=\"https:\/\/onlinelotto365.com\/wp-content\/uploads\/2020\/11\/online_lottery-40-300x200.jpg\" alt=\"powerball australia online\" width=\"252\" height=\"168\" srcset=\"https:\/\/onlinelotto365.com\/wp-content\/uploads\/2020\/11\/online_lottery-40-300x200.jpg 300w, https:\/\/onlinelotto365.com\/wp-content\/uploads\/2020\/11\/online_lottery-40.jpg 424w\" sizes=\"auto, (max-width: 252px) 100vw, 252px\" \/><br \/>\nVieme, \u017ee chcete svoju v\u00fdhru z\u00edska\u0165 \u010do najr\u00fdchlej\u0161ie a ur\u010dite nechcete z tejto v\u00fdhry vypl\u00e1ca\u0165 peniaze niekomu in\u00e9mu. Preto si z va\u0161ich v\u00fdhier nikdy neberieme prov\u00edziu. Ak vyhr\u00e1te, peniaze dostanete vy. Jedin\u00fd pr\u00edpad, ke\u010f si berieme poplatok, je, ak sa rozhodnete previes\u0165 peniaze bankov\u00fdm prevodom do va\u0161ej banky, ktor\u00e1 by n\u00e1m \u00fa\u010dtovala poplatok, ktor\u00fd sa prenesie na v\u00e1s.<br \/>\n<strong>Ak vyhr\u00e1te peniaze, mus\u00edte na to jednoducho pam\u00e4ta\u0165:<\/strong><\/p>\n<ul>\n<li>Sumy do 2500 EUR sa automaticky vyplatia na v\u00e1\u0161 hr\u00e1\u010dsky \u00fa\u010det bez toho, aby ste museli \u010doko\u013evek urobi\u0165.<\/li>\n<li>Sumy nad 2500 \u20ac sa vypl\u00e1caj\u00fa \u0161ekom alebo bankov\u00fdm prevodom a je potrebn\u00e9, aby ste vyplnili formul\u00e1r, ktor\u00fd v\u00e1m za\u0161le t\u00edm podpory. T\u00fdmto sp\u00f4sobom si m\u00f4\u017eete necha\u0165 peniaze z\u00fa\u010dtova\u0165 prostredn\u00edctvom lot\u00e9riovej komisie.<\/li>\n<\/ul>\n","protected":false},"excerpt":{"rendered":"<p>Chcete vedie\u0165, ako si m\u00f4\u017eete k\u00fapi\u0165 tikety Powerball Australia online? Rozdelili sme to do nieko\u013ek\u00fdch jednoduch\u00fdch krokov pre na\u0161ich klientov zo Slovenska a in\u00fdch kraj\u00edn, tak\u017ee m\u00f4\u017eete za\u010da\u0165 s procesom hne\u010f teraz. A m\u00f4\u017eete to urobi\u0165 ove\u013ea r\u00fdchlej\u0161ie a jednoduch\u0161ie, ako si mysl\u00edte. Prejdite na str\u00e1nku Powerball Austr\u00e1lia a vyberte si tikety, ktor\u00e9 chcete, a [&hellip;]<\/p>\n","protected":false},"author":1,"featured_media":0,"parent":5698,"menu_order":13,"comment_status":"closed","ping_status":"closed","template":"powerball-au-info.php","meta":{"_et_pb_use_builder":"","_et_pb_old_content":"","_et_gb_content_width":"","exclude_from_search":false,"footnotes":""},"class_list":["post-80500","page","type-page","status-publish","hentry"],"yoast_head":"<!-- This site is optimized with the Yoast SEO plugin v23.4 - https:\/\/yoast.com\/wordpress\/plugins\/seo\/ -->\n<title>K\u00fapi\u0165 tikety Powerball Australia zo Slovenska prostredn\u00edctvom online slu\u017eby<\/title>\n<meta name=\"description\" content=\"K\u00fapte si tikety Powerball Australia online - umo\u017e\u0148ujeme to aj hr\u00e1\u010dom zo Slovenska\" \/>\n<meta name=\"robots\" content=\"index, follow, max-snippet:-1, max-image-preview:large, max-video-preview:-1\" \/>\n<link rel=\"canonical\" href=\"https:\/\/onlinelotto365.com\/sk\/kupit-listky\/powerball-australia\/\" \/>\n<meta property=\"og:locale\" content=\"sk_SK\" \/>\n<meta property=\"og:type\" content=\"article\" \/>\n<meta property=\"og:title\" content=\"K\u00fapi\u0165 tikety Powerball Australia zo Slovenska prostredn\u00edctvom online slu\u017eby\" \/>\n<meta property=\"og:description\" content=\"K\u00fapte si tikety Powerball Australia online - umo\u017e\u0148ujeme to aj hr\u00e1\u010dom zo Slovenska\" \/>\n<meta property=\"og:url\" content=\"https:\/\/onlinelotto365.com\/sk\/kupit-listky\/powerball-australia\/\" \/>\n<meta property=\"og:site_name\" content=\"OnlineLotto365\" \/>\n<meta property=\"og:image\" content=\"https:\/\/redfoxlotto.com\/image?size=8&amp;lottery=powerball-au\" \/>\n<meta name=\"twitter:card\" content=\"summary_large_image\" \/>\n<meta name=\"twitter:label1\" content=\"Predpokladan\u00fd \u010das \u010d\u00edtania\" \/>\n\t<meta name=\"twitter:data1\" content=\"3 min\u00faty\" \/>\n<script type=\"application\/ld+json\" class=\"yoast-schema-graph\">{\"@context\":\"https:\/\/schema.org\",\"@graph\":[{\"@type\":\"WebPage\",\"@id\":\"https:\/\/onlinelotto365.com\/sk\/kupit-listky\/powerball-australia\/\",\"url\":\"https:\/\/onlinelotto365.com\/sk\/kupit-listky\/powerball-australia\/\",\"name\":\"K\u00fapi\u0165 tikety Powerball Australia zo Slovenska prostredn\u00edctvom online slu\u017eby\",\"isPartOf\":{\"@id\":\"https:\/\/onlinelotto365.com\/sk\/#website\"},\"primaryImageOfPage\":{\"@id\":\"https:\/\/onlinelotto365.com\/sk\/kupit-listky\/powerball-australia\/#primaryimage\"},\"image\":{\"@id\":\"https:\/\/onlinelotto365.com\/sk\/kupit-listky\/powerball-australia\/#primaryimage\"},\"thumbnailUrl\":\"https:\/\/redfoxlotto.com\/image?size=8&amp;lottery=powerball-au\",\"datePublished\":\"2022-11-18T12:23:18+00:00\",\"dateModified\":\"2022-11-18T12:23:18+00:00\",\"description\":\"K\u00fapte si tikety Powerball Australia online - umo\u017e\u0148ujeme to aj hr\u00e1\u010dom zo Slovenska\",\"breadcrumb\":{\"@id\":\"https:\/\/onlinelotto365.com\/sk\/kupit-listky\/powerball-australia\/#breadcrumb\"},\"inLanguage\":\"sk-SK\",\"potentialAction\":[{\"@type\":\"ReadAction\",\"target\":[\"https:\/\/onlinelotto365.com\/sk\/kupit-listky\/powerball-australia\/\"]}]},{\"@type\":\"ImageObject\",\"inLanguage\":\"sk-SK\",\"@id\":\"https:\/\/onlinelotto365.com\/sk\/kupit-listky\/powerball-australia\/#primaryimage\",\"url\":\"https:\/\/redfoxlotto.com\/image?size=8&amp;lottery=powerball-au\",\"contentUrl\":\"https:\/\/redfoxlotto.com\/image?size=8&amp;lottery=powerball-au\"},{\"@type\":\"BreadcrumbList\",\"@id\":\"https:\/\/onlinelotto365.com\/sk\/kupit-listky\/powerball-australia\/#breadcrumb\",\"itemListElement\":[{\"@type\":\"ListItem\",\"position\":1,\"name\":\"Home\",\"item\":\"https:\/\/onlinelotto365.com\/sk\/\"},{\"@type\":\"ListItem\",\"position\":2,\"name\":\"Hranie svetov\u00e9ho lota\",\"item\":\"https:\/\/onlinelotto365.com\/sk\/kupit-listky\/\"},{\"@type\":\"ListItem\",\"position\":3,\"name\":\"Ako k\u00fapi\u0165 l\u00edstky Powerball Australia online\"}]},{\"@type\":\"WebSite\",\"@id\":\"https:\/\/onlinelotto365.com\/sk\/#website\",\"url\":\"https:\/\/onlinelotto365.com\/sk\/\",\"name\":\"OnlineLotto365\",\"description\":\"\",\"potentialAction\":[{\"@type\":\"SearchAction\",\"target\":{\"@type\":\"EntryPoint\",\"urlTemplate\":\"https:\/\/onlinelotto365.com\/sk\/?s={search_term_string}\"},\"query-input\":{\"@type\":\"PropertyValueSpecification\",\"valueRequired\":true,\"valueName\":\"search_term_string\"}}],\"inLanguage\":\"sk-SK\"}]}<\/script>\n<!-- \/ Yoast SEO plugin. -->","yoast_head_json":{"title":"K\u00fapi\u0165 tikety Powerball Australia zo Slovenska prostredn\u00edctvom online slu\u017eby","description":"K\u00fapte si tikety Powerball Australia online - umo\u017e\u0148ujeme to aj hr\u00e1\u010dom zo Slovenska","robots":{"index":"index","follow":"follow","max-snippet":"max-snippet:-1","max-image-preview":"max-image-preview:large","max-video-preview":"max-video-preview:-1"},"canonical":"https:\/\/onlinelotto365.com\/sk\/kupit-listky\/powerball-australia\/","og_locale":"sk_SK","og_type":"article","og_title":"K\u00fapi\u0165 tikety Powerball Australia zo Slovenska prostredn\u00edctvom online slu\u017eby","og_description":"K\u00fapte si tikety Powerball Australia online - umo\u017e\u0148ujeme to aj hr\u00e1\u010dom zo Slovenska","og_url":"https:\/\/onlinelotto365.com\/sk\/kupit-listky\/powerball-australia\/","og_site_name":"OnlineLotto365","og_image":[{"url":"https:\/\/redfoxlotto.com\/image?size=8&amp;lottery=powerball-au"}],"twitter_card":"summary_large_image","twitter_misc":{"Predpokladan\u00fd \u010das \u010d\u00edtania":"3 min\u00faty"},"schema":{"@context":"https:\/\/schema.org","@graph":[{"@type":"WebPage","@id":"https:\/\/onlinelotto365.com\/sk\/kupit-listky\/powerball-australia\/","url":"https:\/\/onlinelotto365.com\/sk\/kupit-listky\/powerball-australia\/","name":"K\u00fapi\u0165 tikety Powerball Australia zo Slovenska prostredn\u00edctvom online slu\u017eby","isPartOf":{"@id":"https:\/\/onlinelotto365.com\/sk\/#website"},"primaryImageOfPage":{"@id":"https:\/\/onlinelotto365.com\/sk\/kupit-listky\/powerball-australia\/#primaryimage"},"image":{"@id":"https:\/\/onlinelotto365.com\/sk\/kupit-listky\/powerball-australia\/#primaryimage"},"thumbnailUrl":"https:\/\/redfoxlotto.com\/image?size=8&amp;lottery=powerball-au","datePublished":"2022-11-18T12:23:18+00:00","dateModified":"2022-11-18T12:23:18+00:00","description":"K\u00fapte si tikety Powerball Australia online - umo\u017e\u0148ujeme to aj hr\u00e1\u010dom zo Slovenska","breadcrumb":{"@id":"https:\/\/onlinelotto365.com\/sk\/kupit-listky\/powerball-australia\/#breadcrumb"},"inLanguage":"sk-SK","potentialAction":[{"@type":"ReadAction","target":["https:\/\/onlinelotto365.com\/sk\/kupit-listky\/powerball-australia\/"]}]},{"@type":"ImageObject","inLanguage":"sk-SK","@id":"https:\/\/onlinelotto365.com\/sk\/kupit-listky\/powerball-australia\/#primaryimage","url":"https:\/\/redfoxlotto.com\/image?size=8&amp;lottery=powerball-au","contentUrl":"https:\/\/redfoxlotto.com\/image?size=8&amp;lottery=powerball-au"},{"@type":"BreadcrumbList","@id":"https:\/\/onlinelotto365.com\/sk\/kupit-listky\/powerball-australia\/#breadcrumb","itemListElement":[{"@type":"ListItem","position":1,"name":"Home","item":"https:\/\/onlinelotto365.com\/sk\/"},{"@type":"ListItem","position":2,"name":"Hranie svetov\u00e9ho lota","item":"https:\/\/onlinelotto365.com\/sk\/kupit-listky\/"},{"@type":"ListItem","position":3,"name":"Ako k\u00fapi\u0165 l\u00edstky Powerball Australia online"}]},{"@type":"WebSite","@id":"https:\/\/onlinelotto365.com\/sk\/#website","url":"https:\/\/onlinelotto365.com\/sk\/","name":"OnlineLotto365","description":"","potentialAction":[{"@type":"SearchAction","target":{"@type":"EntryPoint","urlTemplate":"https:\/\/onlinelotto365.com\/sk\/?s={search_term_string}"},"query-input":{"@type":"PropertyValueSpecification","valueRequired":true,"valueName":"search_term_string"}}],"inLanguage":"sk-SK"}]}},"_links":{"self":[{"href":"https:\/\/onlinelotto365.com\/sk\/wp-json\/wp\/v2\/pages\/80500","targetHints":{"allow":["GET"]}}],"collection":[{"href":"https:\/\/onlinelotto365.com\/sk\/wp-json\/wp\/v2\/pages"}],"about":[{"href":"https:\/\/onlinelotto365.com\/sk\/wp-json\/wp\/v2\/types\/page"}],"author":[{"embeddable":true,"href":"https:\/\/onlinelotto365.com\/sk\/wp-json\/wp\/v2\/users\/1"}],"replies":[{"embeddable":true,"href":"https:\/\/onlinelotto365.com\/sk\/wp-json\/wp\/v2\/comments?post=80500"}],"version-history":[{"count":0,"href":"https:\/\/onlinelotto365.com\/sk\/wp-json\/wp\/v2\/pages\/80500\/revisions"}],"up":[{"embeddable":true,"href":"https:\/\/onlinelotto365.com\/sk\/wp-json\/wp\/v2\/pages\/5698"}],"wp:attachment":[{"href":"https:\/\/onlinelotto365.com\/sk\/wp-json\/wp\/v2\/media?parent=80500"}],"curies":[{"name":"wp","href":"https:\/\/api.w.org\/{rel}","templated":true}]}}