{"id":80549,"date":"2022-11-21T12:01:20","date_gmt":"2022-11-21T11:01:20","guid":{"rendered":"https:\/\/onlinelotto365.com\/?page_id=80549"},"modified":"2022-11-21T12:01:20","modified_gmt":"2022-11-21T11:01:20","slug":"oz-lotto","status":"publish","type":"page","link":"https:\/\/onlinelotto365.com\/sk\/kupit-listky\/oz-lotto\/","title":{"rendered":"Ako k\u00fapi\u0165 Oz Lotto vstupenky online"},"content":{"rendered":"<p>M\u00e1te \u0161\u0165astie, preto\u017ee sme pre v\u00e1s pripravili postup, ktor\u00fd v\u00e1m pom\u00f4\u017ee z\u00edska\u0165 tikety Oz Lotto priamo tu a zo Slovenska.<br \/>\naj zo Slovenska. M\u00f4\u017eete si ich jednoducho k\u00fapi\u0165 online, ak sa budete riadi\u0165 t\u00fdmito jednoduch\u00fdmi krokmi, ktor\u00e9 sme pre v\u00e1s pripravili.<br \/>\n<a href=\"https:\/\/redfoxlotto.com\/play\/oz-lotto\/?ref=a8564250a2&amp;medium=ol365\" target=\"_blank\" rel=\"noopener noreferrer\"><img decoding=\"async\" class=\"aligncenter\" src=\"https:\/\/redfoxlotto.com\/image?size=8&amp;lottery=oz-lotto\" alt=\"Oz Lotto\" \/><\/a><\/p>\n<ul>\n<li>Prejdite na str\u00e1nku lot\u00e9rie, ktor\u00fa chcete hra\u0165, a vyberte si po\u017eadovan\u00e9 \u010d\u00edsla. Alebo nechajte po\u010d\u00edta\u010d, aby vybral \u010d\u00edsla za v\u00e1s.<\/li>\n<li>Pridajte si tikety pre e\u0161te viac lot\u00e9ri\u00ed a aj pre t\u00fato hru<\/li>\n<li>Zapla\u0165te hne\u010f teraz za svoje tikety<\/li>\n<li>Zaregistrujte si \u00faplne nov\u00fd \u00fa\u010det alebo sa prihl\u00e1ste do svojho s\u00fa\u010dasn\u00e9ho \u00fa\u010dtu, aby ste mohli prejs\u0165 procesom platby<\/li>\n<li>V pr\u00edpade \u00fa\u010dtov, ktor\u00e9 sa musia zaregistrova\u0165, sa uistite, \u017ee ste si skontrolovali e-mail, aby ste z\u00edskali overovac\u00ed odkaz a mohli za\u010da\u0165<\/li>\n<li>Ak ste nedostali e-mail do be\u017enej schr\u00e1nky, pozrite sa do prie\u010dinka so spamom a kliknite na odkaz na overenie<\/li>\n<li>Prejdite do n\u00e1kupn\u00e9ho ko\u0161\u00edka a zak\u00fapte si vstupenky<\/li>\n<li>Prejdite cez proces platby a z\u00edskajte svoje vstupenky<\/li>\n<\/ul>\n<h2>Ako zaplati\u0165 za svoj tiket Oz Lotto online<\/h2>\n<p>Pokia\u013e ide o platbu za va\u0161e tikety Oz Lotto, m\u00f4\u017eete si vybra\u0165 z nieko\u013ek\u00fdch r\u00f4znych \u00faplne bezpe\u010dn\u00fdch mo\u017enost\u00ed.<br \/>\nKa\u017ed\u00e1 z nich patr\u00ed do dvoch r\u00f4znych kateg\u00f3ri\u00ed:<\/p>\n<p>Zaplati\u0165 za objedn\u00e1vku \u013eubovo\u013en\u00fdm zvolen\u00fdm sp\u00f4sobom platby<br \/>\nvlo\u017ete peniaze na svoj aktu\u00e1lny hr\u00e1\u010dsky \u00fa\u010det a pou\u017eite ich na n\u00e1kup<\/p>\n<p>Ak sa chyst\u00e1te pou\u017ei\u0165 svoj hr\u00e1\u010dsky \u00fa\u010det, uistite sa, \u017ee ste vlo\u017eili viac pe\u0148az\u00ed, ako potrebujete na uskuto\u010dnenie n\u00e1kupu.<\/p>\n<h2>Viac inform\u00e1ci\u00ed o Oz Lotto<\/h2>\n<ul>\n<li>Viac inform\u00e1ci\u00ed n\u00e1jdete na str\u00e1nke: Austr\u00e1lia .<\/li>\n<li>Rozsah hlavn\u00fdch \u010d\u00edsel: 45<\/li>\n<li>V\u00e1\u0161 v\u00fdber: 7<\/li>\n<li>Dni, hodiny \u017erebovania: Utorok, 21:30 GMT+11, 10:30 CET<\/li>\n<li>Minim\u00e1lny jackpot: AU$ 2 mili\u00f3ny<\/li>\n<li>Maxim\u00e1lny jackpot: \u017eiadny<\/li>\n<li>Pravdepodobnos\u0165 v\u00fdhry: 1 ku 45379620<\/li>\n<li>Pravdepodobnos\u0165 v\u00fdhry \u00farovne 2: 1 ku 3241401<\/li>\n<li>Pravdepodobnos\u0165 v\u00fdhry v ktorejko\u013evek \u00farovni: 1 ku 54,59<\/li>\n<li>Po\u010det v\u00fdhern\u00fdch \u00farovn\u00ed: 7<\/li>\n<\/ul>\n<h2>V\u00fdhody n\u00e1kupu Oz Lotto l\u00edstkov online<\/h2>\n<ul>\n<li>Nemus\u00edte opusti\u0165 domov, aby ste si vybrali svoje tikety<\/li>\n<li>M\u00f4\u017eete si vybra\u0165 z mno\u017estva r\u00f4znych mo\u017enost\u00ed<\/li>\n<li>Pozrite si v\u00fd\u0161ku jackpotu a rozhodnite sa, ktor\u00fa lot\u00e9riu si chcete k\u00fapi\u0165<\/li>\n<li>Pridajte si peniaze priamo na hr\u00e1\u010dsky \u00fa\u010det a pou\u017eite ich na n\u00e1kup tiketov<\/li>\n<li>Nikdy sa nemus\u00edte ob\u00e1va\u0165, \u017ee svoje tikety strat\u00edte<\/li>\n<li>Dost\u00e1vajte ozn\u00e1menia, ak nie\u010do vyhr\u00e1te<\/li>\n<li>Vyu\u017eite mo\u017enos\u0165 r\u00fdchleho v\u00fdberu a z\u00edskajte tikety bez toho, aby ste si sami vyberali \u010d\u00edsla<\/li>\n<\/ul>\n<h2>Je leg\u00e1lne kupova\u0165 tikety Oz Lotto online?<\/h2>\n<p>Mo\u017eno si nie ste ist\u00ed, \u010di krajina v\u00e1\u0161ho bydliska povo\u013euje kupova\u0165 lot\u00e9riov\u00e9 tikety online alebo dokonca tradi\u010dn\u00fdm sp\u00f4sobom. No nemus\u00edte sa ob\u00e1va\u0165, \u010di u\u017e na Slovensku<br \/>\nalebo inde, preto\u017ee my sa postar\u00e1me o veci, pokia\u013e ide o predpisy pre krajinu, v ktorej sa hra hr\u00e1. Nemus\u00edte sa ob\u00e1va\u0165, \u010di je leg\u00e1lne vyu\u017e\u00edva\u0165 nami poskytovan\u00e9 slu\u017eby, pokia\u013e m\u00e1te aspo\u0148 18 rokov. Postar\u00e1me sa o to, aby ste dostali zaplaten\u00e9 bez oh\u013eadu na v\u0161etko.<\/p>\n<h2>Ako dostanem peniaze, ak vyhr\u00e1m Oz Lotto online?<\/h2>\n<p><img loading=\"lazy\" decoding=\"async\" class=\"alignright wp-image-3659\" src=\"https:\/\/onlinelotto365.com\/wp-content\/uploads\/2020\/11\/online_lottery-4-300x300.jpg\" alt=\"Oz lotto zo Spojen\u00e9ho kr\u00e1\u013eovstva\" width=\"246\" height=\"246\" srcset=\"https:\/\/onlinelotto365.com\/wp-content\/uploads\/2020\/11\/online_lottery-4-300x300.jpg 300w, https:\/\/onlinelotto365.com\/wp-content\/uploads\/2020\/11\/online_lottery-4-100x100.jpg 100w, https:\/\/onlinelotto365.com\/wp-content\/uploads\/2020\/11\/online_lottery-4-150x150.jpg 150w, https:\/\/onlinelotto365.com\/wp-content\/uploads\/2020\/11\/online_lottery-4.jpg 320w\" sizes=\"auto, (max-width: 246px) 100vw, 246px\" \/><br \/>\nPlatby s\u00fa d\u00f4le\u017eitou s\u00fa\u010das\u0165ou procesu, pokia\u013e ide o va\u0161e hranie lot\u00e9rie. Chceme sa uisti\u0165, \u017ee dostanete v\u0161etky svoje peniaze, a preto sa postar\u00e1me o to, aby v\u00e1m nebola \u00fa\u010dtovan\u00e1 prov\u00edzia, ke\u010f nie\u010do vyhr\u00e1te.<\/p>\n<p>Nebud\u00fa v\u00e1m tie\u017e \u00fa\u010dtovan\u00e9 \u017eiadne poplatky, pokia\u013e sa nerozhodnete pre bankov\u00fd prevod, aby ste svoje peniaze dostali na svoj \u00fa\u010det. V takom pr\u00edpade v\u00e1m bude pr\u00edpadne \u00fa\u010dtovan\u00fd poplatok vo v\u00fd\u0161ke, ktor\u00fa si banka \u00fa\u010dtuje za prevod.<\/p>\n<p><strong>V opa\u010dnom pr\u00edpade majte na pam\u00e4ti toto:<\/strong><\/p>\n<ul>\n<li>Ak vyhr\u00e1te menej ako 2500 EUR, peniaze sa na v\u00e1\u0161 \u00fa\u010det prip\u00ed\u0161u automaticky. Nemus\u00edte sa v\u00f4bec o ni\u010d stara\u0165<\/li>\n<li>Ak vyhr\u00e1te viac ako 2500 \u20ac, peniaze bud\u00fa musie\u0165 prejs\u0165 pr\u00edslu\u0161n\u00fdmi kan\u00e1lmi. To znamen\u00e1, \u017ee od n\u00e1s dostanete e-mail o vyplnen\u00ed formul\u00e1ra na uplatnenie n\u00e1rokov u lot\u00e9riovej komisie. Potom bud\u00fa peniaze preveden\u00e9 na v\u00e1\u0161 bankov\u00fd \u00fa\u010det alebo v\u00e1m bud\u00fa zaslan\u00e9 \u0161ekom priamo na v\u00e1\u0161 \u00fa\u010det.<\/li>\n<\/ul>\n","protected":false},"excerpt":{"rendered":"<p>M\u00e1te \u0161\u0165astie, preto\u017ee sme pre v\u00e1s pripravili postup, ktor\u00fd v\u00e1m pom\u00f4\u017ee z\u00edska\u0165 tikety Oz Lotto priamo tu a zo Slovenska. aj zo Slovenska. M\u00f4\u017eete si ich jednoducho k\u00fapi\u0165 online, ak sa budete riadi\u0165 t\u00fdmito jednoduch\u00fdmi krokmi, ktor\u00e9 sme pre v\u00e1s pripravili. Prejdite na str\u00e1nku lot\u00e9rie, ktor\u00fa chcete hra\u0165, a vyberte si po\u017eadovan\u00e9 \u010d\u00edsla. Alebo nechajte [&hellip;]<\/p>\n","protected":false},"author":1,"featured_media":0,"parent":5698,"menu_order":14,"comment_status":"closed","ping_status":"closed","template":"template-rightsidebar.php","meta":{"_et_pb_use_builder":"","_et_pb_old_content":"","_et_gb_content_width":"","exclude_from_search":false,"footnotes":""},"class_list":["post-80549","page","type-page","status-publish","hentry"],"yoast_head":"<!-- This site is optimized with the Yoast SEO plugin v23.4 - https:\/\/yoast.com\/wordpress\/plugins\/seo\/ -->\n<title>Z\u00edskanie vstupeniek na Oz Lotto online zo Slovenska<\/title>\n<meta name=\"description\" content=\"Z\u00edskajte tikety pre austr\u00e1lske Oz Lotto zo Slovenska\" \/>\n<meta name=\"robots\" content=\"index, follow, max-snippet:-1, max-image-preview:large, max-video-preview:-1\" \/>\n<link rel=\"canonical\" href=\"https:\/\/onlinelotto365.com\/sk\/kupit-listky\/oz-lotto\/\" \/>\n<meta property=\"og:locale\" content=\"sk_SK\" \/>\n<meta property=\"og:type\" content=\"article\" \/>\n<meta property=\"og:title\" content=\"Z\u00edskanie vstupeniek na Oz Lotto online zo Slovenska\" \/>\n<meta property=\"og:description\" content=\"Z\u00edskajte tikety pre austr\u00e1lske Oz Lotto zo Slovenska\" \/>\n<meta property=\"og:url\" content=\"https:\/\/onlinelotto365.com\/sk\/kupit-listky\/oz-lotto\/\" \/>\n<meta property=\"og:site_name\" content=\"OnlineLotto365\" \/>\n<meta property=\"og:image\" content=\"https:\/\/redfoxlotto.com\/image?size=8&amp;lottery=oz-lotto\" \/>\n<meta name=\"twitter:card\" content=\"summary_large_image\" \/>\n<meta name=\"twitter:label1\" content=\"Predpokladan\u00fd \u010das \u010d\u00edtania\" \/>\n\t<meta name=\"twitter:data1\" content=\"3 min\u00faty\" \/>\n<script type=\"application\/ld+json\" class=\"yoast-schema-graph\">{\"@context\":\"https:\/\/schema.org\",\"@graph\":[{\"@type\":\"WebPage\",\"@id\":\"https:\/\/onlinelotto365.com\/sk\/kupit-listky\/oz-lotto\/\",\"url\":\"https:\/\/onlinelotto365.com\/sk\/kupit-listky\/oz-lotto\/\",\"name\":\"Z\u00edskanie vstupeniek na Oz Lotto online zo Slovenska\",\"isPartOf\":{\"@id\":\"https:\/\/onlinelotto365.com\/sk\/#website\"},\"primaryImageOfPage\":{\"@id\":\"https:\/\/onlinelotto365.com\/sk\/kupit-listky\/oz-lotto\/#primaryimage\"},\"image\":{\"@id\":\"https:\/\/onlinelotto365.com\/sk\/kupit-listky\/oz-lotto\/#primaryimage\"},\"thumbnailUrl\":\"https:\/\/redfoxlotto.com\/image?size=8&amp;lottery=oz-lotto\",\"datePublished\":\"2022-11-21T11:01:20+00:00\",\"dateModified\":\"2022-11-21T11:01:20+00:00\",\"description\":\"Z\u00edskajte tikety pre austr\u00e1lske Oz Lotto zo Slovenska\",\"breadcrumb\":{\"@id\":\"https:\/\/onlinelotto365.com\/sk\/kupit-listky\/oz-lotto\/#breadcrumb\"},\"inLanguage\":\"sk-SK\",\"potentialAction\":[{\"@type\":\"ReadAction\",\"target\":[\"https:\/\/onlinelotto365.com\/sk\/kupit-listky\/oz-lotto\/\"]}]},{\"@type\":\"ImageObject\",\"inLanguage\":\"sk-SK\",\"@id\":\"https:\/\/onlinelotto365.com\/sk\/kupit-listky\/oz-lotto\/#primaryimage\",\"url\":\"https:\/\/redfoxlotto.com\/image?size=8&amp;lottery=oz-lotto\",\"contentUrl\":\"https:\/\/redfoxlotto.com\/image?size=8&amp;lottery=oz-lotto\"},{\"@type\":\"BreadcrumbList\",\"@id\":\"https:\/\/onlinelotto365.com\/sk\/kupit-listky\/oz-lotto\/#breadcrumb\",\"itemListElement\":[{\"@type\":\"ListItem\",\"position\":1,\"name\":\"Home\",\"item\":\"https:\/\/onlinelotto365.com\/sk\/\"},{\"@type\":\"ListItem\",\"position\":2,\"name\":\"Hranie svetov\u00e9ho lota\",\"item\":\"https:\/\/onlinelotto365.com\/sk\/kupit-listky\/\"},{\"@type\":\"ListItem\",\"position\":3,\"name\":\"Ako k\u00fapi\u0165 Oz Lotto vstupenky online\"}]},{\"@type\":\"WebSite\",\"@id\":\"https:\/\/onlinelotto365.com\/sk\/#website\",\"url\":\"https:\/\/onlinelotto365.com\/sk\/\",\"name\":\"OnlineLotto365\",\"description\":\"\",\"potentialAction\":[{\"@type\":\"SearchAction\",\"target\":{\"@type\":\"EntryPoint\",\"urlTemplate\":\"https:\/\/onlinelotto365.com\/sk\/?s={search_term_string}\"},\"query-input\":{\"@type\":\"PropertyValueSpecification\",\"valueRequired\":true,\"valueName\":\"search_term_string\"}}],\"inLanguage\":\"sk-SK\"}]}<\/script>\n<!-- \/ Yoast SEO plugin. -->","yoast_head_json":{"title":"Z\u00edskanie vstupeniek na Oz Lotto online zo Slovenska","description":"Z\u00edskajte tikety pre austr\u00e1lske Oz Lotto zo Slovenska","robots":{"index":"index","follow":"follow","max-snippet":"max-snippet:-1","max-image-preview":"max-image-preview:large","max-video-preview":"max-video-preview:-1"},"canonical":"https:\/\/onlinelotto365.com\/sk\/kupit-listky\/oz-lotto\/","og_locale":"sk_SK","og_type":"article","og_title":"Z\u00edskanie vstupeniek na Oz Lotto online zo Slovenska","og_description":"Z\u00edskajte tikety pre austr\u00e1lske Oz Lotto zo Slovenska","og_url":"https:\/\/onlinelotto365.com\/sk\/kupit-listky\/oz-lotto\/","og_site_name":"OnlineLotto365","og_image":[{"url":"https:\/\/redfoxlotto.com\/image?size=8&amp;lottery=oz-lotto"}],"twitter_card":"summary_large_image","twitter_misc":{"Predpokladan\u00fd \u010das \u010d\u00edtania":"3 min\u00faty"},"schema":{"@context":"https:\/\/schema.org","@graph":[{"@type":"WebPage","@id":"https:\/\/onlinelotto365.com\/sk\/kupit-listky\/oz-lotto\/","url":"https:\/\/onlinelotto365.com\/sk\/kupit-listky\/oz-lotto\/","name":"Z\u00edskanie vstupeniek na Oz Lotto online zo Slovenska","isPartOf":{"@id":"https:\/\/onlinelotto365.com\/sk\/#website"},"primaryImageOfPage":{"@id":"https:\/\/onlinelotto365.com\/sk\/kupit-listky\/oz-lotto\/#primaryimage"},"image":{"@id":"https:\/\/onlinelotto365.com\/sk\/kupit-listky\/oz-lotto\/#primaryimage"},"thumbnailUrl":"https:\/\/redfoxlotto.com\/image?size=8&amp;lottery=oz-lotto","datePublished":"2022-11-21T11:01:20+00:00","dateModified":"2022-11-21T11:01:20+00:00","description":"Z\u00edskajte tikety pre austr\u00e1lske Oz Lotto zo Slovenska","breadcrumb":{"@id":"https:\/\/onlinelotto365.com\/sk\/kupit-listky\/oz-lotto\/#breadcrumb"},"inLanguage":"sk-SK","potentialAction":[{"@type":"ReadAction","target":["https:\/\/onlinelotto365.com\/sk\/kupit-listky\/oz-lotto\/"]}]},{"@type":"ImageObject","inLanguage":"sk-SK","@id":"https:\/\/onlinelotto365.com\/sk\/kupit-listky\/oz-lotto\/#primaryimage","url":"https:\/\/redfoxlotto.com\/image?size=8&amp;lottery=oz-lotto","contentUrl":"https:\/\/redfoxlotto.com\/image?size=8&amp;lottery=oz-lotto"},{"@type":"BreadcrumbList","@id":"https:\/\/onlinelotto365.com\/sk\/kupit-listky\/oz-lotto\/#breadcrumb","itemListElement":[{"@type":"ListItem","position":1,"name":"Home","item":"https:\/\/onlinelotto365.com\/sk\/"},{"@type":"ListItem","position":2,"name":"Hranie svetov\u00e9ho lota","item":"https:\/\/onlinelotto365.com\/sk\/kupit-listky\/"},{"@type":"ListItem","position":3,"name":"Ako k\u00fapi\u0165 Oz Lotto vstupenky online"}]},{"@type":"WebSite","@id":"https:\/\/onlinelotto365.com\/sk\/#website","url":"https:\/\/onlinelotto365.com\/sk\/","name":"OnlineLotto365","description":"","potentialAction":[{"@type":"SearchAction","target":{"@type":"EntryPoint","urlTemplate":"https:\/\/onlinelotto365.com\/sk\/?s={search_term_string}"},"query-input":{"@type":"PropertyValueSpecification","valueRequired":true,"valueName":"search_term_string"}}],"inLanguage":"sk-SK"}]}},"_links":{"self":[{"href":"https:\/\/onlinelotto365.com\/sk\/wp-json\/wp\/v2\/pages\/80549","targetHints":{"allow":["GET"]}}],"collection":[{"href":"https:\/\/onlinelotto365.com\/sk\/wp-json\/wp\/v2\/pages"}],"about":[{"href":"https:\/\/onlinelotto365.com\/sk\/wp-json\/wp\/v2\/types\/page"}],"author":[{"embeddable":true,"href":"https:\/\/onlinelotto365.com\/sk\/wp-json\/wp\/v2\/users\/1"}],"replies":[{"embeddable":true,"href":"https:\/\/onlinelotto365.com\/sk\/wp-json\/wp\/v2\/comments?post=80549"}],"version-history":[{"count":0,"href":"https:\/\/onlinelotto365.com\/sk\/wp-json\/wp\/v2\/pages\/80549\/revisions"}],"up":[{"embeddable":true,"href":"https:\/\/onlinelotto365.com\/sk\/wp-json\/wp\/v2\/pages\/5698"}],"wp:attachment":[{"href":"https:\/\/onlinelotto365.com\/sk\/wp-json\/wp\/v2\/media?parent=80549"}],"curies":[{"name":"wp","href":"https:\/\/api.w.org\/{rel}","templated":true}]}}