{"id":80585,"date":"2022-11-21T14:18:26","date_gmt":"2022-11-21T13:18:26","guid":{"rendered":"https:\/\/onlinelotto365.com\/?page_id=80585"},"modified":"2022-11-21T14:18:26","modified_gmt":"2022-11-21T13:18:26","slug":"saturday-lotto-australia","status":"publish","type":"page","link":"https:\/\/onlinelotto365.com\/sk\/kupit-listky\/saturday-lotto-australia\/","title":{"rendered":"Ako k\u00fapi\u0165 sobotu Lotto Austr\u00e1lia vstupenky online"},"content":{"rendered":"<p>Ak ste si neboli celkom ist\u00ed, ako si k\u00fapi\u0165 tikety Saturday Lotto Australia online, ur\u010dite si pozrite tohto sprievodcu, ktor\u00fd v\u00e1m krok za krokom pom\u00f4\u017ee dosta\u0165 sa k tomu r\u00fdchlo. Nebudete sa musie\u0165 o ni\u010d stara\u0165, preto\u017ee v\u00e1m s t\u00fdm pom\u00f4\u017eeme.<br \/>\n<a href=\"https:\/\/redfoxlotto.com\/play\/saturday-lotto-au\/?ref=a8564250a2&amp;medium=ol365\" target=\"_blank\" rel=\"noopener noreferrer\"><img decoding=\"async\" class=\"aligncenter\" src=\"https:\/\/redfoxlotto.com\/image?size=8&amp;lottery=saturday-lotto-au\" alt=\"Saturday Lotto Australia\" \/><\/a><\/p>\n<ul>\n<li>Prejdite na str\u00e1nku pre Saturday Lotto Australia a vyberte si \u010d\u00edsla, ktor\u00e9 chcete hra\u0165 na jednotliv\u00fdch tiketoch.<\/li>\n<li>Pridajte \u010fal\u0161ie tikety pre t\u00fa ist\u00fa hru alebo pre r\u00f4zne hry<\/li>\n<li>Prejdite na mo\u017enos\u0165 zaplati\u0165 teraz<\/li>\n<li>Prihl\u00e1ste sa do svojho aktu\u00e1lneho \u00fa\u010dtu alebo vyberte mo\u017enos\u0165 registr\u00e1cie nov\u00e9ho \u00fa\u010dtu a postupujte pod\u013ea pokynov<\/li>\n<li>V pr\u00edpade nov\u00fdch \u00fa\u010dtov si skontrolujte svoju e-mailov\u00fa schr\u00e1nku, \u010di v\u00e1m nepr\u00edde potvrdzuj\u00faci e-mail s overovac\u00edm odkazom.<\/li>\n<li>Ak sa v\u00e1m potvrdzovac\u00ed e-mail nezobraz\u00ed, skontrolujte prie\u010dinok s nevy\u017eiadanou po\u0161tou a kliknite na odkaz<\/li>\n<li>Prejdite do n\u00e1kupn\u00e9ho ko\u0161\u00edka<\/li>\n<li>Vyberte mo\u017enos\u0165 platby, ktor\u00fa chcete pou\u017ei\u0165, a prejdite cez proces platby<\/li>\n<\/ul>\n<h2>Ako zaplati\u0165 za v\u00e1\u0161 Saturday Lotto Australia l\u00edstok online<\/h2>\n<p>Ke\u010f ste pripraven\u00ed k\u00fapi\u0165 si u n\u00e1s svoje \u010fal\u0161ie losy zo Slovenska, m\u00f4\u017eete pou\u017ei\u0165 jednu z mnoh\u00fdch r\u00f4znych bezpe\u010dn\u00fdch mo\u017enost\u00ed platby.<br \/>\nVyberte si z t\u00fdchto r\u00f4znych mo\u017enost\u00ed:<\/p>\n<p>Zapla\u0165te za objedn\u00e1vku priamo prostredn\u00edctvom preferovanej platobnej met\u00f3dy<br \/>\nVlo\u017ei\u0165 peniaze na svoj \u00fa\u010det a pou\u017ei\u0165 ich na n\u00e1kup tiketov<\/p>\n<p>Ak sa rozhodnete vlo\u017ei\u0165 peniaze na svoj \u00fa\u010det, nezabudnite prida\u0165 viac ako dostatok pe\u0148az\u00ed na n\u00e1kup.<\/p>\n<h2>Viac inform\u00e1ci\u00ed o Saturday Lotto Australia<\/h2>\n<ul>\n<li>Krajina: Austr\u00e1lia<\/li>\n<li>Rozsah hlavn\u00fdch \u010d\u00edsel: 45<\/li>\n<li>V\u00e1\u0161 v\u00fdber: 6<\/li>\n<li>Dni, hodiny \u017erebovania: Sobota, 21:30 GMT+11, 10:30 CET<\/li>\n<li>Minim\u00e1lny jackpot: AU$ 5 mili\u00f3nov<\/li>\n<li>Maxim\u00e1lny jackpot: AU$ 150 mili\u00f3nov<\/li>\n<li>Pravdepodobnos\u0165 v\u00fdhry jackpotu: 1 k 8145060<\/li>\n<li>Pravdepodobnos\u0165 v\u00fdhry \u00farovne 2: 1 ku 678755<\/li>\n<li>Pravdepodobnos\u0165 v\u00fdhry v ktorejko\u013evek \u00farovni: 1 ku 85,44<\/li>\n<li>Po\u010det v\u00fdhern\u00fdch \u00farovn\u00ed: 6<\/li>\n<\/ul>\n<h2>V\u00fdhody n\u00e1kupu Saturday Lotto Australia l\u00edstkov online<\/h2>\n<ul>\n<li>Z\u00edskajte tikety, ktor\u00e9 chcete, a nikdy nemus\u00edte vych\u00e1dza\u0165 z dver\u00ed<\/li>\n<li>Vyberte si z mno\u017estva r\u00f4znych lot\u00e9riov\u00fdch hier<\/li>\n<li>Z\u00edskajte v\u00e4\u010d\u0161iu \u0161ancu na v\u00fdhru, ak si vyberiete najv\u00e4\u010d\u0161ie jackpoty<\/li>\n<li>Vlo\u017ete si peniaze na \u00fa\u010det a potom za l\u00edstky zapla\u0165te<\/li>\n<li>Jednoducho sledujte svoje tikety<\/li>\n<li>Zaka\u017ed\u00fdm dost\u00e1vajte ozn\u00e1menia o v\u00fdhre<\/li>\n<li>Pomocou r\u00fdchleho v\u00fdberu m\u00f4\u017eete z\u00edska\u0165 tikety bez vyberania \u010d\u00edsel<\/li>\n<\/ul>\n<h2>Je leg\u00e1lne kupova\u0165 tikety Saturday Lotto Australia online?<\/h2>\n<p>Mo\u017eno ste nerv\u00f3zni z toho, \u010di si takto kupujete \u017ereby lot\u00e9rie, ke\u010f ste obyvate\u013eom Slovenska, \u010di je to v krajine v\u00e1\u0161ho bydliska skuto\u010dne leg\u00e1lne. Nu\u017e, nemus\u00edte sa ob\u00e1va\u0165, preto\u017ee sa postar\u00e1me o to, aby bolo v\u0161etko leg\u00e1lne pod\u013ea krajiny, v ktorej sa tikety kupuj\u00fa, vr\u00e1tane krajiny, v ktorej m\u00e1 lot\u00e9ria s\u00eddlo. Nemus\u00edte sa stara\u0165 o ni\u010d in\u00e9, len o to, aby ste sa uistili, \u017ee ste dostato\u010dne star\u00ed na to, aby ste si mohli k\u00fapi\u0165 tikety leg\u00e1lne. Na to, aby ste mohli pou\u017e\u00edva\u0165 na\u0161u webov\u00fa str\u00e1nku, mus\u00edte ma\u0165 18 rokov.<\/p>\n<h2>Ako dostanem peniaze, ak vyhr\u00e1m Saturday Lotto Australia online?<\/h2>\n<p><img loading=\"lazy\" decoding=\"async\" class=\"alignright wp-image-3694\" src=\"https:\/\/onlinelotto365.com\/wp-content\/uploads\/2020\/11\/online_lottery-11-300x300.jpeg\" alt=\"k\u00fapi\u0165 tikety Saturday Lotto online\" width=\"187\" height=\"187\" srcset=\"https:\/\/onlinelotto365.com\/wp-content\/uploads\/2020\/11\/online_lottery-11-300x300.jpeg 300w, https:\/\/onlinelotto365.com\/wp-content\/uploads\/2020\/11\/online_lottery-11-100x100.jpeg 100w, https:\/\/onlinelotto365.com\/wp-content\/uploads\/2020\/11\/online_lottery-11-150x150.jpeg 150w, https:\/\/onlinelotto365.com\/wp-content\/uploads\/2020\/11\/online_lottery-11.jpeg 480w\" sizes=\"auto, (max-width: 187px) 100vw, 187px\" \/><br \/>\nVieme, \u017ee nechcete, aby si niekto zobral podiel z va\u0161ej v\u00fdhry, a preto sa o to postar\u00e1me. Nikdy n\u00e1m nezaplat\u00edte prov\u00edziu, ke\u010f vyhr\u00e1te svoje ob\u013e\u00faben\u00e9 lot\u00e9riov\u00e9 hry. A nemus\u00edte sa ob\u00e1va\u0165 ani toho, \u017ee n\u00e1m zaplat\u00edte prov\u00edziu z v\u00fdhier.<\/p>\n<p>Jedin\u00fd pr\u00edpad, ke\u010f budete niekedy plati\u0165 poplatok, je, ak sa rozhodnete necha\u0165 si pouk\u00e1za\u0165 v\u00fdhru v lot\u00e9rii bankov\u00fdm prevodom, napr\u00edklad do banky na Slovensku. Tieto bankov\u00e9 prevody n\u00e1s niekedy m\u00f4\u017eu st\u00e1\u0165 poplatky, preto\u017ee banky si \u00fa\u010dtuj\u00fa poplatky za medzin\u00e1rodn\u00e9 prevody. Tento poplatok sa m\u00f4\u017ee prenies\u0165 na v\u00e1s a strhn\u00fa\u0165 z v\u00fdhry, ktor\u00fa ste z\u00edskali.<br \/>\n<strong>Ke\u010f pr\u00edde na v\u00fdplatu, sta\u010d\u00ed ma\u0165 na pam\u00e4ti:<\/strong><\/p>\n<ul>\n<li>Platby do 2500 EUR sa prip\u00ed\u0161u na v\u00e1\u0161 \u00fa\u010det. Nemus\u00edte robi\u0165 ni\u010d, preto\u017ee v\u0161etko urob\u00edme za v\u00e1s.<\/li>\n<li>Platby nad 2500 \u20ac sa vypl\u00e1caj\u00fa bankov\u00fdm prevodom alebo \u0161ekom. Kontaktova\u0165 v\u00e1s bude n\u00e1\u0161 t\u00edm podpory, aby ste vyplnili formul\u00e1r, ktor\u00fd n\u00e1m umo\u017en\u00ed zisti\u0165, ako v\u00e1m peniaze doru\u010di\u0165. Potom u\u017e len mus\u00edte po\u010dka\u0165 nieko\u013eko dn\u00ed, k\u00fdm v\u00e1m pr\u00eddu.<\/li>\n<\/ul>\n","protected":false},"excerpt":{"rendered":"<p>Ak ste si neboli celkom ist\u00ed, ako si k\u00fapi\u0165 tikety Saturday Lotto Australia online, ur\u010dite si pozrite tohto sprievodcu, ktor\u00fd v\u00e1m krok za krokom pom\u00f4\u017ee dosta\u0165 sa k tomu r\u00fdchlo. Nebudete sa musie\u0165 o ni\u010d stara\u0165, preto\u017ee v\u00e1m s t\u00fdm pom\u00f4\u017eeme. Prejdite na str\u00e1nku pre Saturday Lotto Australia a vyberte si \u010d\u00edsla, ktor\u00e9 chcete hra\u0165 [&hellip;]<\/p>\n","protected":false},"author":1,"featured_media":0,"parent":5698,"menu_order":15,"comment_status":"closed","ping_status":"closed","template":"saturday-lotto-info.php","meta":{"_et_pb_use_builder":"","_et_pb_old_content":"","_et_gb_content_width":"","exclude_from_search":false,"footnotes":""},"class_list":["post-80585","page","type-page","status-publish","hentry"],"yoast_head":"<!-- This site is optimized with the Yoast SEO plugin v23.4 - https:\/\/yoast.com\/wordpress\/plugins\/seo\/ -->\n<title>Ako z\u00edska\u0165 vstupenky na Saturday Lotto Australia, ak ste obyvate\u013eom Slovenska<\/title>\n<meta name=\"description\" content=\"Obyvatelia Slovenska si teraz m\u00f4\u017eu k\u00fapi\u0165 tikety na Saturday lotto Australia\" \/>\n<meta name=\"robots\" content=\"index, follow, max-snippet:-1, max-image-preview:large, max-video-preview:-1\" \/>\n<link rel=\"canonical\" href=\"https:\/\/onlinelotto365.com\/sk\/kupit-listky\/saturday-lotto-australia\/\" \/>\n<meta property=\"og:locale\" content=\"sk_SK\" \/>\n<meta property=\"og:type\" content=\"article\" \/>\n<meta property=\"og:title\" content=\"Ako z\u00edska\u0165 vstupenky na Saturday Lotto Australia, ak ste obyvate\u013eom Slovenska\" \/>\n<meta property=\"og:description\" content=\"Obyvatelia Slovenska si teraz m\u00f4\u017eu k\u00fapi\u0165 tikety na Saturday lotto Australia\" \/>\n<meta property=\"og:url\" content=\"https:\/\/onlinelotto365.com\/sk\/kupit-listky\/saturday-lotto-australia\/\" \/>\n<meta property=\"og:site_name\" content=\"OnlineLotto365\" \/>\n<meta property=\"og:image\" content=\"https:\/\/redfoxlotto.com\/image?size=8&amp;lottery=saturday-lotto-au\" \/>\n<meta name=\"twitter:card\" content=\"summary_large_image\" \/>\n<meta name=\"twitter:label1\" content=\"Predpokladan\u00fd \u010das \u010d\u00edtania\" \/>\n\t<meta name=\"twitter:data1\" content=\"3 min\u00faty\" \/>\n<script type=\"application\/ld+json\" class=\"yoast-schema-graph\">{\"@context\":\"https:\/\/schema.org\",\"@graph\":[{\"@type\":\"WebPage\",\"@id\":\"https:\/\/onlinelotto365.com\/sk\/kupit-listky\/saturday-lotto-australia\/\",\"url\":\"https:\/\/onlinelotto365.com\/sk\/kupit-listky\/saturday-lotto-australia\/\",\"name\":\"Ako z\u00edska\u0165 vstupenky na Saturday Lotto Australia, ak ste obyvate\u013eom Slovenska\",\"isPartOf\":{\"@id\":\"https:\/\/onlinelotto365.com\/sk\/#website\"},\"primaryImageOfPage\":{\"@id\":\"https:\/\/onlinelotto365.com\/sk\/kupit-listky\/saturday-lotto-australia\/#primaryimage\"},\"image\":{\"@id\":\"https:\/\/onlinelotto365.com\/sk\/kupit-listky\/saturday-lotto-australia\/#primaryimage\"},\"thumbnailUrl\":\"https:\/\/redfoxlotto.com\/image?size=8&amp;lottery=saturday-lotto-au\",\"datePublished\":\"2022-11-21T13:18:26+00:00\",\"dateModified\":\"2022-11-21T13:18:26+00:00\",\"description\":\"Obyvatelia Slovenska si teraz m\u00f4\u017eu k\u00fapi\u0165 tikety na Saturday lotto Australia\",\"breadcrumb\":{\"@id\":\"https:\/\/onlinelotto365.com\/sk\/kupit-listky\/saturday-lotto-australia\/#breadcrumb\"},\"inLanguage\":\"sk-SK\",\"potentialAction\":[{\"@type\":\"ReadAction\",\"target\":[\"https:\/\/onlinelotto365.com\/sk\/kupit-listky\/saturday-lotto-australia\/\"]}]},{\"@type\":\"ImageObject\",\"inLanguage\":\"sk-SK\",\"@id\":\"https:\/\/onlinelotto365.com\/sk\/kupit-listky\/saturday-lotto-australia\/#primaryimage\",\"url\":\"https:\/\/redfoxlotto.com\/image?size=8&amp;lottery=saturday-lotto-au\",\"contentUrl\":\"https:\/\/redfoxlotto.com\/image?size=8&amp;lottery=saturday-lotto-au\"},{\"@type\":\"BreadcrumbList\",\"@id\":\"https:\/\/onlinelotto365.com\/sk\/kupit-listky\/saturday-lotto-australia\/#breadcrumb\",\"itemListElement\":[{\"@type\":\"ListItem\",\"position\":1,\"name\":\"Home\",\"item\":\"https:\/\/onlinelotto365.com\/sk\/\"},{\"@type\":\"ListItem\",\"position\":2,\"name\":\"Hranie svetov\u00e9ho lota\",\"item\":\"https:\/\/onlinelotto365.com\/sk\/kupit-listky\/\"},{\"@type\":\"ListItem\",\"position\":3,\"name\":\"Ako k\u00fapi\u0165 sobotu Lotto Austr\u00e1lia vstupenky online\"}]},{\"@type\":\"WebSite\",\"@id\":\"https:\/\/onlinelotto365.com\/sk\/#website\",\"url\":\"https:\/\/onlinelotto365.com\/sk\/\",\"name\":\"OnlineLotto365\",\"description\":\"\",\"potentialAction\":[{\"@type\":\"SearchAction\",\"target\":{\"@type\":\"EntryPoint\",\"urlTemplate\":\"https:\/\/onlinelotto365.com\/sk\/?s={search_term_string}\"},\"query-input\":{\"@type\":\"PropertyValueSpecification\",\"valueRequired\":true,\"valueName\":\"search_term_string\"}}],\"inLanguage\":\"sk-SK\"}]}<\/script>\n<!-- \/ Yoast SEO plugin. -->","yoast_head_json":{"title":"Ako z\u00edska\u0165 vstupenky na Saturday Lotto Australia, ak ste obyvate\u013eom Slovenska","description":"Obyvatelia Slovenska si teraz m\u00f4\u017eu k\u00fapi\u0165 tikety na Saturday lotto Australia","robots":{"index":"index","follow":"follow","max-snippet":"max-snippet:-1","max-image-preview":"max-image-preview:large","max-video-preview":"max-video-preview:-1"},"canonical":"https:\/\/onlinelotto365.com\/sk\/kupit-listky\/saturday-lotto-australia\/","og_locale":"sk_SK","og_type":"article","og_title":"Ako z\u00edska\u0165 vstupenky na Saturday Lotto Australia, ak ste obyvate\u013eom Slovenska","og_description":"Obyvatelia Slovenska si teraz m\u00f4\u017eu k\u00fapi\u0165 tikety na Saturday lotto Australia","og_url":"https:\/\/onlinelotto365.com\/sk\/kupit-listky\/saturday-lotto-australia\/","og_site_name":"OnlineLotto365","og_image":[{"url":"https:\/\/redfoxlotto.com\/image?size=8&amp;lottery=saturday-lotto-au"}],"twitter_card":"summary_large_image","twitter_misc":{"Predpokladan\u00fd \u010das \u010d\u00edtania":"3 min\u00faty"},"schema":{"@context":"https:\/\/schema.org","@graph":[{"@type":"WebPage","@id":"https:\/\/onlinelotto365.com\/sk\/kupit-listky\/saturday-lotto-australia\/","url":"https:\/\/onlinelotto365.com\/sk\/kupit-listky\/saturday-lotto-australia\/","name":"Ako z\u00edska\u0165 vstupenky na Saturday Lotto Australia, ak ste obyvate\u013eom Slovenska","isPartOf":{"@id":"https:\/\/onlinelotto365.com\/sk\/#website"},"primaryImageOfPage":{"@id":"https:\/\/onlinelotto365.com\/sk\/kupit-listky\/saturday-lotto-australia\/#primaryimage"},"image":{"@id":"https:\/\/onlinelotto365.com\/sk\/kupit-listky\/saturday-lotto-australia\/#primaryimage"},"thumbnailUrl":"https:\/\/redfoxlotto.com\/image?size=8&amp;lottery=saturday-lotto-au","datePublished":"2022-11-21T13:18:26+00:00","dateModified":"2022-11-21T13:18:26+00:00","description":"Obyvatelia Slovenska si teraz m\u00f4\u017eu k\u00fapi\u0165 tikety na Saturday lotto Australia","breadcrumb":{"@id":"https:\/\/onlinelotto365.com\/sk\/kupit-listky\/saturday-lotto-australia\/#breadcrumb"},"inLanguage":"sk-SK","potentialAction":[{"@type":"ReadAction","target":["https:\/\/onlinelotto365.com\/sk\/kupit-listky\/saturday-lotto-australia\/"]}]},{"@type":"ImageObject","inLanguage":"sk-SK","@id":"https:\/\/onlinelotto365.com\/sk\/kupit-listky\/saturday-lotto-australia\/#primaryimage","url":"https:\/\/redfoxlotto.com\/image?size=8&amp;lottery=saturday-lotto-au","contentUrl":"https:\/\/redfoxlotto.com\/image?size=8&amp;lottery=saturday-lotto-au"},{"@type":"BreadcrumbList","@id":"https:\/\/onlinelotto365.com\/sk\/kupit-listky\/saturday-lotto-australia\/#breadcrumb","itemListElement":[{"@type":"ListItem","position":1,"name":"Home","item":"https:\/\/onlinelotto365.com\/sk\/"},{"@type":"ListItem","position":2,"name":"Hranie svetov\u00e9ho lota","item":"https:\/\/onlinelotto365.com\/sk\/kupit-listky\/"},{"@type":"ListItem","position":3,"name":"Ako k\u00fapi\u0165 sobotu Lotto Austr\u00e1lia vstupenky online"}]},{"@type":"WebSite","@id":"https:\/\/onlinelotto365.com\/sk\/#website","url":"https:\/\/onlinelotto365.com\/sk\/","name":"OnlineLotto365","description":"","potentialAction":[{"@type":"SearchAction","target":{"@type":"EntryPoint","urlTemplate":"https:\/\/onlinelotto365.com\/sk\/?s={search_term_string}"},"query-input":{"@type":"PropertyValueSpecification","valueRequired":true,"valueName":"search_term_string"}}],"inLanguage":"sk-SK"}]}},"_links":{"self":[{"href":"https:\/\/onlinelotto365.com\/sk\/wp-json\/wp\/v2\/pages\/80585","targetHints":{"allow":["GET"]}}],"collection":[{"href":"https:\/\/onlinelotto365.com\/sk\/wp-json\/wp\/v2\/pages"}],"about":[{"href":"https:\/\/onlinelotto365.com\/sk\/wp-json\/wp\/v2\/types\/page"}],"author":[{"embeddable":true,"href":"https:\/\/onlinelotto365.com\/sk\/wp-json\/wp\/v2\/users\/1"}],"replies":[{"embeddable":true,"href":"https:\/\/onlinelotto365.com\/sk\/wp-json\/wp\/v2\/comments?post=80585"}],"version-history":[{"count":0,"href":"https:\/\/onlinelotto365.com\/sk\/wp-json\/wp\/v2\/pages\/80585\/revisions"}],"up":[{"embeddable":true,"href":"https:\/\/onlinelotto365.com\/sk\/wp-json\/wp\/v2\/pages\/5698"}],"wp:attachment":[{"href":"https:\/\/onlinelotto365.com\/sk\/wp-json\/wp\/v2\/media?parent=80585"}],"curies":[{"name":"wp","href":"https:\/\/api.w.org\/{rel}","templated":true}]}}