{"id":80610,"date":"2022-11-22T08:21:34","date_gmt":"2022-11-22T07:21:34","guid":{"rendered":"https:\/\/onlinelotto365.com\/?page_id=80610"},"modified":"2022-11-22T08:21:34","modified_gmt":"2022-11-22T07:21:34","slug":"mon-wed-lotto","status":"publish","type":"page","link":"https:\/\/onlinelotto365.com\/sk\/kupit-listky\/mon-wed-lotto\/","title":{"rendered":"Ako k\u00fapi\u0165 Mon &#038; Wed Lotto Australia vstupenky online"},"content":{"rendered":"<p>Sp\u00edsali sme r\u00f4zne kroky, ktor\u00e9 mus\u00edte dodr\u017ea\u0165, ak si chcete k\u00fapi\u0165 tikety Mon &amp; Wed Lotto Australia z na\u0161ej webovej str\u00e1nky. Je to jednoduch\u00e9 a \u013eahk\u00e9, a ke\u010f prejdete t\u00fdmito krokmi, zist\u00edte, \u017ee m\u00e1te svoje tikety r\u00fdchlo pripraven\u00e9.<br \/>\n<a href=\"https:\/\/redfoxlotto.com\/play\/monday-wednesday-lotto-au\/?ref=a8564250a2&amp;medium=ol365\" target=\"_blank\" rel=\"noopener noreferrer\"><img decoding=\"async\" class=\"aligncenter\" src=\"https:\/\/redfoxlotto.com\/image?size=8&amp;lottery=monday-wednesday-lotto-au\" alt=\"Mon &amp;amp; Wed Lotto Australia\" \/><\/a><\/p>\n<ul>\n<li>Prejdite na str\u00e1nku lot\u00e9rie, ktor\u00fa chcete hra\u0165, a vyberte si \u010d\u00edsla, ktor\u00e9 budete hra\u0165 na jednotliv\u00fdch tiketoch.<\/li>\n<li>Pridajte to\u013eko tiketov pre t\u00fato alebo in\u00fa hru, ko\u013eko chcete, aby ste vytvorili objedn\u00e1vku<\/li>\n<li>Vyberte mo\u017enos\u0165 zaplati\u0165 teraz<\/li>\n<li>Prihl\u00e1ste sa do svojho aktu\u00e1lneho \u00fa\u010dtu alebo prejdite procesom vytvorenia nov\u00e9ho \u00fa\u010dtu a jeho registr\u00e1cie<\/li>\n<li>Prejdite na svoj e-mail a z\u00edskajte overovac\u00ed odkaz na registr\u00e1ciu \u00fa\u010dtu a n\u00e1kup<\/li>\n<li>Ak e-mail nevid\u00edte v prie\u010dinku doru\u010denej po\u0161ty, skontrolujte, \u010di tam nebol omylom odoslan\u00fd.<\/li>\n<li>Prejdite cez proces objedn\u00e1vky v n\u00e1kupnom ko\u0161\u00edku<\/li>\n<li>Vyberte si sp\u00f4sob platby, ktor\u00fd chcete pou\u017ei\u0165, a postupujte pod\u013ea pokynov na spracovanie platby<\/li>\n<\/ul>\n<h2>Ako zaplati\u0165 za v\u00e1\u0161 Mon &amp; Wed Lotto Australia l\u00edstok online<\/h2>\n<p>Pokia\u013e ide o platbu, m\u00e1te nieko\u013eko r\u00f4znych \u00faplne bezpe\u010dn\u00fdch mo\u017enost\u00ed. Sta\u010d\u00ed, ak sa pozriete sem a zist\u00edte, ak\u00e9 bud\u00fa niektor\u00e9 z t\u00fdchto mo\u017enost\u00ed.<br \/>\nSvoje tikety z\u00edskate v\u00fdberom jednej z dvoch mo\u017enost\u00ed:<\/p>\n<p>Zapla\u0165te priamo pomocou platobnej met\u00f3dy pod\u013ea vlastn\u00e9ho v\u00fdberu<br \/>\nPridajte si peniaze na hr\u00e1\u010dsky \u00fa\u010det a pou\u017eite ho na n\u00e1kup vstupeniek<\/p>\n<p>Neurobte chybu, ak na svoj \u00fa\u010det vlo\u017e\u00edte pr\u00edli\u0161 m\u00e1lo pe\u0148az\u00ed na zaplatenie vstupeniek. Potrebujete o nie\u010do viac, ako je suma v\u00e1\u0161ho ko\u0161\u00edka.<\/p>\n<h2>Viac inform\u00e1ci\u00ed o programe Mon &amp; Wed Lotto Australia<\/h2>\n<ul>\n<li>Austr\u00e1lia<\/li>\n<li>Rozsah hlavn\u00fdch \u010d\u00edsel: 45<\/li>\n<li>V\u00e1\u0161 v\u00fdber: 6<\/li>\n<li>Dni, hodiny \u017erebovania: Pondelok, streda, 21:30 GMT+11, 10:30 CET<\/li>\n<li>Minim\u00e1lny jackpot: AU$ 2,5 mili\u00f3na<\/li>\n<li>Maxim\u00e1lny jackpot: fixn\u00fd jackpot<\/li>\n<li>Pravdepodobnos\u0165 v\u00fdhry jackpotu: 1 k 8145060<\/li>\n<li>Pravdepodobnos\u0165 v\u00fdhry \u00farovne 2: 1 k 678755<\/li>\n<li>Pravdepodobnos\u0165 v\u00fdhry v ktorejko\u013evek \u00farovni: 1 ku 85,44<\/li>\n<li>Po\u010det v\u00fdhern\u00fdch \u00farovn\u00ed: 6<\/li>\n<\/ul>\n<h2>V\u00fdhody n\u00e1kupu Mon &amp; Wed Lotto Australia l\u00edstkov online<\/h2>\n<ul>\n<li>Z\u00edskajte losy lotto z domova bez toho, aby ste sa museli ob\u00e1va\u0165 chodi\u0165 von<\/li>\n<li>Vyberte si zo v\u0161etk\u00fdch svojich ob\u013e\u00faben\u00fdch tiketov a e\u0161te zop\u00e1r \u010fal\u0161\u00edch<\/li>\n<li>Z\u00edskajte lep\u0161ie \u0161ance v\u00fdberom hier s najvy\u0161\u0161\u00edmi jackpotmi<\/li>\n<li>Pou\u017eite zostatok na \u00fa\u010dte na n\u00e1kup tiketov vlo\u017een\u00edm pe\u0148az\u00ed<\/li>\n<li>Sledujte svoje tikety prostredn\u00edctvom online \u00fa\u010dtu<\/li>\n<li>Dost\u00e1vajte ozn\u00e1menia v\u017edy, ke\u010f m\u00e1te v\u00fdhern\u00fd tiket<\/li>\n<li>Pou\u017eite gener\u00e1tor n\u00e1hodn\u00fdch \u010d\u00edsel na v\u00fdber tiketov za v\u00e1s<\/li>\n<\/ul>\n<h2>Je leg\u00e1lne kupova\u0165 tikety Mon &amp; Wed Lotto Australia online?<\/h2>\n<p>Mnoh\u00ed \u013eudia sa ob\u00e1vaj\u00fa, \u017ee n\u00e1kup tiketov online je nez\u00e1konn\u00fd alebo \u017ee ich n\u00e1kup tradi\u010dn\u00fdm sp\u00f4sobom m\u00f4\u017ee by\u0165 v ich domovskej krajine nez\u00e1konn\u00fd. No my db\u00e1me na to, aby boli dodr\u017ean\u00e9 v\u0161etky predpisy krajiny, z ktorej poch\u00e1dza samotn\u00e1 lot\u00e9ria. Postar\u00e1me sa o to, aby ste dostali aj svoje v\u00fdhry v lot\u00e9rii. \u010ci u\u017e vyhr\u00e1te mal\u00fa alebo ve\u013ek\u00fa v\u00fdhru, pom\u00f4\u017eeme v\u00e1m z\u00edska\u0165 to, \u010do h\u013ead\u00e1te a na \u010do m\u00e1te n\u00e1rok.<br \/>\nV\u0161etci pou\u017e\u00edvatelia na\u0161ej webovej str\u00e1nky musia ma\u0165 minim\u00e1lne 18 rokov.<\/p>\n<h2>Ako dostanem peniaze, ak vyhr\u00e1m Mon &amp; Wed Lotto Australia online?<\/h2>\n<p><img loading=\"lazy\" decoding=\"async\" class=\"alignright wp-image-3685\" src=\"https:\/\/onlinelotto365.com\/wp-content\/uploads\/2020\/11\/online_lottery-4-300x192.jpeg\" alt=\"mon wed lotto australia online\" width=\"255\" height=\"163\" srcset=\"https:\/\/onlinelotto365.com\/wp-content\/uploads\/2020\/11\/online_lottery-4-300x192.jpeg 300w, https:\/\/onlinelotto365.com\/wp-content\/uploads\/2020\/11\/online_lottery-4-600x383.jpeg 600w, https:\/\/onlinelotto365.com\/wp-content\/uploads\/2020\/11\/online_lottery-4.jpeg 751w\" sizes=\"auto, (max-width: 255px) 100vw, 255px\" \/><br \/>\nDosta\u0165 v\u00fdhru k na\u0161im z\u00e1kazn\u00edkom je najd\u00f4le\u017eitej\u0161ia \u010das\u0165 procesu a my to rob\u00edme tak, \u017ee zabezpe\u010dujeme, aby neexistovali \u017eiadne prov\u00edzie. Nemus\u00edte sa ob\u00e1va\u0165, \u017ee by sme si z va\u0161ej v\u00fdhry nie\u010do strhli, pokia\u013e sa nerozhodnete pre bankov\u00fd prevod.<br \/>\nTento sp\u00f4sob platby, najm\u00e4 ak sa vykon\u00e1va ako medzin\u00e1rodn\u00e1 transakcia, by n\u00e1s mohol st\u00e1\u0165, ke\u010f si banka \u00fa\u010dtuje poplatky. Ak sa tak stane, n\u00e1klady m\u00f4\u017eu by\u0165 prenesen\u00e9 na v\u00e1s a stiahnut\u00e9 z va\u0161ej v\u00fdhry.<br \/>\nExistuj\u00fa dva r\u00f4zne sp\u00f4soby, ktor\u00fdmi sa platby vykon\u00e1vaj\u00fa.<\/p>\n<ul>\n<li>Platby, ktor\u00e9 bud\u00fa ni\u017e\u0161ie ako 2500 EUR, sa uskuto\u010dnia bez v\u00e1\u0161ho pri\u010dinenia. N\u00e1\u0161 t\u00edm sa postar\u00e1 o to, aby boli peniaze pouk\u00e1zan\u00e9 priamo na v\u00e1\u0161 \u00fa\u010det.<\/li>\n<li>V\u00fdhry, ktor\u00e9 s\u00fa vy\u0161\u0161ie ako 2500 \u20ac, sa sprac\u00favaj\u00fa in\u00fdm sp\u00f4sobom. Tieto sumy je potrebn\u00e9 spracova\u0165 s lot\u00e9riovou komisiou, \u010do znamen\u00e1, \u017ee potrebujeme vyplni\u0165 formul\u00e1r \u017eiadosti. Tento formul\u00e1r v\u00e1m za\u0161leme a vy ho mus\u00edte len vyplni\u0165 a ozn\u00e1mi\u0165 n\u00e1m, \u010di chcete peniaze z\u00edska\u0165 bankov\u00fdm prevodom alebo \u0161ekom.<\/li>\n<\/ul>\n","protected":false},"excerpt":{"rendered":"<p>Sp\u00edsali sme r\u00f4zne kroky, ktor\u00e9 mus\u00edte dodr\u017ea\u0165, ak si chcete k\u00fapi\u0165 tikety Mon &amp; Wed Lotto Australia z na\u0161ej webovej str\u00e1nky. Je to jednoduch\u00e9 a \u013eahk\u00e9, a ke\u010f prejdete t\u00fdmito krokmi, zist\u00edte, \u017ee m\u00e1te svoje tikety r\u00fdchlo pripraven\u00e9. Prejdite na str\u00e1nku lot\u00e9rie, ktor\u00fa chcete hra\u0165, a vyberte si \u010d\u00edsla, ktor\u00e9 budete hra\u0165 na jednotliv\u00fdch tiketoch. [&hellip;]<\/p>\n","protected":false},"author":1,"featured_media":0,"parent":5698,"menu_order":16,"comment_status":"closed","ping_status":"closed","template":"template-rightsidebar.php","meta":{"_et_pb_use_builder":"","_et_pb_old_content":"","_et_gb_content_width":"","exclude_from_search":false,"footnotes":""},"class_list":["post-80610","page","type-page","status-publish","hentry"],"yoast_head":"<!-- This site is optimized with the Yoast SEO plugin v23.4 - https:\/\/yoast.com\/wordpress\/plugins\/seo\/ -->\n<title>Online n\u00e1kup l\u00edstkov pre Mon &amp; Wed Lotto Australia<\/title>\n<meta name=\"description\" content=\"Nez\u00e1le\u017e\u00ed na tom, kde \u017eijete, a teraz je jedno, \u010do h\u013ead\u00e1te, tikety Mon &amp; Wed Lotto Australia m\u00f4\u017eete z\u00edska\u0165 tu!\" \/>\n<meta name=\"robots\" content=\"index, follow, max-snippet:-1, max-image-preview:large, max-video-preview:-1\" \/>\n<link rel=\"canonical\" href=\"https:\/\/onlinelotto365.com\/sk\/kupit-listky\/mon-wed-lotto\/\" \/>\n<meta property=\"og:locale\" content=\"sk_SK\" \/>\n<meta property=\"og:type\" content=\"article\" \/>\n<meta property=\"og:title\" content=\"Online n\u00e1kup l\u00edstkov pre Mon &amp; Wed Lotto Australia\" \/>\n<meta property=\"og:description\" content=\"Nez\u00e1le\u017e\u00ed na tom, kde \u017eijete, a teraz je jedno, \u010do h\u013ead\u00e1te, tikety Mon &amp; Wed Lotto Australia m\u00f4\u017eete z\u00edska\u0165 tu!\" \/>\n<meta property=\"og:url\" content=\"https:\/\/onlinelotto365.com\/sk\/kupit-listky\/mon-wed-lotto\/\" \/>\n<meta property=\"og:site_name\" content=\"OnlineLotto365\" \/>\n<meta property=\"og:image\" content=\"https:\/\/redfoxlotto.com\/image?size=8&amp;lottery=monday-wednesday-lotto-au\" \/>\n<meta name=\"twitter:card\" content=\"summary_large_image\" \/>\n<meta name=\"twitter:label1\" content=\"Predpokladan\u00fd \u010das \u010d\u00edtania\" \/>\n\t<meta name=\"twitter:data1\" content=\"4 min\u00faty\" \/>\n<script type=\"application\/ld+json\" class=\"yoast-schema-graph\">{\"@context\":\"https:\/\/schema.org\",\"@graph\":[{\"@type\":\"WebPage\",\"@id\":\"https:\/\/onlinelotto365.com\/sk\/kupit-listky\/mon-wed-lotto\/\",\"url\":\"https:\/\/onlinelotto365.com\/sk\/kupit-listky\/mon-wed-lotto\/\",\"name\":\"Online n\u00e1kup l\u00edstkov pre Mon & Wed Lotto Australia\",\"isPartOf\":{\"@id\":\"https:\/\/onlinelotto365.com\/sk\/#website\"},\"primaryImageOfPage\":{\"@id\":\"https:\/\/onlinelotto365.com\/sk\/kupit-listky\/mon-wed-lotto\/#primaryimage\"},\"image\":{\"@id\":\"https:\/\/onlinelotto365.com\/sk\/kupit-listky\/mon-wed-lotto\/#primaryimage\"},\"thumbnailUrl\":\"https:\/\/redfoxlotto.com\/image?size=8&amp;lottery=monday-wednesday-lotto-au\",\"datePublished\":\"2022-11-22T07:21:34+00:00\",\"dateModified\":\"2022-11-22T07:21:34+00:00\",\"description\":\"Nez\u00e1le\u017e\u00ed na tom, kde \u017eijete, a teraz je jedno, \u010do h\u013ead\u00e1te, tikety Mon & Wed Lotto Australia m\u00f4\u017eete z\u00edska\u0165 tu!\",\"breadcrumb\":{\"@id\":\"https:\/\/onlinelotto365.com\/sk\/kupit-listky\/mon-wed-lotto\/#breadcrumb\"},\"inLanguage\":\"sk-SK\",\"potentialAction\":[{\"@type\":\"ReadAction\",\"target\":[\"https:\/\/onlinelotto365.com\/sk\/kupit-listky\/mon-wed-lotto\/\"]}]},{\"@type\":\"ImageObject\",\"inLanguage\":\"sk-SK\",\"@id\":\"https:\/\/onlinelotto365.com\/sk\/kupit-listky\/mon-wed-lotto\/#primaryimage\",\"url\":\"https:\/\/redfoxlotto.com\/image?size=8&amp;lottery=monday-wednesday-lotto-au\",\"contentUrl\":\"https:\/\/redfoxlotto.com\/image?size=8&amp;lottery=monday-wednesday-lotto-au\"},{\"@type\":\"BreadcrumbList\",\"@id\":\"https:\/\/onlinelotto365.com\/sk\/kupit-listky\/mon-wed-lotto\/#breadcrumb\",\"itemListElement\":[{\"@type\":\"ListItem\",\"position\":1,\"name\":\"Home\",\"item\":\"https:\/\/onlinelotto365.com\/sk\/\"},{\"@type\":\"ListItem\",\"position\":2,\"name\":\"Hranie svetov\u00e9ho lota\",\"item\":\"https:\/\/onlinelotto365.com\/sk\/kupit-listky\/\"},{\"@type\":\"ListItem\",\"position\":3,\"name\":\"Ako k\u00fapi\u0165 Mon &#038; Wed Lotto Australia vstupenky online\"}]},{\"@type\":\"WebSite\",\"@id\":\"https:\/\/onlinelotto365.com\/sk\/#website\",\"url\":\"https:\/\/onlinelotto365.com\/sk\/\",\"name\":\"OnlineLotto365\",\"description\":\"\",\"potentialAction\":[{\"@type\":\"SearchAction\",\"target\":{\"@type\":\"EntryPoint\",\"urlTemplate\":\"https:\/\/onlinelotto365.com\/sk\/?s={search_term_string}\"},\"query-input\":{\"@type\":\"PropertyValueSpecification\",\"valueRequired\":true,\"valueName\":\"search_term_string\"}}],\"inLanguage\":\"sk-SK\"}]}<\/script>\n<!-- \/ Yoast SEO plugin. -->","yoast_head_json":{"title":"Online n\u00e1kup l\u00edstkov pre Mon & Wed Lotto Australia","description":"Nez\u00e1le\u017e\u00ed na tom, kde \u017eijete, a teraz je jedno, \u010do h\u013ead\u00e1te, tikety Mon & Wed Lotto Australia m\u00f4\u017eete z\u00edska\u0165 tu!","robots":{"index":"index","follow":"follow","max-snippet":"max-snippet:-1","max-image-preview":"max-image-preview:large","max-video-preview":"max-video-preview:-1"},"canonical":"https:\/\/onlinelotto365.com\/sk\/kupit-listky\/mon-wed-lotto\/","og_locale":"sk_SK","og_type":"article","og_title":"Online n\u00e1kup l\u00edstkov pre Mon & Wed Lotto Australia","og_description":"Nez\u00e1le\u017e\u00ed na tom, kde \u017eijete, a teraz je jedno, \u010do h\u013ead\u00e1te, tikety Mon & Wed Lotto Australia m\u00f4\u017eete z\u00edska\u0165 tu!","og_url":"https:\/\/onlinelotto365.com\/sk\/kupit-listky\/mon-wed-lotto\/","og_site_name":"OnlineLotto365","og_image":[{"url":"https:\/\/redfoxlotto.com\/image?size=8&amp;lottery=monday-wednesday-lotto-au"}],"twitter_card":"summary_large_image","twitter_misc":{"Predpokladan\u00fd \u010das \u010d\u00edtania":"4 min\u00faty"},"schema":{"@context":"https:\/\/schema.org","@graph":[{"@type":"WebPage","@id":"https:\/\/onlinelotto365.com\/sk\/kupit-listky\/mon-wed-lotto\/","url":"https:\/\/onlinelotto365.com\/sk\/kupit-listky\/mon-wed-lotto\/","name":"Online n\u00e1kup l\u00edstkov pre Mon & Wed Lotto Australia","isPartOf":{"@id":"https:\/\/onlinelotto365.com\/sk\/#website"},"primaryImageOfPage":{"@id":"https:\/\/onlinelotto365.com\/sk\/kupit-listky\/mon-wed-lotto\/#primaryimage"},"image":{"@id":"https:\/\/onlinelotto365.com\/sk\/kupit-listky\/mon-wed-lotto\/#primaryimage"},"thumbnailUrl":"https:\/\/redfoxlotto.com\/image?size=8&amp;lottery=monday-wednesday-lotto-au","datePublished":"2022-11-22T07:21:34+00:00","dateModified":"2022-11-22T07:21:34+00:00","description":"Nez\u00e1le\u017e\u00ed na tom, kde \u017eijete, a teraz je jedno, \u010do h\u013ead\u00e1te, tikety Mon & Wed Lotto Australia m\u00f4\u017eete z\u00edska\u0165 tu!","breadcrumb":{"@id":"https:\/\/onlinelotto365.com\/sk\/kupit-listky\/mon-wed-lotto\/#breadcrumb"},"inLanguage":"sk-SK","potentialAction":[{"@type":"ReadAction","target":["https:\/\/onlinelotto365.com\/sk\/kupit-listky\/mon-wed-lotto\/"]}]},{"@type":"ImageObject","inLanguage":"sk-SK","@id":"https:\/\/onlinelotto365.com\/sk\/kupit-listky\/mon-wed-lotto\/#primaryimage","url":"https:\/\/redfoxlotto.com\/image?size=8&amp;lottery=monday-wednesday-lotto-au","contentUrl":"https:\/\/redfoxlotto.com\/image?size=8&amp;lottery=monday-wednesday-lotto-au"},{"@type":"BreadcrumbList","@id":"https:\/\/onlinelotto365.com\/sk\/kupit-listky\/mon-wed-lotto\/#breadcrumb","itemListElement":[{"@type":"ListItem","position":1,"name":"Home","item":"https:\/\/onlinelotto365.com\/sk\/"},{"@type":"ListItem","position":2,"name":"Hranie svetov\u00e9ho lota","item":"https:\/\/onlinelotto365.com\/sk\/kupit-listky\/"},{"@type":"ListItem","position":3,"name":"Ako k\u00fapi\u0165 Mon &#038; Wed Lotto Australia vstupenky online"}]},{"@type":"WebSite","@id":"https:\/\/onlinelotto365.com\/sk\/#website","url":"https:\/\/onlinelotto365.com\/sk\/","name":"OnlineLotto365","description":"","potentialAction":[{"@type":"SearchAction","target":{"@type":"EntryPoint","urlTemplate":"https:\/\/onlinelotto365.com\/sk\/?s={search_term_string}"},"query-input":{"@type":"PropertyValueSpecification","valueRequired":true,"valueName":"search_term_string"}}],"inLanguage":"sk-SK"}]}},"_links":{"self":[{"href":"https:\/\/onlinelotto365.com\/sk\/wp-json\/wp\/v2\/pages\/80610","targetHints":{"allow":["GET"]}}],"collection":[{"href":"https:\/\/onlinelotto365.com\/sk\/wp-json\/wp\/v2\/pages"}],"about":[{"href":"https:\/\/onlinelotto365.com\/sk\/wp-json\/wp\/v2\/types\/page"}],"author":[{"embeddable":true,"href":"https:\/\/onlinelotto365.com\/sk\/wp-json\/wp\/v2\/users\/1"}],"replies":[{"embeddable":true,"href":"https:\/\/onlinelotto365.com\/sk\/wp-json\/wp\/v2\/comments?post=80610"}],"version-history":[{"count":0,"href":"https:\/\/onlinelotto365.com\/sk\/wp-json\/wp\/v2\/pages\/80610\/revisions"}],"up":[{"embeddable":true,"href":"https:\/\/onlinelotto365.com\/sk\/wp-json\/wp\/v2\/pages\/5698"}],"wp:attachment":[{"href":"https:\/\/onlinelotto365.com\/sk\/wp-json\/wp\/v2\/media?parent=80610"}],"curies":[{"name":"wp","href":"https:\/\/api.w.org\/{rel}","templated":true}]}}