{"id":80679,"date":"2022-11-22T11:41:44","date_gmt":"2022-11-22T10:41:44","guid":{"rendered":"https:\/\/onlinelotto365.com\/?page_id=80679"},"modified":"2022-11-22T11:41:44","modified_gmt":"2022-11-22T10:41:44","slug":"el-gordo","status":"publish","type":"page","link":"https:\/\/onlinelotto365.com\/sk\/vyherne-cisla\/el-gordo\/","title":{"rendered":"Pozrite si v\u00fdsledky a v\u00fdhry El Gordo tu"},"content":{"rendered":"<p>Vieme, \u017ee pon\u00fakame cel\u00fd rad r\u00f4znych medzin\u00e1rodn\u00fdch lot\u00e9ri\u00ed, a preto m\u00f4\u017ee by\u0165 trochu m\u00e4t\u00face zis\u0165ova\u0165 v\u00fdhern\u00e9 \u010d\u00edsla. Mnoho \u013eud\u00ed h\u013ead\u00e1 v\u00fdhern\u00e9 \u010d\u00edsla svojich ob\u013e\u00faben\u00fdch hier v novin\u00e1ch, ale ak ne\u017eijete v danej oblasti, n\u00e1js\u0165 \u010d\u00edsla pre El Gordo m\u00f4\u017ee by\u0165 \u0165a\u017ek\u00e9. To ist\u00e9 plat\u00ed aj pri snahe sledova\u0165 \u017erebovanie alebo vidie\u0165 v\u00fdhern\u00e9 \u010d\u00edsla v telev\u00edzii.<br \/>\n<a href=\"https:\/\/redfoxlotto.com\/play\/el-gordo-primitiva\/?ref=a8564250a2&amp;medium=ol365\" target=\"_blank\" rel=\"noopener noreferrer\"><img decoding=\"async\" class=\"aligncenter\" src=\"https:\/\/redfoxlotto.com\/image?size=8&amp;lottery=el-gordo-primitiva\" alt=\"el gordo\" \/><\/a><br \/>\n\u010eal\u0161ou mo\u017enos\u0165ou je pozrie\u0165 sa na ofici\u00e1lnu webov\u00fa str\u00e1nku hry El Gordo a zisti\u0165, \u010di nepon\u00faka priamy prenos \u017erebovania. V pr\u00edpade t\u00fdch hier, ktor\u00e9 tak robia, to m\u00f4\u017ee by\u0165 pre ka\u017ed\u00e9ho z\u00e1bavn\u00e1 a zauj\u00edmav\u00e1 pr\u00edle\u017eitos\u0165.<\/p>\n<p>Existuje v\u0161ak ve\u013ea hier, ktor\u00e9 to v skuto\u010dnosti nepon\u00fakaj\u00fa. Namiesto toho by ste museli po\u010dka\u0165, k\u00fdm sa \u017erebovanie skon\u010d\u00ed a v\u0161etko sa nahl\u00e1si, aby ste videli v\u00fdsledky.<br \/>\nNakoniec, ak je \u017erebovanie u\u017e ukon\u010den\u00e9, m\u00f4\u017eete \u00eds\u0165 na YouTube a n\u00e1js\u0165 tam \u017erebovanie El Gordo. Toto je v\u0161ak \u010fal\u0161ia oblas\u0165, v ktorej nemus\u00edte by\u0165 \u00faspe\u0161n\u00ed. Nemus\u00ed tam by\u0165 k dispoz\u00edcii ni\u010d, \u010do by sa t\u00fdkalo v\u00e1\u0161ho losovania.<\/p>\n<p>Jedn\u00fdm z najlep\u0161\u00edch a najjednoduch\u0161\u00edch sp\u00f4sobov, ako n\u00e1js\u0165 v\u00fdhern\u00e9 \u010d\u00edsla, je v\u0161ak na\u0161a webov\u00e1 str\u00e1nka. Pozrite si na\u0161e str\u00e1nky s vy\u017erebovan\u00fdmi \u010d\u00edslami a v\u00fdsledkami, kde n\u00e1jdete v\u00fdsledky pre El Gordo a v\u0161etky ostatn\u00e9 lot\u00e9riov\u00e9 hry, ktor\u00e9 m\u00e1me k dispoz\u00edcii.<\/p>\n<h2>Ako zisti\u0165, \u010di v\u00e1\u0161 online tiket vyhral<\/h2>\n<p>E\u0161te lep\u0161ie je, \u017ee ani nemus\u00edte \u00eds\u0165 na str\u00e1nku s v\u00fdsledkami lot\u00e9rie. Ak ste si zak\u00fapili tikety, m\u00f4\u017eete prejs\u0165 priamo do svojho konta. Tam si budete m\u00f4c\u0165 pozrie\u0165 nielen v\u00fdhern\u00e9 \u010d\u00edsla, ale aj to, ako sa va\u0161e \u010d\u00edsla zoradili. M\u00f4\u017eete si pozrie\u0165 porovnanie \u010d\u00edsel a potom uvid\u00edte, ktor\u00e9 z nich sa zhoduj\u00fa a ko\u013eko ste vlastne vyhrali. Ak ste vyhrali menej ako 2500 eur, nemus\u00edte dokonca robi\u0165 ni\u010d, preto\u017ee v\u00fdhra bude priamo na va\u0161om \u00fa\u010dte.<\/p>\n<h2>Arch\u00edv v\u00fdsledkov El Gordo<\/h2>\n<p>Ak si chcete pozrie\u0165 star\u00e9 \u010d\u00edsla a zisti\u0165, ak\u00e9 boli, m\u00f4\u017eete to urobi\u0165 tie\u017e jednoducho. V skuto\u010dnosti v\u00e1m ka\u017ed\u00e1 str\u00e1nka na na\u0161om webe, kde si m\u00f4\u017eete pozrie\u0165 najnov\u0161ie v\u00fdsledky El Gordo, umo\u017en\u00ed pozrie\u0165 si aj niektor\u00e9 star\u0161ie \u010d\u00edsla. V\u010faka tomu m\u00f4\u017eete \u013eah\u0161ie zisti\u0165, ktor\u00e9 \u010d\u00edsla chcete hra\u0165 nabud\u00face.<\/p>\n<h2>M\u00f4j tiket vyhral, \u010do bude nasledova\u0165?<\/h2>\n<p><img loading=\"lazy\" decoding=\"async\" class=\"alignright wp-image-3573\" src=\"https:\/\/onlinelotto365.com\/wp-content\/uploads\/2020\/11\/online_lottery-96-300x212.jpg\" alt=\"V\u00fdsledky lot\u00e9rie El Gordo\" width=\"166\" height=\"117\" srcset=\"https:\/\/onlinelotto365.com\/wp-content\/uploads\/2020\/11\/online_lottery-96-300x212.jpg 300w, https:\/\/onlinelotto365.com\/wp-content\/uploads\/2020\/11\/online_lottery-96.jpg 320w\" sizes=\"auto, (max-width: 166px) 100vw, 166px\" \/><br \/>\nAk vyhr\u00e1te, svoje peniaze si \u013eahko vyzdvihnete, preto\u017ee ich po potvrden\u00ed v\u00fdsledkov pouk\u00e1\u017eeme priamo na v\u00e1\u0161 \u00fa\u010det. Ak ide o sumu ni\u017e\u0161iu ako 2500 EUR, peniaze budete ma\u0165 k dispoz\u00edcii tak r\u00fdchlo. Potom, ak je to viac ako 10 \u20ac, m\u00f4\u017eete si peniaze vybra\u0165 na svoj \u00fa\u010det.<br \/>\nAlebo si m\u00f4\u017eete peniaze necha\u0165 na hr\u00e1\u010dskom \u00fa\u010dte a pou\u017ei\u0165 ich na n\u00e1kup e\u0161te v\u00e4\u010d\u0161ieho po\u010dtu tiketov do \u010fal\u0161\u00edch hier. Len majte na pam\u00e4ti, \u017ee v\u00fdber pe\u0148az\u00ed si bude vy\u017eadova\u0165 ur\u010dit\u00fa dokument\u00e1ciu, aby ste vyhoveli feder\u00e1lnym predpisom. Mus\u00edte tie\u017e pou\u017ei\u0165 met\u00f3du, ktor\u00fa ste u\u017e pou\u017eili na vklad.<\/p>\n","protected":false},"excerpt":{"rendered":"<p>Vieme, \u017ee pon\u00fakame cel\u00fd rad r\u00f4znych medzin\u00e1rodn\u00fdch lot\u00e9ri\u00ed, a preto m\u00f4\u017ee by\u0165 trochu m\u00e4t\u00face zis\u0165ova\u0165 v\u00fdhern\u00e9 \u010d\u00edsla. Mnoho \u013eud\u00ed h\u013ead\u00e1 v\u00fdhern\u00e9 \u010d\u00edsla svojich ob\u013e\u00faben\u00fdch hier v novin\u00e1ch, ale ak ne\u017eijete v danej oblasti, n\u00e1js\u0165 \u010d\u00edsla pre El Gordo m\u00f4\u017ee by\u0165 \u0165a\u017ek\u00e9. To ist\u00e9 plat\u00ed aj pri snahe sledova\u0165 \u017erebovanie alebo vidie\u0165 v\u00fdhern\u00e9 \u010d\u00edsla v telev\u00edzii. [&hellip;]<\/p>\n","protected":false},"author":1,"featured_media":0,"parent":5864,"menu_order":6,"comment_status":"closed","ping_status":"closed","template":"el-gordo-results.php","meta":{"_et_pb_use_builder":"","_et_pb_old_content":"","_et_gb_content_width":"","exclude_from_search":false,"footnotes":""},"class_list":["post-80679","page","type-page","status-publish","hentry"],"yoast_head":"<!-- This site is optimized with the Yoast SEO plugin v23.4 - https:\/\/yoast.com\/wordpress\/plugins\/seo\/ -->\n<title>V\u00fdhern\u00e9 \u010d\u00edsla El Gordo | V\u00fdsledky \u017erebovania a v\u00fdhry El Gordo<\/title>\n<meta name=\"description\" content=\"V\u00fdhern\u00e9 \u010d\u00edsla, v\u00fdsledky, ceny pre El Gordo a mnoho \u010fal\u0161\u00edch lot\u00e9ri\u00ed, v\u017edy aktualizovan\u00e9 na na\u0161ej webovej str\u00e1nke\" \/>\n<meta name=\"robots\" content=\"index, follow, max-snippet:-1, max-image-preview:large, max-video-preview:-1\" \/>\n<link rel=\"canonical\" href=\"https:\/\/onlinelotto365.com\/sk\/vyherne-cisla\/el-gordo\/\" \/>\n<meta property=\"og:locale\" content=\"sk_SK\" \/>\n<meta property=\"og:type\" content=\"article\" \/>\n<meta property=\"og:title\" content=\"V\u00fdhern\u00e9 \u010d\u00edsla El Gordo | V\u00fdsledky \u017erebovania a v\u00fdhry El Gordo\" \/>\n<meta property=\"og:description\" content=\"V\u00fdhern\u00e9 \u010d\u00edsla, v\u00fdsledky, ceny pre El Gordo a mnoho \u010fal\u0161\u00edch lot\u00e9ri\u00ed, v\u017edy aktualizovan\u00e9 na na\u0161ej webovej str\u00e1nke\" \/>\n<meta property=\"og:url\" content=\"https:\/\/onlinelotto365.com\/sk\/vyherne-cisla\/el-gordo\/\" \/>\n<meta property=\"og:site_name\" content=\"OnlineLotto365\" \/>\n<meta property=\"og:image\" content=\"https:\/\/redfoxlotto.com\/image?size=8&amp;lottery=el-gordo-primitiva\" \/>\n<meta name=\"twitter:card\" content=\"summary_large_image\" \/>\n<meta name=\"twitter:label1\" content=\"Predpokladan\u00fd \u010das \u010d\u00edtania\" \/>\n\t<meta name=\"twitter:data1\" content=\"3 min\u00faty\" \/>\n<script type=\"application\/ld+json\" class=\"yoast-schema-graph\">{\"@context\":\"https:\/\/schema.org\",\"@graph\":[{\"@type\":\"WebPage\",\"@id\":\"https:\/\/onlinelotto365.com\/sk\/vyherne-cisla\/el-gordo\/\",\"url\":\"https:\/\/onlinelotto365.com\/sk\/vyherne-cisla\/el-gordo\/\",\"name\":\"V\u00fdhern\u00e9 \u010d\u00edsla El Gordo | V\u00fdsledky \u017erebovania a v\u00fdhry El Gordo\",\"isPartOf\":{\"@id\":\"https:\/\/onlinelotto365.com\/sk\/#website\"},\"primaryImageOfPage\":{\"@id\":\"https:\/\/onlinelotto365.com\/sk\/vyherne-cisla\/el-gordo\/#primaryimage\"},\"image\":{\"@id\":\"https:\/\/onlinelotto365.com\/sk\/vyherne-cisla\/el-gordo\/#primaryimage\"},\"thumbnailUrl\":\"https:\/\/redfoxlotto.com\/image?size=8&amp;lottery=el-gordo-primitiva\",\"datePublished\":\"2022-11-22T10:41:44+00:00\",\"dateModified\":\"2022-11-22T10:41:44+00:00\",\"description\":\"V\u00fdhern\u00e9 \u010d\u00edsla, v\u00fdsledky, ceny pre El Gordo a mnoho \u010fal\u0161\u00edch lot\u00e9ri\u00ed, v\u017edy aktualizovan\u00e9 na na\u0161ej webovej str\u00e1nke\",\"breadcrumb\":{\"@id\":\"https:\/\/onlinelotto365.com\/sk\/vyherne-cisla\/el-gordo\/#breadcrumb\"},\"inLanguage\":\"sk-SK\",\"potentialAction\":[{\"@type\":\"ReadAction\",\"target\":[\"https:\/\/onlinelotto365.com\/sk\/vyherne-cisla\/el-gordo\/\"]}]},{\"@type\":\"ImageObject\",\"inLanguage\":\"sk-SK\",\"@id\":\"https:\/\/onlinelotto365.com\/sk\/vyherne-cisla\/el-gordo\/#primaryimage\",\"url\":\"https:\/\/redfoxlotto.com\/image?size=8&amp;lottery=el-gordo-primitiva\",\"contentUrl\":\"https:\/\/redfoxlotto.com\/image?size=8&amp;lottery=el-gordo-primitiva\"},{\"@type\":\"BreadcrumbList\",\"@id\":\"https:\/\/onlinelotto365.com\/sk\/vyherne-cisla\/el-gordo\/#breadcrumb\",\"itemListElement\":[{\"@type\":\"ListItem\",\"position\":1,\"name\":\"Home\",\"item\":\"https:\/\/onlinelotto365.com\/sk\/\"},{\"@type\":\"ListItem\",\"position\":2,\"name\":\"V\u00fdsledky lot\u00e9ri\u00ed\",\"item\":\"https:\/\/onlinelotto365.com\/sk\/vyherne-cisla\/\"},{\"@type\":\"ListItem\",\"position\":3,\"name\":\"Pozrite si v\u00fdsledky a v\u00fdhry El Gordo tu\"}]},{\"@type\":\"WebSite\",\"@id\":\"https:\/\/onlinelotto365.com\/sk\/#website\",\"url\":\"https:\/\/onlinelotto365.com\/sk\/\",\"name\":\"OnlineLotto365\",\"description\":\"\",\"potentialAction\":[{\"@type\":\"SearchAction\",\"target\":{\"@type\":\"EntryPoint\",\"urlTemplate\":\"https:\/\/onlinelotto365.com\/sk\/?s={search_term_string}\"},\"query-input\":{\"@type\":\"PropertyValueSpecification\",\"valueRequired\":true,\"valueName\":\"search_term_string\"}}],\"inLanguage\":\"sk-SK\"}]}<\/script>\n<!-- \/ Yoast SEO plugin. -->","yoast_head_json":{"title":"V\u00fdhern\u00e9 \u010d\u00edsla El Gordo | V\u00fdsledky \u017erebovania a v\u00fdhry El Gordo","description":"V\u00fdhern\u00e9 \u010d\u00edsla, v\u00fdsledky, ceny pre El Gordo a mnoho \u010fal\u0161\u00edch lot\u00e9ri\u00ed, v\u017edy aktualizovan\u00e9 na na\u0161ej webovej str\u00e1nke","robots":{"index":"index","follow":"follow","max-snippet":"max-snippet:-1","max-image-preview":"max-image-preview:large","max-video-preview":"max-video-preview:-1"},"canonical":"https:\/\/onlinelotto365.com\/sk\/vyherne-cisla\/el-gordo\/","og_locale":"sk_SK","og_type":"article","og_title":"V\u00fdhern\u00e9 \u010d\u00edsla El Gordo | V\u00fdsledky \u017erebovania a v\u00fdhry El Gordo","og_description":"V\u00fdhern\u00e9 \u010d\u00edsla, v\u00fdsledky, ceny pre El Gordo a mnoho \u010fal\u0161\u00edch lot\u00e9ri\u00ed, v\u017edy aktualizovan\u00e9 na na\u0161ej webovej str\u00e1nke","og_url":"https:\/\/onlinelotto365.com\/sk\/vyherne-cisla\/el-gordo\/","og_site_name":"OnlineLotto365","og_image":[{"url":"https:\/\/redfoxlotto.com\/image?size=8&amp;lottery=el-gordo-primitiva"}],"twitter_card":"summary_large_image","twitter_misc":{"Predpokladan\u00fd \u010das \u010d\u00edtania":"3 min\u00faty"},"schema":{"@context":"https:\/\/schema.org","@graph":[{"@type":"WebPage","@id":"https:\/\/onlinelotto365.com\/sk\/vyherne-cisla\/el-gordo\/","url":"https:\/\/onlinelotto365.com\/sk\/vyherne-cisla\/el-gordo\/","name":"V\u00fdhern\u00e9 \u010d\u00edsla El Gordo | V\u00fdsledky \u017erebovania a v\u00fdhry El Gordo","isPartOf":{"@id":"https:\/\/onlinelotto365.com\/sk\/#website"},"primaryImageOfPage":{"@id":"https:\/\/onlinelotto365.com\/sk\/vyherne-cisla\/el-gordo\/#primaryimage"},"image":{"@id":"https:\/\/onlinelotto365.com\/sk\/vyherne-cisla\/el-gordo\/#primaryimage"},"thumbnailUrl":"https:\/\/redfoxlotto.com\/image?size=8&amp;lottery=el-gordo-primitiva","datePublished":"2022-11-22T10:41:44+00:00","dateModified":"2022-11-22T10:41:44+00:00","description":"V\u00fdhern\u00e9 \u010d\u00edsla, v\u00fdsledky, ceny pre El Gordo a mnoho \u010fal\u0161\u00edch lot\u00e9ri\u00ed, v\u017edy aktualizovan\u00e9 na na\u0161ej webovej str\u00e1nke","breadcrumb":{"@id":"https:\/\/onlinelotto365.com\/sk\/vyherne-cisla\/el-gordo\/#breadcrumb"},"inLanguage":"sk-SK","potentialAction":[{"@type":"ReadAction","target":["https:\/\/onlinelotto365.com\/sk\/vyherne-cisla\/el-gordo\/"]}]},{"@type":"ImageObject","inLanguage":"sk-SK","@id":"https:\/\/onlinelotto365.com\/sk\/vyherne-cisla\/el-gordo\/#primaryimage","url":"https:\/\/redfoxlotto.com\/image?size=8&amp;lottery=el-gordo-primitiva","contentUrl":"https:\/\/redfoxlotto.com\/image?size=8&amp;lottery=el-gordo-primitiva"},{"@type":"BreadcrumbList","@id":"https:\/\/onlinelotto365.com\/sk\/vyherne-cisla\/el-gordo\/#breadcrumb","itemListElement":[{"@type":"ListItem","position":1,"name":"Home","item":"https:\/\/onlinelotto365.com\/sk\/"},{"@type":"ListItem","position":2,"name":"V\u00fdsledky lot\u00e9ri\u00ed","item":"https:\/\/onlinelotto365.com\/sk\/vyherne-cisla\/"},{"@type":"ListItem","position":3,"name":"Pozrite si v\u00fdsledky a v\u00fdhry El Gordo tu"}]},{"@type":"WebSite","@id":"https:\/\/onlinelotto365.com\/sk\/#website","url":"https:\/\/onlinelotto365.com\/sk\/","name":"OnlineLotto365","description":"","potentialAction":[{"@type":"SearchAction","target":{"@type":"EntryPoint","urlTemplate":"https:\/\/onlinelotto365.com\/sk\/?s={search_term_string}"},"query-input":{"@type":"PropertyValueSpecification","valueRequired":true,"valueName":"search_term_string"}}],"inLanguage":"sk-SK"}]}},"_links":{"self":[{"href":"https:\/\/onlinelotto365.com\/sk\/wp-json\/wp\/v2\/pages\/80679","targetHints":{"allow":["GET"]}}],"collection":[{"href":"https:\/\/onlinelotto365.com\/sk\/wp-json\/wp\/v2\/pages"}],"about":[{"href":"https:\/\/onlinelotto365.com\/sk\/wp-json\/wp\/v2\/types\/page"}],"author":[{"embeddable":true,"href":"https:\/\/onlinelotto365.com\/sk\/wp-json\/wp\/v2\/users\/1"}],"replies":[{"embeddable":true,"href":"https:\/\/onlinelotto365.com\/sk\/wp-json\/wp\/v2\/comments?post=80679"}],"version-history":[{"count":0,"href":"https:\/\/onlinelotto365.com\/sk\/wp-json\/wp\/v2\/pages\/80679\/revisions"}],"up":[{"embeddable":true,"href":"https:\/\/onlinelotto365.com\/sk\/wp-json\/wp\/v2\/pages\/5864"}],"wp:attachment":[{"href":"https:\/\/onlinelotto365.com\/sk\/wp-json\/wp\/v2\/media?parent=80679"}],"curies":[{"name":"wp","href":"https:\/\/api.w.org\/{rel}","templated":true}]}}