{"id":80712,"date":"2022-11-22T12:51:07","date_gmt":"2022-11-22T11:51:07","guid":{"rendered":"https:\/\/onlinelotto365.com\/?page_id=80712"},"modified":"2022-11-22T12:51:07","modified_gmt":"2022-11-22T11:51:07","slug":"la-primitiva","status":"publish","type":"page","link":"https:\/\/onlinelotto365.com\/sk\/vyherne-cisla\/la-primitiva\/","title":{"rendered":"V\u00fdsledky \u017erebovania La Primitiva"},"content":{"rendered":"<p>Pon\u00fakame mno\u017estvo r\u00f4znych medzin\u00e1rodn\u00fdch lot\u00e9riov\u00fdch hier a vieme, \u017ee chcete r\u00fdchlo n\u00e1js\u0165 v\u00fdhern\u00e9 \u010d\u00edsla. Preto sa niektor\u00ed \u013eudia rozhodn\u00fa h\u013eada\u0165 \u010d\u00edsla v novin\u00e1ch. N\u00e1js\u0165 v\u00fdhern\u00e9 \u010d\u00edsla pre La Primitiva v novin\u00e1ch v\u0161ak m\u00f4\u017ee by\u0165 \u0165a\u017ek\u00e9. Rovnako tak m\u00f4\u017ee by\u0165 n\u00e1ro\u010dn\u00e9 n\u00e1js\u0165 tieto \u010d\u00edsla v telev\u00edzii, preto\u017ee mus\u00edte urobi\u0165 prieskum, aby ste na\u0161li spr\u00e1vny kan\u00e1l.<br \/>\n<a href=\"https:\/\/redfoxlotto.com\/play\/la-primitiva\/?ref=a8564250a2&amp;medium=ol365\" target=\"_blank\" rel=\"noopener noreferrer\"><img decoding=\"async\" class=\"aligncenter\" src=\"https:\/\/redfoxlotto.com\/image?size=8&amp;lottery=la-primitiva\" alt=\" la primitiva\" \/><\/a><br \/>\n\u010eal\u0161ou mo\u017enos\u0165ou je, \u017ee m\u00f4\u017eete nav\u0161t\u00edvi\u0165 webov\u00fa str\u00e1nku La Primitiva a pozrie\u0165 sa, \u010di sa na nej zobrazuje \u017eiv\u00e9 \u017erebovanie ich hry. Ak tak robia, m\u00f4\u017ee to by\u0165 vzru\u0161uj\u00face sledova\u0165. Ak to v\u0161ak nerobia, \u010do mnoh\u00e9 lot\u00e9riov\u00e9 hry nerobia, potom budete musie\u0165 \u010daka\u0165 \u010falej.<\/p>\n<p>Po \u017erebovan\u00ed m\u00f4\u017eete niekedy n\u00e1js\u0165 najnov\u0161ie \u017erebovanie La Primitiva na YouTube. Na to by ste v\u0161ak museli chv\u00ed\u013eu po \u017erebovan\u00ed po\u010dka\u0165.<\/p>\n<p>Najpohodlnej\u0161ou met\u00f3dou, ako z\u00edska\u0165 \u010d\u00edsla, je v\u0161ak pozrie\u0165 si na\u0161u webov\u00fa str\u00e1nku. Priamo na na\u0161ej webovej str\u00e1nke pon\u00fakame vy\u017erebovan\u00e9 \u010d\u00edsla, v\u00fdsledky a dokonca aj v\u00fdhern\u00e9 sumy pre La Primitiva a uv\u00e1dzame aj \u010fal\u0161ie lot\u00e9rie, ktor\u00e9 pon\u00fakame.<\/p>\n<h2>Ako zisti\u0165, \u010di v\u00e1\u0161 online tiket vyhral<\/h2>\n<p>Ak ste si zak\u00fapili tikety La Primitiva, nemus\u00edte ani chodi\u0165 na str\u00e1nku s v\u00fdsledkami. M\u00f4\u017eete \u00eds\u0165 priamo do svojho \u00fa\u010dtu a pozrie\u0165 si svoje tikety. Priamo na tej istej obrazovke uvid\u00edte v\u00fdhern\u00e9 \u010d\u00edsla pre ka\u017ed\u00fa hru, ktor\u00fa ste hrali. A uvid\u00edte zv\u00fdraznen\u00e9 \u010d\u00edsla pre v\u0161etky, ktor\u00e9 sa zhoduj\u00fa medzi va\u0161\u00edm tiketom a v\u00fdhern\u00fdmi \u010d\u00edslami.<br \/>\nAk m\u00e1te spr\u00e1vne \u010d\u00edslo, stanete sa v\u00fdhercom a uvid\u00edte, ko\u013eko presne ste vyhrali. V\u00fdhry (pre ak\u00fako\u013evek sumu do 2500 \u20ac) m\u00e1te k dispoz\u00edcii na svojom \u00fa\u010dte hne\u010f po overen\u00ed v\u00fdsledkov.<\/p>\n<h2>Arch\u00edv v\u00fdsledkov La Primitiva<\/h2>\n<p>Pre t\u00fdch, ktor\u00ed si chc\u00fa vybra\u0165 \u010d\u00edsla pre \u010fal\u0161ie \u017erebovanie, vieme, \u017ee m\u00f4\u017ee by\u0165 d\u00f4le\u017eit\u00e9 skontrolova\u0165 star\u0161ie tikety a star\u0161ie \u010d\u00edsla. Preto sme sa postarali o to, aby ka\u017ed\u00e1 str\u00e1nka, na ktorej s\u00fa najnov\u0161ie v\u00fdsledky La Primitiva, mala pr\u00edstup aj k star\u0161\u00edm \u010d\u00edslam. M\u00f4\u017eete si ich kedyko\u013evek pozrie\u0165 z ak\u00e9hoko\u013evek d\u00f4vodu.<\/p>\n<h2>M\u00f4j tiket vyhral, \u010do bude nasledova\u0165?<\/h2>\n<p>Ak je v\u00e1\u0161 tiket v\u00fdhern\u00fd, sta\u010d\u00ed sa len pohodlne usadi\u0165 a relaxova\u0165, preto\u017ee my sa o v\u0161etko postar\u00e1me za v\u00e1s. Ak\u00fako\u013evek sumu ni\u017e\u0161iu ako 2500 EUR v\u00e1m prip\u00ed\u0161eme priamo na \u00fa\u010det, tak\u017ee o \u0148u nemus\u00edte \u017eiada\u0165 ani podstupova\u0165 \u017eiadne \u010fal\u0161ie kroky. Potom, pokia\u013e m\u00e1te na \u00fa\u010dte aspo\u0148 10 \u20ac, m\u00f4\u017eete si peniaze vybra\u0165 na svoj bankov\u00fd \u00fa\u010det alebo kreditn\u00fa kartu.<br \/>\n<img loading=\"lazy\" decoding=\"async\" class=\"alignright wp-image-3572\" src=\"https:\/\/onlinelotto365.com\/wp-content\/uploads\/2020\/11\/online_lottery-25-300x212.jpg\" alt=\"vy\u017erebovan\u00e9 \u010d\u00edsla pre La Primitiva\" width=\"232\" height=\"165\" srcset=\"https:\/\/onlinelotto365.com\/wp-content\/uploads\/2020\/11\/online_lottery-25-300x212.jpg 300w, https:\/\/onlinelotto365.com\/wp-content\/uploads\/2020\/11\/online_lottery-25.jpg 320w\" sizes=\"auto, (max-width: 232px) 100vw, 232px\" \/><br \/>\nMus\u00edte sa len uisti\u0165, \u017ee ste t\u00fato kartu alebo \u00fa\u010det u n\u00e1s u\u017e predt\u00fdm pou\u017eili. Budete tie\u017e musie\u0165 vyplni\u0165 nieko\u013eko dokumentov, aby sme sa uistili, \u017ee sp\u013a\u0148ame predpisy, ktor\u00e9 m\u00e1 n\u00e1\u0161 spracovate\u013e platieb. Tieto dokumenty chr\u00e1nia n\u00e1s, ale chr\u00e1nia aj v\u00e1s t\u00fdm, \u017ee zabezpe\u010duj\u00fa, aby ste boli jedin\u00fdm, kto si m\u00f4\u017ee vybra\u0165 peniaze z \u00fa\u010dtu.<\/p>\n","protected":false},"excerpt":{"rendered":"<p>Pon\u00fakame mno\u017estvo r\u00f4znych medzin\u00e1rodn\u00fdch lot\u00e9riov\u00fdch hier a vieme, \u017ee chcete r\u00fdchlo n\u00e1js\u0165 v\u00fdhern\u00e9 \u010d\u00edsla. Preto sa niektor\u00ed \u013eudia rozhodn\u00fa h\u013eada\u0165 \u010d\u00edsla v novin\u00e1ch. N\u00e1js\u0165 v\u00fdhern\u00e9 \u010d\u00edsla pre La Primitiva v novin\u00e1ch v\u0161ak m\u00f4\u017ee by\u0165 \u0165a\u017ek\u00e9. Rovnako tak m\u00f4\u017ee by\u0165 n\u00e1ro\u010dn\u00e9 n\u00e1js\u0165 tieto \u010d\u00edsla v telev\u00edzii, preto\u017ee mus\u00edte urobi\u0165 prieskum, aby ste na\u0161li spr\u00e1vny kan\u00e1l. \u010eal\u0161ou [&hellip;]<\/p>\n","protected":false},"author":1,"featured_media":0,"parent":5864,"menu_order":7,"comment_status":"closed","ping_status":"closed","template":"la-primitiva-results.php","meta":{"_et_pb_use_builder":"","_et_pb_old_content":"","_et_gb_content_width":"","exclude_from_search":false,"footnotes":""},"class_list":["post-80712","page","type-page","status-publish","hentry"],"yoast_head":"<!-- This site is optimized with the Yoast SEO plugin v23.4 - https:\/\/yoast.com\/wordpress\/plugins\/seo\/ -->\n<title>Najnov\u0161ie v\u00fdsledky \u017erebovania, vy\u017erebovan\u00e9 \u010d\u00edsla pre La Primitiva<\/title>\n<meta name=\"description\" content=\"Z\u00edskajte najnov\u0161ie v\u00fdhern\u00e9 \u010d\u00edsla \u0161panielskej hry La Primitiva, ako aj \u010fal\u0161ie v\u00fdsledky\" \/>\n<meta name=\"robots\" content=\"index, follow, max-snippet:-1, max-image-preview:large, max-video-preview:-1\" \/>\n<link rel=\"canonical\" href=\"https:\/\/onlinelotto365.com\/sk\/vyherne-cisla\/la-primitiva\/\" \/>\n<meta property=\"og:locale\" content=\"sk_SK\" \/>\n<meta property=\"og:type\" content=\"article\" \/>\n<meta property=\"og:title\" content=\"Najnov\u0161ie v\u00fdsledky \u017erebovania, vy\u017erebovan\u00e9 \u010d\u00edsla pre La Primitiva\" \/>\n<meta property=\"og:description\" content=\"Z\u00edskajte najnov\u0161ie v\u00fdhern\u00e9 \u010d\u00edsla \u0161panielskej hry La Primitiva, ako aj \u010fal\u0161ie v\u00fdsledky\" \/>\n<meta property=\"og:url\" content=\"https:\/\/onlinelotto365.com\/sk\/vyherne-cisla\/la-primitiva\/\" \/>\n<meta property=\"og:site_name\" content=\"OnlineLotto365\" \/>\n<meta property=\"og:image\" content=\"https:\/\/redfoxlotto.com\/image?size=8&amp;lottery=la-primitiva\" \/>\n<meta name=\"twitter:card\" content=\"summary_large_image\" \/>\n<meta name=\"twitter:label1\" content=\"Predpokladan\u00fd \u010das \u010d\u00edtania\" \/>\n\t<meta name=\"twitter:data1\" content=\"3 min\u00faty\" \/>\n<script type=\"application\/ld+json\" class=\"yoast-schema-graph\">{\"@context\":\"https:\/\/schema.org\",\"@graph\":[{\"@type\":\"WebPage\",\"@id\":\"https:\/\/onlinelotto365.com\/sk\/vyherne-cisla\/la-primitiva\/\",\"url\":\"https:\/\/onlinelotto365.com\/sk\/vyherne-cisla\/la-primitiva\/\",\"name\":\"Najnov\u0161ie v\u00fdsledky \u017erebovania, vy\u017erebovan\u00e9 \u010d\u00edsla pre La Primitiva\",\"isPartOf\":{\"@id\":\"https:\/\/onlinelotto365.com\/sk\/#website\"},\"primaryImageOfPage\":{\"@id\":\"https:\/\/onlinelotto365.com\/sk\/vyherne-cisla\/la-primitiva\/#primaryimage\"},\"image\":{\"@id\":\"https:\/\/onlinelotto365.com\/sk\/vyherne-cisla\/la-primitiva\/#primaryimage\"},\"thumbnailUrl\":\"https:\/\/redfoxlotto.com\/image?size=8&amp;lottery=la-primitiva\",\"datePublished\":\"2022-11-22T11:51:07+00:00\",\"dateModified\":\"2022-11-22T11:51:07+00:00\",\"description\":\"Z\u00edskajte najnov\u0161ie v\u00fdhern\u00e9 \u010d\u00edsla \u0161panielskej hry La Primitiva, ako aj \u010fal\u0161ie v\u00fdsledky\",\"breadcrumb\":{\"@id\":\"https:\/\/onlinelotto365.com\/sk\/vyherne-cisla\/la-primitiva\/#breadcrumb\"},\"inLanguage\":\"sk-SK\",\"potentialAction\":[{\"@type\":\"ReadAction\",\"target\":[\"https:\/\/onlinelotto365.com\/sk\/vyherne-cisla\/la-primitiva\/\"]}]},{\"@type\":\"ImageObject\",\"inLanguage\":\"sk-SK\",\"@id\":\"https:\/\/onlinelotto365.com\/sk\/vyherne-cisla\/la-primitiva\/#primaryimage\",\"url\":\"https:\/\/redfoxlotto.com\/image?size=8&amp;lottery=la-primitiva\",\"contentUrl\":\"https:\/\/redfoxlotto.com\/image?size=8&amp;lottery=la-primitiva\"},{\"@type\":\"BreadcrumbList\",\"@id\":\"https:\/\/onlinelotto365.com\/sk\/vyherne-cisla\/la-primitiva\/#breadcrumb\",\"itemListElement\":[{\"@type\":\"ListItem\",\"position\":1,\"name\":\"Home\",\"item\":\"https:\/\/onlinelotto365.com\/sk\/\"},{\"@type\":\"ListItem\",\"position\":2,\"name\":\"V\u00fdsledky lot\u00e9ri\u00ed\",\"item\":\"https:\/\/onlinelotto365.com\/sk\/vyherne-cisla\/\"},{\"@type\":\"ListItem\",\"position\":3,\"name\":\"V\u00fdsledky \u017erebovania La Primitiva\"}]},{\"@type\":\"WebSite\",\"@id\":\"https:\/\/onlinelotto365.com\/sk\/#website\",\"url\":\"https:\/\/onlinelotto365.com\/sk\/\",\"name\":\"OnlineLotto365\",\"description\":\"\",\"potentialAction\":[{\"@type\":\"SearchAction\",\"target\":{\"@type\":\"EntryPoint\",\"urlTemplate\":\"https:\/\/onlinelotto365.com\/sk\/?s={search_term_string}\"},\"query-input\":{\"@type\":\"PropertyValueSpecification\",\"valueRequired\":true,\"valueName\":\"search_term_string\"}}],\"inLanguage\":\"sk-SK\"}]}<\/script>\n<!-- \/ Yoast SEO plugin. -->","yoast_head_json":{"title":"Najnov\u0161ie v\u00fdsledky \u017erebovania, vy\u017erebovan\u00e9 \u010d\u00edsla pre La Primitiva","description":"Z\u00edskajte najnov\u0161ie v\u00fdhern\u00e9 \u010d\u00edsla \u0161panielskej hry La Primitiva, ako aj \u010fal\u0161ie v\u00fdsledky","robots":{"index":"index","follow":"follow","max-snippet":"max-snippet:-1","max-image-preview":"max-image-preview:large","max-video-preview":"max-video-preview:-1"},"canonical":"https:\/\/onlinelotto365.com\/sk\/vyherne-cisla\/la-primitiva\/","og_locale":"sk_SK","og_type":"article","og_title":"Najnov\u0161ie v\u00fdsledky \u017erebovania, vy\u017erebovan\u00e9 \u010d\u00edsla pre La Primitiva","og_description":"Z\u00edskajte najnov\u0161ie v\u00fdhern\u00e9 \u010d\u00edsla \u0161panielskej hry La Primitiva, ako aj \u010fal\u0161ie v\u00fdsledky","og_url":"https:\/\/onlinelotto365.com\/sk\/vyherne-cisla\/la-primitiva\/","og_site_name":"OnlineLotto365","og_image":[{"url":"https:\/\/redfoxlotto.com\/image?size=8&amp;lottery=la-primitiva"}],"twitter_card":"summary_large_image","twitter_misc":{"Predpokladan\u00fd \u010das \u010d\u00edtania":"3 min\u00faty"},"schema":{"@context":"https:\/\/schema.org","@graph":[{"@type":"WebPage","@id":"https:\/\/onlinelotto365.com\/sk\/vyherne-cisla\/la-primitiva\/","url":"https:\/\/onlinelotto365.com\/sk\/vyherne-cisla\/la-primitiva\/","name":"Najnov\u0161ie v\u00fdsledky \u017erebovania, vy\u017erebovan\u00e9 \u010d\u00edsla pre La Primitiva","isPartOf":{"@id":"https:\/\/onlinelotto365.com\/sk\/#website"},"primaryImageOfPage":{"@id":"https:\/\/onlinelotto365.com\/sk\/vyherne-cisla\/la-primitiva\/#primaryimage"},"image":{"@id":"https:\/\/onlinelotto365.com\/sk\/vyherne-cisla\/la-primitiva\/#primaryimage"},"thumbnailUrl":"https:\/\/redfoxlotto.com\/image?size=8&amp;lottery=la-primitiva","datePublished":"2022-11-22T11:51:07+00:00","dateModified":"2022-11-22T11:51:07+00:00","description":"Z\u00edskajte najnov\u0161ie v\u00fdhern\u00e9 \u010d\u00edsla \u0161panielskej hry La Primitiva, ako aj \u010fal\u0161ie v\u00fdsledky","breadcrumb":{"@id":"https:\/\/onlinelotto365.com\/sk\/vyherne-cisla\/la-primitiva\/#breadcrumb"},"inLanguage":"sk-SK","potentialAction":[{"@type":"ReadAction","target":["https:\/\/onlinelotto365.com\/sk\/vyherne-cisla\/la-primitiva\/"]}]},{"@type":"ImageObject","inLanguage":"sk-SK","@id":"https:\/\/onlinelotto365.com\/sk\/vyherne-cisla\/la-primitiva\/#primaryimage","url":"https:\/\/redfoxlotto.com\/image?size=8&amp;lottery=la-primitiva","contentUrl":"https:\/\/redfoxlotto.com\/image?size=8&amp;lottery=la-primitiva"},{"@type":"BreadcrumbList","@id":"https:\/\/onlinelotto365.com\/sk\/vyherne-cisla\/la-primitiva\/#breadcrumb","itemListElement":[{"@type":"ListItem","position":1,"name":"Home","item":"https:\/\/onlinelotto365.com\/sk\/"},{"@type":"ListItem","position":2,"name":"V\u00fdsledky lot\u00e9ri\u00ed","item":"https:\/\/onlinelotto365.com\/sk\/vyherne-cisla\/"},{"@type":"ListItem","position":3,"name":"V\u00fdsledky \u017erebovania La Primitiva"}]},{"@type":"WebSite","@id":"https:\/\/onlinelotto365.com\/sk\/#website","url":"https:\/\/onlinelotto365.com\/sk\/","name":"OnlineLotto365","description":"","potentialAction":[{"@type":"SearchAction","target":{"@type":"EntryPoint","urlTemplate":"https:\/\/onlinelotto365.com\/sk\/?s={search_term_string}"},"query-input":{"@type":"PropertyValueSpecification","valueRequired":true,"valueName":"search_term_string"}}],"inLanguage":"sk-SK"}]}},"_links":{"self":[{"href":"https:\/\/onlinelotto365.com\/sk\/wp-json\/wp\/v2\/pages\/80712","targetHints":{"allow":["GET"]}}],"collection":[{"href":"https:\/\/onlinelotto365.com\/sk\/wp-json\/wp\/v2\/pages"}],"about":[{"href":"https:\/\/onlinelotto365.com\/sk\/wp-json\/wp\/v2\/types\/page"}],"author":[{"embeddable":true,"href":"https:\/\/onlinelotto365.com\/sk\/wp-json\/wp\/v2\/users\/1"}],"replies":[{"embeddable":true,"href":"https:\/\/onlinelotto365.com\/sk\/wp-json\/wp\/v2\/comments?post=80712"}],"version-history":[{"count":0,"href":"https:\/\/onlinelotto365.com\/sk\/wp-json\/wp\/v2\/pages\/80712\/revisions"}],"up":[{"embeddable":true,"href":"https:\/\/onlinelotto365.com\/sk\/wp-json\/wp\/v2\/pages\/5864"}],"wp:attachment":[{"href":"https:\/\/onlinelotto365.com\/sk\/wp-json\/wp\/v2\/media?parent=80712"}],"curies":[{"name":"wp","href":"https:\/\/api.w.org\/{rel}","templated":true}]}}