{"id":80744,"date":"2022-11-22T13:40:54","date_gmt":"2022-11-22T12:40:54","guid":{"rendered":"https:\/\/onlinelotto365.com\/?page_id=80744"},"modified":"2022-11-22T13:40:54","modified_gmt":"2022-11-22T12:40:54","slug":"bonoloto","status":"publish","type":"page","link":"https:\/\/onlinelotto365.com\/sk\/vyherne-cisla\/bonoloto\/","title":{"rendered":"V\u00fdsledky \u0161panielskeho Bonolota"},"content":{"rendered":"<p>Medzin\u00e1rodn\u00e9 lot\u00e9riov\u00e9 hry m\u00f4\u017eu by\u0165 ve\u013emi z\u00e1bavn\u00e9, ale mus\u00edte vedie\u0165, ako skontrolova\u0165 v\u00fdhern\u00e9 \u010d\u00edsla. Jedn\u00fdm zo sp\u00f4sobov, ako sa pozrie\u0165 na v\u00fdhern\u00e9 \u010d\u00edsla BonoLoto, je \u00eds\u0165 do nov\u00edn. V\u00fdsledky, ktor\u00e9 h\u013ead\u00e1te, v\u0161ak spravidla prines\u00fa len miestne noviny.<br \/>\n<a href=\"https:\/\/redfoxlotto.com\/play\/bonoloto\/?ref=a8564250a2&amp;medium=ol365\" target=\"_blank\" rel=\"noopener noreferrer\"><img decoding=\"async\" class=\"aligncenter\" src=\"https:\/\/redfoxlotto.com\/image?size=8&amp;lottery=bonoloto\" alt=\"BonoLoto\" \/><\/a><br \/>\n\u010eal\u0161ou mo\u017enos\u0165ou je pozrie\u0165 sa na telev\u00edzne stanice, ale ani tam nemus\u00edte n\u00e1js\u0165 inform\u00e1cie, ktor\u00e9 h\u013ead\u00e1te. Mus\u00edte \u017ei\u0165 v tej spr\u00e1vnej oblasti a vedie\u0165, kedy si \u010d\u00edsla overi\u0165.<\/p>\n<p>\u010ealej sa m\u00f4\u017eete pozrie\u0165 na ofici\u00e1lnu webov\u00fa str\u00e1nku BonoLoto a zisti\u0165, \u010di pon\u00fakaj\u00fa \u017erebovanie na\u017eivo online. Pri hr\u00e1ch, ktor\u00e9 to robia, to m\u00f4\u017ee by\u0165 vzru\u0161uj\u00face pre ka\u017ed\u00e9ho, preto\u017ee sa m\u00f4\u017eete necha\u0165 unies\u0165 momentom, ke\u010f sa pozer\u00e1te na \u010d\u00edsla, ktor\u00e9 sa okam\u017eite objavia. Majte v\u0161ak na pam\u00e4ti, \u017ee nie v\u0161etky lot\u00e9riov\u00e9 hry t\u00fato mo\u017enos\u0165 skuto\u010dne pon\u00fakaj\u00fa.<\/p>\n<p>Nakoniec sa m\u00f4\u017eete pozrie\u0165 na YouTube a zisti\u0165, \u010di niekto nezverejnil \u017eiv\u00e9 video z losovania alebo \u010di nezaznamenal v\u00fdhern\u00e9 \u010d\u00edsla nejak\u00fdm in\u00fdm sp\u00f4sobom, aby sa podelil o losovanie BonoLoto.<\/p>\n<p>Najpohodlnej\u0161\u00edm sp\u00f4sobom, ako m\u00f4\u017eete z\u00edska\u0165 v\u00fdhern\u00e9 \u010d\u00edsla, je v\u0161ak ur\u010dite kontrola na\u0161ej webovej str\u00e1nky. Na na\u0161ej webovej str\u00e1nke v\u00e1m poskytneme v\u0161etky v\u00fdhern\u00e9 \u010d\u00edsla pre hru BonoLoto, ako aj pre v\u0161etky ostatn\u00e9 hry, ktor\u00e9 m\u00e1me k dispoz\u00edcii, aby ste ich mohli sledova\u0165 na jednom mieste.<\/p>\n<h2>Ako zisti\u0165, \u010di v\u00e1\u0161 online tiket vyhral<\/h2>\n<p>T\u00ed, ktor\u00ed si u\u017e zak\u00fapili tiket BonoLoto, m\u00f4\u017eu prejs\u0165 priamo do svojho \u00fa\u010dtu. Prihl\u00e1ste sa a prejdite na str\u00e1nku s va\u0161imi vstupenkami. Ke\u010f sa tam dostanete, budete si m\u00f4c\u0165 pozrie\u0165 v\u00fdsledky v\u0161etk\u00fdch hier, na ktor\u00e9 ste si zak\u00fapili tikety. V\u010faka tomu budete m\u00f4c\u0165 ove\u013ea \u013eah\u0161ie zisti\u0165, ktor\u00e9 \u010d\u00edsla v\u00e1m padli a ktor\u00e9 nie. Peniaze si budete m\u00f4c\u0165 hne\u010f vyzdvihn\u00fa\u0165 aj v pr\u00edpade, \u017ee ste vyhrali menej ako 2500 eur. Tieto sumy sa toti\u017e prip\u00ed\u0161u priamo na v\u00e1\u0161 \u00fa\u010det bez toho, aby ste museli \u010doko\u013evek robi\u0165.<\/p>\n<h2>Arch\u00edv v\u00fdsledkov BonoLoto<\/h2>\n<p>Ak h\u013ead\u00e1te star\u00e9 \u010d\u00edsla BonoLoto, nemus\u00edte h\u013eada\u0165 \u010faleko. To preto, \u017ee sme sa o v\u0161etko postarali za v\u00e1s. Dokonca sme v\u0161etky star\u00e9 \u010d\u00edsla umiestnili priamo na to ist\u00e9 miesto ako najnov\u0161ie \u010d\u00edsla, tak\u017ee sa nemus\u00edte ob\u00e1va\u0165, \u017ee by ste ich museli h\u013eada\u0165. Je to preto, lebo vieme, ak\u00e9 d\u00f4le\u017eit\u00e9 je pre v\u00e1s vedie\u0165 n\u00e1js\u0165 tieto \u010d\u00edsla, ke\u010f ich chcete.<\/p>\n<h2>M\u00f4j tiket vyhral, \u010do bude nasledova\u0165?<\/h2>\n<p><img loading=\"lazy\" decoding=\"async\" class=\"alignright wp-image-3651\" src=\"https:\/\/onlinelotto365.com\/wp-content\/uploads\/2020\/11\/online_lottery-79-300x292.jpg\" alt=\"v\u00fdhern\u00e9 \u010d\u00edsla bonoloto\" width=\"148\" height=\"145\" srcset=\"https:\/\/onlinelotto365.com\/wp-content\/uploads\/2020\/11\/online_lottery-79-300x292.jpg 300w, https:\/\/onlinelotto365.com\/wp-content\/uploads\/2020\/11\/online_lottery-79.jpg 320w\" sizes=\"auto, (max-width: 148px) 100vw, 148px\" \/><br \/>\nU\u017e sme hovorili o tom, \u017ee ak vyhr\u00e1te niektor\u00fa z drobn\u00fdch v\u00fdhier v akejko\u013evek lotto hre, nemus\u00edte sa ob\u00e1va\u0165 o z\u00edskanie svojich pe\u0148az\u00ed. Je to preto, \u017ee sa postar\u00e1me o to, aby v\u00e1m boli pouk\u00e1zan\u00e9 priamo na v\u00e1\u0161 \u00fa\u010det. Ak\u00e1ko\u013evek suma ni\u017e\u0161ia ako 2500 \u20ac bude automaticky prip\u00edsan\u00e1 na v\u00e1\u0161 \u00fa\u010det, tak\u017ee ju budete ma\u0165 k dispoz\u00edcii, kedyko\u013evek budete chcie\u0165.<br \/>\nTo bude pre v\u00e1s ur\u010dite pohodln\u00e9 a pom\u00f4\u017ee v\u00e1m to za\u010da\u0165 tieto peniaze pou\u017e\u00edva\u0165. M\u00f4\u017eete ich toti\u017e pou\u017ei\u0165 na n\u00e1kup \u010fal\u0161\u00edch tiketov, kedyko\u013evek budete chcie\u0165. Ak je to viac ako 10 \u20ac, m\u00f4\u017eete si dokonca peniaze vybra\u0165 na ak\u00fdko\u013evek \u00fa\u010det, ktor\u00fd ste na na\u0161ej str\u00e1nke pou\u017e\u00edvali u\u017e predt\u00fdm.<\/p>\n","protected":false},"excerpt":{"rendered":"<p>Medzin\u00e1rodn\u00e9 lot\u00e9riov\u00e9 hry m\u00f4\u017eu by\u0165 ve\u013emi z\u00e1bavn\u00e9, ale mus\u00edte vedie\u0165, ako skontrolova\u0165 v\u00fdhern\u00e9 \u010d\u00edsla. Jedn\u00fdm zo sp\u00f4sobov, ako sa pozrie\u0165 na v\u00fdhern\u00e9 \u010d\u00edsla BonoLoto, je \u00eds\u0165 do nov\u00edn. V\u00fdsledky, ktor\u00e9 h\u013ead\u00e1te, v\u0161ak spravidla prines\u00fa len miestne noviny. \u010eal\u0161ou mo\u017enos\u0165ou je pozrie\u0165 sa na telev\u00edzne stanice, ale ani tam nemus\u00edte n\u00e1js\u0165 inform\u00e1cie, ktor\u00e9 h\u013ead\u00e1te. Mus\u00edte \u017ei\u0165 [&hellip;]<\/p>\n","protected":false},"author":1,"featured_media":0,"parent":5864,"menu_order":8,"comment_status":"closed","ping_status":"closed","template":"template-rightsidebar.php","meta":{"_et_pb_use_builder":"","_et_pb_old_content":"","_et_gb_content_width":"","exclude_from_search":false,"footnotes":""},"class_list":["post-80744","page","type-page","status-publish","hentry"],"yoast_head":"<!-- This site is optimized with the Yoast SEO plugin v23.4 - https:\/\/yoast.com\/wordpress\/plugins\/seo\/ -->\n<title>V\u00fdsledky a ceny \u0161panielskeho BonoLoto<\/title>\n<meta name=\"description\" content=\"Tu sa dozviete, \u010di va\u0161e l\u00edstky na Bonoloto vyhrali\" \/>\n<meta name=\"robots\" content=\"index, follow, max-snippet:-1, max-image-preview:large, max-video-preview:-1\" \/>\n<link rel=\"canonical\" href=\"https:\/\/onlinelotto365.com\/sk\/vyherne-cisla\/bonoloto\/\" \/>\n<meta property=\"og:locale\" content=\"sk_SK\" \/>\n<meta property=\"og:type\" content=\"article\" \/>\n<meta property=\"og:title\" content=\"V\u00fdsledky a ceny \u0161panielskeho BonoLoto\" \/>\n<meta property=\"og:description\" content=\"Tu sa dozviete, \u010di va\u0161e l\u00edstky na Bonoloto vyhrali\" \/>\n<meta property=\"og:url\" content=\"https:\/\/onlinelotto365.com\/sk\/vyherne-cisla\/bonoloto\/\" \/>\n<meta property=\"og:site_name\" content=\"OnlineLotto365\" \/>\n<meta property=\"og:image\" content=\"https:\/\/redfoxlotto.com\/image?size=8&amp;lottery=bonoloto\" \/>\n<meta name=\"twitter:card\" content=\"summary_large_image\" \/>\n<meta name=\"twitter:label1\" content=\"Predpokladan\u00fd \u010das \u010d\u00edtania\" \/>\n\t<meta name=\"twitter:data1\" content=\"3 min\u00faty\" \/>\n<script type=\"application\/ld+json\" class=\"yoast-schema-graph\">{\"@context\":\"https:\/\/schema.org\",\"@graph\":[{\"@type\":\"WebPage\",\"@id\":\"https:\/\/onlinelotto365.com\/sk\/vyherne-cisla\/bonoloto\/\",\"url\":\"https:\/\/onlinelotto365.com\/sk\/vyherne-cisla\/bonoloto\/\",\"name\":\"V\u00fdsledky a ceny \u0161panielskeho BonoLoto\",\"isPartOf\":{\"@id\":\"https:\/\/onlinelotto365.com\/sk\/#website\"},\"primaryImageOfPage\":{\"@id\":\"https:\/\/onlinelotto365.com\/sk\/vyherne-cisla\/bonoloto\/#primaryimage\"},\"image\":{\"@id\":\"https:\/\/onlinelotto365.com\/sk\/vyherne-cisla\/bonoloto\/#primaryimage\"},\"thumbnailUrl\":\"https:\/\/redfoxlotto.com\/image?size=8&amp;lottery=bonoloto\",\"datePublished\":\"2022-11-22T12:40:54+00:00\",\"dateModified\":\"2022-11-22T12:40:54+00:00\",\"description\":\"Tu sa dozviete, \u010di va\u0161e l\u00edstky na Bonoloto vyhrali\",\"breadcrumb\":{\"@id\":\"https:\/\/onlinelotto365.com\/sk\/vyherne-cisla\/bonoloto\/#breadcrumb\"},\"inLanguage\":\"sk-SK\",\"potentialAction\":[{\"@type\":\"ReadAction\",\"target\":[\"https:\/\/onlinelotto365.com\/sk\/vyherne-cisla\/bonoloto\/\"]}]},{\"@type\":\"ImageObject\",\"inLanguage\":\"sk-SK\",\"@id\":\"https:\/\/onlinelotto365.com\/sk\/vyherne-cisla\/bonoloto\/#primaryimage\",\"url\":\"https:\/\/redfoxlotto.com\/image?size=8&amp;lottery=bonoloto\",\"contentUrl\":\"https:\/\/redfoxlotto.com\/image?size=8&amp;lottery=bonoloto\"},{\"@type\":\"BreadcrumbList\",\"@id\":\"https:\/\/onlinelotto365.com\/sk\/vyherne-cisla\/bonoloto\/#breadcrumb\",\"itemListElement\":[{\"@type\":\"ListItem\",\"position\":1,\"name\":\"Home\",\"item\":\"https:\/\/onlinelotto365.com\/sk\/\"},{\"@type\":\"ListItem\",\"position\":2,\"name\":\"V\u00fdsledky lot\u00e9ri\u00ed\",\"item\":\"https:\/\/onlinelotto365.com\/sk\/vyherne-cisla\/\"},{\"@type\":\"ListItem\",\"position\":3,\"name\":\"V\u00fdsledky \u0161panielskeho Bonolota\"}]},{\"@type\":\"WebSite\",\"@id\":\"https:\/\/onlinelotto365.com\/sk\/#website\",\"url\":\"https:\/\/onlinelotto365.com\/sk\/\",\"name\":\"OnlineLotto365\",\"description\":\"\",\"potentialAction\":[{\"@type\":\"SearchAction\",\"target\":{\"@type\":\"EntryPoint\",\"urlTemplate\":\"https:\/\/onlinelotto365.com\/sk\/?s={search_term_string}\"},\"query-input\":{\"@type\":\"PropertyValueSpecification\",\"valueRequired\":true,\"valueName\":\"search_term_string\"}}],\"inLanguage\":\"sk-SK\"}]}<\/script>\n<!-- \/ Yoast SEO plugin. -->","yoast_head_json":{"title":"V\u00fdsledky a ceny \u0161panielskeho BonoLoto","description":"Tu sa dozviete, \u010di va\u0161e l\u00edstky na Bonoloto vyhrali","robots":{"index":"index","follow":"follow","max-snippet":"max-snippet:-1","max-image-preview":"max-image-preview:large","max-video-preview":"max-video-preview:-1"},"canonical":"https:\/\/onlinelotto365.com\/sk\/vyherne-cisla\/bonoloto\/","og_locale":"sk_SK","og_type":"article","og_title":"V\u00fdsledky a ceny \u0161panielskeho BonoLoto","og_description":"Tu sa dozviete, \u010di va\u0161e l\u00edstky na Bonoloto vyhrali","og_url":"https:\/\/onlinelotto365.com\/sk\/vyherne-cisla\/bonoloto\/","og_site_name":"OnlineLotto365","og_image":[{"url":"https:\/\/redfoxlotto.com\/image?size=8&amp;lottery=bonoloto"}],"twitter_card":"summary_large_image","twitter_misc":{"Predpokladan\u00fd \u010das \u010d\u00edtania":"3 min\u00faty"},"schema":{"@context":"https:\/\/schema.org","@graph":[{"@type":"WebPage","@id":"https:\/\/onlinelotto365.com\/sk\/vyherne-cisla\/bonoloto\/","url":"https:\/\/onlinelotto365.com\/sk\/vyherne-cisla\/bonoloto\/","name":"V\u00fdsledky a ceny \u0161panielskeho BonoLoto","isPartOf":{"@id":"https:\/\/onlinelotto365.com\/sk\/#website"},"primaryImageOfPage":{"@id":"https:\/\/onlinelotto365.com\/sk\/vyherne-cisla\/bonoloto\/#primaryimage"},"image":{"@id":"https:\/\/onlinelotto365.com\/sk\/vyherne-cisla\/bonoloto\/#primaryimage"},"thumbnailUrl":"https:\/\/redfoxlotto.com\/image?size=8&amp;lottery=bonoloto","datePublished":"2022-11-22T12:40:54+00:00","dateModified":"2022-11-22T12:40:54+00:00","description":"Tu sa dozviete, \u010di va\u0161e l\u00edstky na Bonoloto vyhrali","breadcrumb":{"@id":"https:\/\/onlinelotto365.com\/sk\/vyherne-cisla\/bonoloto\/#breadcrumb"},"inLanguage":"sk-SK","potentialAction":[{"@type":"ReadAction","target":["https:\/\/onlinelotto365.com\/sk\/vyherne-cisla\/bonoloto\/"]}]},{"@type":"ImageObject","inLanguage":"sk-SK","@id":"https:\/\/onlinelotto365.com\/sk\/vyherne-cisla\/bonoloto\/#primaryimage","url":"https:\/\/redfoxlotto.com\/image?size=8&amp;lottery=bonoloto","contentUrl":"https:\/\/redfoxlotto.com\/image?size=8&amp;lottery=bonoloto"},{"@type":"BreadcrumbList","@id":"https:\/\/onlinelotto365.com\/sk\/vyherne-cisla\/bonoloto\/#breadcrumb","itemListElement":[{"@type":"ListItem","position":1,"name":"Home","item":"https:\/\/onlinelotto365.com\/sk\/"},{"@type":"ListItem","position":2,"name":"V\u00fdsledky lot\u00e9ri\u00ed","item":"https:\/\/onlinelotto365.com\/sk\/vyherne-cisla\/"},{"@type":"ListItem","position":3,"name":"V\u00fdsledky \u0161panielskeho Bonolota"}]},{"@type":"WebSite","@id":"https:\/\/onlinelotto365.com\/sk\/#website","url":"https:\/\/onlinelotto365.com\/sk\/","name":"OnlineLotto365","description":"","potentialAction":[{"@type":"SearchAction","target":{"@type":"EntryPoint","urlTemplate":"https:\/\/onlinelotto365.com\/sk\/?s={search_term_string}"},"query-input":{"@type":"PropertyValueSpecification","valueRequired":true,"valueName":"search_term_string"}}],"inLanguage":"sk-SK"}]}},"_links":{"self":[{"href":"https:\/\/onlinelotto365.com\/sk\/wp-json\/wp\/v2\/pages\/80744","targetHints":{"allow":["GET"]}}],"collection":[{"href":"https:\/\/onlinelotto365.com\/sk\/wp-json\/wp\/v2\/pages"}],"about":[{"href":"https:\/\/onlinelotto365.com\/sk\/wp-json\/wp\/v2\/types\/page"}],"author":[{"embeddable":true,"href":"https:\/\/onlinelotto365.com\/sk\/wp-json\/wp\/v2\/users\/1"}],"replies":[{"embeddable":true,"href":"https:\/\/onlinelotto365.com\/sk\/wp-json\/wp\/v2\/comments?post=80744"}],"version-history":[{"count":0,"href":"https:\/\/onlinelotto365.com\/sk\/wp-json\/wp\/v2\/pages\/80744\/revisions"}],"up":[{"embeddable":true,"href":"https:\/\/onlinelotto365.com\/sk\/wp-json\/wp\/v2\/pages\/5864"}],"wp:attachment":[{"href":"https:\/\/onlinelotto365.com\/sk\/wp-json\/wp\/v2\/media?parent=80744"}],"curies":[{"name":"wp","href":"https:\/\/api.w.org\/{rel}","templated":true}]}}