{"id":80776,"date":"2022-11-23T07:34:30","date_gmt":"2022-11-23T06:34:30","guid":{"rendered":"https:\/\/onlinelotto365.com\/?page_id=80776"},"modified":"2022-11-23T07:34:30","modified_gmt":"2022-11-23T06:34:30","slug":"uk-lottery","status":"publish","type":"page","link":"https:\/\/onlinelotto365.com\/sk\/vyherne-cisla\/uk-lottery\/","title":{"rendered":"V\u00fdsledky lot\u00e9rie v Spojenom kr\u00e1\u013eovstve"},"content":{"rendered":"<p>Existuje mno\u017estvo r\u00f4znych medzin\u00e1rodn\u00fdch hier a my ich pon\u00fakame cel\u00fd rad. To m\u00f4\u017ee znamena\u0165, \u017ee po \u017erebovan\u00ed budete ma\u0165 probl\u00e9m n\u00e1js\u0165 v\u00fdsledky. Niektor\u00ed chc\u00fa h\u013eada\u0165 v novin\u00e1ch, ale va\u0161e miestne noviny nemusia ma\u0165 v\u00fdsledky lot\u00e9rie v Spojenom kr\u00e1\u013eovstve. Na druhej strane, telev\u00edzne stanice tie\u017e nemusia ma\u0165 tieto v\u00fdsledky, alebo m\u00f4\u017ee trva\u0165 nejak\u00fd \u010das, k\u00fdm n\u00e1jdete spr\u00e1vny kan\u00e1l, ktor\u00fd ich m\u00e1.<br \/>\n<a href=\"https:\/\/redfoxlotto.com\/play\/lotto-uk\/?ref=a8564250a2&amp;medium=ol365\" target=\"_blank\" rel=\"noopener noreferrer\"><img decoding=\"async\" class=\"aligncenter\" src=\"https:\/\/redfoxlotto.com\/image?size=8&amp;lottery=lotto-uk\" alt=\"uk lot\u00e9rie\" \/><\/a><\/p>\n<p>\u010eal\u0161ou mo\u017enos\u0165ou je pozrie\u0165 sa na ofici\u00e1lnu webov\u00fa str\u00e1nku lot\u00e9rie UK Lottery, ktor\u00e1 m\u00f4\u017ee ma\u0165 priamy prenos z priebehu \u017erebovania. Nie v\u0161etky lot\u00e9rie v\u0161ak pon\u00fakaj\u00fa tento typ syst\u00e9mu \u017eiv\u00e9ho vysielania, a aj ke\u010f ho pon\u00fakaj\u00fa, mus\u00edte tam by\u0165 v spr\u00e1vnom \u010dase. Ktor\u00fd sp\u00f4sob teda m\u00f4\u017eete pou\u017ei\u0165 na zistenie v\u00fdsledkov lot\u00e9rie UK Lottery?<br \/>\n\u010eal\u0161ou mo\u017enos\u0165ou je pozrie\u0165 si na YouTube najnov\u0161ie \u017erebovanie UK Lottery, ak u\u017e skon\u010dilo. Niekedy \u013eudia nahr\u00e1vaj\u00fa z\u00e1znam alebo nejak\u00fdm sp\u00f4sobom zverej\u0148uj\u00fa v\u00fdhern\u00e9 \u010d\u00edsla.<\/p>\n<p>Najjednoduch\u0161\u00edm sp\u00f4sobom, ako z\u00edska\u0165 v\u00fdhern\u00e9 \u010d\u00edsla, je v\u0161ak pozrie\u0165 si na\u0161u webov\u00fa str\u00e1nku. Na na\u0161ej str\u00e1nke s v\u00fdsledkami lot\u00e9rie sa dozviete v\u00fdsledky a ceny lot\u00e9rie UK Lottery, ako aj ka\u017edej inej lot\u00e9rie, ktor\u00fa m\u00e1me k dispoz\u00edcii.<\/p>\n<h2>Ako zisti\u0165, \u010di v\u00e1\u0161 online tiket vyhral<\/h2>\n<p>E\u0161te lep\u0161ie pre v\u00e1s je, \u017ee si m\u00f4\u017eete skontrolova\u0165 str\u00e1nku svojho \u00fa\u010dtu, ak ste si u\u017e zak\u00fapili tikety. Na str\u00e1nke v\u00e1\u0161ho \u00fa\u010dtu v\u00e1m uk\u00e1\u017eeme v\u00fdhern\u00e9 \u010d\u00edsla v\u0161etk\u00fdch tiketov, ktor\u00e9 m\u00e1te, a porovn\u00e1me ich s va\u0161\u00edm vlastn\u00fdm tiketom. Dokonca zv\u00fdrazn\u00edme \u010d\u00edsla, ktor\u00e9 sa zhoduj\u00fa.<br \/>\nA ak vyhr\u00e1te menej ako 2500 eur, nemus\u00edte robi\u0165 ni\u010d, preto\u017ee peniaze u\u017e bud\u00fa po overen\u00ed v\u00fdsledkov prip\u00edsan\u00e9 priamo na v\u00e1\u0161 hr\u00e1\u010dsky \u00fa\u010det. To v\u00e1m u\u013eah\u010d\u00ed n\u00e1kup \u010fal\u0161\u00edch tiketov na \u010fal\u0161ie \u017erebovanie.<\/p>\n<h2>Arch\u00edv v\u00fdsledkov britskej lot\u00e9rie<\/h2>\n<p>Na ka\u017edej zo str\u00e1nok na na\u0161ej webovej str\u00e1nke, na ktorej sa zobrazuj\u00fa aktu\u00e1lne v\u00fdhern\u00e9 \u010d\u00edsla, sa v\u00e1m zobrazia aj star\u00e9 v\u00fdsledky UK Lottery. Budete si tak m\u00f4c\u0165 skontrolova\u0165 predch\u00e1dzaj\u00face \u017erebovania a n\u00e1js\u0165 star\u00e9 tikety alebo zisti\u0165 \u010d\u00edsla, ktor\u00e9 chcete hra\u0165 nabud\u00face. Ve\u013ea \u013eud\u00ed si toti\u017e rado pozrie star\u00e9 \u010d\u00edsla, aby si vybrali tie svoje.<\/p>\n<h2>M\u00f4j tiket vyhral, \u010do sa stane \u010falej?<\/h2>\n<p><img loading=\"lazy\" decoding=\"async\" class=\"alignright wp-image-3550\" src=\"https:\/\/onlinelotto365.com\/wp-content\/uploads\/2020\/11\/online_lottery-108-300x232.jpg\" alt=\"V\u00fdsledky lot\u00e9rie uk\" width=\"146\" height=\"113\" srcset=\"https:\/\/onlinelotto365.com\/wp-content\/uploads\/2020\/11\/online_lottery-108-300x232.jpg 300w, https:\/\/onlinelotto365.com\/wp-content\/uploads\/2020\/11\/online_lottery-108.jpg 320w\" sizes=\"auto, (max-width: 146px) 100vw, 146px\" \/><br \/>\nAk m\u00e1te v\u00fdhern\u00fd tiket a m\u00e1te n\u00e1rok na menej ako 2500 eur, nemus\u00edte robi\u0165 v\u00f4bec ni\u010d. O v\u0161etko sa postar\u00e1me za v\u00e1s a zabezpe\u010d\u00edme, aby ste svoju v\u00fdhru dostali priamo na svoj \u00fa\u010det. Ak chcete tieto peniaze pou\u017ei\u0165, m\u00f4\u017eete si za ne k\u00fapi\u0165 e\u0161te viac tiketov. Ak nechcete, m\u00f4\u017eete si peniaze vybra\u0165, pokia\u013e m\u00e1te k dispoz\u00edcii aspo\u0148 10 \u20ac. Tieto peniaze mus\u00edte vybra\u0165 pomocou platobnej met\u00f3dy, ktor\u00e1 u\u017e bola pou\u017eit\u00e1 na na\u0161ej str\u00e1nke, a mo\u017eno budete musie\u0165 overi\u0165 svoju toto\u017enos\u0165, aby ste vyhoveli feder\u00e1lnym predpisom.<\/p>\n","protected":false},"excerpt":{"rendered":"<p>Existuje mno\u017estvo r\u00f4znych medzin\u00e1rodn\u00fdch hier a my ich pon\u00fakame cel\u00fd rad. To m\u00f4\u017ee znamena\u0165, \u017ee po \u017erebovan\u00ed budete ma\u0165 probl\u00e9m n\u00e1js\u0165 v\u00fdsledky. Niektor\u00ed chc\u00fa h\u013eada\u0165 v novin\u00e1ch, ale va\u0161e miestne noviny nemusia ma\u0165 v\u00fdsledky lot\u00e9rie v Spojenom kr\u00e1\u013eovstve. Na druhej strane, telev\u00edzne stanice tie\u017e nemusia ma\u0165 tieto v\u00fdsledky, alebo m\u00f4\u017ee trva\u0165 nejak\u00fd \u010das, k\u00fdm n\u00e1jdete [&hellip;]<\/p>\n","protected":false},"author":1,"featured_media":0,"parent":5864,"menu_order":9,"comment_status":"closed","ping_status":"closed","template":"lotto-uk-results.php","meta":{"_et_pb_use_builder":"","_et_pb_old_content":"","_et_gb_content_width":"","exclude_from_search":false,"footnotes":""},"class_list":["post-80776","page","type-page","status-publish","hentry"],"yoast_head":"<!-- This site is optimized with the Yoast SEO plugin v23.4 - https:\/\/yoast.com\/wordpress\/plugins\/seo\/ -->\n<title>V\u00fdsledky, v\u00ed\u0165azn\u00e9 \u010d\u00edsla pre UK Lottery<\/title>\n<meta name=\"description\" content=\"Hne\u010f po \u017erebovan\u00ed si pozrite v\u00fdsledky a \u010d\u00edsla lot\u00e9rie UK tu\" \/>\n<meta name=\"robots\" content=\"index, follow, max-snippet:-1, max-image-preview:large, max-video-preview:-1\" \/>\n<link rel=\"canonical\" href=\"https:\/\/onlinelotto365.com\/sk\/vyherne-cisla\/uk-lottery\/\" \/>\n<meta property=\"og:locale\" content=\"sk_SK\" \/>\n<meta property=\"og:type\" content=\"article\" \/>\n<meta property=\"og:title\" content=\"V\u00fdsledky, v\u00ed\u0165azn\u00e9 \u010d\u00edsla pre UK Lottery\" \/>\n<meta property=\"og:description\" content=\"Hne\u010f po \u017erebovan\u00ed si pozrite v\u00fdsledky a \u010d\u00edsla lot\u00e9rie UK tu\" \/>\n<meta property=\"og:url\" content=\"https:\/\/onlinelotto365.com\/sk\/vyherne-cisla\/uk-lottery\/\" \/>\n<meta property=\"og:site_name\" content=\"OnlineLotto365\" \/>\n<meta property=\"og:image\" content=\"https:\/\/redfoxlotto.com\/image?size=8&amp;lottery=lotto-uk\" \/>\n<meta name=\"twitter:card\" content=\"summary_large_image\" \/>\n<meta name=\"twitter:label1\" content=\"Predpokladan\u00fd \u010das \u010d\u00edtania\" \/>\n\t<meta name=\"twitter:data1\" content=\"2 min\u00faty\" \/>\n<script type=\"application\/ld+json\" class=\"yoast-schema-graph\">{\"@context\":\"https:\/\/schema.org\",\"@graph\":[{\"@type\":\"WebPage\",\"@id\":\"https:\/\/onlinelotto365.com\/sk\/vyherne-cisla\/uk-lottery\/\",\"url\":\"https:\/\/onlinelotto365.com\/sk\/vyherne-cisla\/uk-lottery\/\",\"name\":\"V\u00fdsledky, v\u00ed\u0165azn\u00e9 \u010d\u00edsla pre UK Lottery\",\"isPartOf\":{\"@id\":\"https:\/\/onlinelotto365.com\/sk\/#website\"},\"primaryImageOfPage\":{\"@id\":\"https:\/\/onlinelotto365.com\/sk\/vyherne-cisla\/uk-lottery\/#primaryimage\"},\"image\":{\"@id\":\"https:\/\/onlinelotto365.com\/sk\/vyherne-cisla\/uk-lottery\/#primaryimage\"},\"thumbnailUrl\":\"https:\/\/redfoxlotto.com\/image?size=8&amp;lottery=lotto-uk\",\"datePublished\":\"2022-11-23T06:34:30+00:00\",\"dateModified\":\"2022-11-23T06:34:30+00:00\",\"description\":\"Hne\u010f po \u017erebovan\u00ed si pozrite v\u00fdsledky a \u010d\u00edsla lot\u00e9rie UK tu\",\"breadcrumb\":{\"@id\":\"https:\/\/onlinelotto365.com\/sk\/vyherne-cisla\/uk-lottery\/#breadcrumb\"},\"inLanguage\":\"sk-SK\",\"potentialAction\":[{\"@type\":\"ReadAction\",\"target\":[\"https:\/\/onlinelotto365.com\/sk\/vyherne-cisla\/uk-lottery\/\"]}]},{\"@type\":\"ImageObject\",\"inLanguage\":\"sk-SK\",\"@id\":\"https:\/\/onlinelotto365.com\/sk\/vyherne-cisla\/uk-lottery\/#primaryimage\",\"url\":\"https:\/\/redfoxlotto.com\/image?size=8&amp;lottery=lotto-uk\",\"contentUrl\":\"https:\/\/redfoxlotto.com\/image?size=8&amp;lottery=lotto-uk\"},{\"@type\":\"BreadcrumbList\",\"@id\":\"https:\/\/onlinelotto365.com\/sk\/vyherne-cisla\/uk-lottery\/#breadcrumb\",\"itemListElement\":[{\"@type\":\"ListItem\",\"position\":1,\"name\":\"Home\",\"item\":\"https:\/\/onlinelotto365.com\/sk\/\"},{\"@type\":\"ListItem\",\"position\":2,\"name\":\"V\u00fdsledky lot\u00e9ri\u00ed\",\"item\":\"https:\/\/onlinelotto365.com\/sk\/vyherne-cisla\/\"},{\"@type\":\"ListItem\",\"position\":3,\"name\":\"V\u00fdsledky lot\u00e9rie v Spojenom kr\u00e1\u013eovstve\"}]},{\"@type\":\"WebSite\",\"@id\":\"https:\/\/onlinelotto365.com\/sk\/#website\",\"url\":\"https:\/\/onlinelotto365.com\/sk\/\",\"name\":\"OnlineLotto365\",\"description\":\"\",\"potentialAction\":[{\"@type\":\"SearchAction\",\"target\":{\"@type\":\"EntryPoint\",\"urlTemplate\":\"https:\/\/onlinelotto365.com\/sk\/?s={search_term_string}\"},\"query-input\":{\"@type\":\"PropertyValueSpecification\",\"valueRequired\":true,\"valueName\":\"search_term_string\"}}],\"inLanguage\":\"sk-SK\"}]}<\/script>\n<!-- \/ Yoast SEO plugin. -->","yoast_head_json":{"title":"V\u00fdsledky, v\u00ed\u0165azn\u00e9 \u010d\u00edsla pre UK Lottery","description":"Hne\u010f po \u017erebovan\u00ed si pozrite v\u00fdsledky a \u010d\u00edsla lot\u00e9rie UK tu","robots":{"index":"index","follow":"follow","max-snippet":"max-snippet:-1","max-image-preview":"max-image-preview:large","max-video-preview":"max-video-preview:-1"},"canonical":"https:\/\/onlinelotto365.com\/sk\/vyherne-cisla\/uk-lottery\/","og_locale":"sk_SK","og_type":"article","og_title":"V\u00fdsledky, v\u00ed\u0165azn\u00e9 \u010d\u00edsla pre UK Lottery","og_description":"Hne\u010f po \u017erebovan\u00ed si pozrite v\u00fdsledky a \u010d\u00edsla lot\u00e9rie UK tu","og_url":"https:\/\/onlinelotto365.com\/sk\/vyherne-cisla\/uk-lottery\/","og_site_name":"OnlineLotto365","og_image":[{"url":"https:\/\/redfoxlotto.com\/image?size=8&amp;lottery=lotto-uk"}],"twitter_card":"summary_large_image","twitter_misc":{"Predpokladan\u00fd \u010das \u010d\u00edtania":"2 min\u00faty"},"schema":{"@context":"https:\/\/schema.org","@graph":[{"@type":"WebPage","@id":"https:\/\/onlinelotto365.com\/sk\/vyherne-cisla\/uk-lottery\/","url":"https:\/\/onlinelotto365.com\/sk\/vyherne-cisla\/uk-lottery\/","name":"V\u00fdsledky, v\u00ed\u0165azn\u00e9 \u010d\u00edsla pre UK Lottery","isPartOf":{"@id":"https:\/\/onlinelotto365.com\/sk\/#website"},"primaryImageOfPage":{"@id":"https:\/\/onlinelotto365.com\/sk\/vyherne-cisla\/uk-lottery\/#primaryimage"},"image":{"@id":"https:\/\/onlinelotto365.com\/sk\/vyherne-cisla\/uk-lottery\/#primaryimage"},"thumbnailUrl":"https:\/\/redfoxlotto.com\/image?size=8&amp;lottery=lotto-uk","datePublished":"2022-11-23T06:34:30+00:00","dateModified":"2022-11-23T06:34:30+00:00","description":"Hne\u010f po \u017erebovan\u00ed si pozrite v\u00fdsledky a \u010d\u00edsla lot\u00e9rie UK tu","breadcrumb":{"@id":"https:\/\/onlinelotto365.com\/sk\/vyherne-cisla\/uk-lottery\/#breadcrumb"},"inLanguage":"sk-SK","potentialAction":[{"@type":"ReadAction","target":["https:\/\/onlinelotto365.com\/sk\/vyherne-cisla\/uk-lottery\/"]}]},{"@type":"ImageObject","inLanguage":"sk-SK","@id":"https:\/\/onlinelotto365.com\/sk\/vyherne-cisla\/uk-lottery\/#primaryimage","url":"https:\/\/redfoxlotto.com\/image?size=8&amp;lottery=lotto-uk","contentUrl":"https:\/\/redfoxlotto.com\/image?size=8&amp;lottery=lotto-uk"},{"@type":"BreadcrumbList","@id":"https:\/\/onlinelotto365.com\/sk\/vyherne-cisla\/uk-lottery\/#breadcrumb","itemListElement":[{"@type":"ListItem","position":1,"name":"Home","item":"https:\/\/onlinelotto365.com\/sk\/"},{"@type":"ListItem","position":2,"name":"V\u00fdsledky lot\u00e9ri\u00ed","item":"https:\/\/onlinelotto365.com\/sk\/vyherne-cisla\/"},{"@type":"ListItem","position":3,"name":"V\u00fdsledky lot\u00e9rie v Spojenom kr\u00e1\u013eovstve"}]},{"@type":"WebSite","@id":"https:\/\/onlinelotto365.com\/sk\/#website","url":"https:\/\/onlinelotto365.com\/sk\/","name":"OnlineLotto365","description":"","potentialAction":[{"@type":"SearchAction","target":{"@type":"EntryPoint","urlTemplate":"https:\/\/onlinelotto365.com\/sk\/?s={search_term_string}"},"query-input":{"@type":"PropertyValueSpecification","valueRequired":true,"valueName":"search_term_string"}}],"inLanguage":"sk-SK"}]}},"_links":{"self":[{"href":"https:\/\/onlinelotto365.com\/sk\/wp-json\/wp\/v2\/pages\/80776","targetHints":{"allow":["GET"]}}],"collection":[{"href":"https:\/\/onlinelotto365.com\/sk\/wp-json\/wp\/v2\/pages"}],"about":[{"href":"https:\/\/onlinelotto365.com\/sk\/wp-json\/wp\/v2\/types\/page"}],"author":[{"embeddable":true,"href":"https:\/\/onlinelotto365.com\/sk\/wp-json\/wp\/v2\/users\/1"}],"replies":[{"embeddable":true,"href":"https:\/\/onlinelotto365.com\/sk\/wp-json\/wp\/v2\/comments?post=80776"}],"version-history":[{"count":0,"href":"https:\/\/onlinelotto365.com\/sk\/wp-json\/wp\/v2\/pages\/80776\/revisions"}],"up":[{"embeddable":true,"href":"https:\/\/onlinelotto365.com\/sk\/wp-json\/wp\/v2\/pages\/5864"}],"wp:attachment":[{"href":"https:\/\/onlinelotto365.com\/sk\/wp-json\/wp\/v2\/media?parent=80776"}],"curies":[{"name":"wp","href":"https:\/\/api.w.org\/{rel}","templated":true}]}}