{"id":80812,"date":"2022-11-23T08:41:17","date_gmt":"2022-11-23T07:41:17","guid":{"rendered":"https:\/\/onlinelotto365.com\/?page_id=80812"},"modified":"2022-11-23T08:41:17","modified_gmt":"2022-11-23T07:41:17","slug":"set-for-life","status":"publish","type":"page","link":"https:\/\/onlinelotto365.com\/sk\/vyherne-cisla\/set-for-life\/","title":{"rendered":"V\u00fdsledky \u017erebovania S\u00fabor pre \u017eivot"},"content":{"rendered":"<p>Medzin\u00e1rodn\u00e9 lot\u00e9riov\u00e9 hry m\u00f4\u017eu by\u0165 ve\u013emi z\u00e1bavn\u00e9, ale vy\u017eaduj\u00fa si trochu \u00fasilia, aby ste na\u0161li v\u00fdhern\u00e9 \u010d\u00edsla. \u010c\u00edsla hry Set for Life nemusia by\u0165 k dispoz\u00edcii v miestnych novin\u00e1ch. Je to preto, \u017ee sa mo\u017eno nenach\u00e1dzate v spr\u00e1vnej oblasti.<br \/>\n<a href=\"https:\/\/redfoxlotto.com\/play\/set-for-life-uk\/?ref=a8564250a2&amp;medium=ol365\" target=\"_blank\" rel=\"noopener noreferrer\"><img decoding=\"async\" class=\"aligncenter\" src=\"https:\/\/redfoxlotto.com\/image?size=8&amp;lottery=set-for-life-uk\" alt=\"set for life\" \/><\/a><\/p>\n<p>To ist\u00e9 plat\u00ed aj pre sledovanie v\u00fdsledkov v telev\u00edzii. Ak nie ste v spr\u00e1vnej oblasti, budete musie\u0165 ve\u013ea h\u013eada\u0165, aby ste na\u0161li kan\u00e1l, ktor\u00fd v\u00fdsledky zobrazuje.<br \/>\nM\u00f4\u017eete sa tie\u017e pozrie\u0165 na ofici\u00e1lnu webov\u00fa str\u00e1nku Set for Life, aby ste zistili, \u010di maj\u00fa priamy prenos v\u00fdhern\u00fdch \u010d\u00edsel. Ak \u00e1no, mo\u017eno si to budete chcie\u0165 pozrie\u0165, preto\u017ee sledovanie \u017erebovania na\u017eivo je jednou z najzauj\u00edmavej\u0161\u00edch mo\u017enost\u00ed. Na druhej strane, nie ka\u017ed\u00e1 lot\u00e9riov\u00e1 hra t\u00fato mo\u017enos\u0165 pon\u00faka a nemus\u00edte ju n\u00e1js\u0165.<\/p>\n<p>\u010eal\u0161\u00edm miestom, kde m\u00f4\u017eete h\u013eada\u0165, je YouTube. Niekedy tam m\u00f4\u017eete n\u00e1js\u0165 vide\u00e1 z losovania po jeho uskuto\u010dnen\u00ed a mo\u017eno sa v\u00e1m podar\u00ed n\u00e1js\u0165 v\u00fdhern\u00e9 \u010d\u00edsla.<\/p>\n<p>Najpohodlnej\u0161\u00ed sp\u00f4sob, ako n\u00e1js\u0165 v\u00fdhern\u00e9 \u010d\u00edsla pre hru Set for Life, je nav\u0161t\u00edvi\u0165 na\u0161u webov\u00fa str\u00e1nku. M\u00e1me k dispoz\u00edcii v\u0161etky v\u00fdhern\u00e9 \u010d\u00edsla pre v\u0161etky hry, ktor\u00e9 m\u00e1me k dispoz\u00edcii. M\u00f4\u017eete tak n\u00e1js\u0165 Set for Life a mnoho \u010fal\u0161\u00edch.<\/p>\n<h2>Ako zisti\u0165, \u010di v\u00e1\u0161 online tiket vyhral<\/h2>\n<p>E\u0161te lep\u0161ie to bude, ak ste si u n\u00e1s u\u017e zak\u00fapili tikety na hru Set pre \u017eivot. To preto, \u017ee v\u00e1m e\u0161te viac u\u013eah\u010d\u00edme kontrolu u\u017e z\u00edskan\u00fdch vstupeniek. M\u00f4\u017eete sa pozrie\u0165 na str\u00e1nku, kde s\u00fa ulo\u017een\u00e9 v\u0161etky va\u0161e tikety, a n\u00e1jdete tam nielen \u010d\u00edsla svojich tiketov, ale aj \u010d\u00edsla v\u00fdhern\u00fdch tiketov. Dokonca sa postar\u00e1me o to, aby ste vedeli, ktor\u00e9 \u010d\u00edsla sa zhoduj\u00fa, a to tak, \u017ee ich farebne ozna\u010d\u00edme. Takto sa na mo\u017enosti nemus\u00edte pozera\u0165 ani sami. Ak je potom v\u00fdhern\u00e1 suma ni\u017e\u0161ia ako 2500 \u20ac, nemus\u00edte sa ob\u00e1va\u0165, preto\u017ee peniaze v\u00e1m ihne\u010f po\u0161leme na \u00fa\u010det.<\/p>\n<h2>Arch\u00edv v\u00fdsledkov Set for life<\/h2>\n<p>Pre t\u00fdch, ktor\u00ed sa chc\u00fa pozrie\u0165 na star\u00e9 \u010d\u00edsla hry Set for Life, to m\u00f4\u017eete urobi\u0165 jednoducho. Arch\u00edvne \u010d\u00edsla m\u00e1me k dispoz\u00edcii v\u0161ade tam, kde s\u00fa najnov\u0161ie v\u00fdsledky. Takto si m\u00f4\u017eete pozrie\u0165, ktor\u00e9 \u010d\u00edsla sa \u017erebuj\u00fa naj\u010dastej\u0161ie a ktor\u00e9 mo\u017eno \u010dak\u00e1 \u010fal\u0161ie \u017erebovanie.<\/p>\n<h2>M\u00f4j tiket vyhral, \u010do sa stane \u010falej?<\/h2>\n<p>Ak vyhr\u00e1te na svojom tikete lotto so slu\u017ebou Set for Life, sta\u010d\u00ed len \u010daka\u0165 a sledova\u0165, \u010do sa stane. O v\u00e4\u010d\u0161inu vec\u00ed sa toti\u017e postar\u00e1me za v\u00e1s. M\u00f4\u017eete \u010daka\u0165 na ak\u00fako\u013evek sumu, ktor\u00e1 je ni\u017e\u0161ia ako 2500 \u20ac, preto\u017ee v\u00e1m ju ihne\u010f po overen\u00ed v\u00fdhern\u00fdch \u010d\u00edsel prip\u00ed\u0161eme na \u00fa\u010det.<br \/>\n<img loading=\"lazy\" decoding=\"async\" class=\"alignright wp-image-3543\" src=\"https:\/\/onlinelotto365.com\/wp-content\/uploads\/2020\/11\/online_lottery-3-300x300.jpg\" alt=\"v\u00fdhern\u00e9 \u010d\u00edsla lot\u00e9rie Set for Life\" width=\"187\" height=\"187\" srcset=\"https:\/\/onlinelotto365.com\/wp-content\/uploads\/2020\/11\/online_lottery-3-300x300.jpg 300w, https:\/\/onlinelotto365.com\/wp-content\/uploads\/2020\/11\/online_lottery-3-100x100.jpg 100w, https:\/\/onlinelotto365.com\/wp-content\/uploads\/2020\/11\/online_lottery-3-150x150.jpg 150w, https:\/\/onlinelotto365.com\/wp-content\/uploads\/2020\/11\/online_lottery-3.jpg 320w\" sizes=\"auto, (max-width: 187px) 100vw, 187px\" \/><br \/>\nPotom, ak budete ma\u0165 na \u00fa\u010dte aspo\u0148 10 \u20ac, budete ma\u0165 mo\u017enos\u0165 vybra\u0165 si peniaze na svoj bankov\u00fd \u00fa\u010det. Mus\u00edte sa len uisti\u0165, \u017ee pou\u017e\u00edvate \u00fa\u010det, ktor\u00fd ste u\u017e predt\u00fdm pou\u017e\u00edvali v na\u0161om syst\u00e9me. A budete musie\u0165 overi\u0165 svoju toto\u017enos\u0165 a \u00fadaje pre n\u00e1\u0161ho spracovate\u013ea platieb. Ide o jednoduch\u00fd proces, ktor\u00fd mo\u017eno vykona\u0165 pomocou nieko\u013ek\u00fdch formul\u00e1rov, a sk\u00f4r ne\u017e sa nazd\u00e1te, va\u0161e peniaze bud\u00fa k dispoz\u00edcii.<\/p>\n","protected":false},"excerpt":{"rendered":"<p>Medzin\u00e1rodn\u00e9 lot\u00e9riov\u00e9 hry m\u00f4\u017eu by\u0165 ve\u013emi z\u00e1bavn\u00e9, ale vy\u017eaduj\u00fa si trochu \u00fasilia, aby ste na\u0161li v\u00fdhern\u00e9 \u010d\u00edsla. \u010c\u00edsla hry Set for Life nemusia by\u0165 k dispoz\u00edcii v miestnych novin\u00e1ch. Je to preto, \u017ee sa mo\u017eno nenach\u00e1dzate v spr\u00e1vnej oblasti. To ist\u00e9 plat\u00ed aj pre sledovanie v\u00fdsledkov v telev\u00edzii. Ak nie ste v spr\u00e1vnej oblasti, budete [&hellip;]<\/p>\n","protected":false},"author":1,"featured_media":0,"parent":5864,"menu_order":10,"comment_status":"closed","ping_status":"closed","template":"set-for-life-results.php","meta":{"_et_pb_use_builder":"","_et_pb_old_content":"","_et_gb_content_width":"","exclude_from_search":false,"footnotes":""},"class_list":["post-80812","page","type-page","status-publish","hentry"],"yoast_head":"<!-- This site is optimized with the Yoast SEO plugin v23.4 - https:\/\/yoast.com\/wordpress\/plugins\/seo\/ -->\n<title>Najnov\u0161ie v\u00fdhern\u00e9 \u010d\u00edsla a v\u00fdhry v hre Set for life<\/title>\n<meta name=\"description\" content=\"Hrali ste lot\u00e9riu Set pre \u017eivot? M\u00e1me pre v\u00e1s najnov\u0161ie a minul\u00e9 v\u00fdhern\u00e9 \u010d\u00edsla\" \/>\n<meta name=\"robots\" content=\"index, follow, max-snippet:-1, max-image-preview:large, max-video-preview:-1\" \/>\n<link rel=\"canonical\" href=\"https:\/\/onlinelotto365.com\/sk\/vyherne-cisla\/set-for-life\/\" \/>\n<meta property=\"og:locale\" content=\"sk_SK\" \/>\n<meta property=\"og:type\" content=\"article\" \/>\n<meta property=\"og:title\" content=\"Najnov\u0161ie v\u00fdhern\u00e9 \u010d\u00edsla a v\u00fdhry v hre Set for life\" \/>\n<meta property=\"og:description\" content=\"Hrali ste lot\u00e9riu Set pre \u017eivot? M\u00e1me pre v\u00e1s najnov\u0161ie a minul\u00e9 v\u00fdhern\u00e9 \u010d\u00edsla\" \/>\n<meta property=\"og:url\" content=\"https:\/\/onlinelotto365.com\/sk\/vyherne-cisla\/set-for-life\/\" \/>\n<meta property=\"og:site_name\" content=\"OnlineLotto365\" \/>\n<meta property=\"og:image\" content=\"https:\/\/redfoxlotto.com\/image?size=8&amp;lottery=set-for-life-uk\" \/>\n<meta name=\"twitter:card\" content=\"summary_large_image\" \/>\n<meta name=\"twitter:label1\" content=\"Predpokladan\u00fd \u010das \u010d\u00edtania\" \/>\n\t<meta name=\"twitter:data1\" content=\"3 min\u00faty\" \/>\n<script type=\"application\/ld+json\" class=\"yoast-schema-graph\">{\"@context\":\"https:\/\/schema.org\",\"@graph\":[{\"@type\":\"WebPage\",\"@id\":\"https:\/\/onlinelotto365.com\/sk\/vyherne-cisla\/set-for-life\/\",\"url\":\"https:\/\/onlinelotto365.com\/sk\/vyherne-cisla\/set-for-life\/\",\"name\":\"Najnov\u0161ie v\u00fdhern\u00e9 \u010d\u00edsla a v\u00fdhry v hre Set for life\",\"isPartOf\":{\"@id\":\"https:\/\/onlinelotto365.com\/sk\/#website\"},\"primaryImageOfPage\":{\"@id\":\"https:\/\/onlinelotto365.com\/sk\/vyherne-cisla\/set-for-life\/#primaryimage\"},\"image\":{\"@id\":\"https:\/\/onlinelotto365.com\/sk\/vyherne-cisla\/set-for-life\/#primaryimage\"},\"thumbnailUrl\":\"https:\/\/redfoxlotto.com\/image?size=8&amp;lottery=set-for-life-uk\",\"datePublished\":\"2022-11-23T07:41:17+00:00\",\"dateModified\":\"2022-11-23T07:41:17+00:00\",\"description\":\"Hrali ste lot\u00e9riu Set pre \u017eivot? M\u00e1me pre v\u00e1s najnov\u0161ie a minul\u00e9 v\u00fdhern\u00e9 \u010d\u00edsla\",\"breadcrumb\":{\"@id\":\"https:\/\/onlinelotto365.com\/sk\/vyherne-cisla\/set-for-life\/#breadcrumb\"},\"inLanguage\":\"sk-SK\",\"potentialAction\":[{\"@type\":\"ReadAction\",\"target\":[\"https:\/\/onlinelotto365.com\/sk\/vyherne-cisla\/set-for-life\/\"]}]},{\"@type\":\"ImageObject\",\"inLanguage\":\"sk-SK\",\"@id\":\"https:\/\/onlinelotto365.com\/sk\/vyherne-cisla\/set-for-life\/#primaryimage\",\"url\":\"https:\/\/redfoxlotto.com\/image?size=8&amp;lottery=set-for-life-uk\",\"contentUrl\":\"https:\/\/redfoxlotto.com\/image?size=8&amp;lottery=set-for-life-uk\"},{\"@type\":\"BreadcrumbList\",\"@id\":\"https:\/\/onlinelotto365.com\/sk\/vyherne-cisla\/set-for-life\/#breadcrumb\",\"itemListElement\":[{\"@type\":\"ListItem\",\"position\":1,\"name\":\"Home\",\"item\":\"https:\/\/onlinelotto365.com\/sk\/\"},{\"@type\":\"ListItem\",\"position\":2,\"name\":\"V\u00fdsledky lot\u00e9ri\u00ed\",\"item\":\"https:\/\/onlinelotto365.com\/sk\/vyherne-cisla\/\"},{\"@type\":\"ListItem\",\"position\":3,\"name\":\"V\u00fdsledky \u017erebovania S\u00fabor pre \u017eivot\"}]},{\"@type\":\"WebSite\",\"@id\":\"https:\/\/onlinelotto365.com\/sk\/#website\",\"url\":\"https:\/\/onlinelotto365.com\/sk\/\",\"name\":\"OnlineLotto365\",\"description\":\"\",\"potentialAction\":[{\"@type\":\"SearchAction\",\"target\":{\"@type\":\"EntryPoint\",\"urlTemplate\":\"https:\/\/onlinelotto365.com\/sk\/?s={search_term_string}\"},\"query-input\":{\"@type\":\"PropertyValueSpecification\",\"valueRequired\":true,\"valueName\":\"search_term_string\"}}],\"inLanguage\":\"sk-SK\"}]}<\/script>\n<!-- \/ Yoast SEO plugin. -->","yoast_head_json":{"title":"Najnov\u0161ie v\u00fdhern\u00e9 \u010d\u00edsla a v\u00fdhry v hre Set for life","description":"Hrali ste lot\u00e9riu Set pre \u017eivot? M\u00e1me pre v\u00e1s najnov\u0161ie a minul\u00e9 v\u00fdhern\u00e9 \u010d\u00edsla","robots":{"index":"index","follow":"follow","max-snippet":"max-snippet:-1","max-image-preview":"max-image-preview:large","max-video-preview":"max-video-preview:-1"},"canonical":"https:\/\/onlinelotto365.com\/sk\/vyherne-cisla\/set-for-life\/","og_locale":"sk_SK","og_type":"article","og_title":"Najnov\u0161ie v\u00fdhern\u00e9 \u010d\u00edsla a v\u00fdhry v hre Set for life","og_description":"Hrali ste lot\u00e9riu Set pre \u017eivot? M\u00e1me pre v\u00e1s najnov\u0161ie a minul\u00e9 v\u00fdhern\u00e9 \u010d\u00edsla","og_url":"https:\/\/onlinelotto365.com\/sk\/vyherne-cisla\/set-for-life\/","og_site_name":"OnlineLotto365","og_image":[{"url":"https:\/\/redfoxlotto.com\/image?size=8&amp;lottery=set-for-life-uk"}],"twitter_card":"summary_large_image","twitter_misc":{"Predpokladan\u00fd \u010das \u010d\u00edtania":"3 min\u00faty"},"schema":{"@context":"https:\/\/schema.org","@graph":[{"@type":"WebPage","@id":"https:\/\/onlinelotto365.com\/sk\/vyherne-cisla\/set-for-life\/","url":"https:\/\/onlinelotto365.com\/sk\/vyherne-cisla\/set-for-life\/","name":"Najnov\u0161ie v\u00fdhern\u00e9 \u010d\u00edsla a v\u00fdhry v hre Set for life","isPartOf":{"@id":"https:\/\/onlinelotto365.com\/sk\/#website"},"primaryImageOfPage":{"@id":"https:\/\/onlinelotto365.com\/sk\/vyherne-cisla\/set-for-life\/#primaryimage"},"image":{"@id":"https:\/\/onlinelotto365.com\/sk\/vyherne-cisla\/set-for-life\/#primaryimage"},"thumbnailUrl":"https:\/\/redfoxlotto.com\/image?size=8&amp;lottery=set-for-life-uk","datePublished":"2022-11-23T07:41:17+00:00","dateModified":"2022-11-23T07:41:17+00:00","description":"Hrali ste lot\u00e9riu Set pre \u017eivot? M\u00e1me pre v\u00e1s najnov\u0161ie a minul\u00e9 v\u00fdhern\u00e9 \u010d\u00edsla","breadcrumb":{"@id":"https:\/\/onlinelotto365.com\/sk\/vyherne-cisla\/set-for-life\/#breadcrumb"},"inLanguage":"sk-SK","potentialAction":[{"@type":"ReadAction","target":["https:\/\/onlinelotto365.com\/sk\/vyherne-cisla\/set-for-life\/"]}]},{"@type":"ImageObject","inLanguage":"sk-SK","@id":"https:\/\/onlinelotto365.com\/sk\/vyherne-cisla\/set-for-life\/#primaryimage","url":"https:\/\/redfoxlotto.com\/image?size=8&amp;lottery=set-for-life-uk","contentUrl":"https:\/\/redfoxlotto.com\/image?size=8&amp;lottery=set-for-life-uk"},{"@type":"BreadcrumbList","@id":"https:\/\/onlinelotto365.com\/sk\/vyherne-cisla\/set-for-life\/#breadcrumb","itemListElement":[{"@type":"ListItem","position":1,"name":"Home","item":"https:\/\/onlinelotto365.com\/sk\/"},{"@type":"ListItem","position":2,"name":"V\u00fdsledky lot\u00e9ri\u00ed","item":"https:\/\/onlinelotto365.com\/sk\/vyherne-cisla\/"},{"@type":"ListItem","position":3,"name":"V\u00fdsledky \u017erebovania S\u00fabor pre \u017eivot"}]},{"@type":"WebSite","@id":"https:\/\/onlinelotto365.com\/sk\/#website","url":"https:\/\/onlinelotto365.com\/sk\/","name":"OnlineLotto365","description":"","potentialAction":[{"@type":"SearchAction","target":{"@type":"EntryPoint","urlTemplate":"https:\/\/onlinelotto365.com\/sk\/?s={search_term_string}"},"query-input":{"@type":"PropertyValueSpecification","valueRequired":true,"valueName":"search_term_string"}}],"inLanguage":"sk-SK"}]}},"_links":{"self":[{"href":"https:\/\/onlinelotto365.com\/sk\/wp-json\/wp\/v2\/pages\/80812","targetHints":{"allow":["GET"]}}],"collection":[{"href":"https:\/\/onlinelotto365.com\/sk\/wp-json\/wp\/v2\/pages"}],"about":[{"href":"https:\/\/onlinelotto365.com\/sk\/wp-json\/wp\/v2\/types\/page"}],"author":[{"embeddable":true,"href":"https:\/\/onlinelotto365.com\/sk\/wp-json\/wp\/v2\/users\/1"}],"replies":[{"embeddable":true,"href":"https:\/\/onlinelotto365.com\/sk\/wp-json\/wp\/v2\/comments?post=80812"}],"version-history":[{"count":0,"href":"https:\/\/onlinelotto365.com\/sk\/wp-json\/wp\/v2\/pages\/80812\/revisions"}],"up":[{"embeddable":true,"href":"https:\/\/onlinelotto365.com\/sk\/wp-json\/wp\/v2\/pages\/5864"}],"wp:attachment":[{"href":"https:\/\/onlinelotto365.com\/sk\/wp-json\/wp\/v2\/media?parent=80812"}],"curies":[{"name":"wp","href":"https:\/\/api.w.org\/{rel}","templated":true}]}}