{"id":80845,"date":"2022-11-23T11:51:54","date_gmt":"2022-11-23T10:51:54","guid":{"rendered":"https:\/\/onlinelotto365.com\/?page_id=80845"},"modified":"2022-11-23T11:51:54","modified_gmt":"2022-11-23T10:51:54","slug":"german-lotto","status":"publish","type":"page","link":"https:\/\/onlinelotto365.com\/sk\/vyherne-cisla\/german-lotto\/","title":{"rendered":"Pozrite sa na nemeck\u00e9 Lotto v\u00ed\u0165azn\u00e9 \u010d\u00edsla tu"},"content":{"rendered":"<p>Medzin\u00e1rodn\u00e9 lot\u00e9riov\u00e9 hry m\u00f4\u017ee by\u0165 trochu \u0165a\u017e\u0161ie sledova\u0165, preto\u017ee nemus\u00edte \u017ei\u0165 v rovnakej oblasti, v ktorej sa losuje. V\u00fdsledky nemeckej lot\u00e9rie si mo\u017eno nebudete m\u00f4c\u0165 pozrie\u0165 v miestnych novin\u00e1ch. A mo\u017eno nebudete m\u00f4c\u0165 n\u00e1js\u0165 tieto nemeck\u00e9 Lotto v\u00fdhern\u00e9 \u010d\u00edsla ani v telev\u00edzii. Ak ich n\u00e1jdete na niektorom z t\u00fdchto miest, budete musie\u0165 urobi\u0165 poriadny prieskum, aby ste sa k nim dostali.<br \/>\n<a href=\"https:\/\/redfoxlotto.com\/play\/lotto-6aus49\/?ref=a8564250a2&amp;medium=ol365\" target=\"_blank\" rel=\"noopener noreferrer\"><img decoding=\"async\" class=\"aligncenter\" src=\"https:\/\/redfoxlotto.com\/image?size=8&amp;lottery=lotto-6aus49\" alt=\"Nemeck\u00e9 Lotto 6aus49\" \/><\/a><br \/>\nM\u00f4\u017eete tie\u017e uva\u017eova\u0165 o tom, \u017ee nav\u0161t\u00edvite webov\u00fa str\u00e1nku nemeck\u00e9ho Lotta. Niekedy tieto ofici\u00e1lne webov\u00e9 str\u00e1nky pon\u00fakaj\u00fa \u017erebovanie v priamom prenose, tak\u017ee si m\u00f4\u017eete pozrie\u0165 v\u00fdsledky, ako prich\u00e1dzaj\u00fa. Nie v\u0161etky hry v\u0161ak maj\u00fa t\u00fato mo\u017enos\u0165 a m\u00f4\u017ee sa sta\u0165, \u017ee ani na ofici\u00e1lnej str\u00e1nke nebudete ma\u0165 mo\u017enos\u0165 n\u00e1js\u0165 svoje v\u00fdsledky.<\/p>\n<p>M\u00f4\u017eete sa tie\u017e pozrie\u0165 na YouTube a zisti\u0165, \u010di niekto nahral video zo \u017eiv\u00e9ho \u017erebovania alebo dokonca video s v\u00fdsledkami niekedy po uskuto\u010dnen\u00ed \u017erebovania.<\/p>\n<p>Najjednoduch\u0161\u00edm sp\u00f4sobom, ako z\u00edska\u0165 v\u00fdsledky, ktor\u00e9 h\u013ead\u00e1te, je v\u0161ak pozrie\u0165 sa na na\u0161u webov\u00fa str\u00e1nku. Pom\u00f4\u017eeme v\u00e1m n\u00e1js\u0165 v\u00fdsledky pre nemeck\u00e9 Lotto priamo na na\u0161ej str\u00e1nke s v\u00fdsledkami. Pr\u00e1ve tam zdie\u013eame v\u00fdhern\u00e9 \u010d\u00edsla v\u0161etk\u00fdch lot\u00e9riov\u00fdch hier, ktor\u00e9 n\u00e1jdete na na\u0161ej str\u00e1nke.<\/p>\n<h2>Ako zisti\u0165, \u010di v\u00e1\u0161 online tiket vyhral<\/h2>\n<p>Pre t\u00fdch, ktor\u00ed si u n\u00e1s k\u00fapili tikety pre nemeck\u00e9 Lotto, je e\u0161te jednoduch\u0161ie zisti\u0165 v\u00fdsledky. Sta\u010d\u00ed sa toti\u017e pozrie\u0165 na str\u00e1nku v\u00e1\u0161ho \u00fa\u010dtu. Tam si budete m\u00f4c\u0165 pozrie\u0165 tikety, ktor\u00e9 ste si k\u00fapili pre ktor\u00fako\u013evek z hier, ktor\u00e9 m\u00e1me k dispoz\u00edcii. Potom sa na tom istom mieste m\u00f4\u017eete pozrie\u0165 na v\u00fdhern\u00e9 \u010d\u00edsla.<br \/>\nDokonca v\u00e1m zv\u00fdrazn\u00edme v\u0161etky \u010d\u00edsla, ktor\u00e9 ste trafili, aby ste vedeli, \u010do ste vyhrali. A ak vyhr\u00e1te menej ako 2500 \u20ac, postar\u00e1me sa o ich prip\u00edsanie na v\u00e1\u0161 \u00fa\u010det hne\u010f, ako bud\u00fa \u010d\u00edsla ofici\u00e1lne overen\u00e9 hrou. Je to pre v\u00e1s tak\u00e9 jednoduch\u00e9.<\/p>\n<h2>Arch\u00edv v\u00fdsledkov nemeck\u00e9ho Lotta<\/h2>\n<p>Na str\u00e1nkach n\u00e1\u0161ho webu, ktor\u00e9 obsahuj\u00fa najnov\u0161ie \u010d\u00edsla nemeckej lot\u00e9rie Lotto, sa v\u00e1m zobrazia aj v\u0161etky star\u00e9 \u010d\u00edsla z n\u00e1\u0161ho arch\u00edvu. Vieme toti\u017e, \u017ee ve\u013ea \u013eud\u00ed chce pozna\u0165 aj star\u0161ie \u010d\u00edsla, aby si mohli \u013eah\u0161ie vybra\u0165 \u010d\u00edsla, ktor\u00e9 chc\u00fa pou\u017ei\u0165 na svoje \u010fal\u0161ie tikety. Umiest\u0148ujeme ich na ka\u017ed\u00fa str\u00e1nku, na ktorej sa zobrazuj\u00fa nov\u00e9 \u010d\u00edsla.<\/p>\n<h2>M\u00f4j tiket vyhral, \u010do sa stane \u010falej?<\/h2>\n<p><img loading=\"lazy\" decoding=\"async\" class=\"alignright size-medium wp-image-3593\" src=\"https:\/\/onlinelotto365.com\/wp-content\/uploads\/2020\/11\/online_lottery-39-300x150.jpg\" alt=\"V\u00fdhern\u00e9 \u010d\u00edsla nemeck\u00e9ho lota\" width=\"300\" height=\"150\" srcset=\"https:\/\/onlinelotto365.com\/wp-content\/uploads\/2020\/11\/online_lottery-39-300x150.jpg 300w, https:\/\/onlinelotto365.com\/wp-content\/uploads\/2020\/11\/online_lottery-39.jpg 490w\" sizes=\"auto, (max-width: 300px) 100vw, 300px\" \/><br \/>\nAk ste vyhrali v nemeckom Lotto a v\u00e1\u0161 v\u00fdhern\u00fd tiket m\u00e1 hodnotu ni\u017e\u0161iu ako 2500 \u20ac, postar\u00e1me sa o prip\u00edsanie pe\u0148az\u00ed na v\u00e1\u0161 \u00fa\u010det hne\u010f po overen\u00ed v\u0161etk\u00fdch v\u00fdhern\u00fdch \u010d\u00edsel. To znamen\u00e1, \u017ee nemus\u00edte robi\u0165 ni\u010d. Ak m\u00e1 v\u00fdhern\u00fd tiket hodnotu vy\u0161\u0161iu ako 2500 \u20ac, budete musie\u0165 vyplni\u0165 formul\u00e1r, ale aj tak v\u00e1m s t\u00fdmto procesom pom\u00f4\u017eeme. Potom, ak m\u00e1te na \u00fa\u010dte aspo\u0148 10 \u20ac, budete ma\u0165 mo\u017enos\u0165 vybra\u0165 si peniaze na \u013eubovo\u013en\u00fd bankov\u00fd \u00fa\u010det alebo \u00fa\u010det kreditnej karty, ktor\u00fd ste u\u017e pou\u017eili na na\u0161ej str\u00e1nke. Ak ste \u00fa\u010det u n\u00e1s e\u0161te nepou\u017e\u00edvali, nebudete si na\u0148 m\u00f4c\u0165 peniaze vybra\u0165.<\/p>\n","protected":false},"excerpt":{"rendered":"<p>Medzin\u00e1rodn\u00e9 lot\u00e9riov\u00e9 hry m\u00f4\u017ee by\u0165 trochu \u0165a\u017e\u0161ie sledova\u0165, preto\u017ee nemus\u00edte \u017ei\u0165 v rovnakej oblasti, v ktorej sa losuje. V\u00fdsledky nemeckej lot\u00e9rie si mo\u017eno nebudete m\u00f4c\u0165 pozrie\u0165 v miestnych novin\u00e1ch. A mo\u017eno nebudete m\u00f4c\u0165 n\u00e1js\u0165 tieto nemeck\u00e9 Lotto v\u00fdhern\u00e9 \u010d\u00edsla ani v telev\u00edzii. Ak ich n\u00e1jdete na niektorom z t\u00fdchto miest, budete musie\u0165 urobi\u0165 poriadny prieskum, [&hellip;]<\/p>\n","protected":false},"author":1,"featured_media":0,"parent":5864,"menu_order":11,"comment_status":"closed","ping_status":"closed","template":"lotto-german-results.php","meta":{"_et_pb_use_builder":"","_et_pb_old_content":"","_et_gb_content_width":"","exclude_from_search":false,"footnotes":""},"class_list":["post-80845","page","type-page","status-publish","hentry"],"yoast_head":"<!-- This site is optimized with the Yoast SEO plugin v23.4 - https:\/\/yoast.com\/wordpress\/plugins\/seo\/ -->\n<title>V\u00fdhern\u00e9 \u010d\u00edsla Nemeck\u00e9 Lotto | V\u00fdsledky \u017erebovania a vyhran\u00e9 sumy pre Nemeck\u00e9 Lotto<\/title>\n<meta name=\"description\" content=\"Ak chcete n\u00e1js\u0165 v\u00fdhern\u00e9 \u010d\u00edsla pre nemeck\u00fa lot\u00e9riu 6aus49, pozrite sa sem!\" \/>\n<meta name=\"robots\" content=\"index, follow, max-snippet:-1, max-image-preview:large, max-video-preview:-1\" \/>\n<link rel=\"canonical\" href=\"https:\/\/onlinelotto365.com\/sk\/vyherne-cisla\/german-lotto\/\" \/>\n<meta property=\"og:locale\" content=\"sk_SK\" \/>\n<meta property=\"og:type\" content=\"article\" \/>\n<meta property=\"og:title\" content=\"V\u00fdhern\u00e9 \u010d\u00edsla Nemeck\u00e9 Lotto | V\u00fdsledky \u017erebovania a vyhran\u00e9 sumy pre Nemeck\u00e9 Lotto\" \/>\n<meta property=\"og:description\" content=\"Ak chcete n\u00e1js\u0165 v\u00fdhern\u00e9 \u010d\u00edsla pre nemeck\u00fa lot\u00e9riu 6aus49, pozrite sa sem!\" \/>\n<meta property=\"og:url\" content=\"https:\/\/onlinelotto365.com\/sk\/vyherne-cisla\/german-lotto\/\" \/>\n<meta property=\"og:site_name\" content=\"OnlineLotto365\" \/>\n<meta property=\"og:image\" content=\"https:\/\/redfoxlotto.com\/image?size=8&amp;lottery=lotto-6aus49\" \/>\n<meta name=\"twitter:card\" content=\"summary_large_image\" \/>\n<meta name=\"twitter:label1\" content=\"Predpokladan\u00fd \u010das \u010d\u00edtania\" \/>\n\t<meta name=\"twitter:data1\" content=\"3 min\u00faty\" \/>\n<script type=\"application\/ld+json\" class=\"yoast-schema-graph\">{\"@context\":\"https:\/\/schema.org\",\"@graph\":[{\"@type\":\"WebPage\",\"@id\":\"https:\/\/onlinelotto365.com\/sk\/vyherne-cisla\/german-lotto\/\",\"url\":\"https:\/\/onlinelotto365.com\/sk\/vyherne-cisla\/german-lotto\/\",\"name\":\"V\u00fdhern\u00e9 \u010d\u00edsla Nemeck\u00e9 Lotto | V\u00fdsledky \u017erebovania a vyhran\u00e9 sumy pre Nemeck\u00e9 Lotto\",\"isPartOf\":{\"@id\":\"https:\/\/onlinelotto365.com\/sk\/#website\"},\"primaryImageOfPage\":{\"@id\":\"https:\/\/onlinelotto365.com\/sk\/vyherne-cisla\/german-lotto\/#primaryimage\"},\"image\":{\"@id\":\"https:\/\/onlinelotto365.com\/sk\/vyherne-cisla\/german-lotto\/#primaryimage\"},\"thumbnailUrl\":\"https:\/\/redfoxlotto.com\/image?size=8&amp;lottery=lotto-6aus49\",\"datePublished\":\"2022-11-23T10:51:54+00:00\",\"dateModified\":\"2022-11-23T10:51:54+00:00\",\"description\":\"Ak chcete n\u00e1js\u0165 v\u00fdhern\u00e9 \u010d\u00edsla pre nemeck\u00fa lot\u00e9riu 6aus49, pozrite sa sem!\",\"breadcrumb\":{\"@id\":\"https:\/\/onlinelotto365.com\/sk\/vyherne-cisla\/german-lotto\/#breadcrumb\"},\"inLanguage\":\"sk-SK\",\"potentialAction\":[{\"@type\":\"ReadAction\",\"target\":[\"https:\/\/onlinelotto365.com\/sk\/vyherne-cisla\/german-lotto\/\"]}]},{\"@type\":\"ImageObject\",\"inLanguage\":\"sk-SK\",\"@id\":\"https:\/\/onlinelotto365.com\/sk\/vyherne-cisla\/german-lotto\/#primaryimage\",\"url\":\"https:\/\/redfoxlotto.com\/image?size=8&amp;lottery=lotto-6aus49\",\"contentUrl\":\"https:\/\/redfoxlotto.com\/image?size=8&amp;lottery=lotto-6aus49\"},{\"@type\":\"BreadcrumbList\",\"@id\":\"https:\/\/onlinelotto365.com\/sk\/vyherne-cisla\/german-lotto\/#breadcrumb\",\"itemListElement\":[{\"@type\":\"ListItem\",\"position\":1,\"name\":\"Home\",\"item\":\"https:\/\/onlinelotto365.com\/sk\/\"},{\"@type\":\"ListItem\",\"position\":2,\"name\":\"V\u00fdsledky lot\u00e9ri\u00ed\",\"item\":\"https:\/\/onlinelotto365.com\/sk\/vyherne-cisla\/\"},{\"@type\":\"ListItem\",\"position\":3,\"name\":\"Pozrite sa na nemeck\u00e9 Lotto v\u00ed\u0165azn\u00e9 \u010d\u00edsla tu\"}]},{\"@type\":\"WebSite\",\"@id\":\"https:\/\/onlinelotto365.com\/sk\/#website\",\"url\":\"https:\/\/onlinelotto365.com\/sk\/\",\"name\":\"OnlineLotto365\",\"description\":\"\",\"potentialAction\":[{\"@type\":\"SearchAction\",\"target\":{\"@type\":\"EntryPoint\",\"urlTemplate\":\"https:\/\/onlinelotto365.com\/sk\/?s={search_term_string}\"},\"query-input\":{\"@type\":\"PropertyValueSpecification\",\"valueRequired\":true,\"valueName\":\"search_term_string\"}}],\"inLanguage\":\"sk-SK\"}]}<\/script>\n<!-- \/ Yoast SEO plugin. -->","yoast_head_json":{"title":"V\u00fdhern\u00e9 \u010d\u00edsla Nemeck\u00e9 Lotto | V\u00fdsledky \u017erebovania a vyhran\u00e9 sumy pre Nemeck\u00e9 Lotto","description":"Ak chcete n\u00e1js\u0165 v\u00fdhern\u00e9 \u010d\u00edsla pre nemeck\u00fa lot\u00e9riu 6aus49, pozrite sa sem!","robots":{"index":"index","follow":"follow","max-snippet":"max-snippet:-1","max-image-preview":"max-image-preview:large","max-video-preview":"max-video-preview:-1"},"canonical":"https:\/\/onlinelotto365.com\/sk\/vyherne-cisla\/german-lotto\/","og_locale":"sk_SK","og_type":"article","og_title":"V\u00fdhern\u00e9 \u010d\u00edsla Nemeck\u00e9 Lotto | V\u00fdsledky \u017erebovania a vyhran\u00e9 sumy pre Nemeck\u00e9 Lotto","og_description":"Ak chcete n\u00e1js\u0165 v\u00fdhern\u00e9 \u010d\u00edsla pre nemeck\u00fa lot\u00e9riu 6aus49, pozrite sa sem!","og_url":"https:\/\/onlinelotto365.com\/sk\/vyherne-cisla\/german-lotto\/","og_site_name":"OnlineLotto365","og_image":[{"url":"https:\/\/redfoxlotto.com\/image?size=8&amp;lottery=lotto-6aus49"}],"twitter_card":"summary_large_image","twitter_misc":{"Predpokladan\u00fd \u010das \u010d\u00edtania":"3 min\u00faty"},"schema":{"@context":"https:\/\/schema.org","@graph":[{"@type":"WebPage","@id":"https:\/\/onlinelotto365.com\/sk\/vyherne-cisla\/german-lotto\/","url":"https:\/\/onlinelotto365.com\/sk\/vyherne-cisla\/german-lotto\/","name":"V\u00fdhern\u00e9 \u010d\u00edsla Nemeck\u00e9 Lotto | V\u00fdsledky \u017erebovania a vyhran\u00e9 sumy pre Nemeck\u00e9 Lotto","isPartOf":{"@id":"https:\/\/onlinelotto365.com\/sk\/#website"},"primaryImageOfPage":{"@id":"https:\/\/onlinelotto365.com\/sk\/vyherne-cisla\/german-lotto\/#primaryimage"},"image":{"@id":"https:\/\/onlinelotto365.com\/sk\/vyherne-cisla\/german-lotto\/#primaryimage"},"thumbnailUrl":"https:\/\/redfoxlotto.com\/image?size=8&amp;lottery=lotto-6aus49","datePublished":"2022-11-23T10:51:54+00:00","dateModified":"2022-11-23T10:51:54+00:00","description":"Ak chcete n\u00e1js\u0165 v\u00fdhern\u00e9 \u010d\u00edsla pre nemeck\u00fa lot\u00e9riu 6aus49, pozrite sa sem!","breadcrumb":{"@id":"https:\/\/onlinelotto365.com\/sk\/vyherne-cisla\/german-lotto\/#breadcrumb"},"inLanguage":"sk-SK","potentialAction":[{"@type":"ReadAction","target":["https:\/\/onlinelotto365.com\/sk\/vyherne-cisla\/german-lotto\/"]}]},{"@type":"ImageObject","inLanguage":"sk-SK","@id":"https:\/\/onlinelotto365.com\/sk\/vyherne-cisla\/german-lotto\/#primaryimage","url":"https:\/\/redfoxlotto.com\/image?size=8&amp;lottery=lotto-6aus49","contentUrl":"https:\/\/redfoxlotto.com\/image?size=8&amp;lottery=lotto-6aus49"},{"@type":"BreadcrumbList","@id":"https:\/\/onlinelotto365.com\/sk\/vyherne-cisla\/german-lotto\/#breadcrumb","itemListElement":[{"@type":"ListItem","position":1,"name":"Home","item":"https:\/\/onlinelotto365.com\/sk\/"},{"@type":"ListItem","position":2,"name":"V\u00fdsledky lot\u00e9ri\u00ed","item":"https:\/\/onlinelotto365.com\/sk\/vyherne-cisla\/"},{"@type":"ListItem","position":3,"name":"Pozrite sa na nemeck\u00e9 Lotto v\u00ed\u0165azn\u00e9 \u010d\u00edsla tu"}]},{"@type":"WebSite","@id":"https:\/\/onlinelotto365.com\/sk\/#website","url":"https:\/\/onlinelotto365.com\/sk\/","name":"OnlineLotto365","description":"","potentialAction":[{"@type":"SearchAction","target":{"@type":"EntryPoint","urlTemplate":"https:\/\/onlinelotto365.com\/sk\/?s={search_term_string}"},"query-input":{"@type":"PropertyValueSpecification","valueRequired":true,"valueName":"search_term_string"}}],"inLanguage":"sk-SK"}]}},"_links":{"self":[{"href":"https:\/\/onlinelotto365.com\/sk\/wp-json\/wp\/v2\/pages\/80845","targetHints":{"allow":["GET"]}}],"collection":[{"href":"https:\/\/onlinelotto365.com\/sk\/wp-json\/wp\/v2\/pages"}],"about":[{"href":"https:\/\/onlinelotto365.com\/sk\/wp-json\/wp\/v2\/types\/page"}],"author":[{"embeddable":true,"href":"https:\/\/onlinelotto365.com\/sk\/wp-json\/wp\/v2\/users\/1"}],"replies":[{"embeddable":true,"href":"https:\/\/onlinelotto365.com\/sk\/wp-json\/wp\/v2\/comments?post=80845"}],"version-history":[{"count":0,"href":"https:\/\/onlinelotto365.com\/sk\/wp-json\/wp\/v2\/pages\/80845\/revisions"}],"up":[{"embeddable":true,"href":"https:\/\/onlinelotto365.com\/sk\/wp-json\/wp\/v2\/pages\/5864"}],"wp:attachment":[{"href":"https:\/\/onlinelotto365.com\/sk\/wp-json\/wp\/v2\/media?parent=80845"}],"curies":[{"name":"wp","href":"https:\/\/api.w.org\/{rel}","templated":true}]}}