{"id":80877,"date":"2022-11-23T12:40:50","date_gmt":"2022-11-23T11:40:50","guid":{"rendered":"https:\/\/onlinelotto365.com\/?page_id=80877"},"modified":"2022-11-23T12:40:50","modified_gmt":"2022-11-23T11:40:50","slug":"mega-sena","status":"publish","type":"page","link":"https:\/\/onlinelotto365.com\/sk\/vyherne-cisla\/mega-sena\/","title":{"rendered":"Mega-Sena z Braz\u00edlie &#8211; najnov\u0161ie v\u00ed\u0165azn\u00e9 \u010d\u00edsla"},"content":{"rendered":"<p>Existuje ve\u013ea r\u00f4znych hier a vy sa chcete uisti\u0165, \u017ee ste schopn\u00ed n\u00e1js\u0165 v\u00fdhern\u00e9 \u010d\u00edsla \u010do najsk\u00f4r. No je to mo\u017en\u00e9 viacer\u00fdmi r\u00f4znymi sp\u00f4sobmi, ak viete, kde h\u013eada\u0165. V\u00fdhern\u00e9 \u010d\u00edsla s\u00fa niekedy k dispoz\u00edcii v novin\u00e1ch, ak \u017eijete v oblasti, kde ide o miestnu hru. To m\u00f4\u017ee znamena\u0165, \u017ee v\u00fdsledky Mega-Seny nie s\u00fa vo va\u0161ej oblasti k dispoz\u00edcii. V niektor\u00fdch oblastiach sa v\u00fdhern\u00e9 \u010d\u00edsla zobrazuj\u00fa aj v telev\u00edzii, \u010do sa stane len vtedy, ak \u017eijete v ur\u010dit\u00fdch oblastiach.<br \/>\n<a href=\"https:\/\/redfoxlotto.com\/play\/mega-sena\/?ref=a8564250a2&amp;medium=ol365\" target=\"_blank\" rel=\"noopener noreferrer\"><img decoding=\"async\" class=\"aligncenter\" src=\"https:\/\/redfoxlotto.com\/image?size=8&amp;lottery=mega-sena\" alt=\"mega-sena\" \/><\/a><\/p>\n<p>\u010eal\u0161ou mo\u017enos\u0165ou je pozrie\u0165 sa na webov\u00fa str\u00e1nku lot\u00e9rie Mega-Sena a zisti\u0165, \u010di sa pri \u017erebovan\u00ed hry vysiela priamy prenos. Nie v\u0161etky hry to robia, ale pri t\u00fdch, ktor\u00e9 to robia, to m\u00f4\u017ee by\u0165 vzru\u0161uj\u00faci z\u00e1\u017eitok pre ka\u017ed\u00e9ho, kto sa pozer\u00e1. Najm\u00e4 ak ste skuto\u010dne v\u00fdhercom a sledujete \u017erebovanie svojich \u010d\u00edsel.<\/p>\n<p>K dispoz\u00edcii je aj mo\u017enos\u0165 prejs\u0165 na YouTube. Niekedy \u013eudia nahr\u00e1vaj\u00fa na internet \u017eiv\u00e9 vide\u00e1 z losovania a vy si m\u00f4\u017eete pozrie\u0165 najnov\u0161ie \u017erebovanie Mega Seny.<\/p>\n<p>Najjednoduch\u0161\u00edm sp\u00f4sobom, ako z\u00edska\u0165 v\u00fdhern\u00e9 \u010d\u00edsla, v\u0161ak bude kontrola na\u0161ej webovej str\u00e1nky. M\u00f4\u017eeme v\u00e1m poskytn\u00fa\u0165 pr\u00edstup ku v\u0161etk\u00fdm v\u00fdhern\u00fdm \u010d\u00edslam pre Mega Senu, ako aj pre ak\u00fako\u013evek in\u00fa hru, ktor\u00fa chcete a ktor\u00fa m\u00e1me k dispoz\u00edcii. To v\u00e1m u\u013eah\u010d\u00ed vyh\u013ead\u00e1vanie po\u017eadovan\u00fdch v\u00fdsledkov.<\/p>\n<h2>Ako zisti\u0165, \u010di v\u00e1\u0161 online tiket vyhral<\/h2>\n<p>E\u0161te lep\u0161ie je, \u017ee sa m\u00f4\u017eete prihl\u00e1si\u0165 priamo do svojho \u00fa\u010dtu a n\u00e1js\u0165 v\u00fdsledky akejko\u013evek hry, na ktor\u00fa ste si zak\u00fapili tikety, rovnako. Sta\u010d\u00ed prejs\u0165 do \u010dasti webovej str\u00e1nky, v ktorej s\u00fa ulo\u017een\u00e9 va\u0161e tikety, a m\u00f4\u017eete n\u00e1js\u0165 v\u00fdhern\u00e9 \u010d\u00edsla, ktor\u00e9 sa vz\u0165ahuj\u00fa na tieto tikety.<\/p>\n<p>Potom si dokonca m\u00f4\u017eete pozrie\u0165, ktor\u00e9 v\u00fdhern\u00e9 \u010d\u00edsla sa zhoduj\u00fa s va\u0161imi aktu\u00e1lnymi \u010d\u00edslami, tak\u017ee si m\u00f4\u017eete pozrie\u0165, ko\u013eko ste u\u017e vyhrali. Ak je to menej ako 2500 EUR, postar\u00e1me sa o to, aby ste tieto peniaze dostali priamo na svoj \u00fa\u010det a mohli ich za\u010da\u0165 m\u00ed\u0148a\u0165 alebo si ich vybra\u0165 na svoj vlastn\u00fd \u00fa\u010det. Jedin\u00e9, \u010do mus\u00edte urobi\u0165, je uisti\u0165 sa, \u017ee si peniaze vyberiete na \u00fa\u010det, ktor\u00fd ste u n\u00e1s u\u017e pou\u017e\u00edvali.<\/p>\n<h2>Arch\u00edv v\u00fdsledkov Mega-Sena<\/h2>\n<p><img loading=\"lazy\" decoding=\"async\" class=\"alignright wp-image-3640\" src=\"https:\/\/onlinelotto365.com\/wp-content\/uploads\/2020\/11\/lottery_balls1-300x160.jpg\" alt=\"V\u00fdsledky mega-sena\" width=\"249\" height=\"133\" srcset=\"https:\/\/onlinelotto365.com\/wp-content\/uploads\/2020\/11\/lottery_balls1-300x160.jpg 300w, https:\/\/onlinelotto365.com\/wp-content\/uploads\/2020\/11\/lottery_balls1.jpg 472w\" sizes=\"auto, (max-width: 249px) 100vw, 249px\" \/><br \/>\nT\u00ed, ktor\u00ed chc\u00fa z\u00edska\u0165 pr\u00edstup k star\u0161\u00edm \u010d\u00edslam Mega-Seny, si bud\u00fa chcie\u0165 pozorne prezrie\u0165 webov\u00e9 str\u00e1nky, ktor\u00e9 u\u017e pon\u00fakaj\u00fa najnov\u0161ie \u010d\u00edsla. N\u00e1jdete tam k dispoz\u00edcii aj v\u0161etky star\u0161ie \u010d\u00edsla, tak\u017ee sa nemus\u00edte ob\u00e1va\u0165, \u017ee by ste pri\u0161li o niektor\u00e9 z najlep\u0161\u00edch inform\u00e1ci\u00ed pre v\u00fdber \u010fal\u0161ej sady \u010d\u00edsel.<\/p>\n","protected":false},"excerpt":{"rendered":"<p>Existuje ve\u013ea r\u00f4znych hier a vy sa chcete uisti\u0165, \u017ee ste schopn\u00ed n\u00e1js\u0165 v\u00fdhern\u00e9 \u010d\u00edsla \u010do najsk\u00f4r. No je to mo\u017en\u00e9 viacer\u00fdmi r\u00f4znymi sp\u00f4sobmi, ak viete, kde h\u013eada\u0165. V\u00fdhern\u00e9 \u010d\u00edsla s\u00fa niekedy k dispoz\u00edcii v novin\u00e1ch, ak \u017eijete v oblasti, kde ide o miestnu hru. To m\u00f4\u017ee znamena\u0165, \u017ee v\u00fdsledky Mega-Seny nie s\u00fa vo va\u0161ej [&hellip;]<\/p>\n","protected":false},"author":1,"featured_media":0,"parent":5864,"menu_order":12,"comment_status":"closed","ping_status":"closed","template":"megasena-results.php","meta":{"_et_pb_use_builder":"","_et_pb_old_content":"","_et_gb_content_width":"","exclude_from_search":false,"footnotes":""},"class_list":["post-80877","page","type-page","status-publish","hentry"],"yoast_head":"<!-- This site is optimized with the Yoast SEO plugin v23.4 - https:\/\/yoast.com\/wordpress\/plugins\/seo\/ -->\n<title>Najnov\u0161ie v\u00fdsledky \u017erebovania a v\u00fdhry v hre Mega-Sena<\/title>\n<meta name=\"description\" content=\"V\u00fdsledky Mega-Sena Braz\u00edlia a mnoho \u010fal\u0161\u00edch svetov\u00fdch lot\u00e9ri\u00ed n\u00e1jdete tu\" \/>\n<meta name=\"robots\" content=\"index, follow, max-snippet:-1, max-image-preview:large, max-video-preview:-1\" \/>\n<link rel=\"canonical\" href=\"https:\/\/onlinelotto365.com\/sk\/vyherne-cisla\/mega-sena\/\" \/>\n<meta property=\"og:locale\" content=\"sk_SK\" \/>\n<meta property=\"og:type\" content=\"article\" \/>\n<meta property=\"og:title\" content=\"Najnov\u0161ie v\u00fdsledky \u017erebovania a v\u00fdhry v hre Mega-Sena\" \/>\n<meta property=\"og:description\" content=\"V\u00fdsledky Mega-Sena Braz\u00edlia a mnoho \u010fal\u0161\u00edch svetov\u00fdch lot\u00e9ri\u00ed n\u00e1jdete tu\" \/>\n<meta property=\"og:url\" content=\"https:\/\/onlinelotto365.com\/sk\/vyherne-cisla\/mega-sena\/\" \/>\n<meta property=\"og:site_name\" content=\"OnlineLotto365\" \/>\n<meta property=\"og:image\" content=\"https:\/\/redfoxlotto.com\/image?size=8&amp;lottery=mega-sena\" \/>\n<meta name=\"twitter:card\" content=\"summary_large_image\" \/>\n<meta name=\"twitter:label1\" content=\"Predpokladan\u00fd \u010das \u010d\u00edtania\" \/>\n\t<meta name=\"twitter:data1\" content=\"2 min\u00faty\" \/>\n<script type=\"application\/ld+json\" class=\"yoast-schema-graph\">{\"@context\":\"https:\/\/schema.org\",\"@graph\":[{\"@type\":\"WebPage\",\"@id\":\"https:\/\/onlinelotto365.com\/sk\/vyherne-cisla\/mega-sena\/\",\"url\":\"https:\/\/onlinelotto365.com\/sk\/vyherne-cisla\/mega-sena\/\",\"name\":\"Najnov\u0161ie v\u00fdsledky \u017erebovania a v\u00fdhry v hre Mega-Sena\",\"isPartOf\":{\"@id\":\"https:\/\/onlinelotto365.com\/sk\/#website\"},\"primaryImageOfPage\":{\"@id\":\"https:\/\/onlinelotto365.com\/sk\/vyherne-cisla\/mega-sena\/#primaryimage\"},\"image\":{\"@id\":\"https:\/\/onlinelotto365.com\/sk\/vyherne-cisla\/mega-sena\/#primaryimage\"},\"thumbnailUrl\":\"https:\/\/redfoxlotto.com\/image?size=8&amp;lottery=mega-sena\",\"datePublished\":\"2022-11-23T11:40:50+00:00\",\"dateModified\":\"2022-11-23T11:40:50+00:00\",\"description\":\"V\u00fdsledky Mega-Sena Braz\u00edlia a mnoho \u010fal\u0161\u00edch svetov\u00fdch lot\u00e9ri\u00ed n\u00e1jdete tu\",\"breadcrumb\":{\"@id\":\"https:\/\/onlinelotto365.com\/sk\/vyherne-cisla\/mega-sena\/#breadcrumb\"},\"inLanguage\":\"sk-SK\",\"potentialAction\":[{\"@type\":\"ReadAction\",\"target\":[\"https:\/\/onlinelotto365.com\/sk\/vyherne-cisla\/mega-sena\/\"]}]},{\"@type\":\"ImageObject\",\"inLanguage\":\"sk-SK\",\"@id\":\"https:\/\/onlinelotto365.com\/sk\/vyherne-cisla\/mega-sena\/#primaryimage\",\"url\":\"https:\/\/redfoxlotto.com\/image?size=8&amp;lottery=mega-sena\",\"contentUrl\":\"https:\/\/redfoxlotto.com\/image?size=8&amp;lottery=mega-sena\"},{\"@type\":\"BreadcrumbList\",\"@id\":\"https:\/\/onlinelotto365.com\/sk\/vyherne-cisla\/mega-sena\/#breadcrumb\",\"itemListElement\":[{\"@type\":\"ListItem\",\"position\":1,\"name\":\"Home\",\"item\":\"https:\/\/onlinelotto365.com\/sk\/\"},{\"@type\":\"ListItem\",\"position\":2,\"name\":\"V\u00fdsledky lot\u00e9ri\u00ed\",\"item\":\"https:\/\/onlinelotto365.com\/sk\/vyherne-cisla\/\"},{\"@type\":\"ListItem\",\"position\":3,\"name\":\"Mega-Sena z Braz\u00edlie &#8211; najnov\u0161ie v\u00ed\u0165azn\u00e9 \u010d\u00edsla\"}]},{\"@type\":\"WebSite\",\"@id\":\"https:\/\/onlinelotto365.com\/sk\/#website\",\"url\":\"https:\/\/onlinelotto365.com\/sk\/\",\"name\":\"OnlineLotto365\",\"description\":\"\",\"potentialAction\":[{\"@type\":\"SearchAction\",\"target\":{\"@type\":\"EntryPoint\",\"urlTemplate\":\"https:\/\/onlinelotto365.com\/sk\/?s={search_term_string}\"},\"query-input\":{\"@type\":\"PropertyValueSpecification\",\"valueRequired\":true,\"valueName\":\"search_term_string\"}}],\"inLanguage\":\"sk-SK\"}]}<\/script>\n<!-- \/ Yoast SEO plugin. -->","yoast_head_json":{"title":"Najnov\u0161ie v\u00fdsledky \u017erebovania a v\u00fdhry v hre Mega-Sena","description":"V\u00fdsledky Mega-Sena Braz\u00edlia a mnoho \u010fal\u0161\u00edch svetov\u00fdch lot\u00e9ri\u00ed n\u00e1jdete tu","robots":{"index":"index","follow":"follow","max-snippet":"max-snippet:-1","max-image-preview":"max-image-preview:large","max-video-preview":"max-video-preview:-1"},"canonical":"https:\/\/onlinelotto365.com\/sk\/vyherne-cisla\/mega-sena\/","og_locale":"sk_SK","og_type":"article","og_title":"Najnov\u0161ie v\u00fdsledky \u017erebovania a v\u00fdhry v hre Mega-Sena","og_description":"V\u00fdsledky Mega-Sena Braz\u00edlia a mnoho \u010fal\u0161\u00edch svetov\u00fdch lot\u00e9ri\u00ed n\u00e1jdete tu","og_url":"https:\/\/onlinelotto365.com\/sk\/vyherne-cisla\/mega-sena\/","og_site_name":"OnlineLotto365","og_image":[{"url":"https:\/\/redfoxlotto.com\/image?size=8&amp;lottery=mega-sena"}],"twitter_card":"summary_large_image","twitter_misc":{"Predpokladan\u00fd \u010das \u010d\u00edtania":"2 min\u00faty"},"schema":{"@context":"https:\/\/schema.org","@graph":[{"@type":"WebPage","@id":"https:\/\/onlinelotto365.com\/sk\/vyherne-cisla\/mega-sena\/","url":"https:\/\/onlinelotto365.com\/sk\/vyherne-cisla\/mega-sena\/","name":"Najnov\u0161ie v\u00fdsledky \u017erebovania a v\u00fdhry v hre Mega-Sena","isPartOf":{"@id":"https:\/\/onlinelotto365.com\/sk\/#website"},"primaryImageOfPage":{"@id":"https:\/\/onlinelotto365.com\/sk\/vyherne-cisla\/mega-sena\/#primaryimage"},"image":{"@id":"https:\/\/onlinelotto365.com\/sk\/vyherne-cisla\/mega-sena\/#primaryimage"},"thumbnailUrl":"https:\/\/redfoxlotto.com\/image?size=8&amp;lottery=mega-sena","datePublished":"2022-11-23T11:40:50+00:00","dateModified":"2022-11-23T11:40:50+00:00","description":"V\u00fdsledky Mega-Sena Braz\u00edlia a mnoho \u010fal\u0161\u00edch svetov\u00fdch lot\u00e9ri\u00ed n\u00e1jdete tu","breadcrumb":{"@id":"https:\/\/onlinelotto365.com\/sk\/vyherne-cisla\/mega-sena\/#breadcrumb"},"inLanguage":"sk-SK","potentialAction":[{"@type":"ReadAction","target":["https:\/\/onlinelotto365.com\/sk\/vyherne-cisla\/mega-sena\/"]}]},{"@type":"ImageObject","inLanguage":"sk-SK","@id":"https:\/\/onlinelotto365.com\/sk\/vyherne-cisla\/mega-sena\/#primaryimage","url":"https:\/\/redfoxlotto.com\/image?size=8&amp;lottery=mega-sena","contentUrl":"https:\/\/redfoxlotto.com\/image?size=8&amp;lottery=mega-sena"},{"@type":"BreadcrumbList","@id":"https:\/\/onlinelotto365.com\/sk\/vyherne-cisla\/mega-sena\/#breadcrumb","itemListElement":[{"@type":"ListItem","position":1,"name":"Home","item":"https:\/\/onlinelotto365.com\/sk\/"},{"@type":"ListItem","position":2,"name":"V\u00fdsledky lot\u00e9ri\u00ed","item":"https:\/\/onlinelotto365.com\/sk\/vyherne-cisla\/"},{"@type":"ListItem","position":3,"name":"Mega-Sena z Braz\u00edlie &#8211; najnov\u0161ie v\u00ed\u0165azn\u00e9 \u010d\u00edsla"}]},{"@type":"WebSite","@id":"https:\/\/onlinelotto365.com\/sk\/#website","url":"https:\/\/onlinelotto365.com\/sk\/","name":"OnlineLotto365","description":"","potentialAction":[{"@type":"SearchAction","target":{"@type":"EntryPoint","urlTemplate":"https:\/\/onlinelotto365.com\/sk\/?s={search_term_string}"},"query-input":{"@type":"PropertyValueSpecification","valueRequired":true,"valueName":"search_term_string"}}],"inLanguage":"sk-SK"}]}},"_links":{"self":[{"href":"https:\/\/onlinelotto365.com\/sk\/wp-json\/wp\/v2\/pages\/80877","targetHints":{"allow":["GET"]}}],"collection":[{"href":"https:\/\/onlinelotto365.com\/sk\/wp-json\/wp\/v2\/pages"}],"about":[{"href":"https:\/\/onlinelotto365.com\/sk\/wp-json\/wp\/v2\/types\/page"}],"author":[{"embeddable":true,"href":"https:\/\/onlinelotto365.com\/sk\/wp-json\/wp\/v2\/users\/1"}],"replies":[{"embeddable":true,"href":"https:\/\/onlinelotto365.com\/sk\/wp-json\/wp\/v2\/comments?post=80877"}],"version-history":[{"count":0,"href":"https:\/\/onlinelotto365.com\/sk\/wp-json\/wp\/v2\/pages\/80877\/revisions"}],"up":[{"embeddable":true,"href":"https:\/\/onlinelotto365.com\/sk\/wp-json\/wp\/v2\/pages\/5864"}],"wp:attachment":[{"href":"https:\/\/onlinelotto365.com\/sk\/wp-json\/wp\/v2\/media?parent=80877"}],"curies":[{"name":"wp","href":"https:\/\/api.w.org\/{rel}","templated":true}]}}