{"id":80909,"date":"2022-11-23T13:42:54","date_gmt":"2022-11-23T12:42:54","guid":{"rendered":"https:\/\/onlinelotto365.com\/?page_id=80909"},"modified":"2022-11-23T13:42:54","modified_gmt":"2022-11-23T12:42:54","slug":"powerball-australia","status":"publish","type":"page","link":"https:\/\/onlinelotto365.com\/sk\/vyherne-cisla\/powerball-australia\/","title":{"rendered":"Powerball Austr\u00e1lia &#8211; najnov\u0161ie a predch\u00e1dzaj\u00face v\u00ed\u0165azn\u00e9 \u010d\u00edsla, v\u00fdsledky"},"content":{"rendered":"<p>Pri medzin\u00e1rodn\u00fdch lot\u00e9ri\u00e1ch sa m\u00f4\u017eete pok\u00fasi\u0165 skontrolova\u0165 v\u00fdsledky v novin\u00e1ch, ale je nepravdepodobn\u00e9, \u017ee n\u00e1jdete v\u00ed\u0165azn\u00e9 \u010d\u00edsla Powerball Australia v miestnych novin\u00e1ch. Mo\u017eno ich nen\u00e1jdete ani na \u017eiadnom z miestnych telev\u00edznych kan\u00e1lov. Ak sa v\u00e1m to podar\u00ed, bude to vy\u017eadova\u0165 ur\u010dit\u00fd \u010das a \u00fasilie, aby ste si vybrali ten spr\u00e1vny kan\u00e1l.<\/p>\n<p>\u010eal\u0161ou mo\u017enos\u0165ou je pozrie\u0165 si webov\u00fa str\u00e1nku Powerball Australia a zisti\u0165, \u010di pon\u00faka mo\u017enos\u0165 \u017erebovania na\u017eivo. Ak \u00e1no, mo\u017eno sa budete m\u00f4c\u0165 pozera\u0165 spolu s nimi a naplno si vychutna\u0165 sledovanie \u017erebovania \u010d\u00edsel na\u017eivo. Nie v\u0161etky hry v\u0161ak t\u00fato mo\u017enos\u0165 pon\u00fakaj\u00fa a m\u00f4\u017ee sa sta\u0165, \u017ee o tento z\u00e1\u017eitok \u00faplne pr\u00eddete.<br \/>\nM\u00f4\u017eete sa tie\u017e pozrie\u0165 na YouTube a zisti\u0165, \u010di existuje z\u00e1znam \u017eiv\u00e9ho \u017erebovania Powerball Australia. M\u00f4\u017ee to by\u0165 dobr\u00fd sp\u00f4sob, ako zisti\u0165 v\u00fdsledky po uskuto\u010dnen\u00ed \u017erebovania.<br \/>\n<a href=\"https:\/\/redfoxlotto.com\/play\/powerball-au\/?ref=a8564250a2&amp;medium=ol365\" target=\"_blank\" rel=\"noopener noreferrer\"><img decoding=\"async\" class=\"aligncenter\" src=\"https:\/\/redfoxlotto.com\/image?size=8&amp;lottery=powerball-au\" alt=\"Powerball Austr\u00e1lia\" \/><\/a><br \/>\nNajlep\u0161\u00ed sp\u00f4sob, ako m\u00f4\u017eete n\u00e1js\u0165 v\u00fdsledky Powerball Australia, je v\u0161ak pozrie\u0165 si na\u0161u webov\u00fa str\u00e1nku. Budete m\u00f4c\u0165 n\u00e1js\u0165 v\u00fdsledky tejto a v\u0161etk\u00fdch ostatn\u00fdch hier, ktor\u00e9 m\u00e1me k dispoz\u00edcii, tak\u017ee sa v\u00f4bec nemus\u00edte ob\u00e1va\u0165, \u017ee by ste nie\u010do zme\u0161kali.<\/p>\n<h2>Ako zisti\u0165, \u010di v\u00e1\u0161 online tiket vyhral<\/h2>\n<p>A \u010do v pr\u00edpade, \u017ee ste si u\u017e zak\u00fapili vlastn\u00e9 tikety do hry Powerball Australia? Nu\u017e, potom je pre v\u00e1s e\u0161te jednoduch\u0161ie skontrolova\u0165 v\u00fdhern\u00e9 \u010d\u00edsla. Namiesto kontroly be\u017enej str\u00e1nky s v\u00fdsledkami lot\u00e9rie m\u00f4\u017eete skontrolova\u0165 str\u00e1nku s tiketmi na svojom \u00fa\u010dte. V\u010faka tomu uvid\u00edte v\u00fdhern\u00e9 \u010d\u00edsla v porovnan\u00ed s va\u0161imi vlastn\u00fdmi, \u010do bude pre va\u0161e potreby e\u0161te lep\u0161ie.<\/p>\n<p>M\u00f4\u017eete si vyh\u013eada\u0165 v\u0161etky \u010d\u00edsla na svojom tikete, ktor\u00e9 s\u00fa zv\u00fdraznen\u00e9, \u010do znamen\u00e1, \u017ee sa zhoduj\u00fa s v\u00fdhern\u00fdmi \u010d\u00edslami. Potom si m\u00f4\u017eete pozrie\u0165, ko\u013eko ste vyhrali. A ak je to menej ako 2500 eur, bude v\u00e1m prip\u00edsan\u00e1 na \u00fa\u010det len tak.<\/p>\n<h2>Arch\u00edv v\u00fdsledkov Powerball Australia<\/h2>\n<p>Na na\u0161ej webovej str\u00e1nke v\u00e1m u\u013eah\u010d\u00edme kontrolu nielen aktu\u00e1lnych \u010d\u00edsel lot\u00e9rie Powerball Australia a \u010fal\u0161\u00edch, ale aj star\u00fdch \u010d\u00edsel. Jedn\u00fdm z najob\u013e\u00fabenej\u0161\u00edch sp\u00f4sobov, ako si \u013eudia vyberaj\u00fa \u010d\u00edsla, je pozrie\u0165 si niektor\u00e9 zo star\u0161\u00edch \u010d\u00edsel, preto sa sna\u017e\u00edme, aby ste tieto \u010d\u00edsla na\u0161li na ka\u017edej str\u00e1nke, kde pon\u00fakame aktu\u00e1lne v\u00fdhern\u00e9 \u010d\u00edsla.<\/p>\n<h2>M\u00f4j tiket vyhral, \u010do bude nasledova\u0165?<\/h2>\n<p>Ak je v\u00e1\u0161 tiket v\u00fdhern\u00fd, sta\u010d\u00ed sa len pohodlne usadi\u0165 a necha\u0165 n\u00e1s, aby sme v\u00e1m pomohli z\u00edska\u0165 peniaze, na ktor\u00e9 m\u00e1te n\u00e1rok. Ak ste vyhrali menej ako 2500 \u20ac, prip\u00ed\u0161eme v\u00e1m ich na hr\u00e1\u010dsky \u00fa\u010det hne\u010f po overen\u00ed v\u00fdsledkov. Potom si budete m\u00f4c\u0165 peniaze vybra\u0165, pokia\u013e bude na va\u0161om \u00fa\u010dte 10 \u20ac.<\/p>\n","protected":false},"excerpt":{"rendered":"<p>Pri medzin\u00e1rodn\u00fdch lot\u00e9ri\u00e1ch sa m\u00f4\u017eete pok\u00fasi\u0165 skontrolova\u0165 v\u00fdsledky v novin\u00e1ch, ale je nepravdepodobn\u00e9, \u017ee n\u00e1jdete v\u00ed\u0165azn\u00e9 \u010d\u00edsla Powerball Australia v miestnych novin\u00e1ch. Mo\u017eno ich nen\u00e1jdete ani na \u017eiadnom z miestnych telev\u00edznych kan\u00e1lov. Ak sa v\u00e1m to podar\u00ed, bude to vy\u017eadova\u0165 ur\u010dit\u00fd \u010das a \u00fasilie, aby ste si vybrali ten spr\u00e1vny kan\u00e1l. \u010eal\u0161ou mo\u017enos\u0165ou je pozrie\u0165 [&hellip;]<\/p>\n","protected":false},"author":1,"featured_media":0,"parent":5864,"menu_order":13,"comment_status":"closed","ping_status":"closed","template":"powerball-au-results.php","meta":{"_et_pb_use_builder":"","_et_pb_old_content":"","_et_gb_content_width":"","exclude_from_search":false,"footnotes":""},"class_list":["post-80909","page","type-page","status-publish","hentry"],"yoast_head":"<!-- This site is optimized with the Yoast SEO plugin v23.4 - https:\/\/yoast.com\/wordpress\/plugins\/seo\/ -->\n<title>Najnov\u0161ie a minul\u00e9 v\u00fdsledky \u017erebovania a v\u00fdhern\u00e9 \u010d\u00edsla pre Powerball Australia<\/title>\n<meta name=\"description\" content=\"V\u00fdhern\u00e9 \u010d\u00edsla Powerball Australia uverej\u0148ujeme hne\u010f po \u017erebovan\u00ed\" \/>\n<meta name=\"robots\" content=\"index, follow, max-snippet:-1, max-image-preview:large, max-video-preview:-1\" \/>\n<link rel=\"canonical\" href=\"https:\/\/onlinelotto365.com\/sk\/vyherne-cisla\/powerball-australia\/\" \/>\n<meta property=\"og:locale\" content=\"sk_SK\" \/>\n<meta property=\"og:type\" content=\"article\" \/>\n<meta property=\"og:title\" content=\"Najnov\u0161ie a minul\u00e9 v\u00fdsledky \u017erebovania a v\u00fdhern\u00e9 \u010d\u00edsla pre Powerball Australia\" \/>\n<meta property=\"og:description\" content=\"V\u00fdhern\u00e9 \u010d\u00edsla Powerball Australia uverej\u0148ujeme hne\u010f po \u017erebovan\u00ed\" \/>\n<meta property=\"og:url\" content=\"https:\/\/onlinelotto365.com\/sk\/vyherne-cisla\/powerball-australia\/\" \/>\n<meta property=\"og:site_name\" content=\"OnlineLotto365\" \/>\n<meta property=\"og:image\" content=\"https:\/\/redfoxlotto.com\/image?size=8&amp;lottery=powerball-au\" \/>\n<meta name=\"twitter:card\" content=\"summary_large_image\" \/>\n<meta name=\"twitter:label1\" content=\"Predpokladan\u00fd \u010das \u010d\u00edtania\" \/>\n\t<meta name=\"twitter:data1\" content=\"2 min\u00faty\" \/>\n<script type=\"application\/ld+json\" class=\"yoast-schema-graph\">{\"@context\":\"https:\/\/schema.org\",\"@graph\":[{\"@type\":\"WebPage\",\"@id\":\"https:\/\/onlinelotto365.com\/sk\/vyherne-cisla\/powerball-australia\/\",\"url\":\"https:\/\/onlinelotto365.com\/sk\/vyherne-cisla\/powerball-australia\/\",\"name\":\"Najnov\u0161ie a minul\u00e9 v\u00fdsledky \u017erebovania a v\u00fdhern\u00e9 \u010d\u00edsla pre Powerball Australia\",\"isPartOf\":{\"@id\":\"https:\/\/onlinelotto365.com\/sk\/#website\"},\"primaryImageOfPage\":{\"@id\":\"https:\/\/onlinelotto365.com\/sk\/vyherne-cisla\/powerball-australia\/#primaryimage\"},\"image\":{\"@id\":\"https:\/\/onlinelotto365.com\/sk\/vyherne-cisla\/powerball-australia\/#primaryimage\"},\"thumbnailUrl\":\"https:\/\/redfoxlotto.com\/image?size=8&amp;lottery=powerball-au\",\"datePublished\":\"2022-11-23T12:42:54+00:00\",\"dateModified\":\"2022-11-23T12:42:54+00:00\",\"description\":\"V\u00fdhern\u00e9 \u010d\u00edsla Powerball Australia uverej\u0148ujeme hne\u010f po \u017erebovan\u00ed\",\"breadcrumb\":{\"@id\":\"https:\/\/onlinelotto365.com\/sk\/vyherne-cisla\/powerball-australia\/#breadcrumb\"},\"inLanguage\":\"sk-SK\",\"potentialAction\":[{\"@type\":\"ReadAction\",\"target\":[\"https:\/\/onlinelotto365.com\/sk\/vyherne-cisla\/powerball-australia\/\"]}]},{\"@type\":\"ImageObject\",\"inLanguage\":\"sk-SK\",\"@id\":\"https:\/\/onlinelotto365.com\/sk\/vyherne-cisla\/powerball-australia\/#primaryimage\",\"url\":\"https:\/\/redfoxlotto.com\/image?size=8&amp;lottery=powerball-au\",\"contentUrl\":\"https:\/\/redfoxlotto.com\/image?size=8&amp;lottery=powerball-au\"},{\"@type\":\"BreadcrumbList\",\"@id\":\"https:\/\/onlinelotto365.com\/sk\/vyherne-cisla\/powerball-australia\/#breadcrumb\",\"itemListElement\":[{\"@type\":\"ListItem\",\"position\":1,\"name\":\"Home\",\"item\":\"https:\/\/onlinelotto365.com\/sk\/\"},{\"@type\":\"ListItem\",\"position\":2,\"name\":\"V\u00fdsledky lot\u00e9ri\u00ed\",\"item\":\"https:\/\/onlinelotto365.com\/sk\/vyherne-cisla\/\"},{\"@type\":\"ListItem\",\"position\":3,\"name\":\"Powerball Austr\u00e1lia &#8211; najnov\u0161ie a predch\u00e1dzaj\u00face v\u00ed\u0165azn\u00e9 \u010d\u00edsla, v\u00fdsledky\"}]},{\"@type\":\"WebSite\",\"@id\":\"https:\/\/onlinelotto365.com\/sk\/#website\",\"url\":\"https:\/\/onlinelotto365.com\/sk\/\",\"name\":\"OnlineLotto365\",\"description\":\"\",\"potentialAction\":[{\"@type\":\"SearchAction\",\"target\":{\"@type\":\"EntryPoint\",\"urlTemplate\":\"https:\/\/onlinelotto365.com\/sk\/?s={search_term_string}\"},\"query-input\":{\"@type\":\"PropertyValueSpecification\",\"valueRequired\":true,\"valueName\":\"search_term_string\"}}],\"inLanguage\":\"sk-SK\"}]}<\/script>\n<!-- \/ Yoast SEO plugin. -->","yoast_head_json":{"title":"Najnov\u0161ie a minul\u00e9 v\u00fdsledky \u017erebovania a v\u00fdhern\u00e9 \u010d\u00edsla pre Powerball Australia","description":"V\u00fdhern\u00e9 \u010d\u00edsla Powerball Australia uverej\u0148ujeme hne\u010f po \u017erebovan\u00ed","robots":{"index":"index","follow":"follow","max-snippet":"max-snippet:-1","max-image-preview":"max-image-preview:large","max-video-preview":"max-video-preview:-1"},"canonical":"https:\/\/onlinelotto365.com\/sk\/vyherne-cisla\/powerball-australia\/","og_locale":"sk_SK","og_type":"article","og_title":"Najnov\u0161ie a minul\u00e9 v\u00fdsledky \u017erebovania a v\u00fdhern\u00e9 \u010d\u00edsla pre Powerball Australia","og_description":"V\u00fdhern\u00e9 \u010d\u00edsla Powerball Australia uverej\u0148ujeme hne\u010f po \u017erebovan\u00ed","og_url":"https:\/\/onlinelotto365.com\/sk\/vyherne-cisla\/powerball-australia\/","og_site_name":"OnlineLotto365","og_image":[{"url":"https:\/\/redfoxlotto.com\/image?size=8&amp;lottery=powerball-au"}],"twitter_card":"summary_large_image","twitter_misc":{"Predpokladan\u00fd \u010das \u010d\u00edtania":"2 min\u00faty"},"schema":{"@context":"https:\/\/schema.org","@graph":[{"@type":"WebPage","@id":"https:\/\/onlinelotto365.com\/sk\/vyherne-cisla\/powerball-australia\/","url":"https:\/\/onlinelotto365.com\/sk\/vyherne-cisla\/powerball-australia\/","name":"Najnov\u0161ie a minul\u00e9 v\u00fdsledky \u017erebovania a v\u00fdhern\u00e9 \u010d\u00edsla pre Powerball Australia","isPartOf":{"@id":"https:\/\/onlinelotto365.com\/sk\/#website"},"primaryImageOfPage":{"@id":"https:\/\/onlinelotto365.com\/sk\/vyherne-cisla\/powerball-australia\/#primaryimage"},"image":{"@id":"https:\/\/onlinelotto365.com\/sk\/vyherne-cisla\/powerball-australia\/#primaryimage"},"thumbnailUrl":"https:\/\/redfoxlotto.com\/image?size=8&amp;lottery=powerball-au","datePublished":"2022-11-23T12:42:54+00:00","dateModified":"2022-11-23T12:42:54+00:00","description":"V\u00fdhern\u00e9 \u010d\u00edsla Powerball Australia uverej\u0148ujeme hne\u010f po \u017erebovan\u00ed","breadcrumb":{"@id":"https:\/\/onlinelotto365.com\/sk\/vyherne-cisla\/powerball-australia\/#breadcrumb"},"inLanguage":"sk-SK","potentialAction":[{"@type":"ReadAction","target":["https:\/\/onlinelotto365.com\/sk\/vyherne-cisla\/powerball-australia\/"]}]},{"@type":"ImageObject","inLanguage":"sk-SK","@id":"https:\/\/onlinelotto365.com\/sk\/vyherne-cisla\/powerball-australia\/#primaryimage","url":"https:\/\/redfoxlotto.com\/image?size=8&amp;lottery=powerball-au","contentUrl":"https:\/\/redfoxlotto.com\/image?size=8&amp;lottery=powerball-au"},{"@type":"BreadcrumbList","@id":"https:\/\/onlinelotto365.com\/sk\/vyherne-cisla\/powerball-australia\/#breadcrumb","itemListElement":[{"@type":"ListItem","position":1,"name":"Home","item":"https:\/\/onlinelotto365.com\/sk\/"},{"@type":"ListItem","position":2,"name":"V\u00fdsledky lot\u00e9ri\u00ed","item":"https:\/\/onlinelotto365.com\/sk\/vyherne-cisla\/"},{"@type":"ListItem","position":3,"name":"Powerball Austr\u00e1lia &#8211; najnov\u0161ie a predch\u00e1dzaj\u00face v\u00ed\u0165azn\u00e9 \u010d\u00edsla, v\u00fdsledky"}]},{"@type":"WebSite","@id":"https:\/\/onlinelotto365.com\/sk\/#website","url":"https:\/\/onlinelotto365.com\/sk\/","name":"OnlineLotto365","description":"","potentialAction":[{"@type":"SearchAction","target":{"@type":"EntryPoint","urlTemplate":"https:\/\/onlinelotto365.com\/sk\/?s={search_term_string}"},"query-input":{"@type":"PropertyValueSpecification","valueRequired":true,"valueName":"search_term_string"}}],"inLanguage":"sk-SK"}]}},"_links":{"self":[{"href":"https:\/\/onlinelotto365.com\/sk\/wp-json\/wp\/v2\/pages\/80909","targetHints":{"allow":["GET"]}}],"collection":[{"href":"https:\/\/onlinelotto365.com\/sk\/wp-json\/wp\/v2\/pages"}],"about":[{"href":"https:\/\/onlinelotto365.com\/sk\/wp-json\/wp\/v2\/types\/page"}],"author":[{"embeddable":true,"href":"https:\/\/onlinelotto365.com\/sk\/wp-json\/wp\/v2\/users\/1"}],"replies":[{"embeddable":true,"href":"https:\/\/onlinelotto365.com\/sk\/wp-json\/wp\/v2\/comments?post=80909"}],"version-history":[{"count":0,"href":"https:\/\/onlinelotto365.com\/sk\/wp-json\/wp\/v2\/pages\/80909\/revisions"}],"up":[{"embeddable":true,"href":"https:\/\/onlinelotto365.com\/sk\/wp-json\/wp\/v2\/pages\/5864"}],"wp:attachment":[{"href":"https:\/\/onlinelotto365.com\/sk\/wp-json\/wp\/v2\/media?parent=80909"}],"curies":[{"name":"wp","href":"https:\/\/api.w.org\/{rel}","templated":true}]}}