{"id":80942,"date":"2022-11-23T22:03:01","date_gmt":"2022-11-23T21:03:01","guid":{"rendered":"https:\/\/onlinelotto365.com\/?page_id=80942"},"modified":"2022-11-23T22:03:01","modified_gmt":"2022-11-23T21:03:01","slug":"oz-lotto","status":"publish","type":"page","link":"https:\/\/onlinelotto365.com\/sk\/vyherne-cisla\/oz-lotto\/","title":{"rendered":"V\u00ed\u0165azn\u00e9 \u010d\u00edsla z Oz Lotto"},"content":{"rendered":"<p>Na na\u0161ej webovej str\u00e1nke je k dispoz\u00edcii mno\u017estvo mo\u017enost\u00ed medzin\u00e1rodnej lot\u00e9rie a pri hran\u00ed t\u00fdchto hier sa chcete uisti\u0165, \u017ee si m\u00f4\u017eete skontrolova\u0165 v\u00fdhern\u00e9 \u010d\u00edsla. Jedn\u00fdm zo sp\u00f4sobov s\u00fa noviny, ale n\u00e1js\u0165 v\u00fdsledky programu Oz Lotto v novin\u00e1ch m\u00f4\u017ee by\u0165 \u0165a\u017ek\u00e9. \u010eal\u0161ou mo\u017enos\u0165ou je telev\u00edzia, ale n\u00e1js\u0165 spr\u00e1vny kan\u00e1l na sledovanie \u017erebovania alebo pozretie v\u00fdsledkov m\u00f4\u017ee by\u0165 pre v\u00e4\u010d\u0161inu \u013eud\u00ed tie\u017e zlo\u017eit\u00e1 situ\u00e1cia.<br \/>\n<a href=\"https:\/\/redfoxlotto.com\/play\/oz-lotto\/?ref=a8564250a2&amp;medium=ol365\" target=\"_blank\" rel=\"noopener noreferrer\"><img decoding=\"async\" class=\"aligncenter\" src=\"https:\/\/redfoxlotto.com\/image?size=8&amp;lottery=oz-lotto\" alt=\"Oz Lotto\" \/><\/a><br \/>\n\u010ealej si m\u00f4\u017eete pozrie\u0165 ofici\u00e1lnu webov\u00fa str\u00e1nku Oz Lotto a zisti\u0165, \u010di tam n\u00e1jdete v\u00fdsledky. Niektor\u00e9 hry v\u00e1m umo\u017enia sledova\u0165 \u017erebovanie na\u017eivo na ich webovej str\u00e1nke. Majte v\u0161ak na pam\u00e4ti, \u017ee to nie je mo\u017en\u00e9 pri v\u0161etk\u00fdch lotto hr\u00e1ch a m\u00f4\u017ee sa sta\u0165, \u017ee sa ocitnete bez tejto mo\u017enosti.<\/p>\n<p>Po uskuto\u010dnen\u00ed \u017erebovania m\u00f4\u017eete niekedy na YouTube vyh\u013eada\u0165 v\u00fdsledky posledn\u00e9ho \u017erebovania Oz Lotto. Ani tie nie s\u00fa v\u017edy k dispoz\u00edcii, ale niekedy niekto zverejn\u00ed video so \u017eiv\u00fdm \u017erebovan\u00edm alebo \u010d\u00edslami.<\/p>\n<p>Najlep\u0161ie, \u010do v\u0161ak m\u00f4\u017eete urobi\u0165, ak chcete z\u00edska\u0165 najnov\u0161ie v\u00fdhern\u00e9 \u010d\u00edsla, je pozrie\u0165 si na\u0161u webov\u00fa str\u00e1nku a str\u00e1nku s v\u00fdsledkami lotto. Tam umiest\u0148ujeme v\u00fdsledky ka\u017edej lot\u00e9rie, ktor\u00fa si m\u00f4\u017eete k\u00fapi\u0165 na na\u0161ej webovej str\u00e1nke, aby ste vedeli, kde ich m\u00e1te h\u013eada\u0165.<\/p>\n<h2>Ako zisti\u0165, \u010di v\u00e1\u0161 online tiket vyhral<\/h2>\n<p>T\u00ed, ktor\u00ed si zak\u00fapili tikety do niektorej z hier, ktor\u00e9 pon\u00fakame, sa m\u00f4\u017eu prihl\u00e1si\u0165 do svojho konta a prejs\u0165 na str\u00e1nku, kde s\u00fa ulo\u017een\u00e9 va\u0161e tikety. Na tejto str\u00e1nke n\u00e1jdete v\u0161etky potrebn\u00e9 inform\u00e1cie. Budete si m\u00f4c\u0165 pozrie\u0165 svoje tikety lotto, ako aj v\u00fdhern\u00e9 \u010d\u00edsla.<br \/>\nAk budete ma\u0165 \u0161\u0165astie a niektor\u00e9 \u010d\u00edsla sa zhoduj\u00fa, na obrazovke uvid\u00edte aj zv\u00fdraznen\u00e9 \u010d\u00edsla, ktor\u00e9 sa zhoduj\u00fa. A m\u00f4\u017eete skontrolova\u0165 mno\u017estvo zhodn\u00fdch \u010d\u00edsel a pr\u00e1ve to, ak\u00fa v\u00fdhru ste vyhrali. Ak je ni\u017e\u0161ia ako 2500 \u20ac, m\u00f4\u017eete sa pozrie\u0165 na svoje konto a n\u00e1js\u0165 ju priamo vo svojom hr\u00e1\u010dskom \u00fa\u010dte hne\u010f po overen\u00ed v\u00fdsledkov.<\/p>\n<h2>Arch\u00edv v\u00fdsledkov programu Oz Lotto<\/h2>\n<p>Pre t\u00fdch, ktor\u00ed sa chc\u00fa pozrie\u0165 na star\u0161ie \u010d\u00edsla z Oz Lotto alebo in\u00fdch lot\u00e9riov\u00fdch hier, m\u00f4\u017eete \u013eahko n\u00e1js\u0165 arch\u00edv prepojen\u00fd s ktorouko\u013evek str\u00e1nkou, kde s\u00fa zobrazen\u00e9 aktu\u00e1lne \u010d\u00edsla. V\u010faka tomu m\u00f4\u017eete \u013eah\u0161ie n\u00e1js\u0165 h\u013eadan\u00e9 \u010d\u00edsla, ktor\u00e9 v\u00e1m pom\u00f4\u017eu pri bud\u00facich tipoch.<\/p>\n<h2>M\u00f4j tiket vyhral, \u010do sa stane \u010falej?<\/h2>\n<p><img loading=\"lazy\" decoding=\"async\" class=\"alignright wp-image-3624\" src=\"https:\/\/onlinelotto365.com\/wp-content\/uploads\/2020\/11\/online_lottery-74-200x300.jpg\" alt=\"Oz lotto v\u00ed\u0165azn\u00e9 \u010d\u00edsla\" width=\"123\" height=\"185\" srcset=\"https:\/\/onlinelotto365.com\/wp-content\/uploads\/2020\/11\/online_lottery-74-200x300.jpg 200w, https:\/\/onlinelotto365.com\/wp-content\/uploads\/2020\/11\/online_lottery-74.jpg 320w\" sizes=\"auto, (max-width: 123px) 100vw, 123px\" \/><br \/>\nU\u017e sme hovorili o tom, ako m\u00f4\u017eete svoju v\u00fdhru z\u00edska\u0165, ak v\u00e1\u0161 tiket zodpoved\u00e1 v\u00fdhern\u00fdm \u010d\u00edslam, ale po\u010fme sa na to pozrie\u0165 aj trochu bli\u017e\u0161ie. Ak m\u00e1te tiket v hodnote ni\u017e\u0161ej ako 2500 EUR, peniaze sa v\u00e1m automaticky prip\u00ed\u0161u na \u00fa\u010det hne\u010f po overen\u00ed v\u00fdhern\u00fdch \u010d\u00edsel.<\/p>\n<p>Potom, ak m\u00e1te na \u00fa\u010dte aspo\u0148 10 \u20ac, m\u00f4\u017eete si tieto peniaze vybra\u0165 pomocou akejko\u013evek platobnej met\u00f3dy, ktor\u00fa ste u\u017e na svojom \u00fa\u010dte pou\u017eili. Sta\u010d\u00ed vyplni\u0165 nieko\u013eko formul\u00e1rov na overenie va\u0161ej toto\u017enosti a peniaze budete ma\u0165 na \u00fa\u010dte v kr\u00e1tkom \u010dase. Alebo ich m\u00f4\u017eete necha\u0165 tam, kde s\u00fa, a nesk\u00f4r ich pou\u017ei\u0165 na n\u00e1kup e\u0161te v\u00e4\u010d\u0161ieho mno\u017estva vstupeniek.<\/p>\n","protected":false},"excerpt":{"rendered":"<p>Na na\u0161ej webovej str\u00e1nke je k dispoz\u00edcii mno\u017estvo mo\u017enost\u00ed medzin\u00e1rodnej lot\u00e9rie a pri hran\u00ed t\u00fdchto hier sa chcete uisti\u0165, \u017ee si m\u00f4\u017eete skontrolova\u0165 v\u00fdhern\u00e9 \u010d\u00edsla. Jedn\u00fdm zo sp\u00f4sobov s\u00fa noviny, ale n\u00e1js\u0165 v\u00fdsledky programu Oz Lotto v novin\u00e1ch m\u00f4\u017ee by\u0165 \u0165a\u017ek\u00e9. \u010eal\u0161ou mo\u017enos\u0165ou je telev\u00edzia, ale n\u00e1js\u0165 spr\u00e1vny kan\u00e1l na sledovanie \u017erebovania alebo pozretie v\u00fdsledkov [&hellip;]<\/p>\n","protected":false},"author":1,"featured_media":0,"parent":5864,"menu_order":14,"comment_status":"closed","ping_status":"closed","template":"template-rightsidebar.php","meta":{"_et_pb_use_builder":"","_et_pb_old_content":"","_et_gb_content_width":"","exclude_from_search":false,"footnotes":""},"class_list":["post-80942","page","type-page","status-publish","hentry"],"yoast_head":"<!-- This site is optimized with the Yoast SEO plugin v23.4 - https:\/\/yoast.com\/wordpress\/plugins\/seo\/ -->\n<title>Oz Lotto \u010derpa\u0165 v\u00fdsledky a ceny<\/title>\n<meta name=\"description\" content=\"H\u013ead\u00e1te v\u00fdsledky \u017erebovania programu Oz Lotto? Tu s\u00fa v\u00fdhern\u00e9 \u010d\u00edsla\" \/>\n<meta name=\"robots\" content=\"index, follow, max-snippet:-1, max-image-preview:large, max-video-preview:-1\" \/>\n<link rel=\"canonical\" href=\"https:\/\/onlinelotto365.com\/sk\/vyherne-cisla\/oz-lotto\/\" \/>\n<meta property=\"og:locale\" content=\"sk_SK\" \/>\n<meta property=\"og:type\" content=\"article\" \/>\n<meta property=\"og:title\" content=\"Oz Lotto \u010derpa\u0165 v\u00fdsledky a ceny\" \/>\n<meta property=\"og:description\" content=\"H\u013ead\u00e1te v\u00fdsledky \u017erebovania programu Oz Lotto? Tu s\u00fa v\u00fdhern\u00e9 \u010d\u00edsla\" \/>\n<meta property=\"og:url\" content=\"https:\/\/onlinelotto365.com\/sk\/vyherne-cisla\/oz-lotto\/\" \/>\n<meta property=\"og:site_name\" content=\"OnlineLotto365\" \/>\n<meta property=\"og:image\" content=\"https:\/\/redfoxlotto.com\/image?size=8&amp;lottery=oz-lotto\" \/>\n<meta name=\"twitter:card\" content=\"summary_large_image\" \/>\n<meta name=\"twitter:label1\" content=\"Predpokladan\u00fd \u010das \u010d\u00edtania\" \/>\n\t<meta name=\"twitter:data1\" content=\"3 min\u00faty\" \/>\n<script type=\"application\/ld+json\" class=\"yoast-schema-graph\">{\"@context\":\"https:\/\/schema.org\",\"@graph\":[{\"@type\":\"WebPage\",\"@id\":\"https:\/\/onlinelotto365.com\/sk\/vyherne-cisla\/oz-lotto\/\",\"url\":\"https:\/\/onlinelotto365.com\/sk\/vyherne-cisla\/oz-lotto\/\",\"name\":\"Oz Lotto \u010derpa\u0165 v\u00fdsledky a ceny\",\"isPartOf\":{\"@id\":\"https:\/\/onlinelotto365.com\/sk\/#website\"},\"primaryImageOfPage\":{\"@id\":\"https:\/\/onlinelotto365.com\/sk\/vyherne-cisla\/oz-lotto\/#primaryimage\"},\"image\":{\"@id\":\"https:\/\/onlinelotto365.com\/sk\/vyherne-cisla\/oz-lotto\/#primaryimage\"},\"thumbnailUrl\":\"https:\/\/redfoxlotto.com\/image?size=8&amp;lottery=oz-lotto\",\"datePublished\":\"2022-11-23T21:03:01+00:00\",\"dateModified\":\"2022-11-23T21:03:01+00:00\",\"description\":\"H\u013ead\u00e1te v\u00fdsledky \u017erebovania programu Oz Lotto? Tu s\u00fa v\u00fdhern\u00e9 \u010d\u00edsla\",\"breadcrumb\":{\"@id\":\"https:\/\/onlinelotto365.com\/sk\/vyherne-cisla\/oz-lotto\/#breadcrumb\"},\"inLanguage\":\"sk-SK\",\"potentialAction\":[{\"@type\":\"ReadAction\",\"target\":[\"https:\/\/onlinelotto365.com\/sk\/vyherne-cisla\/oz-lotto\/\"]}]},{\"@type\":\"ImageObject\",\"inLanguage\":\"sk-SK\",\"@id\":\"https:\/\/onlinelotto365.com\/sk\/vyherne-cisla\/oz-lotto\/#primaryimage\",\"url\":\"https:\/\/redfoxlotto.com\/image?size=8&amp;lottery=oz-lotto\",\"contentUrl\":\"https:\/\/redfoxlotto.com\/image?size=8&amp;lottery=oz-lotto\"},{\"@type\":\"BreadcrumbList\",\"@id\":\"https:\/\/onlinelotto365.com\/sk\/vyherne-cisla\/oz-lotto\/#breadcrumb\",\"itemListElement\":[{\"@type\":\"ListItem\",\"position\":1,\"name\":\"Home\",\"item\":\"https:\/\/onlinelotto365.com\/sk\/\"},{\"@type\":\"ListItem\",\"position\":2,\"name\":\"V\u00fdsledky lot\u00e9ri\u00ed\",\"item\":\"https:\/\/onlinelotto365.com\/sk\/vyherne-cisla\/\"},{\"@type\":\"ListItem\",\"position\":3,\"name\":\"V\u00ed\u0165azn\u00e9 \u010d\u00edsla z Oz Lotto\"}]},{\"@type\":\"WebSite\",\"@id\":\"https:\/\/onlinelotto365.com\/sk\/#website\",\"url\":\"https:\/\/onlinelotto365.com\/sk\/\",\"name\":\"OnlineLotto365\",\"description\":\"\",\"potentialAction\":[{\"@type\":\"SearchAction\",\"target\":{\"@type\":\"EntryPoint\",\"urlTemplate\":\"https:\/\/onlinelotto365.com\/sk\/?s={search_term_string}\"},\"query-input\":{\"@type\":\"PropertyValueSpecification\",\"valueRequired\":true,\"valueName\":\"search_term_string\"}}],\"inLanguage\":\"sk-SK\"}]}<\/script>\n<!-- \/ Yoast SEO plugin. -->","yoast_head_json":{"title":"Oz Lotto \u010derpa\u0165 v\u00fdsledky a ceny","description":"H\u013ead\u00e1te v\u00fdsledky \u017erebovania programu Oz Lotto? Tu s\u00fa v\u00fdhern\u00e9 \u010d\u00edsla","robots":{"index":"index","follow":"follow","max-snippet":"max-snippet:-1","max-image-preview":"max-image-preview:large","max-video-preview":"max-video-preview:-1"},"canonical":"https:\/\/onlinelotto365.com\/sk\/vyherne-cisla\/oz-lotto\/","og_locale":"sk_SK","og_type":"article","og_title":"Oz Lotto \u010derpa\u0165 v\u00fdsledky a ceny","og_description":"H\u013ead\u00e1te v\u00fdsledky \u017erebovania programu Oz Lotto? Tu s\u00fa v\u00fdhern\u00e9 \u010d\u00edsla","og_url":"https:\/\/onlinelotto365.com\/sk\/vyherne-cisla\/oz-lotto\/","og_site_name":"OnlineLotto365","og_image":[{"url":"https:\/\/redfoxlotto.com\/image?size=8&amp;lottery=oz-lotto"}],"twitter_card":"summary_large_image","twitter_misc":{"Predpokladan\u00fd \u010das \u010d\u00edtania":"3 min\u00faty"},"schema":{"@context":"https:\/\/schema.org","@graph":[{"@type":"WebPage","@id":"https:\/\/onlinelotto365.com\/sk\/vyherne-cisla\/oz-lotto\/","url":"https:\/\/onlinelotto365.com\/sk\/vyherne-cisla\/oz-lotto\/","name":"Oz Lotto \u010derpa\u0165 v\u00fdsledky a ceny","isPartOf":{"@id":"https:\/\/onlinelotto365.com\/sk\/#website"},"primaryImageOfPage":{"@id":"https:\/\/onlinelotto365.com\/sk\/vyherne-cisla\/oz-lotto\/#primaryimage"},"image":{"@id":"https:\/\/onlinelotto365.com\/sk\/vyherne-cisla\/oz-lotto\/#primaryimage"},"thumbnailUrl":"https:\/\/redfoxlotto.com\/image?size=8&amp;lottery=oz-lotto","datePublished":"2022-11-23T21:03:01+00:00","dateModified":"2022-11-23T21:03:01+00:00","description":"H\u013ead\u00e1te v\u00fdsledky \u017erebovania programu Oz Lotto? Tu s\u00fa v\u00fdhern\u00e9 \u010d\u00edsla","breadcrumb":{"@id":"https:\/\/onlinelotto365.com\/sk\/vyherne-cisla\/oz-lotto\/#breadcrumb"},"inLanguage":"sk-SK","potentialAction":[{"@type":"ReadAction","target":["https:\/\/onlinelotto365.com\/sk\/vyherne-cisla\/oz-lotto\/"]}]},{"@type":"ImageObject","inLanguage":"sk-SK","@id":"https:\/\/onlinelotto365.com\/sk\/vyherne-cisla\/oz-lotto\/#primaryimage","url":"https:\/\/redfoxlotto.com\/image?size=8&amp;lottery=oz-lotto","contentUrl":"https:\/\/redfoxlotto.com\/image?size=8&amp;lottery=oz-lotto"},{"@type":"BreadcrumbList","@id":"https:\/\/onlinelotto365.com\/sk\/vyherne-cisla\/oz-lotto\/#breadcrumb","itemListElement":[{"@type":"ListItem","position":1,"name":"Home","item":"https:\/\/onlinelotto365.com\/sk\/"},{"@type":"ListItem","position":2,"name":"V\u00fdsledky lot\u00e9ri\u00ed","item":"https:\/\/onlinelotto365.com\/sk\/vyherne-cisla\/"},{"@type":"ListItem","position":3,"name":"V\u00ed\u0165azn\u00e9 \u010d\u00edsla z Oz Lotto"}]},{"@type":"WebSite","@id":"https:\/\/onlinelotto365.com\/sk\/#website","url":"https:\/\/onlinelotto365.com\/sk\/","name":"OnlineLotto365","description":"","potentialAction":[{"@type":"SearchAction","target":{"@type":"EntryPoint","urlTemplate":"https:\/\/onlinelotto365.com\/sk\/?s={search_term_string}"},"query-input":{"@type":"PropertyValueSpecification","valueRequired":true,"valueName":"search_term_string"}}],"inLanguage":"sk-SK"}]}},"_links":{"self":[{"href":"https:\/\/onlinelotto365.com\/sk\/wp-json\/wp\/v2\/pages\/80942","targetHints":{"allow":["GET"]}}],"collection":[{"href":"https:\/\/onlinelotto365.com\/sk\/wp-json\/wp\/v2\/pages"}],"about":[{"href":"https:\/\/onlinelotto365.com\/sk\/wp-json\/wp\/v2\/types\/page"}],"author":[{"embeddable":true,"href":"https:\/\/onlinelotto365.com\/sk\/wp-json\/wp\/v2\/users\/1"}],"replies":[{"embeddable":true,"href":"https:\/\/onlinelotto365.com\/sk\/wp-json\/wp\/v2\/comments?post=80942"}],"version-history":[{"count":0,"href":"https:\/\/onlinelotto365.com\/sk\/wp-json\/wp\/v2\/pages\/80942\/revisions"}],"up":[{"embeddable":true,"href":"https:\/\/onlinelotto365.com\/sk\/wp-json\/wp\/v2\/pages\/5864"}],"wp:attachment":[{"href":"https:\/\/onlinelotto365.com\/sk\/wp-json\/wp\/v2\/media?parent=80942"}],"curies":[{"name":"wp","href":"https:\/\/api.w.org\/{rel}","templated":true}]}}