{"id":80972,"date":"2022-11-25T09:10:13","date_gmt":"2022-11-25T08:10:13","guid":{"rendered":"https:\/\/onlinelotto365.com\/?page_id=80972"},"modified":"2022-11-25T09:10:13","modified_gmt":"2022-11-25T08:10:13","slug":"saturday-lotto-australia","status":"publish","type":"page","link":"https:\/\/onlinelotto365.com\/sk\/vyherne-cisla\/saturday-lotto-australia\/","title":{"rendered":"Skontrolujte v\u00ed\u0165azn\u00e9 \u010d\u00edsla a sumy pre sobotu Lotto Austr\u00e1lia"},"content":{"rendered":"<p>Na na\u0161ej webovej str\u00e1nke je k dispoz\u00edcii mno\u017estvo r\u00f4znych medzin\u00e1rodn\u00fdch hier a my vieme, \u017ee chcete ma\u0165 mo\u017enos\u0165 z\u00edska\u0165 v\u00fdhern\u00e9 \u010d\u00edsla \u010do najr\u00fdchlej\u0161ie. Noviny vo v\u0161eobecnosti nie s\u00fa dobr\u00fdm miestom na n\u00e1jdenie v\u00fdhern\u00fdch \u010d\u00edsel pre sobotn\u00e9 Lotto Austr\u00e1lia. Takisto nie je ve\u013emi dobr\u00e9 pozera\u0165 sa na telev\u00edzne kan\u00e1ly a d\u00fafa\u0165, \u017ee n\u00e1jdete tie spr\u00e1vne pre t\u00fato hru. Kam sa teda obr\u00e1ti\u0165, aby ste z\u00edskali v\u00fdsledky?<br \/>\n<a href=\"https:\/\/redfoxlotto.com\/play\/saturday-lotto-au\/?ref=a8564250a2&amp;medium=ol365\" target=\"_blank\" rel=\"noopener noreferrer\"><img decoding=\"async\" class=\"aligncenter\" src=\"https:\/\/redfoxlotto.com\/image?size=8&amp;lottery=saturday-lotto-au\" alt=\"Sobota Lotto Austr\u00e1lia\" \/><\/a><br \/>\nJedn\u00fdm z miest, kde sa m\u00f4\u017eete pozrie\u0165, je webov\u00e1 str\u00e1nka lot\u00e9rie. Niektor\u00e9 lot\u00e9riov\u00e9 hry pon\u00fakaj\u00fa priame prenosy svojich \u017erebovan\u00ed, ale Saturday Lotto Australia medzi ne patri\u0165 nemus\u00ed. Pre istotu si mus\u00edte pozrie\u0165 webov\u00fa str\u00e1nku a potom sa mus\u00edte uisti\u0165, \u017ee sledujete v spr\u00e1vnom \u010dase, ak pon\u00fakaj\u00fa \u017erebovanie na\u017eivo.<br \/>\nNapokon, ak u\u017e \u017erebovanie prebehlo, m\u00f4\u017eete si na YouTube vyh\u013eada\u0165 v\u00fdsledky, ktor\u00e9 u\u017e niekto zverejnil. Mo\u017eno maj\u00fa k dispoz\u00edcii video z losovania na\u017eivo, ktor\u00e9 si m\u00f4\u017eete pusti\u0165.<\/p>\n<p>Najjednoduch\u0161\u00ed sp\u00f4sob, ako z\u00edska\u0165 v\u00fdsledky, ktor\u00e9 h\u013ead\u00e1te, je v\u0161ak vr\u00e1ti\u0165 sa priamo na na\u0161u webov\u00fa str\u00e1nku. Pr\u00e1ve tam n\u00e1jdete v\u0161etky \u010d\u00edsla pre sobot\u0148aj\u0161ie Lotto Australia, ako aj v\u0161etky ostatn\u00e9 hry, ktor\u00e9 chcete hra\u0165. \u010c\u00edsla s\u00fa k dispoz\u00edcii na na\u0161ej str\u00e1nke s v\u00fdsledkami lot\u00e9rie a \u013eahko ich n\u00e1jdete.<\/p>\n<h2>Ako zisti\u0165, \u010di v\u00e1\u0161 online tiket vyhral<\/h2>\n<p>Ka\u017ed\u00fd, kto si u\u017e k\u00fapil tikety na Saturday Lotto Australia na na\u0161ej webovej str\u00e1nke, to bude ma\u0165 e\u0161te jednoduch\u0161ie, preto\u017ee sta\u010d\u00ed vojs\u0165 do svojho \u00fa\u010dtu. Prihl\u00e1ste sa a pozrite si str\u00e1nku, na ktorej s\u00fa ulo\u017een\u00e9 va\u0161e tikety. N\u00e1jdete tam nielen \u010d\u00edsla svojich tiketov, ale aj v\u00fdhern\u00e9 \u010d\u00edsla v\u0161etk\u00fdch hier, ktor\u00e9 ste hrali.<\/p>\n<p>Odtia\u013e m\u00f4\u017eete h\u013eada\u0165 zhody, ktor\u00e9 v\u00e1m ozna\u010d\u00edme r\u00f4znymi farbami. Takto uvid\u00edte, ko\u013eko ste vyhrali, a budete ma\u0165 preh\u013ead o tom, kde sa peniaze na va\u0161om \u00fa\u010dte nach\u00e1dzaj\u00fa. Ak je to menej ako 2500 EUR, u\u017e ich za v\u00e1s priamo vlo\u017e\u00edme na \u00fa\u010det, tak\u017ee nemus\u00edte ni\u010d robi\u0165.<\/p>\n<h2>Arch\u00edv v\u00fdsledkov Saturday Lotto Australia<\/h2>\n<p>Pre t\u00fdch, ktor\u00ed si chc\u00fa pozrie\u0165 star\u0161ie \u010d\u00edsla pre Saturday Lotto Australia, sa nemus\u00edte o ni\u010d stara\u0165. Postar\u00e1me sa o to, aby ste arch\u00edv \u013eahko na\u0161li, a to tak, \u017ee ho pripoj\u00edme ku ka\u017edej str\u00e1nke, na ktorej zobrazujeme aktu\u00e1lne v\u00fdsledky lotta. Takto si m\u00f4\u017eete skontrolova\u0165 \u013eubovo\u013en\u00e9 \u010d\u00edsla, ktor\u00e9 chcete, dokonca aj z d\u00e1vnej minulosti.<\/p>\n<h2>M\u00f4j tiket vyhral, \u010do bude nasledova\u0165?<\/h2>\n<p><img loading=\"lazy\" decoding=\"async\" class=\"alignright wp-image-3649\" src=\"https:\/\/onlinelotto365.com\/wp-content\/uploads\/2020\/11\/online_lottery-90-300x225.jpg\" alt=\"V\u00ed\u0165azn\u00e9 \u010d\u00edsla sobota lotto austr\u00e1lia\" width=\"207\" height=\"155\" srcset=\"https:\/\/onlinelotto365.com\/wp-content\/uploads\/2020\/11\/online_lottery-90-300x225.jpg 300w, https:\/\/onlinelotto365.com\/wp-content\/uploads\/2020\/11\/online_lottery-90.jpg 320w\" sizes=\"auto, (max-width: 207px) 100vw, 207px\" \/><br \/>\nU\u017e sme hovorili o v\u00fdhre, ktor\u00fa m\u00f4\u017eete z\u00edska\u0165 z va\u0161ich \u017erebov. Ak s\u00fa tieto v\u00fdhry ni\u017e\u0161ie ako 2500 EUR, nemus\u00edte pre ich z\u00edskanie ni\u010d robi\u0165. Peniaze v\u00e1m ihne\u010f prip\u00ed\u0161eme na v\u00e1\u0161 hr\u00e1\u010dsky \u00fa\u010det. Ak s\u00fa v\u00fdhry vy\u0161\u0161ie ako 2500 \u20ac, pom\u00f4\u017eeme v\u00e1m s procesom ich n\u00e1roku.<\/p>\n<p>Nezab\u00fadajte tie\u017e, \u017ee si m\u00f4\u017eete vybra\u0165 ak\u00e9ko\u013evek peniaze na svojom \u00fa\u010dte, pokia\u013e je na \u0148om aspo\u0148 10 \u20ac. Sta\u010d\u00ed, ak si vyberiete platobn\u00fa met\u00f3du, ktor\u00fa ste u\u017e na \u00fa\u010dte pou\u017eili, a vypln\u00edte nieko\u013eko overovac\u00edch formul\u00e1rov pre n\u00e1\u0161ho spracovate\u013ea platieb.<\/p>\n","protected":false},"excerpt":{"rendered":"<p>Na na\u0161ej webovej str\u00e1nke je k dispoz\u00edcii mno\u017estvo r\u00f4znych medzin\u00e1rodn\u00fdch hier a my vieme, \u017ee chcete ma\u0165 mo\u017enos\u0165 z\u00edska\u0165 v\u00fdhern\u00e9 \u010d\u00edsla \u010do najr\u00fdchlej\u0161ie. Noviny vo v\u0161eobecnosti nie s\u00fa dobr\u00fdm miestom na n\u00e1jdenie v\u00fdhern\u00fdch \u010d\u00edsel pre sobotn\u00e9 Lotto Austr\u00e1lia. Takisto nie je ve\u013emi dobr\u00e9 pozera\u0165 sa na telev\u00edzne kan\u00e1ly a d\u00fafa\u0165, \u017ee n\u00e1jdete tie spr\u00e1vne pre [&hellip;]<\/p>\n","protected":false},"author":1,"featured_media":0,"parent":5864,"menu_order":15,"comment_status":"closed","ping_status":"closed","template":"saturday-lotto-results.php","meta":{"_et_pb_use_builder":"","_et_pb_old_content":"","_et_gb_content_width":"","exclude_from_search":false,"footnotes":""},"class_list":["post-80972","page","type-page","status-publish","hentry"],"yoast_head":"<!-- This site is optimized with the Yoast SEO plugin v23.4 - https:\/\/yoast.com\/wordpress\/plugins\/seo\/ -->\n<title>Skontrolujte v\u00ed\u0165azn\u00e9 \u010d\u00edsla a sumy pre sobotu Lotto Austr\u00e1lia<\/title>\n<meta name=\"description\" content=\"V\u00fdsledky \u010derpania, v\u00fdhern\u00e9 \u010d\u00edsla Saturday lotto Austr\u00e1lia, plus arch\u00edv v\u00fdsledkov\" \/>\n<meta name=\"robots\" content=\"index, follow, max-snippet:-1, max-image-preview:large, max-video-preview:-1\" \/>\n<link rel=\"canonical\" href=\"https:\/\/onlinelotto365.com\/sk\/vyherne-cisla\/saturday-lotto-australia\/\" \/>\n<meta property=\"og:locale\" content=\"sk_SK\" \/>\n<meta property=\"og:type\" content=\"article\" \/>\n<meta property=\"og:title\" content=\"Skontrolujte v\u00ed\u0165azn\u00e9 \u010d\u00edsla a sumy pre sobotu Lotto Austr\u00e1lia\" \/>\n<meta property=\"og:description\" content=\"V\u00fdsledky \u010derpania, v\u00fdhern\u00e9 \u010d\u00edsla Saturday lotto Austr\u00e1lia, plus arch\u00edv v\u00fdsledkov\" \/>\n<meta property=\"og:url\" content=\"https:\/\/onlinelotto365.com\/sk\/vyherne-cisla\/saturday-lotto-australia\/\" \/>\n<meta property=\"og:site_name\" content=\"OnlineLotto365\" \/>\n<meta property=\"og:image\" content=\"https:\/\/redfoxlotto.com\/image?size=8&amp;lottery=saturday-lotto-au\" \/>\n<meta name=\"twitter:card\" content=\"summary_large_image\" \/>\n<meta name=\"twitter:label1\" content=\"Predpokladan\u00fd \u010das \u010d\u00edtania\" \/>\n\t<meta name=\"twitter:data1\" content=\"2 min\u00faty\" \/>\n<script type=\"application\/ld+json\" class=\"yoast-schema-graph\">{\"@context\":\"https:\/\/schema.org\",\"@graph\":[{\"@type\":\"WebPage\",\"@id\":\"https:\/\/onlinelotto365.com\/sk\/vyherne-cisla\/saturday-lotto-australia\/\",\"url\":\"https:\/\/onlinelotto365.com\/sk\/vyherne-cisla\/saturday-lotto-australia\/\",\"name\":\"Skontrolujte v\u00ed\u0165azn\u00e9 \u010d\u00edsla a sumy pre sobotu Lotto Austr\u00e1lia\",\"isPartOf\":{\"@id\":\"https:\/\/onlinelotto365.com\/sk\/#website\"},\"primaryImageOfPage\":{\"@id\":\"https:\/\/onlinelotto365.com\/sk\/vyherne-cisla\/saturday-lotto-australia\/#primaryimage\"},\"image\":{\"@id\":\"https:\/\/onlinelotto365.com\/sk\/vyherne-cisla\/saturday-lotto-australia\/#primaryimage\"},\"thumbnailUrl\":\"https:\/\/redfoxlotto.com\/image?size=8&amp;lottery=saturday-lotto-au\",\"datePublished\":\"2022-11-25T08:10:13+00:00\",\"dateModified\":\"2022-11-25T08:10:13+00:00\",\"description\":\"V\u00fdsledky \u010derpania, v\u00fdhern\u00e9 \u010d\u00edsla Saturday lotto Austr\u00e1lia, plus arch\u00edv v\u00fdsledkov\",\"breadcrumb\":{\"@id\":\"https:\/\/onlinelotto365.com\/sk\/vyherne-cisla\/saturday-lotto-australia\/#breadcrumb\"},\"inLanguage\":\"sk-SK\",\"potentialAction\":[{\"@type\":\"ReadAction\",\"target\":[\"https:\/\/onlinelotto365.com\/sk\/vyherne-cisla\/saturday-lotto-australia\/\"]}]},{\"@type\":\"ImageObject\",\"inLanguage\":\"sk-SK\",\"@id\":\"https:\/\/onlinelotto365.com\/sk\/vyherne-cisla\/saturday-lotto-australia\/#primaryimage\",\"url\":\"https:\/\/redfoxlotto.com\/image?size=8&amp;lottery=saturday-lotto-au\",\"contentUrl\":\"https:\/\/redfoxlotto.com\/image?size=8&amp;lottery=saturday-lotto-au\"},{\"@type\":\"BreadcrumbList\",\"@id\":\"https:\/\/onlinelotto365.com\/sk\/vyherne-cisla\/saturday-lotto-australia\/#breadcrumb\",\"itemListElement\":[{\"@type\":\"ListItem\",\"position\":1,\"name\":\"Home\",\"item\":\"https:\/\/onlinelotto365.com\/sk\/\"},{\"@type\":\"ListItem\",\"position\":2,\"name\":\"V\u00fdsledky lot\u00e9ri\u00ed\",\"item\":\"https:\/\/onlinelotto365.com\/sk\/vyherne-cisla\/\"},{\"@type\":\"ListItem\",\"position\":3,\"name\":\"Skontrolujte v\u00ed\u0165azn\u00e9 \u010d\u00edsla a sumy pre sobotu Lotto Austr\u00e1lia\"}]},{\"@type\":\"WebSite\",\"@id\":\"https:\/\/onlinelotto365.com\/sk\/#website\",\"url\":\"https:\/\/onlinelotto365.com\/sk\/\",\"name\":\"OnlineLotto365\",\"description\":\"\",\"potentialAction\":[{\"@type\":\"SearchAction\",\"target\":{\"@type\":\"EntryPoint\",\"urlTemplate\":\"https:\/\/onlinelotto365.com\/sk\/?s={search_term_string}\"},\"query-input\":{\"@type\":\"PropertyValueSpecification\",\"valueRequired\":true,\"valueName\":\"search_term_string\"}}],\"inLanguage\":\"sk-SK\"}]}<\/script>\n<!-- \/ Yoast SEO plugin. -->","yoast_head_json":{"title":"Skontrolujte v\u00ed\u0165azn\u00e9 \u010d\u00edsla a sumy pre sobotu Lotto Austr\u00e1lia","description":"V\u00fdsledky \u010derpania, v\u00fdhern\u00e9 \u010d\u00edsla Saturday lotto Austr\u00e1lia, plus arch\u00edv v\u00fdsledkov","robots":{"index":"index","follow":"follow","max-snippet":"max-snippet:-1","max-image-preview":"max-image-preview:large","max-video-preview":"max-video-preview:-1"},"canonical":"https:\/\/onlinelotto365.com\/sk\/vyherne-cisla\/saturday-lotto-australia\/","og_locale":"sk_SK","og_type":"article","og_title":"Skontrolujte v\u00ed\u0165azn\u00e9 \u010d\u00edsla a sumy pre sobotu Lotto Austr\u00e1lia","og_description":"V\u00fdsledky \u010derpania, v\u00fdhern\u00e9 \u010d\u00edsla Saturday lotto Austr\u00e1lia, plus arch\u00edv v\u00fdsledkov","og_url":"https:\/\/onlinelotto365.com\/sk\/vyherne-cisla\/saturday-lotto-australia\/","og_site_name":"OnlineLotto365","og_image":[{"url":"https:\/\/redfoxlotto.com\/image?size=8&amp;lottery=saturday-lotto-au"}],"twitter_card":"summary_large_image","twitter_misc":{"Predpokladan\u00fd \u010das \u010d\u00edtania":"2 min\u00faty"},"schema":{"@context":"https:\/\/schema.org","@graph":[{"@type":"WebPage","@id":"https:\/\/onlinelotto365.com\/sk\/vyherne-cisla\/saturday-lotto-australia\/","url":"https:\/\/onlinelotto365.com\/sk\/vyherne-cisla\/saturday-lotto-australia\/","name":"Skontrolujte v\u00ed\u0165azn\u00e9 \u010d\u00edsla a sumy pre sobotu Lotto Austr\u00e1lia","isPartOf":{"@id":"https:\/\/onlinelotto365.com\/sk\/#website"},"primaryImageOfPage":{"@id":"https:\/\/onlinelotto365.com\/sk\/vyherne-cisla\/saturday-lotto-australia\/#primaryimage"},"image":{"@id":"https:\/\/onlinelotto365.com\/sk\/vyherne-cisla\/saturday-lotto-australia\/#primaryimage"},"thumbnailUrl":"https:\/\/redfoxlotto.com\/image?size=8&amp;lottery=saturday-lotto-au","datePublished":"2022-11-25T08:10:13+00:00","dateModified":"2022-11-25T08:10:13+00:00","description":"V\u00fdsledky \u010derpania, v\u00fdhern\u00e9 \u010d\u00edsla Saturday lotto Austr\u00e1lia, plus arch\u00edv v\u00fdsledkov","breadcrumb":{"@id":"https:\/\/onlinelotto365.com\/sk\/vyherne-cisla\/saturday-lotto-australia\/#breadcrumb"},"inLanguage":"sk-SK","potentialAction":[{"@type":"ReadAction","target":["https:\/\/onlinelotto365.com\/sk\/vyherne-cisla\/saturday-lotto-australia\/"]}]},{"@type":"ImageObject","inLanguage":"sk-SK","@id":"https:\/\/onlinelotto365.com\/sk\/vyherne-cisla\/saturday-lotto-australia\/#primaryimage","url":"https:\/\/redfoxlotto.com\/image?size=8&amp;lottery=saturday-lotto-au","contentUrl":"https:\/\/redfoxlotto.com\/image?size=8&amp;lottery=saturday-lotto-au"},{"@type":"BreadcrumbList","@id":"https:\/\/onlinelotto365.com\/sk\/vyherne-cisla\/saturday-lotto-australia\/#breadcrumb","itemListElement":[{"@type":"ListItem","position":1,"name":"Home","item":"https:\/\/onlinelotto365.com\/sk\/"},{"@type":"ListItem","position":2,"name":"V\u00fdsledky lot\u00e9ri\u00ed","item":"https:\/\/onlinelotto365.com\/sk\/vyherne-cisla\/"},{"@type":"ListItem","position":3,"name":"Skontrolujte v\u00ed\u0165azn\u00e9 \u010d\u00edsla a sumy pre sobotu Lotto Austr\u00e1lia"}]},{"@type":"WebSite","@id":"https:\/\/onlinelotto365.com\/sk\/#website","url":"https:\/\/onlinelotto365.com\/sk\/","name":"OnlineLotto365","description":"","potentialAction":[{"@type":"SearchAction","target":{"@type":"EntryPoint","urlTemplate":"https:\/\/onlinelotto365.com\/sk\/?s={search_term_string}"},"query-input":{"@type":"PropertyValueSpecification","valueRequired":true,"valueName":"search_term_string"}}],"inLanguage":"sk-SK"}]}},"_links":{"self":[{"href":"https:\/\/onlinelotto365.com\/sk\/wp-json\/wp\/v2\/pages\/80972","targetHints":{"allow":["GET"]}}],"collection":[{"href":"https:\/\/onlinelotto365.com\/sk\/wp-json\/wp\/v2\/pages"}],"about":[{"href":"https:\/\/onlinelotto365.com\/sk\/wp-json\/wp\/v2\/types\/page"}],"author":[{"embeddable":true,"href":"https:\/\/onlinelotto365.com\/sk\/wp-json\/wp\/v2\/users\/1"}],"replies":[{"embeddable":true,"href":"https:\/\/onlinelotto365.com\/sk\/wp-json\/wp\/v2\/comments?post=80972"}],"version-history":[{"count":0,"href":"https:\/\/onlinelotto365.com\/sk\/wp-json\/wp\/v2\/pages\/80972\/revisions"}],"up":[{"embeddable":true,"href":"https:\/\/onlinelotto365.com\/sk\/wp-json\/wp\/v2\/pages\/5864"}],"wp:attachment":[{"href":"https:\/\/onlinelotto365.com\/sk\/wp-json\/wp\/v2\/media?parent=80972"}],"curies":[{"name":"wp","href":"https:\/\/api.w.org\/{rel}","templated":true}]}}