{"id":81006,"date":"2022-11-25T10:15:21","date_gmt":"2022-11-25T09:15:21","guid":{"rendered":"https:\/\/onlinelotto365.com\/?page_id=81006"},"modified":"2022-11-25T10:15:21","modified_gmt":"2022-11-25T09:15:21","slug":"po-streda-lotto","status":"publish","type":"page","link":"https:\/\/onlinelotto365.com\/sk\/vyherne-cisla\/po-streda-lotto\/","title":{"rendered":"V\u0161etky v\u00fdsledky Mon &#038; Wed Lotto Austr\u00e1lia"},"content":{"rendered":"<p>V lot\u00e9rii m\u00f4\u017eete hra\u0165 mno\u017estvo r\u00f4znych medzin\u00e1rodn\u00fdch hier. A vy chcete ma\u0165 mo\u017enos\u0165 z\u00edska\u0165 ich v\u00fdsledky \u010do najr\u00fdchlej\u0161ie. Jedn\u00fdm zo sp\u00f4sobov, ako to urobi\u0165, je vyh\u013eada\u0165 noviny, ktor\u00e9 pon\u00fakaj\u00fa pondelok a stredu Lotto Austr\u00e1lia v\u00ed\u0165azn\u00e9 \u010d\u00edsla. Tie v\u0161ak m\u00f4\u017ee by\u0165 \u0165a\u017ek\u00e9 n\u00e1js\u0165. \u010eal\u0161ou mo\u017enos\u0165ou je telev\u00edzia, ale aj tieto kan\u00e1ly m\u00f4\u017eu by\u0165 \u0165a\u017ek\u00e9. \u010co teda robi\u0165, ak sa v\u00e1m nechce robi\u0165 ve\u013ek\u00fd prieskum?<br \/>\n<a href=\"https:\/\/redfoxlotto.com\/play\/monday-wednesday-lotto-au\/?ref=a8564250a2&amp;medium=ol365\" target=\"_blank\" rel=\"noopener noreferrer\"><img decoding=\"async\" class=\"aligncenter\" src=\"https:\/\/redfoxlotto.com\/image?size=8&amp;lottery=monday-wednesday-lotto-au\" alt=\"Mon &amp;amp; Wed Lotto Austr\u00e1lia\" \/><\/a><\/p>\n<p>Pozrite sa na webov\u00fa str\u00e1nku Mon &amp; Wed Lotto Australia a zistite, \u010di pon\u00faka \u017erebovania na\u017eivo. \u017div\u00e9 \u017erebovania akejko\u013evek hry m\u00f4\u017eu by\u0165 ve\u013emi z\u00e1bavn\u00e9, preto\u017ee v\u00e1m po\u010das sledovania poskytn\u00fa mno\u017estvo okam\u017eit\u00e9ho vzru\u0161enia. Nie ka\u017ed\u00e1 hra v\u0161ak pon\u00faka tieto typy \u017erebovan\u00ed. Museli by ste sa uisti\u0165, \u017ee Mon &amp; Wed Lotto je jednou z t\u00fdch, ktor\u00e9 ich maj\u00fa k dispoz\u00edcii.<\/p>\n<p>\u010ealej sa m\u00f4\u017eete rozhodn\u00fa\u0165 skontrolova\u0165 YouTube a zisti\u0165, \u010di sa tam daj\u00fa n\u00e1js\u0165 v\u00fdsledky. Mo\u017eno budete prekvapen\u00ed, ako niektor\u00ed \u013eudia zverej\u0148uj\u00fa v\u00fdsledky \u017erebovan\u00ed alebo dokonca \u017eiv\u00e9 vide\u00e1 \u017erebovan\u00ed takmer ka\u017edej hry.<\/p>\n<p>Z\u010faleka najjednoduch\u0161ou mo\u017enos\u0165ou pre v\u00e1s v\u0161ak bude pozrie\u0165 sa na na\u0161u webov\u00fa str\u00e1nku. Na na\u0161ej webovej str\u00e1nke pon\u00fakame v\u0161etky v\u00fdhern\u00e9 \u010d\u00edsla a v\u00fdhern\u00e9 sumy pre ka\u017ed\u00fa hru, ktor\u00fa si m\u00f4\u017eete k\u00fapi\u0165. V\u010faka tomu je pre v\u00e1s ove\u013ea jednoduch\u0161ie z\u00edska\u0165 v\u00fdsledky na jednom mieste a tak r\u00fdchlo, ako chcete.<\/p>\n<h2>Ako zisti\u0165, \u010di v\u00e1\u0161 online tiket vyhral<\/h2>\n<p>E\u0161te lep\u0161ou spr\u00e1vou je, \u017ee ak ste si u n\u00e1s k\u00fapili tiket na Mon &amp; Wed Lotto Australia, m\u00f4\u017eete prejs\u0165 priamo do svojho hr\u00e1\u010dskeho \u00fa\u010dtu a z\u00edska\u0165 v\u00fdsledky. N\u00e1jdete tam tikety, ktor\u00e9 ste si zak\u00fapili, ako aj v\u00fdhern\u00e9 \u010d\u00edsla v\u0161etk\u00fdch hier, ktor\u00e9 ste si vybrali.<\/p>\n<p>Budete si m\u00f4c\u0165 pozrie\u0165 \u010d\u00edsla, ktor\u00e9 ste si vybrali a ktor\u00e9 sa zhoduj\u00fa s vy\u017erebovan\u00fdmi \u010d\u00edslami, a v\u0161etky peniaze, ktor\u00e9 ste vyhrali a ktor\u00e9 s\u00fa ni\u017e\u0161ie ako 2500 EUR, bud\u00fa automaticky prip\u00edsan\u00e9 na va\u0161e konto. \u010co m\u00f4\u017ee by\u0165 jednoduch\u0161ie ako toto?<\/p>\n<h2>Mon &amp; Wed Lotto Australia arch\u00edv v\u00fdsledkov<\/h2>\n<p>Na ktorejko\u013evek str\u00e1nke na\u0161ej webovej str\u00e1nky, na ktorej sa zobrazuj\u00fa najnov\u0161ie v\u00fdsledky Mon &amp; Wed Lotto Australia, sa zobrazia aj star\u0161ie \u010d\u00edsla, ktor\u00e9 si mo\u017eno budete chcie\u0165 pozrie\u0165. Tie v\u00e1m m\u00f4\u017eu pom\u00f4c\u0165 pri v\u00fdbere \u010d\u00edsel, ktor\u00e9 chcete hra\u0165 pri \u010fal\u0161ej k\u00fape tiketu.<\/p>\n<h2>M\u00f4j tiket vyhral, \u010do bude nasledova\u0165?<\/h2>\n<p><img loading=\"lazy\" decoding=\"async\" class=\"alignright wp-image-3542\" src=\"https:\/\/onlinelotto365.com\/wp-content\/uploads\/2020\/11\/online_lottery-154-300x200.jpg\" alt=\"Mon &amp;; Wed Lotto v\u00fdhern\u00e9 \u010d\u00edsla\" width=\"197\" height=\"131\" srcset=\"https:\/\/onlinelotto365.com\/wp-content\/uploads\/2020\/11\/online_lottery-154-300x200.jpg 300w, https:\/\/onlinelotto365.com\/wp-content\/uploads\/2020\/11\/online_lottery-154.jpg 320w\" sizes=\"auto, (max-width: 197px) 100vw, 197px\" \/><br \/>\nAk ste na svojom tikete vyhrali, sta\u010d\u00ed sa pozrie\u0165 na to, na ak\u00fa sumu m\u00e1te n\u00e1rok. Ak je to menej ako 2500 \u20ac, postar\u00e1me sa o to, aby ste ju \u010do najsk\u00f4r dostali potvrden\u00fa a na svoj \u00fa\u010det. Potom, ak m\u00e1te na \u00fa\u010dte aspo\u0148 10 \u20ac, m\u00f4\u017eete si ich vybra\u0165 na \u013eubovo\u013en\u00fa platobn\u00fa met\u00f3du, ktor\u00fa ste predt\u00fdm pou\u017eili pri svojom \u00fa\u010dte. Sta\u010d\u00ed sa postara\u0165 o nieko\u013eko dokumentov, v\u010faka ktor\u00fdm n\u00e1\u0161 spracovate\u013e platieb zist\u00ed, kto ste a \u017ee m\u00e1te na peniaze n\u00e1rok. Ak m\u00e1te menej ako 10 \u20ac alebo sa rozhodnete peniaze ponecha\u0165 na \u00fa\u010dte, m\u00f4\u017eete ich pou\u017ei\u0165 na n\u00e1kup \u010fal\u0161\u00edch vstupeniek.<\/p>\n","protected":false},"excerpt":{"rendered":"<p>V lot\u00e9rii m\u00f4\u017eete hra\u0165 mno\u017estvo r\u00f4znych medzin\u00e1rodn\u00fdch hier. A vy chcete ma\u0165 mo\u017enos\u0165 z\u00edska\u0165 ich v\u00fdsledky \u010do najr\u00fdchlej\u0161ie. Jedn\u00fdm zo sp\u00f4sobov, ako to urobi\u0165, je vyh\u013eada\u0165 noviny, ktor\u00e9 pon\u00fakaj\u00fa pondelok a stredu Lotto Austr\u00e1lia v\u00ed\u0165azn\u00e9 \u010d\u00edsla. Tie v\u0161ak m\u00f4\u017ee by\u0165 \u0165a\u017ek\u00e9 n\u00e1js\u0165. \u010eal\u0161ou mo\u017enos\u0165ou je telev\u00edzia, ale aj tieto kan\u00e1ly m\u00f4\u017eu by\u0165 \u0165a\u017ek\u00e9. \u010co teda [&hellip;]<\/p>\n","protected":false},"author":1,"featured_media":0,"parent":5864,"menu_order":16,"comment_status":"closed","ping_status":"closed","template":"template-rightsidebar.php","meta":{"_et_pb_use_builder":"","_et_pb_old_content":"","_et_gb_content_width":"","exclude_from_search":false,"footnotes":""},"class_list":["post-81006","page","type-page","status-publish","hentry"],"yoast_head":"<!-- This site is optimized with the Yoast SEO plugin v23.4 - https:\/\/yoast.com\/wordpress\/plugins\/seo\/ -->\n<title>Mon &amp; Wed Lotto Austr\u00e1lia v\u00ed\u0165azn\u00e9 \u010d\u00edsla<\/title>\n<meta name=\"description\" content=\"Na\u0161a str\u00e1nka v\u00e1m prin\u00e1\u0161a najnov\u0161ie v\u00fdhern\u00e9 \u010d\u00edsla a wo sumy pre Mon &amp; Wed lotto\" \/>\n<meta name=\"robots\" content=\"index, follow, max-snippet:-1, max-image-preview:large, max-video-preview:-1\" \/>\n<link rel=\"canonical\" href=\"https:\/\/onlinelotto365.com\/sk\/vyherne-cisla\/po-streda-lotto\/\" \/>\n<meta property=\"og:locale\" content=\"sk_SK\" \/>\n<meta property=\"og:type\" content=\"article\" \/>\n<meta property=\"og:title\" content=\"Mon &amp; Wed Lotto Austr\u00e1lia v\u00ed\u0165azn\u00e9 \u010d\u00edsla\" \/>\n<meta property=\"og:description\" content=\"Na\u0161a str\u00e1nka v\u00e1m prin\u00e1\u0161a najnov\u0161ie v\u00fdhern\u00e9 \u010d\u00edsla a wo sumy pre Mon &amp; Wed lotto\" \/>\n<meta property=\"og:url\" content=\"https:\/\/onlinelotto365.com\/sk\/vyherne-cisla\/po-streda-lotto\/\" \/>\n<meta property=\"og:site_name\" content=\"OnlineLotto365\" \/>\n<meta property=\"og:image\" content=\"https:\/\/redfoxlotto.com\/image?size=8&amp;lottery=monday-wednesday-lotto-au\" \/>\n<meta name=\"twitter:card\" content=\"summary_large_image\" \/>\n<meta name=\"twitter:label1\" content=\"Predpokladan\u00fd \u010das \u010d\u00edtania\" \/>\n\t<meta name=\"twitter:data1\" content=\"3 min\u00faty\" \/>\n<script type=\"application\/ld+json\" class=\"yoast-schema-graph\">{\"@context\":\"https:\/\/schema.org\",\"@graph\":[{\"@type\":\"WebPage\",\"@id\":\"https:\/\/onlinelotto365.com\/sk\/vyherne-cisla\/po-streda-lotto\/\",\"url\":\"https:\/\/onlinelotto365.com\/sk\/vyherne-cisla\/po-streda-lotto\/\",\"name\":\"Mon & Wed Lotto Austr\u00e1lia v\u00ed\u0165azn\u00e9 \u010d\u00edsla\",\"isPartOf\":{\"@id\":\"https:\/\/onlinelotto365.com\/sk\/#website\"},\"primaryImageOfPage\":{\"@id\":\"https:\/\/onlinelotto365.com\/sk\/vyherne-cisla\/po-streda-lotto\/#primaryimage\"},\"image\":{\"@id\":\"https:\/\/onlinelotto365.com\/sk\/vyherne-cisla\/po-streda-lotto\/#primaryimage\"},\"thumbnailUrl\":\"https:\/\/redfoxlotto.com\/image?size=8&amp;lottery=monday-wednesday-lotto-au\",\"datePublished\":\"2022-11-25T09:15:21+00:00\",\"dateModified\":\"2022-11-25T09:15:21+00:00\",\"description\":\"Na\u0161a str\u00e1nka v\u00e1m prin\u00e1\u0161a najnov\u0161ie v\u00fdhern\u00e9 \u010d\u00edsla a wo sumy pre Mon & Wed lotto\",\"breadcrumb\":{\"@id\":\"https:\/\/onlinelotto365.com\/sk\/vyherne-cisla\/po-streda-lotto\/#breadcrumb\"},\"inLanguage\":\"sk-SK\",\"potentialAction\":[{\"@type\":\"ReadAction\",\"target\":[\"https:\/\/onlinelotto365.com\/sk\/vyherne-cisla\/po-streda-lotto\/\"]}]},{\"@type\":\"ImageObject\",\"inLanguage\":\"sk-SK\",\"@id\":\"https:\/\/onlinelotto365.com\/sk\/vyherne-cisla\/po-streda-lotto\/#primaryimage\",\"url\":\"https:\/\/redfoxlotto.com\/image?size=8&amp;lottery=monday-wednesday-lotto-au\",\"contentUrl\":\"https:\/\/redfoxlotto.com\/image?size=8&amp;lottery=monday-wednesday-lotto-au\"},{\"@type\":\"BreadcrumbList\",\"@id\":\"https:\/\/onlinelotto365.com\/sk\/vyherne-cisla\/po-streda-lotto\/#breadcrumb\",\"itemListElement\":[{\"@type\":\"ListItem\",\"position\":1,\"name\":\"Home\",\"item\":\"https:\/\/onlinelotto365.com\/sk\/\"},{\"@type\":\"ListItem\",\"position\":2,\"name\":\"V\u00fdsledky lot\u00e9ri\u00ed\",\"item\":\"https:\/\/onlinelotto365.com\/sk\/vyherne-cisla\/\"},{\"@type\":\"ListItem\",\"position\":3,\"name\":\"V\u0161etky v\u00fdsledky Mon &#038; Wed Lotto Austr\u00e1lia\"}]},{\"@type\":\"WebSite\",\"@id\":\"https:\/\/onlinelotto365.com\/sk\/#website\",\"url\":\"https:\/\/onlinelotto365.com\/sk\/\",\"name\":\"OnlineLotto365\",\"description\":\"\",\"potentialAction\":[{\"@type\":\"SearchAction\",\"target\":{\"@type\":\"EntryPoint\",\"urlTemplate\":\"https:\/\/onlinelotto365.com\/sk\/?s={search_term_string}\"},\"query-input\":{\"@type\":\"PropertyValueSpecification\",\"valueRequired\":true,\"valueName\":\"search_term_string\"}}],\"inLanguage\":\"sk-SK\"}]}<\/script>\n<!-- \/ Yoast SEO plugin. -->","yoast_head_json":{"title":"Mon & Wed Lotto Austr\u00e1lia v\u00ed\u0165azn\u00e9 \u010d\u00edsla","description":"Na\u0161a str\u00e1nka v\u00e1m prin\u00e1\u0161a najnov\u0161ie v\u00fdhern\u00e9 \u010d\u00edsla a wo sumy pre Mon & Wed lotto","robots":{"index":"index","follow":"follow","max-snippet":"max-snippet:-1","max-image-preview":"max-image-preview:large","max-video-preview":"max-video-preview:-1"},"canonical":"https:\/\/onlinelotto365.com\/sk\/vyherne-cisla\/po-streda-lotto\/","og_locale":"sk_SK","og_type":"article","og_title":"Mon & Wed Lotto Austr\u00e1lia v\u00ed\u0165azn\u00e9 \u010d\u00edsla","og_description":"Na\u0161a str\u00e1nka v\u00e1m prin\u00e1\u0161a najnov\u0161ie v\u00fdhern\u00e9 \u010d\u00edsla a wo sumy pre Mon & Wed lotto","og_url":"https:\/\/onlinelotto365.com\/sk\/vyherne-cisla\/po-streda-lotto\/","og_site_name":"OnlineLotto365","og_image":[{"url":"https:\/\/redfoxlotto.com\/image?size=8&amp;lottery=monday-wednesday-lotto-au"}],"twitter_card":"summary_large_image","twitter_misc":{"Predpokladan\u00fd \u010das \u010d\u00edtania":"3 min\u00faty"},"schema":{"@context":"https:\/\/schema.org","@graph":[{"@type":"WebPage","@id":"https:\/\/onlinelotto365.com\/sk\/vyherne-cisla\/po-streda-lotto\/","url":"https:\/\/onlinelotto365.com\/sk\/vyherne-cisla\/po-streda-lotto\/","name":"Mon & Wed Lotto Austr\u00e1lia v\u00ed\u0165azn\u00e9 \u010d\u00edsla","isPartOf":{"@id":"https:\/\/onlinelotto365.com\/sk\/#website"},"primaryImageOfPage":{"@id":"https:\/\/onlinelotto365.com\/sk\/vyherne-cisla\/po-streda-lotto\/#primaryimage"},"image":{"@id":"https:\/\/onlinelotto365.com\/sk\/vyherne-cisla\/po-streda-lotto\/#primaryimage"},"thumbnailUrl":"https:\/\/redfoxlotto.com\/image?size=8&amp;lottery=monday-wednesday-lotto-au","datePublished":"2022-11-25T09:15:21+00:00","dateModified":"2022-11-25T09:15:21+00:00","description":"Na\u0161a str\u00e1nka v\u00e1m prin\u00e1\u0161a najnov\u0161ie v\u00fdhern\u00e9 \u010d\u00edsla a wo sumy pre Mon & Wed lotto","breadcrumb":{"@id":"https:\/\/onlinelotto365.com\/sk\/vyherne-cisla\/po-streda-lotto\/#breadcrumb"},"inLanguage":"sk-SK","potentialAction":[{"@type":"ReadAction","target":["https:\/\/onlinelotto365.com\/sk\/vyherne-cisla\/po-streda-lotto\/"]}]},{"@type":"ImageObject","inLanguage":"sk-SK","@id":"https:\/\/onlinelotto365.com\/sk\/vyherne-cisla\/po-streda-lotto\/#primaryimage","url":"https:\/\/redfoxlotto.com\/image?size=8&amp;lottery=monday-wednesday-lotto-au","contentUrl":"https:\/\/redfoxlotto.com\/image?size=8&amp;lottery=monday-wednesday-lotto-au"},{"@type":"BreadcrumbList","@id":"https:\/\/onlinelotto365.com\/sk\/vyherne-cisla\/po-streda-lotto\/#breadcrumb","itemListElement":[{"@type":"ListItem","position":1,"name":"Home","item":"https:\/\/onlinelotto365.com\/sk\/"},{"@type":"ListItem","position":2,"name":"V\u00fdsledky lot\u00e9ri\u00ed","item":"https:\/\/onlinelotto365.com\/sk\/vyherne-cisla\/"},{"@type":"ListItem","position":3,"name":"V\u0161etky v\u00fdsledky Mon &#038; Wed Lotto Austr\u00e1lia"}]},{"@type":"WebSite","@id":"https:\/\/onlinelotto365.com\/sk\/#website","url":"https:\/\/onlinelotto365.com\/sk\/","name":"OnlineLotto365","description":"","potentialAction":[{"@type":"SearchAction","target":{"@type":"EntryPoint","urlTemplate":"https:\/\/onlinelotto365.com\/sk\/?s={search_term_string}"},"query-input":{"@type":"PropertyValueSpecification","valueRequired":true,"valueName":"search_term_string"}}],"inLanguage":"sk-SK"}]}},"_links":{"self":[{"href":"https:\/\/onlinelotto365.com\/sk\/wp-json\/wp\/v2\/pages\/81006","targetHints":{"allow":["GET"]}}],"collection":[{"href":"https:\/\/onlinelotto365.com\/sk\/wp-json\/wp\/v2\/pages"}],"about":[{"href":"https:\/\/onlinelotto365.com\/sk\/wp-json\/wp\/v2\/types\/page"}],"author":[{"embeddable":true,"href":"https:\/\/onlinelotto365.com\/sk\/wp-json\/wp\/v2\/users\/1"}],"replies":[{"embeddable":true,"href":"https:\/\/onlinelotto365.com\/sk\/wp-json\/wp\/v2\/comments?post=81006"}],"version-history":[{"count":0,"href":"https:\/\/onlinelotto365.com\/sk\/wp-json\/wp\/v2\/pages\/81006\/revisions"}],"up":[{"embeddable":true,"href":"https:\/\/onlinelotto365.com\/sk\/wp-json\/wp\/v2\/pages\/5864"}],"wp:attachment":[{"href":"https:\/\/onlinelotto365.com\/sk\/wp-json\/wp\/v2\/media?parent=81006"}],"curies":[{"name":"wp","href":"https:\/\/api.w.org\/{rel}","templated":true}]}}