{"id":81060,"date":"2022-11-25T11:11:11","date_gmt":"2022-11-25T10:11:11","guid":{"rendered":"https:\/\/onlinelotto365.com\/?page_id=81060"},"modified":"2022-11-25T11:11:11","modified_gmt":"2022-11-25T10:11:11","slug":"impressum","status":"publish","type":"page","link":"https:\/\/onlinelotto365.com\/sk\/impressum\/","title":{"rendered":"Impressumum"},"content":{"rendered":"<p><strong>Spr\u00e1vca webovej str\u00e1nky<\/strong><\/p>\n<p>\u0160portov\u00fd cestovn\u00fd ruch E.I.R.L<\/p>\n<p>Carretera Principal, Bluefish Condos Apt. E-2, Perla Marina<\/p>\n<p>Sosua, Puerto Plata<br \/>\nPS\u010c 47000<\/p>\n<p>Dominik\u00e1nska republika<\/p>\n<p>&nbsp;<\/p>\n","protected":false},"excerpt":{"rendered":"<p>Spr\u00e1vca webovej str\u00e1nky \u0160portov\u00fd cestovn\u00fd ruch E.I.R.L Carretera Principal, Bluefish Condos Apt. E-2, Perla Marina Sosua, Puerto Plata PS\u010c 47000 Dominik\u00e1nska republika &nbsp;<\/p>\n","protected":false},"author":1,"featured_media":0,"parent":0,"menu_order":12,"comment_status":"closed","ping_status":"closed","template":"template-rightsidebar.php","meta":{"_et_pb_use_builder":"","_et_pb_old_content":"","_et_gb_content_width":"","exclude_from_search":false,"footnotes":""},"class_list":["post-81060","page","type-page","status-publish","hentry"],"yoast_head":"<!-- This site is optimized with the Yoast SEO plugin v23.4 - https:\/\/yoast.com\/wordpress\/plugins\/seo\/ -->\n<title>Impressumum - OnlineLotto365<\/title>\n<meta name=\"robots\" content=\"index, follow, max-snippet:-1, max-image-preview:large, max-video-preview:-1\" \/>\n<link rel=\"canonical\" href=\"https:\/\/onlinelotto365.com\/sk\/impressum\/\" \/>\n<meta property=\"og:locale\" content=\"sk_SK\" \/>\n<meta property=\"og:type\" content=\"article\" \/>\n<meta property=\"og:title\" content=\"Impressumum - OnlineLotto365\" \/>\n<meta property=\"og:description\" content=\"Spr\u00e1vca webovej str\u00e1nky \u0160portov\u00fd cestovn\u00fd ruch E.I.R.L Carretera Principal, Bluefish Condos Apt. E-2, Perla Marina Sosua, Puerto Plata PS\u010c 47000 Dominik\u00e1nska republika &nbsp;\" \/>\n<meta property=\"og:url\" content=\"https:\/\/onlinelotto365.com\/sk\/impressum\/\" \/>\n<meta property=\"og:site_name\" content=\"OnlineLotto365\" \/>\n<meta name=\"twitter:card\" content=\"summary_large_image\" \/>\n<meta name=\"twitter:label1\" content=\"Predpokladan\u00fd \u010das \u010d\u00edtania\" \/>\n\t<meta name=\"twitter:data1\" content=\"1 min\u00fata\" \/>\n<script type=\"application\/ld+json\" class=\"yoast-schema-graph\">{\"@context\":\"https:\/\/schema.org\",\"@graph\":[{\"@type\":\"WebPage\",\"@id\":\"https:\/\/onlinelotto365.com\/sk\/impressum\/\",\"url\":\"https:\/\/onlinelotto365.com\/sk\/impressum\/\",\"name\":\"Impressumum - OnlineLotto365\",\"isPartOf\":{\"@id\":\"https:\/\/onlinelotto365.com\/sk\/#website\"},\"datePublished\":\"2022-11-25T10:11:11+00:00\",\"dateModified\":\"2022-11-25T10:11:11+00:00\",\"breadcrumb\":{\"@id\":\"https:\/\/onlinelotto365.com\/sk\/impressum\/#breadcrumb\"},\"inLanguage\":\"sk-SK\",\"potentialAction\":[{\"@type\":\"ReadAction\",\"target\":[\"https:\/\/onlinelotto365.com\/sk\/impressum\/\"]}]},{\"@type\":\"BreadcrumbList\",\"@id\":\"https:\/\/onlinelotto365.com\/sk\/impressum\/#breadcrumb\",\"itemListElement\":[{\"@type\":\"ListItem\",\"position\":1,\"name\":\"Home\",\"item\":\"https:\/\/onlinelotto365.com\/sk\/\"},{\"@type\":\"ListItem\",\"position\":2,\"name\":\"Impressumum\"}]},{\"@type\":\"WebSite\",\"@id\":\"https:\/\/onlinelotto365.com\/sk\/#website\",\"url\":\"https:\/\/onlinelotto365.com\/sk\/\",\"name\":\"OnlineLotto365\",\"description\":\"\",\"potentialAction\":[{\"@type\":\"SearchAction\",\"target\":{\"@type\":\"EntryPoint\",\"urlTemplate\":\"https:\/\/onlinelotto365.com\/sk\/?s={search_term_string}\"},\"query-input\":{\"@type\":\"PropertyValueSpecification\",\"valueRequired\":true,\"valueName\":\"search_term_string\"}}],\"inLanguage\":\"sk-SK\"}]}<\/script>\n<!-- \/ Yoast SEO plugin. -->","yoast_head_json":{"title":"Impressumum - OnlineLotto365","robots":{"index":"index","follow":"follow","max-snippet":"max-snippet:-1","max-image-preview":"max-image-preview:large","max-video-preview":"max-video-preview:-1"},"canonical":"https:\/\/onlinelotto365.com\/sk\/impressum\/","og_locale":"sk_SK","og_type":"article","og_title":"Impressumum - OnlineLotto365","og_description":"Spr\u00e1vca webovej str\u00e1nky \u0160portov\u00fd cestovn\u00fd ruch E.I.R.L Carretera Principal, Bluefish Condos Apt. E-2, Perla Marina Sosua, Puerto Plata PS\u010c 47000 Dominik\u00e1nska republika &nbsp;","og_url":"https:\/\/onlinelotto365.com\/sk\/impressum\/","og_site_name":"OnlineLotto365","twitter_card":"summary_large_image","twitter_misc":{"Predpokladan\u00fd \u010das \u010d\u00edtania":"1 min\u00fata"},"schema":{"@context":"https:\/\/schema.org","@graph":[{"@type":"WebPage","@id":"https:\/\/onlinelotto365.com\/sk\/impressum\/","url":"https:\/\/onlinelotto365.com\/sk\/impressum\/","name":"Impressumum - OnlineLotto365","isPartOf":{"@id":"https:\/\/onlinelotto365.com\/sk\/#website"},"datePublished":"2022-11-25T10:11:11+00:00","dateModified":"2022-11-25T10:11:11+00:00","breadcrumb":{"@id":"https:\/\/onlinelotto365.com\/sk\/impressum\/#breadcrumb"},"inLanguage":"sk-SK","potentialAction":[{"@type":"ReadAction","target":["https:\/\/onlinelotto365.com\/sk\/impressum\/"]}]},{"@type":"BreadcrumbList","@id":"https:\/\/onlinelotto365.com\/sk\/impressum\/#breadcrumb","itemListElement":[{"@type":"ListItem","position":1,"name":"Home","item":"https:\/\/onlinelotto365.com\/sk\/"},{"@type":"ListItem","position":2,"name":"Impressumum"}]},{"@type":"WebSite","@id":"https:\/\/onlinelotto365.com\/sk\/#website","url":"https:\/\/onlinelotto365.com\/sk\/","name":"OnlineLotto365","description":"","potentialAction":[{"@type":"SearchAction","target":{"@type":"EntryPoint","urlTemplate":"https:\/\/onlinelotto365.com\/sk\/?s={search_term_string}"},"query-input":{"@type":"PropertyValueSpecification","valueRequired":true,"valueName":"search_term_string"}}],"inLanguage":"sk-SK"}]}},"_links":{"self":[{"href":"https:\/\/onlinelotto365.com\/sk\/wp-json\/wp\/v2\/pages\/81060","targetHints":{"allow":["GET"]}}],"collection":[{"href":"https:\/\/onlinelotto365.com\/sk\/wp-json\/wp\/v2\/pages"}],"about":[{"href":"https:\/\/onlinelotto365.com\/sk\/wp-json\/wp\/v2\/types\/page"}],"author":[{"embeddable":true,"href":"https:\/\/onlinelotto365.com\/sk\/wp-json\/wp\/v2\/users\/1"}],"replies":[{"embeddable":true,"href":"https:\/\/onlinelotto365.com\/sk\/wp-json\/wp\/v2\/comments?post=81060"}],"version-history":[{"count":0,"href":"https:\/\/onlinelotto365.com\/sk\/wp-json\/wp\/v2\/pages\/81060\/revisions"}],"wp:attachment":[{"href":"https:\/\/onlinelotto365.com\/sk\/wp-json\/wp\/v2\/media?parent=81060"}],"curies":[{"name":"wp","href":"https:\/\/api.w.org\/{rel}","templated":true}]}}