{"id":81173,"date":"2022-11-25T14:51:18","date_gmt":"2022-11-25T13:51:18","guid":{"rendered":"https:\/\/onlinelotto365.com\/?page_id=81173"},"modified":"2022-11-25T14:51:18","modified_gmt":"2022-11-25T13:51:18","slug":"vyherne-cisla","status":"publish","type":"page","link":"https:\/\/onlinelotto365.com\/sk\/vyherne-cisla\/vyherne-cisla\/","title":{"rendered":"Pozrite si v\u00fdhern\u00e9 \u010d\u00edsla Eurojackpotu tu"},"content":{"rendered":"<p>Na na\u0161ich webov\u00fdch str\u00e1nkach je k dispoz\u00edcii mnoho r\u00f4znych medzin\u00e1rodn\u00fdch lot\u00e9ri\u00ed, \u010do znamen\u00e1, \u017ee n\u00e1js\u0165 \u010d\u00edsla a v\u00fdsledky m\u00f4\u017ee by\u0165 pre niektor\u00fdch \u0165a\u017ek\u00e9. A pokia\u013e ide o vyh\u013ead\u00e1vanie \u010d\u00edsel inde, m\u00f4\u017ee to by\u0165 e\u0161te hor\u0161ie. V\u00fdsledky Eurojackpotu pravdepodobne nen\u00e1jdete v miestnych novin\u00e1ch a \u0165a\u017eko ich m\u00f4\u017eete n\u00e1js\u0165 aj v telev\u00edzii. Najm\u00e4 preto, \u017ee \u010dasto nie s\u00fa vysielan\u00e9 na\u017eivo.<br \/>\n<a href=\"https:\/\/redfoxlotto.com\/play\/eurojackpot\/?ref=a8564250a2&amp;medium=ol365\" target=\"_blank\" rel=\"noopener noreferrer\"><img decoding=\"async\" class=\"aligncenter\" src=\"https:\/\/redfoxlotto.com\/image?size=8&amp;lottery=eurojackpot\" alt=\"eurojackpot\" \/><\/a><br \/>\nM\u00f4\u017eete sa pozrie\u0165 aj na webov\u00fa str\u00e1nku lot\u00e9rie Eurojackpot, ktor\u00e1 v\u00e1m umo\u017en\u00ed pr\u00edstup k priamemu prenosu v\u00fdsledkov a \u017erebovania. To m\u00f4\u017ee by\u0165 ve\u013emi z\u00e1bavn\u00e9 a ove\u013ea r\u00fdchlej\u0161ie sa dozviete, \u010di ste vyhrali. Nie v\u017edy je to v\u0161ak mo\u017en\u00e9 a budete musie\u0165 ma\u0165 spr\u00e1vne na\u010dasovanie.<\/p>\n<p>Ak h\u013ead\u00e1te \u010d\u00edsla po \u017erebovan\u00ed, v\u017edy sa m\u00f4\u017eete pozrie\u0165 na YouTube a zisti\u0165, \u010di je \u017erebovanie dostupn\u00e9 alebo \u010di niekto nem\u00e1 video s v\u00fdhern\u00fdmi \u010d\u00edslami.<\/p>\n<p>Najjednoduch\u0161\u00ed sp\u00f4sob, ako n\u00e1js\u0165 v\u00fdhern\u00e9 \u010d\u00edsla, a dokonca si pozrie\u0165 v\u0161etky ceny a v\u00fdsledky, je nav\u0161t\u00edvi\u0165 na\u0161u webov\u00fa str\u00e1nku na str\u00e1nke s v\u00fdsledkami lot\u00e9rie na str\u00e1nke s v\u00fdsledkami lot\u00e9rie. Tam n\u00e1jdete v\u0161etky v\u00fdhern\u00e9 \u010d\u00edsla z Eurojackpotu a v\u0161etk\u00fdch ostatn\u00fdch hier, ktor\u00e9 pon\u00fakame.<\/p>\n<h2>Ako zisti\u0165, \u010di ste vyhrali<\/h2>\n<p>K\u00fapili ste si tiket do hry Eurojackpot? Ak \u00e1no, nemus\u00edte ani chodi\u0165 na str\u00e1nku s v\u00fdsledkami. Sta\u010d\u00ed, ak prejdete na svoje konto a hne\u010f ved\u013ea svojho tiketu uvid\u00edte v\u00fdhern\u00e9 \u010d\u00edsla. Dokonca si budete m\u00f4c\u0165 pozrie\u0165, ktor\u00e9 \u010d\u00edsla boli spr\u00e1vne a ktor\u00e9 nie, a uvid\u00edte, ko\u013eko ste v\u010faka tomu vyhrali. Ak ste vyhrali menej ako 2 500 \u20ac, peniaze v\u00e1m bud\u00fa prip\u00edsan\u00e9 na \u00fa\u010det ihne\u010f po potvrden\u00ed \u010d\u00edsel lot\u00e9rie.<\/p>\n<p>Na\u0161a webov\u00e1 str\u00e1nka v\u00e1m uk\u00e1\u017ee v\u00fdsledky najnov\u0161ieho \u017erebovania Eurojackpotu, ale poskytne v\u00e1m aj mnoho mo\u017enost\u00ed, ako skontrolova\u0165 star\u0161ie \u017erebovania. M\u00f4\u017eete si tak skontrolova\u0165 star\u0161ie \u017ereby alebo ak h\u013ead\u00e1te najlep\u0161ie \u010d\u00edsla, ktor\u00e9 by ste mohli vysk\u00fa\u0161a\u0165 pri \u010fal\u0161om \u017erebovan\u00ed. V skuto\u010dnosti je to jedna z najob\u013e\u00fabenej\u0161\u00edch strat\u00e9gi\u00ed lot\u00e9rie, ktor\u00fa \u013eudia pou\u017e\u00edvaj\u00fa.<\/p>\n<h2>M\u00f4j tiket vyhral, \u010do sa stane \u010falej?<\/h2>\n<p>O cen\u00e1ch ni\u017e\u0161\u00edch ako 2 500 eur sme u\u017e hovorili. Tieto v\u00fdhry sa okam\u017eite prip\u00ed\u0161u na v\u00e1\u0161 \u00fa\u010det a vy si potom m\u00f4\u017eete vybra\u0165, \u010di si k\u00fapite \u010fal\u0161ie tikety alebo si vyberiete v\u0161etky peniaze alebo ich \u010das\u0165. Jedin\u00e9, \u010do mus\u00edte urobi\u0165, je uisti\u0165 sa, \u017ee m\u00e1te na \u00fa\u010dte aspo\u0148 10 eur, aby ste si ich mohli vybra\u0165 met\u00f3dou pod\u013ea vlastn\u00e9ho v\u00fdberu.<\/p>\n<p>M\u00f4\u017eete si vybra\u0165, \u010di si peniaze vyberiete na bankov\u00fd \u00fa\u010det alebo kreditnou kartou, a my v\u00e1m to tie\u017e u\u013eah\u010d\u00edme. Chceme, aby ste si svoje peniaze mohli vybra\u0165, ale mus\u00edme urobi\u0165 nieko\u013eko krokov, aby sa peniaze dostali na v\u00e1\u0161 \u00fa\u010det. Online prevody pe\u0148az\u00ed toti\u017e podliehaj\u00fa pr\u00edsnym predpisom.<\/p>\n","protected":false},"excerpt":{"rendered":"<p>Na na\u0161ich webov\u00fdch str\u00e1nkach je k dispoz\u00edcii mnoho r\u00f4znych medzin\u00e1rodn\u00fdch lot\u00e9ri\u00ed, \u010do znamen\u00e1, \u017ee n\u00e1js\u0165 \u010d\u00edsla a v\u00fdsledky m\u00f4\u017ee by\u0165 pre niektor\u00fdch \u0165a\u017ek\u00e9. A pokia\u013e ide o vyh\u013ead\u00e1vanie \u010d\u00edsel inde, m\u00f4\u017ee to by\u0165 e\u0161te hor\u0161ie. V\u00fdsledky Eurojackpotu pravdepodobne nen\u00e1jdete v miestnych novin\u00e1ch a \u0165a\u017eko ich m\u00f4\u017eete n\u00e1js\u0165 aj v telev\u00edzii. Najm\u00e4 preto, \u017ee \u010dasto nie [&hellip;]<\/p>\n","protected":false},"author":1,"featured_media":0,"parent":5864,"menu_order":0,"comment_status":"closed","ping_status":"closed","template":"eurojackpot-results.php","meta":{"_et_pb_use_builder":"","_et_pb_old_content":"","_et_gb_content_width":"","exclude_from_search":false,"footnotes":""},"class_list":["post-81173","page","type-page","status-publish","hentry"],"yoast_head":"<!-- This site is optimized with the Yoast SEO plugin v23.4 - https:\/\/yoast.com\/wordpress\/plugins\/seo\/ -->\n<title>V\u00fdhern\u00e9 \u010d\u00edsla Eurojackpotu | V\u00fdsledky \u017erebovania a v\u00fdhry v hre Eurojackpot si m\u00f4\u017eete pozrie\u0165 tu<\/title>\n<meta name=\"description\" content=\"Uverej\u0148ujeme v\u00fdsledky a v\u00fdhern\u00e9 \u010d\u00edsla Eurojackpotu a arch\u00edv minul\u00fdch \u017erebovan\u00ed\" \/>\n<meta name=\"robots\" content=\"index, follow, max-snippet:-1, max-image-preview:large, max-video-preview:-1\" \/>\n<link rel=\"canonical\" href=\"https:\/\/onlinelotto365.com\/sk\/vyherne-cisla\/vyherne-cisla\/\" \/>\n<meta property=\"og:locale\" content=\"sk_SK\" \/>\n<meta property=\"og:type\" content=\"article\" \/>\n<meta property=\"og:title\" content=\"V\u00fdhern\u00e9 \u010d\u00edsla Eurojackpotu | V\u00fdsledky \u017erebovania a v\u00fdhry v hre Eurojackpot si m\u00f4\u017eete pozrie\u0165 tu\" \/>\n<meta property=\"og:description\" content=\"Uverej\u0148ujeme v\u00fdsledky a v\u00fdhern\u00e9 \u010d\u00edsla Eurojackpotu a arch\u00edv minul\u00fdch \u017erebovan\u00ed\" \/>\n<meta property=\"og:url\" content=\"https:\/\/onlinelotto365.com\/sk\/vyherne-cisla\/vyherne-cisla\/\" \/>\n<meta property=\"og:site_name\" content=\"OnlineLotto365\" \/>\n<meta property=\"og:image\" content=\"https:\/\/redfoxlotto.com\/image?size=8&amp;lottery=eurojackpot\" \/>\n<meta name=\"twitter:card\" content=\"summary_large_image\" \/>\n<meta name=\"twitter:label1\" content=\"Predpokladan\u00fd \u010das \u010d\u00edtania\" \/>\n\t<meta name=\"twitter:data1\" content=\"2 min\u00faty\" \/>\n<script type=\"application\/ld+json\" class=\"yoast-schema-graph\">{\"@context\":\"https:\/\/schema.org\",\"@graph\":[{\"@type\":\"WebPage\",\"@id\":\"https:\/\/onlinelotto365.com\/sk\/vyherne-cisla\/vyherne-cisla\/\",\"url\":\"https:\/\/onlinelotto365.com\/sk\/vyherne-cisla\/vyherne-cisla\/\",\"name\":\"V\u00fdhern\u00e9 \u010d\u00edsla Eurojackpotu | V\u00fdsledky \u017erebovania a v\u00fdhry v hre Eurojackpot si m\u00f4\u017eete pozrie\u0165 tu\",\"isPartOf\":{\"@id\":\"https:\/\/onlinelotto365.com\/sk\/#website\"},\"primaryImageOfPage\":{\"@id\":\"https:\/\/onlinelotto365.com\/sk\/vyherne-cisla\/vyherne-cisla\/#primaryimage\"},\"image\":{\"@id\":\"https:\/\/onlinelotto365.com\/sk\/vyherne-cisla\/vyherne-cisla\/#primaryimage\"},\"thumbnailUrl\":\"https:\/\/redfoxlotto.com\/image?size=8&amp;lottery=eurojackpot\",\"datePublished\":\"2022-11-25T13:51:18+00:00\",\"dateModified\":\"2022-11-25T13:51:18+00:00\",\"description\":\"Uverej\u0148ujeme v\u00fdsledky a v\u00fdhern\u00e9 \u010d\u00edsla Eurojackpotu a arch\u00edv minul\u00fdch \u017erebovan\u00ed\",\"breadcrumb\":{\"@id\":\"https:\/\/onlinelotto365.com\/sk\/vyherne-cisla\/vyherne-cisla\/#breadcrumb\"},\"inLanguage\":\"sk-SK\",\"potentialAction\":[{\"@type\":\"ReadAction\",\"target\":[\"https:\/\/onlinelotto365.com\/sk\/vyherne-cisla\/vyherne-cisla\/\"]}]},{\"@type\":\"ImageObject\",\"inLanguage\":\"sk-SK\",\"@id\":\"https:\/\/onlinelotto365.com\/sk\/vyherne-cisla\/vyherne-cisla\/#primaryimage\",\"url\":\"https:\/\/redfoxlotto.com\/image?size=8&amp;lottery=eurojackpot\",\"contentUrl\":\"https:\/\/redfoxlotto.com\/image?size=8&amp;lottery=eurojackpot\"},{\"@type\":\"BreadcrumbList\",\"@id\":\"https:\/\/onlinelotto365.com\/sk\/vyherne-cisla\/vyherne-cisla\/#breadcrumb\",\"itemListElement\":[{\"@type\":\"ListItem\",\"position\":1,\"name\":\"Home\",\"item\":\"https:\/\/onlinelotto365.com\/sk\/\"},{\"@type\":\"ListItem\",\"position\":2,\"name\":\"V\u00fdsledky lot\u00e9ri\u00ed\",\"item\":\"https:\/\/onlinelotto365.com\/sk\/vyherne-cisla\/\"},{\"@type\":\"ListItem\",\"position\":3,\"name\":\"Pozrite si v\u00fdhern\u00e9 \u010d\u00edsla Eurojackpotu tu\"}]},{\"@type\":\"WebSite\",\"@id\":\"https:\/\/onlinelotto365.com\/sk\/#website\",\"url\":\"https:\/\/onlinelotto365.com\/sk\/\",\"name\":\"OnlineLotto365\",\"description\":\"\",\"potentialAction\":[{\"@type\":\"SearchAction\",\"target\":{\"@type\":\"EntryPoint\",\"urlTemplate\":\"https:\/\/onlinelotto365.com\/sk\/?s={search_term_string}\"},\"query-input\":{\"@type\":\"PropertyValueSpecification\",\"valueRequired\":true,\"valueName\":\"search_term_string\"}}],\"inLanguage\":\"sk-SK\"}]}<\/script>\n<!-- \/ Yoast SEO plugin. -->","yoast_head_json":{"title":"V\u00fdhern\u00e9 \u010d\u00edsla Eurojackpotu | V\u00fdsledky \u017erebovania a v\u00fdhry v hre Eurojackpot si m\u00f4\u017eete pozrie\u0165 tu","description":"Uverej\u0148ujeme v\u00fdsledky a v\u00fdhern\u00e9 \u010d\u00edsla Eurojackpotu a arch\u00edv minul\u00fdch \u017erebovan\u00ed","robots":{"index":"index","follow":"follow","max-snippet":"max-snippet:-1","max-image-preview":"max-image-preview:large","max-video-preview":"max-video-preview:-1"},"canonical":"https:\/\/onlinelotto365.com\/sk\/vyherne-cisla\/vyherne-cisla\/","og_locale":"sk_SK","og_type":"article","og_title":"V\u00fdhern\u00e9 \u010d\u00edsla Eurojackpotu | V\u00fdsledky \u017erebovania a v\u00fdhry v hre Eurojackpot si m\u00f4\u017eete pozrie\u0165 tu","og_description":"Uverej\u0148ujeme v\u00fdsledky a v\u00fdhern\u00e9 \u010d\u00edsla Eurojackpotu a arch\u00edv minul\u00fdch \u017erebovan\u00ed","og_url":"https:\/\/onlinelotto365.com\/sk\/vyherne-cisla\/vyherne-cisla\/","og_site_name":"OnlineLotto365","og_image":[{"url":"https:\/\/redfoxlotto.com\/image?size=8&amp;lottery=eurojackpot"}],"twitter_card":"summary_large_image","twitter_misc":{"Predpokladan\u00fd \u010das \u010d\u00edtania":"2 min\u00faty"},"schema":{"@context":"https:\/\/schema.org","@graph":[{"@type":"WebPage","@id":"https:\/\/onlinelotto365.com\/sk\/vyherne-cisla\/vyherne-cisla\/","url":"https:\/\/onlinelotto365.com\/sk\/vyherne-cisla\/vyherne-cisla\/","name":"V\u00fdhern\u00e9 \u010d\u00edsla Eurojackpotu | V\u00fdsledky \u017erebovania a v\u00fdhry v hre Eurojackpot si m\u00f4\u017eete pozrie\u0165 tu","isPartOf":{"@id":"https:\/\/onlinelotto365.com\/sk\/#website"},"primaryImageOfPage":{"@id":"https:\/\/onlinelotto365.com\/sk\/vyherne-cisla\/vyherne-cisla\/#primaryimage"},"image":{"@id":"https:\/\/onlinelotto365.com\/sk\/vyherne-cisla\/vyherne-cisla\/#primaryimage"},"thumbnailUrl":"https:\/\/redfoxlotto.com\/image?size=8&amp;lottery=eurojackpot","datePublished":"2022-11-25T13:51:18+00:00","dateModified":"2022-11-25T13:51:18+00:00","description":"Uverej\u0148ujeme v\u00fdsledky a v\u00fdhern\u00e9 \u010d\u00edsla Eurojackpotu a arch\u00edv minul\u00fdch \u017erebovan\u00ed","breadcrumb":{"@id":"https:\/\/onlinelotto365.com\/sk\/vyherne-cisla\/vyherne-cisla\/#breadcrumb"},"inLanguage":"sk-SK","potentialAction":[{"@type":"ReadAction","target":["https:\/\/onlinelotto365.com\/sk\/vyherne-cisla\/vyherne-cisla\/"]}]},{"@type":"ImageObject","inLanguage":"sk-SK","@id":"https:\/\/onlinelotto365.com\/sk\/vyherne-cisla\/vyherne-cisla\/#primaryimage","url":"https:\/\/redfoxlotto.com\/image?size=8&amp;lottery=eurojackpot","contentUrl":"https:\/\/redfoxlotto.com\/image?size=8&amp;lottery=eurojackpot"},{"@type":"BreadcrumbList","@id":"https:\/\/onlinelotto365.com\/sk\/vyherne-cisla\/vyherne-cisla\/#breadcrumb","itemListElement":[{"@type":"ListItem","position":1,"name":"Home","item":"https:\/\/onlinelotto365.com\/sk\/"},{"@type":"ListItem","position":2,"name":"V\u00fdsledky lot\u00e9ri\u00ed","item":"https:\/\/onlinelotto365.com\/sk\/vyherne-cisla\/"},{"@type":"ListItem","position":3,"name":"Pozrite si v\u00fdhern\u00e9 \u010d\u00edsla Eurojackpotu tu"}]},{"@type":"WebSite","@id":"https:\/\/onlinelotto365.com\/sk\/#website","url":"https:\/\/onlinelotto365.com\/sk\/","name":"OnlineLotto365","description":"","potentialAction":[{"@type":"SearchAction","target":{"@type":"EntryPoint","urlTemplate":"https:\/\/onlinelotto365.com\/sk\/?s={search_term_string}"},"query-input":{"@type":"PropertyValueSpecification","valueRequired":true,"valueName":"search_term_string"}}],"inLanguage":"sk-SK"}]}},"_links":{"self":[{"href":"https:\/\/onlinelotto365.com\/sk\/wp-json\/wp\/v2\/pages\/81173","targetHints":{"allow":["GET"]}}],"collection":[{"href":"https:\/\/onlinelotto365.com\/sk\/wp-json\/wp\/v2\/pages"}],"about":[{"href":"https:\/\/onlinelotto365.com\/sk\/wp-json\/wp\/v2\/types\/page"}],"author":[{"embeddable":true,"href":"https:\/\/onlinelotto365.com\/sk\/wp-json\/wp\/v2\/users\/1"}],"replies":[{"embeddable":true,"href":"https:\/\/onlinelotto365.com\/sk\/wp-json\/wp\/v2\/comments?post=81173"}],"version-history":[{"count":0,"href":"https:\/\/onlinelotto365.com\/sk\/wp-json\/wp\/v2\/pages\/81173\/revisions"}],"up":[{"embeddable":true,"href":"https:\/\/onlinelotto365.com\/sk\/wp-json\/wp\/v2\/pages\/5864"}],"wp:attachment":[{"href":"https:\/\/onlinelotto365.com\/sk\/wp-json\/wp\/v2\/media?parent=81173"}],"curies":[{"name":"wp","href":"https:\/\/api.w.org\/{rel}","templated":true}]}}