{"id":84452,"date":"2023-10-03T13:13:59","date_gmt":"2023-10-03T12:13:59","guid":{"rendered":"https:\/\/onlinelotto365.com\/casto-kladene-otazky"},"modified":"2023-10-03T13:13:59","modified_gmt":"2023-10-03T12:13:59","slug":"casto-kladene-otazky","status":"publish","type":"page","link":"https:\/\/onlinelotto365.com\/sk\/casto-kladene-otazky\/","title":{"rendered":"\u010cASTO KLADEN\u00c9 OT\u00c1ZKY"},"content":{"rendered":"<h1>Online lot\u00e9rie FAQ<\/h1>\n<p>Tu n\u00e1jdete odpovede na naj\u010dastej\u0161ie kladen\u00e9 ot\u00e1zky o fungovan\u00ed online lot\u00e9rie.<\/p>\n<p>Ako z\u00edskam svoje \u017ereby?<\/p>\n<p>Potom jeden z na\u0161ich agentov na mieste zak\u00fapi tiket vo va\u0161om mene a na v\u00e1\u0161 \u00fa\u010det. Potom sa l\u00edstok naskenuje a nahr\u00e1 do v\u00e1\u0161ho z\u00e1kazn\u00edckeho konta. Ke\u010f vyhr\u00e1te, po\u0161leme v\u00e1m e-mail a na\u0161a slu\u017eba zah\u0155\u0148a aj doru\u010denie v\u00fdhry k v\u00e1m (podrobnosti n\u00e1jdete ni\u017e\u0161ie). you win as well.<\/p>\n<p>Ak\u00e9 s\u00fa v\u00fdhody hrania medzin\u00e1rodn\u00fdch lot\u00e9ri\u00ed online prostredn\u00edctvom n\u00e1s?<\/p>\n<ul>\n<li>m\u00f4\u017eete si vybra\u0165 z mnoh\u00fdch lot\u00e9ri\u00ed a v\u017edy na v\u00e1s \u010dak\u00e1 ve\u013ek\u00fd jackpot<\/li>\n<li>dostanete skuto\u010dn\u00fd tiket<\/li>\n<li>m\u00f4\u017eete hra\u0165 odkia\u013eko\u013evek, kde sa pr\u00e1ve nach\u00e1dzate<\/li>\n<li>m\u00f4\u017eete pohodlne plati\u0165 online, m\u00e1me mno\u017estvo mo\u017enost\u00ed vr\u00e1tane kreditnej karty<\/li>\n<li>men\u0161ie v\u00fdhry a\u017e do v\u00fd\u0161ky 2500 \u20ac v\u00e1m bud\u00fa okam\u017eite prip\u00edsan\u00e9 na v\u00e1\u0161 hr\u00e1\u010dsky \u00fa\u010det<\/li>\n<li>v pr\u00edpade v\u00fdhry vy\u0161\u0161ej ako 2500 \u20ac v\u00e1m vyplat\u00edme v\u00fdhru priamo z lot\u00e9rie, a to bez poplatku<\/li>\n<\/ul>\n<p>Kto m\u00f4\u017ee hra\u0165 lot\u00e9rie?<\/p>\n<p>Hra\u0165 m\u00f4\u017ee ktoko\u013evek &#8211; na hranie lot\u00e9rie v\u0161ak mus\u00edte by\u0165 star\u0161\u00ed ako 18 rokov.<\/p>\n<p>M\u00f4\u017eem hra\u0165 lot\u00e9riu zo zahrani\u010dia?<\/p>\n<p>\u00c1no. Bez oh\u013eadu na to, v ktorej krajine \u017eijete, m\u00f4\u017eete sa z\u00fa\u010dastni\u0165 v\u0161etk\u00fdch lot\u00e9ri\u00ed zobrazen\u00fdch na na\u0161ej webovej str\u00e1nke.<\/p>\n<p>M\u00f4\u017eem sa s\u00e1m rozhodn\u00fa\u0165 pre svoje lotto \u010d\u00edsla?<\/p>\n<p>\u00c1no. \u010d\u00edsla si m\u00f4\u017eete vybra\u0165 ru\u010dne alebo m\u00f4\u017eete pou\u017ei\u0165 funkciu &#8222;R\u00fdchly v\u00fdber&#8220; a vygenerova\u0165 \u010d\u00edsla n\u00e1hodne.<\/p>\n<p>Ako dostanem svoj \u017ereb?<\/p>\n<p>Po \u00faspe\u0161nej platbe dostanete e-mail s potvrden\u00edm n\u00e1kupu. Vami vybran\u00e9 \u010d\u00edsla bud\u00fa vidite\u013en\u00e9 vo va\u0161om \u00fa\u010dte. Proces n\u00e1kupu a skenovania samozrejme chv\u00ed\u013eu trv\u00e1, ale o 2 a\u017e 3 hodiny nesk\u00f4r budete m\u00f4c\u0165 po prihl\u00e1sen\u00ed do svojho konta n\u00e1js\u0165 naskenovan\u00fd tiket.<\/p>\n<p>Ako m\u00f4\u017eem zaplati\u0165 za svoje tikety lotto?<\/p>\n<p>M\u00e1me pre v\u00e1s r\u00f4zne mo\u017enosti platby vr\u00e1tane platby kreditnou kartou, okam\u017eit\u00e9ho bankov\u00e9ho prevodu, r\u00f4znych kryptomien a \u010fal\u0161\u00edch.<br \/>\nM\u00f4\u017eete si tie\u017e najprv vlo\u017ei\u0165 peniaze na hr\u00e1\u010dsky \u00fa\u010det a potom kedyko\u013evek pou\u017ei\u0165 svoj nov\u00fd zostatok na n\u00e1kup tiketov. V\u010faka tomu, \u017ee m\u00e1te zostatok, je proces platby ove\u013ea r\u00fdchlej\u0161\u00ed!<\/p>\n<p>\u00da\u010dtujete si prov\u00edziu, ak vyhr\u00e1m?<\/p>\n<p>Nie, ne\u00fa\u010dtujeme. V\u0161etky va\u0161e v\u00fdhry v\u00e1m vyplat\u00edme v plnej v\u00fd\u0161ke bez \u00fa\u010dtovania ak\u00fdchko\u013evek poplatkov, okrem poplatkov za bankov\u00fd prevod v niektor\u00fdch pr\u00edpadoch.<\/p>\n<p>Ako zist\u00edm, \u010di som vyhral?<\/p>\n<p>Najprv v\u00e1m po\u0161leme e-mail, v ktorom v\u00e1s informujeme o va\u0161ej v\u00fdhre. Okrem toho sa m\u00f4\u017eete v\u017edy prihl\u00e1si\u0165 do svojho \u00fa\u010dtu, pozrie\u0165 si sekciu &#8222;Moje tikety&#8220; a skontrolova\u0165 stav svojich tiketov tam. Aktualiz\u00e1cie s v\u00fdhern\u00fdmi \u010d\u00edslami v\u0161etk\u00fdch lot\u00e9ri\u00ed n\u00e1jdete na na\u0161ej webovej str\u00e1nke.<\/p>\n<p>Ako dostanem peniaze, ak vyhr\u00e1m?<\/p>\n<p>Ak vyhr\u00e1te cenu do v\u00fd\u0161ky 2500 EUR, bude v\u00e1m okam\u017eite prip\u00edsan\u00e1 na hr\u00e1\u010dsky \u00fa\u010det. V pr\u00edpade vy\u0161\u0161ej v\u00fdhry v\u00e1m za\u0161leme e-mailom formul\u00e1r \u017eiadosti o v\u00fdhru. Mus\u00edte sa identifikova\u0165 a uvies\u0165 nieko\u013eko z\u00e1kladn\u00fdch inform\u00e1ci\u00ed, napr\u00edklad ako chcete v\u00fdplatu dosta\u0165. Va\u0161u \u017eiados\u0165 potom predlo\u017e\u00edme lot\u00e9riovej spolo\u010dnosti. Loterijn\u00e1 spolo\u010dnos\u0165 v\u00e1m potom vyplat\u00ed peniaze priamo.<br \/>\nAk to uprednost\u0148ujete, m\u00f4\u017eete si svoj tiket vyzdvihn\u00fa\u0165 aj v niektorej z kancel\u00e1ri\u00ed n\u00e1\u0161ho agenta a potom ho osobne predlo\u017ei\u0165 lot\u00e9rii.<\/p>\n<p>Je va\u0161a slu\u017eba naozaj leg\u00e1lna?<\/p>\n<p>\u00c1no, ur\u010dite. Je to akoby ste boli na dovolenke v krajine lot\u00e9rie a sami si kupovali tiket. Ak by tento tiket vyhral, m\u00e1te rovnak\u00fd n\u00e1rok na v\u00fdhru ako v\u0161etci ostatn\u00ed.<\/p>\n<p>Ako zist\u00edm, \u017ee sa lot\u00e9riov\u00fd tiket kupuje v mojom mene?<\/p>\n<p>Po zaplaten\u00ed za svoj \u017ereb dostanete najprv potvrdenie o platbe. O nie\u010do nesk\u00f4r si budete m\u00f4c\u0165 pozrie\u0165 sken v\u00e1\u0161ho tiketu v z\u00e1kazn\u00edckej z\u00f3ne na na\u0161ej webovej str\u00e1nke.<\/p>\n","protected":false},"excerpt":{"rendered":"<p>Online lot\u00e9rie FAQ Tu n\u00e1jdete odpovede na naj\u010dastej\u0161ie kladen\u00e9 ot\u00e1zky o fungovan\u00ed online lot\u00e9rie. Ako z\u00edskam svoje \u017ereby? Potom jeden z na\u0161ich agentov na mieste zak\u00fapi tiket vo va\u0161om mene a na v\u00e1\u0161 \u00fa\u010det. Potom sa l\u00edstok naskenuje a nahr\u00e1 do v\u00e1\u0161ho z\u00e1kazn\u00edckeho konta. Ke\u010f vyhr\u00e1te, po\u0161leme v\u00e1m e-mail a na\u0161a slu\u017eba zah\u0155\u0148a aj doru\u010denie [&hellip;]<\/p>\n","protected":false},"author":1,"featured_media":0,"parent":0,"menu_order":50,"comment_status":"closed","ping_status":"closed","template":"","meta":{"_et_pb_use_builder":"","_et_pb_old_content":"","_et_gb_content_width":"","exclude_from_search":false,"footnotes":""},"class_list":["post-84452","page","type-page","status-publish","hentry"],"yoast_head":"<!-- This site is optimized with the Yoast SEO plugin v23.4 - https:\/\/yoast.com\/wordpress\/plugins\/seo\/ -->\n<title>Odpovede na naj\u010dastej\u0161ie ot\u00e1zky t\u00fdkaj\u00face sa na\u0161ich online lot\u00e9riov\u00fdch slu\u017eieb<\/title>\n<meta name=\"description\" content=\"Chcete sa dozvedie\u0165 viac o tom, ako funguje na\u0161a slu\u017eba online posielania lot\u00e9riov\u00fdch tiketov? Odpovede na naj\u010dastej\u0161ie ot\u00e1zky n\u00e1jdete tu\" \/>\n<meta name=\"robots\" content=\"index, follow, max-snippet:-1, max-image-preview:large, max-video-preview:-1\" \/>\n<link rel=\"canonical\" href=\"https:\/\/onlinelotto365.com\/sk\/casto-kladene-otazky\/\" \/>\n<meta property=\"og:locale\" content=\"sk_SK\" \/>\n<meta property=\"og:type\" content=\"article\" \/>\n<meta property=\"og:title\" content=\"Odpovede na naj\u010dastej\u0161ie ot\u00e1zky t\u00fdkaj\u00face sa na\u0161ich online lot\u00e9riov\u00fdch slu\u017eieb\" \/>\n<meta property=\"og:description\" content=\"Chcete sa dozvedie\u0165 viac o tom, ako funguje na\u0161a slu\u017eba online posielania lot\u00e9riov\u00fdch tiketov? Odpovede na naj\u010dastej\u0161ie ot\u00e1zky n\u00e1jdete tu\" \/>\n<meta property=\"og:url\" content=\"https:\/\/onlinelotto365.com\/sk\/casto-kladene-otazky\/\" \/>\n<meta property=\"og:site_name\" content=\"OnlineLotto365\" \/>\n<meta name=\"twitter:card\" content=\"summary_large_image\" \/>\n<meta name=\"twitter:label1\" content=\"Predpokladan\u00fd \u010das \u010d\u00edtania\" \/>\n\t<meta name=\"twitter:data1\" content=\"4 min\u00faty\" \/>\n<script type=\"application\/ld+json\" class=\"yoast-schema-graph\">{\"@context\":\"https:\/\/schema.org\",\"@graph\":[{\"@type\":\"WebPage\",\"@id\":\"https:\/\/onlinelotto365.com\/sk\/casto-kladene-otazky\/\",\"url\":\"https:\/\/onlinelotto365.com\/sk\/casto-kladene-otazky\/\",\"name\":\"Odpovede na naj\u010dastej\u0161ie ot\u00e1zky t\u00fdkaj\u00face sa na\u0161ich online lot\u00e9riov\u00fdch slu\u017eieb\",\"isPartOf\":{\"@id\":\"https:\/\/onlinelotto365.com\/sk\/#website\"},\"datePublished\":\"2023-10-03T12:13:59+00:00\",\"dateModified\":\"2023-10-03T12:13:59+00:00\",\"description\":\"Chcete sa dozvedie\u0165 viac o tom, ako funguje na\u0161a slu\u017eba online posielania lot\u00e9riov\u00fdch tiketov? Odpovede na naj\u010dastej\u0161ie ot\u00e1zky n\u00e1jdete tu\",\"breadcrumb\":{\"@id\":\"https:\/\/onlinelotto365.com\/sk\/casto-kladene-otazky\/#breadcrumb\"},\"inLanguage\":\"sk-SK\",\"potentialAction\":[{\"@type\":\"ReadAction\",\"target\":[\"https:\/\/onlinelotto365.com\/sk\/casto-kladene-otazky\/\"]}]},{\"@type\":\"BreadcrumbList\",\"@id\":\"https:\/\/onlinelotto365.com\/sk\/casto-kladene-otazky\/#breadcrumb\",\"itemListElement\":[{\"@type\":\"ListItem\",\"position\":1,\"name\":\"Home\",\"item\":\"https:\/\/onlinelotto365.com\/sk\/\"},{\"@type\":\"ListItem\",\"position\":2,\"name\":\"\u010cASTO KLADEN\u00c9 OT\u00c1ZKY\"}]},{\"@type\":\"WebSite\",\"@id\":\"https:\/\/onlinelotto365.com\/sk\/#website\",\"url\":\"https:\/\/onlinelotto365.com\/sk\/\",\"name\":\"OnlineLotto365\",\"description\":\"\",\"potentialAction\":[{\"@type\":\"SearchAction\",\"target\":{\"@type\":\"EntryPoint\",\"urlTemplate\":\"https:\/\/onlinelotto365.com\/sk\/?s={search_term_string}\"},\"query-input\":{\"@type\":\"PropertyValueSpecification\",\"valueRequired\":true,\"valueName\":\"search_term_string\"}}],\"inLanguage\":\"sk-SK\"}]}<\/script>\n<!-- \/ Yoast SEO plugin. -->","yoast_head_json":{"title":"Odpovede na naj\u010dastej\u0161ie ot\u00e1zky t\u00fdkaj\u00face sa na\u0161ich online lot\u00e9riov\u00fdch slu\u017eieb","description":"Chcete sa dozvedie\u0165 viac o tom, ako funguje na\u0161a slu\u017eba online posielania lot\u00e9riov\u00fdch tiketov? Odpovede na naj\u010dastej\u0161ie ot\u00e1zky n\u00e1jdete tu","robots":{"index":"index","follow":"follow","max-snippet":"max-snippet:-1","max-image-preview":"max-image-preview:large","max-video-preview":"max-video-preview:-1"},"canonical":"https:\/\/onlinelotto365.com\/sk\/casto-kladene-otazky\/","og_locale":"sk_SK","og_type":"article","og_title":"Odpovede na naj\u010dastej\u0161ie ot\u00e1zky t\u00fdkaj\u00face sa na\u0161ich online lot\u00e9riov\u00fdch slu\u017eieb","og_description":"Chcete sa dozvedie\u0165 viac o tom, ako funguje na\u0161a slu\u017eba online posielania lot\u00e9riov\u00fdch tiketov? Odpovede na naj\u010dastej\u0161ie ot\u00e1zky n\u00e1jdete tu","og_url":"https:\/\/onlinelotto365.com\/sk\/casto-kladene-otazky\/","og_site_name":"OnlineLotto365","twitter_card":"summary_large_image","twitter_misc":{"Predpokladan\u00fd \u010das \u010d\u00edtania":"4 min\u00faty"},"schema":{"@context":"https:\/\/schema.org","@graph":[{"@type":"WebPage","@id":"https:\/\/onlinelotto365.com\/sk\/casto-kladene-otazky\/","url":"https:\/\/onlinelotto365.com\/sk\/casto-kladene-otazky\/","name":"Odpovede na naj\u010dastej\u0161ie ot\u00e1zky t\u00fdkaj\u00face sa na\u0161ich online lot\u00e9riov\u00fdch slu\u017eieb","isPartOf":{"@id":"https:\/\/onlinelotto365.com\/sk\/#website"},"datePublished":"2023-10-03T12:13:59+00:00","dateModified":"2023-10-03T12:13:59+00:00","description":"Chcete sa dozvedie\u0165 viac o tom, ako funguje na\u0161a slu\u017eba online posielania lot\u00e9riov\u00fdch tiketov? Odpovede na naj\u010dastej\u0161ie ot\u00e1zky n\u00e1jdete tu","breadcrumb":{"@id":"https:\/\/onlinelotto365.com\/sk\/casto-kladene-otazky\/#breadcrumb"},"inLanguage":"sk-SK","potentialAction":[{"@type":"ReadAction","target":["https:\/\/onlinelotto365.com\/sk\/casto-kladene-otazky\/"]}]},{"@type":"BreadcrumbList","@id":"https:\/\/onlinelotto365.com\/sk\/casto-kladene-otazky\/#breadcrumb","itemListElement":[{"@type":"ListItem","position":1,"name":"Home","item":"https:\/\/onlinelotto365.com\/sk\/"},{"@type":"ListItem","position":2,"name":"\u010cASTO KLADEN\u00c9 OT\u00c1ZKY"}]},{"@type":"WebSite","@id":"https:\/\/onlinelotto365.com\/sk\/#website","url":"https:\/\/onlinelotto365.com\/sk\/","name":"OnlineLotto365","description":"","potentialAction":[{"@type":"SearchAction","target":{"@type":"EntryPoint","urlTemplate":"https:\/\/onlinelotto365.com\/sk\/?s={search_term_string}"},"query-input":{"@type":"PropertyValueSpecification","valueRequired":true,"valueName":"search_term_string"}}],"inLanguage":"sk-SK"}]}},"_links":{"self":[{"href":"https:\/\/onlinelotto365.com\/sk\/wp-json\/wp\/v2\/pages\/84452","targetHints":{"allow":["GET"]}}],"collection":[{"href":"https:\/\/onlinelotto365.com\/sk\/wp-json\/wp\/v2\/pages"}],"about":[{"href":"https:\/\/onlinelotto365.com\/sk\/wp-json\/wp\/v2\/types\/page"}],"author":[{"embeddable":true,"href":"https:\/\/onlinelotto365.com\/sk\/wp-json\/wp\/v2\/users\/1"}],"replies":[{"embeddable":true,"href":"https:\/\/onlinelotto365.com\/sk\/wp-json\/wp\/v2\/comments?post=84452"}],"version-history":[{"count":0,"href":"https:\/\/onlinelotto365.com\/sk\/wp-json\/wp\/v2\/pages\/84452\/revisions"}],"wp:attachment":[{"href":"https:\/\/onlinelotto365.com\/sk\/wp-json\/wp\/v2\/media?parent=84452"}],"curies":[{"name":"wp","href":"https:\/\/api.w.org\/{rel}","templated":true}]}}