{"id":10768,"date":"2020-12-18T07:48:28","date_gmt":"2020-12-18T06:48:28","guid":{"rendered":"http:\/\/onlinelotto365.net\/?page_id=10768"},"modified":"2022-11-09T10:42:58","modified_gmt":"2022-11-09T09:42:58","slug":"el-gordo","status":"publish","type":"page","link":"https:\/\/onlinelotto365.com\/sl\/igrajte\/el-gordo\/","title":{"rendered":"Kako lahko prebivalci Slovenije sodelujejo v El Gordo?"},"content":{"rendered":"<p>\u010ce \u017eivite v \u0160paniji, vam ni treba razlagati, kako vznemirljiva je igra El Gordo Lotto. Vendar pa ve\u010dina igralcev loterije ne \u017eivi tam in ve\u010dina \u0161e nikoli ni sli\u0161ala za najve\u010djo \u0161pansko loterijo. Do nedavnega to sploh ni bilo pomembno, saj je tako ali tako niste mogli igrati, ker je bila \u0160panija edini kraj, kjer ste lahko kupili sre\u010dke zanjo.<\/p>\n<p>S pomo\u010djo \u010darobnega interneta lahko danes ve\u010d kot 150.000 igralcev iz ve\u010d kot 140 dr\u017eav, vklju\u010dno s Slovenijo, u\u017eiva v spletnem igranju El Gordo. Vse, kar morate zdaj storiti za nakup vstopnic, je, da veste, kje jih lahko kupite na spletu. Pri tem vam bomo pomagali.<\/p>\n<p>Na\u0161a odli\u010dna nova storitev vam ne omogo\u010da le spletnega nakupa sre\u010dk za igro El Gordo Lotto, temve\u010d lahko prek spleta kupite tudi sre\u010dke za vse druge najve\u010dje svetovne loterije. Vse to vam neverjetno olaj\u0161amo in v nekaj kratkih minutah lahko poleg vseh drugih velikih loterijskih sre\u010dk, ki jih \u017eelite, vzamete tudi poljubno \u0161tevilo sre\u010dk za naslednje \u017erebanje.<\/p>\n<p>Z na\u0161o spletno storitvijo se je navdu\u0161enje nad igranjem loterije pove\u010dalo do epskih razse\u017enosti. Vzemite, kako zelo u\u017eivate v loteriji zdaj, pomno\u017eite to z desetkrat ali dvajsetkrat in si predstavljajte, kako bi bilo to videti. Potem samo registrirajte ra\u010dun tukaj in se pripravite na to, da se vse to zgodi.<\/p>\n<p><a href=\"https:\/\/redfoxlotto.com\/play\/el-gordo-primitiva\/?ref=a8564250a2&amp;medium=ol365\" target=\"_blank\" rel=\"noopener noreferrer\"><img decoding=\"async\" class=\"aligncenter\" src=\"https:\/\/redfoxlotto.com\/image?size=8&amp;lottery=el-gordo-primitiva\" alt=\"el gordo la primitiva\" \/><\/a><\/p>\n<h2>El Gordo pomeni veliki<\/h2>\n<p>Vsi glavni dobitki El Gordo so veliki, kar je nekaj, kar imajo vsi igralci loterije zelo radi. Minili so \u010dasi, ko ste morali \u010dakati kar nekaj \u010dasa in upati, da bo glavni dobitek va\u0161e najljub\u0161e loterije rasel in rasel, dokler ni kon\u010dno postal dovolj velik, da so ljudje padali na tla in kupovali sre\u010dke. Zdaj je po vsem svetu veliko loterij, ki se za\u010dnejo z ogromnimi glavnimi dobitki in postajajo vedno ve\u010dji. Ta loterija je zagotovo ena izmed njih. Na primer, v \u010dasu pisanja tega \u010dlanka je trenutni glavni dobitek 23 milijonov evrov.<\/p>\n<p>\u010ce imate radi tako velike dobitke, kot je ta, in prepri\u010dan sem, da jih imamo vsi, vas \u010daka \u0161e veliko ve\u010d tak\u0161nih loterij, z nekaterimi \u0161e veliko ve\u010djimi dobitki. Vendar pa ne gre igrati samo ene, temve\u010d boste \u017eeleli igrati vsaj ve\u010d teh loterij in El Gordo je zagotovo ena izmed tistih, ki se jih spla\u010da igrati.<\/p>\n<h2>O igri El Gordo<\/h2>\n<ul>\n<li>Dr\u017eava: \u0160panija<\/li>\n<li>Glavne \u0161tevilke: 54<\/li>\n<li>Izberete: 5<\/li>\n<li>Razpon dodatnih \u0161tevilk: ni<\/li>\n<li>Izberete: nobena<\/li>\n<li>Dnevi in ure \u017erebanja: Nedelja, 21:30 CET, 21:30 CET<\/li>\n<li>Najmanj\u0161i dobitek: 4 milijoni evrov<\/li>\n<li>Najvi\u0161ji mo\u017eni jackpot: ni najvi\u0161jega mo\u017enega jackpota<\/li>\n<li>Verjetnost dobitka: 1 proti 31.625.100<\/li>\n<li>Verjetnost dobitka iz drugega reda: 1: 1 proti 3.513.900<\/li>\n<li>Verjetnost dobitka v katerem koli razredu: 1 proti 6,16<\/li>\n<li>Posebni dogodki za El Gordo: Christmas Special<\/li>\n<\/ul>\n<p>Tako kot \u0161tevilne velike loterije ima tudi \u017erebanje dva dela. V prvem je treba med 54 \u0161tevilkami izbrati 5 \u0161tevilk. \u010ce vam to uspe, vas \u017ee \u010daka zelo velika nagrada. Nato, \u010de se ujemate s 5 \u0161tevilkami in hkrati s klju\u010dno \u0161tevilko med 1 in 9, vam je to uspelo in ste zadeli velik glavni dobitek.<\/p>\n<p>V igri El Gordo je skupaj 9 razli\u010dnih nagradnih kategorij, za\u010den\u0161i z ujemanjem klju\u010dne \u0161tevilke med 1 in 9, pa vse do velikega dobitka. \u010ceprav si vsi zelo \u017eelimo osvojiti glavne dobitke, je vsekakor lepo, \u010de osvojite nagrado v kakr\u0161nem koli znesku, najbolj priljubljena \u0161panska loterija pa vam daje \u0161e bolj\u0161e mo\u017enosti za to kot nekatere druge loterije.<\/p>\n<p>Poleg tega so loterijski dobitki v \u0160paniji za razliko od nekaterih dr\u017eav neobdav\u010deni. Glede na to, kje \u017eivite, vam bo morda treba prijaviti svoj dobitek vladi ali ne, vendar nekateri kraji od\u0161tejejo davek od loterijskega dobitka, \u010deprav je ta v va\u0161i dr\u017eavi neobdav\u010den. \u010ceprav lahko ta denar izterjate, je to neprijetnost, za katero vam pri igri El Gordo ni treba skrbeti.<\/p>\n<p>Vendar tudi v dr\u017eavah, ki to po\u010dnejo, vam bo ob vsakem zadetku glavnega dobitka denar, ki ga dobite vnaprej, z dav\u010dnim odtegljajem ali brez njega zagotovo tako ali tako zadostoval za dolgo \u010dasa, zato vas to ne bi smelo skrbeti. Prav tako vam ne bi bilo treba potovati v \u0160panijo, da bi prevzeli svoje milijone. Verjetno boste veliko ve\u010d potovali kot to in s tem potovanjem bi lahko tudi za\u010deli svojo kariero letalskega potnika.<\/p>\n<h2>Zakaj bi zamudili El Gordo, \u010de vam zdaj ni treba?<\/h2>\n<p>\u017de leta imate dober izgovor, da ne igrate lota El Gordo, ker \u017eivite v Sloveniji in ne v \u0160paniji. Vendar to na sre\u010do ni ve\u010d tako. Kdo ve, koliko denarja bi lahko osvojili, \u010de bi ves \u010das igrali to in vse druge najve\u010dje loterije na svetu?<\/p>\n<p>No, o tem se vam ni treba ve\u010d spra\u0161evati, saj vam El Gordo zdaj prina\u0161amo naravnost na dom, tja, kjer sedite. Vem, da radi igrate loterijo, sicer tega ne bi brali. Zakaj si ne bi \u017ee zdaj privo\u0161\u010dili loterijske sre\u010dke El Gordo? Ko ste \u017ee pri tem, si oglejte \u0161e vse drugo, kar vam lahko ponudimo?<\/p>\n<h2>Kako preveriti rezultate El Gordo<\/h2>\n<p>Tukaj lahko preverite dobitne \u0161tevilke in jih primerjate s svojimi sre\u010dkami El Gordo. Najnovej\u0161e zmagovalne \u0161tevilke vam bomo prikazali drugo ob drugi s \u0161tevilkami va\u0161e vstopnice. Seveda si lahko ogledate tudi, koliko ste osvojili, \u010de ste zmagali.<\/p>\n<p>Del na\u0161e storitve je tudi prenos dobitka na va\u0161 ra\u010dun. Na\u010din izpla\u010dila je odvisen od tega, koliko ste osvojili. Za to storitev ne vzamemo nobenega denarja od va\u0161ega dobitka.<\/p>\n","protected":false},"excerpt":{"rendered":"<p>\u010ce \u017eivite v \u0160paniji, vam ni treba razlagati, kako vznemirljiva je igra El Gordo Lotto. Vendar pa ve\u010dina igralcev loterije ne \u017eivi tam in ve\u010dina \u0161e nikoli ni sli\u0161ala za najve\u010djo \u0161pansko loterijo. Do nedavnega to sploh ni bilo pomembno, saj je tako ali tako niste mogli igrati, ker je bila \u0160panija edini kraj, kjer [&hellip;]<\/p>\n","protected":false},"author":1,"featured_media":0,"parent":5088,"menu_order":6,"comment_status":"closed","ping_status":"closed","template":"el-gordo.php","meta":{"_et_pb_use_builder":"","_et_pb_old_content":"","_et_gb_content_width":"","exclude_from_search":false,"footnotes":""},"class_list":["post-10768","page","type-page","status-publish","hentry"],"yoast_head":"<!-- This site is optimized with the Yoast SEO plugin v23.4 - https:\/\/yoast.com\/wordpress\/plugins\/seo\/ -->\n<title>Igrajte El Gordo prek spleta iz Slovenije | Ali lahko sodelujem v El Gordo, \u010de \u017eivim v Sloveniji<\/title>\n<meta name=\"description\" content=\"Igrajte El Gordo Lotto tukaj - najve\u010dja \u0161panska loterija, ki je na voljo na spletu iz katere koli dr\u017eave\" \/>\n<meta name=\"robots\" content=\"index, follow, max-snippet:-1, max-image-preview:large, max-video-preview:-1\" \/>\n<link rel=\"canonical\" href=\"https:\/\/onlinelotto365.com\/sl\/igrajte\/el-gordo\/\" \/>\n<meta property=\"og:locale\" content=\"sl_SI\" \/>\n<meta property=\"og:type\" content=\"article\" \/>\n<meta property=\"og:title\" content=\"Igrajte El Gordo prek spleta iz Slovenije | Ali lahko sodelujem v El Gordo, \u010de \u017eivim v Sloveniji\" \/>\n<meta property=\"og:description\" content=\"Igrajte El Gordo Lotto tukaj - najve\u010dja \u0161panska loterija, ki je na voljo na spletu iz katere koli dr\u017eave\" \/>\n<meta property=\"og:url\" content=\"https:\/\/onlinelotto365.com\/sl\/igrajte\/el-gordo\/\" \/>\n<meta property=\"og:site_name\" content=\"OnlineLotto365\" \/>\n<meta property=\"article:modified_time\" content=\"2022-11-09T09:42:58+00:00\" \/>\n<meta property=\"og:image\" content=\"https:\/\/redfoxlotto.com\/image?size=8&amp;lottery=el-gordo-primitiva\" \/>\n<meta name=\"twitter:card\" content=\"summary_large_image\" \/>\n<meta name=\"twitter:label1\" content=\"Est. reading time\" \/>\n\t<meta name=\"twitter:data1\" content=\"5 minut\" \/>\n<script type=\"application\/ld+json\" class=\"yoast-schema-graph\">{\"@context\":\"https:\/\/schema.org\",\"@graph\":[{\"@type\":\"WebPage\",\"@id\":\"https:\/\/onlinelotto365.com\/sl\/igrajte\/el-gordo\/\",\"url\":\"https:\/\/onlinelotto365.com\/sl\/igrajte\/el-gordo\/\",\"name\":\"Igrajte El Gordo prek spleta iz Slovenije | Ali lahko sodelujem v El Gordo, \u010de \u017eivim v Sloveniji\",\"isPartOf\":{\"@id\":\"https:\/\/onlinelotto365.com\/sl\/#website\"},\"primaryImageOfPage\":{\"@id\":\"https:\/\/onlinelotto365.com\/sl\/igrajte\/el-gordo\/#primaryimage\"},\"image\":{\"@id\":\"https:\/\/onlinelotto365.com\/sl\/igrajte\/el-gordo\/#primaryimage\"},\"thumbnailUrl\":\"https:\/\/redfoxlotto.com\/image?size=8&amp;lottery=el-gordo-primitiva\",\"datePublished\":\"2020-12-18T06:48:28+00:00\",\"dateModified\":\"2022-11-09T09:42:58+00:00\",\"description\":\"Igrajte El Gordo Lotto tukaj - najve\u010dja \u0161panska loterija, ki je na voljo na spletu iz katere koli dr\u017eave\",\"breadcrumb\":{\"@id\":\"https:\/\/onlinelotto365.com\/sl\/igrajte\/el-gordo\/#breadcrumb\"},\"inLanguage\":\"sl-SI\",\"potentialAction\":[{\"@type\":\"ReadAction\",\"target\":[\"https:\/\/onlinelotto365.com\/sl\/igrajte\/el-gordo\/\"]}]},{\"@type\":\"ImageObject\",\"inLanguage\":\"sl-SI\",\"@id\":\"https:\/\/onlinelotto365.com\/sl\/igrajte\/el-gordo\/#primaryimage\",\"url\":\"https:\/\/redfoxlotto.com\/image?size=8&amp;lottery=el-gordo-primitiva\",\"contentUrl\":\"https:\/\/redfoxlotto.com\/image?size=8&amp;lottery=el-gordo-primitiva\"},{\"@type\":\"BreadcrumbList\",\"@id\":\"https:\/\/onlinelotto365.com\/sl\/igrajte\/el-gordo\/#breadcrumb\",\"itemListElement\":[{\"@type\":\"ListItem\",\"position\":1,\"name\":\"Home\",\"item\":\"https:\/\/onlinelotto365.com\/sl\/\"},{\"@type\":\"ListItem\",\"position\":2,\"name\":\"Vse, kar morate vedeti o va\u0161ih mo\u017enostih igranja najbolj\u0161ih loterij prek spleta\",\"item\":\"https:\/\/onlinelotto365.com\/sl\/igrajte\/\"},{\"@type\":\"ListItem\",\"position\":3,\"name\":\"Kako lahko prebivalci Slovenije sodelujejo v El Gordo?\"}]},{\"@type\":\"WebSite\",\"@id\":\"https:\/\/onlinelotto365.com\/sl\/#website\",\"url\":\"https:\/\/onlinelotto365.com\/sl\/\",\"name\":\"OnlineLotto365\",\"description\":\"\",\"potentialAction\":[{\"@type\":\"SearchAction\",\"target\":{\"@type\":\"EntryPoint\",\"urlTemplate\":\"https:\/\/onlinelotto365.com\/sl\/?s={search_term_string}\"},\"query-input\":{\"@type\":\"PropertyValueSpecification\",\"valueRequired\":true,\"valueName\":\"search_term_string\"}}],\"inLanguage\":\"sl-SI\"}]}<\/script>\n<!-- \/ Yoast SEO plugin. -->","yoast_head_json":{"title":"Igrajte El Gordo prek spleta iz Slovenije | Ali lahko sodelujem v El Gordo, \u010de \u017eivim v Sloveniji","description":"Igrajte El Gordo Lotto tukaj - najve\u010dja \u0161panska loterija, ki je na voljo na spletu iz katere koli dr\u017eave","robots":{"index":"index","follow":"follow","max-snippet":"max-snippet:-1","max-image-preview":"max-image-preview:large","max-video-preview":"max-video-preview:-1"},"canonical":"https:\/\/onlinelotto365.com\/sl\/igrajte\/el-gordo\/","og_locale":"sl_SI","og_type":"article","og_title":"Igrajte El Gordo prek spleta iz Slovenije | Ali lahko sodelujem v El Gordo, \u010de \u017eivim v Sloveniji","og_description":"Igrajte El Gordo Lotto tukaj - najve\u010dja \u0161panska loterija, ki je na voljo na spletu iz katere koli dr\u017eave","og_url":"https:\/\/onlinelotto365.com\/sl\/igrajte\/el-gordo\/","og_site_name":"OnlineLotto365","article_modified_time":"2022-11-09T09:42:58+00:00","og_image":[{"url":"https:\/\/redfoxlotto.com\/image?size=8&amp;lottery=el-gordo-primitiva"}],"twitter_card":"summary_large_image","twitter_misc":{"Est. reading time":"5 minut"},"schema":{"@context":"https:\/\/schema.org","@graph":[{"@type":"WebPage","@id":"https:\/\/onlinelotto365.com\/sl\/igrajte\/el-gordo\/","url":"https:\/\/onlinelotto365.com\/sl\/igrajte\/el-gordo\/","name":"Igrajte El Gordo prek spleta iz Slovenije | Ali lahko sodelujem v El Gordo, \u010de \u017eivim v Sloveniji","isPartOf":{"@id":"https:\/\/onlinelotto365.com\/sl\/#website"},"primaryImageOfPage":{"@id":"https:\/\/onlinelotto365.com\/sl\/igrajte\/el-gordo\/#primaryimage"},"image":{"@id":"https:\/\/onlinelotto365.com\/sl\/igrajte\/el-gordo\/#primaryimage"},"thumbnailUrl":"https:\/\/redfoxlotto.com\/image?size=8&amp;lottery=el-gordo-primitiva","datePublished":"2020-12-18T06:48:28+00:00","dateModified":"2022-11-09T09:42:58+00:00","description":"Igrajte El Gordo Lotto tukaj - najve\u010dja \u0161panska loterija, ki je na voljo na spletu iz katere koli dr\u017eave","breadcrumb":{"@id":"https:\/\/onlinelotto365.com\/sl\/igrajte\/el-gordo\/#breadcrumb"},"inLanguage":"sl-SI","potentialAction":[{"@type":"ReadAction","target":["https:\/\/onlinelotto365.com\/sl\/igrajte\/el-gordo\/"]}]},{"@type":"ImageObject","inLanguage":"sl-SI","@id":"https:\/\/onlinelotto365.com\/sl\/igrajte\/el-gordo\/#primaryimage","url":"https:\/\/redfoxlotto.com\/image?size=8&amp;lottery=el-gordo-primitiva","contentUrl":"https:\/\/redfoxlotto.com\/image?size=8&amp;lottery=el-gordo-primitiva"},{"@type":"BreadcrumbList","@id":"https:\/\/onlinelotto365.com\/sl\/igrajte\/el-gordo\/#breadcrumb","itemListElement":[{"@type":"ListItem","position":1,"name":"Home","item":"https:\/\/onlinelotto365.com\/sl\/"},{"@type":"ListItem","position":2,"name":"Vse, kar morate vedeti o va\u0161ih mo\u017enostih igranja najbolj\u0161ih loterij prek spleta","item":"https:\/\/onlinelotto365.com\/sl\/igrajte\/"},{"@type":"ListItem","position":3,"name":"Kako lahko prebivalci Slovenije sodelujejo v El Gordo?"}]},{"@type":"WebSite","@id":"https:\/\/onlinelotto365.com\/sl\/#website","url":"https:\/\/onlinelotto365.com\/sl\/","name":"OnlineLotto365","description":"","potentialAction":[{"@type":"SearchAction","target":{"@type":"EntryPoint","urlTemplate":"https:\/\/onlinelotto365.com\/sl\/?s={search_term_string}"},"query-input":{"@type":"PropertyValueSpecification","valueRequired":true,"valueName":"search_term_string"}}],"inLanguage":"sl-SI"}]}},"_links":{"self":[{"href":"https:\/\/onlinelotto365.com\/sl\/wp-json\/wp\/v2\/pages\/10768","targetHints":{"allow":["GET"]}}],"collection":[{"href":"https:\/\/onlinelotto365.com\/sl\/wp-json\/wp\/v2\/pages"}],"about":[{"href":"https:\/\/onlinelotto365.com\/sl\/wp-json\/wp\/v2\/types\/page"}],"author":[{"embeddable":true,"href":"https:\/\/onlinelotto365.com\/sl\/wp-json\/wp\/v2\/users\/1"}],"replies":[{"embeddable":true,"href":"https:\/\/onlinelotto365.com\/sl\/wp-json\/wp\/v2\/comments?post=10768"}],"version-history":[{"count":0,"href":"https:\/\/onlinelotto365.com\/sl\/wp-json\/wp\/v2\/pages\/10768\/revisions"}],"up":[{"embeddable":true,"href":"https:\/\/onlinelotto365.com\/sl\/wp-json\/wp\/v2\/pages\/5088"}],"wp:attachment":[{"href":"https:\/\/onlinelotto365.com\/sl\/wp-json\/wp\/v2\/media?parent=10768"}],"curies":[{"name":"wp","href":"https:\/\/api.w.org\/{rel}","templated":true}]}}