{"id":10799,"date":"2020-12-18T08:02:24","date_gmt":"2020-12-18T07:02:24","guid":{"rendered":"http:\/\/onlinelotto365.net\/?page_id=10799"},"modified":"2022-11-10T12:11:35","modified_gmt":"2022-11-10T11:11:35","slug":"powerball","status":"publish","type":"page","link":"https:\/\/onlinelotto365.com\/sl\/kupiti-vstopnice\/powerball\/","title":{"rendered":"Kako kupiti sre\u010dke Powerball prek spleta iz Slovenije"},"content":{"rendered":"<p>Seveda je internet tisti, ki vam omogo\u010da, da prek spleta dobite vstopnico za velike loterije v ZDA. Ni vam treba \u017eiveti v ZDA, da bi sodelovali in imeli prilo\u017enost osvojiti te neverjetne glavne dobitke. Svojo sre\u010dko lahko kupite iz Slovenije z uporabo na\u0161e spletne storitve.<\/p>\n<p>Pri nas lahko najprej registrirate ra\u010dun, nato pa izberete katero koli od na\u0161ih loterij in izberete \u0161tevilke. Lahko pa tudi samo najprej preverite loterije in ustvarite sre\u010dke z va\u0161imi \u0161tevilkami. Ko ste z izbiro zadovoljni, lahko opravite blagajno. Na tej to\u010dki boste pozvani, da ustvarite ra\u010dun.<\/p>\n<p>V obeh primerih boste morali po registraciji novega ra\u010duna preveriti svoj e-po\u0161tni predal. Prejeli boste potrditveno e-po\u0161tno sporo\u010dilo s povezavo. Kliknite to povezavo in preverite svoj e-po\u0161tni naslov. Ko to storite, je va\u0161 ra\u010dun aktiviran. \u010ce potrditvenega e-po\u0161tnega sporo\u010dila ne najdete, preverite mapo za ne\u017eeleno po\u0161to. Ko najdete e-po\u0161tno sporo\u010dilo, je pomembno, da ga ozna\u010dite kot &#8220;ni neza\u017eelena po\u0161ta&#8221; ali &#8220;ni neza\u017eelena po\u0161ta&#8221;. To zagotavlja, da na\u0161a prihodnja e-po\u0161tna sporo\u010dila ne bodo kon\u010dala v va\u0161i mapi za ne\u017eeleno po\u0161to. Predstavljajte si, da ste zamudili zmago, ker niste prejeli e-po\u0161tnega obvestila o njej!<br \/>\n<a href=\"https:\/\/redfoxlotto.com\/play\/powerball\/?ref=a8564250a2&amp;medium=ol365\" target=\"_blank\" rel=\"noopener noreferrer\"><img loading=\"lazy\" decoding=\"async\" class=\"aligncenter\" src=\"https:\/\/redfoxlotto.com\/image?size=8&amp;lottery=powerball\" alt=\"powerball\" width=\"793\" height=\"98\" \/><\/a><\/p>\n<h2>Kako pla\u010dati sre\u010dko Powerball prek spleta<\/h2>\n<p>\u017delene spletne sre\u010dke za loterijo Powerball lahko pla\u010date na dva na\u010dina.<\/p>\n<ul>\n<li>Najprej lahko na svoj ra\u010dun vpla\u010date denar. Nato lahko kupite poljubno \u0161tevilo sre\u010dk in jih pla\u010date z denarnim dobroimetjem.<\/li>\n<li>Drugi\u010d, najprej izberete sre\u010dke in nato pla\u010date znesek naro\u010dila.<\/li>\n<\/ul>\n<p>Na voljo so vam \u0161tevilne mo\u017enosti pla\u010dila, ki so vse varno \u0161ifrirane. Najbolj priljubljeni metodi sta kreditna kartica in bitcoin.<\/p>\n<h2>Ve\u010d informacij o igri Powerball<\/h2>\n<ul>\n<li>Loterija poteka kjer: ZDA<\/li>\n<li>Koliko glavnih \u0161tevilk lahko izbirate: 69<\/li>\n<li>Izbrati morate: 5<\/li>\n<li>Koliko dodatnih \u0161tevilk lahko izberete: 26<\/li>\n<li>Izbrati morate: 1<\/li>\n<li>Izberi dneve, ure: V tem primeru je treba iz\u017erebati ve\u010d vrst \u017erebanja, in sicer: sreda, sobota, 21:00 EST, +1 dan, 3:00 CET<\/li>\n<li>Najmanj\u0161i jackpot: 40 milijonov dolarjev<\/li>\n<li>Najvi\u0161ji znesek jackpota: ni<\/li>\n<li>Mo\u017ena kombinacija \u0161tevilk za dobitek jackpota: 1 od 175.223.510<\/li>\n<li>Mo\u017ena kombinacija \u0161tevilk za dobitek iz 2. stopnje: 1: 1 od 5.006.386<\/li>\n<li>Verjetnost dobitka v katerem koli razredu: 1 proti 24,87<\/li>\n<li>Koliko nagradnih ravni: 9<\/li>\n<\/ul>\n<p>Pred kratkim, 13. februarja 2016, so najve\u010dji loterijski jackpot v zgodovini ZDA osvojili trije sre\u010dne\u017ei. Zaradi neverjetne vi\u0161ine glavnega dobitka v skupni vrednosti 1,5 milijarde ameri\u0161kih dolarjev so ljubitelji loterije po vsej ZDA ve\u010d ur stali v vrsti za sre\u010dko. Kaj pa igralci loterije iz Slovenije? Ali so bili izklju\u010deni iz mo\u017enosti, da bi dobili sre\u010dko Powerball, razen \u010de so bili v tistem \u010dasu dejansko v ZDA? Ne, niso bili &#8211; \u010de bi vedeli, da lahko na loteriji Powerball ali Mega Millions igrate tudi iz Slovenije!<\/p>\n<h2>Prednosti spletnega nakupa sre\u010dk Powerball<\/h2>\n<p><img loading=\"lazy\" decoding=\"async\" class=\"size-medium wp-image-1356 alignright\" src=\"https:\/\/onlinelotto365.com\/wp-content\/uploads\/2020\/11\/online_lottery-117-300x217.jpg\" alt=\"igranje powerballa na spletu\" width=\"300\" height=\"217\" \/><br \/>\nPrek te spletne kurirske slu\u017ebe lahko kupite sre\u010dke za ve\u010d kot 20 najve\u010djih loterij na tem planetu. \u010ceprav morda \u017eivite v Sloveniji, lahko izberete loterije, ki se \u017erebajo v drugih dr\u017eavah. \u010ce ne \u017eivite v Sloveniji, a bi radi dobili sre\u010dko za slovensko loterijo, lahko seveda tudi to storite prek spleta!<\/p>\n<h2>Ali je nakup sre\u010dk Powerball prek spleta zakonit?<\/h2>\n<p>Pomembno je vedeti, da gre za zakonito in zanesljivo storitev posredovanja sre\u010dk. S spletnim nakupom sre\u010dke za loterijo Powerball sklenete pogodbo s samo loterijo &#8211; kar zagotavlja, da bo denar, ki ga boste morda osvojili, pri\u0161el od njih!<\/p>\n<h2>Kako dobim pla\u010dilo, \u010de na spletu osvojim loterijo Powerball?<\/h2>\n<p>\u010ce zmagate, je postopek izpla\u010dila odvisen od zneska, ki ste ga osvojili. Manj\u0161i zneski pod 2500 EUR bodo nakazani na va\u0161 spletni ra\u010dun. Ta denar lahko izpla\u010date ali pa ga uporabite za nakup ve\u010d spletnih sre\u010dk za loto. \u010ce bi osvojili vi\u0161ji znesek, vam bomo poslali obrazec, ki ga morate izpolniti in nam ga poslati nazaj po elektronski po\u0161ti. Obrazec nato po\u0161ljemo komisiji za loterijo, ki vam ga bo izpla\u010dala. Ta storitev je za vas brezpla\u010dna.<\/p>\n<p>\u010ce s spletno sre\u010dko osvojite glavni dobitek Powerball, se boste morali odlo\u010diti. Lahko prejmete enkratno izpla\u010dilo, ki bo ni\u017eje od dejanskega glavnega dobitka, ali pa vam ga izpla\u010damo v 30 letnih obrokih skupaj z obrestmi.<\/p>\n","protected":false},"excerpt":{"rendered":"<p>Seveda je internet tisti, ki vam omogo\u010da, da prek spleta dobite vstopnico za velike loterije v ZDA. Ni vam treba \u017eiveti v ZDA, da bi sodelovali in imeli prilo\u017enost osvojiti te neverjetne glavne dobitke. Svojo sre\u010dko lahko kupite iz Slovenije z uporabo na\u0161e spletne storitve. Pri nas lahko najprej registrirate ra\u010dun, nato pa izberete katero [&hellip;]<\/p>\n","protected":false},"author":1,"featured_media":0,"parent":5679,"menu_order":0,"comment_status":"closed","ping_status":"closed","template":"powerball-usa-info.php","meta":{"_et_pb_use_builder":"","_et_pb_old_content":"","_et_gb_content_width":"","exclude_from_search":false,"footnotes":""},"class_list":["post-10799","page","type-page","status-publish","hentry"],"yoast_head":"<!-- This site is optimized with the Yoast SEO plugin v23.4 - https:\/\/yoast.com\/wordpress\/plugins\/seo\/ -->\n<title>Spletni nakup vstopnic za Powerball iz Slovenije | O Powerballu, kako kupiti vstopnice na spletu<\/title>\n<meta name=\"description\" content=\"Nakup sre\u010dk za znamenito loterijo Powerball je zdaj enostaven, kupite jih prek spleta iz Slovenije in drugod\" \/>\n<meta name=\"robots\" content=\"index, follow, max-snippet:-1, max-image-preview:large, max-video-preview:-1\" \/>\n<link rel=\"canonical\" href=\"https:\/\/onlinelotto365.com\/sl\/kupiti-vstopnice\/powerball\/\" \/>\n<meta property=\"og:locale\" content=\"sl_SI\" \/>\n<meta property=\"og:type\" content=\"article\" \/>\n<meta property=\"og:title\" content=\"Spletni nakup vstopnic za Powerball iz Slovenije | O Powerballu, kako kupiti vstopnice na spletu\" \/>\n<meta property=\"og:description\" content=\"Nakup sre\u010dk za znamenito loterijo Powerball je zdaj enostaven, kupite jih prek spleta iz Slovenije in drugod\" \/>\n<meta property=\"og:url\" content=\"https:\/\/onlinelotto365.com\/sl\/kupiti-vstopnice\/powerball\/\" \/>\n<meta property=\"og:site_name\" content=\"OnlineLotto365\" \/>\n<meta property=\"article:modified_time\" content=\"2022-11-10T11:11:35+00:00\" \/>\n<meta property=\"og:image\" content=\"https:\/\/redfoxlotto.com\/image?size=8&amp;lottery=powerball\" \/>\n<meta name=\"twitter:card\" content=\"summary_large_image\" \/>\n<meta name=\"twitter:label1\" content=\"Est. reading time\" \/>\n\t<meta name=\"twitter:data1\" content=\"4 minute\" \/>\n<script type=\"application\/ld+json\" class=\"yoast-schema-graph\">{\"@context\":\"https:\/\/schema.org\",\"@graph\":[{\"@type\":\"WebPage\",\"@id\":\"https:\/\/onlinelotto365.com\/sl\/kupiti-vstopnice\/powerball\/\",\"url\":\"https:\/\/onlinelotto365.com\/sl\/kupiti-vstopnice\/powerball\/\",\"name\":\"Spletni nakup vstopnic za Powerball iz Slovenije | O Powerballu, kako kupiti vstopnice na spletu\",\"isPartOf\":{\"@id\":\"https:\/\/onlinelotto365.com\/sl\/#website\"},\"primaryImageOfPage\":{\"@id\":\"https:\/\/onlinelotto365.com\/sl\/kupiti-vstopnice\/powerball\/#primaryimage\"},\"image\":{\"@id\":\"https:\/\/onlinelotto365.com\/sl\/kupiti-vstopnice\/powerball\/#primaryimage\"},\"thumbnailUrl\":\"https:\/\/redfoxlotto.com\/image?size=8&amp;lottery=powerball\",\"datePublished\":\"2020-12-18T07:02:24+00:00\",\"dateModified\":\"2022-11-10T11:11:35+00:00\",\"description\":\"Nakup sre\u010dk za znamenito loterijo Powerball je zdaj enostaven, kupite jih prek spleta iz Slovenije in drugod\",\"breadcrumb\":{\"@id\":\"https:\/\/onlinelotto365.com\/sl\/kupiti-vstopnice\/powerball\/#breadcrumb\"},\"inLanguage\":\"sl-SI\",\"potentialAction\":[{\"@type\":\"ReadAction\",\"target\":[\"https:\/\/onlinelotto365.com\/sl\/kupiti-vstopnice\/powerball\/\"]}]},{\"@type\":\"ImageObject\",\"inLanguage\":\"sl-SI\",\"@id\":\"https:\/\/onlinelotto365.com\/sl\/kupiti-vstopnice\/powerball\/#primaryimage\",\"url\":\"https:\/\/redfoxlotto.com\/image?size=8&amp;lottery=powerball\",\"contentUrl\":\"https:\/\/redfoxlotto.com\/image?size=8&amp;lottery=powerball\"},{\"@type\":\"BreadcrumbList\",\"@id\":\"https:\/\/onlinelotto365.com\/sl\/kupiti-vstopnice\/powerball\/#breadcrumb\",\"itemListElement\":[{\"@type\":\"ListItem\",\"position\":1,\"name\":\"Home\",\"item\":\"https:\/\/onlinelotto365.com\/sl\/\"},{\"@type\":\"ListItem\",\"position\":2,\"name\":\"Zakaj je bolj smiselno kupovati loterijske sre\u010dke prek spleta\",\"item\":\"https:\/\/onlinelotto365.com\/sl\/kupiti-vstopnice\/\"},{\"@type\":\"ListItem\",\"position\":3,\"name\":\"Kako kupiti sre\u010dke Powerball prek spleta iz Slovenije\"}]},{\"@type\":\"WebSite\",\"@id\":\"https:\/\/onlinelotto365.com\/sl\/#website\",\"url\":\"https:\/\/onlinelotto365.com\/sl\/\",\"name\":\"OnlineLotto365\",\"description\":\"\",\"potentialAction\":[{\"@type\":\"SearchAction\",\"target\":{\"@type\":\"EntryPoint\",\"urlTemplate\":\"https:\/\/onlinelotto365.com\/sl\/?s={search_term_string}\"},\"query-input\":{\"@type\":\"PropertyValueSpecification\",\"valueRequired\":true,\"valueName\":\"search_term_string\"}}],\"inLanguage\":\"sl-SI\"}]}<\/script>\n<!-- \/ Yoast SEO plugin. -->","yoast_head_json":{"title":"Spletni nakup vstopnic za Powerball iz Slovenije | O Powerballu, kako kupiti vstopnice na spletu","description":"Nakup sre\u010dk za znamenito loterijo Powerball je zdaj enostaven, kupite jih prek spleta iz Slovenije in drugod","robots":{"index":"index","follow":"follow","max-snippet":"max-snippet:-1","max-image-preview":"max-image-preview:large","max-video-preview":"max-video-preview:-1"},"canonical":"https:\/\/onlinelotto365.com\/sl\/kupiti-vstopnice\/powerball\/","og_locale":"sl_SI","og_type":"article","og_title":"Spletni nakup vstopnic za Powerball iz Slovenije | O Powerballu, kako kupiti vstopnice na spletu","og_description":"Nakup sre\u010dk za znamenito loterijo Powerball je zdaj enostaven, kupite jih prek spleta iz Slovenije in drugod","og_url":"https:\/\/onlinelotto365.com\/sl\/kupiti-vstopnice\/powerball\/","og_site_name":"OnlineLotto365","article_modified_time":"2022-11-10T11:11:35+00:00","og_image":[{"url":"https:\/\/redfoxlotto.com\/image?size=8&amp;lottery=powerball"}],"twitter_card":"summary_large_image","twitter_misc":{"Est. reading time":"4 minute"},"schema":{"@context":"https:\/\/schema.org","@graph":[{"@type":"WebPage","@id":"https:\/\/onlinelotto365.com\/sl\/kupiti-vstopnice\/powerball\/","url":"https:\/\/onlinelotto365.com\/sl\/kupiti-vstopnice\/powerball\/","name":"Spletni nakup vstopnic za Powerball iz Slovenije | O Powerballu, kako kupiti vstopnice na spletu","isPartOf":{"@id":"https:\/\/onlinelotto365.com\/sl\/#website"},"primaryImageOfPage":{"@id":"https:\/\/onlinelotto365.com\/sl\/kupiti-vstopnice\/powerball\/#primaryimage"},"image":{"@id":"https:\/\/onlinelotto365.com\/sl\/kupiti-vstopnice\/powerball\/#primaryimage"},"thumbnailUrl":"https:\/\/redfoxlotto.com\/image?size=8&amp;lottery=powerball","datePublished":"2020-12-18T07:02:24+00:00","dateModified":"2022-11-10T11:11:35+00:00","description":"Nakup sre\u010dk za znamenito loterijo Powerball je zdaj enostaven, kupite jih prek spleta iz Slovenije in drugod","breadcrumb":{"@id":"https:\/\/onlinelotto365.com\/sl\/kupiti-vstopnice\/powerball\/#breadcrumb"},"inLanguage":"sl-SI","potentialAction":[{"@type":"ReadAction","target":["https:\/\/onlinelotto365.com\/sl\/kupiti-vstopnice\/powerball\/"]}]},{"@type":"ImageObject","inLanguage":"sl-SI","@id":"https:\/\/onlinelotto365.com\/sl\/kupiti-vstopnice\/powerball\/#primaryimage","url":"https:\/\/redfoxlotto.com\/image?size=8&amp;lottery=powerball","contentUrl":"https:\/\/redfoxlotto.com\/image?size=8&amp;lottery=powerball"},{"@type":"BreadcrumbList","@id":"https:\/\/onlinelotto365.com\/sl\/kupiti-vstopnice\/powerball\/#breadcrumb","itemListElement":[{"@type":"ListItem","position":1,"name":"Home","item":"https:\/\/onlinelotto365.com\/sl\/"},{"@type":"ListItem","position":2,"name":"Zakaj je bolj smiselno kupovati loterijske sre\u010dke prek spleta","item":"https:\/\/onlinelotto365.com\/sl\/kupiti-vstopnice\/"},{"@type":"ListItem","position":3,"name":"Kako kupiti sre\u010dke Powerball prek spleta iz Slovenije"}]},{"@type":"WebSite","@id":"https:\/\/onlinelotto365.com\/sl\/#website","url":"https:\/\/onlinelotto365.com\/sl\/","name":"OnlineLotto365","description":"","potentialAction":[{"@type":"SearchAction","target":{"@type":"EntryPoint","urlTemplate":"https:\/\/onlinelotto365.com\/sl\/?s={search_term_string}"},"query-input":{"@type":"PropertyValueSpecification","valueRequired":true,"valueName":"search_term_string"}}],"inLanguage":"sl-SI"}]}},"_links":{"self":[{"href":"https:\/\/onlinelotto365.com\/sl\/wp-json\/wp\/v2\/pages\/10799","targetHints":{"allow":["GET"]}}],"collection":[{"href":"https:\/\/onlinelotto365.com\/sl\/wp-json\/wp\/v2\/pages"}],"about":[{"href":"https:\/\/onlinelotto365.com\/sl\/wp-json\/wp\/v2\/types\/page"}],"author":[{"embeddable":true,"href":"https:\/\/onlinelotto365.com\/sl\/wp-json\/wp\/v2\/users\/1"}],"replies":[{"embeddable":true,"href":"https:\/\/onlinelotto365.com\/sl\/wp-json\/wp\/v2\/comments?post=10799"}],"version-history":[{"count":0,"href":"https:\/\/onlinelotto365.com\/sl\/wp-json\/wp\/v2\/pages\/10799\/revisions"}],"up":[{"embeddable":true,"href":"https:\/\/onlinelotto365.com\/sl\/wp-json\/wp\/v2\/pages\/5679"}],"wp:attachment":[{"href":"https:\/\/onlinelotto365.com\/sl\/wp-json\/wp\/v2\/media?parent=10799"}],"curies":[{"name":"wp","href":"https:\/\/api.w.org\/{rel}","templated":true}]}}